{"id":469323,"date":"2025-06-28T19:37:16","date_gmt":"2025-06-28T17:37:16","guid":{"rendered":"https:\/\/shopatoa.com\/ro\/eta-fenite-6322-90000-ondulator-cu-aer-cald-1-buc\/"},"modified":"2026-02-02T21:39:13","modified_gmt":"2026-02-02T20:39:13","slug":"eta-fenite-6322-90000-ondulator-cu-aer-cald-1-buc","status":"publish","type":"product","link":"https:\/\/shopatoa.com\/ro\/eta-fenite-6322-90000-ondulator-cu-aer-cald-1-buc\/","title":{"rendered":"ETA Fenit\u00e9 6322 90000 ondulator cu aer cald 1 buc"},"content":{"rendered":"<p>ETA Fenit\u00e9 6322 90000, 1 buc, Perii cu aer cald pentru p\u0103r pentru femei, Dori\u021bi s\u0103 crea\u021bi valuri romantice, bucle voluminoase ori c\u00e2rlion\u021bi dezl\u0103n\u021bui\u021bi? Ondulatorul de p\u0103r ETA Fenit\u00e9 6322 90000 v\u0103 onduleaz\u0103 p\u0103rul \u00een c\u00e2teva minute \u0219i \u00eei asigur\u0103 o form\u0103 perfect\u0103, exact a\u0219a cum v\u0103 dori\u021bi. Fie c\u0103 merge\u021bi la munc\u0103, la o petrecere sau chiar la un bal de absolvire, acest ondulator v\u0103 va oferi un styling perfect ca din m\u00e2inile unui profesionist, \u00een confortul propriei b\u0103i.  Caracteristici:  onduleaz\u0103 p\u0103rul cu grij\u0103, cre\u00e2nd coafuri moderne cablu rotativ cu temperatur\u0103 reglabil\u0103 oprire automat\u0103, dup\u0103 o perioad\u0103 de inactivitate func\u021bie de ionizare v\u00e2rf rece, pentru o manevrare u\u0219oar\u0103  Cum se utilizeaz\u0103: Se vor urma instruc\u021biunile de utilizare incluse.<\/p>\n","protected":false},"excerpt":{"rendered":"<p>ETA Fenit\u00e9 6322 90000, 1 buc, Perii cu aer cald pentru p\u0103r pentru femei, Dori\u021bi s\u0103 crea\u021bi valuri romantice, bucle voluminoase ori c\u00e2rlion\u021bi dezl\u0103n\u021bui\u021bi? Ondulatorul de p\u0103r ETA Fenit\u00e9 6322 90000 v\u0103 onduleaz\u0103 p\u0103rul \u00een c\u00e2teva minute \u0219i \u00eei asigur\u0103 o form\u0103 perfect\u0103, exact a\u0219a cum v\u0103 dori\u021bi. Fie c\u0103 merge\u021bi la munc\u0103, la o&#8230;<\/p>\n","protected":false},"featured_media":469324,"comment_status":"closed","ping_status":"open","template":"","meta":{"_acf_changed":false,"_kadence_starter_templates_imported_post":false,"_kad_post_transparent":"","_kad_post_title":"","_kad_post_layout":"","_kad_post_sidebar_id":"","_kad_post_content_style":"","_kad_post_vertical_padding":"","_kad_post_feature":"","_kad_post_feature_position":"","_kad_post_header":false,"_kad_post_footer":false,"_kad_post_classname":""},"product_brand":[2303],"product_cat":[1563,1590,3904,1562,3910],"product_tag":[],"class_list":{"0":"post-469323","1":"product","2":"type-product","3":"status-publish","4":"has-post-thumbnail","6":"product_brand-eta","7":"product_cat-ingrijire-personala","8":"product_cat-ingrijirea-parului","9":"product_cat-instrumente-pentru-coafat","10":"product_cat-sanatate-si-frumusete","11":"product_cat-uscatoare-de-par-instrumente-pentru-coafat","12":"pa_gen-female","13":"pa_marime-1-buc","15":"first","16":"instock","17":"sale","18":"product-type-external","19":"entry","20":"content-bg","21":"loop-entry"},"acf":[],"yoast_head":"<!-- This site is optimized with the Yoast SEO plugin v27.4 - https:\/\/yoast.com\/product\/yoast-seo-wordpress\/ -->\n<title>ETA Fenit\u00e9 6322 90000 ondulator cu aer cald 1 buc - SHOPATOA.COM<\/title>\n<meta name=\"robots\" content=\"index, follow, max-snippet:-1, max-image-preview:large, max-video-preview:-1\" \/>\n<link rel=\"canonical\" href=\"https:\/\/shopatoa.com\/ro\/eta-fenite-6322-90000-ondulator-cu-aer-cald-1-buc\/\" \/>\n<meta property=\"og:locale\" content=\"ro_RO\" \/>\n<meta property=\"og:type\" content=\"article\" \/>\n<meta property=\"og:title\" content=\"ETA Fenit\u00e9 6322 90000 ondulator cu aer cald 1 buc - SHOPATOA.COM\" \/>\n<meta property=\"og:description\" content=\"ETA Fenit\u00e9 6322 90000, 1 buc, Perii cu aer cald pentru p\u0103r pentru femei, Dori\u021bi s\u0103 crea\u021bi valuri romantice, bucle voluminoase ori c\u00e2rlion\u021bi dezl\u0103n\u021bui\u021bi? Ondulatorul de p\u0103r ETA Fenit\u00e9 6322 90000 v\u0103 onduleaz\u0103 p\u0103rul \u00een c\u00e2teva minute \u0219i \u00eei asigur\u0103 o form\u0103 perfect\u0103, exact a\u0219a cum v\u0103 dori\u021bi. Fie c\u0103 merge\u021bi la munc\u0103, la o...\" \/>\n<meta property=\"og:url\" content=\"https:\/\/shopatoa.com\/ro\/eta-fenite-6322-90000-ondulator-cu-aer-cald-1-buc\/\" \/>\n<meta property=\"og:site_name\" content=\"SHOPATOA\" \/>\n<meta property=\"article:modified_time\" content=\"2026-02-02T20:39:13+00:00\" \/>\n<meta property=\"og:image\" content=\"https:\/\/storage.googleapis.com\/cz-shopatoa-img\/ro\/839efa1d-unnamed-file.webp\" \/>\n\t<meta property=\"og:image:width\" content=\"800\" \/>\n\t<meta property=\"og:image:height\" content=\"800\" \/>\n\t<meta property=\"og:image:type\" content=\"image\/webp\" \/>\n<meta name=\"twitter:card\" content=\"summary_large_image\" \/>\n<meta name=\"twitter:label1\" content=\"Timp estimat pentru citire\" \/>\n\t<meta name=\"twitter:data1\" content=\"1 minut\" \/>\n<script type=\"application\/ld+json\" class=\"yoast-schema-graph\">{\"@context\":\"https:\\\/\\\/schema.org\",\"@graph\":[{\"@type\":\"WebPage\",\"@id\":\"https:\\\/\\\/shopatoa.com\\\/ro\\\/eta-fenite-6322-90000-ondulator-cu-aer-cald-1-buc\\\/\",\"url\":\"https:\\\/\\\/shopatoa.com\\\/ro\\\/eta-fenite-6322-90000-ondulator-cu-aer-cald-1-buc\\\/\",\"name\":\"ETA Fenit\u00e9 6322 90000 ondulator cu aer cald 1 buc - SHOPATOA.COM\",\"isPartOf\":{\"@id\":\"https:\\\/\\\/shopatoa.com\\\/ro\\\/#website\"},\"primaryImageOfPage\":{\"@id\":\"https:\\\/\\\/shopatoa.com\\\/ro\\\/eta-fenite-6322-90000-ondulator-cu-aer-cald-1-buc\\\/#primaryimage\"},\"image\":{\"@id\":\"https:\\\/\\\/shopatoa.com\\\/ro\\\/eta-fenite-6322-90000-ondulator-cu-aer-cald-1-buc\\\/#primaryimage\"},\"thumbnailUrl\":\"https:\\\/\\\/storage.googleapis.com\\\/cz-shopatoa-img\\\/ro\\\/839efa1d-unnamed-file.webp\",\"datePublished\":\"2025-06-28T17:37:16+00:00\",\"dateModified\":\"2026-02-02T20:39:13+00:00\",\"breadcrumb\":{\"@id\":\"https:\\\/\\\/shopatoa.com\\\/ro\\\/eta-fenite-6322-90000-ondulator-cu-aer-cald-1-buc\\\/#breadcrumb\"},\"inLanguage\":\"ro-RO\",\"potentialAction\":[{\"@type\":\"ReadAction\",\"target\":[\"https:\\\/\\\/shopatoa.com\\\/ro\\\/eta-fenite-6322-90000-ondulator-cu-aer-cald-1-buc\\\/\"]}]},{\"@type\":\"ImageObject\",\"inLanguage\":\"ro-RO\",\"@id\":\"https:\\\/\\\/shopatoa.com\\\/ro\\\/eta-fenite-6322-90000-ondulator-cu-aer-cald-1-buc\\\/#primaryimage\",\"url\":\"https:\\\/\\\/storage.googleapis.com\\\/cz-shopatoa-img\\\/ro\\\/839efa1d-unnamed-file.webp\",\"contentUrl\":\"https:\\\/\\\/storage.googleapis.com\\\/cz-shopatoa-img\\\/ro\\\/839efa1d-unnamed-file.webp\",\"width\":800,\"height\":800},{\"@type\":\"BreadcrumbList\",\"@id\":\"https:\\\/\\\/shopatoa.com\\\/ro\\\/eta-fenite-6322-90000-ondulator-cu-aer-cald-1-buc\\\/#breadcrumb\",\"itemListElement\":[{\"@type\":\"ListItem\",\"position\":1,\"name\":\"Dom\u016f\",\"item\":\"https:\\\/\\\/shopatoa.com\\\/ro\\\/\"},{\"@type\":\"ListItem\",\"position\":2,\"name\":\"Shop\",\"item\":\"https:\\\/\\\/shopatoa.com\\\/ro\\\/shop\\\/\"},{\"@type\":\"ListItem\",\"position\":3,\"name\":\"S\u0103n\u0103tate \u0219i frumuse\u021be\",\"item\":\"https:\\\/\\\/shopatoa.com\\\/ro\\\/sanatate-si-frumusete\\\/\"},{\"@type\":\"ListItem\",\"position\":4,\"name\":\"\u00cengrijire personal\u0103\",\"item\":\"https:\\\/\\\/shopatoa.com\\\/ro\\\/ingrijire-personala\\\/\"},{\"@type\":\"ListItem\",\"position\":5,\"name\":\"\u00cengrijirea p\u0103rului\",\"item\":\"https:\\\/\\\/shopatoa.com\\\/ro\\\/ingrijirea-parului\\\/\"},{\"@type\":\"ListItem\",\"position\":6,\"name\":\"Instrumente pentru coafat\",\"item\":\"https:\\\/\\\/shopatoa.com\\\/ro\\\/instrumente-pentru-coafat\\\/\"},{\"@type\":\"ListItem\",\"position\":7,\"name\":\"Usc\u0103toare de p\u0103r\",\"item\":\"https:\\\/\\\/shopatoa.com\\\/ro\\\/uscatoare-de-par-instrumente-pentru-coafat\\\/\"},{\"@type\":\"ListItem\",\"position\":8,\"name\":\"ETA Fenit\u00e9 6322 90000 ondulator cu aer cald 1 buc\"}]},{\"@type\":\"WebSite\",\"@id\":\"https:\\\/\\\/shopatoa.com\\\/ro\\\/#website\",\"url\":\"https:\\\/\\\/shopatoa.com\\\/ro\\\/\",\"name\":\"SHOPATOA\",\"description\":\"\",\"publisher\":{\"@id\":\"https:\\\/\\\/shopatoa.com\\\/ro\\\/#organization\"},\"potentialAction\":[{\"@type\":\"SearchAction\",\"target\":{\"@type\":\"EntryPoint\",\"urlTemplate\":\"https:\\\/\\\/shopatoa.com\\\/ro\\\/?s={search_term_string}\"},\"query-input\":{\"@type\":\"PropertyValueSpecification\",\"valueRequired\":true,\"valueName\":\"search_term_string\"}}],\"inLanguage\":\"ro-RO\"},{\"@type\":\"Organization\",\"@id\":\"https:\\\/\\\/shopatoa.com\\\/ro\\\/#organization\",\"name\":\"SHOPATOA\",\"url\":\"https:\\\/\\\/shopatoa.com\\\/ro\\\/\",\"logo\":{\"@type\":\"ImageObject\",\"inLanguage\":\"ro-RO\",\"@id\":\"https:\\\/\\\/shopatoa.com\\\/ro\\\/#\\\/schema\\\/logo\\\/image\\\/\",\"url\":\"https:\\\/\\\/storage.googleapis.com\\\/cz-shopatoa-img\\\/ro\\\/b4dac915-shopatoa_logo.png\",\"contentUrl\":\"https:\\\/\\\/storage.googleapis.com\\\/cz-shopatoa-img\\\/ro\\\/b4dac915-shopatoa_logo.png\",\"width\":416,\"height\":63,\"caption\":\"SHOPATOA\"},\"image\":{\"@id\":\"https:\\\/\\\/shopatoa.com\\\/ro\\\/#\\\/schema\\\/logo\\\/image\\\/\"}}]}<\/script>\n<!-- \/ Yoast SEO plugin. -->","yoast_head_json":{"title":"ETA Fenit\u00e9 6322 90000 ondulator cu aer cald 1 buc - SHOPATOA.COM","robots":{"index":"index","follow":"follow","max-snippet":"max-snippet:-1","max-image-preview":"max-image-preview:large","max-video-preview":"max-video-preview:-1"},"canonical":"https:\/\/shopatoa.com\/ro\/eta-fenite-6322-90000-ondulator-cu-aer-cald-1-buc\/","og_locale":"ro_RO","og_type":"article","og_title":"ETA Fenit\u00e9 6322 90000 ondulator cu aer cald 1 buc - SHOPATOA.COM","og_description":"ETA Fenit\u00e9 6322 90000, 1 buc, Perii cu aer cald pentru p\u0103r pentru femei, Dori\u021bi s\u0103 crea\u021bi valuri romantice, bucle voluminoase ori c\u00e2rlion\u021bi dezl\u0103n\u021bui\u021bi? Ondulatorul de p\u0103r ETA Fenit\u00e9 6322 90000 v\u0103 onduleaz\u0103 p\u0103rul \u00een c\u00e2teva minute \u0219i \u00eei asigur\u0103 o form\u0103 perfect\u0103, exact a\u0219a cum v\u0103 dori\u021bi. Fie c\u0103 merge\u021bi la munc\u0103, la o...","og_url":"https:\/\/shopatoa.com\/ro\/eta-fenite-6322-90000-ondulator-cu-aer-cald-1-buc\/","og_site_name":"SHOPATOA","article_modified_time":"2026-02-02T20:39:13+00:00","og_image":[{"width":800,"height":800,"url":"https:\/\/storage.googleapis.com\/cz-shopatoa-img\/ro\/839efa1d-unnamed-file.webp","type":"image\/webp"}],"twitter_card":"summary_large_image","twitter_misc":{"Timp estimat pentru citire":"1 minut"},"schema":{"@context":"https:\/\/schema.org","@graph":[{"@type":"WebPage","@id":"https:\/\/shopatoa.com\/ro\/eta-fenite-6322-90000-ondulator-cu-aer-cald-1-buc\/","url":"https:\/\/shopatoa.com\/ro\/eta-fenite-6322-90000-ondulator-cu-aer-cald-1-buc\/","name":"ETA Fenit\u00e9 6322 90000 ondulator cu aer cald 1 buc - SHOPATOA.COM","isPartOf":{"@id":"https:\/\/shopatoa.com\/ro\/#website"},"primaryImageOfPage":{"@id":"https:\/\/shopatoa.com\/ro\/eta-fenite-6322-90000-ondulator-cu-aer-cald-1-buc\/#primaryimage"},"image":{"@id":"https:\/\/shopatoa.com\/ro\/eta-fenite-6322-90000-ondulator-cu-aer-cald-1-buc\/#primaryimage"},"thumbnailUrl":"https:\/\/storage.googleapis.com\/cz-shopatoa-img\/ro\/839efa1d-unnamed-file.webp","datePublished":"2025-06-28T17:37:16+00:00","dateModified":"2026-02-02T20:39:13+00:00","breadcrumb":{"@id":"https:\/\/shopatoa.com\/ro\/eta-fenite-6322-90000-ondulator-cu-aer-cald-1-buc\/#breadcrumb"},"inLanguage":"ro-RO","potentialAction":[{"@type":"ReadAction","target":["https:\/\/shopatoa.com\/ro\/eta-fenite-6322-90000-ondulator-cu-aer-cald-1-buc\/"]}]},{"@type":"ImageObject","inLanguage":"ro-RO","@id":"https:\/\/shopatoa.com\/ro\/eta-fenite-6322-90000-ondulator-cu-aer-cald-1-buc\/#primaryimage","url":"https:\/\/storage.googleapis.com\/cz-shopatoa-img\/ro\/839efa1d-unnamed-file.webp","contentUrl":"https:\/\/storage.googleapis.com\/cz-shopatoa-img\/ro\/839efa1d-unnamed-file.webp","width":800,"height":800},{"@type":"BreadcrumbList","@id":"https:\/\/shopatoa.com\/ro\/eta-fenite-6322-90000-ondulator-cu-aer-cald-1-buc\/#breadcrumb","itemListElement":[{"@type":"ListItem","position":1,"name":"Dom\u016f","item":"https:\/\/shopatoa.com\/ro\/"},{"@type":"ListItem","position":2,"name":"Shop","item":"https:\/\/shopatoa.com\/ro\/shop\/"},{"@type":"ListItem","position":3,"name":"S\u0103n\u0103tate \u0219i frumuse\u021be","item":"https:\/\/shopatoa.com\/ro\/sanatate-si-frumusete\/"},{"@type":"ListItem","position":4,"name":"\u00cengrijire personal\u0103","item":"https:\/\/shopatoa.com\/ro\/ingrijire-personala\/"},{"@type":"ListItem","position":5,"name":"\u00cengrijirea p\u0103rului","item":"https:\/\/shopatoa.com\/ro\/ingrijirea-parului\/"},{"@type":"ListItem","position":6,"name":"Instrumente pentru coafat","item":"https:\/\/shopatoa.com\/ro\/instrumente-pentru-coafat\/"},{"@type":"ListItem","position":7,"name":"Usc\u0103toare de p\u0103r","item":"https:\/\/shopatoa.com\/ro\/uscatoare-de-par-instrumente-pentru-coafat\/"},{"@type":"ListItem","position":8,"name":"ETA Fenit\u00e9 6322 90000 ondulator cu aer cald 1 buc"}]},{"@type":"WebSite","@id":"https:\/\/shopatoa.com\/ro\/#website","url":"https:\/\/shopatoa.com\/ro\/","name":"SHOPATOA","description":"","publisher":{"@id":"https:\/\/shopatoa.com\/ro\/#organization"},"potentialAction":[{"@type":"SearchAction","target":{"@type":"EntryPoint","urlTemplate":"https:\/\/shopatoa.com\/ro\/?s={search_term_string}"},"query-input":{"@type":"PropertyValueSpecification","valueRequired":true,"valueName":"search_term_string"}}],"inLanguage":"ro-RO"},{"@type":"Organization","@id":"https:\/\/shopatoa.com\/ro\/#organization","name":"SHOPATOA","url":"https:\/\/shopatoa.com\/ro\/","logo":{"@type":"ImageObject","inLanguage":"ro-RO","@id":"https:\/\/shopatoa.com\/ro\/#\/schema\/logo\/image\/","url":"https:\/\/storage.googleapis.com\/cz-shopatoa-img\/ro\/b4dac915-shopatoa_logo.png","contentUrl":"https:\/\/storage.googleapis.com\/cz-shopatoa-img\/ro\/b4dac915-shopatoa_logo.png","width":416,"height":63,"caption":"SHOPATOA"},"image":{"@id":"https:\/\/shopatoa.com\/ro\/#\/schema\/logo\/image\/"}}]}},"_links":{"self":[{"href":"https:\/\/shopatoa.com\/ro\/wp-json\/wp\/v2\/product\/469323","targetHints":{"allow":["GET"]}}],"collection":[{"href":"https:\/\/shopatoa.com\/ro\/wp-json\/wp\/v2\/product"}],"about":[{"href":"https:\/\/shopatoa.com\/ro\/wp-json\/wp\/v2\/types\/product"}],"replies":[{"embeddable":true,"href":"https:\/\/shopatoa.com\/ro\/wp-json\/wp\/v2\/comments?post=469323"}],"wp:featuredmedia":[{"embeddable":true,"href":"https:\/\/shopatoa.com\/ro\/wp-json\/wp\/v2\/media\/469324"}],"wp:attachment":[{"href":"https:\/\/shopatoa.com\/ro\/wp-json\/wp\/v2\/media?parent=469323"}],"wp:term":[{"taxonomy":"product_brand","embeddable":true,"href":"https:\/\/shopatoa.com\/ro\/wp-json\/wp\/v2\/product_brand?post=469323"},{"taxonomy":"product_cat","embeddable":true,"href":"https:\/\/shopatoa.com\/ro\/wp-json\/wp\/v2\/product_cat?post=469323"},{"taxonomy":"product_tag","embeddable":true,"href":"https:\/\/shopatoa.com\/ro\/wp-json\/wp\/v2\/product_tag?post=469323"}],"curies":[{"name":"wp","href":"https:\/\/api.w.org\/{rel}","templated":true}]}}