{"id":469839,"date":"2025-06-28T20:28:15","date_gmt":"2025-06-28T18:28:15","guid":{"rendered":"https:\/\/shopatoa.com\/ro\/taf-toys-book-koala-carte-educativa-contrastanta-pentru-nou-nascuti-si-copii-1-buc\/"},"modified":"2026-02-02T20:21:12","modified_gmt":"2026-02-02T19:21:12","slug":"taf-toys-book-koala-carte-educativa-contrastanta-pentru-nou-nascuti-si-copii-1-buc","status":"publish","type":"product","link":"https:\/\/shopatoa.com\/ro\/taf-toys-book-koala-carte-educativa-contrastanta-pentru-nou-nascuti-si-copii-1-buc\/","title":{"rendered":"Taf Toys Book Koala carte educativ\u0103 contrastant\u0103 pentru nou-nascuti si copii 1 buc"},"content":{"rendered":"<p>Taf Toys Book Koala, 1 buc, Juc\u0103rii interactive pentru copii, Juc\u0103riile reprezint\u0103 un mod ideal de a-i distra pe cei mici. Juc\u0103ria Taf Toys Book Koala nu numai c\u0103 v\u0103 amuz\u0103 copilul, ci favorizeaz\u0103 \u0219i dezvoltarea percep\u021biei senzoriale \u0219i a altor abilit\u0103\u021bi ale acestuia.  Caracteristici:  se poate prinde de c\u0103rucior, de scaunul din ma\u0219in\u0103 sau de p\u0103tu\u021b culorile senzoriale stimuleaz\u0103 dezvoltarea sim\u021burilor copilului materialele cu diverse texturi stimuleaz\u0103 sim\u021bul tactil al copilului stimuleaz\u0103 dezvoltarea sim\u021burilor vizual \u0219i tactil juc\u0103rie potrivit\u0103 \u0219i pentru nou-n\u0103scu\u021bi cu oglind\u0103<\/p>\n","protected":false},"excerpt":{"rendered":"<p>Taf Toys Book Koala, 1 buc, Juc\u0103rii interactive pentru copii, Juc\u0103riile reprezint\u0103 un mod ideal de a-i distra pe cei mici. Juc\u0103ria Taf Toys Book Koala nu numai c\u0103 v\u0103 amuz\u0103 copilul, ci favorizeaz\u0103 \u0219i dezvoltarea percep\u021biei senzoriale \u0219i a altor abilit\u0103\u021bi ale acestuia. Caracteristici: se poate prinde de c\u0103rucior, de scaunul din ma\u0219in\u0103 sau&#8230;<\/p>\n","protected":false},"featured_media":469840,"comment_status":"closed","ping_status":"open","template":"","meta":{"_acf_changed":false,"_kadence_starter_templates_imported_post":false,"_kad_post_transparent":"","_kad_post_title":"","_kad_post_layout":"","_kad_post_sidebar_id":"","_kad_post_content_style":"","_kad_post_vertical_padding":"","_kad_post_feature":"","_kad_post_feature_position":"","_kad_post_header":false,"_kad_post_footer":false,"_kad_post_classname":""},"product_brand":[3605],"product_cat":[3893,3932,3894],"product_tag":[],"class_list":{"0":"post-469839","1":"product","2":"type-product","3":"status-publish","4":"has-post-thumbnail","6":"product_brand-taf-toys","7":"product_cat-copii-si-sugari","8":"product_cat-jucarii-interactive","9":"product_cat-jucarii-pentru-copii","10":"pa_gen-unisex","11":"pa_marime-1-buc","13":"first","14":"instock","15":"sale","16":"product-type-external","17":"entry","18":"content-bg","19":"loop-entry"},"acf":[],"yoast_head":"<!-- This site is optimized with the Yoast SEO plugin v27.4 - https:\/\/yoast.com\/product\/yoast-seo-wordpress\/ -->\n<title>Taf Toys Book Koala carte educativ\u0103 contrastant\u0103 pentru nou-nascuti si copii 1 buc - SHOPATOA.COM<\/title>\n<meta name=\"robots\" content=\"index, follow, max-snippet:-1, max-image-preview:large, max-video-preview:-1\" \/>\n<link rel=\"canonical\" href=\"https:\/\/shopatoa.com\/ro\/taf-toys-book-koala-carte-educativa-contrastanta-pentru-nou-nascuti-si-copii-1-buc\/\" \/>\n<meta property=\"og:locale\" content=\"ro_RO\" \/>\n<meta property=\"og:type\" content=\"article\" \/>\n<meta property=\"og:title\" content=\"Taf Toys Book Koala carte educativ\u0103 contrastant\u0103 pentru nou-nascuti si copii 1 buc - SHOPATOA.COM\" \/>\n<meta property=\"og:description\" content=\"Taf Toys Book Koala, 1 buc, Juc\u0103rii interactive pentru copii, Juc\u0103riile reprezint\u0103 un mod ideal de a-i distra pe cei mici. Juc\u0103ria Taf Toys Book Koala nu numai c\u0103 v\u0103 amuz\u0103 copilul, ci favorizeaz\u0103 \u0219i dezvoltarea percep\u021biei senzoriale \u0219i a altor abilit\u0103\u021bi ale acestuia. Caracteristici: se poate prinde de c\u0103rucior, de scaunul din ma\u0219in\u0103 sau...\" \/>\n<meta property=\"og:url\" content=\"https:\/\/shopatoa.com\/ro\/taf-toys-book-koala-carte-educativa-contrastanta-pentru-nou-nascuti-si-copii-1-buc\/\" \/>\n<meta property=\"og:site_name\" content=\"SHOPATOA\" \/>\n<meta property=\"article:modified_time\" content=\"2026-02-02T19:21:12+00:00\" \/>\n<meta property=\"og:image\" content=\"https:\/\/storage.googleapis.com\/cz-shopatoa-img\/ro\/1e32da00-unnamed-file.webp\" \/>\n\t<meta property=\"og:image:width\" content=\"800\" \/>\n\t<meta property=\"og:image:height\" content=\"800\" \/>\n\t<meta property=\"og:image:type\" content=\"image\/webp\" \/>\n<meta name=\"twitter:card\" content=\"summary_large_image\" \/>\n<script type=\"application\/ld+json\" class=\"yoast-schema-graph\">{\"@context\":\"https:\\\/\\\/schema.org\",\"@graph\":[{\"@type\":\"WebPage\",\"@id\":\"https:\\\/\\\/shopatoa.com\\\/ro\\\/taf-toys-book-koala-carte-educativa-contrastanta-pentru-nou-nascuti-si-copii-1-buc\\\/\",\"url\":\"https:\\\/\\\/shopatoa.com\\\/ro\\\/taf-toys-book-koala-carte-educativa-contrastanta-pentru-nou-nascuti-si-copii-1-buc\\\/\",\"name\":\"Taf Toys Book Koala carte educativ\u0103 contrastant\u0103 pentru nou-nascuti si copii 1 buc - SHOPATOA.COM\",\"isPartOf\":{\"@id\":\"https:\\\/\\\/shopatoa.com\\\/ro\\\/#website\"},\"primaryImageOfPage\":{\"@id\":\"https:\\\/\\\/shopatoa.com\\\/ro\\\/taf-toys-book-koala-carte-educativa-contrastanta-pentru-nou-nascuti-si-copii-1-buc\\\/#primaryimage\"},\"image\":{\"@id\":\"https:\\\/\\\/shopatoa.com\\\/ro\\\/taf-toys-book-koala-carte-educativa-contrastanta-pentru-nou-nascuti-si-copii-1-buc\\\/#primaryimage\"},\"thumbnailUrl\":\"https:\\\/\\\/storage.googleapis.com\\\/cz-shopatoa-img\\\/ro\\\/1e32da00-unnamed-file.webp\",\"datePublished\":\"2025-06-28T18:28:15+00:00\",\"dateModified\":\"2026-02-02T19:21:12+00:00\",\"breadcrumb\":{\"@id\":\"https:\\\/\\\/shopatoa.com\\\/ro\\\/taf-toys-book-koala-carte-educativa-contrastanta-pentru-nou-nascuti-si-copii-1-buc\\\/#breadcrumb\"},\"inLanguage\":\"ro-RO\",\"potentialAction\":[{\"@type\":\"ReadAction\",\"target\":[\"https:\\\/\\\/shopatoa.com\\\/ro\\\/taf-toys-book-koala-carte-educativa-contrastanta-pentru-nou-nascuti-si-copii-1-buc\\\/\"]}]},{\"@type\":\"ImageObject\",\"inLanguage\":\"ro-RO\",\"@id\":\"https:\\\/\\\/shopatoa.com\\\/ro\\\/taf-toys-book-koala-carte-educativa-contrastanta-pentru-nou-nascuti-si-copii-1-buc\\\/#primaryimage\",\"url\":\"https:\\\/\\\/storage.googleapis.com\\\/cz-shopatoa-img\\\/ro\\\/1e32da00-unnamed-file.webp\",\"contentUrl\":\"https:\\\/\\\/storage.googleapis.com\\\/cz-shopatoa-img\\\/ro\\\/1e32da00-unnamed-file.webp\",\"width\":800,\"height\":800},{\"@type\":\"BreadcrumbList\",\"@id\":\"https:\\\/\\\/shopatoa.com\\\/ro\\\/taf-toys-book-koala-carte-educativa-contrastanta-pentru-nou-nascuti-si-copii-1-buc\\\/#breadcrumb\",\"itemListElement\":[{\"@type\":\"ListItem\",\"position\":1,\"name\":\"Dom\u016f\",\"item\":\"https:\\\/\\\/shopatoa.com\\\/ro\\\/\"},{\"@type\":\"ListItem\",\"position\":2,\"name\":\"Shop\",\"item\":\"https:\\\/\\\/shopatoa.com\\\/ro\\\/shop\\\/\"},{\"@type\":\"ListItem\",\"position\":3,\"name\":\"Copii \u0219i sugari\",\"item\":\"https:\\\/\\\/shopatoa.com\\\/ro\\\/copii-si-sugari\\\/\"},{\"@type\":\"ListItem\",\"position\":4,\"name\":\"Juc\u0103rii pentru copii\",\"item\":\"https:\\\/\\\/shopatoa.com\\\/ro\\\/jucarii-pentru-copii\\\/\"},{\"@type\":\"ListItem\",\"position\":5,\"name\":\"Juc\u0103rii interactive\",\"item\":\"https:\\\/\\\/shopatoa.com\\\/ro\\\/jucarii-interactive\\\/\"},{\"@type\":\"ListItem\",\"position\":6,\"name\":\"Taf Toys Book Koala carte educativ\u0103 contrastant\u0103 pentru nou-nascuti si copii 1 buc\"}]},{\"@type\":\"WebSite\",\"@id\":\"https:\\\/\\\/shopatoa.com\\\/ro\\\/#website\",\"url\":\"https:\\\/\\\/shopatoa.com\\\/ro\\\/\",\"name\":\"SHOPATOA\",\"description\":\"\",\"publisher\":{\"@id\":\"https:\\\/\\\/shopatoa.com\\\/ro\\\/#organization\"},\"potentialAction\":[{\"@type\":\"SearchAction\",\"target\":{\"@type\":\"EntryPoint\",\"urlTemplate\":\"https:\\\/\\\/shopatoa.com\\\/ro\\\/?s={search_term_string}\"},\"query-input\":{\"@type\":\"PropertyValueSpecification\",\"valueRequired\":true,\"valueName\":\"search_term_string\"}}],\"inLanguage\":\"ro-RO\"},{\"@type\":\"Organization\",\"@id\":\"https:\\\/\\\/shopatoa.com\\\/ro\\\/#organization\",\"name\":\"SHOPATOA\",\"url\":\"https:\\\/\\\/shopatoa.com\\\/ro\\\/\",\"logo\":{\"@type\":\"ImageObject\",\"inLanguage\":\"ro-RO\",\"@id\":\"https:\\\/\\\/shopatoa.com\\\/ro\\\/#\\\/schema\\\/logo\\\/image\\\/\",\"url\":\"https:\\\/\\\/storage.googleapis.com\\\/cz-shopatoa-img\\\/ro\\\/b4dac915-shopatoa_logo.png\",\"contentUrl\":\"https:\\\/\\\/storage.googleapis.com\\\/cz-shopatoa-img\\\/ro\\\/b4dac915-shopatoa_logo.png\",\"width\":416,\"height\":63,\"caption\":\"SHOPATOA\"},\"image\":{\"@id\":\"https:\\\/\\\/shopatoa.com\\\/ro\\\/#\\\/schema\\\/logo\\\/image\\\/\"}}]}<\/script>\n<!-- \/ Yoast SEO plugin. -->","yoast_head_json":{"title":"Taf Toys Book Koala carte educativ\u0103 contrastant\u0103 pentru nou-nascuti si copii 1 buc - SHOPATOA.COM","robots":{"index":"index","follow":"follow","max-snippet":"max-snippet:-1","max-image-preview":"max-image-preview:large","max-video-preview":"max-video-preview:-1"},"canonical":"https:\/\/shopatoa.com\/ro\/taf-toys-book-koala-carte-educativa-contrastanta-pentru-nou-nascuti-si-copii-1-buc\/","og_locale":"ro_RO","og_type":"article","og_title":"Taf Toys Book Koala carte educativ\u0103 contrastant\u0103 pentru nou-nascuti si copii 1 buc - SHOPATOA.COM","og_description":"Taf Toys Book Koala, 1 buc, Juc\u0103rii interactive pentru copii, Juc\u0103riile reprezint\u0103 un mod ideal de a-i distra pe cei mici. Juc\u0103ria Taf Toys Book Koala nu numai c\u0103 v\u0103 amuz\u0103 copilul, ci favorizeaz\u0103 \u0219i dezvoltarea percep\u021biei senzoriale \u0219i a altor abilit\u0103\u021bi ale acestuia. Caracteristici: se poate prinde de c\u0103rucior, de scaunul din ma\u0219in\u0103 sau...","og_url":"https:\/\/shopatoa.com\/ro\/taf-toys-book-koala-carte-educativa-contrastanta-pentru-nou-nascuti-si-copii-1-buc\/","og_site_name":"SHOPATOA","article_modified_time":"2026-02-02T19:21:12+00:00","og_image":[{"width":800,"height":800,"url":"https:\/\/storage.googleapis.com\/cz-shopatoa-img\/ro\/1e32da00-unnamed-file.webp","type":"image\/webp"}],"twitter_card":"summary_large_image","schema":{"@context":"https:\/\/schema.org","@graph":[{"@type":"WebPage","@id":"https:\/\/shopatoa.com\/ro\/taf-toys-book-koala-carte-educativa-contrastanta-pentru-nou-nascuti-si-copii-1-buc\/","url":"https:\/\/shopatoa.com\/ro\/taf-toys-book-koala-carte-educativa-contrastanta-pentru-nou-nascuti-si-copii-1-buc\/","name":"Taf Toys Book Koala carte educativ\u0103 contrastant\u0103 pentru nou-nascuti si copii 1 buc - SHOPATOA.COM","isPartOf":{"@id":"https:\/\/shopatoa.com\/ro\/#website"},"primaryImageOfPage":{"@id":"https:\/\/shopatoa.com\/ro\/taf-toys-book-koala-carte-educativa-contrastanta-pentru-nou-nascuti-si-copii-1-buc\/#primaryimage"},"image":{"@id":"https:\/\/shopatoa.com\/ro\/taf-toys-book-koala-carte-educativa-contrastanta-pentru-nou-nascuti-si-copii-1-buc\/#primaryimage"},"thumbnailUrl":"https:\/\/storage.googleapis.com\/cz-shopatoa-img\/ro\/1e32da00-unnamed-file.webp","datePublished":"2025-06-28T18:28:15+00:00","dateModified":"2026-02-02T19:21:12+00:00","breadcrumb":{"@id":"https:\/\/shopatoa.com\/ro\/taf-toys-book-koala-carte-educativa-contrastanta-pentru-nou-nascuti-si-copii-1-buc\/#breadcrumb"},"inLanguage":"ro-RO","potentialAction":[{"@type":"ReadAction","target":["https:\/\/shopatoa.com\/ro\/taf-toys-book-koala-carte-educativa-contrastanta-pentru-nou-nascuti-si-copii-1-buc\/"]}]},{"@type":"ImageObject","inLanguage":"ro-RO","@id":"https:\/\/shopatoa.com\/ro\/taf-toys-book-koala-carte-educativa-contrastanta-pentru-nou-nascuti-si-copii-1-buc\/#primaryimage","url":"https:\/\/storage.googleapis.com\/cz-shopatoa-img\/ro\/1e32da00-unnamed-file.webp","contentUrl":"https:\/\/storage.googleapis.com\/cz-shopatoa-img\/ro\/1e32da00-unnamed-file.webp","width":800,"height":800},{"@type":"BreadcrumbList","@id":"https:\/\/shopatoa.com\/ro\/taf-toys-book-koala-carte-educativa-contrastanta-pentru-nou-nascuti-si-copii-1-buc\/#breadcrumb","itemListElement":[{"@type":"ListItem","position":1,"name":"Dom\u016f","item":"https:\/\/shopatoa.com\/ro\/"},{"@type":"ListItem","position":2,"name":"Shop","item":"https:\/\/shopatoa.com\/ro\/shop\/"},{"@type":"ListItem","position":3,"name":"Copii \u0219i sugari","item":"https:\/\/shopatoa.com\/ro\/copii-si-sugari\/"},{"@type":"ListItem","position":4,"name":"Juc\u0103rii pentru copii","item":"https:\/\/shopatoa.com\/ro\/jucarii-pentru-copii\/"},{"@type":"ListItem","position":5,"name":"Juc\u0103rii interactive","item":"https:\/\/shopatoa.com\/ro\/jucarii-interactive\/"},{"@type":"ListItem","position":6,"name":"Taf Toys Book Koala carte educativ\u0103 contrastant\u0103 pentru nou-nascuti si copii 1 buc"}]},{"@type":"WebSite","@id":"https:\/\/shopatoa.com\/ro\/#website","url":"https:\/\/shopatoa.com\/ro\/","name":"SHOPATOA","description":"","publisher":{"@id":"https:\/\/shopatoa.com\/ro\/#organization"},"potentialAction":[{"@type":"SearchAction","target":{"@type":"EntryPoint","urlTemplate":"https:\/\/shopatoa.com\/ro\/?s={search_term_string}"},"query-input":{"@type":"PropertyValueSpecification","valueRequired":true,"valueName":"search_term_string"}}],"inLanguage":"ro-RO"},{"@type":"Organization","@id":"https:\/\/shopatoa.com\/ro\/#organization","name":"SHOPATOA","url":"https:\/\/shopatoa.com\/ro\/","logo":{"@type":"ImageObject","inLanguage":"ro-RO","@id":"https:\/\/shopatoa.com\/ro\/#\/schema\/logo\/image\/","url":"https:\/\/storage.googleapis.com\/cz-shopatoa-img\/ro\/b4dac915-shopatoa_logo.png","contentUrl":"https:\/\/storage.googleapis.com\/cz-shopatoa-img\/ro\/b4dac915-shopatoa_logo.png","width":416,"height":63,"caption":"SHOPATOA"},"image":{"@id":"https:\/\/shopatoa.com\/ro\/#\/schema\/logo\/image\/"}}]}},"_links":{"self":[{"href":"https:\/\/shopatoa.com\/ro\/wp-json\/wp\/v2\/product\/469839","targetHints":{"allow":["GET"]}}],"collection":[{"href":"https:\/\/shopatoa.com\/ro\/wp-json\/wp\/v2\/product"}],"about":[{"href":"https:\/\/shopatoa.com\/ro\/wp-json\/wp\/v2\/types\/product"}],"replies":[{"embeddable":true,"href":"https:\/\/shopatoa.com\/ro\/wp-json\/wp\/v2\/comments?post=469839"}],"wp:featuredmedia":[{"embeddable":true,"href":"https:\/\/shopatoa.com\/ro\/wp-json\/wp\/v2\/media\/469840"}],"wp:attachment":[{"href":"https:\/\/shopatoa.com\/ro\/wp-json\/wp\/v2\/media?parent=469839"}],"wp:term":[{"taxonomy":"product_brand","embeddable":true,"href":"https:\/\/shopatoa.com\/ro\/wp-json\/wp\/v2\/product_brand?post=469839"},{"taxonomy":"product_cat","embeddable":true,"href":"https:\/\/shopatoa.com\/ro\/wp-json\/wp\/v2\/product_cat?post=469839"},{"taxonomy":"product_tag","embeddable":true,"href":"https:\/\/shopatoa.com\/ro\/wp-json\/wp\/v2\/product_tag?post=469839"}],"curies":[{"name":"wp","href":"https:\/\/api.w.org\/{rel}","templated":true}]}}