{"id":469849,"date":"2025-06-28T20:29:41","date_gmt":"2025-06-28T18:29:41","guid":{"rendered":"https:\/\/shopatoa.com\/ro\/wilkinson-sword-quattro-titanium-precision-rezerva-lama-4-buc\/"},"modified":"2026-02-02T20:20:03","modified_gmt":"2026-02-02T19:20:03","slug":"wilkinson-sword-quattro-titanium-precision-rezerva-lama-4-buc","status":"publish","type":"product","link":"https:\/\/shopatoa.com\/ro\/wilkinson-sword-quattro-titanium-precision-rezerva-lama-4-buc\/","title":{"rendered":"Wilkinson Sword Quattro Titanium Precision rezerva Lama 4 buc"},"content":{"rendered":"<p>Wilkinson Sword Quattro Titanium Precision, 4 buc, Lame de schimb pentru b\u0103rba\u021bi, Nu mai ob\u021bine\u021bi acelea\u0219i rezultate precise cu aparatul de ras ca \u00eenainte? Este timpul s\u0103 schimba\u021bi lamele. Lamele de rezerv\u0103 Wilkinson Sword Quattro Titanium Precision \u0219i schimbarea periodic\u0103 a acestora garanteaz\u0103 un b\u0103rbierit la fel de neted ca \u0219i cu un aparat de ras nou.  Caracteristici:  asigur\u0103 un b\u0103rbierit extrem de neted nu irit\u0103 pielea umeze\u0219te banda  Cum se utilizeaz\u0103: Se vor urma instruc\u021biunile incluse.<\/p>\n","protected":false},"excerpt":{"rendered":"<p>Wilkinson Sword Quattro Titanium Precision, 4 buc, Lame de schimb pentru b\u0103rba\u021bi, Nu mai ob\u021bine\u021bi acelea\u0219i rezultate precise cu aparatul de ras ca \u00eenainte? Este timpul s\u0103 schimba\u021bi lamele. Lamele de rezerv\u0103 Wilkinson Sword Quattro Titanium Precision \u0219i schimbarea periodic\u0103 a acestora garanteaz\u0103 un b\u0103rbierit la fel de neted ca \u0219i cu un aparat de&#8230;<\/p>\n","protected":false},"featured_media":469850,"comment_status":"closed","ping_status":"open","template":"","meta":{"_acf_changed":false,"_kadence_starter_templates_imported_post":false,"_kad_post_transparent":"","_kad_post_title":"","_kad_post_layout":"","_kad_post_sidebar_id":"","_kad_post_content_style":"","_kad_post_vertical_padding":"","_kad_post_feature":"","_kad_post_feature_position":"","_kad_post_header":false,"_kad_post_footer":false,"_kad_post_classname":""},"product_brand":[42],"product_cat":[1563,3937,3936,1562],"product_tag":[],"class_list":{"0":"post-469849","1":"product","2":"type-product","3":"status-publish","4":"has-post-thumbnail","6":"product_brand-wilkinson-sword","7":"product_cat-ingrijire-personala","8":"product_cat-lame-de-schimb","9":"product_cat-rasul-si-ingrijirea-aspectului-fizic","10":"product_cat-sanatate-si-frumusete","11":"pa_gen-male","12":"pa_marime-4-buc","14":"first","15":"instock","16":"sale","17":"product-type-external","18":"entry","19":"content-bg","20":"loop-entry"},"acf":[],"yoast_head":"<!-- This site is optimized with the Yoast SEO plugin v27.3 - https:\/\/yoast.com\/product\/yoast-seo-wordpress\/ -->\n<title>Wilkinson Sword Quattro Titanium Precision rezerva Lama 4 buc - SHOPATOA.COM<\/title>\n<meta name=\"robots\" content=\"index, follow, max-snippet:-1, max-image-preview:large, max-video-preview:-1\" \/>\n<link rel=\"canonical\" href=\"https:\/\/shopatoa.com\/ro\/wilkinson-sword-quattro-titanium-precision-rezerva-lama-4-buc\/\" \/>\n<meta property=\"og:locale\" content=\"ro_RO\" \/>\n<meta property=\"og:type\" content=\"article\" \/>\n<meta property=\"og:title\" content=\"Wilkinson Sword Quattro Titanium Precision rezerva Lama 4 buc - SHOPATOA.COM\" \/>\n<meta property=\"og:description\" content=\"Wilkinson Sword Quattro Titanium Precision, 4 buc, Lame de schimb pentru b\u0103rba\u021bi, Nu mai ob\u021bine\u021bi acelea\u0219i rezultate precise cu aparatul de ras ca \u00eenainte? Este timpul s\u0103 schimba\u021bi lamele. Lamele de rezerv\u0103 Wilkinson Sword Quattro Titanium Precision \u0219i schimbarea periodic\u0103 a acestora garanteaz\u0103 un b\u0103rbierit la fel de neted ca \u0219i cu un aparat de...\" \/>\n<meta property=\"og:url\" content=\"https:\/\/shopatoa.com\/ro\/wilkinson-sword-quattro-titanium-precision-rezerva-lama-4-buc\/\" \/>\n<meta property=\"og:site_name\" content=\"SHOPATOA\" \/>\n<meta property=\"article:modified_time\" content=\"2026-02-02T19:20:03+00:00\" \/>\n<meta property=\"og:image\" content=\"https:\/\/storage.googleapis.com\/cz-shopatoa-img\/ro\/b729368f-unnamed-file.webp\" \/>\n\t<meta property=\"og:image:width\" content=\"800\" \/>\n\t<meta property=\"og:image:height\" content=\"800\" \/>\n\t<meta property=\"og:image:type\" content=\"image\/webp\" \/>\n<meta name=\"twitter:card\" content=\"summary_large_image\" \/>\n<script type=\"application\/ld+json\" class=\"yoast-schema-graph\">{\"@context\":\"https:\\\/\\\/schema.org\",\"@graph\":[{\"@type\":\"WebPage\",\"@id\":\"https:\\\/\\\/shopatoa.com\\\/ro\\\/wilkinson-sword-quattro-titanium-precision-rezerva-lama-4-buc\\\/\",\"url\":\"https:\\\/\\\/shopatoa.com\\\/ro\\\/wilkinson-sword-quattro-titanium-precision-rezerva-lama-4-buc\\\/\",\"name\":\"Wilkinson Sword Quattro Titanium Precision rezerva Lama 4 buc - SHOPATOA.COM\",\"isPartOf\":{\"@id\":\"https:\\\/\\\/shopatoa.com\\\/ro\\\/#website\"},\"primaryImageOfPage\":{\"@id\":\"https:\\\/\\\/shopatoa.com\\\/ro\\\/wilkinson-sword-quattro-titanium-precision-rezerva-lama-4-buc\\\/#primaryimage\"},\"image\":{\"@id\":\"https:\\\/\\\/shopatoa.com\\\/ro\\\/wilkinson-sword-quattro-titanium-precision-rezerva-lama-4-buc\\\/#primaryimage\"},\"thumbnailUrl\":\"https:\\\/\\\/storage.googleapis.com\\\/cz-shopatoa-img\\\/ro\\\/b729368f-unnamed-file.webp\",\"datePublished\":\"2025-06-28T18:29:41+00:00\",\"dateModified\":\"2026-02-02T19:20:03+00:00\",\"breadcrumb\":{\"@id\":\"https:\\\/\\\/shopatoa.com\\\/ro\\\/wilkinson-sword-quattro-titanium-precision-rezerva-lama-4-buc\\\/#breadcrumb\"},\"inLanguage\":\"ro-RO\",\"potentialAction\":[{\"@type\":\"ReadAction\",\"target\":[\"https:\\\/\\\/shopatoa.com\\\/ro\\\/wilkinson-sword-quattro-titanium-precision-rezerva-lama-4-buc\\\/\"]}]},{\"@type\":\"ImageObject\",\"inLanguage\":\"ro-RO\",\"@id\":\"https:\\\/\\\/shopatoa.com\\\/ro\\\/wilkinson-sword-quattro-titanium-precision-rezerva-lama-4-buc\\\/#primaryimage\",\"url\":\"https:\\\/\\\/storage.googleapis.com\\\/cz-shopatoa-img\\\/ro\\\/b729368f-unnamed-file.webp\",\"contentUrl\":\"https:\\\/\\\/storage.googleapis.com\\\/cz-shopatoa-img\\\/ro\\\/b729368f-unnamed-file.webp\",\"width\":800,\"height\":800},{\"@type\":\"BreadcrumbList\",\"@id\":\"https:\\\/\\\/shopatoa.com\\\/ro\\\/wilkinson-sword-quattro-titanium-precision-rezerva-lama-4-buc\\\/#breadcrumb\",\"itemListElement\":[{\"@type\":\"ListItem\",\"position\":1,\"name\":\"Dom\u016f\",\"item\":\"https:\\\/\\\/shopatoa.com\\\/ro\\\/\"},{\"@type\":\"ListItem\",\"position\":2,\"name\":\"Shop\",\"item\":\"https:\\\/\\\/shopatoa.com\\\/ro\\\/shop\\\/\"},{\"@type\":\"ListItem\",\"position\":3,\"name\":\"S\u0103n\u0103tate \u0219i frumuse\u021be\",\"item\":\"https:\\\/\\\/shopatoa.com\\\/ro\\\/sanatate-si-frumusete\\\/\"},{\"@type\":\"ListItem\",\"position\":4,\"name\":\"\u00cengrijire personal\u0103\",\"item\":\"https:\\\/\\\/shopatoa.com\\\/ro\\\/ingrijire-personala\\\/\"},{\"@type\":\"ListItem\",\"position\":5,\"name\":\"Rasul \u0219i \u00eengrijirea aspectului fizic\",\"item\":\"https:\\\/\\\/shopatoa.com\\\/ro\\\/rasul-si-ingrijirea-aspectului-fizic\\\/\"},{\"@type\":\"ListItem\",\"position\":6,\"name\":\"Lame de schimb\",\"item\":\"https:\\\/\\\/shopatoa.com\\\/ro\\\/lame-de-schimb\\\/\"},{\"@type\":\"ListItem\",\"position\":7,\"name\":\"Wilkinson Sword Quattro Titanium Precision rezerva Lama 4 buc\"}]},{\"@type\":\"WebSite\",\"@id\":\"https:\\\/\\\/shopatoa.com\\\/ro\\\/#website\",\"url\":\"https:\\\/\\\/shopatoa.com\\\/ro\\\/\",\"name\":\"SHOPATOA\",\"description\":\"\",\"publisher\":{\"@id\":\"https:\\\/\\\/shopatoa.com\\\/ro\\\/#organization\"},\"potentialAction\":[{\"@type\":\"SearchAction\",\"target\":{\"@type\":\"EntryPoint\",\"urlTemplate\":\"https:\\\/\\\/shopatoa.com\\\/ro\\\/?s={search_term_string}\"},\"query-input\":{\"@type\":\"PropertyValueSpecification\",\"valueRequired\":true,\"valueName\":\"search_term_string\"}}],\"inLanguage\":\"ro-RO\"},{\"@type\":\"Organization\",\"@id\":\"https:\\\/\\\/shopatoa.com\\\/ro\\\/#organization\",\"name\":\"SHOPATOA\",\"url\":\"https:\\\/\\\/shopatoa.com\\\/ro\\\/\",\"logo\":{\"@type\":\"ImageObject\",\"inLanguage\":\"ro-RO\",\"@id\":\"https:\\\/\\\/shopatoa.com\\\/ro\\\/#\\\/schema\\\/logo\\\/image\\\/\",\"url\":\"https:\\\/\\\/storage.googleapis.com\\\/cz-shopatoa-img\\\/ro\\\/b4dac915-shopatoa_logo.png\",\"contentUrl\":\"https:\\\/\\\/storage.googleapis.com\\\/cz-shopatoa-img\\\/ro\\\/b4dac915-shopatoa_logo.png\",\"width\":416,\"height\":63,\"caption\":\"SHOPATOA\"},\"image\":{\"@id\":\"https:\\\/\\\/shopatoa.com\\\/ro\\\/#\\\/schema\\\/logo\\\/image\\\/\"}}]}<\/script>\n<!-- \/ Yoast SEO plugin. -->","yoast_head_json":{"title":"Wilkinson Sword Quattro Titanium Precision rezerva Lama 4 buc - SHOPATOA.COM","robots":{"index":"index","follow":"follow","max-snippet":"max-snippet:-1","max-image-preview":"max-image-preview:large","max-video-preview":"max-video-preview:-1"},"canonical":"https:\/\/shopatoa.com\/ro\/wilkinson-sword-quattro-titanium-precision-rezerva-lama-4-buc\/","og_locale":"ro_RO","og_type":"article","og_title":"Wilkinson Sword Quattro Titanium Precision rezerva Lama 4 buc - SHOPATOA.COM","og_description":"Wilkinson Sword Quattro Titanium Precision, 4 buc, Lame de schimb pentru b\u0103rba\u021bi, Nu mai ob\u021bine\u021bi acelea\u0219i rezultate precise cu aparatul de ras ca \u00eenainte? Este timpul s\u0103 schimba\u021bi lamele. Lamele de rezerv\u0103 Wilkinson Sword Quattro Titanium Precision \u0219i schimbarea periodic\u0103 a acestora garanteaz\u0103 un b\u0103rbierit la fel de neted ca \u0219i cu un aparat de...","og_url":"https:\/\/shopatoa.com\/ro\/wilkinson-sword-quattro-titanium-precision-rezerva-lama-4-buc\/","og_site_name":"SHOPATOA","article_modified_time":"2026-02-02T19:20:03+00:00","og_image":[{"width":800,"height":800,"url":"https:\/\/storage.googleapis.com\/cz-shopatoa-img\/ro\/b729368f-unnamed-file.webp","type":"image\/webp"}],"twitter_card":"summary_large_image","schema":{"@context":"https:\/\/schema.org","@graph":[{"@type":"WebPage","@id":"https:\/\/shopatoa.com\/ro\/wilkinson-sword-quattro-titanium-precision-rezerva-lama-4-buc\/","url":"https:\/\/shopatoa.com\/ro\/wilkinson-sword-quattro-titanium-precision-rezerva-lama-4-buc\/","name":"Wilkinson Sword Quattro Titanium Precision rezerva Lama 4 buc - SHOPATOA.COM","isPartOf":{"@id":"https:\/\/shopatoa.com\/ro\/#website"},"primaryImageOfPage":{"@id":"https:\/\/shopatoa.com\/ro\/wilkinson-sword-quattro-titanium-precision-rezerva-lama-4-buc\/#primaryimage"},"image":{"@id":"https:\/\/shopatoa.com\/ro\/wilkinson-sword-quattro-titanium-precision-rezerva-lama-4-buc\/#primaryimage"},"thumbnailUrl":"https:\/\/storage.googleapis.com\/cz-shopatoa-img\/ro\/b729368f-unnamed-file.webp","datePublished":"2025-06-28T18:29:41+00:00","dateModified":"2026-02-02T19:20:03+00:00","breadcrumb":{"@id":"https:\/\/shopatoa.com\/ro\/wilkinson-sword-quattro-titanium-precision-rezerva-lama-4-buc\/#breadcrumb"},"inLanguage":"ro-RO","potentialAction":[{"@type":"ReadAction","target":["https:\/\/shopatoa.com\/ro\/wilkinson-sword-quattro-titanium-precision-rezerva-lama-4-buc\/"]}]},{"@type":"ImageObject","inLanguage":"ro-RO","@id":"https:\/\/shopatoa.com\/ro\/wilkinson-sword-quattro-titanium-precision-rezerva-lama-4-buc\/#primaryimage","url":"https:\/\/storage.googleapis.com\/cz-shopatoa-img\/ro\/b729368f-unnamed-file.webp","contentUrl":"https:\/\/storage.googleapis.com\/cz-shopatoa-img\/ro\/b729368f-unnamed-file.webp","width":800,"height":800},{"@type":"BreadcrumbList","@id":"https:\/\/shopatoa.com\/ro\/wilkinson-sword-quattro-titanium-precision-rezerva-lama-4-buc\/#breadcrumb","itemListElement":[{"@type":"ListItem","position":1,"name":"Dom\u016f","item":"https:\/\/shopatoa.com\/ro\/"},{"@type":"ListItem","position":2,"name":"Shop","item":"https:\/\/shopatoa.com\/ro\/shop\/"},{"@type":"ListItem","position":3,"name":"S\u0103n\u0103tate \u0219i frumuse\u021be","item":"https:\/\/shopatoa.com\/ro\/sanatate-si-frumusete\/"},{"@type":"ListItem","position":4,"name":"\u00cengrijire personal\u0103","item":"https:\/\/shopatoa.com\/ro\/ingrijire-personala\/"},{"@type":"ListItem","position":5,"name":"Rasul \u0219i \u00eengrijirea aspectului fizic","item":"https:\/\/shopatoa.com\/ro\/rasul-si-ingrijirea-aspectului-fizic\/"},{"@type":"ListItem","position":6,"name":"Lame de schimb","item":"https:\/\/shopatoa.com\/ro\/lame-de-schimb\/"},{"@type":"ListItem","position":7,"name":"Wilkinson Sword Quattro Titanium Precision rezerva Lama 4 buc"}]},{"@type":"WebSite","@id":"https:\/\/shopatoa.com\/ro\/#website","url":"https:\/\/shopatoa.com\/ro\/","name":"SHOPATOA","description":"","publisher":{"@id":"https:\/\/shopatoa.com\/ro\/#organization"},"potentialAction":[{"@type":"SearchAction","target":{"@type":"EntryPoint","urlTemplate":"https:\/\/shopatoa.com\/ro\/?s={search_term_string}"},"query-input":{"@type":"PropertyValueSpecification","valueRequired":true,"valueName":"search_term_string"}}],"inLanguage":"ro-RO"},{"@type":"Organization","@id":"https:\/\/shopatoa.com\/ro\/#organization","name":"SHOPATOA","url":"https:\/\/shopatoa.com\/ro\/","logo":{"@type":"ImageObject","inLanguage":"ro-RO","@id":"https:\/\/shopatoa.com\/ro\/#\/schema\/logo\/image\/","url":"https:\/\/storage.googleapis.com\/cz-shopatoa-img\/ro\/b4dac915-shopatoa_logo.png","contentUrl":"https:\/\/storage.googleapis.com\/cz-shopatoa-img\/ro\/b4dac915-shopatoa_logo.png","width":416,"height":63,"caption":"SHOPATOA"},"image":{"@id":"https:\/\/shopatoa.com\/ro\/#\/schema\/logo\/image\/"}}]}},"_links":{"self":[{"href":"https:\/\/shopatoa.com\/ro\/wp-json\/wp\/v2\/product\/469849","targetHints":{"allow":["GET"]}}],"collection":[{"href":"https:\/\/shopatoa.com\/ro\/wp-json\/wp\/v2\/product"}],"about":[{"href":"https:\/\/shopatoa.com\/ro\/wp-json\/wp\/v2\/types\/product"}],"replies":[{"embeddable":true,"href":"https:\/\/shopatoa.com\/ro\/wp-json\/wp\/v2\/comments?post=469849"}],"wp:featuredmedia":[{"embeddable":true,"href":"https:\/\/shopatoa.com\/ro\/wp-json\/wp\/v2\/media\/469850"}],"wp:attachment":[{"href":"https:\/\/shopatoa.com\/ro\/wp-json\/wp\/v2\/media?parent=469849"}],"wp:term":[{"taxonomy":"product_brand","embeddable":true,"href":"https:\/\/shopatoa.com\/ro\/wp-json\/wp\/v2\/product_brand?post=469849"},{"taxonomy":"product_cat","embeddable":true,"href":"https:\/\/shopatoa.com\/ro\/wp-json\/wp\/v2\/product_cat?post=469849"},{"taxonomy":"product_tag","embeddable":true,"href":"https:\/\/shopatoa.com\/ro\/wp-json\/wp\/v2\/product_tag?post=469849"}],"curies":[{"name":"wp","href":"https:\/\/api.w.org\/{rel}","templated":true}]}}