{"id":470457,"date":"2025-06-28T21:30:44","date_gmt":"2025-06-28T19:30:44","guid":{"rendered":"https:\/\/shopatoa.com\/ro\/ref-root-concealer-spray-instant-pentru-camuflarea-radacinilor-crescute-culoare-black-100-ml\/"},"modified":"2026-02-02T18:47:30","modified_gmt":"2026-02-02T17:47:30","slug":"ref-root-concealer-spray-instant-pentru-camuflarea-radacinilor-crescute-culoare-black-100-ml","status":"publish","type":"product","link":"https:\/\/shopatoa.com\/ro\/ref-root-concealer-spray-instant-pentru-camuflarea-radacinilor-crescute-culoare-black-100-ml\/","title":{"rendered":"REF Root Concealer spray instant pentru camuflarea r\u0103d\u0103cinilor crescute culoare Black 100 ml"},"content":{"rendered":"<p>REF Root Concealer, 100 ml, Spray-uri pentru r\u0103d\u0103cinile crescute  pentru femei, \u00centre vizitele la coafor sau \u00eenainte de vopsirea acas\u0103, ave\u021bi o \u00eent\u00e2lnire important\u0103, un party sau doar dori\u021bi ca p\u0103rul dvs. s\u0103 aib\u0103 o culoare uniform\u0103? Corectorul pentru r\u0103d\u0103cini crescute REF Root Concealer v\u0103 ajut\u0103 s\u0103 camufla\u021bi instantaneu r\u0103d\u0103cinile sau firele albe, uniformizeaz\u0103 nuan\u021ba p\u0103rului \u0219i rezist\u0103 p\u00e2n\u0103 la urm\u0103toarea sp\u0103lare. Mascheaz\u0103 imperfec\u021biunile de culoare ale coafurii dvs. u\u0219or \u0219i rapid, f\u0103r\u0103 s\u0103 \u00eempov\u0103reze. Pigmen\u021bii de culoare inten\u0219i ader\u0103 perfect la fibra de p\u0103r \u0219i se usuc\u0103 rapid, color\u00e2nd eficient r\u0103d\u0103cinile crescute, f\u0103r\u0103 senza\u021bie lipicioas\u0103 nedorit\u0103. Aplicarea este floare la ureche \u0219i dureaz\u0103 doar c\u00e2teva clipe, deoarece corectorul poate fi aplicat direct pe p\u0103rul uscat \u2013 f\u0103r\u0103 amestecarea produselor de vopsire sau preg\u0103tirea complicat\u0103 a p\u0103rului.  Caracteristici:  acoper\u0103 \u0219i camufleaz\u0103 r\u0103d\u0103cinile crescute simplu de aplicat acoper\u0103 \u0219i firele albe efect instantaneu  Cum se utilizeaz\u0103: A se agita, \u00eenainte de utilizare. Utiliza\u021bi pe p\u0103r uscat. Aplica\u021bi acolo unde este necesar, mai ales pe r\u0103d\u0103cinile p\u0103rului.<\/p>\n","protected":false},"excerpt":{"rendered":"<p>REF Root Concealer, 100 ml, Spray-uri pentru r\u0103d\u0103cinile crescute pentru femei, \u00centre vizitele la coafor sau \u00eenainte de vopsirea acas\u0103, ave\u021bi o \u00eent\u00e2lnire important\u0103, un party sau doar dori\u021bi ca p\u0103rul dvs. s\u0103 aib\u0103 o culoare uniform\u0103? Corectorul pentru r\u0103d\u0103cini crescute REF Root Concealer v\u0103 ajut\u0103 s\u0103 camufla\u021bi instantaneu r\u0103d\u0103cinile sau firele albe, uniformizeaz\u0103 nuan\u021ba&#8230;<\/p>\n","protected":false},"featured_media":470458,"comment_status":"closed","ping_status":"open","template":"","meta":{"_acf_changed":false,"_kadence_starter_templates_imported_post":false,"_kad_post_transparent":"","_kad_post_title":"","_kad_post_layout":"","_kad_post_sidebar_id":"","_kad_post_content_style":"","_kad_post_vertical_padding":"","_kad_post_feature":"","_kad_post_feature_position":"","_kad_post_header":false,"_kad_post_footer":false,"_kad_post_classname":""},"product_brand":[2037],"product_cat":[1563,1590,1562,3994,3899],"product_tag":[],"class_list":{"0":"post-470457","1":"product","2":"type-product","3":"status-publish","4":"has-post-thumbnail","6":"product_brand-ref","7":"product_cat-ingrijire-personala","8":"product_cat-ingrijirea-parului","9":"product_cat-sanatate-si-frumusete","10":"product_cat-spray-pentru-radacini","11":"product_cat-vopsele-pentru-par","12":"pa_gen-female","13":"pa_marime-100-ml","15":"first","16":"instock","17":"product-type-external","18":"entry","19":"content-bg","20":"loop-entry"},"acf":[],"yoast_head":"<!-- This site is optimized with the Yoast SEO plugin v27.3 - https:\/\/yoast.com\/product\/yoast-seo-wordpress\/ -->\n<title>REF Root Concealer spray instant pentru camuflarea r\u0103d\u0103cinilor crescute culoare Black 100 ml - SHOPATOA.COM<\/title>\n<meta name=\"robots\" content=\"index, follow, max-snippet:-1, max-image-preview:large, max-video-preview:-1\" \/>\n<link rel=\"canonical\" href=\"https:\/\/shopatoa.com\/ro\/ref-root-concealer-spray-instant-pentru-camuflarea-radacinilor-crescute-culoare-black-100-ml\/\" \/>\n<meta property=\"og:locale\" content=\"ro_RO\" \/>\n<meta property=\"og:type\" content=\"article\" \/>\n<meta property=\"og:title\" content=\"REF Root Concealer spray instant pentru camuflarea r\u0103d\u0103cinilor crescute culoare Black 100 ml - SHOPATOA.COM\" \/>\n<meta property=\"og:description\" content=\"REF Root Concealer, 100 ml, Spray-uri pentru r\u0103d\u0103cinile crescute pentru femei, \u00centre vizitele la coafor sau \u00eenainte de vopsirea acas\u0103, ave\u021bi o \u00eent\u00e2lnire important\u0103, un party sau doar dori\u021bi ca p\u0103rul dvs. s\u0103 aib\u0103 o culoare uniform\u0103? Corectorul pentru r\u0103d\u0103cini crescute REF Root Concealer v\u0103 ajut\u0103 s\u0103 camufla\u021bi instantaneu r\u0103d\u0103cinile sau firele albe, uniformizeaz\u0103 nuan\u021ba...\" \/>\n<meta property=\"og:url\" content=\"https:\/\/shopatoa.com\/ro\/ref-root-concealer-spray-instant-pentru-camuflarea-radacinilor-crescute-culoare-black-100-ml\/\" \/>\n<meta property=\"og:site_name\" content=\"SHOPATOA\" \/>\n<meta property=\"article:modified_time\" content=\"2026-02-02T17:47:30+00:00\" \/>\n<meta property=\"og:image\" content=\"https:\/\/storage.googleapis.com\/cz-shopatoa-img\/ro\/6251ee4e-unnamed-file.webp\" \/>\n\t<meta property=\"og:image:width\" content=\"800\" \/>\n\t<meta property=\"og:image:height\" content=\"800\" \/>\n\t<meta property=\"og:image:type\" content=\"image\/webp\" \/>\n<meta name=\"twitter:card\" content=\"summary_large_image\" \/>\n<meta name=\"twitter:label1\" content=\"Timp estimat pentru citire\" \/>\n\t<meta name=\"twitter:data1\" content=\"1 minut\" \/>\n<script type=\"application\/ld+json\" class=\"yoast-schema-graph\">{\"@context\":\"https:\\\/\\\/schema.org\",\"@graph\":[{\"@type\":\"WebPage\",\"@id\":\"https:\\\/\\\/shopatoa.com\\\/ro\\\/ref-root-concealer-spray-instant-pentru-camuflarea-radacinilor-crescute-culoare-black-100-ml\\\/\",\"url\":\"https:\\\/\\\/shopatoa.com\\\/ro\\\/ref-root-concealer-spray-instant-pentru-camuflarea-radacinilor-crescute-culoare-black-100-ml\\\/\",\"name\":\"REF Root Concealer spray instant pentru camuflarea r\u0103d\u0103cinilor crescute culoare Black 100 ml - SHOPATOA.COM\",\"isPartOf\":{\"@id\":\"https:\\\/\\\/shopatoa.com\\\/ro\\\/#website\"},\"primaryImageOfPage\":{\"@id\":\"https:\\\/\\\/shopatoa.com\\\/ro\\\/ref-root-concealer-spray-instant-pentru-camuflarea-radacinilor-crescute-culoare-black-100-ml\\\/#primaryimage\"},\"image\":{\"@id\":\"https:\\\/\\\/shopatoa.com\\\/ro\\\/ref-root-concealer-spray-instant-pentru-camuflarea-radacinilor-crescute-culoare-black-100-ml\\\/#primaryimage\"},\"thumbnailUrl\":\"https:\\\/\\\/storage.googleapis.com\\\/cz-shopatoa-img\\\/ro\\\/6251ee4e-unnamed-file.webp\",\"datePublished\":\"2025-06-28T19:30:44+00:00\",\"dateModified\":\"2026-02-02T17:47:30+00:00\",\"breadcrumb\":{\"@id\":\"https:\\\/\\\/shopatoa.com\\\/ro\\\/ref-root-concealer-spray-instant-pentru-camuflarea-radacinilor-crescute-culoare-black-100-ml\\\/#breadcrumb\"},\"inLanguage\":\"ro-RO\",\"potentialAction\":[{\"@type\":\"ReadAction\",\"target\":[\"https:\\\/\\\/shopatoa.com\\\/ro\\\/ref-root-concealer-spray-instant-pentru-camuflarea-radacinilor-crescute-culoare-black-100-ml\\\/\"]}]},{\"@type\":\"ImageObject\",\"inLanguage\":\"ro-RO\",\"@id\":\"https:\\\/\\\/shopatoa.com\\\/ro\\\/ref-root-concealer-spray-instant-pentru-camuflarea-radacinilor-crescute-culoare-black-100-ml\\\/#primaryimage\",\"url\":\"https:\\\/\\\/storage.googleapis.com\\\/cz-shopatoa-img\\\/ro\\\/6251ee4e-unnamed-file.webp\",\"contentUrl\":\"https:\\\/\\\/storage.googleapis.com\\\/cz-shopatoa-img\\\/ro\\\/6251ee4e-unnamed-file.webp\",\"width\":800,\"height\":800},{\"@type\":\"BreadcrumbList\",\"@id\":\"https:\\\/\\\/shopatoa.com\\\/ro\\\/ref-root-concealer-spray-instant-pentru-camuflarea-radacinilor-crescute-culoare-black-100-ml\\\/#breadcrumb\",\"itemListElement\":[{\"@type\":\"ListItem\",\"position\":1,\"name\":\"Dom\u016f\",\"item\":\"https:\\\/\\\/shopatoa.com\\\/ro\\\/\"},{\"@type\":\"ListItem\",\"position\":2,\"name\":\"Shop\",\"item\":\"https:\\\/\\\/shopatoa.com\\\/ro\\\/shop\\\/\"},{\"@type\":\"ListItem\",\"position\":3,\"name\":\"S\u0103n\u0103tate \u0219i frumuse\u021be\",\"item\":\"https:\\\/\\\/shopatoa.com\\\/ro\\\/sanatate-si-frumusete\\\/\"},{\"@type\":\"ListItem\",\"position\":4,\"name\":\"\u00cengrijire personal\u0103\",\"item\":\"https:\\\/\\\/shopatoa.com\\\/ro\\\/ingrijire-personala\\\/\"},{\"@type\":\"ListItem\",\"position\":5,\"name\":\"\u00cengrijirea p\u0103rului\",\"item\":\"https:\\\/\\\/shopatoa.com\\\/ro\\\/ingrijirea-parului\\\/\"},{\"@type\":\"ListItem\",\"position\":6,\"name\":\"Vopsele pentru p\u0103r\",\"item\":\"https:\\\/\\\/shopatoa.com\\\/ro\\\/vopsele-pentru-par\\\/\"},{\"@type\":\"ListItem\",\"position\":7,\"name\":\"Spray pentru r\u0103d\u0103cini\",\"item\":\"https:\\\/\\\/shopatoa.com\\\/ro\\\/spray-pentru-radacini\\\/\"},{\"@type\":\"ListItem\",\"position\":8,\"name\":\"REF Root Concealer spray instant pentru camuflarea r\u0103d\u0103cinilor crescute culoare Black 100 ml\"}]},{\"@type\":\"WebSite\",\"@id\":\"https:\\\/\\\/shopatoa.com\\\/ro\\\/#website\",\"url\":\"https:\\\/\\\/shopatoa.com\\\/ro\\\/\",\"name\":\"SHOPATOA\",\"description\":\"\",\"publisher\":{\"@id\":\"https:\\\/\\\/shopatoa.com\\\/ro\\\/#organization\"},\"potentialAction\":[{\"@type\":\"SearchAction\",\"target\":{\"@type\":\"EntryPoint\",\"urlTemplate\":\"https:\\\/\\\/shopatoa.com\\\/ro\\\/?s={search_term_string}\"},\"query-input\":{\"@type\":\"PropertyValueSpecification\",\"valueRequired\":true,\"valueName\":\"search_term_string\"}}],\"inLanguage\":\"ro-RO\"},{\"@type\":\"Organization\",\"@id\":\"https:\\\/\\\/shopatoa.com\\\/ro\\\/#organization\",\"name\":\"SHOPATOA\",\"url\":\"https:\\\/\\\/shopatoa.com\\\/ro\\\/\",\"logo\":{\"@type\":\"ImageObject\",\"inLanguage\":\"ro-RO\",\"@id\":\"https:\\\/\\\/shopatoa.com\\\/ro\\\/#\\\/schema\\\/logo\\\/image\\\/\",\"url\":\"https:\\\/\\\/storage.googleapis.com\\\/cz-shopatoa-img\\\/ro\\\/b4dac915-shopatoa_logo.png\",\"contentUrl\":\"https:\\\/\\\/storage.googleapis.com\\\/cz-shopatoa-img\\\/ro\\\/b4dac915-shopatoa_logo.png\",\"width\":416,\"height\":63,\"caption\":\"SHOPATOA\"},\"image\":{\"@id\":\"https:\\\/\\\/shopatoa.com\\\/ro\\\/#\\\/schema\\\/logo\\\/image\\\/\"}}]}<\/script>\n<!-- \/ Yoast SEO plugin. -->","yoast_head_json":{"title":"REF Root Concealer spray instant pentru camuflarea r\u0103d\u0103cinilor crescute culoare Black 100 ml - SHOPATOA.COM","robots":{"index":"index","follow":"follow","max-snippet":"max-snippet:-1","max-image-preview":"max-image-preview:large","max-video-preview":"max-video-preview:-1"},"canonical":"https:\/\/shopatoa.com\/ro\/ref-root-concealer-spray-instant-pentru-camuflarea-radacinilor-crescute-culoare-black-100-ml\/","og_locale":"ro_RO","og_type":"article","og_title":"REF Root Concealer spray instant pentru camuflarea r\u0103d\u0103cinilor crescute culoare Black 100 ml - SHOPATOA.COM","og_description":"REF Root Concealer, 100 ml, Spray-uri pentru r\u0103d\u0103cinile crescute pentru femei, \u00centre vizitele la coafor sau \u00eenainte de vopsirea acas\u0103, ave\u021bi o \u00eent\u00e2lnire important\u0103, un party sau doar dori\u021bi ca p\u0103rul dvs. s\u0103 aib\u0103 o culoare uniform\u0103? Corectorul pentru r\u0103d\u0103cini crescute REF Root Concealer v\u0103 ajut\u0103 s\u0103 camufla\u021bi instantaneu r\u0103d\u0103cinile sau firele albe, uniformizeaz\u0103 nuan\u021ba...","og_url":"https:\/\/shopatoa.com\/ro\/ref-root-concealer-spray-instant-pentru-camuflarea-radacinilor-crescute-culoare-black-100-ml\/","og_site_name":"SHOPATOA","article_modified_time":"2026-02-02T17:47:30+00:00","og_image":[{"width":800,"height":800,"url":"https:\/\/storage.googleapis.com\/cz-shopatoa-img\/ro\/6251ee4e-unnamed-file.webp","type":"image\/webp"}],"twitter_card":"summary_large_image","twitter_misc":{"Timp estimat pentru citire":"1 minut"},"schema":{"@context":"https:\/\/schema.org","@graph":[{"@type":"WebPage","@id":"https:\/\/shopatoa.com\/ro\/ref-root-concealer-spray-instant-pentru-camuflarea-radacinilor-crescute-culoare-black-100-ml\/","url":"https:\/\/shopatoa.com\/ro\/ref-root-concealer-spray-instant-pentru-camuflarea-radacinilor-crescute-culoare-black-100-ml\/","name":"REF Root Concealer spray instant pentru camuflarea r\u0103d\u0103cinilor crescute culoare Black 100 ml - SHOPATOA.COM","isPartOf":{"@id":"https:\/\/shopatoa.com\/ro\/#website"},"primaryImageOfPage":{"@id":"https:\/\/shopatoa.com\/ro\/ref-root-concealer-spray-instant-pentru-camuflarea-radacinilor-crescute-culoare-black-100-ml\/#primaryimage"},"image":{"@id":"https:\/\/shopatoa.com\/ro\/ref-root-concealer-spray-instant-pentru-camuflarea-radacinilor-crescute-culoare-black-100-ml\/#primaryimage"},"thumbnailUrl":"https:\/\/storage.googleapis.com\/cz-shopatoa-img\/ro\/6251ee4e-unnamed-file.webp","datePublished":"2025-06-28T19:30:44+00:00","dateModified":"2026-02-02T17:47:30+00:00","breadcrumb":{"@id":"https:\/\/shopatoa.com\/ro\/ref-root-concealer-spray-instant-pentru-camuflarea-radacinilor-crescute-culoare-black-100-ml\/#breadcrumb"},"inLanguage":"ro-RO","potentialAction":[{"@type":"ReadAction","target":["https:\/\/shopatoa.com\/ro\/ref-root-concealer-spray-instant-pentru-camuflarea-radacinilor-crescute-culoare-black-100-ml\/"]}]},{"@type":"ImageObject","inLanguage":"ro-RO","@id":"https:\/\/shopatoa.com\/ro\/ref-root-concealer-spray-instant-pentru-camuflarea-radacinilor-crescute-culoare-black-100-ml\/#primaryimage","url":"https:\/\/storage.googleapis.com\/cz-shopatoa-img\/ro\/6251ee4e-unnamed-file.webp","contentUrl":"https:\/\/storage.googleapis.com\/cz-shopatoa-img\/ro\/6251ee4e-unnamed-file.webp","width":800,"height":800},{"@type":"BreadcrumbList","@id":"https:\/\/shopatoa.com\/ro\/ref-root-concealer-spray-instant-pentru-camuflarea-radacinilor-crescute-culoare-black-100-ml\/#breadcrumb","itemListElement":[{"@type":"ListItem","position":1,"name":"Dom\u016f","item":"https:\/\/shopatoa.com\/ro\/"},{"@type":"ListItem","position":2,"name":"Shop","item":"https:\/\/shopatoa.com\/ro\/shop\/"},{"@type":"ListItem","position":3,"name":"S\u0103n\u0103tate \u0219i frumuse\u021be","item":"https:\/\/shopatoa.com\/ro\/sanatate-si-frumusete\/"},{"@type":"ListItem","position":4,"name":"\u00cengrijire personal\u0103","item":"https:\/\/shopatoa.com\/ro\/ingrijire-personala\/"},{"@type":"ListItem","position":5,"name":"\u00cengrijirea p\u0103rului","item":"https:\/\/shopatoa.com\/ro\/ingrijirea-parului\/"},{"@type":"ListItem","position":6,"name":"Vopsele pentru p\u0103r","item":"https:\/\/shopatoa.com\/ro\/vopsele-pentru-par\/"},{"@type":"ListItem","position":7,"name":"Spray pentru r\u0103d\u0103cini","item":"https:\/\/shopatoa.com\/ro\/spray-pentru-radacini\/"},{"@type":"ListItem","position":8,"name":"REF Root Concealer spray instant pentru camuflarea r\u0103d\u0103cinilor crescute culoare Black 100 ml"}]},{"@type":"WebSite","@id":"https:\/\/shopatoa.com\/ro\/#website","url":"https:\/\/shopatoa.com\/ro\/","name":"SHOPATOA","description":"","publisher":{"@id":"https:\/\/shopatoa.com\/ro\/#organization"},"potentialAction":[{"@type":"SearchAction","target":{"@type":"EntryPoint","urlTemplate":"https:\/\/shopatoa.com\/ro\/?s={search_term_string}"},"query-input":{"@type":"PropertyValueSpecification","valueRequired":true,"valueName":"search_term_string"}}],"inLanguage":"ro-RO"},{"@type":"Organization","@id":"https:\/\/shopatoa.com\/ro\/#organization","name":"SHOPATOA","url":"https:\/\/shopatoa.com\/ro\/","logo":{"@type":"ImageObject","inLanguage":"ro-RO","@id":"https:\/\/shopatoa.com\/ro\/#\/schema\/logo\/image\/","url":"https:\/\/storage.googleapis.com\/cz-shopatoa-img\/ro\/b4dac915-shopatoa_logo.png","contentUrl":"https:\/\/storage.googleapis.com\/cz-shopatoa-img\/ro\/b4dac915-shopatoa_logo.png","width":416,"height":63,"caption":"SHOPATOA"},"image":{"@id":"https:\/\/shopatoa.com\/ro\/#\/schema\/logo\/image\/"}}]}},"_links":{"self":[{"href":"https:\/\/shopatoa.com\/ro\/wp-json\/wp\/v2\/product\/470457","targetHints":{"allow":["GET"]}}],"collection":[{"href":"https:\/\/shopatoa.com\/ro\/wp-json\/wp\/v2\/product"}],"about":[{"href":"https:\/\/shopatoa.com\/ro\/wp-json\/wp\/v2\/types\/product"}],"replies":[{"embeddable":true,"href":"https:\/\/shopatoa.com\/ro\/wp-json\/wp\/v2\/comments?post=470457"}],"wp:featuredmedia":[{"embeddable":true,"href":"https:\/\/shopatoa.com\/ro\/wp-json\/wp\/v2\/media\/470458"}],"wp:attachment":[{"href":"https:\/\/shopatoa.com\/ro\/wp-json\/wp\/v2\/media?parent=470457"}],"wp:term":[{"taxonomy":"product_brand","embeddable":true,"href":"https:\/\/shopatoa.com\/ro\/wp-json\/wp\/v2\/product_brand?post=470457"},{"taxonomy":"product_cat","embeddable":true,"href":"https:\/\/shopatoa.com\/ro\/wp-json\/wp\/v2\/product_cat?post=470457"},{"taxonomy":"product_tag","embeddable":true,"href":"https:\/\/shopatoa.com\/ro\/wp-json\/wp\/v2\/product_tag?post=470457"}],"curies":[{"name":"wp","href":"https:\/\/api.w.org\/{rel}","templated":true}]}}