{"id":470473,"date":"2025-06-28T21:32:02","date_gmt":"2025-06-28T19:32:02","guid":{"rendered":"https:\/\/shopatoa.com\/ro\/waterclouds-h202-9-vol-30-peroxide-cream-9-1000-ml\/"},"modified":"2026-02-02T18:46:03","modified_gmt":"2026-02-02T17:46:03","slug":"waterclouds-h202-9-vol-30-peroxide-cream-9-1000-ml","status":"publish","type":"product","link":"https:\/\/shopatoa.com\/ro\/waterclouds-h202-9-vol-30-peroxide-cream-9-1000-ml\/","title":{"rendered":"Waterclouds H202 9% vol 30 Peroxide Cream 9% 1000 ml"},"content":{"rendered":"<p>Waterclouds H202 9% vol 30, 1000 ml, Crema oxidanta pentru femei, Ob\u021bine\u021bi un rezultat perfect \u00een timpul vopsirii p\u0103rului. Emulsia activatoare Waterclouds H202 9% vol 30 ac\u021bioneaz\u0103 \u00een timpul procesului de vopsire ca un oxidant sau revelator. Utilizarea ei \u00een propor\u021bie corect\u0103 cu vopsea permanent\u0103 asigur\u0103 o acoperire uniform\u0103 \u0219i ajut\u0103 la intensificarea semnificativ\u0103 a nuan\u021bei \u0219i a str\u0103lucirii culorii finale a p\u0103rului. Prin urmare, permite ob\u021binerea unor culori mai intense \u0219i, datorit\u0103 ac\u021biunii sale asupra consisten\u021bei amestecului de vopsire, garanteaz\u0103, \u00een plus, o aplicare mai precis\u0103.  Caracteristici:  ac\u021bioneaz\u0103 ca un agent oxidant, \u00een procesul de colorare a p\u0103rului asigur\u0103 acoperirea \u0219i, simultan, decolorarea cu c\u00e2teva tonuri  Ingrediente:  con\u021bine peroxid de hidrogen  Cum se utilizeaz\u0103: Numai pentru uz profesional. Se vor urma instruc\u021biunile incluse.<\/p>\n","protected":false},"excerpt":{"rendered":"<p>Waterclouds H202 9% vol 30, 1000 ml, Crema oxidanta pentru femei, Ob\u021bine\u021bi un rezultat perfect \u00een timpul vopsirii p\u0103rului. Emulsia activatoare Waterclouds H202 9% vol 30 ac\u021bioneaz\u0103 \u00een timpul procesului de vopsire ca un oxidant sau revelator. Utilizarea ei \u00een propor\u021bie corect\u0103 cu vopsea permanent\u0103 asigur\u0103 o acoperire uniform\u0103 \u0219i ajut\u0103 la intensificarea semnificativ\u0103 a&#8230;<\/p>\n","protected":false},"featured_media":470474,"comment_status":"closed","ping_status":"open","template":"","meta":{"_acf_changed":false,"_kadence_starter_templates_imported_post":false,"_kad_post_transparent":"","_kad_post_title":"","_kad_post_layout":"","_kad_post_sidebar_id":"","_kad_post_content_style":"","_kad_post_vertical_padding":"","_kad_post_feature":"","_kad_post_feature_position":"","_kad_post_header":false,"_kad_post_footer":false,"_kad_post_classname":""},"product_brand":[2028],"product_cat":[3906,1563,1590,1562,3899],"product_tag":[],"class_list":{"0":"post-470473","1":"product","2":"type-product","3":"status-publish","4":"has-post-thumbnail","6":"product_brand-waterclouds","7":"product_cat-creme-oxidante","8":"product_cat-ingrijire-personala","9":"product_cat-ingrijirea-parului","10":"product_cat-sanatate-si-frumusete","11":"product_cat-vopsele-pentru-par","12":"pa_gen-female","13":"pa_marime-1000-ml","15":"first","16":"instock","17":"product-type-external","18":"entry","19":"content-bg","20":"loop-entry"},"acf":[],"yoast_head":"<!-- This site is optimized with the Yoast SEO plugin v27.3 - https:\/\/yoast.com\/product\/yoast-seo-wordpress\/ -->\n<title>Waterclouds H202 9% vol 30 Peroxide Cream 9% 1000 ml - SHOPATOA.COM<\/title>\n<meta name=\"robots\" content=\"index, follow, max-snippet:-1, max-image-preview:large, max-video-preview:-1\" \/>\n<link rel=\"canonical\" href=\"https:\/\/shopatoa.com\/ro\/waterclouds-h202-9-vol-30-peroxide-cream-9-1000-ml\/\" \/>\n<meta property=\"og:locale\" content=\"ro_RO\" \/>\n<meta property=\"og:type\" content=\"article\" \/>\n<meta property=\"og:title\" content=\"Waterclouds H202 9% vol 30 Peroxide Cream 9% 1000 ml - SHOPATOA.COM\" \/>\n<meta property=\"og:description\" content=\"Waterclouds H202 9% vol 30, 1000 ml, Crema oxidanta pentru femei, Ob\u021bine\u021bi un rezultat perfect \u00een timpul vopsirii p\u0103rului. Emulsia activatoare Waterclouds H202 9% vol 30 ac\u021bioneaz\u0103 \u00een timpul procesului de vopsire ca un oxidant sau revelator. Utilizarea ei \u00een propor\u021bie corect\u0103 cu vopsea permanent\u0103 asigur\u0103 o acoperire uniform\u0103 \u0219i ajut\u0103 la intensificarea semnificativ\u0103 a...\" \/>\n<meta property=\"og:url\" content=\"https:\/\/shopatoa.com\/ro\/waterclouds-h202-9-vol-30-peroxide-cream-9-1000-ml\/\" \/>\n<meta property=\"og:site_name\" content=\"SHOPATOA\" \/>\n<meta property=\"article:modified_time\" content=\"2026-02-02T17:46:03+00:00\" \/>\n<meta property=\"og:image\" content=\"https:\/\/storage.googleapis.com\/cz-shopatoa-img\/ro\/cef95f0d-unnamed-file.webp\" \/>\n\t<meta property=\"og:image:width\" content=\"800\" \/>\n\t<meta property=\"og:image:height\" content=\"800\" \/>\n\t<meta property=\"og:image:type\" content=\"image\/webp\" \/>\n<meta name=\"twitter:card\" content=\"summary_large_image\" \/>\n<meta name=\"twitter:label1\" content=\"Timp estimat pentru citire\" \/>\n\t<meta name=\"twitter:data1\" content=\"1 minut\" \/>\n<script type=\"application\/ld+json\" class=\"yoast-schema-graph\">{\"@context\":\"https:\\\/\\\/schema.org\",\"@graph\":[{\"@type\":\"WebPage\",\"@id\":\"https:\\\/\\\/shopatoa.com\\\/ro\\\/waterclouds-h202-9-vol-30-peroxide-cream-9-1000-ml\\\/\",\"url\":\"https:\\\/\\\/shopatoa.com\\\/ro\\\/waterclouds-h202-9-vol-30-peroxide-cream-9-1000-ml\\\/\",\"name\":\"Waterclouds H202 9% vol 30 Peroxide Cream 9% 1000 ml - SHOPATOA.COM\",\"isPartOf\":{\"@id\":\"https:\\\/\\\/shopatoa.com\\\/ro\\\/#website\"},\"primaryImageOfPage\":{\"@id\":\"https:\\\/\\\/shopatoa.com\\\/ro\\\/waterclouds-h202-9-vol-30-peroxide-cream-9-1000-ml\\\/#primaryimage\"},\"image\":{\"@id\":\"https:\\\/\\\/shopatoa.com\\\/ro\\\/waterclouds-h202-9-vol-30-peroxide-cream-9-1000-ml\\\/#primaryimage\"},\"thumbnailUrl\":\"https:\\\/\\\/storage.googleapis.com\\\/cz-shopatoa-img\\\/ro\\\/cef95f0d-unnamed-file.webp\",\"datePublished\":\"2025-06-28T19:32:02+00:00\",\"dateModified\":\"2026-02-02T17:46:03+00:00\",\"breadcrumb\":{\"@id\":\"https:\\\/\\\/shopatoa.com\\\/ro\\\/waterclouds-h202-9-vol-30-peroxide-cream-9-1000-ml\\\/#breadcrumb\"},\"inLanguage\":\"ro-RO\",\"potentialAction\":[{\"@type\":\"ReadAction\",\"target\":[\"https:\\\/\\\/shopatoa.com\\\/ro\\\/waterclouds-h202-9-vol-30-peroxide-cream-9-1000-ml\\\/\"]}]},{\"@type\":\"ImageObject\",\"inLanguage\":\"ro-RO\",\"@id\":\"https:\\\/\\\/shopatoa.com\\\/ro\\\/waterclouds-h202-9-vol-30-peroxide-cream-9-1000-ml\\\/#primaryimage\",\"url\":\"https:\\\/\\\/storage.googleapis.com\\\/cz-shopatoa-img\\\/ro\\\/cef95f0d-unnamed-file.webp\",\"contentUrl\":\"https:\\\/\\\/storage.googleapis.com\\\/cz-shopatoa-img\\\/ro\\\/cef95f0d-unnamed-file.webp\",\"width\":800,\"height\":800},{\"@type\":\"BreadcrumbList\",\"@id\":\"https:\\\/\\\/shopatoa.com\\\/ro\\\/waterclouds-h202-9-vol-30-peroxide-cream-9-1000-ml\\\/#breadcrumb\",\"itemListElement\":[{\"@type\":\"ListItem\",\"position\":1,\"name\":\"Dom\u016f\",\"item\":\"https:\\\/\\\/shopatoa.com\\\/ro\\\/\"},{\"@type\":\"ListItem\",\"position\":2,\"name\":\"Shop\",\"item\":\"https:\\\/\\\/shopatoa.com\\\/ro\\\/shop\\\/\"},{\"@type\":\"ListItem\",\"position\":3,\"name\":\"S\u0103n\u0103tate \u0219i frumuse\u021be\",\"item\":\"https:\\\/\\\/shopatoa.com\\\/ro\\\/sanatate-si-frumusete\\\/\"},{\"@type\":\"ListItem\",\"position\":4,\"name\":\"\u00cengrijire personal\u0103\",\"item\":\"https:\\\/\\\/shopatoa.com\\\/ro\\\/ingrijire-personala\\\/\"},{\"@type\":\"ListItem\",\"position\":5,\"name\":\"\u00cengrijirea p\u0103rului\",\"item\":\"https:\\\/\\\/shopatoa.com\\\/ro\\\/ingrijirea-parului\\\/\"},{\"@type\":\"ListItem\",\"position\":6,\"name\":\"Vopsele pentru p\u0103r\",\"item\":\"https:\\\/\\\/shopatoa.com\\\/ro\\\/vopsele-pentru-par\\\/\"},{\"@type\":\"ListItem\",\"position\":7,\"name\":\"Creme oxidante\",\"item\":\"https:\\\/\\\/shopatoa.com\\\/ro\\\/creme-oxidante\\\/\"},{\"@type\":\"ListItem\",\"position\":8,\"name\":\"Waterclouds H202 9% vol 30 Peroxide Cream 9% 1000 ml\"}]},{\"@type\":\"WebSite\",\"@id\":\"https:\\\/\\\/shopatoa.com\\\/ro\\\/#website\",\"url\":\"https:\\\/\\\/shopatoa.com\\\/ro\\\/\",\"name\":\"SHOPATOA\",\"description\":\"\",\"publisher\":{\"@id\":\"https:\\\/\\\/shopatoa.com\\\/ro\\\/#organization\"},\"potentialAction\":[{\"@type\":\"SearchAction\",\"target\":{\"@type\":\"EntryPoint\",\"urlTemplate\":\"https:\\\/\\\/shopatoa.com\\\/ro\\\/?s={search_term_string}\"},\"query-input\":{\"@type\":\"PropertyValueSpecification\",\"valueRequired\":true,\"valueName\":\"search_term_string\"}}],\"inLanguage\":\"ro-RO\"},{\"@type\":\"Organization\",\"@id\":\"https:\\\/\\\/shopatoa.com\\\/ro\\\/#organization\",\"name\":\"SHOPATOA\",\"url\":\"https:\\\/\\\/shopatoa.com\\\/ro\\\/\",\"logo\":{\"@type\":\"ImageObject\",\"inLanguage\":\"ro-RO\",\"@id\":\"https:\\\/\\\/shopatoa.com\\\/ro\\\/#\\\/schema\\\/logo\\\/image\\\/\",\"url\":\"https:\\\/\\\/storage.googleapis.com\\\/cz-shopatoa-img\\\/ro\\\/b4dac915-shopatoa_logo.png\",\"contentUrl\":\"https:\\\/\\\/storage.googleapis.com\\\/cz-shopatoa-img\\\/ro\\\/b4dac915-shopatoa_logo.png\",\"width\":416,\"height\":63,\"caption\":\"SHOPATOA\"},\"image\":{\"@id\":\"https:\\\/\\\/shopatoa.com\\\/ro\\\/#\\\/schema\\\/logo\\\/image\\\/\"}}]}<\/script>\n<!-- \/ Yoast SEO plugin. -->","yoast_head_json":{"title":"Waterclouds H202 9% vol 30 Peroxide Cream 9% 1000 ml - SHOPATOA.COM","robots":{"index":"index","follow":"follow","max-snippet":"max-snippet:-1","max-image-preview":"max-image-preview:large","max-video-preview":"max-video-preview:-1"},"canonical":"https:\/\/shopatoa.com\/ro\/waterclouds-h202-9-vol-30-peroxide-cream-9-1000-ml\/","og_locale":"ro_RO","og_type":"article","og_title":"Waterclouds H202 9% vol 30 Peroxide Cream 9% 1000 ml - SHOPATOA.COM","og_description":"Waterclouds H202 9% vol 30, 1000 ml, Crema oxidanta pentru femei, Ob\u021bine\u021bi un rezultat perfect \u00een timpul vopsirii p\u0103rului. Emulsia activatoare Waterclouds H202 9% vol 30 ac\u021bioneaz\u0103 \u00een timpul procesului de vopsire ca un oxidant sau revelator. Utilizarea ei \u00een propor\u021bie corect\u0103 cu vopsea permanent\u0103 asigur\u0103 o acoperire uniform\u0103 \u0219i ajut\u0103 la intensificarea semnificativ\u0103 a...","og_url":"https:\/\/shopatoa.com\/ro\/waterclouds-h202-9-vol-30-peroxide-cream-9-1000-ml\/","og_site_name":"SHOPATOA","article_modified_time":"2026-02-02T17:46:03+00:00","og_image":[{"width":800,"height":800,"url":"https:\/\/storage.googleapis.com\/cz-shopatoa-img\/ro\/cef95f0d-unnamed-file.webp","type":"image\/webp"}],"twitter_card":"summary_large_image","twitter_misc":{"Timp estimat pentru citire":"1 minut"},"schema":{"@context":"https:\/\/schema.org","@graph":[{"@type":"WebPage","@id":"https:\/\/shopatoa.com\/ro\/waterclouds-h202-9-vol-30-peroxide-cream-9-1000-ml\/","url":"https:\/\/shopatoa.com\/ro\/waterclouds-h202-9-vol-30-peroxide-cream-9-1000-ml\/","name":"Waterclouds H202 9% vol 30 Peroxide Cream 9% 1000 ml - SHOPATOA.COM","isPartOf":{"@id":"https:\/\/shopatoa.com\/ro\/#website"},"primaryImageOfPage":{"@id":"https:\/\/shopatoa.com\/ro\/waterclouds-h202-9-vol-30-peroxide-cream-9-1000-ml\/#primaryimage"},"image":{"@id":"https:\/\/shopatoa.com\/ro\/waterclouds-h202-9-vol-30-peroxide-cream-9-1000-ml\/#primaryimage"},"thumbnailUrl":"https:\/\/storage.googleapis.com\/cz-shopatoa-img\/ro\/cef95f0d-unnamed-file.webp","datePublished":"2025-06-28T19:32:02+00:00","dateModified":"2026-02-02T17:46:03+00:00","breadcrumb":{"@id":"https:\/\/shopatoa.com\/ro\/waterclouds-h202-9-vol-30-peroxide-cream-9-1000-ml\/#breadcrumb"},"inLanguage":"ro-RO","potentialAction":[{"@type":"ReadAction","target":["https:\/\/shopatoa.com\/ro\/waterclouds-h202-9-vol-30-peroxide-cream-9-1000-ml\/"]}]},{"@type":"ImageObject","inLanguage":"ro-RO","@id":"https:\/\/shopatoa.com\/ro\/waterclouds-h202-9-vol-30-peroxide-cream-9-1000-ml\/#primaryimage","url":"https:\/\/storage.googleapis.com\/cz-shopatoa-img\/ro\/cef95f0d-unnamed-file.webp","contentUrl":"https:\/\/storage.googleapis.com\/cz-shopatoa-img\/ro\/cef95f0d-unnamed-file.webp","width":800,"height":800},{"@type":"BreadcrumbList","@id":"https:\/\/shopatoa.com\/ro\/waterclouds-h202-9-vol-30-peroxide-cream-9-1000-ml\/#breadcrumb","itemListElement":[{"@type":"ListItem","position":1,"name":"Dom\u016f","item":"https:\/\/shopatoa.com\/ro\/"},{"@type":"ListItem","position":2,"name":"Shop","item":"https:\/\/shopatoa.com\/ro\/shop\/"},{"@type":"ListItem","position":3,"name":"S\u0103n\u0103tate \u0219i frumuse\u021be","item":"https:\/\/shopatoa.com\/ro\/sanatate-si-frumusete\/"},{"@type":"ListItem","position":4,"name":"\u00cengrijire personal\u0103","item":"https:\/\/shopatoa.com\/ro\/ingrijire-personala\/"},{"@type":"ListItem","position":5,"name":"\u00cengrijirea p\u0103rului","item":"https:\/\/shopatoa.com\/ro\/ingrijirea-parului\/"},{"@type":"ListItem","position":6,"name":"Vopsele pentru p\u0103r","item":"https:\/\/shopatoa.com\/ro\/vopsele-pentru-par\/"},{"@type":"ListItem","position":7,"name":"Creme oxidante","item":"https:\/\/shopatoa.com\/ro\/creme-oxidante\/"},{"@type":"ListItem","position":8,"name":"Waterclouds H202 9% vol 30 Peroxide Cream 9% 1000 ml"}]},{"@type":"WebSite","@id":"https:\/\/shopatoa.com\/ro\/#website","url":"https:\/\/shopatoa.com\/ro\/","name":"SHOPATOA","description":"","publisher":{"@id":"https:\/\/shopatoa.com\/ro\/#organization"},"potentialAction":[{"@type":"SearchAction","target":{"@type":"EntryPoint","urlTemplate":"https:\/\/shopatoa.com\/ro\/?s={search_term_string}"},"query-input":{"@type":"PropertyValueSpecification","valueRequired":true,"valueName":"search_term_string"}}],"inLanguage":"ro-RO"},{"@type":"Organization","@id":"https:\/\/shopatoa.com\/ro\/#organization","name":"SHOPATOA","url":"https:\/\/shopatoa.com\/ro\/","logo":{"@type":"ImageObject","inLanguage":"ro-RO","@id":"https:\/\/shopatoa.com\/ro\/#\/schema\/logo\/image\/","url":"https:\/\/storage.googleapis.com\/cz-shopatoa-img\/ro\/b4dac915-shopatoa_logo.png","contentUrl":"https:\/\/storage.googleapis.com\/cz-shopatoa-img\/ro\/b4dac915-shopatoa_logo.png","width":416,"height":63,"caption":"SHOPATOA"},"image":{"@id":"https:\/\/shopatoa.com\/ro\/#\/schema\/logo\/image\/"}}]}},"_links":{"self":[{"href":"https:\/\/shopatoa.com\/ro\/wp-json\/wp\/v2\/product\/470473","targetHints":{"allow":["GET"]}}],"collection":[{"href":"https:\/\/shopatoa.com\/ro\/wp-json\/wp\/v2\/product"}],"about":[{"href":"https:\/\/shopatoa.com\/ro\/wp-json\/wp\/v2\/types\/product"}],"replies":[{"embeddable":true,"href":"https:\/\/shopatoa.com\/ro\/wp-json\/wp\/v2\/comments?post=470473"}],"wp:featuredmedia":[{"embeddable":true,"href":"https:\/\/shopatoa.com\/ro\/wp-json\/wp\/v2\/media\/470474"}],"wp:attachment":[{"href":"https:\/\/shopatoa.com\/ro\/wp-json\/wp\/v2\/media?parent=470473"}],"wp:term":[{"taxonomy":"product_brand","embeddable":true,"href":"https:\/\/shopatoa.com\/ro\/wp-json\/wp\/v2\/product_brand?post=470473"},{"taxonomy":"product_cat","embeddable":true,"href":"https:\/\/shopatoa.com\/ro\/wp-json\/wp\/v2\/product_cat?post=470473"},{"taxonomy":"product_tag","embeddable":true,"href":"https:\/\/shopatoa.com\/ro\/wp-json\/wp\/v2\/product_tag?post=470473"}],"curies":[{"name":"wp","href":"https:\/\/api.w.org\/{rel}","templated":true}]}}