{"id":470847,"date":"2025-06-28T22:10:30","date_gmt":"2025-06-28T20:10:30","guid":{"rendered":"https:\/\/shopatoa.com\/ro\/philips-avent-natural-response-scy903-02-biberon-pentru-sugari-1-m-2x260-ml\/"},"modified":"2026-02-02T17:48:14","modified_gmt":"2026-02-02T16:48:14","slug":"philips-avent-natural-response-scy903-02-biberon-pentru-sugari-1-m-2x260-ml","status":"publish","type":"product","link":"https:\/\/shopatoa.com\/ro\/philips-avent-natural-response-scy903-02-biberon-pentru-sugari-1-m-2x260-ml\/","title":{"rendered":"Philips Avent Natural Response SCY903\/02 biberon pentru sugari 1 m+ 2&#215;260 ml"},"content":{"rendered":"<p>Philips Avent Natural Response SCY903\/02, 2&#215;260 ml, Biberoane pentru copii, \u00cen momentele c\u00e2nd al\u0103ptarea la s\u00e2n nu este posibil\u0103, v\u0103 pute\u021bi baza pe biberonul Philips Avent Natural Response SCY903\/02. Forma special\u0103 a tetinei ofer\u0103 copilului o senza\u021bie de confort, foarte important\u0103 pentru o nevoie de baz\u0103, cum este hr\u0103nirea.  Caracteristici:  stimuleaz\u0103 copilul s\u0103 sug\u0103 activ, la fel ca \u00een cazul al\u0103pt\u0103rii forma special\u0103 u\u0219ureaz\u0103 men\u021binerea sticlei \u00een pozi\u021bia corect\u0103 sistem de dezaerare eficient g\u00e2tul larg garanteaz\u0103 u\u0219urin\u021ba la umplere \u0219i la cur\u0103\u021bare tetin\u0103 din silicon ajut\u0103 copilul s\u0103 bea lini\u0219tit \u0219i relaxat p\u0103streaz\u0103 activitatea normal\u0103 a mu\u0219chilor gurii \u0219i ai limbii ajut\u0103 la reducerea inciden\u021bei colicilor permite combinarea hr\u0103nirii cu biberonul cu suptul la s\u00e2n favorizeaz\u0103 coordonarea corect\u0103 a suptului cu \u00eenghi\u021birea \u0219i respira\u021bia<\/p>\n","protected":false},"excerpt":{"rendered":"<p>Philips Avent Natural Response SCY903\/02, 2&#215;260 ml, Biberoane pentru copii, \u00cen momentele c\u00e2nd al\u0103ptarea la s\u00e2n nu este posibil\u0103, v\u0103 pute\u021bi baza pe biberonul Philips Avent Natural Response SCY903\/02. Forma special\u0103 a tetinei ofer\u0103 copilului o senza\u021bie de confort, foarte important\u0103 pentru o nevoie de baz\u0103, cum este hr\u0103nirea. Caracteristici: stimuleaz\u0103 copilul s\u0103 sug\u0103 activ,&#8230;<\/p>\n","protected":false},"featured_media":470848,"comment_status":"closed","ping_status":"open","template":"","meta":{"_acf_changed":false,"_kadence_starter_templates_imported_post":false,"_kad_post_transparent":"","_kad_post_title":"","_kad_post_layout":"","_kad_post_sidebar_id":"","_kad_post_content_style":"","_kad_post_vertical_padding":"","_kad_post_feature":"","_kad_post_feature_position":"","_kad_post_header":false,"_kad_post_footer":false,"_kad_post_classname":""},"product_brand":[2743],"product_cat":[3901,3897,3893],"product_tag":[],"class_list":{"0":"post-470847","1":"product","2":"type-product","3":"status-publish","4":"has-post-thumbnail","6":"product_brand-philips-avent","7":"product_cat-biberoane","8":"product_cat-biberoane-si-vesela-pentru-copii","9":"product_cat-copii-si-sugari","10":"pa_gen-unisex","11":"pa_marime-2x260-ml","13":"first","14":"instock","15":"sale","16":"product-type-external","17":"entry","18":"content-bg","19":"loop-entry"},"acf":[],"yoast_head":"<!-- This site is optimized with the Yoast SEO plugin v27.4 - https:\/\/yoast.com\/product\/yoast-seo-wordpress\/ -->\n<title>Philips Avent Natural Response SCY903\/02 biberon pentru sugari 1 m+ 2x260 ml - SHOPATOA.COM<\/title>\n<meta name=\"robots\" content=\"index, follow, max-snippet:-1, max-image-preview:large, max-video-preview:-1\" \/>\n<link rel=\"canonical\" href=\"https:\/\/shopatoa.com\/ro\/philips-avent-natural-response-scy903-02-biberon-pentru-sugari-1-m-2x260-ml\/\" \/>\n<meta property=\"og:locale\" content=\"ro_RO\" \/>\n<meta property=\"og:type\" content=\"article\" \/>\n<meta property=\"og:title\" content=\"Philips Avent Natural Response SCY903\/02 biberon pentru sugari 1 m+ 2x260 ml - SHOPATOA.COM\" \/>\n<meta property=\"og:description\" content=\"Philips Avent Natural Response SCY903\/02, 2&#215;260 ml, Biberoane pentru copii, \u00cen momentele c\u00e2nd al\u0103ptarea la s\u00e2n nu este posibil\u0103, v\u0103 pute\u021bi baza pe biberonul Philips Avent Natural Response SCY903\/02. Forma special\u0103 a tetinei ofer\u0103 copilului o senza\u021bie de confort, foarte important\u0103 pentru o nevoie de baz\u0103, cum este hr\u0103nirea. Caracteristici: stimuleaz\u0103 copilul s\u0103 sug\u0103 activ,...\" \/>\n<meta property=\"og:url\" content=\"https:\/\/shopatoa.com\/ro\/philips-avent-natural-response-scy903-02-biberon-pentru-sugari-1-m-2x260-ml\/\" \/>\n<meta property=\"og:site_name\" content=\"SHOPATOA\" \/>\n<meta property=\"article:modified_time\" content=\"2026-02-02T16:48:14+00:00\" \/>\n<meta property=\"og:image\" content=\"https:\/\/storage.googleapis.com\/cz-shopatoa-img\/ro\/6a029eda-unnamed-file.webp\" \/>\n\t<meta property=\"og:image:width\" content=\"800\" \/>\n\t<meta property=\"og:image:height\" content=\"800\" \/>\n\t<meta property=\"og:image:type\" content=\"image\/webp\" \/>\n<meta name=\"twitter:card\" content=\"summary_large_image\" \/>\n<meta name=\"twitter:label1\" content=\"Timp estimat pentru citire\" \/>\n\t<meta name=\"twitter:data1\" content=\"1 minut\" \/>\n<script type=\"application\/ld+json\" class=\"yoast-schema-graph\">{\"@context\":\"https:\\\/\\\/schema.org\",\"@graph\":[{\"@type\":\"WebPage\",\"@id\":\"https:\\\/\\\/shopatoa.com\\\/ro\\\/philips-avent-natural-response-scy903-02-biberon-pentru-sugari-1-m-2x260-ml\\\/\",\"url\":\"https:\\\/\\\/shopatoa.com\\\/ro\\\/philips-avent-natural-response-scy903-02-biberon-pentru-sugari-1-m-2x260-ml\\\/\",\"name\":\"Philips Avent Natural Response SCY903\\\/02 biberon pentru sugari 1 m+ 2x260 ml - SHOPATOA.COM\",\"isPartOf\":{\"@id\":\"https:\\\/\\\/shopatoa.com\\\/ro\\\/#website\"},\"primaryImageOfPage\":{\"@id\":\"https:\\\/\\\/shopatoa.com\\\/ro\\\/philips-avent-natural-response-scy903-02-biberon-pentru-sugari-1-m-2x260-ml\\\/#primaryimage\"},\"image\":{\"@id\":\"https:\\\/\\\/shopatoa.com\\\/ro\\\/philips-avent-natural-response-scy903-02-biberon-pentru-sugari-1-m-2x260-ml\\\/#primaryimage\"},\"thumbnailUrl\":\"https:\\\/\\\/storage.googleapis.com\\\/cz-shopatoa-img\\\/ro\\\/6a029eda-unnamed-file.webp\",\"datePublished\":\"2025-06-28T20:10:30+00:00\",\"dateModified\":\"2026-02-02T16:48:14+00:00\",\"breadcrumb\":{\"@id\":\"https:\\\/\\\/shopatoa.com\\\/ro\\\/philips-avent-natural-response-scy903-02-biberon-pentru-sugari-1-m-2x260-ml\\\/#breadcrumb\"},\"inLanguage\":\"ro-RO\",\"potentialAction\":[{\"@type\":\"ReadAction\",\"target\":[\"https:\\\/\\\/shopatoa.com\\\/ro\\\/philips-avent-natural-response-scy903-02-biberon-pentru-sugari-1-m-2x260-ml\\\/\"]}]},{\"@type\":\"ImageObject\",\"inLanguage\":\"ro-RO\",\"@id\":\"https:\\\/\\\/shopatoa.com\\\/ro\\\/philips-avent-natural-response-scy903-02-biberon-pentru-sugari-1-m-2x260-ml\\\/#primaryimage\",\"url\":\"https:\\\/\\\/storage.googleapis.com\\\/cz-shopatoa-img\\\/ro\\\/6a029eda-unnamed-file.webp\",\"contentUrl\":\"https:\\\/\\\/storage.googleapis.com\\\/cz-shopatoa-img\\\/ro\\\/6a029eda-unnamed-file.webp\",\"width\":800,\"height\":800},{\"@type\":\"BreadcrumbList\",\"@id\":\"https:\\\/\\\/shopatoa.com\\\/ro\\\/philips-avent-natural-response-scy903-02-biberon-pentru-sugari-1-m-2x260-ml\\\/#breadcrumb\",\"itemListElement\":[{\"@type\":\"ListItem\",\"position\":1,\"name\":\"Dom\u016f\",\"item\":\"https:\\\/\\\/shopatoa.com\\\/ro\\\/\"},{\"@type\":\"ListItem\",\"position\":2,\"name\":\"Shop\",\"item\":\"https:\\\/\\\/shopatoa.com\\\/ro\\\/shop\\\/\"},{\"@type\":\"ListItem\",\"position\":3,\"name\":\"Copii \u0219i sugari\",\"item\":\"https:\\\/\\\/shopatoa.com\\\/ro\\\/copii-si-sugari\\\/\"},{\"@type\":\"ListItem\",\"position\":4,\"name\":\"Biberoane \u0219i vesel\u0103 pentru copii\",\"item\":\"https:\\\/\\\/shopatoa.com\\\/ro\\\/biberoane-si-vesela-pentru-copii\\\/\"},{\"@type\":\"ListItem\",\"position\":5,\"name\":\"Biberoane\",\"item\":\"https:\\\/\\\/shopatoa.com\\\/ro\\\/biberoane\\\/\"},{\"@type\":\"ListItem\",\"position\":6,\"name\":\"Philips Avent Natural Response SCY903\\\/02 biberon pentru sugari 1 m+ 2&#215;260 ml\"}]},{\"@type\":\"WebSite\",\"@id\":\"https:\\\/\\\/shopatoa.com\\\/ro\\\/#website\",\"url\":\"https:\\\/\\\/shopatoa.com\\\/ro\\\/\",\"name\":\"SHOPATOA\",\"description\":\"\",\"publisher\":{\"@id\":\"https:\\\/\\\/shopatoa.com\\\/ro\\\/#organization\"},\"potentialAction\":[{\"@type\":\"SearchAction\",\"target\":{\"@type\":\"EntryPoint\",\"urlTemplate\":\"https:\\\/\\\/shopatoa.com\\\/ro\\\/?s={search_term_string}\"},\"query-input\":{\"@type\":\"PropertyValueSpecification\",\"valueRequired\":true,\"valueName\":\"search_term_string\"}}],\"inLanguage\":\"ro-RO\"},{\"@type\":\"Organization\",\"@id\":\"https:\\\/\\\/shopatoa.com\\\/ro\\\/#organization\",\"name\":\"SHOPATOA\",\"url\":\"https:\\\/\\\/shopatoa.com\\\/ro\\\/\",\"logo\":{\"@type\":\"ImageObject\",\"inLanguage\":\"ro-RO\",\"@id\":\"https:\\\/\\\/shopatoa.com\\\/ro\\\/#\\\/schema\\\/logo\\\/image\\\/\",\"url\":\"https:\\\/\\\/storage.googleapis.com\\\/cz-shopatoa-img\\\/ro\\\/b4dac915-shopatoa_logo.png\",\"contentUrl\":\"https:\\\/\\\/storage.googleapis.com\\\/cz-shopatoa-img\\\/ro\\\/b4dac915-shopatoa_logo.png\",\"width\":416,\"height\":63,\"caption\":\"SHOPATOA\"},\"image\":{\"@id\":\"https:\\\/\\\/shopatoa.com\\\/ro\\\/#\\\/schema\\\/logo\\\/image\\\/\"}}]}<\/script>\n<!-- \/ Yoast SEO plugin. -->","yoast_head_json":{"title":"Philips Avent Natural Response SCY903\/02 biberon pentru sugari 1 m+ 2x260 ml - SHOPATOA.COM","robots":{"index":"index","follow":"follow","max-snippet":"max-snippet:-1","max-image-preview":"max-image-preview:large","max-video-preview":"max-video-preview:-1"},"canonical":"https:\/\/shopatoa.com\/ro\/philips-avent-natural-response-scy903-02-biberon-pentru-sugari-1-m-2x260-ml\/","og_locale":"ro_RO","og_type":"article","og_title":"Philips Avent Natural Response SCY903\/02 biberon pentru sugari 1 m+ 2x260 ml - SHOPATOA.COM","og_description":"Philips Avent Natural Response SCY903\/02, 2&#215;260 ml, Biberoane pentru copii, \u00cen momentele c\u00e2nd al\u0103ptarea la s\u00e2n nu este posibil\u0103, v\u0103 pute\u021bi baza pe biberonul Philips Avent Natural Response SCY903\/02. Forma special\u0103 a tetinei ofer\u0103 copilului o senza\u021bie de confort, foarte important\u0103 pentru o nevoie de baz\u0103, cum este hr\u0103nirea. Caracteristici: stimuleaz\u0103 copilul s\u0103 sug\u0103 activ,...","og_url":"https:\/\/shopatoa.com\/ro\/philips-avent-natural-response-scy903-02-biberon-pentru-sugari-1-m-2x260-ml\/","og_site_name":"SHOPATOA","article_modified_time":"2026-02-02T16:48:14+00:00","og_image":[{"width":800,"height":800,"url":"https:\/\/storage.googleapis.com\/cz-shopatoa-img\/ro\/6a029eda-unnamed-file.webp","type":"image\/webp"}],"twitter_card":"summary_large_image","twitter_misc":{"Timp estimat pentru citire":"1 minut"},"schema":{"@context":"https:\/\/schema.org","@graph":[{"@type":"WebPage","@id":"https:\/\/shopatoa.com\/ro\/philips-avent-natural-response-scy903-02-biberon-pentru-sugari-1-m-2x260-ml\/","url":"https:\/\/shopatoa.com\/ro\/philips-avent-natural-response-scy903-02-biberon-pentru-sugari-1-m-2x260-ml\/","name":"Philips Avent Natural Response SCY903\/02 biberon pentru sugari 1 m+ 2x260 ml - SHOPATOA.COM","isPartOf":{"@id":"https:\/\/shopatoa.com\/ro\/#website"},"primaryImageOfPage":{"@id":"https:\/\/shopatoa.com\/ro\/philips-avent-natural-response-scy903-02-biberon-pentru-sugari-1-m-2x260-ml\/#primaryimage"},"image":{"@id":"https:\/\/shopatoa.com\/ro\/philips-avent-natural-response-scy903-02-biberon-pentru-sugari-1-m-2x260-ml\/#primaryimage"},"thumbnailUrl":"https:\/\/storage.googleapis.com\/cz-shopatoa-img\/ro\/6a029eda-unnamed-file.webp","datePublished":"2025-06-28T20:10:30+00:00","dateModified":"2026-02-02T16:48:14+00:00","breadcrumb":{"@id":"https:\/\/shopatoa.com\/ro\/philips-avent-natural-response-scy903-02-biberon-pentru-sugari-1-m-2x260-ml\/#breadcrumb"},"inLanguage":"ro-RO","potentialAction":[{"@type":"ReadAction","target":["https:\/\/shopatoa.com\/ro\/philips-avent-natural-response-scy903-02-biberon-pentru-sugari-1-m-2x260-ml\/"]}]},{"@type":"ImageObject","inLanguage":"ro-RO","@id":"https:\/\/shopatoa.com\/ro\/philips-avent-natural-response-scy903-02-biberon-pentru-sugari-1-m-2x260-ml\/#primaryimage","url":"https:\/\/storage.googleapis.com\/cz-shopatoa-img\/ro\/6a029eda-unnamed-file.webp","contentUrl":"https:\/\/storage.googleapis.com\/cz-shopatoa-img\/ro\/6a029eda-unnamed-file.webp","width":800,"height":800},{"@type":"BreadcrumbList","@id":"https:\/\/shopatoa.com\/ro\/philips-avent-natural-response-scy903-02-biberon-pentru-sugari-1-m-2x260-ml\/#breadcrumb","itemListElement":[{"@type":"ListItem","position":1,"name":"Dom\u016f","item":"https:\/\/shopatoa.com\/ro\/"},{"@type":"ListItem","position":2,"name":"Shop","item":"https:\/\/shopatoa.com\/ro\/shop\/"},{"@type":"ListItem","position":3,"name":"Copii \u0219i sugari","item":"https:\/\/shopatoa.com\/ro\/copii-si-sugari\/"},{"@type":"ListItem","position":4,"name":"Biberoane \u0219i vesel\u0103 pentru copii","item":"https:\/\/shopatoa.com\/ro\/biberoane-si-vesela-pentru-copii\/"},{"@type":"ListItem","position":5,"name":"Biberoane","item":"https:\/\/shopatoa.com\/ro\/biberoane\/"},{"@type":"ListItem","position":6,"name":"Philips Avent Natural Response SCY903\/02 biberon pentru sugari 1 m+ 2&#215;260 ml"}]},{"@type":"WebSite","@id":"https:\/\/shopatoa.com\/ro\/#website","url":"https:\/\/shopatoa.com\/ro\/","name":"SHOPATOA","description":"","publisher":{"@id":"https:\/\/shopatoa.com\/ro\/#organization"},"potentialAction":[{"@type":"SearchAction","target":{"@type":"EntryPoint","urlTemplate":"https:\/\/shopatoa.com\/ro\/?s={search_term_string}"},"query-input":{"@type":"PropertyValueSpecification","valueRequired":true,"valueName":"search_term_string"}}],"inLanguage":"ro-RO"},{"@type":"Organization","@id":"https:\/\/shopatoa.com\/ro\/#organization","name":"SHOPATOA","url":"https:\/\/shopatoa.com\/ro\/","logo":{"@type":"ImageObject","inLanguage":"ro-RO","@id":"https:\/\/shopatoa.com\/ro\/#\/schema\/logo\/image\/","url":"https:\/\/storage.googleapis.com\/cz-shopatoa-img\/ro\/b4dac915-shopatoa_logo.png","contentUrl":"https:\/\/storage.googleapis.com\/cz-shopatoa-img\/ro\/b4dac915-shopatoa_logo.png","width":416,"height":63,"caption":"SHOPATOA"},"image":{"@id":"https:\/\/shopatoa.com\/ro\/#\/schema\/logo\/image\/"}}]}},"_links":{"self":[{"href":"https:\/\/shopatoa.com\/ro\/wp-json\/wp\/v2\/product\/470847","targetHints":{"allow":["GET"]}}],"collection":[{"href":"https:\/\/shopatoa.com\/ro\/wp-json\/wp\/v2\/product"}],"about":[{"href":"https:\/\/shopatoa.com\/ro\/wp-json\/wp\/v2\/types\/product"}],"replies":[{"embeddable":true,"href":"https:\/\/shopatoa.com\/ro\/wp-json\/wp\/v2\/comments?post=470847"}],"wp:featuredmedia":[{"embeddable":true,"href":"https:\/\/shopatoa.com\/ro\/wp-json\/wp\/v2\/media\/470848"}],"wp:attachment":[{"href":"https:\/\/shopatoa.com\/ro\/wp-json\/wp\/v2\/media?parent=470847"}],"wp:term":[{"taxonomy":"product_brand","embeddable":true,"href":"https:\/\/shopatoa.com\/ro\/wp-json\/wp\/v2\/product_brand?post=470847"},{"taxonomy":"product_cat","embeddable":true,"href":"https:\/\/shopatoa.com\/ro\/wp-json\/wp\/v2\/product_cat?post=470847"},{"taxonomy":"product_tag","embeddable":true,"href":"https:\/\/shopatoa.com\/ro\/wp-json\/wp\/v2\/product_tag?post=470847"}],"curies":[{"name":"wp","href":"https:\/\/api.w.org\/{rel}","templated":true}]}}