{"id":470855,"date":"2025-06-28T22:10:30","date_gmt":"2025-06-28T20:10:30","guid":{"rendered":"https:\/\/shopatoa.com\/ro\/flawless-finishing-touch-dermaplane-glow-produs-pentru-indepartarea-parului-faciale\/"},"modified":"2026-02-02T17:47:31","modified_gmt":"2026-02-02T16:47:31","slug":"flawless-finishing-touch-dermaplane-glow-produs-pentru-indepartarea-parului-faciale","status":"publish","type":"product","link":"https:\/\/shopatoa.com\/ro\/flawless-finishing-touch-dermaplane-glow-produs-pentru-indepartarea-parului-faciale\/","title":{"rendered":"Flawless Finishing Touch Dermaplane Glow produs pentru \u00eendep\u0103rtarea p\u0103rului faciale"},"content":{"rendered":"<p>Flawless Finishing Touch Dermaplane Glow, Epilatoare pentru fa\u021b\u0103 pentru femei, Gata cu firele de p\u0103r nedorite \u0219i cu grijile \u00een privin\u021ba rasului frecvent, bucura\u021bi-v\u0103 de un ten perfect neted. Epilatorul facial Flawless Finishing Touch Dermaplane Glow \u00eendep\u0103rteaz\u0103 cu precizie firele de p\u0103r mai lungi, mai scurte \u0219i foarte fine de pe fa\u021b\u0103 \u2013 u\u0219or, rapid \u0219i pe termen lung.  Caracteristici:  \u00eenl\u0103tur\u0103 de pe ten firele de p\u0103r nedorite \u00eenl\u0103tur\u0103 de pe ten celulele cutanate moarte confer\u0103 tenului un aspect s\u0103n\u0103tos \u0219i str\u0103lucitor func\u021bioneaz\u0103 cu baterii  Cum se utilizeaz\u0103: Se utilizeaz\u0103 conform instruc\u021biunilor incluse.<\/p>\n","protected":false},"excerpt":{"rendered":"<p>Flawless Finishing Touch Dermaplane Glow, Epilatoare pentru fa\u021b\u0103 pentru femei, Gata cu firele de p\u0103r nedorite \u0219i cu grijile \u00een privin\u021ba rasului frecvent, bucura\u021bi-v\u0103 de un ten perfect neted. Epilatorul facial Flawless Finishing Touch Dermaplane Glow \u00eendep\u0103rteaz\u0103 cu precizie firele de p\u0103r mai lungi, mai scurte \u0219i foarte fine de pe fa\u021b\u0103 \u2013 u\u0219or, rapid&#8230;<\/p>\n","protected":false},"featured_media":470856,"comment_status":"closed","ping_status":"open","template":"","meta":{"_acf_changed":false,"_kadence_starter_templates_imported_post":false,"_kad_post_transparent":"","_kad_post_title":"","_kad_post_layout":"","_kad_post_sidebar_id":"","_kad_post_content_style":"","_kad_post_vertical_padding":"","_kad_post_feature":"","_kad_post_feature_position":"","_kad_post_header":false,"_kad_post_footer":false,"_kad_post_classname":""},"product_brand":[3675],"product_cat":[1564,3942,4068,1563,1565,1562],"product_tag":[],"class_list":{"0":"post-470855","1":"product","2":"type-product","3":"status-publish","4":"has-post-thumbnail","6":"product_brand-flawless","7":"product_cat-cosmetice-ingrijire-personala","8":"product_cat-electronice-ingrijirea-pielii","9":"product_cat-epilatoare-facciale","10":"product_cat-ingrijire-personala","11":"product_cat-ingrijirea-pielii","12":"product_cat-sanatate-si-frumusete","13":"pa_gen-female","15":"first","16":"instock","17":"sale","18":"product-type-external","19":"entry","20":"content-bg","21":"loop-entry"},"acf":[],"yoast_head":"<!-- This site is optimized with the Yoast SEO plugin v27.4 - https:\/\/yoast.com\/product\/yoast-seo-wordpress\/ -->\n<title>Flawless Finishing Touch Dermaplane Glow produs pentru \u00eendep\u0103rtarea p\u0103rului faciale - SHOPATOA.COM<\/title>\n<meta name=\"robots\" content=\"index, follow, max-snippet:-1, max-image-preview:large, max-video-preview:-1\" \/>\n<link rel=\"canonical\" href=\"https:\/\/shopatoa.com\/ro\/flawless-finishing-touch-dermaplane-glow-produs-pentru-indepartarea-parului-faciale\/\" \/>\n<meta property=\"og:locale\" content=\"ro_RO\" \/>\n<meta property=\"og:type\" content=\"article\" \/>\n<meta property=\"og:title\" content=\"Flawless Finishing Touch Dermaplane Glow produs pentru \u00eendep\u0103rtarea p\u0103rului faciale - SHOPATOA.COM\" \/>\n<meta property=\"og:description\" content=\"Flawless Finishing Touch Dermaplane Glow, Epilatoare pentru fa\u021b\u0103 pentru femei, Gata cu firele de p\u0103r nedorite \u0219i cu grijile \u00een privin\u021ba rasului frecvent, bucura\u021bi-v\u0103 de un ten perfect neted. Epilatorul facial Flawless Finishing Touch Dermaplane Glow \u00eendep\u0103rteaz\u0103 cu precizie firele de p\u0103r mai lungi, mai scurte \u0219i foarte fine de pe fa\u021b\u0103 \u2013 u\u0219or, rapid...\" \/>\n<meta property=\"og:url\" content=\"https:\/\/shopatoa.com\/ro\/flawless-finishing-touch-dermaplane-glow-produs-pentru-indepartarea-parului-faciale\/\" \/>\n<meta property=\"og:site_name\" content=\"SHOPATOA\" \/>\n<meta property=\"article:modified_time\" content=\"2026-02-02T16:47:31+00:00\" \/>\n<meta property=\"og:image\" content=\"https:\/\/storage.googleapis.com\/cz-shopatoa-img\/ro\/8bfdb79e-unnamed-file.webp\" \/>\n\t<meta property=\"og:image:width\" content=\"800\" \/>\n\t<meta property=\"og:image:height\" content=\"800\" \/>\n\t<meta property=\"og:image:type\" content=\"image\/webp\" \/>\n<meta name=\"twitter:card\" content=\"summary_large_image\" \/>\n<meta name=\"twitter:label1\" content=\"Timp estimat pentru citire\" \/>\n\t<meta name=\"twitter:data1\" content=\"1 minut\" \/>\n<script type=\"application\/ld+json\" class=\"yoast-schema-graph\">{\"@context\":\"https:\\\/\\\/schema.org\",\"@graph\":[{\"@type\":\"WebPage\",\"@id\":\"https:\\\/\\\/shopatoa.com\\\/ro\\\/flawless-finishing-touch-dermaplane-glow-produs-pentru-indepartarea-parului-faciale\\\/\",\"url\":\"https:\\\/\\\/shopatoa.com\\\/ro\\\/flawless-finishing-touch-dermaplane-glow-produs-pentru-indepartarea-parului-faciale\\\/\",\"name\":\"Flawless Finishing Touch Dermaplane Glow produs pentru \u00eendep\u0103rtarea p\u0103rului faciale - SHOPATOA.COM\",\"isPartOf\":{\"@id\":\"https:\\\/\\\/shopatoa.com\\\/ro\\\/#website\"},\"primaryImageOfPage\":{\"@id\":\"https:\\\/\\\/shopatoa.com\\\/ro\\\/flawless-finishing-touch-dermaplane-glow-produs-pentru-indepartarea-parului-faciale\\\/#primaryimage\"},\"image\":{\"@id\":\"https:\\\/\\\/shopatoa.com\\\/ro\\\/flawless-finishing-touch-dermaplane-glow-produs-pentru-indepartarea-parului-faciale\\\/#primaryimage\"},\"thumbnailUrl\":\"https:\\\/\\\/storage.googleapis.com\\\/cz-shopatoa-img\\\/ro\\\/8bfdb79e-unnamed-file.webp\",\"datePublished\":\"2025-06-28T20:10:30+00:00\",\"dateModified\":\"2026-02-02T16:47:31+00:00\",\"breadcrumb\":{\"@id\":\"https:\\\/\\\/shopatoa.com\\\/ro\\\/flawless-finishing-touch-dermaplane-glow-produs-pentru-indepartarea-parului-faciale\\\/#breadcrumb\"},\"inLanguage\":\"ro-RO\",\"potentialAction\":[{\"@type\":\"ReadAction\",\"target\":[\"https:\\\/\\\/shopatoa.com\\\/ro\\\/flawless-finishing-touch-dermaplane-glow-produs-pentru-indepartarea-parului-faciale\\\/\"]}]},{\"@type\":\"ImageObject\",\"inLanguage\":\"ro-RO\",\"@id\":\"https:\\\/\\\/shopatoa.com\\\/ro\\\/flawless-finishing-touch-dermaplane-glow-produs-pentru-indepartarea-parului-faciale\\\/#primaryimage\",\"url\":\"https:\\\/\\\/storage.googleapis.com\\\/cz-shopatoa-img\\\/ro\\\/8bfdb79e-unnamed-file.webp\",\"contentUrl\":\"https:\\\/\\\/storage.googleapis.com\\\/cz-shopatoa-img\\\/ro\\\/8bfdb79e-unnamed-file.webp\",\"width\":800,\"height\":800},{\"@type\":\"BreadcrumbList\",\"@id\":\"https:\\\/\\\/shopatoa.com\\\/ro\\\/flawless-finishing-touch-dermaplane-glow-produs-pentru-indepartarea-parului-faciale\\\/#breadcrumb\",\"itemListElement\":[{\"@type\":\"ListItem\",\"position\":1,\"name\":\"Dom\u016f\",\"item\":\"https:\\\/\\\/shopatoa.com\\\/ro\\\/\"},{\"@type\":\"ListItem\",\"position\":2,\"name\":\"Shop\",\"item\":\"https:\\\/\\\/shopatoa.com\\\/ro\\\/shop\\\/\"},{\"@type\":\"ListItem\",\"position\":3,\"name\":\"S\u0103n\u0103tate \u0219i frumuse\u021be\",\"item\":\"https:\\\/\\\/shopatoa.com\\\/ro\\\/sanatate-si-frumusete\\\/\"},{\"@type\":\"ListItem\",\"position\":4,\"name\":\"\u00cengrijire personal\u0103\",\"item\":\"https:\\\/\\\/shopatoa.com\\\/ro\\\/ingrijire-personala\\\/\"},{\"@type\":\"ListItem\",\"position\":5,\"name\":\"Cosmetice\",\"item\":\"https:\\\/\\\/shopatoa.com\\\/ro\\\/cosmetice-ingrijire-personala\\\/\"},{\"@type\":\"ListItem\",\"position\":6,\"name\":\"\u00cengrijirea pielii\",\"item\":\"https:\\\/\\\/shopatoa.com\\\/ro\\\/ingrijirea-pielii\\\/\"},{\"@type\":\"ListItem\",\"position\":7,\"name\":\"Electronice\",\"item\":\"https:\\\/\\\/shopatoa.com\\\/ro\\\/electronice-ingrijirea-pielii\\\/\"},{\"@type\":\"ListItem\",\"position\":8,\"name\":\"Epilatoare facciale\",\"item\":\"https:\\\/\\\/shopatoa.com\\\/ro\\\/epilatoare-facciale\\\/\"},{\"@type\":\"ListItem\",\"position\":9,\"name\":\"Flawless Finishing Touch Dermaplane Glow produs pentru \u00eendep\u0103rtarea p\u0103rului faciale\"}]},{\"@type\":\"WebSite\",\"@id\":\"https:\\\/\\\/shopatoa.com\\\/ro\\\/#website\",\"url\":\"https:\\\/\\\/shopatoa.com\\\/ro\\\/\",\"name\":\"SHOPATOA\",\"description\":\"\",\"publisher\":{\"@id\":\"https:\\\/\\\/shopatoa.com\\\/ro\\\/#organization\"},\"potentialAction\":[{\"@type\":\"SearchAction\",\"target\":{\"@type\":\"EntryPoint\",\"urlTemplate\":\"https:\\\/\\\/shopatoa.com\\\/ro\\\/?s={search_term_string}\"},\"query-input\":{\"@type\":\"PropertyValueSpecification\",\"valueRequired\":true,\"valueName\":\"search_term_string\"}}],\"inLanguage\":\"ro-RO\"},{\"@type\":\"Organization\",\"@id\":\"https:\\\/\\\/shopatoa.com\\\/ro\\\/#organization\",\"name\":\"SHOPATOA\",\"url\":\"https:\\\/\\\/shopatoa.com\\\/ro\\\/\",\"logo\":{\"@type\":\"ImageObject\",\"inLanguage\":\"ro-RO\",\"@id\":\"https:\\\/\\\/shopatoa.com\\\/ro\\\/#\\\/schema\\\/logo\\\/image\\\/\",\"url\":\"https:\\\/\\\/storage.googleapis.com\\\/cz-shopatoa-img\\\/ro\\\/b4dac915-shopatoa_logo.png\",\"contentUrl\":\"https:\\\/\\\/storage.googleapis.com\\\/cz-shopatoa-img\\\/ro\\\/b4dac915-shopatoa_logo.png\",\"width\":416,\"height\":63,\"caption\":\"SHOPATOA\"},\"image\":{\"@id\":\"https:\\\/\\\/shopatoa.com\\\/ro\\\/#\\\/schema\\\/logo\\\/image\\\/\"}}]}<\/script>\n<!-- \/ Yoast SEO plugin. -->","yoast_head_json":{"title":"Flawless Finishing Touch Dermaplane Glow produs pentru \u00eendep\u0103rtarea p\u0103rului faciale - SHOPATOA.COM","robots":{"index":"index","follow":"follow","max-snippet":"max-snippet:-1","max-image-preview":"max-image-preview:large","max-video-preview":"max-video-preview:-1"},"canonical":"https:\/\/shopatoa.com\/ro\/flawless-finishing-touch-dermaplane-glow-produs-pentru-indepartarea-parului-faciale\/","og_locale":"ro_RO","og_type":"article","og_title":"Flawless Finishing Touch Dermaplane Glow produs pentru \u00eendep\u0103rtarea p\u0103rului faciale - SHOPATOA.COM","og_description":"Flawless Finishing Touch Dermaplane Glow, Epilatoare pentru fa\u021b\u0103 pentru femei, Gata cu firele de p\u0103r nedorite \u0219i cu grijile \u00een privin\u021ba rasului frecvent, bucura\u021bi-v\u0103 de un ten perfect neted. Epilatorul facial Flawless Finishing Touch Dermaplane Glow \u00eendep\u0103rteaz\u0103 cu precizie firele de p\u0103r mai lungi, mai scurte \u0219i foarte fine de pe fa\u021b\u0103 \u2013 u\u0219or, rapid...","og_url":"https:\/\/shopatoa.com\/ro\/flawless-finishing-touch-dermaplane-glow-produs-pentru-indepartarea-parului-faciale\/","og_site_name":"SHOPATOA","article_modified_time":"2026-02-02T16:47:31+00:00","og_image":[{"width":800,"height":800,"url":"https:\/\/storage.googleapis.com\/cz-shopatoa-img\/ro\/8bfdb79e-unnamed-file.webp","type":"image\/webp"}],"twitter_card":"summary_large_image","twitter_misc":{"Timp estimat pentru citire":"1 minut"},"schema":{"@context":"https:\/\/schema.org","@graph":[{"@type":"WebPage","@id":"https:\/\/shopatoa.com\/ro\/flawless-finishing-touch-dermaplane-glow-produs-pentru-indepartarea-parului-faciale\/","url":"https:\/\/shopatoa.com\/ro\/flawless-finishing-touch-dermaplane-glow-produs-pentru-indepartarea-parului-faciale\/","name":"Flawless Finishing Touch Dermaplane Glow produs pentru \u00eendep\u0103rtarea p\u0103rului faciale - SHOPATOA.COM","isPartOf":{"@id":"https:\/\/shopatoa.com\/ro\/#website"},"primaryImageOfPage":{"@id":"https:\/\/shopatoa.com\/ro\/flawless-finishing-touch-dermaplane-glow-produs-pentru-indepartarea-parului-faciale\/#primaryimage"},"image":{"@id":"https:\/\/shopatoa.com\/ro\/flawless-finishing-touch-dermaplane-glow-produs-pentru-indepartarea-parului-faciale\/#primaryimage"},"thumbnailUrl":"https:\/\/storage.googleapis.com\/cz-shopatoa-img\/ro\/8bfdb79e-unnamed-file.webp","datePublished":"2025-06-28T20:10:30+00:00","dateModified":"2026-02-02T16:47:31+00:00","breadcrumb":{"@id":"https:\/\/shopatoa.com\/ro\/flawless-finishing-touch-dermaplane-glow-produs-pentru-indepartarea-parului-faciale\/#breadcrumb"},"inLanguage":"ro-RO","potentialAction":[{"@type":"ReadAction","target":["https:\/\/shopatoa.com\/ro\/flawless-finishing-touch-dermaplane-glow-produs-pentru-indepartarea-parului-faciale\/"]}]},{"@type":"ImageObject","inLanguage":"ro-RO","@id":"https:\/\/shopatoa.com\/ro\/flawless-finishing-touch-dermaplane-glow-produs-pentru-indepartarea-parului-faciale\/#primaryimage","url":"https:\/\/storage.googleapis.com\/cz-shopatoa-img\/ro\/8bfdb79e-unnamed-file.webp","contentUrl":"https:\/\/storage.googleapis.com\/cz-shopatoa-img\/ro\/8bfdb79e-unnamed-file.webp","width":800,"height":800},{"@type":"BreadcrumbList","@id":"https:\/\/shopatoa.com\/ro\/flawless-finishing-touch-dermaplane-glow-produs-pentru-indepartarea-parului-faciale\/#breadcrumb","itemListElement":[{"@type":"ListItem","position":1,"name":"Dom\u016f","item":"https:\/\/shopatoa.com\/ro\/"},{"@type":"ListItem","position":2,"name":"Shop","item":"https:\/\/shopatoa.com\/ro\/shop\/"},{"@type":"ListItem","position":3,"name":"S\u0103n\u0103tate \u0219i frumuse\u021be","item":"https:\/\/shopatoa.com\/ro\/sanatate-si-frumusete\/"},{"@type":"ListItem","position":4,"name":"\u00cengrijire personal\u0103","item":"https:\/\/shopatoa.com\/ro\/ingrijire-personala\/"},{"@type":"ListItem","position":5,"name":"Cosmetice","item":"https:\/\/shopatoa.com\/ro\/cosmetice-ingrijire-personala\/"},{"@type":"ListItem","position":6,"name":"\u00cengrijirea pielii","item":"https:\/\/shopatoa.com\/ro\/ingrijirea-pielii\/"},{"@type":"ListItem","position":7,"name":"Electronice","item":"https:\/\/shopatoa.com\/ro\/electronice-ingrijirea-pielii\/"},{"@type":"ListItem","position":8,"name":"Epilatoare facciale","item":"https:\/\/shopatoa.com\/ro\/epilatoare-facciale\/"},{"@type":"ListItem","position":9,"name":"Flawless Finishing Touch Dermaplane Glow produs pentru \u00eendep\u0103rtarea p\u0103rului faciale"}]},{"@type":"WebSite","@id":"https:\/\/shopatoa.com\/ro\/#website","url":"https:\/\/shopatoa.com\/ro\/","name":"SHOPATOA","description":"","publisher":{"@id":"https:\/\/shopatoa.com\/ro\/#organization"},"potentialAction":[{"@type":"SearchAction","target":{"@type":"EntryPoint","urlTemplate":"https:\/\/shopatoa.com\/ro\/?s={search_term_string}"},"query-input":{"@type":"PropertyValueSpecification","valueRequired":true,"valueName":"search_term_string"}}],"inLanguage":"ro-RO"},{"@type":"Organization","@id":"https:\/\/shopatoa.com\/ro\/#organization","name":"SHOPATOA","url":"https:\/\/shopatoa.com\/ro\/","logo":{"@type":"ImageObject","inLanguage":"ro-RO","@id":"https:\/\/shopatoa.com\/ro\/#\/schema\/logo\/image\/","url":"https:\/\/storage.googleapis.com\/cz-shopatoa-img\/ro\/b4dac915-shopatoa_logo.png","contentUrl":"https:\/\/storage.googleapis.com\/cz-shopatoa-img\/ro\/b4dac915-shopatoa_logo.png","width":416,"height":63,"caption":"SHOPATOA"},"image":{"@id":"https:\/\/shopatoa.com\/ro\/#\/schema\/logo\/image\/"}}]}},"_links":{"self":[{"href":"https:\/\/shopatoa.com\/ro\/wp-json\/wp\/v2\/product\/470855","targetHints":{"allow":["GET"]}}],"collection":[{"href":"https:\/\/shopatoa.com\/ro\/wp-json\/wp\/v2\/product"}],"about":[{"href":"https:\/\/shopatoa.com\/ro\/wp-json\/wp\/v2\/types\/product"}],"replies":[{"embeddable":true,"href":"https:\/\/shopatoa.com\/ro\/wp-json\/wp\/v2\/comments?post=470855"}],"wp:featuredmedia":[{"embeddable":true,"href":"https:\/\/shopatoa.com\/ro\/wp-json\/wp\/v2\/media\/470856"}],"wp:attachment":[{"href":"https:\/\/shopatoa.com\/ro\/wp-json\/wp\/v2\/media?parent=470855"}],"wp:term":[{"taxonomy":"product_brand","embeddable":true,"href":"https:\/\/shopatoa.com\/ro\/wp-json\/wp\/v2\/product_brand?post=470855"},{"taxonomy":"product_cat","embeddable":true,"href":"https:\/\/shopatoa.com\/ro\/wp-json\/wp\/v2\/product_cat?post=470855"},{"taxonomy":"product_tag","embeddable":true,"href":"https:\/\/shopatoa.com\/ro\/wp-json\/wp\/v2\/product_tag?post=470855"}],"curies":[{"name":"wp","href":"https:\/\/api.w.org\/{rel}","templated":true}]}}