{"id":470911,"date":"2025-06-28T22:15:53","date_gmt":"2025-06-28T20:15:53","guid":{"rendered":"https:\/\/shopatoa.com\/ro\/erbe-solingen-shave-holder-stand-pentru-setul-de-barbierit-pentru-pamatuf-si-aparatul-de-ras-1-buc\/"},"modified":"2025-06-28T22:16:45","modified_gmt":"2025-06-28T20:16:45","slug":"erbe-solingen-shave-holder-stand-pentru-setul-de-barbierit-pentru-pamatuf-si-aparatul-de-ras-1-buc","status":"publish","type":"product","link":"https:\/\/shopatoa.com\/ro\/erbe-solingen-shave-holder-stand-pentru-setul-de-barbierit-pentru-pamatuf-si-aparatul-de-ras-1-buc\/","title":{"rendered":"Erbe Solingen Shave Holder stand pentru setul de b\u0103rbierit pentru p\u0103m\u0103tuf \u0219i aparatul de ras 1 buc"},"content":{"rendered":"<p>Erbe Solingen Shave Holder, 1 buc, B\u0103rbierit barber pentru b\u0103rba\u021bi, B\u0103rbieritul clasic devine din ce \u00een ce mai apreciat. Dac\u0103 \u0219i dvs. dori\u021bi s\u0103 include\u021bi elemente de b\u0103rbierit clasic \u00een rutina de \u00eengrijire, articolul Erbe Solingen Shave Holder v\u0103 va completa perfect trusa de cosmetice. V\u0103 va facilita rutina de b\u0103rbierit \u0219i v\u0103 va ajuta s\u0103 ob\u021bine\u021bi un rezultat ca la un frizer profesionist.  Caracteristici:  execu\u021bie stilat\u0103 material natural<\/p>\n","protected":false},"excerpt":{"rendered":"<p>Erbe Solingen Shave Holder, 1 buc, B\u0103rbierit barber pentru b\u0103rba\u021bi, B\u0103rbieritul clasic devine din ce \u00een ce mai apreciat. Dac\u0103 \u0219i dvs. dori\u021bi s\u0103 include\u021bi elemente de b\u0103rbierit clasic \u00een rutina de \u00eengrijire, articolul Erbe Solingen Shave Holder v\u0103 va completa perfect trusa de cosmetice. V\u0103 va facilita rutina de b\u0103rbierit \u0219i v\u0103 va ajuta&#8230;<\/p>\n","protected":false},"featured_media":470912,"comment_status":"closed","ping_status":"open","template":"","meta":{"_acf_changed":false,"_kadence_starter_templates_imported_post":false,"_kad_post_transparent":"","_kad_post_title":"","_kad_post_layout":"","_kad_post_sidebar_id":"","_kad_post_content_style":"","_kad_post_vertical_padding":"","_kad_post_feature":"","_kad_post_feature_position":"","_kad_post_header":false,"_kad_post_footer":false,"_kad_post_classname":""},"product_brand":[1969],"product_cat":[3958,1563,3936,1562],"product_tag":[],"class_list":{"0":"post-470911","1":"product","2":"type-product","3":"status-publish","4":"has-post-thumbnail","6":"product_brand-erbe-solingen","7":"product_cat-accesorii-rasul-si-ingrijirea-aspectului-fizic","8":"product_cat-ingrijire-personala","9":"product_cat-rasul-si-ingrijirea-aspectului-fizic","10":"product_cat-sanatate-si-frumusete","11":"pa_gen-male","12":"pa_marime-1-buc","14":"first","15":"instock","16":"product-type-external","17":"entry","18":"content-bg","19":"loop-entry"},"acf":[],"yoast_head":"<!-- This site is optimized with the Yoast SEO plugin v27.4 - https:\/\/yoast.com\/product\/yoast-seo-wordpress\/ -->\n<title>Erbe Solingen Shave Holder stand pentru setul de b\u0103rbierit pentru p\u0103m\u0103tuf \u0219i aparatul de ras 1 buc - SHOPATOA.COM<\/title>\n<meta name=\"robots\" content=\"index, follow, max-snippet:-1, max-image-preview:large, max-video-preview:-1\" \/>\n<link rel=\"canonical\" href=\"https:\/\/shopatoa.com\/ro\/erbe-solingen-shave-holder-stand-pentru-setul-de-barbierit-pentru-pamatuf-si-aparatul-de-ras-1-buc\/\" \/>\n<meta property=\"og:locale\" content=\"ro_RO\" \/>\n<meta property=\"og:type\" content=\"article\" \/>\n<meta property=\"og:title\" content=\"Erbe Solingen Shave Holder stand pentru setul de b\u0103rbierit pentru p\u0103m\u0103tuf \u0219i aparatul de ras 1 buc - SHOPATOA.COM\" \/>\n<meta property=\"og:description\" content=\"Erbe Solingen Shave Holder, 1 buc, B\u0103rbierit barber pentru b\u0103rba\u021bi, B\u0103rbieritul clasic devine din ce \u00een ce mai apreciat. Dac\u0103 \u0219i dvs. dori\u021bi s\u0103 include\u021bi elemente de b\u0103rbierit clasic \u00een rutina de \u00eengrijire, articolul Erbe Solingen Shave Holder v\u0103 va completa perfect trusa de cosmetice. V\u0103 va facilita rutina de b\u0103rbierit \u0219i v\u0103 va ajuta...\" \/>\n<meta property=\"og:url\" content=\"https:\/\/shopatoa.com\/ro\/erbe-solingen-shave-holder-stand-pentru-setul-de-barbierit-pentru-pamatuf-si-aparatul-de-ras-1-buc\/\" \/>\n<meta property=\"og:site_name\" content=\"SHOPATOA\" \/>\n<meta property=\"article:modified_time\" content=\"2025-06-28T20:16:45+00:00\" \/>\n<meta property=\"og:image\" content=\"https:\/\/storage.googleapis.com\/cz-shopatoa-img\/ro\/abd3bb84-unnamed-file.webp\" \/>\n\t<meta property=\"og:image:width\" content=\"800\" \/>\n\t<meta property=\"og:image:height\" content=\"800\" \/>\n\t<meta property=\"og:image:type\" content=\"image\/webp\" \/>\n<meta name=\"twitter:card\" content=\"summary_large_image\" \/>\n<script type=\"application\/ld+json\" class=\"yoast-schema-graph\">{\"@context\":\"https:\\\/\\\/schema.org\",\"@graph\":[{\"@type\":\"WebPage\",\"@id\":\"https:\\\/\\\/shopatoa.com\\\/ro\\\/erbe-solingen-shave-holder-stand-pentru-setul-de-barbierit-pentru-pamatuf-si-aparatul-de-ras-1-buc\\\/\",\"url\":\"https:\\\/\\\/shopatoa.com\\\/ro\\\/erbe-solingen-shave-holder-stand-pentru-setul-de-barbierit-pentru-pamatuf-si-aparatul-de-ras-1-buc\\\/\",\"name\":\"Erbe Solingen Shave Holder stand pentru setul de b\u0103rbierit pentru p\u0103m\u0103tuf \u0219i aparatul de ras 1 buc - SHOPATOA.COM\",\"isPartOf\":{\"@id\":\"https:\\\/\\\/shopatoa.com\\\/ro\\\/#website\"},\"primaryImageOfPage\":{\"@id\":\"https:\\\/\\\/shopatoa.com\\\/ro\\\/erbe-solingen-shave-holder-stand-pentru-setul-de-barbierit-pentru-pamatuf-si-aparatul-de-ras-1-buc\\\/#primaryimage\"},\"image\":{\"@id\":\"https:\\\/\\\/shopatoa.com\\\/ro\\\/erbe-solingen-shave-holder-stand-pentru-setul-de-barbierit-pentru-pamatuf-si-aparatul-de-ras-1-buc\\\/#primaryimage\"},\"thumbnailUrl\":\"https:\\\/\\\/storage.googleapis.com\\\/cz-shopatoa-img\\\/ro\\\/abd3bb84-unnamed-file.webp\",\"datePublished\":\"2025-06-28T20:15:53+00:00\",\"dateModified\":\"2025-06-28T20:16:45+00:00\",\"breadcrumb\":{\"@id\":\"https:\\\/\\\/shopatoa.com\\\/ro\\\/erbe-solingen-shave-holder-stand-pentru-setul-de-barbierit-pentru-pamatuf-si-aparatul-de-ras-1-buc\\\/#breadcrumb\"},\"inLanguage\":\"ro-RO\",\"potentialAction\":[{\"@type\":\"ReadAction\",\"target\":[\"https:\\\/\\\/shopatoa.com\\\/ro\\\/erbe-solingen-shave-holder-stand-pentru-setul-de-barbierit-pentru-pamatuf-si-aparatul-de-ras-1-buc\\\/\"]}]},{\"@type\":\"ImageObject\",\"inLanguage\":\"ro-RO\",\"@id\":\"https:\\\/\\\/shopatoa.com\\\/ro\\\/erbe-solingen-shave-holder-stand-pentru-setul-de-barbierit-pentru-pamatuf-si-aparatul-de-ras-1-buc\\\/#primaryimage\",\"url\":\"https:\\\/\\\/storage.googleapis.com\\\/cz-shopatoa-img\\\/ro\\\/abd3bb84-unnamed-file.webp\",\"contentUrl\":\"https:\\\/\\\/storage.googleapis.com\\\/cz-shopatoa-img\\\/ro\\\/abd3bb84-unnamed-file.webp\",\"width\":800,\"height\":800},{\"@type\":\"BreadcrumbList\",\"@id\":\"https:\\\/\\\/shopatoa.com\\\/ro\\\/erbe-solingen-shave-holder-stand-pentru-setul-de-barbierit-pentru-pamatuf-si-aparatul-de-ras-1-buc\\\/#breadcrumb\",\"itemListElement\":[{\"@type\":\"ListItem\",\"position\":1,\"name\":\"Dom\u016f\",\"item\":\"https:\\\/\\\/shopatoa.com\\\/ro\\\/\"},{\"@type\":\"ListItem\",\"position\":2,\"name\":\"Shop\",\"item\":\"https:\\\/\\\/shopatoa.com\\\/ro\\\/shop\\\/\"},{\"@type\":\"ListItem\",\"position\":3,\"name\":\"Erbe Solingen Shave Holder stand pentru setul de b\u0103rbierit pentru p\u0103m\u0103tuf \u0219i aparatul de ras 1 buc\"}]},{\"@type\":\"WebSite\",\"@id\":\"https:\\\/\\\/shopatoa.com\\\/ro\\\/#website\",\"url\":\"https:\\\/\\\/shopatoa.com\\\/ro\\\/\",\"name\":\"SHOPATOA\",\"description\":\"\",\"publisher\":{\"@id\":\"https:\\\/\\\/shopatoa.com\\\/ro\\\/#organization\"},\"potentialAction\":[{\"@type\":\"SearchAction\",\"target\":{\"@type\":\"EntryPoint\",\"urlTemplate\":\"https:\\\/\\\/shopatoa.com\\\/ro\\\/?s={search_term_string}\"},\"query-input\":{\"@type\":\"PropertyValueSpecification\",\"valueRequired\":true,\"valueName\":\"search_term_string\"}}],\"inLanguage\":\"ro-RO\"},{\"@type\":\"Organization\",\"@id\":\"https:\\\/\\\/shopatoa.com\\\/ro\\\/#organization\",\"name\":\"SHOPATOA\",\"url\":\"https:\\\/\\\/shopatoa.com\\\/ro\\\/\",\"logo\":{\"@type\":\"ImageObject\",\"inLanguage\":\"ro-RO\",\"@id\":\"https:\\\/\\\/shopatoa.com\\\/ro\\\/#\\\/schema\\\/logo\\\/image\\\/\",\"url\":\"https:\\\/\\\/storage.googleapis.com\\\/cz-shopatoa-img\\\/ro\\\/b4dac915-shopatoa_logo.png\",\"contentUrl\":\"https:\\\/\\\/storage.googleapis.com\\\/cz-shopatoa-img\\\/ro\\\/b4dac915-shopatoa_logo.png\",\"width\":416,\"height\":63,\"caption\":\"SHOPATOA\"},\"image\":{\"@id\":\"https:\\\/\\\/shopatoa.com\\\/ro\\\/#\\\/schema\\\/logo\\\/image\\\/\"}}]}<\/script>\n<!-- \/ Yoast SEO plugin. -->","yoast_head_json":{"title":"Erbe Solingen Shave Holder stand pentru setul de b\u0103rbierit pentru p\u0103m\u0103tuf \u0219i aparatul de ras 1 buc - SHOPATOA.COM","robots":{"index":"index","follow":"follow","max-snippet":"max-snippet:-1","max-image-preview":"max-image-preview:large","max-video-preview":"max-video-preview:-1"},"canonical":"https:\/\/shopatoa.com\/ro\/erbe-solingen-shave-holder-stand-pentru-setul-de-barbierit-pentru-pamatuf-si-aparatul-de-ras-1-buc\/","og_locale":"ro_RO","og_type":"article","og_title":"Erbe Solingen Shave Holder stand pentru setul de b\u0103rbierit pentru p\u0103m\u0103tuf \u0219i aparatul de ras 1 buc - SHOPATOA.COM","og_description":"Erbe Solingen Shave Holder, 1 buc, B\u0103rbierit barber pentru b\u0103rba\u021bi, B\u0103rbieritul clasic devine din ce \u00een ce mai apreciat. Dac\u0103 \u0219i dvs. dori\u021bi s\u0103 include\u021bi elemente de b\u0103rbierit clasic \u00een rutina de \u00eengrijire, articolul Erbe Solingen Shave Holder v\u0103 va completa perfect trusa de cosmetice. V\u0103 va facilita rutina de b\u0103rbierit \u0219i v\u0103 va ajuta...","og_url":"https:\/\/shopatoa.com\/ro\/erbe-solingen-shave-holder-stand-pentru-setul-de-barbierit-pentru-pamatuf-si-aparatul-de-ras-1-buc\/","og_site_name":"SHOPATOA","article_modified_time":"2025-06-28T20:16:45+00:00","og_image":[{"width":800,"height":800,"url":"https:\/\/storage.googleapis.com\/cz-shopatoa-img\/ro\/abd3bb84-unnamed-file.webp","type":"image\/webp"}],"twitter_card":"summary_large_image","schema":{"@context":"https:\/\/schema.org","@graph":[{"@type":"WebPage","@id":"https:\/\/shopatoa.com\/ro\/erbe-solingen-shave-holder-stand-pentru-setul-de-barbierit-pentru-pamatuf-si-aparatul-de-ras-1-buc\/","url":"https:\/\/shopatoa.com\/ro\/erbe-solingen-shave-holder-stand-pentru-setul-de-barbierit-pentru-pamatuf-si-aparatul-de-ras-1-buc\/","name":"Erbe Solingen Shave Holder stand pentru setul de b\u0103rbierit pentru p\u0103m\u0103tuf \u0219i aparatul de ras 1 buc - SHOPATOA.COM","isPartOf":{"@id":"https:\/\/shopatoa.com\/ro\/#website"},"primaryImageOfPage":{"@id":"https:\/\/shopatoa.com\/ro\/erbe-solingen-shave-holder-stand-pentru-setul-de-barbierit-pentru-pamatuf-si-aparatul-de-ras-1-buc\/#primaryimage"},"image":{"@id":"https:\/\/shopatoa.com\/ro\/erbe-solingen-shave-holder-stand-pentru-setul-de-barbierit-pentru-pamatuf-si-aparatul-de-ras-1-buc\/#primaryimage"},"thumbnailUrl":"https:\/\/storage.googleapis.com\/cz-shopatoa-img\/ro\/abd3bb84-unnamed-file.webp","datePublished":"2025-06-28T20:15:53+00:00","dateModified":"2025-06-28T20:16:45+00:00","breadcrumb":{"@id":"https:\/\/shopatoa.com\/ro\/erbe-solingen-shave-holder-stand-pentru-setul-de-barbierit-pentru-pamatuf-si-aparatul-de-ras-1-buc\/#breadcrumb"},"inLanguage":"ro-RO","potentialAction":[{"@type":"ReadAction","target":["https:\/\/shopatoa.com\/ro\/erbe-solingen-shave-holder-stand-pentru-setul-de-barbierit-pentru-pamatuf-si-aparatul-de-ras-1-buc\/"]}]},{"@type":"ImageObject","inLanguage":"ro-RO","@id":"https:\/\/shopatoa.com\/ro\/erbe-solingen-shave-holder-stand-pentru-setul-de-barbierit-pentru-pamatuf-si-aparatul-de-ras-1-buc\/#primaryimage","url":"https:\/\/storage.googleapis.com\/cz-shopatoa-img\/ro\/abd3bb84-unnamed-file.webp","contentUrl":"https:\/\/storage.googleapis.com\/cz-shopatoa-img\/ro\/abd3bb84-unnamed-file.webp","width":800,"height":800},{"@type":"BreadcrumbList","@id":"https:\/\/shopatoa.com\/ro\/erbe-solingen-shave-holder-stand-pentru-setul-de-barbierit-pentru-pamatuf-si-aparatul-de-ras-1-buc\/#breadcrumb","itemListElement":[{"@type":"ListItem","position":1,"name":"Dom\u016f","item":"https:\/\/shopatoa.com\/ro\/"},{"@type":"ListItem","position":2,"name":"Shop","item":"https:\/\/shopatoa.com\/ro\/shop\/"},{"@type":"ListItem","position":3,"name":"Erbe Solingen Shave Holder stand pentru setul de b\u0103rbierit pentru p\u0103m\u0103tuf \u0219i aparatul de ras 1 buc"}]},{"@type":"WebSite","@id":"https:\/\/shopatoa.com\/ro\/#website","url":"https:\/\/shopatoa.com\/ro\/","name":"SHOPATOA","description":"","publisher":{"@id":"https:\/\/shopatoa.com\/ro\/#organization"},"potentialAction":[{"@type":"SearchAction","target":{"@type":"EntryPoint","urlTemplate":"https:\/\/shopatoa.com\/ro\/?s={search_term_string}"},"query-input":{"@type":"PropertyValueSpecification","valueRequired":true,"valueName":"search_term_string"}}],"inLanguage":"ro-RO"},{"@type":"Organization","@id":"https:\/\/shopatoa.com\/ro\/#organization","name":"SHOPATOA","url":"https:\/\/shopatoa.com\/ro\/","logo":{"@type":"ImageObject","inLanguage":"ro-RO","@id":"https:\/\/shopatoa.com\/ro\/#\/schema\/logo\/image\/","url":"https:\/\/storage.googleapis.com\/cz-shopatoa-img\/ro\/b4dac915-shopatoa_logo.png","contentUrl":"https:\/\/storage.googleapis.com\/cz-shopatoa-img\/ro\/b4dac915-shopatoa_logo.png","width":416,"height":63,"caption":"SHOPATOA"},"image":{"@id":"https:\/\/shopatoa.com\/ro\/#\/schema\/logo\/image\/"}}]}},"_links":{"self":[{"href":"https:\/\/shopatoa.com\/ro\/wp-json\/wp\/v2\/product\/470911","targetHints":{"allow":["GET"]}}],"collection":[{"href":"https:\/\/shopatoa.com\/ro\/wp-json\/wp\/v2\/product"}],"about":[{"href":"https:\/\/shopatoa.com\/ro\/wp-json\/wp\/v2\/types\/product"}],"replies":[{"embeddable":true,"href":"https:\/\/shopatoa.com\/ro\/wp-json\/wp\/v2\/comments?post=470911"}],"wp:featuredmedia":[{"embeddable":true,"href":"https:\/\/shopatoa.com\/ro\/wp-json\/wp\/v2\/media\/470912"}],"wp:attachment":[{"href":"https:\/\/shopatoa.com\/ro\/wp-json\/wp\/v2\/media?parent=470911"}],"wp:term":[{"taxonomy":"product_brand","embeddable":true,"href":"https:\/\/shopatoa.com\/ro\/wp-json\/wp\/v2\/product_brand?post=470911"},{"taxonomy":"product_cat","embeddable":true,"href":"https:\/\/shopatoa.com\/ro\/wp-json\/wp\/v2\/product_cat?post=470911"},{"taxonomy":"product_tag","embeddable":true,"href":"https:\/\/shopatoa.com\/ro\/wp-json\/wp\/v2\/product_tag?post=470911"}],"curies":[{"name":"wp","href":"https:\/\/api.w.org\/{rel}","templated":true}]}}