{"id":471121,"date":"2025-06-28T22:35:05","date_gmt":"2025-06-28T20:35:05","guid":{"rendered":"https:\/\/shopatoa.com\/ro\/jungle-way-essential-oil-sandal-wood-ulei-esential-10-ml\/"},"modified":"2026-02-02T17:07:18","modified_gmt":"2026-02-02T16:07:18","slug":"jungle-way-essential-oil-sandal-wood-ulei-esential-10-ml","status":"publish","type":"product","link":"https:\/\/shopatoa.com\/ro\/jungle-way-essential-oil-sandal-wood-ulei-esential-10-ml\/","title":{"rendered":"Jungle Way Essential Oil Sandal Wood ulei esen\u021bial 10 ml"},"content":{"rendered":"<p>Jungle Way Essential Oil Sandal Wood, 10 ml, Uleiuri esen\u021biale Parfumuri pentru casa, Pute\u021bi schimba parfumul dvs. de interior c\u00e2t de des dori\u021bi. Uleiul parfumat Jungle Way Essential Oil Sandal Wood este creat special pentru aceasta. C\u00e2teva pic\u0103turi sunt suficiente pentru a elibera o arom\u0103 fin\u0103 \u0219i fermec\u0103toare, care parfumeaz\u0103 fiecare \u00eenc\u0103pere \u0219i m\u00e2ng\u00e2ie sim\u021burile.  Caracteristici:  ofer\u0103 mai multe modalit\u0103\u021bi de a elibera aroma uleiului un mod inteligent \u0219i elegant de a v\u0103 parfuma locuin\u021ba  Ingrediente:  100% ingrediente naturale  Cum se utilizeaz\u0103: Uleiul se dozeaz\u0103 \u00een func\u021bie de c\u00e2t de intens dori\u021bi s\u0103 parfuma\u021bi \u00eenc\u0103perea. Temperatura, gradul de ventila\u021bie \u0219i locul \u00een care plasa\u021bi uleiul parfumat influen\u021beaz\u0103 durata de eliberare a aromei.<\/p>\n","protected":false},"excerpt":{"rendered":"<p>Jungle Way Essential Oil Sandal Wood, 10 ml, Uleiuri esen\u021biale Parfumuri pentru casa, Pute\u021bi schimba parfumul dvs. de interior c\u00e2t de des dori\u021bi. Uleiul parfumat Jungle Way Essential Oil Sandal Wood este creat special pentru aceasta. C\u00e2teva pic\u0103turi sunt suficiente pentru a elibera o arom\u0103 fin\u0103 \u0219i fermec\u0103toare, care parfumeaz\u0103 fiecare \u00eenc\u0103pere \u0219i m\u00e2ng\u00e2ie sim\u021burile&#8230;.<\/p>\n","protected":false},"featured_media":471122,"comment_status":"closed","ping_status":"open","template":"","meta":{"_acf_changed":false,"_kadence_starter_templates_imported_post":false,"_kad_post_transparent":"","_kad_post_title":"","_kad_post_layout":"","_kad_post_sidebar_id":"","_kad_post_content_style":"","_kad_post_vertical_padding":"","_kad_post_feature":"","_kad_post_feature_position":"","_kad_post_header":false,"_kad_post_footer":false,"_kad_post_classname":""},"product_brand":[2532],"product_cat":[3889,2533,3890,3913],"product_tag":[],"class_list":{"0":"post-471121","1":"product","2":"type-product","3":"status-publish","4":"has-post-thumbnail","6":"product_brand-jungle-way","7":"product_cat-accesorii-si-decoratiuni-pentru-locuinta","8":"product_cat-casa-si-gradina","9":"product_cat-parfumuri-pentru-casa","10":"product_cat-uleiuri-parfumate-parfumuri-pentru-casa","11":"pa_gen-unisex","12":"pa_marime-10-ml","14":"first","15":"instock","16":"sale","17":"product-type-external","18":"entry","19":"content-bg","20":"loop-entry"},"acf":[],"yoast_head":"<!-- This site is optimized with the Yoast SEO plugin v27.4 - https:\/\/yoast.com\/product\/yoast-seo-wordpress\/ -->\n<title>Jungle Way Essential Oil Sandal Wood ulei esen\u021bial 10 ml - SHOPATOA.COM<\/title>\n<meta name=\"robots\" content=\"index, follow, max-snippet:-1, max-image-preview:large, max-video-preview:-1\" \/>\n<link rel=\"canonical\" href=\"https:\/\/shopatoa.com\/ro\/jungle-way-essential-oil-sandal-wood-ulei-esential-10-ml\/\" \/>\n<meta property=\"og:locale\" content=\"ro_RO\" \/>\n<meta property=\"og:type\" content=\"article\" \/>\n<meta property=\"og:title\" content=\"Jungle Way Essential Oil Sandal Wood ulei esen\u021bial 10 ml - SHOPATOA.COM\" \/>\n<meta property=\"og:description\" content=\"Jungle Way Essential Oil Sandal Wood, 10 ml, Uleiuri esen\u021biale Parfumuri pentru casa, Pute\u021bi schimba parfumul dvs. de interior c\u00e2t de des dori\u021bi. Uleiul parfumat Jungle Way Essential Oil Sandal Wood este creat special pentru aceasta. C\u00e2teva pic\u0103turi sunt suficiente pentru a elibera o arom\u0103 fin\u0103 \u0219i fermec\u0103toare, care parfumeaz\u0103 fiecare \u00eenc\u0103pere \u0219i m\u00e2ng\u00e2ie sim\u021burile....\" \/>\n<meta property=\"og:url\" content=\"https:\/\/shopatoa.com\/ro\/jungle-way-essential-oil-sandal-wood-ulei-esential-10-ml\/\" \/>\n<meta property=\"og:site_name\" content=\"SHOPATOA\" \/>\n<meta property=\"article:modified_time\" content=\"2026-02-02T16:07:18+00:00\" \/>\n<meta property=\"og:image\" content=\"https:\/\/storage.googleapis.com\/cz-shopatoa-img\/ro\/c330cc93-unnamed-file.webp\" \/>\n\t<meta property=\"og:image:width\" content=\"800\" \/>\n\t<meta property=\"og:image:height\" content=\"800\" \/>\n\t<meta property=\"og:image:type\" content=\"image\/webp\" \/>\n<meta name=\"twitter:card\" content=\"summary_large_image\" \/>\n<meta name=\"twitter:label1\" content=\"Timp estimat pentru citire\" \/>\n\t<meta name=\"twitter:data1\" content=\"1 minut\" \/>\n<script type=\"application\/ld+json\" class=\"yoast-schema-graph\">{\"@context\":\"https:\\\/\\\/schema.org\",\"@graph\":[{\"@type\":\"WebPage\",\"@id\":\"https:\\\/\\\/shopatoa.com\\\/ro\\\/jungle-way-essential-oil-sandal-wood-ulei-esential-10-ml\\\/\",\"url\":\"https:\\\/\\\/shopatoa.com\\\/ro\\\/jungle-way-essential-oil-sandal-wood-ulei-esential-10-ml\\\/\",\"name\":\"Jungle Way Essential Oil Sandal Wood ulei esen\u021bial 10 ml - SHOPATOA.COM\",\"isPartOf\":{\"@id\":\"https:\\\/\\\/shopatoa.com\\\/ro\\\/#website\"},\"primaryImageOfPage\":{\"@id\":\"https:\\\/\\\/shopatoa.com\\\/ro\\\/jungle-way-essential-oil-sandal-wood-ulei-esential-10-ml\\\/#primaryimage\"},\"image\":{\"@id\":\"https:\\\/\\\/shopatoa.com\\\/ro\\\/jungle-way-essential-oil-sandal-wood-ulei-esential-10-ml\\\/#primaryimage\"},\"thumbnailUrl\":\"https:\\\/\\\/storage.googleapis.com\\\/cz-shopatoa-img\\\/ro\\\/c330cc93-unnamed-file.webp\",\"datePublished\":\"2025-06-28T20:35:05+00:00\",\"dateModified\":\"2026-02-02T16:07:18+00:00\",\"breadcrumb\":{\"@id\":\"https:\\\/\\\/shopatoa.com\\\/ro\\\/jungle-way-essential-oil-sandal-wood-ulei-esential-10-ml\\\/#breadcrumb\"},\"inLanguage\":\"ro-RO\",\"potentialAction\":[{\"@type\":\"ReadAction\",\"target\":[\"https:\\\/\\\/shopatoa.com\\\/ro\\\/jungle-way-essential-oil-sandal-wood-ulei-esential-10-ml\\\/\"]}]},{\"@type\":\"ImageObject\",\"inLanguage\":\"ro-RO\",\"@id\":\"https:\\\/\\\/shopatoa.com\\\/ro\\\/jungle-way-essential-oil-sandal-wood-ulei-esential-10-ml\\\/#primaryimage\",\"url\":\"https:\\\/\\\/storage.googleapis.com\\\/cz-shopatoa-img\\\/ro\\\/c330cc93-unnamed-file.webp\",\"contentUrl\":\"https:\\\/\\\/storage.googleapis.com\\\/cz-shopatoa-img\\\/ro\\\/c330cc93-unnamed-file.webp\",\"width\":800,\"height\":800},{\"@type\":\"BreadcrumbList\",\"@id\":\"https:\\\/\\\/shopatoa.com\\\/ro\\\/jungle-way-essential-oil-sandal-wood-ulei-esential-10-ml\\\/#breadcrumb\",\"itemListElement\":[{\"@type\":\"ListItem\",\"position\":1,\"name\":\"Dom\u016f\",\"item\":\"https:\\\/\\\/shopatoa.com\\\/ro\\\/\"},{\"@type\":\"ListItem\",\"position\":2,\"name\":\"Shop\",\"item\":\"https:\\\/\\\/shopatoa.com\\\/ro\\\/shop\\\/\"},{\"@type\":\"ListItem\",\"position\":3,\"name\":\"Casa \u0219i gr\u0103din\u0103\",\"item\":\"https:\\\/\\\/shopatoa.com\\\/ro\\\/casa-si-gradina\\\/\"},{\"@type\":\"ListItem\",\"position\":4,\"name\":\"Accesorii \u0219i decora\u021biuni pentru locuin\u021b\u0103\",\"item\":\"https:\\\/\\\/shopatoa.com\\\/ro\\\/accesorii-si-decoratiuni-pentru-locuinta\\\/\"},{\"@type\":\"ListItem\",\"position\":5,\"name\":\"Parfumuri pentru cas\u0103\",\"item\":\"https:\\\/\\\/shopatoa.com\\\/ro\\\/parfumuri-pentru-casa\\\/\"},{\"@type\":\"ListItem\",\"position\":6,\"name\":\"Uleiuri parfumate\",\"item\":\"https:\\\/\\\/shopatoa.com\\\/ro\\\/uleiuri-parfumate-parfumuri-pentru-casa\\\/\"},{\"@type\":\"ListItem\",\"position\":7,\"name\":\"Jungle Way Essential Oil Sandal Wood ulei esen\u021bial 10 ml\"}]},{\"@type\":\"WebSite\",\"@id\":\"https:\\\/\\\/shopatoa.com\\\/ro\\\/#website\",\"url\":\"https:\\\/\\\/shopatoa.com\\\/ro\\\/\",\"name\":\"SHOPATOA\",\"description\":\"\",\"publisher\":{\"@id\":\"https:\\\/\\\/shopatoa.com\\\/ro\\\/#organization\"},\"potentialAction\":[{\"@type\":\"SearchAction\",\"target\":{\"@type\":\"EntryPoint\",\"urlTemplate\":\"https:\\\/\\\/shopatoa.com\\\/ro\\\/?s={search_term_string}\"},\"query-input\":{\"@type\":\"PropertyValueSpecification\",\"valueRequired\":true,\"valueName\":\"search_term_string\"}}],\"inLanguage\":\"ro-RO\"},{\"@type\":\"Organization\",\"@id\":\"https:\\\/\\\/shopatoa.com\\\/ro\\\/#organization\",\"name\":\"SHOPATOA\",\"url\":\"https:\\\/\\\/shopatoa.com\\\/ro\\\/\",\"logo\":{\"@type\":\"ImageObject\",\"inLanguage\":\"ro-RO\",\"@id\":\"https:\\\/\\\/shopatoa.com\\\/ro\\\/#\\\/schema\\\/logo\\\/image\\\/\",\"url\":\"https:\\\/\\\/storage.googleapis.com\\\/cz-shopatoa-img\\\/ro\\\/b4dac915-shopatoa_logo.png\",\"contentUrl\":\"https:\\\/\\\/storage.googleapis.com\\\/cz-shopatoa-img\\\/ro\\\/b4dac915-shopatoa_logo.png\",\"width\":416,\"height\":63,\"caption\":\"SHOPATOA\"},\"image\":{\"@id\":\"https:\\\/\\\/shopatoa.com\\\/ro\\\/#\\\/schema\\\/logo\\\/image\\\/\"}}]}<\/script>\n<!-- \/ Yoast SEO plugin. -->","yoast_head_json":{"title":"Jungle Way Essential Oil Sandal Wood ulei esen\u021bial 10 ml - SHOPATOA.COM","robots":{"index":"index","follow":"follow","max-snippet":"max-snippet:-1","max-image-preview":"max-image-preview:large","max-video-preview":"max-video-preview:-1"},"canonical":"https:\/\/shopatoa.com\/ro\/jungle-way-essential-oil-sandal-wood-ulei-esential-10-ml\/","og_locale":"ro_RO","og_type":"article","og_title":"Jungle Way Essential Oil Sandal Wood ulei esen\u021bial 10 ml - SHOPATOA.COM","og_description":"Jungle Way Essential Oil Sandal Wood, 10 ml, Uleiuri esen\u021biale Parfumuri pentru casa, Pute\u021bi schimba parfumul dvs. de interior c\u00e2t de des dori\u021bi. Uleiul parfumat Jungle Way Essential Oil Sandal Wood este creat special pentru aceasta. C\u00e2teva pic\u0103turi sunt suficiente pentru a elibera o arom\u0103 fin\u0103 \u0219i fermec\u0103toare, care parfumeaz\u0103 fiecare \u00eenc\u0103pere \u0219i m\u00e2ng\u00e2ie sim\u021burile....","og_url":"https:\/\/shopatoa.com\/ro\/jungle-way-essential-oil-sandal-wood-ulei-esential-10-ml\/","og_site_name":"SHOPATOA","article_modified_time":"2026-02-02T16:07:18+00:00","og_image":[{"width":800,"height":800,"url":"https:\/\/storage.googleapis.com\/cz-shopatoa-img\/ro\/c330cc93-unnamed-file.webp","type":"image\/webp"}],"twitter_card":"summary_large_image","twitter_misc":{"Timp estimat pentru citire":"1 minut"},"schema":{"@context":"https:\/\/schema.org","@graph":[{"@type":"WebPage","@id":"https:\/\/shopatoa.com\/ro\/jungle-way-essential-oil-sandal-wood-ulei-esential-10-ml\/","url":"https:\/\/shopatoa.com\/ro\/jungle-way-essential-oil-sandal-wood-ulei-esential-10-ml\/","name":"Jungle Way Essential Oil Sandal Wood ulei esen\u021bial 10 ml - SHOPATOA.COM","isPartOf":{"@id":"https:\/\/shopatoa.com\/ro\/#website"},"primaryImageOfPage":{"@id":"https:\/\/shopatoa.com\/ro\/jungle-way-essential-oil-sandal-wood-ulei-esential-10-ml\/#primaryimage"},"image":{"@id":"https:\/\/shopatoa.com\/ro\/jungle-way-essential-oil-sandal-wood-ulei-esential-10-ml\/#primaryimage"},"thumbnailUrl":"https:\/\/storage.googleapis.com\/cz-shopatoa-img\/ro\/c330cc93-unnamed-file.webp","datePublished":"2025-06-28T20:35:05+00:00","dateModified":"2026-02-02T16:07:18+00:00","breadcrumb":{"@id":"https:\/\/shopatoa.com\/ro\/jungle-way-essential-oil-sandal-wood-ulei-esential-10-ml\/#breadcrumb"},"inLanguage":"ro-RO","potentialAction":[{"@type":"ReadAction","target":["https:\/\/shopatoa.com\/ro\/jungle-way-essential-oil-sandal-wood-ulei-esential-10-ml\/"]}]},{"@type":"ImageObject","inLanguage":"ro-RO","@id":"https:\/\/shopatoa.com\/ro\/jungle-way-essential-oil-sandal-wood-ulei-esential-10-ml\/#primaryimage","url":"https:\/\/storage.googleapis.com\/cz-shopatoa-img\/ro\/c330cc93-unnamed-file.webp","contentUrl":"https:\/\/storage.googleapis.com\/cz-shopatoa-img\/ro\/c330cc93-unnamed-file.webp","width":800,"height":800},{"@type":"BreadcrumbList","@id":"https:\/\/shopatoa.com\/ro\/jungle-way-essential-oil-sandal-wood-ulei-esential-10-ml\/#breadcrumb","itemListElement":[{"@type":"ListItem","position":1,"name":"Dom\u016f","item":"https:\/\/shopatoa.com\/ro\/"},{"@type":"ListItem","position":2,"name":"Shop","item":"https:\/\/shopatoa.com\/ro\/shop\/"},{"@type":"ListItem","position":3,"name":"Casa \u0219i gr\u0103din\u0103","item":"https:\/\/shopatoa.com\/ro\/casa-si-gradina\/"},{"@type":"ListItem","position":4,"name":"Accesorii \u0219i decora\u021biuni pentru locuin\u021b\u0103","item":"https:\/\/shopatoa.com\/ro\/accesorii-si-decoratiuni-pentru-locuinta\/"},{"@type":"ListItem","position":5,"name":"Parfumuri pentru cas\u0103","item":"https:\/\/shopatoa.com\/ro\/parfumuri-pentru-casa\/"},{"@type":"ListItem","position":6,"name":"Uleiuri parfumate","item":"https:\/\/shopatoa.com\/ro\/uleiuri-parfumate-parfumuri-pentru-casa\/"},{"@type":"ListItem","position":7,"name":"Jungle Way Essential Oil Sandal Wood ulei esen\u021bial 10 ml"}]},{"@type":"WebSite","@id":"https:\/\/shopatoa.com\/ro\/#website","url":"https:\/\/shopatoa.com\/ro\/","name":"SHOPATOA","description":"","publisher":{"@id":"https:\/\/shopatoa.com\/ro\/#organization"},"potentialAction":[{"@type":"SearchAction","target":{"@type":"EntryPoint","urlTemplate":"https:\/\/shopatoa.com\/ro\/?s={search_term_string}"},"query-input":{"@type":"PropertyValueSpecification","valueRequired":true,"valueName":"search_term_string"}}],"inLanguage":"ro-RO"},{"@type":"Organization","@id":"https:\/\/shopatoa.com\/ro\/#organization","name":"SHOPATOA","url":"https:\/\/shopatoa.com\/ro\/","logo":{"@type":"ImageObject","inLanguage":"ro-RO","@id":"https:\/\/shopatoa.com\/ro\/#\/schema\/logo\/image\/","url":"https:\/\/storage.googleapis.com\/cz-shopatoa-img\/ro\/b4dac915-shopatoa_logo.png","contentUrl":"https:\/\/storage.googleapis.com\/cz-shopatoa-img\/ro\/b4dac915-shopatoa_logo.png","width":416,"height":63,"caption":"SHOPATOA"},"image":{"@id":"https:\/\/shopatoa.com\/ro\/#\/schema\/logo\/image\/"}}]}},"_links":{"self":[{"href":"https:\/\/shopatoa.com\/ro\/wp-json\/wp\/v2\/product\/471121","targetHints":{"allow":["GET"]}}],"collection":[{"href":"https:\/\/shopatoa.com\/ro\/wp-json\/wp\/v2\/product"}],"about":[{"href":"https:\/\/shopatoa.com\/ro\/wp-json\/wp\/v2\/types\/product"}],"replies":[{"embeddable":true,"href":"https:\/\/shopatoa.com\/ro\/wp-json\/wp\/v2\/comments?post=471121"}],"wp:featuredmedia":[{"embeddable":true,"href":"https:\/\/shopatoa.com\/ro\/wp-json\/wp\/v2\/media\/471122"}],"wp:attachment":[{"href":"https:\/\/shopatoa.com\/ro\/wp-json\/wp\/v2\/media?parent=471121"}],"wp:term":[{"taxonomy":"product_brand","embeddable":true,"href":"https:\/\/shopatoa.com\/ro\/wp-json\/wp\/v2\/product_brand?post=471121"},{"taxonomy":"product_cat","embeddable":true,"href":"https:\/\/shopatoa.com\/ro\/wp-json\/wp\/v2\/product_cat?post=471121"},{"taxonomy":"product_tag","embeddable":true,"href":"https:\/\/shopatoa.com\/ro\/wp-json\/wp\/v2\/product_tag?post=471121"}],"curies":[{"name":"wp","href":"https:\/\/api.w.org\/{rel}","templated":true}]}}