{"id":471173,"date":"2025-06-28T22:39:41","date_gmt":"2025-06-28T20:39:41","guid":{"rendered":"https:\/\/shopatoa.com\/ro\/proficare-clatronic-gs-3656-sauna-faciale-1-buc\/"},"modified":"2026-02-02T16:59:09","modified_gmt":"2026-02-02T15:59:09","slug":"proficare-clatronic-gs-3656-sauna-faciale-1-buc","status":"publish","type":"product","link":"https:\/\/shopatoa.com\/ro\/proficare-clatronic-gs-3656-sauna-faciale-1-buc\/","title":{"rendered":"ProfiCare Clatronic GS 3656 saun\u0103 faciale 1 buc"},"content":{"rendered":"<p>ProfiCare Clatronic GS 3656, 1 buc, Saune faciale pentru femei, Cur\u0103\u021barea obi\u0219nuit\u0103 cu geluri, creme, spume \u0219i alte produse similare nu este suficient\u0103 pentru tenul dvs.? Nu este nevoie s\u0103 apela\u021bi direct la un salon de cosmetic\u0103. Dispozitivul de cur\u0103\u021bare ProfiCare Clatronic GS 3656 v\u0103 va oferi o cur\u0103\u021bare profund\u0103 ca la un medic estetician, \u00een confortul de acas\u0103. \u00cendep\u0103rteaz\u0103 complet machiajul \u0219i reziduurile produselor demachiante de pe ten, elimin\u0103 impurit\u0103\u021bile, sebumul \u0219i celulele moarte cutanate, l\u0103s\u00e2nd tenul catifelat, perfect curat \u0219i preg\u0103tit s\u0103 absoarb\u0103 substan\u021bele active din orice produs ulterior de \u00eengrijire a tenului.  Caracteristici:  cur\u0103\u021b\u0103 profund porii \u00eembun\u0103t\u0103\u021be\u0219te calitatea pielii ajut\u0103 la cre\u0219terea fluxului sanguin \u00een piele<\/p>\n","protected":false},"excerpt":{"rendered":"<p>ProfiCare Clatronic GS 3656, 1 buc, Saune faciale pentru femei, Cur\u0103\u021barea obi\u0219nuit\u0103 cu geluri, creme, spume \u0219i alte produse similare nu este suficient\u0103 pentru tenul dvs.? Nu este nevoie s\u0103 apela\u021bi direct la un salon de cosmetic\u0103. Dispozitivul de cur\u0103\u021bare ProfiCare Clatronic GS 3656 v\u0103 va oferi o cur\u0103\u021bare profund\u0103 ca la un medic estetician,&#8230;<\/p>\n","protected":false},"featured_media":471174,"comment_status":"closed","ping_status":"open","template":"","meta":{"_acf_changed":false,"_kadence_starter_templates_imported_post":false,"_kad_post_transparent":"","_kad_post_title":"","_kad_post_layout":"","_kad_post_sidebar_id":"","_kad_post_content_style":"","_kad_post_vertical_padding":"","_kad_post_feature":"","_kad_post_feature_position":"","_kad_post_header":false,"_kad_post_footer":false,"_kad_post_classname":""},"product_brand":[876],"product_cat":[1564,3942,1563,1565,1562,4017],"product_tag":[],"class_list":{"0":"post-471173","1":"product","2":"type-product","3":"status-publish","4":"has-post-thumbnail","6":"product_brand-proficare","7":"product_cat-cosmetice-ingrijire-personala","8":"product_cat-electronice-ingrijirea-pielii","9":"product_cat-ingrijire-personala","10":"product_cat-ingrijirea-pielii","11":"product_cat-sanatate-si-frumusete","12":"product_cat-saune-faciale-electronice-ingrijirea-pielii","13":"pa_gen-female","14":"pa_marime-1-buc","16":"first","17":"instock","18":"product-type-external","19":"entry","20":"content-bg","21":"loop-entry"},"acf":[],"yoast_head":"<!-- This site is optimized with the Yoast SEO plugin v27.4 - https:\/\/yoast.com\/product\/yoast-seo-wordpress\/ -->\n<title>ProfiCare Clatronic GS 3656 saun\u0103 faciale 1 buc - SHOPATOA.COM<\/title>\n<meta name=\"robots\" content=\"index, follow, max-snippet:-1, max-image-preview:large, max-video-preview:-1\" \/>\n<link rel=\"canonical\" href=\"https:\/\/shopatoa.com\/ro\/proficare-clatronic-gs-3656-sauna-faciale-1-buc\/\" \/>\n<meta property=\"og:locale\" content=\"ro_RO\" \/>\n<meta property=\"og:type\" content=\"article\" \/>\n<meta property=\"og:title\" content=\"ProfiCare Clatronic GS 3656 saun\u0103 faciale 1 buc - SHOPATOA.COM\" \/>\n<meta property=\"og:description\" content=\"ProfiCare Clatronic GS 3656, 1 buc, Saune faciale pentru femei, Cur\u0103\u021barea obi\u0219nuit\u0103 cu geluri, creme, spume \u0219i alte produse similare nu este suficient\u0103 pentru tenul dvs.? Nu este nevoie s\u0103 apela\u021bi direct la un salon de cosmetic\u0103. Dispozitivul de cur\u0103\u021bare ProfiCare Clatronic GS 3656 v\u0103 va oferi o cur\u0103\u021bare profund\u0103 ca la un medic estetician,...\" \/>\n<meta property=\"og:url\" content=\"https:\/\/shopatoa.com\/ro\/proficare-clatronic-gs-3656-sauna-faciale-1-buc\/\" \/>\n<meta property=\"og:site_name\" content=\"SHOPATOA\" \/>\n<meta property=\"article:modified_time\" content=\"2026-02-02T15:59:09+00:00\" \/>\n<meta property=\"og:image\" content=\"https:\/\/storage.googleapis.com\/cz-shopatoa-img\/ro\/a5f3f879-unnamed-file.webp\" \/>\n\t<meta property=\"og:image:width\" content=\"800\" \/>\n\t<meta property=\"og:image:height\" content=\"800\" \/>\n\t<meta property=\"og:image:type\" content=\"image\/webp\" \/>\n<meta name=\"twitter:card\" content=\"summary_large_image\" \/>\n<meta name=\"twitter:label1\" content=\"Timp estimat pentru citire\" \/>\n\t<meta name=\"twitter:data1\" content=\"1 minut\" \/>\n<script type=\"application\/ld+json\" class=\"yoast-schema-graph\">{\"@context\":\"https:\\\/\\\/schema.org\",\"@graph\":[{\"@type\":\"WebPage\",\"@id\":\"https:\\\/\\\/shopatoa.com\\\/ro\\\/proficare-clatronic-gs-3656-sauna-faciale-1-buc\\\/\",\"url\":\"https:\\\/\\\/shopatoa.com\\\/ro\\\/proficare-clatronic-gs-3656-sauna-faciale-1-buc\\\/\",\"name\":\"ProfiCare Clatronic GS 3656 saun\u0103 faciale 1 buc - SHOPATOA.COM\",\"isPartOf\":{\"@id\":\"https:\\\/\\\/shopatoa.com\\\/ro\\\/#website\"},\"primaryImageOfPage\":{\"@id\":\"https:\\\/\\\/shopatoa.com\\\/ro\\\/proficare-clatronic-gs-3656-sauna-faciale-1-buc\\\/#primaryimage\"},\"image\":{\"@id\":\"https:\\\/\\\/shopatoa.com\\\/ro\\\/proficare-clatronic-gs-3656-sauna-faciale-1-buc\\\/#primaryimage\"},\"thumbnailUrl\":\"https:\\\/\\\/storage.googleapis.com\\\/cz-shopatoa-img\\\/ro\\\/a5f3f879-unnamed-file.webp\",\"datePublished\":\"2025-06-28T20:39:41+00:00\",\"dateModified\":\"2026-02-02T15:59:09+00:00\",\"breadcrumb\":{\"@id\":\"https:\\\/\\\/shopatoa.com\\\/ro\\\/proficare-clatronic-gs-3656-sauna-faciale-1-buc\\\/#breadcrumb\"},\"inLanguage\":\"ro-RO\",\"potentialAction\":[{\"@type\":\"ReadAction\",\"target\":[\"https:\\\/\\\/shopatoa.com\\\/ro\\\/proficare-clatronic-gs-3656-sauna-faciale-1-buc\\\/\"]}]},{\"@type\":\"ImageObject\",\"inLanguage\":\"ro-RO\",\"@id\":\"https:\\\/\\\/shopatoa.com\\\/ro\\\/proficare-clatronic-gs-3656-sauna-faciale-1-buc\\\/#primaryimage\",\"url\":\"https:\\\/\\\/storage.googleapis.com\\\/cz-shopatoa-img\\\/ro\\\/a5f3f879-unnamed-file.webp\",\"contentUrl\":\"https:\\\/\\\/storage.googleapis.com\\\/cz-shopatoa-img\\\/ro\\\/a5f3f879-unnamed-file.webp\",\"width\":800,\"height\":800},{\"@type\":\"BreadcrumbList\",\"@id\":\"https:\\\/\\\/shopatoa.com\\\/ro\\\/proficare-clatronic-gs-3656-sauna-faciale-1-buc\\\/#breadcrumb\",\"itemListElement\":[{\"@type\":\"ListItem\",\"position\":1,\"name\":\"Dom\u016f\",\"item\":\"https:\\\/\\\/shopatoa.com\\\/ro\\\/\"},{\"@type\":\"ListItem\",\"position\":2,\"name\":\"Shop\",\"item\":\"https:\\\/\\\/shopatoa.com\\\/ro\\\/shop\\\/\"},{\"@type\":\"ListItem\",\"position\":3,\"name\":\"S\u0103n\u0103tate \u0219i frumuse\u021be\",\"item\":\"https:\\\/\\\/shopatoa.com\\\/ro\\\/sanatate-si-frumusete\\\/\"},{\"@type\":\"ListItem\",\"position\":4,\"name\":\"\u00cengrijire personal\u0103\",\"item\":\"https:\\\/\\\/shopatoa.com\\\/ro\\\/ingrijire-personala\\\/\"},{\"@type\":\"ListItem\",\"position\":5,\"name\":\"Cosmetice\",\"item\":\"https:\\\/\\\/shopatoa.com\\\/ro\\\/cosmetice-ingrijire-personala\\\/\"},{\"@type\":\"ListItem\",\"position\":6,\"name\":\"\u00cengrijirea pielii\",\"item\":\"https:\\\/\\\/shopatoa.com\\\/ro\\\/ingrijirea-pielii\\\/\"},{\"@type\":\"ListItem\",\"position\":7,\"name\":\"Electronice\",\"item\":\"https:\\\/\\\/shopatoa.com\\\/ro\\\/electronice-ingrijirea-pielii\\\/\"},{\"@type\":\"ListItem\",\"position\":8,\"name\":\"Saune faciale\",\"item\":\"https:\\\/\\\/shopatoa.com\\\/ro\\\/saune-faciale-electronice-ingrijirea-pielii\\\/\"},{\"@type\":\"ListItem\",\"position\":9,\"name\":\"ProfiCare Clatronic GS 3656 saun\u0103 faciale 1 buc\"}]},{\"@type\":\"WebSite\",\"@id\":\"https:\\\/\\\/shopatoa.com\\\/ro\\\/#website\",\"url\":\"https:\\\/\\\/shopatoa.com\\\/ro\\\/\",\"name\":\"SHOPATOA\",\"description\":\"\",\"publisher\":{\"@id\":\"https:\\\/\\\/shopatoa.com\\\/ro\\\/#organization\"},\"potentialAction\":[{\"@type\":\"SearchAction\",\"target\":{\"@type\":\"EntryPoint\",\"urlTemplate\":\"https:\\\/\\\/shopatoa.com\\\/ro\\\/?s={search_term_string}\"},\"query-input\":{\"@type\":\"PropertyValueSpecification\",\"valueRequired\":true,\"valueName\":\"search_term_string\"}}],\"inLanguage\":\"ro-RO\"},{\"@type\":\"Organization\",\"@id\":\"https:\\\/\\\/shopatoa.com\\\/ro\\\/#organization\",\"name\":\"SHOPATOA\",\"url\":\"https:\\\/\\\/shopatoa.com\\\/ro\\\/\",\"logo\":{\"@type\":\"ImageObject\",\"inLanguage\":\"ro-RO\",\"@id\":\"https:\\\/\\\/shopatoa.com\\\/ro\\\/#\\\/schema\\\/logo\\\/image\\\/\",\"url\":\"https:\\\/\\\/storage.googleapis.com\\\/cz-shopatoa-img\\\/ro\\\/b4dac915-shopatoa_logo.png\",\"contentUrl\":\"https:\\\/\\\/storage.googleapis.com\\\/cz-shopatoa-img\\\/ro\\\/b4dac915-shopatoa_logo.png\",\"width\":416,\"height\":63,\"caption\":\"SHOPATOA\"},\"image\":{\"@id\":\"https:\\\/\\\/shopatoa.com\\\/ro\\\/#\\\/schema\\\/logo\\\/image\\\/\"}}]}<\/script>\n<!-- \/ Yoast SEO plugin. -->","yoast_head_json":{"title":"ProfiCare Clatronic GS 3656 saun\u0103 faciale 1 buc - SHOPATOA.COM","robots":{"index":"index","follow":"follow","max-snippet":"max-snippet:-1","max-image-preview":"max-image-preview:large","max-video-preview":"max-video-preview:-1"},"canonical":"https:\/\/shopatoa.com\/ro\/proficare-clatronic-gs-3656-sauna-faciale-1-buc\/","og_locale":"ro_RO","og_type":"article","og_title":"ProfiCare Clatronic GS 3656 saun\u0103 faciale 1 buc - SHOPATOA.COM","og_description":"ProfiCare Clatronic GS 3656, 1 buc, Saune faciale pentru femei, Cur\u0103\u021barea obi\u0219nuit\u0103 cu geluri, creme, spume \u0219i alte produse similare nu este suficient\u0103 pentru tenul dvs.? Nu este nevoie s\u0103 apela\u021bi direct la un salon de cosmetic\u0103. Dispozitivul de cur\u0103\u021bare ProfiCare Clatronic GS 3656 v\u0103 va oferi o cur\u0103\u021bare profund\u0103 ca la un medic estetician,...","og_url":"https:\/\/shopatoa.com\/ro\/proficare-clatronic-gs-3656-sauna-faciale-1-buc\/","og_site_name":"SHOPATOA","article_modified_time":"2026-02-02T15:59:09+00:00","og_image":[{"width":800,"height":800,"url":"https:\/\/storage.googleapis.com\/cz-shopatoa-img\/ro\/a5f3f879-unnamed-file.webp","type":"image\/webp"}],"twitter_card":"summary_large_image","twitter_misc":{"Timp estimat pentru citire":"1 minut"},"schema":{"@context":"https:\/\/schema.org","@graph":[{"@type":"WebPage","@id":"https:\/\/shopatoa.com\/ro\/proficare-clatronic-gs-3656-sauna-faciale-1-buc\/","url":"https:\/\/shopatoa.com\/ro\/proficare-clatronic-gs-3656-sauna-faciale-1-buc\/","name":"ProfiCare Clatronic GS 3656 saun\u0103 faciale 1 buc - SHOPATOA.COM","isPartOf":{"@id":"https:\/\/shopatoa.com\/ro\/#website"},"primaryImageOfPage":{"@id":"https:\/\/shopatoa.com\/ro\/proficare-clatronic-gs-3656-sauna-faciale-1-buc\/#primaryimage"},"image":{"@id":"https:\/\/shopatoa.com\/ro\/proficare-clatronic-gs-3656-sauna-faciale-1-buc\/#primaryimage"},"thumbnailUrl":"https:\/\/storage.googleapis.com\/cz-shopatoa-img\/ro\/a5f3f879-unnamed-file.webp","datePublished":"2025-06-28T20:39:41+00:00","dateModified":"2026-02-02T15:59:09+00:00","breadcrumb":{"@id":"https:\/\/shopatoa.com\/ro\/proficare-clatronic-gs-3656-sauna-faciale-1-buc\/#breadcrumb"},"inLanguage":"ro-RO","potentialAction":[{"@type":"ReadAction","target":["https:\/\/shopatoa.com\/ro\/proficare-clatronic-gs-3656-sauna-faciale-1-buc\/"]}]},{"@type":"ImageObject","inLanguage":"ro-RO","@id":"https:\/\/shopatoa.com\/ro\/proficare-clatronic-gs-3656-sauna-faciale-1-buc\/#primaryimage","url":"https:\/\/storage.googleapis.com\/cz-shopatoa-img\/ro\/a5f3f879-unnamed-file.webp","contentUrl":"https:\/\/storage.googleapis.com\/cz-shopatoa-img\/ro\/a5f3f879-unnamed-file.webp","width":800,"height":800},{"@type":"BreadcrumbList","@id":"https:\/\/shopatoa.com\/ro\/proficare-clatronic-gs-3656-sauna-faciale-1-buc\/#breadcrumb","itemListElement":[{"@type":"ListItem","position":1,"name":"Dom\u016f","item":"https:\/\/shopatoa.com\/ro\/"},{"@type":"ListItem","position":2,"name":"Shop","item":"https:\/\/shopatoa.com\/ro\/shop\/"},{"@type":"ListItem","position":3,"name":"S\u0103n\u0103tate \u0219i frumuse\u021be","item":"https:\/\/shopatoa.com\/ro\/sanatate-si-frumusete\/"},{"@type":"ListItem","position":4,"name":"\u00cengrijire personal\u0103","item":"https:\/\/shopatoa.com\/ro\/ingrijire-personala\/"},{"@type":"ListItem","position":5,"name":"Cosmetice","item":"https:\/\/shopatoa.com\/ro\/cosmetice-ingrijire-personala\/"},{"@type":"ListItem","position":6,"name":"\u00cengrijirea pielii","item":"https:\/\/shopatoa.com\/ro\/ingrijirea-pielii\/"},{"@type":"ListItem","position":7,"name":"Electronice","item":"https:\/\/shopatoa.com\/ro\/electronice-ingrijirea-pielii\/"},{"@type":"ListItem","position":8,"name":"Saune faciale","item":"https:\/\/shopatoa.com\/ro\/saune-faciale-electronice-ingrijirea-pielii\/"},{"@type":"ListItem","position":9,"name":"ProfiCare Clatronic GS 3656 saun\u0103 faciale 1 buc"}]},{"@type":"WebSite","@id":"https:\/\/shopatoa.com\/ro\/#website","url":"https:\/\/shopatoa.com\/ro\/","name":"SHOPATOA","description":"","publisher":{"@id":"https:\/\/shopatoa.com\/ro\/#organization"},"potentialAction":[{"@type":"SearchAction","target":{"@type":"EntryPoint","urlTemplate":"https:\/\/shopatoa.com\/ro\/?s={search_term_string}"},"query-input":{"@type":"PropertyValueSpecification","valueRequired":true,"valueName":"search_term_string"}}],"inLanguage":"ro-RO"},{"@type":"Organization","@id":"https:\/\/shopatoa.com\/ro\/#organization","name":"SHOPATOA","url":"https:\/\/shopatoa.com\/ro\/","logo":{"@type":"ImageObject","inLanguage":"ro-RO","@id":"https:\/\/shopatoa.com\/ro\/#\/schema\/logo\/image\/","url":"https:\/\/storage.googleapis.com\/cz-shopatoa-img\/ro\/b4dac915-shopatoa_logo.png","contentUrl":"https:\/\/storage.googleapis.com\/cz-shopatoa-img\/ro\/b4dac915-shopatoa_logo.png","width":416,"height":63,"caption":"SHOPATOA"},"image":{"@id":"https:\/\/shopatoa.com\/ro\/#\/schema\/logo\/image\/"}}]}},"_links":{"self":[{"href":"https:\/\/shopatoa.com\/ro\/wp-json\/wp\/v2\/product\/471173","targetHints":{"allow":["GET"]}}],"collection":[{"href":"https:\/\/shopatoa.com\/ro\/wp-json\/wp\/v2\/product"}],"about":[{"href":"https:\/\/shopatoa.com\/ro\/wp-json\/wp\/v2\/types\/product"}],"replies":[{"embeddable":true,"href":"https:\/\/shopatoa.com\/ro\/wp-json\/wp\/v2\/comments?post=471173"}],"wp:featuredmedia":[{"embeddable":true,"href":"https:\/\/shopatoa.com\/ro\/wp-json\/wp\/v2\/media\/471174"}],"wp:attachment":[{"href":"https:\/\/shopatoa.com\/ro\/wp-json\/wp\/v2\/media?parent=471173"}],"wp:term":[{"taxonomy":"product_brand","embeddable":true,"href":"https:\/\/shopatoa.com\/ro\/wp-json\/wp\/v2\/product_brand?post=471173"},{"taxonomy":"product_cat","embeddable":true,"href":"https:\/\/shopatoa.com\/ro\/wp-json\/wp\/v2\/product_cat?post=471173"},{"taxonomy":"product_tag","embeddable":true,"href":"https:\/\/shopatoa.com\/ro\/wp-json\/wp\/v2\/product_tag?post=471173"}],"curies":[{"name":"wp","href":"https:\/\/api.w.org\/{rel}","templated":true}]}}