{"id":471229,"date":"2025-06-28T22:44:55","date_gmt":"2025-06-28T20:44:55","guid":{"rendered":"https:\/\/shopatoa.com\/ro\/small-foot-tasty-coffee-maker-set-de-jucarii-din-lemn-3-y-1-buc\/"},"modified":"2026-02-02T16:51:02","modified_gmt":"2026-02-02T15:51:02","slug":"small-foot-tasty-coffee-maker-set-de-jucarii-din-lemn-3-y-1-buc","status":"publish","type":"product","link":"https:\/\/shopatoa.com\/ro\/small-foot-tasty-coffee-maker-set-de-jucarii-din-lemn-3-y-1-buc\/","title":{"rendered":"Small foot Tasty Coffee Maker set de juc\u0103rii din lemn 3 y+ 1 buc"},"content":{"rendered":"<p>Small foot Tasty Coffee Maker, 1 buc, Juc\u0103rii interactive pentru copii, Lemnul este un material natural, durabil, care se potrive\u0219te de minune \u00een orice interior. Atunci, de ce s\u0103 nu achizi\u021biona\u021bi juc\u0103rii din lemn? Juc\u0103ria Small foot Tasty este metoda perfect\u0103 de a-i \u021bine ocupa\u021bi pe cei mici. Nu numai c\u0103 v\u0103 va distra copilul \u0219i va ajuta la dezvoltarea percep\u021biei senzoriale \u0219i a altor abilit\u0103\u021bi, dar \u00eei va \u00eenc\u00e2nta \u0219i pe p\u0103rin\u021bii care \u021bin la ecologie, datorit\u0103 biodegradabilit\u0103\u021bii materialului din lemn. \u00cen plus, farmecul aparte \u0219i aspectul atemporal al acestei juc\u0103rii din lemn vor completa frumos orice interior.  Caracteristici:  poate servi ca decora\u021bie \u00een camera copilului juc\u0103ria se poate monta \u0219i demonta stimuleaz\u0103 dezvoltarea sim\u021burilor vizual \u0219i tactil culorile senzoriale stimuleaz\u0103 dezvoltarea sim\u021burilor copilului din material robust, rezistent la uzur\u0103 aspect atemporal \u0219i farmec aparte datorit\u0103 materialului din lemn ajut\u0103 la exersarea \u0219i dezvoltarea motricit\u0103\u021bii copilului \u00eencurajeaz\u0103 spiritul ludic al copiilor \u0219i le dezvolt\u0103 imagina\u021bia permite copiilor s\u0103 \u00eenve\u021be prin joc suprapunerea ajut\u0103 la dezvoltarea abilit\u0103\u021bilor organiza\u021bionale datorit\u0103 formei practice, juc\u0103ria se poate apuca u\u0219or favorizeaz\u0103 dezvoltarea coordon\u0103rii m\u00e2n\u0103-ochi permite simularea activit\u0103\u021bilor adul\u021bilor sus\u021bine dezvoltarea fizic\u0103 \u0219i cognitiv\u0103, stimuleaz\u0103 activitatea cerebral\u0103 permite antrenarea prinderii favorizeaz\u0103 \u00eenv\u0103\u021barea cauz\u0103-efect  Ingrediente:  lemn  Cum se utilizeaz\u0103: Dac\u0103 juc\u0103ria este uzat\u0103, deteriorat\u0103 sau roas\u0103, \u00eenlocui\u021bi-o cu una nou\u0103.<\/p>\n","protected":false},"excerpt":{"rendered":"<p>Small foot Tasty Coffee Maker, 1 buc, Juc\u0103rii interactive pentru copii, Lemnul este un material natural, durabil, care se potrive\u0219te de minune \u00een orice interior. Atunci, de ce s\u0103 nu achizi\u021biona\u021bi juc\u0103rii din lemn? Juc\u0103ria Small foot Tasty este metoda perfect\u0103 de a-i \u021bine ocupa\u021bi pe cei mici. Nu numai c\u0103 v\u0103 va distra copilul&#8230;<\/p>\n","protected":false},"featured_media":471230,"comment_status":"closed","ping_status":"open","template":"","meta":{"_acf_changed":false,"_kadence_starter_templates_imported_post":false,"_kad_post_transparent":"","_kad_post_title":"","_kad_post_layout":"","_kad_post_sidebar_id":"","_kad_post_content_style":"","_kad_post_vertical_padding":"","_kad_post_feature":"","_kad_post_feature_position":"","_kad_post_header":false,"_kad_post_footer":false,"_kad_post_classname":""},"product_brand":[3930],"product_cat":[3893,3931,3894],"product_tag":[],"class_list":{"0":"post-471229","1":"product","2":"type-product","3":"status-publish","4":"has-post-thumbnail","6":"product_brand-small-foot","7":"product_cat-copii-si-sugari","8":"product_cat-jucarii-din-lemn","9":"product_cat-jucarii-pentru-copii","10":"pa_gen-unisex","11":"pa_marime-1-buc","13":"first","14":"instock","15":"product-type-external","16":"entry","17":"content-bg","18":"loop-entry"},"acf":[],"yoast_head":"<!-- This site is optimized with the Yoast SEO plugin v27.4 - https:\/\/yoast.com\/product\/yoast-seo-wordpress\/ -->\n<title>Small foot Tasty Coffee Maker set de juc\u0103rii din lemn 3 y+ 1 buc - SHOPATOA.COM<\/title>\n<meta name=\"robots\" content=\"index, follow, max-snippet:-1, max-image-preview:large, max-video-preview:-1\" \/>\n<link rel=\"canonical\" href=\"https:\/\/shopatoa.com\/ro\/small-foot-tasty-coffee-maker-set-de-jucarii-din-lemn-3-y-1-buc\/\" \/>\n<meta property=\"og:locale\" content=\"ro_RO\" \/>\n<meta property=\"og:type\" content=\"article\" \/>\n<meta property=\"og:title\" content=\"Small foot Tasty Coffee Maker set de juc\u0103rii din lemn 3 y+ 1 buc - SHOPATOA.COM\" \/>\n<meta property=\"og:description\" content=\"Small foot Tasty Coffee Maker, 1 buc, Juc\u0103rii interactive pentru copii, Lemnul este un material natural, durabil, care se potrive\u0219te de minune \u00een orice interior. Atunci, de ce s\u0103 nu achizi\u021biona\u021bi juc\u0103rii din lemn? Juc\u0103ria Small foot Tasty este metoda perfect\u0103 de a-i \u021bine ocupa\u021bi pe cei mici. Nu numai c\u0103 v\u0103 va distra copilul...\" \/>\n<meta property=\"og:url\" content=\"https:\/\/shopatoa.com\/ro\/small-foot-tasty-coffee-maker-set-de-jucarii-din-lemn-3-y-1-buc\/\" \/>\n<meta property=\"og:site_name\" content=\"SHOPATOA\" \/>\n<meta property=\"article:modified_time\" content=\"2026-02-02T15:51:02+00:00\" \/>\n<meta property=\"og:image\" content=\"https:\/\/storage.googleapis.com\/cz-shopatoa-img\/ro\/730ea634-unnamed-file.webp\" \/>\n\t<meta property=\"og:image:width\" content=\"800\" \/>\n\t<meta property=\"og:image:height\" content=\"800\" \/>\n\t<meta property=\"og:image:type\" content=\"image\/webp\" \/>\n<meta name=\"twitter:card\" content=\"summary_large_image\" \/>\n<meta name=\"twitter:label1\" content=\"Timp estimat pentru citire\" \/>\n\t<meta name=\"twitter:data1\" content=\"1 minut\" \/>\n<script type=\"application\/ld+json\" class=\"yoast-schema-graph\">{\"@context\":\"https:\\\/\\\/schema.org\",\"@graph\":[{\"@type\":\"WebPage\",\"@id\":\"https:\\\/\\\/shopatoa.com\\\/ro\\\/small-foot-tasty-coffee-maker-set-de-jucarii-din-lemn-3-y-1-buc\\\/\",\"url\":\"https:\\\/\\\/shopatoa.com\\\/ro\\\/small-foot-tasty-coffee-maker-set-de-jucarii-din-lemn-3-y-1-buc\\\/\",\"name\":\"Small foot Tasty Coffee Maker set de juc\u0103rii din lemn 3 y+ 1 buc - SHOPATOA.COM\",\"isPartOf\":{\"@id\":\"https:\\\/\\\/shopatoa.com\\\/ro\\\/#website\"},\"primaryImageOfPage\":{\"@id\":\"https:\\\/\\\/shopatoa.com\\\/ro\\\/small-foot-tasty-coffee-maker-set-de-jucarii-din-lemn-3-y-1-buc\\\/#primaryimage\"},\"image\":{\"@id\":\"https:\\\/\\\/shopatoa.com\\\/ro\\\/small-foot-tasty-coffee-maker-set-de-jucarii-din-lemn-3-y-1-buc\\\/#primaryimage\"},\"thumbnailUrl\":\"https:\\\/\\\/storage.googleapis.com\\\/cz-shopatoa-img\\\/ro\\\/730ea634-unnamed-file.webp\",\"datePublished\":\"2025-06-28T20:44:55+00:00\",\"dateModified\":\"2026-02-02T15:51:02+00:00\",\"breadcrumb\":{\"@id\":\"https:\\\/\\\/shopatoa.com\\\/ro\\\/small-foot-tasty-coffee-maker-set-de-jucarii-din-lemn-3-y-1-buc\\\/#breadcrumb\"},\"inLanguage\":\"ro-RO\",\"potentialAction\":[{\"@type\":\"ReadAction\",\"target\":[\"https:\\\/\\\/shopatoa.com\\\/ro\\\/small-foot-tasty-coffee-maker-set-de-jucarii-din-lemn-3-y-1-buc\\\/\"]}]},{\"@type\":\"ImageObject\",\"inLanguage\":\"ro-RO\",\"@id\":\"https:\\\/\\\/shopatoa.com\\\/ro\\\/small-foot-tasty-coffee-maker-set-de-jucarii-din-lemn-3-y-1-buc\\\/#primaryimage\",\"url\":\"https:\\\/\\\/storage.googleapis.com\\\/cz-shopatoa-img\\\/ro\\\/730ea634-unnamed-file.webp\",\"contentUrl\":\"https:\\\/\\\/storage.googleapis.com\\\/cz-shopatoa-img\\\/ro\\\/730ea634-unnamed-file.webp\",\"width\":800,\"height\":800},{\"@type\":\"BreadcrumbList\",\"@id\":\"https:\\\/\\\/shopatoa.com\\\/ro\\\/small-foot-tasty-coffee-maker-set-de-jucarii-din-lemn-3-y-1-buc\\\/#breadcrumb\",\"itemListElement\":[{\"@type\":\"ListItem\",\"position\":1,\"name\":\"Dom\u016f\",\"item\":\"https:\\\/\\\/shopatoa.com\\\/ro\\\/\"},{\"@type\":\"ListItem\",\"position\":2,\"name\":\"Shop\",\"item\":\"https:\\\/\\\/shopatoa.com\\\/ro\\\/shop\\\/\"},{\"@type\":\"ListItem\",\"position\":3,\"name\":\"Copii \u0219i sugari\",\"item\":\"https:\\\/\\\/shopatoa.com\\\/ro\\\/copii-si-sugari\\\/\"},{\"@type\":\"ListItem\",\"position\":4,\"name\":\"Juc\u0103rii pentru copii\",\"item\":\"https:\\\/\\\/shopatoa.com\\\/ro\\\/jucarii-pentru-copii\\\/\"},{\"@type\":\"ListItem\",\"position\":5,\"name\":\"Juc\u0103rii din lemn\",\"item\":\"https:\\\/\\\/shopatoa.com\\\/ro\\\/jucarii-din-lemn\\\/\"},{\"@type\":\"ListItem\",\"position\":6,\"name\":\"Small foot Tasty Coffee Maker set de juc\u0103rii din lemn 3 y+ 1 buc\"}]},{\"@type\":\"WebSite\",\"@id\":\"https:\\\/\\\/shopatoa.com\\\/ro\\\/#website\",\"url\":\"https:\\\/\\\/shopatoa.com\\\/ro\\\/\",\"name\":\"SHOPATOA\",\"description\":\"\",\"publisher\":{\"@id\":\"https:\\\/\\\/shopatoa.com\\\/ro\\\/#organization\"},\"potentialAction\":[{\"@type\":\"SearchAction\",\"target\":{\"@type\":\"EntryPoint\",\"urlTemplate\":\"https:\\\/\\\/shopatoa.com\\\/ro\\\/?s={search_term_string}\"},\"query-input\":{\"@type\":\"PropertyValueSpecification\",\"valueRequired\":true,\"valueName\":\"search_term_string\"}}],\"inLanguage\":\"ro-RO\"},{\"@type\":\"Organization\",\"@id\":\"https:\\\/\\\/shopatoa.com\\\/ro\\\/#organization\",\"name\":\"SHOPATOA\",\"url\":\"https:\\\/\\\/shopatoa.com\\\/ro\\\/\",\"logo\":{\"@type\":\"ImageObject\",\"inLanguage\":\"ro-RO\",\"@id\":\"https:\\\/\\\/shopatoa.com\\\/ro\\\/#\\\/schema\\\/logo\\\/image\\\/\",\"url\":\"https:\\\/\\\/storage.googleapis.com\\\/cz-shopatoa-img\\\/ro\\\/b4dac915-shopatoa_logo.png\",\"contentUrl\":\"https:\\\/\\\/storage.googleapis.com\\\/cz-shopatoa-img\\\/ro\\\/b4dac915-shopatoa_logo.png\",\"width\":416,\"height\":63,\"caption\":\"SHOPATOA\"},\"image\":{\"@id\":\"https:\\\/\\\/shopatoa.com\\\/ro\\\/#\\\/schema\\\/logo\\\/image\\\/\"}}]}<\/script>\n<!-- \/ Yoast SEO plugin. -->","yoast_head_json":{"title":"Small foot Tasty Coffee Maker set de juc\u0103rii din lemn 3 y+ 1 buc - SHOPATOA.COM","robots":{"index":"index","follow":"follow","max-snippet":"max-snippet:-1","max-image-preview":"max-image-preview:large","max-video-preview":"max-video-preview:-1"},"canonical":"https:\/\/shopatoa.com\/ro\/small-foot-tasty-coffee-maker-set-de-jucarii-din-lemn-3-y-1-buc\/","og_locale":"ro_RO","og_type":"article","og_title":"Small foot Tasty Coffee Maker set de juc\u0103rii din lemn 3 y+ 1 buc - SHOPATOA.COM","og_description":"Small foot Tasty Coffee Maker, 1 buc, Juc\u0103rii interactive pentru copii, Lemnul este un material natural, durabil, care se potrive\u0219te de minune \u00een orice interior. Atunci, de ce s\u0103 nu achizi\u021biona\u021bi juc\u0103rii din lemn? Juc\u0103ria Small foot Tasty este metoda perfect\u0103 de a-i \u021bine ocupa\u021bi pe cei mici. Nu numai c\u0103 v\u0103 va distra copilul...","og_url":"https:\/\/shopatoa.com\/ro\/small-foot-tasty-coffee-maker-set-de-jucarii-din-lemn-3-y-1-buc\/","og_site_name":"SHOPATOA","article_modified_time":"2026-02-02T15:51:02+00:00","og_image":[{"width":800,"height":800,"url":"https:\/\/storage.googleapis.com\/cz-shopatoa-img\/ro\/730ea634-unnamed-file.webp","type":"image\/webp"}],"twitter_card":"summary_large_image","twitter_misc":{"Timp estimat pentru citire":"1 minut"},"schema":{"@context":"https:\/\/schema.org","@graph":[{"@type":"WebPage","@id":"https:\/\/shopatoa.com\/ro\/small-foot-tasty-coffee-maker-set-de-jucarii-din-lemn-3-y-1-buc\/","url":"https:\/\/shopatoa.com\/ro\/small-foot-tasty-coffee-maker-set-de-jucarii-din-lemn-3-y-1-buc\/","name":"Small foot Tasty Coffee Maker set de juc\u0103rii din lemn 3 y+ 1 buc - SHOPATOA.COM","isPartOf":{"@id":"https:\/\/shopatoa.com\/ro\/#website"},"primaryImageOfPage":{"@id":"https:\/\/shopatoa.com\/ro\/small-foot-tasty-coffee-maker-set-de-jucarii-din-lemn-3-y-1-buc\/#primaryimage"},"image":{"@id":"https:\/\/shopatoa.com\/ro\/small-foot-tasty-coffee-maker-set-de-jucarii-din-lemn-3-y-1-buc\/#primaryimage"},"thumbnailUrl":"https:\/\/storage.googleapis.com\/cz-shopatoa-img\/ro\/730ea634-unnamed-file.webp","datePublished":"2025-06-28T20:44:55+00:00","dateModified":"2026-02-02T15:51:02+00:00","breadcrumb":{"@id":"https:\/\/shopatoa.com\/ro\/small-foot-tasty-coffee-maker-set-de-jucarii-din-lemn-3-y-1-buc\/#breadcrumb"},"inLanguage":"ro-RO","potentialAction":[{"@type":"ReadAction","target":["https:\/\/shopatoa.com\/ro\/small-foot-tasty-coffee-maker-set-de-jucarii-din-lemn-3-y-1-buc\/"]}]},{"@type":"ImageObject","inLanguage":"ro-RO","@id":"https:\/\/shopatoa.com\/ro\/small-foot-tasty-coffee-maker-set-de-jucarii-din-lemn-3-y-1-buc\/#primaryimage","url":"https:\/\/storage.googleapis.com\/cz-shopatoa-img\/ro\/730ea634-unnamed-file.webp","contentUrl":"https:\/\/storage.googleapis.com\/cz-shopatoa-img\/ro\/730ea634-unnamed-file.webp","width":800,"height":800},{"@type":"BreadcrumbList","@id":"https:\/\/shopatoa.com\/ro\/small-foot-tasty-coffee-maker-set-de-jucarii-din-lemn-3-y-1-buc\/#breadcrumb","itemListElement":[{"@type":"ListItem","position":1,"name":"Dom\u016f","item":"https:\/\/shopatoa.com\/ro\/"},{"@type":"ListItem","position":2,"name":"Shop","item":"https:\/\/shopatoa.com\/ro\/shop\/"},{"@type":"ListItem","position":3,"name":"Copii \u0219i sugari","item":"https:\/\/shopatoa.com\/ro\/copii-si-sugari\/"},{"@type":"ListItem","position":4,"name":"Juc\u0103rii pentru copii","item":"https:\/\/shopatoa.com\/ro\/jucarii-pentru-copii\/"},{"@type":"ListItem","position":5,"name":"Juc\u0103rii din lemn","item":"https:\/\/shopatoa.com\/ro\/jucarii-din-lemn\/"},{"@type":"ListItem","position":6,"name":"Small foot Tasty Coffee Maker set de juc\u0103rii din lemn 3 y+ 1 buc"}]},{"@type":"WebSite","@id":"https:\/\/shopatoa.com\/ro\/#website","url":"https:\/\/shopatoa.com\/ro\/","name":"SHOPATOA","description":"","publisher":{"@id":"https:\/\/shopatoa.com\/ro\/#organization"},"potentialAction":[{"@type":"SearchAction","target":{"@type":"EntryPoint","urlTemplate":"https:\/\/shopatoa.com\/ro\/?s={search_term_string}"},"query-input":{"@type":"PropertyValueSpecification","valueRequired":true,"valueName":"search_term_string"}}],"inLanguage":"ro-RO"},{"@type":"Organization","@id":"https:\/\/shopatoa.com\/ro\/#organization","name":"SHOPATOA","url":"https:\/\/shopatoa.com\/ro\/","logo":{"@type":"ImageObject","inLanguage":"ro-RO","@id":"https:\/\/shopatoa.com\/ro\/#\/schema\/logo\/image\/","url":"https:\/\/storage.googleapis.com\/cz-shopatoa-img\/ro\/b4dac915-shopatoa_logo.png","contentUrl":"https:\/\/storage.googleapis.com\/cz-shopatoa-img\/ro\/b4dac915-shopatoa_logo.png","width":416,"height":63,"caption":"SHOPATOA"},"image":{"@id":"https:\/\/shopatoa.com\/ro\/#\/schema\/logo\/image\/"}}]}},"_links":{"self":[{"href":"https:\/\/shopatoa.com\/ro\/wp-json\/wp\/v2\/product\/471229","targetHints":{"allow":["GET"]}}],"collection":[{"href":"https:\/\/shopatoa.com\/ro\/wp-json\/wp\/v2\/product"}],"about":[{"href":"https:\/\/shopatoa.com\/ro\/wp-json\/wp\/v2\/types\/product"}],"replies":[{"embeddable":true,"href":"https:\/\/shopatoa.com\/ro\/wp-json\/wp\/v2\/comments?post=471229"}],"wp:featuredmedia":[{"embeddable":true,"href":"https:\/\/shopatoa.com\/ro\/wp-json\/wp\/v2\/media\/471230"}],"wp:attachment":[{"href":"https:\/\/shopatoa.com\/ro\/wp-json\/wp\/v2\/media?parent=471229"}],"wp:term":[{"taxonomy":"product_brand","embeddable":true,"href":"https:\/\/shopatoa.com\/ro\/wp-json\/wp\/v2\/product_brand?post=471229"},{"taxonomy":"product_cat","embeddable":true,"href":"https:\/\/shopatoa.com\/ro\/wp-json\/wp\/v2\/product_cat?post=471229"},{"taxonomy":"product_tag","embeddable":true,"href":"https:\/\/shopatoa.com\/ro\/wp-json\/wp\/v2\/product_tag?post=471229"}],"curies":[{"name":"wp","href":"https:\/\/api.w.org\/{rel}","templated":true}]}}