{"id":471235,"date":"2025-06-28T22:46:15","date_gmt":"2025-06-28T20:46:15","guid":{"rendered":"https:\/\/shopatoa.com\/ro\/philips-avent-connected-scd953-26-monitor-video-inteligent-pentru-bebelusi-1-buc\/"},"modified":"2026-02-02T16:50:03","modified_gmt":"2026-02-02T15:50:03","slug":"philips-avent-connected-scd953-26-monitor-video-inteligent-pentru-bebelusi-1-buc","status":"publish","type":"product","link":"https:\/\/shopatoa.com\/ro\/philips-avent-connected-scd953-26-monitor-video-inteligent-pentru-bebelusi-1-buc\/","title":{"rendered":"Philips Avent Connected SCD953\/26 monitor video inteligent pentru bebelu\u0219i 1 buc"},"content":{"rendered":"<p>Philips Avent Connected SCD953\/26, 1 buc, Monitor audio bebelu\u0219i pentru copii, C\u00e2nd deveni\u021bi p\u0103rinte, trebuie s\u0103 ave\u021bi ochi \u0219i urechi peste tot. Nu se prea poate, dar monitorul Philips Avent Connected SCD953\/26 v\u0103 este de mare ajutor. Datorit\u0103 acestuia, pute\u021bi supraveghea copilul \u00een permanen\u021b\u0103, ceea ce v\u0103 ofer\u0103 un plus de lini\u0219te sufleteasc\u0103. Misiunea dvs., solicitant\u0103 \u0219i plin\u0103 de responsabilit\u0103\u021bi, devine astfel ceva mai u\u0219oar\u0103.  Caracteristici:  baby monitor video afi\u0219aj cu imagine clar\u0103 se poate conecta la sistemul de operare al unui telefon inteligent func\u021bie de unghi larg microfon \u00eencorporat func\u021bie de lumin\u0103 lini\u0219titoare poate c\u00e2nta un c\u00e2ntec de leag\u0103n m\u0103soar\u0103 temperatura \u00een \u00eenc\u0103perea unde se afl\u0103 copilul  Cum se utilizeaz\u0103: Monitorul poate fi conectat la o aplica\u021bie de pe telefonul mobil. Semnalul este stabil p\u00e2n\u0103 la 300 de metri. Datorit\u0103 bateriilor, func\u021bioneaz\u0103 \u0219i f\u0103r\u0103 a fi introdus \u00een priz\u0103.<\/p>\n","protected":false},"excerpt":{"rendered":"<p>Philips Avent Connected SCD953\/26, 1 buc, Monitor audio bebelu\u0219i pentru copii, C\u00e2nd deveni\u021bi p\u0103rinte, trebuie s\u0103 ave\u021bi ochi \u0219i urechi peste tot. Nu se prea poate, dar monitorul Philips Avent Connected SCD953\/26 v\u0103 este de mare ajutor. Datorit\u0103 acestuia, pute\u021bi supraveghea copilul \u00een permanen\u021b\u0103, ceea ce v\u0103 ofer\u0103 un plus de lini\u0219te sufleteasc\u0103. Misiunea dvs.,&#8230;<\/p>\n","protected":false},"featured_media":471236,"comment_status":"closed","ping_status":"open","template":"","meta":{"_acf_changed":false,"_kadence_starter_templates_imported_post":false,"_kad_post_transparent":"","_kad_post_title":"","_kad_post_layout":"","_kad_post_sidebar_id":"","_kad_post_content_style":"","_kad_post_vertical_padding":"","_kad_post_feature":"","_kad_post_feature_position":"","_kad_post_header":false,"_kad_post_footer":false,"_kad_post_classname":""},"product_brand":[2743],"product_cat":[3950,3893,3915],"product_tag":[],"class_list":{"0":"post-471235","1":"product","2":"type-product","3":"status-publish","4":"has-post-thumbnail","6":"product_brand-philips-avent","7":"product_cat-baby-monitors","8":"product_cat-copii-si-sugari","9":"product_cat-somnul-copiilor","10":"pa_gen-unisex","11":"pa_marime-1-buc","13":"first","14":"instock","15":"sale","16":"product-type-external","17":"entry","18":"content-bg","19":"loop-entry"},"acf":[],"yoast_head":"<!-- This site is optimized with the Yoast SEO plugin v27.4 - https:\/\/yoast.com\/product\/yoast-seo-wordpress\/ -->\n<title>Philips Avent Connected SCD953\/26 monitor video inteligent pentru bebelu\u0219i 1 buc - SHOPATOA.COM<\/title>\n<meta name=\"robots\" content=\"index, follow, max-snippet:-1, max-image-preview:large, max-video-preview:-1\" \/>\n<link rel=\"canonical\" href=\"https:\/\/shopatoa.com\/ro\/philips-avent-connected-scd953-26-monitor-video-inteligent-pentru-bebelusi-1-buc\/\" \/>\n<meta property=\"og:locale\" content=\"ro_RO\" \/>\n<meta property=\"og:type\" content=\"article\" \/>\n<meta property=\"og:title\" content=\"Philips Avent Connected SCD953\/26 monitor video inteligent pentru bebelu\u0219i 1 buc - SHOPATOA.COM\" \/>\n<meta property=\"og:description\" content=\"Philips Avent Connected SCD953\/26, 1 buc, Monitor audio bebelu\u0219i pentru copii, C\u00e2nd deveni\u021bi p\u0103rinte, trebuie s\u0103 ave\u021bi ochi \u0219i urechi peste tot. Nu se prea poate, dar monitorul Philips Avent Connected SCD953\/26 v\u0103 este de mare ajutor. Datorit\u0103 acestuia, pute\u021bi supraveghea copilul \u00een permanen\u021b\u0103, ceea ce v\u0103 ofer\u0103 un plus de lini\u0219te sufleteasc\u0103. Misiunea dvs.,...\" \/>\n<meta property=\"og:url\" content=\"https:\/\/shopatoa.com\/ro\/philips-avent-connected-scd953-26-monitor-video-inteligent-pentru-bebelusi-1-buc\/\" \/>\n<meta property=\"og:site_name\" content=\"SHOPATOA\" \/>\n<meta property=\"article:modified_time\" content=\"2026-02-02T15:50:03+00:00\" \/>\n<meta property=\"og:image\" content=\"https:\/\/storage.googleapis.com\/cz-shopatoa-img\/ro\/64892777-unnamed-file.webp\" \/>\n\t<meta property=\"og:image:width\" content=\"800\" \/>\n\t<meta property=\"og:image:height\" content=\"800\" \/>\n\t<meta property=\"og:image:type\" content=\"image\/webp\" \/>\n<meta name=\"twitter:card\" content=\"summary_large_image\" \/>\n<meta name=\"twitter:label1\" content=\"Timp estimat pentru citire\" \/>\n\t<meta name=\"twitter:data1\" content=\"1 minut\" \/>\n<script type=\"application\/ld+json\" class=\"yoast-schema-graph\">{\"@context\":\"https:\\\/\\\/schema.org\",\"@graph\":[{\"@type\":\"WebPage\",\"@id\":\"https:\\\/\\\/shopatoa.com\\\/ro\\\/philips-avent-connected-scd953-26-monitor-video-inteligent-pentru-bebelusi-1-buc\\\/\",\"url\":\"https:\\\/\\\/shopatoa.com\\\/ro\\\/philips-avent-connected-scd953-26-monitor-video-inteligent-pentru-bebelusi-1-buc\\\/\",\"name\":\"Philips Avent Connected SCD953\\\/26 monitor video inteligent pentru bebelu\u0219i 1 buc - SHOPATOA.COM\",\"isPartOf\":{\"@id\":\"https:\\\/\\\/shopatoa.com\\\/ro\\\/#website\"},\"primaryImageOfPage\":{\"@id\":\"https:\\\/\\\/shopatoa.com\\\/ro\\\/philips-avent-connected-scd953-26-monitor-video-inteligent-pentru-bebelusi-1-buc\\\/#primaryimage\"},\"image\":{\"@id\":\"https:\\\/\\\/shopatoa.com\\\/ro\\\/philips-avent-connected-scd953-26-monitor-video-inteligent-pentru-bebelusi-1-buc\\\/#primaryimage\"},\"thumbnailUrl\":\"https:\\\/\\\/storage.googleapis.com\\\/cz-shopatoa-img\\\/ro\\\/64892777-unnamed-file.webp\",\"datePublished\":\"2025-06-28T20:46:15+00:00\",\"dateModified\":\"2026-02-02T15:50:03+00:00\",\"breadcrumb\":{\"@id\":\"https:\\\/\\\/shopatoa.com\\\/ro\\\/philips-avent-connected-scd953-26-monitor-video-inteligent-pentru-bebelusi-1-buc\\\/#breadcrumb\"},\"inLanguage\":\"ro-RO\",\"potentialAction\":[{\"@type\":\"ReadAction\",\"target\":[\"https:\\\/\\\/shopatoa.com\\\/ro\\\/philips-avent-connected-scd953-26-monitor-video-inteligent-pentru-bebelusi-1-buc\\\/\"]}]},{\"@type\":\"ImageObject\",\"inLanguage\":\"ro-RO\",\"@id\":\"https:\\\/\\\/shopatoa.com\\\/ro\\\/philips-avent-connected-scd953-26-monitor-video-inteligent-pentru-bebelusi-1-buc\\\/#primaryimage\",\"url\":\"https:\\\/\\\/storage.googleapis.com\\\/cz-shopatoa-img\\\/ro\\\/64892777-unnamed-file.webp\",\"contentUrl\":\"https:\\\/\\\/storage.googleapis.com\\\/cz-shopatoa-img\\\/ro\\\/64892777-unnamed-file.webp\",\"width\":800,\"height\":800},{\"@type\":\"BreadcrumbList\",\"@id\":\"https:\\\/\\\/shopatoa.com\\\/ro\\\/philips-avent-connected-scd953-26-monitor-video-inteligent-pentru-bebelusi-1-buc\\\/#breadcrumb\",\"itemListElement\":[{\"@type\":\"ListItem\",\"position\":1,\"name\":\"Dom\u016f\",\"item\":\"https:\\\/\\\/shopatoa.com\\\/ro\\\/\"},{\"@type\":\"ListItem\",\"position\":2,\"name\":\"Shop\",\"item\":\"https:\\\/\\\/shopatoa.com\\\/ro\\\/shop\\\/\"},{\"@type\":\"ListItem\",\"position\":3,\"name\":\"Copii \u0219i sugari\",\"item\":\"https:\\\/\\\/shopatoa.com\\\/ro\\\/copii-si-sugari\\\/\"},{\"@type\":\"ListItem\",\"position\":4,\"name\":\"Somnul copiilor\",\"item\":\"https:\\\/\\\/shopatoa.com\\\/ro\\\/somnul-copiilor\\\/\"},{\"@type\":\"ListItem\",\"position\":5,\"name\":\"Baby monitors\",\"item\":\"https:\\\/\\\/shopatoa.com\\\/ro\\\/baby-monitors\\\/\"},{\"@type\":\"ListItem\",\"position\":6,\"name\":\"Philips Avent Connected SCD953\\\/26 monitor video inteligent pentru bebelu\u0219i 1 buc\"}]},{\"@type\":\"WebSite\",\"@id\":\"https:\\\/\\\/shopatoa.com\\\/ro\\\/#website\",\"url\":\"https:\\\/\\\/shopatoa.com\\\/ro\\\/\",\"name\":\"SHOPATOA\",\"description\":\"\",\"publisher\":{\"@id\":\"https:\\\/\\\/shopatoa.com\\\/ro\\\/#organization\"},\"potentialAction\":[{\"@type\":\"SearchAction\",\"target\":{\"@type\":\"EntryPoint\",\"urlTemplate\":\"https:\\\/\\\/shopatoa.com\\\/ro\\\/?s={search_term_string}\"},\"query-input\":{\"@type\":\"PropertyValueSpecification\",\"valueRequired\":true,\"valueName\":\"search_term_string\"}}],\"inLanguage\":\"ro-RO\"},{\"@type\":\"Organization\",\"@id\":\"https:\\\/\\\/shopatoa.com\\\/ro\\\/#organization\",\"name\":\"SHOPATOA\",\"url\":\"https:\\\/\\\/shopatoa.com\\\/ro\\\/\",\"logo\":{\"@type\":\"ImageObject\",\"inLanguage\":\"ro-RO\",\"@id\":\"https:\\\/\\\/shopatoa.com\\\/ro\\\/#\\\/schema\\\/logo\\\/image\\\/\",\"url\":\"https:\\\/\\\/storage.googleapis.com\\\/cz-shopatoa-img\\\/ro\\\/b4dac915-shopatoa_logo.png\",\"contentUrl\":\"https:\\\/\\\/storage.googleapis.com\\\/cz-shopatoa-img\\\/ro\\\/b4dac915-shopatoa_logo.png\",\"width\":416,\"height\":63,\"caption\":\"SHOPATOA\"},\"image\":{\"@id\":\"https:\\\/\\\/shopatoa.com\\\/ro\\\/#\\\/schema\\\/logo\\\/image\\\/\"}}]}<\/script>\n<!-- \/ Yoast SEO plugin. -->","yoast_head_json":{"title":"Philips Avent Connected SCD953\/26 monitor video inteligent pentru bebelu\u0219i 1 buc - SHOPATOA.COM","robots":{"index":"index","follow":"follow","max-snippet":"max-snippet:-1","max-image-preview":"max-image-preview:large","max-video-preview":"max-video-preview:-1"},"canonical":"https:\/\/shopatoa.com\/ro\/philips-avent-connected-scd953-26-monitor-video-inteligent-pentru-bebelusi-1-buc\/","og_locale":"ro_RO","og_type":"article","og_title":"Philips Avent Connected SCD953\/26 monitor video inteligent pentru bebelu\u0219i 1 buc - SHOPATOA.COM","og_description":"Philips Avent Connected SCD953\/26, 1 buc, Monitor audio bebelu\u0219i pentru copii, C\u00e2nd deveni\u021bi p\u0103rinte, trebuie s\u0103 ave\u021bi ochi \u0219i urechi peste tot. Nu se prea poate, dar monitorul Philips Avent Connected SCD953\/26 v\u0103 este de mare ajutor. Datorit\u0103 acestuia, pute\u021bi supraveghea copilul \u00een permanen\u021b\u0103, ceea ce v\u0103 ofer\u0103 un plus de lini\u0219te sufleteasc\u0103. Misiunea dvs.,...","og_url":"https:\/\/shopatoa.com\/ro\/philips-avent-connected-scd953-26-monitor-video-inteligent-pentru-bebelusi-1-buc\/","og_site_name":"SHOPATOA","article_modified_time":"2026-02-02T15:50:03+00:00","og_image":[{"width":800,"height":800,"url":"https:\/\/storage.googleapis.com\/cz-shopatoa-img\/ro\/64892777-unnamed-file.webp","type":"image\/webp"}],"twitter_card":"summary_large_image","twitter_misc":{"Timp estimat pentru citire":"1 minut"},"schema":{"@context":"https:\/\/schema.org","@graph":[{"@type":"WebPage","@id":"https:\/\/shopatoa.com\/ro\/philips-avent-connected-scd953-26-monitor-video-inteligent-pentru-bebelusi-1-buc\/","url":"https:\/\/shopatoa.com\/ro\/philips-avent-connected-scd953-26-monitor-video-inteligent-pentru-bebelusi-1-buc\/","name":"Philips Avent Connected SCD953\/26 monitor video inteligent pentru bebelu\u0219i 1 buc - SHOPATOA.COM","isPartOf":{"@id":"https:\/\/shopatoa.com\/ro\/#website"},"primaryImageOfPage":{"@id":"https:\/\/shopatoa.com\/ro\/philips-avent-connected-scd953-26-monitor-video-inteligent-pentru-bebelusi-1-buc\/#primaryimage"},"image":{"@id":"https:\/\/shopatoa.com\/ro\/philips-avent-connected-scd953-26-monitor-video-inteligent-pentru-bebelusi-1-buc\/#primaryimage"},"thumbnailUrl":"https:\/\/storage.googleapis.com\/cz-shopatoa-img\/ro\/64892777-unnamed-file.webp","datePublished":"2025-06-28T20:46:15+00:00","dateModified":"2026-02-02T15:50:03+00:00","breadcrumb":{"@id":"https:\/\/shopatoa.com\/ro\/philips-avent-connected-scd953-26-monitor-video-inteligent-pentru-bebelusi-1-buc\/#breadcrumb"},"inLanguage":"ro-RO","potentialAction":[{"@type":"ReadAction","target":["https:\/\/shopatoa.com\/ro\/philips-avent-connected-scd953-26-monitor-video-inteligent-pentru-bebelusi-1-buc\/"]}]},{"@type":"ImageObject","inLanguage":"ro-RO","@id":"https:\/\/shopatoa.com\/ro\/philips-avent-connected-scd953-26-monitor-video-inteligent-pentru-bebelusi-1-buc\/#primaryimage","url":"https:\/\/storage.googleapis.com\/cz-shopatoa-img\/ro\/64892777-unnamed-file.webp","contentUrl":"https:\/\/storage.googleapis.com\/cz-shopatoa-img\/ro\/64892777-unnamed-file.webp","width":800,"height":800},{"@type":"BreadcrumbList","@id":"https:\/\/shopatoa.com\/ro\/philips-avent-connected-scd953-26-monitor-video-inteligent-pentru-bebelusi-1-buc\/#breadcrumb","itemListElement":[{"@type":"ListItem","position":1,"name":"Dom\u016f","item":"https:\/\/shopatoa.com\/ro\/"},{"@type":"ListItem","position":2,"name":"Shop","item":"https:\/\/shopatoa.com\/ro\/shop\/"},{"@type":"ListItem","position":3,"name":"Copii \u0219i sugari","item":"https:\/\/shopatoa.com\/ro\/copii-si-sugari\/"},{"@type":"ListItem","position":4,"name":"Somnul copiilor","item":"https:\/\/shopatoa.com\/ro\/somnul-copiilor\/"},{"@type":"ListItem","position":5,"name":"Baby monitors","item":"https:\/\/shopatoa.com\/ro\/baby-monitors\/"},{"@type":"ListItem","position":6,"name":"Philips Avent Connected SCD953\/26 monitor video inteligent pentru bebelu\u0219i 1 buc"}]},{"@type":"WebSite","@id":"https:\/\/shopatoa.com\/ro\/#website","url":"https:\/\/shopatoa.com\/ro\/","name":"SHOPATOA","description":"","publisher":{"@id":"https:\/\/shopatoa.com\/ro\/#organization"},"potentialAction":[{"@type":"SearchAction","target":{"@type":"EntryPoint","urlTemplate":"https:\/\/shopatoa.com\/ro\/?s={search_term_string}"},"query-input":{"@type":"PropertyValueSpecification","valueRequired":true,"valueName":"search_term_string"}}],"inLanguage":"ro-RO"},{"@type":"Organization","@id":"https:\/\/shopatoa.com\/ro\/#organization","name":"SHOPATOA","url":"https:\/\/shopatoa.com\/ro\/","logo":{"@type":"ImageObject","inLanguage":"ro-RO","@id":"https:\/\/shopatoa.com\/ro\/#\/schema\/logo\/image\/","url":"https:\/\/storage.googleapis.com\/cz-shopatoa-img\/ro\/b4dac915-shopatoa_logo.png","contentUrl":"https:\/\/storage.googleapis.com\/cz-shopatoa-img\/ro\/b4dac915-shopatoa_logo.png","width":416,"height":63,"caption":"SHOPATOA"},"image":{"@id":"https:\/\/shopatoa.com\/ro\/#\/schema\/logo\/image\/"}}]}},"_links":{"self":[{"href":"https:\/\/shopatoa.com\/ro\/wp-json\/wp\/v2\/product\/471235","targetHints":{"allow":["GET"]}}],"collection":[{"href":"https:\/\/shopatoa.com\/ro\/wp-json\/wp\/v2\/product"}],"about":[{"href":"https:\/\/shopatoa.com\/ro\/wp-json\/wp\/v2\/types\/product"}],"replies":[{"embeddable":true,"href":"https:\/\/shopatoa.com\/ro\/wp-json\/wp\/v2\/comments?post=471235"}],"wp:featuredmedia":[{"embeddable":true,"href":"https:\/\/shopatoa.com\/ro\/wp-json\/wp\/v2\/media\/471236"}],"wp:attachment":[{"href":"https:\/\/shopatoa.com\/ro\/wp-json\/wp\/v2\/media?parent=471235"}],"wp:term":[{"taxonomy":"product_brand","embeddable":true,"href":"https:\/\/shopatoa.com\/ro\/wp-json\/wp\/v2\/product_brand?post=471235"},{"taxonomy":"product_cat","embeddable":true,"href":"https:\/\/shopatoa.com\/ro\/wp-json\/wp\/v2\/product_cat?post=471235"},{"taxonomy":"product_tag","embeddable":true,"href":"https:\/\/shopatoa.com\/ro\/wp-json\/wp\/v2\/product_tag?post=471235"}],"curies":[{"name":"wp","href":"https:\/\/api.w.org\/{rel}","templated":true}]}}