{"id":471529,"date":"2025-06-28T23:22:19","date_gmt":"2025-06-28T21:22:19","guid":{"rendered":"https:\/\/shopatoa.com\/ro\/castelbel-tile-green-sencha-reumplere-in-aroma-difuzoarelor-900-ml\/"},"modified":"2026-02-02T16:06:03","modified_gmt":"2026-02-02T15:06:03","slug":"castelbel-tile-green-sencha-reumplere-in-aroma-difuzoarelor-900-ml","status":"publish","type":"product","link":"https:\/\/shopatoa.com\/ro\/castelbel-tile-green-sencha-reumplere-in-aroma-difuzoarelor-900-ml\/","title":{"rendered":"Castelbel Tile Green Sencha reumplere \u00een aroma difuzoarelor 900 ml"},"content":{"rendered":"<p>Castelbel Tile Green Sencha, 900 ml, Rezerv\u0103 pentru difuzoarele de arom\u0103 Parfumuri pentru casa, Flaconul de rezerv\u0103 Castelbel Tile Green Sencha schimb\u0103 aroma fiec\u0103rui spa\u021biu, \u00een func\u021bie de starea de spirit.  Caracteristici:  parfum proasp\u0103t parfum citric  Cum se utilizeaz\u0103: Rezerva se \u00eenlocuie\u0219te conform instruc\u021biunilor incluse.<\/p>\n","protected":false},"excerpt":{"rendered":"<p>Castelbel Tile Green Sencha, 900 ml, Rezerv\u0103 pentru difuzoarele de arom\u0103 Parfumuri pentru casa, Flaconul de rezerv\u0103 Castelbel Tile Green Sencha schimb\u0103 aroma fiec\u0103rui spa\u021biu, \u00een func\u021bie de starea de spirit. Caracteristici: parfum proasp\u0103t parfum citric Cum se utilizeaz\u0103: Rezerva se \u00eenlocuie\u0219te conform instruc\u021biunilor incluse.<\/p>\n","protected":false},"featured_media":471530,"comment_status":"closed","ping_status":"open","template":"","meta":{"_acf_changed":false,"_kadence_starter_templates_imported_post":false,"_kad_post_transparent":"","_kad_post_title":"","_kad_post_layout":"","_kad_post_sidebar_id":"","_kad_post_content_style":"","_kad_post_vertical_padding":"","_kad_post_feature":"","_kad_post_feature_position":"","_kad_post_header":false,"_kad_post_footer":false,"_kad_post_classname":""},"product_brand":[2381],"product_cat":[3889,2533,3902,3927],"product_tag":[],"class_list":{"0":"post-471529","1":"product","2":"type-product","3":"status-publish","4":"has-post-thumbnail","6":"product_brand-castelbel","7":"product_cat-accesorii-si-decoratiuni-pentru-locuinta","8":"product_cat-casa-si-gradina","9":"product_cat-difuzoare-si-purificatoare-de-aer","10":"product_cat-rezerve-pentru-difuzoare-de-aroma","11":"pa_gen-unisex","12":"pa_marime-900-ml","14":"first","15":"instock","16":"sale","17":"product-type-external","18":"entry","19":"content-bg","20":"loop-entry"},"acf":[],"yoast_head":"<!-- This site is optimized with the Yoast SEO plugin v27.4 - https:\/\/yoast.com\/product\/yoast-seo-wordpress\/ -->\n<title>Castelbel Tile Green Sencha reumplere \u00een aroma difuzoarelor 900 ml - SHOPATOA.COM<\/title>\n<meta name=\"robots\" content=\"index, follow, max-snippet:-1, max-image-preview:large, max-video-preview:-1\" \/>\n<link rel=\"canonical\" href=\"https:\/\/shopatoa.com\/ro\/castelbel-tile-green-sencha-reumplere-in-aroma-difuzoarelor-900-ml\/\" \/>\n<meta property=\"og:locale\" content=\"ro_RO\" \/>\n<meta property=\"og:type\" content=\"article\" \/>\n<meta property=\"og:title\" content=\"Castelbel Tile Green Sencha reumplere \u00een aroma difuzoarelor 900 ml - SHOPATOA.COM\" \/>\n<meta property=\"og:description\" content=\"Castelbel Tile Green Sencha, 900 ml, Rezerv\u0103 pentru difuzoarele de arom\u0103 Parfumuri pentru casa, Flaconul de rezerv\u0103 Castelbel Tile Green Sencha schimb\u0103 aroma fiec\u0103rui spa\u021biu, \u00een func\u021bie de starea de spirit. Caracteristici: parfum proasp\u0103t parfum citric Cum se utilizeaz\u0103: Rezerva se \u00eenlocuie\u0219te conform instruc\u021biunilor incluse.\" \/>\n<meta property=\"og:url\" content=\"https:\/\/shopatoa.com\/ro\/castelbel-tile-green-sencha-reumplere-in-aroma-difuzoarelor-900-ml\/\" \/>\n<meta property=\"og:site_name\" content=\"SHOPATOA\" \/>\n<meta property=\"article:modified_time\" content=\"2026-02-02T15:06:03+00:00\" \/>\n<meta property=\"og:image\" content=\"https:\/\/storage.googleapis.com\/cz-shopatoa-img\/ro\/c6eb09c0-unnamed-file.webp\" \/>\n\t<meta property=\"og:image:width\" content=\"800\" \/>\n\t<meta property=\"og:image:height\" content=\"800\" \/>\n\t<meta property=\"og:image:type\" content=\"image\/webp\" \/>\n<meta name=\"twitter:card\" content=\"summary_large_image\" \/>\n<script type=\"application\/ld+json\" class=\"yoast-schema-graph\">{\"@context\":\"https:\\\/\\\/schema.org\",\"@graph\":[{\"@type\":\"WebPage\",\"@id\":\"https:\\\/\\\/shopatoa.com\\\/ro\\\/castelbel-tile-green-sencha-reumplere-in-aroma-difuzoarelor-900-ml\\\/\",\"url\":\"https:\\\/\\\/shopatoa.com\\\/ro\\\/castelbel-tile-green-sencha-reumplere-in-aroma-difuzoarelor-900-ml\\\/\",\"name\":\"Castelbel Tile Green Sencha reumplere \u00een aroma difuzoarelor 900 ml - SHOPATOA.COM\",\"isPartOf\":{\"@id\":\"https:\\\/\\\/shopatoa.com\\\/ro\\\/#website\"},\"primaryImageOfPage\":{\"@id\":\"https:\\\/\\\/shopatoa.com\\\/ro\\\/castelbel-tile-green-sencha-reumplere-in-aroma-difuzoarelor-900-ml\\\/#primaryimage\"},\"image\":{\"@id\":\"https:\\\/\\\/shopatoa.com\\\/ro\\\/castelbel-tile-green-sencha-reumplere-in-aroma-difuzoarelor-900-ml\\\/#primaryimage\"},\"thumbnailUrl\":\"https:\\\/\\\/storage.googleapis.com\\\/cz-shopatoa-img\\\/ro\\\/c6eb09c0-unnamed-file.webp\",\"datePublished\":\"2025-06-28T21:22:19+00:00\",\"dateModified\":\"2026-02-02T15:06:03+00:00\",\"breadcrumb\":{\"@id\":\"https:\\\/\\\/shopatoa.com\\\/ro\\\/castelbel-tile-green-sencha-reumplere-in-aroma-difuzoarelor-900-ml\\\/#breadcrumb\"},\"inLanguage\":\"ro-RO\",\"potentialAction\":[{\"@type\":\"ReadAction\",\"target\":[\"https:\\\/\\\/shopatoa.com\\\/ro\\\/castelbel-tile-green-sencha-reumplere-in-aroma-difuzoarelor-900-ml\\\/\"]}]},{\"@type\":\"ImageObject\",\"inLanguage\":\"ro-RO\",\"@id\":\"https:\\\/\\\/shopatoa.com\\\/ro\\\/castelbel-tile-green-sencha-reumplere-in-aroma-difuzoarelor-900-ml\\\/#primaryimage\",\"url\":\"https:\\\/\\\/storage.googleapis.com\\\/cz-shopatoa-img\\\/ro\\\/c6eb09c0-unnamed-file.webp\",\"contentUrl\":\"https:\\\/\\\/storage.googleapis.com\\\/cz-shopatoa-img\\\/ro\\\/c6eb09c0-unnamed-file.webp\",\"width\":800,\"height\":800},{\"@type\":\"BreadcrumbList\",\"@id\":\"https:\\\/\\\/shopatoa.com\\\/ro\\\/castelbel-tile-green-sencha-reumplere-in-aroma-difuzoarelor-900-ml\\\/#breadcrumb\",\"itemListElement\":[{\"@type\":\"ListItem\",\"position\":1,\"name\":\"Dom\u016f\",\"item\":\"https:\\\/\\\/shopatoa.com\\\/ro\\\/\"},{\"@type\":\"ListItem\",\"position\":2,\"name\":\"Shop\",\"item\":\"https:\\\/\\\/shopatoa.com\\\/ro\\\/shop\\\/\"},{\"@type\":\"ListItem\",\"position\":3,\"name\":\"Casa \u0219i gr\u0103din\u0103\",\"item\":\"https:\\\/\\\/shopatoa.com\\\/ro\\\/casa-si-gradina\\\/\"},{\"@type\":\"ListItem\",\"position\":4,\"name\":\"Accesorii \u0219i decora\u021biuni pentru locuin\u021b\u0103\",\"item\":\"https:\\\/\\\/shopatoa.com\\\/ro\\\/accesorii-si-decoratiuni-pentru-locuinta\\\/\"},{\"@type\":\"ListItem\",\"position\":5,\"name\":\"Difuzoare \u0219i purificatoare de aer\",\"item\":\"https:\\\/\\\/shopatoa.com\\\/ro\\\/difuzoare-si-purificatoare-de-aer\\\/\"},{\"@type\":\"ListItem\",\"position\":6,\"name\":\"Rezerve pentru difuzoare de arom\u0103\",\"item\":\"https:\\\/\\\/shopatoa.com\\\/ro\\\/rezerve-pentru-difuzoare-de-aroma\\\/\"},{\"@type\":\"ListItem\",\"position\":7,\"name\":\"Castelbel Tile Green Sencha reumplere \u00een aroma difuzoarelor 900 ml\"}]},{\"@type\":\"WebSite\",\"@id\":\"https:\\\/\\\/shopatoa.com\\\/ro\\\/#website\",\"url\":\"https:\\\/\\\/shopatoa.com\\\/ro\\\/\",\"name\":\"SHOPATOA\",\"description\":\"\",\"publisher\":{\"@id\":\"https:\\\/\\\/shopatoa.com\\\/ro\\\/#organization\"},\"potentialAction\":[{\"@type\":\"SearchAction\",\"target\":{\"@type\":\"EntryPoint\",\"urlTemplate\":\"https:\\\/\\\/shopatoa.com\\\/ro\\\/?s={search_term_string}\"},\"query-input\":{\"@type\":\"PropertyValueSpecification\",\"valueRequired\":true,\"valueName\":\"search_term_string\"}}],\"inLanguage\":\"ro-RO\"},{\"@type\":\"Organization\",\"@id\":\"https:\\\/\\\/shopatoa.com\\\/ro\\\/#organization\",\"name\":\"SHOPATOA\",\"url\":\"https:\\\/\\\/shopatoa.com\\\/ro\\\/\",\"logo\":{\"@type\":\"ImageObject\",\"inLanguage\":\"ro-RO\",\"@id\":\"https:\\\/\\\/shopatoa.com\\\/ro\\\/#\\\/schema\\\/logo\\\/image\\\/\",\"url\":\"https:\\\/\\\/storage.googleapis.com\\\/cz-shopatoa-img\\\/ro\\\/b4dac915-shopatoa_logo.png\",\"contentUrl\":\"https:\\\/\\\/storage.googleapis.com\\\/cz-shopatoa-img\\\/ro\\\/b4dac915-shopatoa_logo.png\",\"width\":416,\"height\":63,\"caption\":\"SHOPATOA\"},\"image\":{\"@id\":\"https:\\\/\\\/shopatoa.com\\\/ro\\\/#\\\/schema\\\/logo\\\/image\\\/\"}}]}<\/script>\n<!-- \/ Yoast SEO plugin. -->","yoast_head_json":{"title":"Castelbel Tile Green Sencha reumplere \u00een aroma difuzoarelor 900 ml - SHOPATOA.COM","robots":{"index":"index","follow":"follow","max-snippet":"max-snippet:-1","max-image-preview":"max-image-preview:large","max-video-preview":"max-video-preview:-1"},"canonical":"https:\/\/shopatoa.com\/ro\/castelbel-tile-green-sencha-reumplere-in-aroma-difuzoarelor-900-ml\/","og_locale":"ro_RO","og_type":"article","og_title":"Castelbel Tile Green Sencha reumplere \u00een aroma difuzoarelor 900 ml - SHOPATOA.COM","og_description":"Castelbel Tile Green Sencha, 900 ml, Rezerv\u0103 pentru difuzoarele de arom\u0103 Parfumuri pentru casa, Flaconul de rezerv\u0103 Castelbel Tile Green Sencha schimb\u0103 aroma fiec\u0103rui spa\u021biu, \u00een func\u021bie de starea de spirit. Caracteristici: parfum proasp\u0103t parfum citric Cum se utilizeaz\u0103: Rezerva se \u00eenlocuie\u0219te conform instruc\u021biunilor incluse.","og_url":"https:\/\/shopatoa.com\/ro\/castelbel-tile-green-sencha-reumplere-in-aroma-difuzoarelor-900-ml\/","og_site_name":"SHOPATOA","article_modified_time":"2026-02-02T15:06:03+00:00","og_image":[{"width":800,"height":800,"url":"https:\/\/storage.googleapis.com\/cz-shopatoa-img\/ro\/c6eb09c0-unnamed-file.webp","type":"image\/webp"}],"twitter_card":"summary_large_image","schema":{"@context":"https:\/\/schema.org","@graph":[{"@type":"WebPage","@id":"https:\/\/shopatoa.com\/ro\/castelbel-tile-green-sencha-reumplere-in-aroma-difuzoarelor-900-ml\/","url":"https:\/\/shopatoa.com\/ro\/castelbel-tile-green-sencha-reumplere-in-aroma-difuzoarelor-900-ml\/","name":"Castelbel Tile Green Sencha reumplere \u00een aroma difuzoarelor 900 ml - SHOPATOA.COM","isPartOf":{"@id":"https:\/\/shopatoa.com\/ro\/#website"},"primaryImageOfPage":{"@id":"https:\/\/shopatoa.com\/ro\/castelbel-tile-green-sencha-reumplere-in-aroma-difuzoarelor-900-ml\/#primaryimage"},"image":{"@id":"https:\/\/shopatoa.com\/ro\/castelbel-tile-green-sencha-reumplere-in-aroma-difuzoarelor-900-ml\/#primaryimage"},"thumbnailUrl":"https:\/\/storage.googleapis.com\/cz-shopatoa-img\/ro\/c6eb09c0-unnamed-file.webp","datePublished":"2025-06-28T21:22:19+00:00","dateModified":"2026-02-02T15:06:03+00:00","breadcrumb":{"@id":"https:\/\/shopatoa.com\/ro\/castelbel-tile-green-sencha-reumplere-in-aroma-difuzoarelor-900-ml\/#breadcrumb"},"inLanguage":"ro-RO","potentialAction":[{"@type":"ReadAction","target":["https:\/\/shopatoa.com\/ro\/castelbel-tile-green-sencha-reumplere-in-aroma-difuzoarelor-900-ml\/"]}]},{"@type":"ImageObject","inLanguage":"ro-RO","@id":"https:\/\/shopatoa.com\/ro\/castelbel-tile-green-sencha-reumplere-in-aroma-difuzoarelor-900-ml\/#primaryimage","url":"https:\/\/storage.googleapis.com\/cz-shopatoa-img\/ro\/c6eb09c0-unnamed-file.webp","contentUrl":"https:\/\/storage.googleapis.com\/cz-shopatoa-img\/ro\/c6eb09c0-unnamed-file.webp","width":800,"height":800},{"@type":"BreadcrumbList","@id":"https:\/\/shopatoa.com\/ro\/castelbel-tile-green-sencha-reumplere-in-aroma-difuzoarelor-900-ml\/#breadcrumb","itemListElement":[{"@type":"ListItem","position":1,"name":"Dom\u016f","item":"https:\/\/shopatoa.com\/ro\/"},{"@type":"ListItem","position":2,"name":"Shop","item":"https:\/\/shopatoa.com\/ro\/shop\/"},{"@type":"ListItem","position":3,"name":"Casa \u0219i gr\u0103din\u0103","item":"https:\/\/shopatoa.com\/ro\/casa-si-gradina\/"},{"@type":"ListItem","position":4,"name":"Accesorii \u0219i decora\u021biuni pentru locuin\u021b\u0103","item":"https:\/\/shopatoa.com\/ro\/accesorii-si-decoratiuni-pentru-locuinta\/"},{"@type":"ListItem","position":5,"name":"Difuzoare \u0219i purificatoare de aer","item":"https:\/\/shopatoa.com\/ro\/difuzoare-si-purificatoare-de-aer\/"},{"@type":"ListItem","position":6,"name":"Rezerve pentru difuzoare de arom\u0103","item":"https:\/\/shopatoa.com\/ro\/rezerve-pentru-difuzoare-de-aroma\/"},{"@type":"ListItem","position":7,"name":"Castelbel Tile Green Sencha reumplere \u00een aroma difuzoarelor 900 ml"}]},{"@type":"WebSite","@id":"https:\/\/shopatoa.com\/ro\/#website","url":"https:\/\/shopatoa.com\/ro\/","name":"SHOPATOA","description":"","publisher":{"@id":"https:\/\/shopatoa.com\/ro\/#organization"},"potentialAction":[{"@type":"SearchAction","target":{"@type":"EntryPoint","urlTemplate":"https:\/\/shopatoa.com\/ro\/?s={search_term_string}"},"query-input":{"@type":"PropertyValueSpecification","valueRequired":true,"valueName":"search_term_string"}}],"inLanguage":"ro-RO"},{"@type":"Organization","@id":"https:\/\/shopatoa.com\/ro\/#organization","name":"SHOPATOA","url":"https:\/\/shopatoa.com\/ro\/","logo":{"@type":"ImageObject","inLanguage":"ro-RO","@id":"https:\/\/shopatoa.com\/ro\/#\/schema\/logo\/image\/","url":"https:\/\/storage.googleapis.com\/cz-shopatoa-img\/ro\/b4dac915-shopatoa_logo.png","contentUrl":"https:\/\/storage.googleapis.com\/cz-shopatoa-img\/ro\/b4dac915-shopatoa_logo.png","width":416,"height":63,"caption":"SHOPATOA"},"image":{"@id":"https:\/\/shopatoa.com\/ro\/#\/schema\/logo\/image\/"}}]}},"_links":{"self":[{"href":"https:\/\/shopatoa.com\/ro\/wp-json\/wp\/v2\/product\/471529","targetHints":{"allow":["GET"]}}],"collection":[{"href":"https:\/\/shopatoa.com\/ro\/wp-json\/wp\/v2\/product"}],"about":[{"href":"https:\/\/shopatoa.com\/ro\/wp-json\/wp\/v2\/types\/product"}],"replies":[{"embeddable":true,"href":"https:\/\/shopatoa.com\/ro\/wp-json\/wp\/v2\/comments?post=471529"}],"wp:featuredmedia":[{"embeddable":true,"href":"https:\/\/shopatoa.com\/ro\/wp-json\/wp\/v2\/media\/471530"}],"wp:attachment":[{"href":"https:\/\/shopatoa.com\/ro\/wp-json\/wp\/v2\/media?parent=471529"}],"wp:term":[{"taxonomy":"product_brand","embeddable":true,"href":"https:\/\/shopatoa.com\/ro\/wp-json\/wp\/v2\/product_brand?post=471529"},{"taxonomy":"product_cat","embeddable":true,"href":"https:\/\/shopatoa.com\/ro\/wp-json\/wp\/v2\/product_cat?post=471529"},{"taxonomy":"product_tag","embeddable":true,"href":"https:\/\/shopatoa.com\/ro\/wp-json\/wp\/v2\/product_tag?post=471529"}],"curies":[{"name":"wp","href":"https:\/\/api.w.org\/{rel}","templated":true}]}}