{"id":471715,"date":"2025-06-28T23:38:38","date_gmt":"2025-06-28T21:38:38","guid":{"rendered":"https:\/\/shopatoa.com\/ro\/beautifly-silk-hair-elastic-set-elastic-pentru-par-din-matase\/"},"modified":"2025-12-12T03:45:06","modified_gmt":"2025-12-12T02:45:06","slug":"beautifly-silk-hair-elastic-set-elastic-pentru-par-din-matase","status":"publish","type":"product","link":"https:\/\/shopatoa.com\/ro\/beautifly-silk-hair-elastic-set-elastic-pentru-par-din-matase\/","title":{"rendered":"Beautifly Silk Hair Elastic set elastic pentru p\u0103r din m\u0103tase"},"content":{"rendered":"<p>Beautifly Silk Hair Elastic set, 3 buc, Elastice pentru p\u0103r pentru femei, Pentru o tu\u0219\u0103 final\u0103 perfect\u0103 \u0219i pentru a v\u0103 fixa coafura, v\u0103 va fi util accesoriul de p\u0103r Beautifly Silk Hair Elastic set. \u00cembl\u00e2nze\u0219te \u0219uvi\u021bele rebele \u0219i completeaz\u0103 orice coafur\u0103 \u2013 indiferent dac\u0103 este una elegant\u0103 sau casual. Se va asigura s\u0103 nu v\u0103 mai cad\u0103 p\u0103rul \u00een ochi \u00een momentul cel mai nepotrivit \u2013 v\u0103 va permite s\u0103 aranja\u021bi p\u0103rul lung sau scurt la serviciu sau \u00een timpul activit\u0103\u021bilor sportive. Bucura\u021bi-v\u0103 de posibilit\u0103\u021bile pe care le ofer\u0103 \u0219i ave\u021bi-l mereu la \u00eendem\u00e2n\u0103. \u00cen geant\u0103, rucsac sau chiar \u00een buzunarul pantalonilor. Nu \u0219ti\u021bi niciodat\u0103 c\u00e2nd va fi de folos!  Setul con\u021bine:  elastic pentru p\u0103r din m\u0103tase mare 1 buc elastic pentru p\u0103r din m\u0103tase medium 1 buc elastic pentru p\u0103r din m\u0103tase mica 1 buc  Caracteristici:  pentru orice tip de p\u0103r foarte potrivit ca un cadou bucur\u0103 orice femeie delicat cu p\u0103rul nu las\u0103 amprente \u00een p\u0103r produsul este disponibil \u00een mai multe m\u0103rimi creeaz\u0103 o coafur\u0103 simpl\u0103 \u0219i trendy  Cum se utilizeaz\u0103: Faciliteaz\u0103 crearea coafurii dorite.<\/p>\n","protected":false},"excerpt":{"rendered":"<p>Beautifly Silk Hair Elastic set, 3 buc, Elastice pentru p\u0103r pentru femei, Pentru o tu\u0219\u0103 final\u0103 perfect\u0103 \u0219i pentru a v\u0103 fixa coafura, v\u0103 va fi util accesoriul de p\u0103r Beautifly Silk Hair Elastic set. \u00cembl\u00e2nze\u0219te \u0219uvi\u021bele rebele \u0219i completeaz\u0103 orice coafur\u0103 \u2013 indiferent dac\u0103 este una elegant\u0103 sau casual. Se va asigura s\u0103 nu&#8230;<\/p>\n","protected":false},"featured_media":471716,"comment_status":"closed","ping_status":"open","template":"","meta":{"_acf_changed":false,"_kadence_starter_templates_imported_post":false,"_kad_post_transparent":"","_kad_post_title":"","_kad_post_layout":"","_kad_post_sidebar_id":"","_kad_post_content_style":"","_kad_post_vertical_padding":"","_kad_post_feature":"","_kad_post_feature_position":"","_kad_post_header":false,"_kad_post_footer":false,"_kad_post_classname":""},"product_brand":[2329],"product_cat":[1564,1563,1562,1651],"product_tag":[],"class_list":{"0":"post-471715","1":"product","2":"type-product","3":"status-publish","4":"has-post-thumbnail","6":"product_brand-beautifly","7":"product_cat-cosmetice-ingrijire-personala","8":"product_cat-ingrijire-personala","9":"product_cat-sanatate-si-frumusete","10":"product_cat-seturi-cosmetice","11":"pa_gen-female","12":"pa_marime-3-buc","14":"first","15":"instock","16":"sale","17":"product-type-external","18":"entry","19":"content-bg","20":"loop-entry"},"acf":[],"yoast_head":"<!-- This site is optimized with the Yoast SEO plugin v27.4 - https:\/\/yoast.com\/product\/yoast-seo-wordpress\/ -->\n<title>Beautifly Silk Hair Elastic set elastic pentru p\u0103r din m\u0103tase - SHOPATOA.COM<\/title>\n<meta name=\"robots\" content=\"index, follow, max-snippet:-1, max-image-preview:large, max-video-preview:-1\" \/>\n<link rel=\"canonical\" href=\"https:\/\/shopatoa.com\/ro\/beautifly-silk-hair-elastic-set-elastic-pentru-par-din-matase\/\" \/>\n<meta property=\"og:locale\" content=\"ro_RO\" \/>\n<meta property=\"og:type\" content=\"article\" \/>\n<meta property=\"og:title\" content=\"Beautifly Silk Hair Elastic set elastic pentru p\u0103r din m\u0103tase - SHOPATOA.COM\" \/>\n<meta property=\"og:description\" content=\"Beautifly Silk Hair Elastic set, 3 buc, Elastice pentru p\u0103r pentru femei, Pentru o tu\u0219\u0103 final\u0103 perfect\u0103 \u0219i pentru a v\u0103 fixa coafura, v\u0103 va fi util accesoriul de p\u0103r Beautifly Silk Hair Elastic set. \u00cembl\u00e2nze\u0219te \u0219uvi\u021bele rebele \u0219i completeaz\u0103 orice coafur\u0103 \u2013 indiferent dac\u0103 este una elegant\u0103 sau casual. Se va asigura s\u0103 nu...\" \/>\n<meta property=\"og:url\" content=\"https:\/\/shopatoa.com\/ro\/beautifly-silk-hair-elastic-set-elastic-pentru-par-din-matase\/\" \/>\n<meta property=\"og:site_name\" content=\"SHOPATOA\" \/>\n<meta property=\"article:modified_time\" content=\"2025-12-12T02:45:06+00:00\" \/>\n<meta property=\"og:image\" content=\"https:\/\/storage.googleapis.com\/cz-shopatoa-img\/ro\/6636f67d-unnamed-file.webp\" \/>\n\t<meta property=\"og:image:width\" content=\"800\" \/>\n\t<meta property=\"og:image:height\" content=\"800\" \/>\n\t<meta property=\"og:image:type\" content=\"image\/webp\" \/>\n<meta name=\"twitter:card\" content=\"summary_large_image\" \/>\n<meta name=\"twitter:label1\" content=\"Timp estimat pentru citire\" \/>\n\t<meta name=\"twitter:data1\" content=\"1 minut\" \/>\n<script type=\"application\/ld+json\" class=\"yoast-schema-graph\">{\"@context\":\"https:\\\/\\\/schema.org\",\"@graph\":[{\"@type\":\"WebPage\",\"@id\":\"https:\\\/\\\/shopatoa.com\\\/ro\\\/beautifly-silk-hair-elastic-set-elastic-pentru-par-din-matase\\\/\",\"url\":\"https:\\\/\\\/shopatoa.com\\\/ro\\\/beautifly-silk-hair-elastic-set-elastic-pentru-par-din-matase\\\/\",\"name\":\"Beautifly Silk Hair Elastic set elastic pentru p\u0103r din m\u0103tase - SHOPATOA.COM\",\"isPartOf\":{\"@id\":\"https:\\\/\\\/shopatoa.com\\\/ro\\\/#website\"},\"primaryImageOfPage\":{\"@id\":\"https:\\\/\\\/shopatoa.com\\\/ro\\\/beautifly-silk-hair-elastic-set-elastic-pentru-par-din-matase\\\/#primaryimage\"},\"image\":{\"@id\":\"https:\\\/\\\/shopatoa.com\\\/ro\\\/beautifly-silk-hair-elastic-set-elastic-pentru-par-din-matase\\\/#primaryimage\"},\"thumbnailUrl\":\"https:\\\/\\\/storage.googleapis.com\\\/cz-shopatoa-img\\\/ro\\\/6636f67d-unnamed-file.webp\",\"datePublished\":\"2025-06-28T21:38:38+00:00\",\"dateModified\":\"2025-12-12T02:45:06+00:00\",\"breadcrumb\":{\"@id\":\"https:\\\/\\\/shopatoa.com\\\/ro\\\/beautifly-silk-hair-elastic-set-elastic-pentru-par-din-matase\\\/#breadcrumb\"},\"inLanguage\":\"ro-RO\",\"potentialAction\":[{\"@type\":\"ReadAction\",\"target\":[\"https:\\\/\\\/shopatoa.com\\\/ro\\\/beautifly-silk-hair-elastic-set-elastic-pentru-par-din-matase\\\/\"]}]},{\"@type\":\"ImageObject\",\"inLanguage\":\"ro-RO\",\"@id\":\"https:\\\/\\\/shopatoa.com\\\/ro\\\/beautifly-silk-hair-elastic-set-elastic-pentru-par-din-matase\\\/#primaryimage\",\"url\":\"https:\\\/\\\/storage.googleapis.com\\\/cz-shopatoa-img\\\/ro\\\/6636f67d-unnamed-file.webp\",\"contentUrl\":\"https:\\\/\\\/storage.googleapis.com\\\/cz-shopatoa-img\\\/ro\\\/6636f67d-unnamed-file.webp\",\"width\":800,\"height\":800},{\"@type\":\"BreadcrumbList\",\"@id\":\"https:\\\/\\\/shopatoa.com\\\/ro\\\/beautifly-silk-hair-elastic-set-elastic-pentru-par-din-matase\\\/#breadcrumb\",\"itemListElement\":[{\"@type\":\"ListItem\",\"position\":1,\"name\":\"Dom\u016f\",\"item\":\"https:\\\/\\\/shopatoa.com\\\/ro\\\/\"},{\"@type\":\"ListItem\",\"position\":2,\"name\":\"Shop\",\"item\":\"https:\\\/\\\/shopatoa.com\\\/ro\\\/shop\\\/\"},{\"@type\":\"ListItem\",\"position\":3,\"name\":\"S\u0103n\u0103tate \u0219i frumuse\u021be\",\"item\":\"https:\\\/\\\/shopatoa.com\\\/ro\\\/sanatate-si-frumusete\\\/\"},{\"@type\":\"ListItem\",\"position\":4,\"name\":\"\u00cengrijire personal\u0103\",\"item\":\"https:\\\/\\\/shopatoa.com\\\/ro\\\/ingrijire-personala\\\/\"},{\"@type\":\"ListItem\",\"position\":5,\"name\":\"Cosmetice\",\"item\":\"https:\\\/\\\/shopatoa.com\\\/ro\\\/cosmetice-ingrijire-personala\\\/\"},{\"@type\":\"ListItem\",\"position\":6,\"name\":\"Seturi cosmetice\",\"item\":\"https:\\\/\\\/shopatoa.com\\\/ro\\\/seturi-cosmetice\\\/\"},{\"@type\":\"ListItem\",\"position\":7,\"name\":\"Beautifly Silk Hair Elastic set elastic pentru p\u0103r din m\u0103tase\"}]},{\"@type\":\"WebSite\",\"@id\":\"https:\\\/\\\/shopatoa.com\\\/ro\\\/#website\",\"url\":\"https:\\\/\\\/shopatoa.com\\\/ro\\\/\",\"name\":\"SHOPATOA\",\"description\":\"\",\"publisher\":{\"@id\":\"https:\\\/\\\/shopatoa.com\\\/ro\\\/#organization\"},\"potentialAction\":[{\"@type\":\"SearchAction\",\"target\":{\"@type\":\"EntryPoint\",\"urlTemplate\":\"https:\\\/\\\/shopatoa.com\\\/ro\\\/?s={search_term_string}\"},\"query-input\":{\"@type\":\"PropertyValueSpecification\",\"valueRequired\":true,\"valueName\":\"search_term_string\"}}],\"inLanguage\":\"ro-RO\"},{\"@type\":\"Organization\",\"@id\":\"https:\\\/\\\/shopatoa.com\\\/ro\\\/#organization\",\"name\":\"SHOPATOA\",\"url\":\"https:\\\/\\\/shopatoa.com\\\/ro\\\/\",\"logo\":{\"@type\":\"ImageObject\",\"inLanguage\":\"ro-RO\",\"@id\":\"https:\\\/\\\/shopatoa.com\\\/ro\\\/#\\\/schema\\\/logo\\\/image\\\/\",\"url\":\"https:\\\/\\\/storage.googleapis.com\\\/cz-shopatoa-img\\\/ro\\\/b4dac915-shopatoa_logo.png\",\"contentUrl\":\"https:\\\/\\\/storage.googleapis.com\\\/cz-shopatoa-img\\\/ro\\\/b4dac915-shopatoa_logo.png\",\"width\":416,\"height\":63,\"caption\":\"SHOPATOA\"},\"image\":{\"@id\":\"https:\\\/\\\/shopatoa.com\\\/ro\\\/#\\\/schema\\\/logo\\\/image\\\/\"}}]}<\/script>\n<!-- \/ Yoast SEO plugin. -->","yoast_head_json":{"title":"Beautifly Silk Hair Elastic set elastic pentru p\u0103r din m\u0103tase - SHOPATOA.COM","robots":{"index":"index","follow":"follow","max-snippet":"max-snippet:-1","max-image-preview":"max-image-preview:large","max-video-preview":"max-video-preview:-1"},"canonical":"https:\/\/shopatoa.com\/ro\/beautifly-silk-hair-elastic-set-elastic-pentru-par-din-matase\/","og_locale":"ro_RO","og_type":"article","og_title":"Beautifly Silk Hair Elastic set elastic pentru p\u0103r din m\u0103tase - SHOPATOA.COM","og_description":"Beautifly Silk Hair Elastic set, 3 buc, Elastice pentru p\u0103r pentru femei, Pentru o tu\u0219\u0103 final\u0103 perfect\u0103 \u0219i pentru a v\u0103 fixa coafura, v\u0103 va fi util accesoriul de p\u0103r Beautifly Silk Hair Elastic set. \u00cembl\u00e2nze\u0219te \u0219uvi\u021bele rebele \u0219i completeaz\u0103 orice coafur\u0103 \u2013 indiferent dac\u0103 este una elegant\u0103 sau casual. Se va asigura s\u0103 nu...","og_url":"https:\/\/shopatoa.com\/ro\/beautifly-silk-hair-elastic-set-elastic-pentru-par-din-matase\/","og_site_name":"SHOPATOA","article_modified_time":"2025-12-12T02:45:06+00:00","og_image":[{"width":800,"height":800,"url":"https:\/\/storage.googleapis.com\/cz-shopatoa-img\/ro\/6636f67d-unnamed-file.webp","type":"image\/webp"}],"twitter_card":"summary_large_image","twitter_misc":{"Timp estimat pentru citire":"1 minut"},"schema":{"@context":"https:\/\/schema.org","@graph":[{"@type":"WebPage","@id":"https:\/\/shopatoa.com\/ro\/beautifly-silk-hair-elastic-set-elastic-pentru-par-din-matase\/","url":"https:\/\/shopatoa.com\/ro\/beautifly-silk-hair-elastic-set-elastic-pentru-par-din-matase\/","name":"Beautifly Silk Hair Elastic set elastic pentru p\u0103r din m\u0103tase - SHOPATOA.COM","isPartOf":{"@id":"https:\/\/shopatoa.com\/ro\/#website"},"primaryImageOfPage":{"@id":"https:\/\/shopatoa.com\/ro\/beautifly-silk-hair-elastic-set-elastic-pentru-par-din-matase\/#primaryimage"},"image":{"@id":"https:\/\/shopatoa.com\/ro\/beautifly-silk-hair-elastic-set-elastic-pentru-par-din-matase\/#primaryimage"},"thumbnailUrl":"https:\/\/storage.googleapis.com\/cz-shopatoa-img\/ro\/6636f67d-unnamed-file.webp","datePublished":"2025-06-28T21:38:38+00:00","dateModified":"2025-12-12T02:45:06+00:00","breadcrumb":{"@id":"https:\/\/shopatoa.com\/ro\/beautifly-silk-hair-elastic-set-elastic-pentru-par-din-matase\/#breadcrumb"},"inLanguage":"ro-RO","potentialAction":[{"@type":"ReadAction","target":["https:\/\/shopatoa.com\/ro\/beautifly-silk-hair-elastic-set-elastic-pentru-par-din-matase\/"]}]},{"@type":"ImageObject","inLanguage":"ro-RO","@id":"https:\/\/shopatoa.com\/ro\/beautifly-silk-hair-elastic-set-elastic-pentru-par-din-matase\/#primaryimage","url":"https:\/\/storage.googleapis.com\/cz-shopatoa-img\/ro\/6636f67d-unnamed-file.webp","contentUrl":"https:\/\/storage.googleapis.com\/cz-shopatoa-img\/ro\/6636f67d-unnamed-file.webp","width":800,"height":800},{"@type":"BreadcrumbList","@id":"https:\/\/shopatoa.com\/ro\/beautifly-silk-hair-elastic-set-elastic-pentru-par-din-matase\/#breadcrumb","itemListElement":[{"@type":"ListItem","position":1,"name":"Dom\u016f","item":"https:\/\/shopatoa.com\/ro\/"},{"@type":"ListItem","position":2,"name":"Shop","item":"https:\/\/shopatoa.com\/ro\/shop\/"},{"@type":"ListItem","position":3,"name":"S\u0103n\u0103tate \u0219i frumuse\u021be","item":"https:\/\/shopatoa.com\/ro\/sanatate-si-frumusete\/"},{"@type":"ListItem","position":4,"name":"\u00cengrijire personal\u0103","item":"https:\/\/shopatoa.com\/ro\/ingrijire-personala\/"},{"@type":"ListItem","position":5,"name":"Cosmetice","item":"https:\/\/shopatoa.com\/ro\/cosmetice-ingrijire-personala\/"},{"@type":"ListItem","position":6,"name":"Seturi cosmetice","item":"https:\/\/shopatoa.com\/ro\/seturi-cosmetice\/"},{"@type":"ListItem","position":7,"name":"Beautifly Silk Hair Elastic set elastic pentru p\u0103r din m\u0103tase"}]},{"@type":"WebSite","@id":"https:\/\/shopatoa.com\/ro\/#website","url":"https:\/\/shopatoa.com\/ro\/","name":"SHOPATOA","description":"","publisher":{"@id":"https:\/\/shopatoa.com\/ro\/#organization"},"potentialAction":[{"@type":"SearchAction","target":{"@type":"EntryPoint","urlTemplate":"https:\/\/shopatoa.com\/ro\/?s={search_term_string}"},"query-input":{"@type":"PropertyValueSpecification","valueRequired":true,"valueName":"search_term_string"}}],"inLanguage":"ro-RO"},{"@type":"Organization","@id":"https:\/\/shopatoa.com\/ro\/#organization","name":"SHOPATOA","url":"https:\/\/shopatoa.com\/ro\/","logo":{"@type":"ImageObject","inLanguage":"ro-RO","@id":"https:\/\/shopatoa.com\/ro\/#\/schema\/logo\/image\/","url":"https:\/\/storage.googleapis.com\/cz-shopatoa-img\/ro\/b4dac915-shopatoa_logo.png","contentUrl":"https:\/\/storage.googleapis.com\/cz-shopatoa-img\/ro\/b4dac915-shopatoa_logo.png","width":416,"height":63,"caption":"SHOPATOA"},"image":{"@id":"https:\/\/shopatoa.com\/ro\/#\/schema\/logo\/image\/"}}]}},"_links":{"self":[{"href":"https:\/\/shopatoa.com\/ro\/wp-json\/wp\/v2\/product\/471715","targetHints":{"allow":["GET"]}}],"collection":[{"href":"https:\/\/shopatoa.com\/ro\/wp-json\/wp\/v2\/product"}],"about":[{"href":"https:\/\/shopatoa.com\/ro\/wp-json\/wp\/v2\/types\/product"}],"replies":[{"embeddable":true,"href":"https:\/\/shopatoa.com\/ro\/wp-json\/wp\/v2\/comments?post=471715"}],"wp:featuredmedia":[{"embeddable":true,"href":"https:\/\/shopatoa.com\/ro\/wp-json\/wp\/v2\/media\/471716"}],"wp:attachment":[{"href":"https:\/\/shopatoa.com\/ro\/wp-json\/wp\/v2\/media?parent=471715"}],"wp:term":[{"taxonomy":"product_brand","embeddable":true,"href":"https:\/\/shopatoa.com\/ro\/wp-json\/wp\/v2\/product_brand?post=471715"},{"taxonomy":"product_cat","embeddable":true,"href":"https:\/\/shopatoa.com\/ro\/wp-json\/wp\/v2\/product_cat?post=471715"},{"taxonomy":"product_tag","embeddable":true,"href":"https:\/\/shopatoa.com\/ro\/wp-json\/wp\/v2\/product_tag?post=471715"}],"curies":[{"name":"wp","href":"https:\/\/api.w.org\/{rel}","templated":true}]}}