{"id":471809,"date":"2025-06-28T23:47:18","date_gmt":"2025-06-28T21:47:18","guid":{"rendered":"https:\/\/shopatoa.com\/ro\/wad-velozzi-straightener-bronze-placa-de-intins-parul-thermal-bag-1-buc\/"},"modified":"2025-12-12T03:24:15","modified_gmt":"2025-12-12T02:24:15","slug":"wad-velozzi-straightener-bronze-placa-de-intins-parul-thermal-bag-1-buc","status":"publish","type":"product","link":"https:\/\/shopatoa.com\/ro\/wad-velozzi-straightener-bronze-placa-de-intins-parul-thermal-bag-1-buc\/","title":{"rendered":"Wad Velozzi Straightener Bronze placa de intins parul + thermal bag 1 buc"},"content":{"rendered":"<p>Wad Velozzi Straightener Bronze, 1 buc, Placi de indreptat parul pentru femei, Dori\u021bi s\u0103 crea\u021bi coafuri perfect netede, \u00eens\u0103 rezultatul ob\u021binut cu ajutorul cremelor de netezire, gelurilor \u0219i altor produse de styling nu este suficient? Placa de p\u0103r Wad Velozzi Straightener Bronze v\u0103 va satisface nevoile \u0219i v\u0103 va ajuta s\u0103 ob\u021bine\u021bi aspectul dorit. V\u0103 va netezi perfect p\u0103rul, astfel \u00eenc\u00e2t s\u0103 fie \u00eentotdeauna frumos coafat, flexibil \u0219i minunat de str\u0103lucitor. Pe l\u00e2ng\u0103 faptul c\u0103 \u00eendreapt\u0103 perfect p\u0103rul, v\u0103 permite s\u0103 crea\u021bi \u0219i valuri elegante \u00een cel mai scurt timp.  Caracteristici:  neteze\u0219te perfect p\u0103rul cu temperatur\u0103 reglabil\u0103 nu deterioreaz\u0103 \u0219i nu usuc\u0103 p\u0103rul senzor de protec\u021bie termic\u0103 v\u00e2rf rece, pentru o manevrare u\u0219oar\u0103 poate fi folosit\u0103 \u0219i pentru crearea buclelor \u00eenc\u0103lzire rapid\u0103  Cum se utilizeaz\u0103: Se vor urma instruc\u021biunile de utilizare incluse.<\/p>\n","protected":false},"excerpt":{"rendered":"<p>Wad Velozzi Straightener Bronze, 1 buc, Placi de indreptat parul pentru femei, Dori\u021bi s\u0103 crea\u021bi coafuri perfect netede, \u00eens\u0103 rezultatul ob\u021binut cu ajutorul cremelor de netezire, gelurilor \u0219i altor produse de styling nu este suficient? Placa de p\u0103r Wad Velozzi Straightener Bronze v\u0103 va satisface nevoile \u0219i v\u0103 va ajuta s\u0103 ob\u021bine\u021bi aspectul dorit. V\u0103&#8230;<\/p>\n","protected":false},"featured_media":471810,"comment_status":"closed","ping_status":"open","template":"","meta":{"_acf_changed":false,"_kadence_starter_templates_imported_post":false,"_kad_post_transparent":"","_kad_post_title":"","_kad_post_layout":"","_kad_post_sidebar_id":"","_kad_post_content_style":"","_kad_post_vertical_padding":"","_kad_post_feature":"","_kad_post_feature_position":"","_kad_post_header":false,"_kad_post_footer":false,"_kad_post_classname":""},"product_brand":[1916],"product_cat":[1563,1590,1921,1562,1657],"product_tag":[],"class_list":{"0":"post-471809","1":"product","2":"type-product","3":"status-publish","4":"has-post-thumbnail","6":"product_brand-wad","7":"product_cat-ingrijire-personala","8":"product_cat-ingrijirea-parului","9":"product_cat-placi-de-indreptat-parul","10":"product_cat-sanatate-si-frumusete","11":"product_cat-unelte-de-coafat","12":"pa_gen-female","13":"pa_marime-1-buc","15":"first","16":"instock","17":"sale","18":"product-type-external","19":"entry","20":"content-bg","21":"loop-entry"},"acf":[],"yoast_head":"<!-- This site is optimized with the Yoast SEO plugin v27.4 - https:\/\/yoast.com\/product\/yoast-seo-wordpress\/ -->\n<title>Wad Velozzi Straightener Bronze placa de intins parul + thermal bag 1 buc - SHOPATOA.COM<\/title>\n<meta name=\"robots\" content=\"index, follow, max-snippet:-1, max-image-preview:large, max-video-preview:-1\" \/>\n<link rel=\"canonical\" href=\"https:\/\/shopatoa.com\/ro\/wad-velozzi-straightener-bronze-placa-de-intins-parul-thermal-bag-1-buc\/\" \/>\n<meta property=\"og:locale\" content=\"ro_RO\" \/>\n<meta property=\"og:type\" content=\"article\" \/>\n<meta property=\"og:title\" content=\"Wad Velozzi Straightener Bronze placa de intins parul + thermal bag 1 buc - SHOPATOA.COM\" \/>\n<meta property=\"og:description\" content=\"Wad Velozzi Straightener Bronze, 1 buc, Placi de indreptat parul pentru femei, Dori\u021bi s\u0103 crea\u021bi coafuri perfect netede, \u00eens\u0103 rezultatul ob\u021binut cu ajutorul cremelor de netezire, gelurilor \u0219i altor produse de styling nu este suficient? Placa de p\u0103r Wad Velozzi Straightener Bronze v\u0103 va satisface nevoile \u0219i v\u0103 va ajuta s\u0103 ob\u021bine\u021bi aspectul dorit. V\u0103...\" \/>\n<meta property=\"og:url\" content=\"https:\/\/shopatoa.com\/ro\/wad-velozzi-straightener-bronze-placa-de-intins-parul-thermal-bag-1-buc\/\" \/>\n<meta property=\"og:site_name\" content=\"SHOPATOA\" \/>\n<meta property=\"article:modified_time\" content=\"2025-12-12T02:24:15+00:00\" \/>\n<meta property=\"og:image\" content=\"https:\/\/storage.googleapis.com\/cz-shopatoa-img\/ro\/7bb4ca1a-unnamed-file.webp\" \/>\n\t<meta property=\"og:image:width\" content=\"800\" \/>\n\t<meta property=\"og:image:height\" content=\"800\" \/>\n\t<meta property=\"og:image:type\" content=\"image\/webp\" \/>\n<meta name=\"twitter:card\" content=\"summary_large_image\" \/>\n<meta name=\"twitter:label1\" content=\"Timp estimat pentru citire\" \/>\n\t<meta name=\"twitter:data1\" content=\"1 minut\" \/>\n<script type=\"application\/ld+json\" class=\"yoast-schema-graph\">{\"@context\":\"https:\\\/\\\/schema.org\",\"@graph\":[{\"@type\":\"WebPage\",\"@id\":\"https:\\\/\\\/shopatoa.com\\\/ro\\\/wad-velozzi-straightener-bronze-placa-de-intins-parul-thermal-bag-1-buc\\\/\",\"url\":\"https:\\\/\\\/shopatoa.com\\\/ro\\\/wad-velozzi-straightener-bronze-placa-de-intins-parul-thermal-bag-1-buc\\\/\",\"name\":\"Wad Velozzi Straightener Bronze placa de intins parul + thermal bag 1 buc - SHOPATOA.COM\",\"isPartOf\":{\"@id\":\"https:\\\/\\\/shopatoa.com\\\/ro\\\/#website\"},\"primaryImageOfPage\":{\"@id\":\"https:\\\/\\\/shopatoa.com\\\/ro\\\/wad-velozzi-straightener-bronze-placa-de-intins-parul-thermal-bag-1-buc\\\/#primaryimage\"},\"image\":{\"@id\":\"https:\\\/\\\/shopatoa.com\\\/ro\\\/wad-velozzi-straightener-bronze-placa-de-intins-parul-thermal-bag-1-buc\\\/#primaryimage\"},\"thumbnailUrl\":\"https:\\\/\\\/storage.googleapis.com\\\/cz-shopatoa-img\\\/ro\\\/7bb4ca1a-unnamed-file.webp\",\"datePublished\":\"2025-06-28T21:47:18+00:00\",\"dateModified\":\"2025-12-12T02:24:15+00:00\",\"breadcrumb\":{\"@id\":\"https:\\\/\\\/shopatoa.com\\\/ro\\\/wad-velozzi-straightener-bronze-placa-de-intins-parul-thermal-bag-1-buc\\\/#breadcrumb\"},\"inLanguage\":\"ro-RO\",\"potentialAction\":[{\"@type\":\"ReadAction\",\"target\":[\"https:\\\/\\\/shopatoa.com\\\/ro\\\/wad-velozzi-straightener-bronze-placa-de-intins-parul-thermal-bag-1-buc\\\/\"]}]},{\"@type\":\"ImageObject\",\"inLanguage\":\"ro-RO\",\"@id\":\"https:\\\/\\\/shopatoa.com\\\/ro\\\/wad-velozzi-straightener-bronze-placa-de-intins-parul-thermal-bag-1-buc\\\/#primaryimage\",\"url\":\"https:\\\/\\\/storage.googleapis.com\\\/cz-shopatoa-img\\\/ro\\\/7bb4ca1a-unnamed-file.webp\",\"contentUrl\":\"https:\\\/\\\/storage.googleapis.com\\\/cz-shopatoa-img\\\/ro\\\/7bb4ca1a-unnamed-file.webp\",\"width\":800,\"height\":800},{\"@type\":\"BreadcrumbList\",\"@id\":\"https:\\\/\\\/shopatoa.com\\\/ro\\\/wad-velozzi-straightener-bronze-placa-de-intins-parul-thermal-bag-1-buc\\\/#breadcrumb\",\"itemListElement\":[{\"@type\":\"ListItem\",\"position\":1,\"name\":\"Dom\u016f\",\"item\":\"https:\\\/\\\/shopatoa.com\\\/ro\\\/\"},{\"@type\":\"ListItem\",\"position\":2,\"name\":\"Shop\",\"item\":\"https:\\\/\\\/shopatoa.com\\\/ro\\\/shop\\\/\"},{\"@type\":\"ListItem\",\"position\":3,\"name\":\"S\u0103n\u0103tate \u0219i frumuse\u021be\",\"item\":\"https:\\\/\\\/shopatoa.com\\\/ro\\\/sanatate-si-frumusete\\\/\"},{\"@type\":\"ListItem\",\"position\":4,\"name\":\"\u00cengrijire personal\u0103\",\"item\":\"https:\\\/\\\/shopatoa.com\\\/ro\\\/ingrijire-personala\\\/\"},{\"@type\":\"ListItem\",\"position\":5,\"name\":\"\u00cengrijirea p\u0103rului\",\"item\":\"https:\\\/\\\/shopatoa.com\\\/ro\\\/ingrijirea-parului\\\/\"},{\"@type\":\"ListItem\",\"position\":6,\"name\":\"Unelte de coafat\",\"item\":\"https:\\\/\\\/shopatoa.com\\\/ro\\\/unelte-de-coafat\\\/\"},{\"@type\":\"ListItem\",\"position\":7,\"name\":\"Pl\u0103ci de \u00eendreptat p\u0103rul\",\"item\":\"https:\\\/\\\/shopatoa.com\\\/ro\\\/placi-de-indreptat-parul\\\/\"},{\"@type\":\"ListItem\",\"position\":8,\"name\":\"Wad Velozzi Straightener Bronze placa de intins parul + thermal bag 1 buc\"}]},{\"@type\":\"WebSite\",\"@id\":\"https:\\\/\\\/shopatoa.com\\\/ro\\\/#website\",\"url\":\"https:\\\/\\\/shopatoa.com\\\/ro\\\/\",\"name\":\"SHOPATOA\",\"description\":\"\",\"publisher\":{\"@id\":\"https:\\\/\\\/shopatoa.com\\\/ro\\\/#organization\"},\"potentialAction\":[{\"@type\":\"SearchAction\",\"target\":{\"@type\":\"EntryPoint\",\"urlTemplate\":\"https:\\\/\\\/shopatoa.com\\\/ro\\\/?s={search_term_string}\"},\"query-input\":{\"@type\":\"PropertyValueSpecification\",\"valueRequired\":true,\"valueName\":\"search_term_string\"}}],\"inLanguage\":\"ro-RO\"},{\"@type\":\"Organization\",\"@id\":\"https:\\\/\\\/shopatoa.com\\\/ro\\\/#organization\",\"name\":\"SHOPATOA\",\"url\":\"https:\\\/\\\/shopatoa.com\\\/ro\\\/\",\"logo\":{\"@type\":\"ImageObject\",\"inLanguage\":\"ro-RO\",\"@id\":\"https:\\\/\\\/shopatoa.com\\\/ro\\\/#\\\/schema\\\/logo\\\/image\\\/\",\"url\":\"https:\\\/\\\/storage.googleapis.com\\\/cz-shopatoa-img\\\/ro\\\/b4dac915-shopatoa_logo.png\",\"contentUrl\":\"https:\\\/\\\/storage.googleapis.com\\\/cz-shopatoa-img\\\/ro\\\/b4dac915-shopatoa_logo.png\",\"width\":416,\"height\":63,\"caption\":\"SHOPATOA\"},\"image\":{\"@id\":\"https:\\\/\\\/shopatoa.com\\\/ro\\\/#\\\/schema\\\/logo\\\/image\\\/\"}}]}<\/script>\n<!-- \/ Yoast SEO plugin. -->","yoast_head_json":{"title":"Wad Velozzi Straightener Bronze placa de intins parul + thermal bag 1 buc - SHOPATOA.COM","robots":{"index":"index","follow":"follow","max-snippet":"max-snippet:-1","max-image-preview":"max-image-preview:large","max-video-preview":"max-video-preview:-1"},"canonical":"https:\/\/shopatoa.com\/ro\/wad-velozzi-straightener-bronze-placa-de-intins-parul-thermal-bag-1-buc\/","og_locale":"ro_RO","og_type":"article","og_title":"Wad Velozzi Straightener Bronze placa de intins parul + thermal bag 1 buc - SHOPATOA.COM","og_description":"Wad Velozzi Straightener Bronze, 1 buc, Placi de indreptat parul pentru femei, Dori\u021bi s\u0103 crea\u021bi coafuri perfect netede, \u00eens\u0103 rezultatul ob\u021binut cu ajutorul cremelor de netezire, gelurilor \u0219i altor produse de styling nu este suficient? Placa de p\u0103r Wad Velozzi Straightener Bronze v\u0103 va satisface nevoile \u0219i v\u0103 va ajuta s\u0103 ob\u021bine\u021bi aspectul dorit. V\u0103...","og_url":"https:\/\/shopatoa.com\/ro\/wad-velozzi-straightener-bronze-placa-de-intins-parul-thermal-bag-1-buc\/","og_site_name":"SHOPATOA","article_modified_time":"2025-12-12T02:24:15+00:00","og_image":[{"width":800,"height":800,"url":"https:\/\/storage.googleapis.com\/cz-shopatoa-img\/ro\/7bb4ca1a-unnamed-file.webp","type":"image\/webp"}],"twitter_card":"summary_large_image","twitter_misc":{"Timp estimat pentru citire":"1 minut"},"schema":{"@context":"https:\/\/schema.org","@graph":[{"@type":"WebPage","@id":"https:\/\/shopatoa.com\/ro\/wad-velozzi-straightener-bronze-placa-de-intins-parul-thermal-bag-1-buc\/","url":"https:\/\/shopatoa.com\/ro\/wad-velozzi-straightener-bronze-placa-de-intins-parul-thermal-bag-1-buc\/","name":"Wad Velozzi Straightener Bronze placa de intins parul + thermal bag 1 buc - SHOPATOA.COM","isPartOf":{"@id":"https:\/\/shopatoa.com\/ro\/#website"},"primaryImageOfPage":{"@id":"https:\/\/shopatoa.com\/ro\/wad-velozzi-straightener-bronze-placa-de-intins-parul-thermal-bag-1-buc\/#primaryimage"},"image":{"@id":"https:\/\/shopatoa.com\/ro\/wad-velozzi-straightener-bronze-placa-de-intins-parul-thermal-bag-1-buc\/#primaryimage"},"thumbnailUrl":"https:\/\/storage.googleapis.com\/cz-shopatoa-img\/ro\/7bb4ca1a-unnamed-file.webp","datePublished":"2025-06-28T21:47:18+00:00","dateModified":"2025-12-12T02:24:15+00:00","breadcrumb":{"@id":"https:\/\/shopatoa.com\/ro\/wad-velozzi-straightener-bronze-placa-de-intins-parul-thermal-bag-1-buc\/#breadcrumb"},"inLanguage":"ro-RO","potentialAction":[{"@type":"ReadAction","target":["https:\/\/shopatoa.com\/ro\/wad-velozzi-straightener-bronze-placa-de-intins-parul-thermal-bag-1-buc\/"]}]},{"@type":"ImageObject","inLanguage":"ro-RO","@id":"https:\/\/shopatoa.com\/ro\/wad-velozzi-straightener-bronze-placa-de-intins-parul-thermal-bag-1-buc\/#primaryimage","url":"https:\/\/storage.googleapis.com\/cz-shopatoa-img\/ro\/7bb4ca1a-unnamed-file.webp","contentUrl":"https:\/\/storage.googleapis.com\/cz-shopatoa-img\/ro\/7bb4ca1a-unnamed-file.webp","width":800,"height":800},{"@type":"BreadcrumbList","@id":"https:\/\/shopatoa.com\/ro\/wad-velozzi-straightener-bronze-placa-de-intins-parul-thermal-bag-1-buc\/#breadcrumb","itemListElement":[{"@type":"ListItem","position":1,"name":"Dom\u016f","item":"https:\/\/shopatoa.com\/ro\/"},{"@type":"ListItem","position":2,"name":"Shop","item":"https:\/\/shopatoa.com\/ro\/shop\/"},{"@type":"ListItem","position":3,"name":"S\u0103n\u0103tate \u0219i frumuse\u021be","item":"https:\/\/shopatoa.com\/ro\/sanatate-si-frumusete\/"},{"@type":"ListItem","position":4,"name":"\u00cengrijire personal\u0103","item":"https:\/\/shopatoa.com\/ro\/ingrijire-personala\/"},{"@type":"ListItem","position":5,"name":"\u00cengrijirea p\u0103rului","item":"https:\/\/shopatoa.com\/ro\/ingrijirea-parului\/"},{"@type":"ListItem","position":6,"name":"Unelte de coafat","item":"https:\/\/shopatoa.com\/ro\/unelte-de-coafat\/"},{"@type":"ListItem","position":7,"name":"Pl\u0103ci de \u00eendreptat p\u0103rul","item":"https:\/\/shopatoa.com\/ro\/placi-de-indreptat-parul\/"},{"@type":"ListItem","position":8,"name":"Wad Velozzi Straightener Bronze placa de intins parul + thermal bag 1 buc"}]},{"@type":"WebSite","@id":"https:\/\/shopatoa.com\/ro\/#website","url":"https:\/\/shopatoa.com\/ro\/","name":"SHOPATOA","description":"","publisher":{"@id":"https:\/\/shopatoa.com\/ro\/#organization"},"potentialAction":[{"@type":"SearchAction","target":{"@type":"EntryPoint","urlTemplate":"https:\/\/shopatoa.com\/ro\/?s={search_term_string}"},"query-input":{"@type":"PropertyValueSpecification","valueRequired":true,"valueName":"search_term_string"}}],"inLanguage":"ro-RO"},{"@type":"Organization","@id":"https:\/\/shopatoa.com\/ro\/#organization","name":"SHOPATOA","url":"https:\/\/shopatoa.com\/ro\/","logo":{"@type":"ImageObject","inLanguage":"ro-RO","@id":"https:\/\/shopatoa.com\/ro\/#\/schema\/logo\/image\/","url":"https:\/\/storage.googleapis.com\/cz-shopatoa-img\/ro\/b4dac915-shopatoa_logo.png","contentUrl":"https:\/\/storage.googleapis.com\/cz-shopatoa-img\/ro\/b4dac915-shopatoa_logo.png","width":416,"height":63,"caption":"SHOPATOA"},"image":{"@id":"https:\/\/shopatoa.com\/ro\/#\/schema\/logo\/image\/"}}]}},"_links":{"self":[{"href":"https:\/\/shopatoa.com\/ro\/wp-json\/wp\/v2\/product\/471809","targetHints":{"allow":["GET"]}}],"collection":[{"href":"https:\/\/shopatoa.com\/ro\/wp-json\/wp\/v2\/product"}],"about":[{"href":"https:\/\/shopatoa.com\/ro\/wp-json\/wp\/v2\/types\/product"}],"replies":[{"embeddable":true,"href":"https:\/\/shopatoa.com\/ro\/wp-json\/wp\/v2\/comments?post=471809"}],"wp:featuredmedia":[{"embeddable":true,"href":"https:\/\/shopatoa.com\/ro\/wp-json\/wp\/v2\/media\/471810"}],"wp:attachment":[{"href":"https:\/\/shopatoa.com\/ro\/wp-json\/wp\/v2\/media?parent=471809"}],"wp:term":[{"taxonomy":"product_brand","embeddable":true,"href":"https:\/\/shopatoa.com\/ro\/wp-json\/wp\/v2\/product_brand?post=471809"},{"taxonomy":"product_cat","embeddable":true,"href":"https:\/\/shopatoa.com\/ro\/wp-json\/wp\/v2\/product_cat?post=471809"},{"taxonomy":"product_tag","embeddable":true,"href":"https:\/\/shopatoa.com\/ro\/wp-json\/wp\/v2\/product_tag?post=471809"}],"curies":[{"name":"wp","href":"https:\/\/api.w.org\/{rel}","templated":true}]}}