{"id":471919,"date":"2025-06-28T23:57:33","date_gmt":"2025-06-28T21:57:33","guid":{"rendered":"https:\/\/shopatoa.com\/ro\/noreva-cicadiane-soothing-repairing-care-crema-pentru-plaja-corp-si-fata-spf-50-40-ml\/"},"modified":"2026-02-02T15:07:04","modified_gmt":"2026-02-02T14:07:04","slug":"noreva-cicadiane-soothing-repairing-care-crema-pentru-plaja-corp-si-fata-spf-50-40-ml","status":"publish","type":"product","link":"https:\/\/shopatoa.com\/ro\/noreva-cicadiane-soothing-repairing-care-crema-pentru-plaja-corp-si-fata-spf-50-40-ml\/","title":{"rendered":"Noreva Cicadiane Soothing Repairing Care crem\u0103 pentru plaja corp si fata SPF 50+ 40 ml"},"content":{"rendered":"<p>Noreva Cicadiane Soothing Repairing Care, 40 ml, Produse \u00eenainte de plaj\u0103 pentru femei, Dori\u021bi s\u0103 radia\u021bi cu un ten frumos bronzat? \u00cengrijirea oferit\u0103 tenului \u00eenainte de bronzare este un pas care nu trebuie neglijat. Produsul Noreva Cicadiane Soothing Repairing Care sus\u021bine procesul de bronzare, confer\u0103 tenului dvs. tot ce are nevoie \u0219i v\u0103 asigur\u0103 un rezultat \u0219i mai frumos.  Caracteristici:  protejeaz\u0103 pielea de ac\u021biunea negativ\u0103 a radia\u021biilor UV hr\u0103ne\u0219te \u0219i \u00eengrije\u0219te pielea se recomand\u0103 pentru tenul sensibil  Ingrediente:  testat dermatologic  Cum se utilizeaz\u0103: Produsul se va aplica cu aproximativ 20 de minute \u00eenainte de expunerea pielii la soare.<\/p>\n","protected":false},"excerpt":{"rendered":"<p>Noreva Cicadiane Soothing Repairing Care, 40 ml, Produse \u00eenainte de plaj\u0103 pentru femei, Dori\u021bi s\u0103 radia\u021bi cu un ten frumos bronzat? \u00cengrijirea oferit\u0103 tenului \u00eenainte de bronzare este un pas care nu trebuie neglijat. Produsul Noreva Cicadiane Soothing Repairing Care sus\u021bine procesul de bronzare, confer\u0103 tenului dvs. tot ce are nevoie \u0219i v\u0103 asigur\u0103 un&#8230;<\/p>\n","protected":false},"featured_media":471920,"comment_status":"closed","ping_status":"open","template":"","meta":{"_acf_changed":false,"_kadence_starter_templates_imported_post":false,"_kad_post_transparent":"","_kad_post_title":"","_kad_post_layout":"","_kad_post_sidebar_id":"","_kad_post_content_style":"","_kad_post_vertical_padding":"","_kad_post_feature":"","_kad_post_feature_position":"","_kad_post_header":false,"_kad_post_footer":false,"_kad_post_classname":""},"product_brand":[2489],"product_cat":[1564,1563,1565,1722,1562],"product_tag":[],"class_list":{"0":"post-471919","1":"product","2":"type-product","3":"status-publish","4":"has-post-thumbnail","6":"product_brand-noreva","7":"product_cat-cosmetice-ingrijire-personala","8":"product_cat-ingrijire-personala","9":"product_cat-ingrijirea-pielii","10":"product_cat-produse-pentru-bronzare-ingrijirea-pielii","11":"product_cat-sanatate-si-frumusete","12":"pa_gen-female","13":"pa_marime-40-ml","15":"first","16":"instock","17":"sale","18":"product-type-external","19":"entry","20":"content-bg","21":"loop-entry"},"acf":[],"yoast_head":"<!-- This site is optimized with the Yoast SEO plugin v27.4 - https:\/\/yoast.com\/product\/yoast-seo-wordpress\/ -->\n<title>Noreva Cicadiane Soothing Repairing Care crem\u0103 pentru plaja corp si fata SPF 50+ 40 ml - SHOPATOA.COM<\/title>\n<meta name=\"robots\" content=\"index, follow, max-snippet:-1, max-image-preview:large, max-video-preview:-1\" \/>\n<link rel=\"canonical\" href=\"https:\/\/shopatoa.com\/ro\/noreva-cicadiane-soothing-repairing-care-crema-pentru-plaja-corp-si-fata-spf-50-40-ml\/\" \/>\n<meta property=\"og:locale\" content=\"ro_RO\" \/>\n<meta property=\"og:type\" content=\"article\" \/>\n<meta property=\"og:title\" content=\"Noreva Cicadiane Soothing Repairing Care crem\u0103 pentru plaja corp si fata SPF 50+ 40 ml - SHOPATOA.COM\" \/>\n<meta property=\"og:description\" content=\"Noreva Cicadiane Soothing Repairing Care, 40 ml, Produse \u00eenainte de plaj\u0103 pentru femei, Dori\u021bi s\u0103 radia\u021bi cu un ten frumos bronzat? \u00cengrijirea oferit\u0103 tenului \u00eenainte de bronzare este un pas care nu trebuie neglijat. Produsul Noreva Cicadiane Soothing Repairing Care sus\u021bine procesul de bronzare, confer\u0103 tenului dvs. tot ce are nevoie \u0219i v\u0103 asigur\u0103 un...\" \/>\n<meta property=\"og:url\" content=\"https:\/\/shopatoa.com\/ro\/noreva-cicadiane-soothing-repairing-care-crema-pentru-plaja-corp-si-fata-spf-50-40-ml\/\" \/>\n<meta property=\"og:site_name\" content=\"SHOPATOA\" \/>\n<meta property=\"article:modified_time\" content=\"2026-02-02T14:07:04+00:00\" \/>\n<meta property=\"og:image\" content=\"https:\/\/storage.googleapis.com\/cz-shopatoa-img\/ro\/4d61c986-unnamed-file.webp\" \/>\n\t<meta property=\"og:image:width\" content=\"800\" \/>\n\t<meta property=\"og:image:height\" content=\"800\" \/>\n\t<meta property=\"og:image:type\" content=\"image\/webp\" \/>\n<meta name=\"twitter:card\" content=\"summary_large_image\" \/>\n<meta name=\"twitter:label1\" content=\"Timp estimat pentru citire\" \/>\n\t<meta name=\"twitter:data1\" content=\"1 minut\" \/>\n<script type=\"application\/ld+json\" class=\"yoast-schema-graph\">{\"@context\":\"https:\\\/\\\/schema.org\",\"@graph\":[{\"@type\":\"WebPage\",\"@id\":\"https:\\\/\\\/shopatoa.com\\\/ro\\\/noreva-cicadiane-soothing-repairing-care-crema-pentru-plaja-corp-si-fata-spf-50-40-ml\\\/\",\"url\":\"https:\\\/\\\/shopatoa.com\\\/ro\\\/noreva-cicadiane-soothing-repairing-care-crema-pentru-plaja-corp-si-fata-spf-50-40-ml\\\/\",\"name\":\"Noreva Cicadiane Soothing Repairing Care crem\u0103 pentru plaja corp si fata SPF 50+ 40 ml - SHOPATOA.COM\",\"isPartOf\":{\"@id\":\"https:\\\/\\\/shopatoa.com\\\/ro\\\/#website\"},\"primaryImageOfPage\":{\"@id\":\"https:\\\/\\\/shopatoa.com\\\/ro\\\/noreva-cicadiane-soothing-repairing-care-crema-pentru-plaja-corp-si-fata-spf-50-40-ml\\\/#primaryimage\"},\"image\":{\"@id\":\"https:\\\/\\\/shopatoa.com\\\/ro\\\/noreva-cicadiane-soothing-repairing-care-crema-pentru-plaja-corp-si-fata-spf-50-40-ml\\\/#primaryimage\"},\"thumbnailUrl\":\"https:\\\/\\\/storage.googleapis.com\\\/cz-shopatoa-img\\\/ro\\\/4d61c986-unnamed-file.webp\",\"datePublished\":\"2025-06-28T21:57:33+00:00\",\"dateModified\":\"2026-02-02T14:07:04+00:00\",\"breadcrumb\":{\"@id\":\"https:\\\/\\\/shopatoa.com\\\/ro\\\/noreva-cicadiane-soothing-repairing-care-crema-pentru-plaja-corp-si-fata-spf-50-40-ml\\\/#breadcrumb\"},\"inLanguage\":\"ro-RO\",\"potentialAction\":[{\"@type\":\"ReadAction\",\"target\":[\"https:\\\/\\\/shopatoa.com\\\/ro\\\/noreva-cicadiane-soothing-repairing-care-crema-pentru-plaja-corp-si-fata-spf-50-40-ml\\\/\"]}]},{\"@type\":\"ImageObject\",\"inLanguage\":\"ro-RO\",\"@id\":\"https:\\\/\\\/shopatoa.com\\\/ro\\\/noreva-cicadiane-soothing-repairing-care-crema-pentru-plaja-corp-si-fata-spf-50-40-ml\\\/#primaryimage\",\"url\":\"https:\\\/\\\/storage.googleapis.com\\\/cz-shopatoa-img\\\/ro\\\/4d61c986-unnamed-file.webp\",\"contentUrl\":\"https:\\\/\\\/storage.googleapis.com\\\/cz-shopatoa-img\\\/ro\\\/4d61c986-unnamed-file.webp\",\"width\":800,\"height\":800},{\"@type\":\"BreadcrumbList\",\"@id\":\"https:\\\/\\\/shopatoa.com\\\/ro\\\/noreva-cicadiane-soothing-repairing-care-crema-pentru-plaja-corp-si-fata-spf-50-40-ml\\\/#breadcrumb\",\"itemListElement\":[{\"@type\":\"ListItem\",\"position\":1,\"name\":\"Dom\u016f\",\"item\":\"https:\\\/\\\/shopatoa.com\\\/ro\\\/\"},{\"@type\":\"ListItem\",\"position\":2,\"name\":\"Shop\",\"item\":\"https:\\\/\\\/shopatoa.com\\\/ro\\\/shop\\\/\"},{\"@type\":\"ListItem\",\"position\":3,\"name\":\"S\u0103n\u0103tate \u0219i frumuse\u021be\",\"item\":\"https:\\\/\\\/shopatoa.com\\\/ro\\\/sanatate-si-frumusete\\\/\"},{\"@type\":\"ListItem\",\"position\":4,\"name\":\"\u00cengrijire personal\u0103\",\"item\":\"https:\\\/\\\/shopatoa.com\\\/ro\\\/ingrijire-personala\\\/\"},{\"@type\":\"ListItem\",\"position\":5,\"name\":\"Cosmetice\",\"item\":\"https:\\\/\\\/shopatoa.com\\\/ro\\\/cosmetice-ingrijire-personala\\\/\"},{\"@type\":\"ListItem\",\"position\":6,\"name\":\"\u00cengrijirea pielii\",\"item\":\"https:\\\/\\\/shopatoa.com\\\/ro\\\/ingrijirea-pielii\\\/\"},{\"@type\":\"ListItem\",\"position\":7,\"name\":\"Produse pentru bronzare\",\"item\":\"https:\\\/\\\/shopatoa.com\\\/ro\\\/produse-pentru-bronzare-ingrijirea-pielii\\\/\"},{\"@type\":\"ListItem\",\"position\":8,\"name\":\"Noreva Cicadiane Soothing Repairing Care crem\u0103 pentru plaja corp si fata SPF 50+ 40 ml\"}]},{\"@type\":\"WebSite\",\"@id\":\"https:\\\/\\\/shopatoa.com\\\/ro\\\/#website\",\"url\":\"https:\\\/\\\/shopatoa.com\\\/ro\\\/\",\"name\":\"SHOPATOA\",\"description\":\"\",\"publisher\":{\"@id\":\"https:\\\/\\\/shopatoa.com\\\/ro\\\/#organization\"},\"potentialAction\":[{\"@type\":\"SearchAction\",\"target\":{\"@type\":\"EntryPoint\",\"urlTemplate\":\"https:\\\/\\\/shopatoa.com\\\/ro\\\/?s={search_term_string}\"},\"query-input\":{\"@type\":\"PropertyValueSpecification\",\"valueRequired\":true,\"valueName\":\"search_term_string\"}}],\"inLanguage\":\"ro-RO\"},{\"@type\":\"Organization\",\"@id\":\"https:\\\/\\\/shopatoa.com\\\/ro\\\/#organization\",\"name\":\"SHOPATOA\",\"url\":\"https:\\\/\\\/shopatoa.com\\\/ro\\\/\",\"logo\":{\"@type\":\"ImageObject\",\"inLanguage\":\"ro-RO\",\"@id\":\"https:\\\/\\\/shopatoa.com\\\/ro\\\/#\\\/schema\\\/logo\\\/image\\\/\",\"url\":\"https:\\\/\\\/storage.googleapis.com\\\/cz-shopatoa-img\\\/ro\\\/b4dac915-shopatoa_logo.png\",\"contentUrl\":\"https:\\\/\\\/storage.googleapis.com\\\/cz-shopatoa-img\\\/ro\\\/b4dac915-shopatoa_logo.png\",\"width\":416,\"height\":63,\"caption\":\"SHOPATOA\"},\"image\":{\"@id\":\"https:\\\/\\\/shopatoa.com\\\/ro\\\/#\\\/schema\\\/logo\\\/image\\\/\"}}]}<\/script>\n<!-- \/ Yoast SEO plugin. -->","yoast_head_json":{"title":"Noreva Cicadiane Soothing Repairing Care crem\u0103 pentru plaja corp si fata SPF 50+ 40 ml - SHOPATOA.COM","robots":{"index":"index","follow":"follow","max-snippet":"max-snippet:-1","max-image-preview":"max-image-preview:large","max-video-preview":"max-video-preview:-1"},"canonical":"https:\/\/shopatoa.com\/ro\/noreva-cicadiane-soothing-repairing-care-crema-pentru-plaja-corp-si-fata-spf-50-40-ml\/","og_locale":"ro_RO","og_type":"article","og_title":"Noreva Cicadiane Soothing Repairing Care crem\u0103 pentru plaja corp si fata SPF 50+ 40 ml - SHOPATOA.COM","og_description":"Noreva Cicadiane Soothing Repairing Care, 40 ml, Produse \u00eenainte de plaj\u0103 pentru femei, Dori\u021bi s\u0103 radia\u021bi cu un ten frumos bronzat? \u00cengrijirea oferit\u0103 tenului \u00eenainte de bronzare este un pas care nu trebuie neglijat. Produsul Noreva Cicadiane Soothing Repairing Care sus\u021bine procesul de bronzare, confer\u0103 tenului dvs. tot ce are nevoie \u0219i v\u0103 asigur\u0103 un...","og_url":"https:\/\/shopatoa.com\/ro\/noreva-cicadiane-soothing-repairing-care-crema-pentru-plaja-corp-si-fata-spf-50-40-ml\/","og_site_name":"SHOPATOA","article_modified_time":"2026-02-02T14:07:04+00:00","og_image":[{"width":800,"height":800,"url":"https:\/\/storage.googleapis.com\/cz-shopatoa-img\/ro\/4d61c986-unnamed-file.webp","type":"image\/webp"}],"twitter_card":"summary_large_image","twitter_misc":{"Timp estimat pentru citire":"1 minut"},"schema":{"@context":"https:\/\/schema.org","@graph":[{"@type":"WebPage","@id":"https:\/\/shopatoa.com\/ro\/noreva-cicadiane-soothing-repairing-care-crema-pentru-plaja-corp-si-fata-spf-50-40-ml\/","url":"https:\/\/shopatoa.com\/ro\/noreva-cicadiane-soothing-repairing-care-crema-pentru-plaja-corp-si-fata-spf-50-40-ml\/","name":"Noreva Cicadiane Soothing Repairing Care crem\u0103 pentru plaja corp si fata SPF 50+ 40 ml - SHOPATOA.COM","isPartOf":{"@id":"https:\/\/shopatoa.com\/ro\/#website"},"primaryImageOfPage":{"@id":"https:\/\/shopatoa.com\/ro\/noreva-cicadiane-soothing-repairing-care-crema-pentru-plaja-corp-si-fata-spf-50-40-ml\/#primaryimage"},"image":{"@id":"https:\/\/shopatoa.com\/ro\/noreva-cicadiane-soothing-repairing-care-crema-pentru-plaja-corp-si-fata-spf-50-40-ml\/#primaryimage"},"thumbnailUrl":"https:\/\/storage.googleapis.com\/cz-shopatoa-img\/ro\/4d61c986-unnamed-file.webp","datePublished":"2025-06-28T21:57:33+00:00","dateModified":"2026-02-02T14:07:04+00:00","breadcrumb":{"@id":"https:\/\/shopatoa.com\/ro\/noreva-cicadiane-soothing-repairing-care-crema-pentru-plaja-corp-si-fata-spf-50-40-ml\/#breadcrumb"},"inLanguage":"ro-RO","potentialAction":[{"@type":"ReadAction","target":["https:\/\/shopatoa.com\/ro\/noreva-cicadiane-soothing-repairing-care-crema-pentru-plaja-corp-si-fata-spf-50-40-ml\/"]}]},{"@type":"ImageObject","inLanguage":"ro-RO","@id":"https:\/\/shopatoa.com\/ro\/noreva-cicadiane-soothing-repairing-care-crema-pentru-plaja-corp-si-fata-spf-50-40-ml\/#primaryimage","url":"https:\/\/storage.googleapis.com\/cz-shopatoa-img\/ro\/4d61c986-unnamed-file.webp","contentUrl":"https:\/\/storage.googleapis.com\/cz-shopatoa-img\/ro\/4d61c986-unnamed-file.webp","width":800,"height":800},{"@type":"BreadcrumbList","@id":"https:\/\/shopatoa.com\/ro\/noreva-cicadiane-soothing-repairing-care-crema-pentru-plaja-corp-si-fata-spf-50-40-ml\/#breadcrumb","itemListElement":[{"@type":"ListItem","position":1,"name":"Dom\u016f","item":"https:\/\/shopatoa.com\/ro\/"},{"@type":"ListItem","position":2,"name":"Shop","item":"https:\/\/shopatoa.com\/ro\/shop\/"},{"@type":"ListItem","position":3,"name":"S\u0103n\u0103tate \u0219i frumuse\u021be","item":"https:\/\/shopatoa.com\/ro\/sanatate-si-frumusete\/"},{"@type":"ListItem","position":4,"name":"\u00cengrijire personal\u0103","item":"https:\/\/shopatoa.com\/ro\/ingrijire-personala\/"},{"@type":"ListItem","position":5,"name":"Cosmetice","item":"https:\/\/shopatoa.com\/ro\/cosmetice-ingrijire-personala\/"},{"@type":"ListItem","position":6,"name":"\u00cengrijirea pielii","item":"https:\/\/shopatoa.com\/ro\/ingrijirea-pielii\/"},{"@type":"ListItem","position":7,"name":"Produse pentru bronzare","item":"https:\/\/shopatoa.com\/ro\/produse-pentru-bronzare-ingrijirea-pielii\/"},{"@type":"ListItem","position":8,"name":"Noreva Cicadiane Soothing Repairing Care crem\u0103 pentru plaja corp si fata SPF 50+ 40 ml"}]},{"@type":"WebSite","@id":"https:\/\/shopatoa.com\/ro\/#website","url":"https:\/\/shopatoa.com\/ro\/","name":"SHOPATOA","description":"","publisher":{"@id":"https:\/\/shopatoa.com\/ro\/#organization"},"potentialAction":[{"@type":"SearchAction","target":{"@type":"EntryPoint","urlTemplate":"https:\/\/shopatoa.com\/ro\/?s={search_term_string}"},"query-input":{"@type":"PropertyValueSpecification","valueRequired":true,"valueName":"search_term_string"}}],"inLanguage":"ro-RO"},{"@type":"Organization","@id":"https:\/\/shopatoa.com\/ro\/#organization","name":"SHOPATOA","url":"https:\/\/shopatoa.com\/ro\/","logo":{"@type":"ImageObject","inLanguage":"ro-RO","@id":"https:\/\/shopatoa.com\/ro\/#\/schema\/logo\/image\/","url":"https:\/\/storage.googleapis.com\/cz-shopatoa-img\/ro\/b4dac915-shopatoa_logo.png","contentUrl":"https:\/\/storage.googleapis.com\/cz-shopatoa-img\/ro\/b4dac915-shopatoa_logo.png","width":416,"height":63,"caption":"SHOPATOA"},"image":{"@id":"https:\/\/shopatoa.com\/ro\/#\/schema\/logo\/image\/"}}]}},"_links":{"self":[{"href":"https:\/\/shopatoa.com\/ro\/wp-json\/wp\/v2\/product\/471919","targetHints":{"allow":["GET"]}}],"collection":[{"href":"https:\/\/shopatoa.com\/ro\/wp-json\/wp\/v2\/product"}],"about":[{"href":"https:\/\/shopatoa.com\/ro\/wp-json\/wp\/v2\/types\/product"}],"replies":[{"embeddable":true,"href":"https:\/\/shopatoa.com\/ro\/wp-json\/wp\/v2\/comments?post=471919"}],"wp:featuredmedia":[{"embeddable":true,"href":"https:\/\/shopatoa.com\/ro\/wp-json\/wp\/v2\/media\/471920"}],"wp:attachment":[{"href":"https:\/\/shopatoa.com\/ro\/wp-json\/wp\/v2\/media?parent=471919"}],"wp:term":[{"taxonomy":"product_brand","embeddable":true,"href":"https:\/\/shopatoa.com\/ro\/wp-json\/wp\/v2\/product_brand?post=471919"},{"taxonomy":"product_cat","embeddable":true,"href":"https:\/\/shopatoa.com\/ro\/wp-json\/wp\/v2\/product_cat?post=471919"},{"taxonomy":"product_tag","embeddable":true,"href":"https:\/\/shopatoa.com\/ro\/wp-json\/wp\/v2\/product_tag?post=471919"}],"curies":[{"name":"wp","href":"https:\/\/api.w.org\/{rel}","templated":true}]}}