{"id":472225,"date":"2025-06-29T00:25:28","date_gmt":"2025-06-28T22:25:28","guid":{"rendered":"https:\/\/shopatoa.com\/ro\/echosline-seliar-perm-par-permanent-500-ml\/"},"modified":"2026-02-02T14:20:03","modified_gmt":"2026-02-02T13:20:03","slug":"echosline-seliar-perm-par-permanent-500-ml","status":"publish","type":"product","link":"https:\/\/shopatoa.com\/ro\/echosline-seliar-perm-par-permanent-500-ml\/","title":{"rendered":"Echosline Seli\u00e1r Perm par permanent 500 ml"},"content":{"rendered":"<p>Echosline Seli\u00e1r Perm, 500 ml, Ondula\u021bie permanent\u0103 pentru femei, V\u0103 plac valurile, buclele \u0219i ondula\u021biile seduc\u0103toare, \u00eens\u0103 natura v-a \u00eenzestrat cu un p\u0103r par\u021bial sau complet drept? Produsul pentru ondulare permanent\u0103 Echosline Seli\u00e1r Perm este alegerea ideal\u0103 dac\u0103 prefera\u021bi o solu\u021bie mai durabil\u0103 dec\u00e2t coafarea frecvent\u0103, uneori zilnic\u0103, cu ondulatorul, bigudiurile sau aparatul de coafat. Produsul asigur\u0103 un permanent profesional \u2013 creeaz\u0103 bucle seduc\u0103toare \u0219i ondula\u021bii care rezist\u0103 cu adev\u0103rat mult timp.  Caracteristici:  pentru ondularea permanent\u0103 a p\u0103rului  Cum se utilizeaz\u0103: Se vor urma instruc\u021biunile din ambalaj.<\/p>\n","protected":false},"excerpt":{"rendered":"<p>Echosline Seli\u00e1r Perm, 500 ml, Ondula\u021bie permanent\u0103 pentru femei, V\u0103 plac valurile, buclele \u0219i ondula\u021biile seduc\u0103toare, \u00eens\u0103 natura v-a \u00eenzestrat cu un p\u0103r par\u021bial sau complet drept? Produsul pentru ondulare permanent\u0103 Echosline Seli\u00e1r Perm este alegerea ideal\u0103 dac\u0103 prefera\u021bi o solu\u021bie mai durabil\u0103 dec\u00e2t coafarea frecvent\u0103, uneori zilnic\u0103, cu ondulatorul, bigudiurile sau aparatul de coafat&#8230;.<\/p>\n","protected":false},"featured_media":472226,"comment_status":"closed","ping_status":"open","template":"","meta":{"_acf_changed":false,"_kadence_starter_templates_imported_post":false,"_kad_post_transparent":"","_kad_post_title":"","_kad_post_layout":"","_kad_post_sidebar_id":"","_kad_post_content_style":"","_kad_post_vertical_padding":"","_kad_post_feature":"","_kad_post_feature_position":"","_kad_post_header":false,"_kad_post_footer":false,"_kad_post_classname":""},"product_brand":[2318],"product_cat":[1563,1590,1562,1675],"product_tag":[],"class_list":{"0":"post-472225","1":"product","2":"type-product","3":"status-publish","4":"has-post-thumbnail","6":"product_brand-echosline","7":"product_cat-ingrijire-personala","8":"product_cat-ingrijirea-parului","9":"product_cat-sanatate-si-frumusete","10":"product_cat-vopsirea-parului","11":"pa_gen-female","12":"pa_marime-500-ml","14":"first","15":"instock","16":"sale","17":"product-type-external","18":"entry","19":"content-bg","20":"loop-entry"},"acf":[],"yoast_head":"<!-- This site is optimized with the Yoast SEO plugin v27.4 - https:\/\/yoast.com\/product\/yoast-seo-wordpress\/ -->\n<title>Echosline Seli\u00e1r Perm par permanent 500 ml - SHOPATOA.COM<\/title>\n<meta name=\"robots\" content=\"index, follow, max-snippet:-1, max-image-preview:large, max-video-preview:-1\" \/>\n<link rel=\"canonical\" href=\"https:\/\/shopatoa.com\/ro\/echosline-seliar-perm-par-permanent-500-ml\/\" \/>\n<meta property=\"og:locale\" content=\"ro_RO\" \/>\n<meta property=\"og:type\" content=\"article\" \/>\n<meta property=\"og:title\" content=\"Echosline Seli\u00e1r Perm par permanent 500 ml - SHOPATOA.COM\" \/>\n<meta property=\"og:description\" content=\"Echosline Seli\u00e1r Perm, 500 ml, Ondula\u021bie permanent\u0103 pentru femei, V\u0103 plac valurile, buclele \u0219i ondula\u021biile seduc\u0103toare, \u00eens\u0103 natura v-a \u00eenzestrat cu un p\u0103r par\u021bial sau complet drept? Produsul pentru ondulare permanent\u0103 Echosline Seli\u00e1r Perm este alegerea ideal\u0103 dac\u0103 prefera\u021bi o solu\u021bie mai durabil\u0103 dec\u00e2t coafarea frecvent\u0103, uneori zilnic\u0103, cu ondulatorul, bigudiurile sau aparatul de coafat....\" \/>\n<meta property=\"og:url\" content=\"https:\/\/shopatoa.com\/ro\/echosline-seliar-perm-par-permanent-500-ml\/\" \/>\n<meta property=\"og:site_name\" content=\"SHOPATOA\" \/>\n<meta property=\"article:modified_time\" content=\"2026-02-02T13:20:03+00:00\" \/>\n<meta property=\"og:image\" content=\"https:\/\/storage.googleapis.com\/cz-shopatoa-img\/ro\/6c5e3dc3-unnamed-file.webp\" \/>\n\t<meta property=\"og:image:width\" content=\"800\" \/>\n\t<meta property=\"og:image:height\" content=\"800\" \/>\n\t<meta property=\"og:image:type\" content=\"image\/webp\" \/>\n<meta name=\"twitter:card\" content=\"summary_large_image\" \/>\n<meta name=\"twitter:label1\" content=\"Timp estimat pentru citire\" \/>\n\t<meta name=\"twitter:data1\" content=\"1 minut\" \/>\n<script type=\"application\/ld+json\" class=\"yoast-schema-graph\">{\"@context\":\"https:\\\/\\\/schema.org\",\"@graph\":[{\"@type\":\"WebPage\",\"@id\":\"https:\\\/\\\/shopatoa.com\\\/ro\\\/echosline-seliar-perm-par-permanent-500-ml\\\/\",\"url\":\"https:\\\/\\\/shopatoa.com\\\/ro\\\/echosline-seliar-perm-par-permanent-500-ml\\\/\",\"name\":\"Echosline Seli\u00e1r Perm par permanent 500 ml - SHOPATOA.COM\",\"isPartOf\":{\"@id\":\"https:\\\/\\\/shopatoa.com\\\/ro\\\/#website\"},\"primaryImageOfPage\":{\"@id\":\"https:\\\/\\\/shopatoa.com\\\/ro\\\/echosline-seliar-perm-par-permanent-500-ml\\\/#primaryimage\"},\"image\":{\"@id\":\"https:\\\/\\\/shopatoa.com\\\/ro\\\/echosline-seliar-perm-par-permanent-500-ml\\\/#primaryimage\"},\"thumbnailUrl\":\"https:\\\/\\\/storage.googleapis.com\\\/cz-shopatoa-img\\\/ro\\\/6c5e3dc3-unnamed-file.webp\",\"datePublished\":\"2025-06-28T22:25:28+00:00\",\"dateModified\":\"2026-02-02T13:20:03+00:00\",\"breadcrumb\":{\"@id\":\"https:\\\/\\\/shopatoa.com\\\/ro\\\/echosline-seliar-perm-par-permanent-500-ml\\\/#breadcrumb\"},\"inLanguage\":\"ro-RO\",\"potentialAction\":[{\"@type\":\"ReadAction\",\"target\":[\"https:\\\/\\\/shopatoa.com\\\/ro\\\/echosline-seliar-perm-par-permanent-500-ml\\\/\"]}]},{\"@type\":\"ImageObject\",\"inLanguage\":\"ro-RO\",\"@id\":\"https:\\\/\\\/shopatoa.com\\\/ro\\\/echosline-seliar-perm-par-permanent-500-ml\\\/#primaryimage\",\"url\":\"https:\\\/\\\/storage.googleapis.com\\\/cz-shopatoa-img\\\/ro\\\/6c5e3dc3-unnamed-file.webp\",\"contentUrl\":\"https:\\\/\\\/storage.googleapis.com\\\/cz-shopatoa-img\\\/ro\\\/6c5e3dc3-unnamed-file.webp\",\"width\":800,\"height\":800},{\"@type\":\"BreadcrumbList\",\"@id\":\"https:\\\/\\\/shopatoa.com\\\/ro\\\/echosline-seliar-perm-par-permanent-500-ml\\\/#breadcrumb\",\"itemListElement\":[{\"@type\":\"ListItem\",\"position\":1,\"name\":\"Dom\u016f\",\"item\":\"https:\\\/\\\/shopatoa.com\\\/ro\\\/\"},{\"@type\":\"ListItem\",\"position\":2,\"name\":\"Shop\",\"item\":\"https:\\\/\\\/shopatoa.com\\\/ro\\\/shop\\\/\"},{\"@type\":\"ListItem\",\"position\":3,\"name\":\"S\u0103n\u0103tate \u0219i frumuse\u021be\",\"item\":\"https:\\\/\\\/shopatoa.com\\\/ro\\\/sanatate-si-frumusete\\\/\"},{\"@type\":\"ListItem\",\"position\":4,\"name\":\"\u00cengrijire personal\u0103\",\"item\":\"https:\\\/\\\/shopatoa.com\\\/ro\\\/ingrijire-personala\\\/\"},{\"@type\":\"ListItem\",\"position\":5,\"name\":\"\u00cengrijirea p\u0103rului\",\"item\":\"https:\\\/\\\/shopatoa.com\\\/ro\\\/ingrijirea-parului\\\/\"},{\"@type\":\"ListItem\",\"position\":6,\"name\":\"Vopsirea p\u0103rului\",\"item\":\"https:\\\/\\\/shopatoa.com\\\/ro\\\/vopsirea-parului\\\/\"},{\"@type\":\"ListItem\",\"position\":7,\"name\":\"Echosline Seli\u00e1r Perm par permanent 500 ml\"}]},{\"@type\":\"WebSite\",\"@id\":\"https:\\\/\\\/shopatoa.com\\\/ro\\\/#website\",\"url\":\"https:\\\/\\\/shopatoa.com\\\/ro\\\/\",\"name\":\"SHOPATOA\",\"description\":\"\",\"publisher\":{\"@id\":\"https:\\\/\\\/shopatoa.com\\\/ro\\\/#organization\"},\"potentialAction\":[{\"@type\":\"SearchAction\",\"target\":{\"@type\":\"EntryPoint\",\"urlTemplate\":\"https:\\\/\\\/shopatoa.com\\\/ro\\\/?s={search_term_string}\"},\"query-input\":{\"@type\":\"PropertyValueSpecification\",\"valueRequired\":true,\"valueName\":\"search_term_string\"}}],\"inLanguage\":\"ro-RO\"},{\"@type\":\"Organization\",\"@id\":\"https:\\\/\\\/shopatoa.com\\\/ro\\\/#organization\",\"name\":\"SHOPATOA\",\"url\":\"https:\\\/\\\/shopatoa.com\\\/ro\\\/\",\"logo\":{\"@type\":\"ImageObject\",\"inLanguage\":\"ro-RO\",\"@id\":\"https:\\\/\\\/shopatoa.com\\\/ro\\\/#\\\/schema\\\/logo\\\/image\\\/\",\"url\":\"https:\\\/\\\/storage.googleapis.com\\\/cz-shopatoa-img\\\/ro\\\/b4dac915-shopatoa_logo.png\",\"contentUrl\":\"https:\\\/\\\/storage.googleapis.com\\\/cz-shopatoa-img\\\/ro\\\/b4dac915-shopatoa_logo.png\",\"width\":416,\"height\":63,\"caption\":\"SHOPATOA\"},\"image\":{\"@id\":\"https:\\\/\\\/shopatoa.com\\\/ro\\\/#\\\/schema\\\/logo\\\/image\\\/\"}}]}<\/script>\n<!-- \/ Yoast SEO plugin. -->","yoast_head_json":{"title":"Echosline Seli\u00e1r Perm par permanent 500 ml - SHOPATOA.COM","robots":{"index":"index","follow":"follow","max-snippet":"max-snippet:-1","max-image-preview":"max-image-preview:large","max-video-preview":"max-video-preview:-1"},"canonical":"https:\/\/shopatoa.com\/ro\/echosline-seliar-perm-par-permanent-500-ml\/","og_locale":"ro_RO","og_type":"article","og_title":"Echosline Seli\u00e1r Perm par permanent 500 ml - SHOPATOA.COM","og_description":"Echosline Seli\u00e1r Perm, 500 ml, Ondula\u021bie permanent\u0103 pentru femei, V\u0103 plac valurile, buclele \u0219i ondula\u021biile seduc\u0103toare, \u00eens\u0103 natura v-a \u00eenzestrat cu un p\u0103r par\u021bial sau complet drept? Produsul pentru ondulare permanent\u0103 Echosline Seli\u00e1r Perm este alegerea ideal\u0103 dac\u0103 prefera\u021bi o solu\u021bie mai durabil\u0103 dec\u00e2t coafarea frecvent\u0103, uneori zilnic\u0103, cu ondulatorul, bigudiurile sau aparatul de coafat....","og_url":"https:\/\/shopatoa.com\/ro\/echosline-seliar-perm-par-permanent-500-ml\/","og_site_name":"SHOPATOA","article_modified_time":"2026-02-02T13:20:03+00:00","og_image":[{"width":800,"height":800,"url":"https:\/\/storage.googleapis.com\/cz-shopatoa-img\/ro\/6c5e3dc3-unnamed-file.webp","type":"image\/webp"}],"twitter_card":"summary_large_image","twitter_misc":{"Timp estimat pentru citire":"1 minut"},"schema":{"@context":"https:\/\/schema.org","@graph":[{"@type":"WebPage","@id":"https:\/\/shopatoa.com\/ro\/echosline-seliar-perm-par-permanent-500-ml\/","url":"https:\/\/shopatoa.com\/ro\/echosline-seliar-perm-par-permanent-500-ml\/","name":"Echosline Seli\u00e1r Perm par permanent 500 ml - SHOPATOA.COM","isPartOf":{"@id":"https:\/\/shopatoa.com\/ro\/#website"},"primaryImageOfPage":{"@id":"https:\/\/shopatoa.com\/ro\/echosline-seliar-perm-par-permanent-500-ml\/#primaryimage"},"image":{"@id":"https:\/\/shopatoa.com\/ro\/echosline-seliar-perm-par-permanent-500-ml\/#primaryimage"},"thumbnailUrl":"https:\/\/storage.googleapis.com\/cz-shopatoa-img\/ro\/6c5e3dc3-unnamed-file.webp","datePublished":"2025-06-28T22:25:28+00:00","dateModified":"2026-02-02T13:20:03+00:00","breadcrumb":{"@id":"https:\/\/shopatoa.com\/ro\/echosline-seliar-perm-par-permanent-500-ml\/#breadcrumb"},"inLanguage":"ro-RO","potentialAction":[{"@type":"ReadAction","target":["https:\/\/shopatoa.com\/ro\/echosline-seliar-perm-par-permanent-500-ml\/"]}]},{"@type":"ImageObject","inLanguage":"ro-RO","@id":"https:\/\/shopatoa.com\/ro\/echosline-seliar-perm-par-permanent-500-ml\/#primaryimage","url":"https:\/\/storage.googleapis.com\/cz-shopatoa-img\/ro\/6c5e3dc3-unnamed-file.webp","contentUrl":"https:\/\/storage.googleapis.com\/cz-shopatoa-img\/ro\/6c5e3dc3-unnamed-file.webp","width":800,"height":800},{"@type":"BreadcrumbList","@id":"https:\/\/shopatoa.com\/ro\/echosline-seliar-perm-par-permanent-500-ml\/#breadcrumb","itemListElement":[{"@type":"ListItem","position":1,"name":"Dom\u016f","item":"https:\/\/shopatoa.com\/ro\/"},{"@type":"ListItem","position":2,"name":"Shop","item":"https:\/\/shopatoa.com\/ro\/shop\/"},{"@type":"ListItem","position":3,"name":"S\u0103n\u0103tate \u0219i frumuse\u021be","item":"https:\/\/shopatoa.com\/ro\/sanatate-si-frumusete\/"},{"@type":"ListItem","position":4,"name":"\u00cengrijire personal\u0103","item":"https:\/\/shopatoa.com\/ro\/ingrijire-personala\/"},{"@type":"ListItem","position":5,"name":"\u00cengrijirea p\u0103rului","item":"https:\/\/shopatoa.com\/ro\/ingrijirea-parului\/"},{"@type":"ListItem","position":6,"name":"Vopsirea p\u0103rului","item":"https:\/\/shopatoa.com\/ro\/vopsirea-parului\/"},{"@type":"ListItem","position":7,"name":"Echosline Seli\u00e1r Perm par permanent 500 ml"}]},{"@type":"WebSite","@id":"https:\/\/shopatoa.com\/ro\/#website","url":"https:\/\/shopatoa.com\/ro\/","name":"SHOPATOA","description":"","publisher":{"@id":"https:\/\/shopatoa.com\/ro\/#organization"},"potentialAction":[{"@type":"SearchAction","target":{"@type":"EntryPoint","urlTemplate":"https:\/\/shopatoa.com\/ro\/?s={search_term_string}"},"query-input":{"@type":"PropertyValueSpecification","valueRequired":true,"valueName":"search_term_string"}}],"inLanguage":"ro-RO"},{"@type":"Organization","@id":"https:\/\/shopatoa.com\/ro\/#organization","name":"SHOPATOA","url":"https:\/\/shopatoa.com\/ro\/","logo":{"@type":"ImageObject","inLanguage":"ro-RO","@id":"https:\/\/shopatoa.com\/ro\/#\/schema\/logo\/image\/","url":"https:\/\/storage.googleapis.com\/cz-shopatoa-img\/ro\/b4dac915-shopatoa_logo.png","contentUrl":"https:\/\/storage.googleapis.com\/cz-shopatoa-img\/ro\/b4dac915-shopatoa_logo.png","width":416,"height":63,"caption":"SHOPATOA"},"image":{"@id":"https:\/\/shopatoa.com\/ro\/#\/schema\/logo\/image\/"}}]}},"_links":{"self":[{"href":"https:\/\/shopatoa.com\/ro\/wp-json\/wp\/v2\/product\/472225","targetHints":{"allow":["GET"]}}],"collection":[{"href":"https:\/\/shopatoa.com\/ro\/wp-json\/wp\/v2\/product"}],"about":[{"href":"https:\/\/shopatoa.com\/ro\/wp-json\/wp\/v2\/types\/product"}],"replies":[{"embeddable":true,"href":"https:\/\/shopatoa.com\/ro\/wp-json\/wp\/v2\/comments?post=472225"}],"wp:featuredmedia":[{"embeddable":true,"href":"https:\/\/shopatoa.com\/ro\/wp-json\/wp\/v2\/media\/472226"}],"wp:attachment":[{"href":"https:\/\/shopatoa.com\/ro\/wp-json\/wp\/v2\/media?parent=472225"}],"wp:term":[{"taxonomy":"product_brand","embeddable":true,"href":"https:\/\/shopatoa.com\/ro\/wp-json\/wp\/v2\/product_brand?post=472225"},{"taxonomy":"product_cat","embeddable":true,"href":"https:\/\/shopatoa.com\/ro\/wp-json\/wp\/v2\/product_cat?post=472225"},{"taxonomy":"product_tag","embeddable":true,"href":"https:\/\/shopatoa.com\/ro\/wp-json\/wp\/v2\/product_tag?post=472225"}],"curies":[{"name":"wp","href":"https:\/\/api.w.org\/{rel}","templated":true}]}}