{"id":472281,"date":"2025-06-29T00:30:51","date_gmt":"2025-06-28T22:30:51","guid":{"rendered":"https:\/\/shopatoa.com\/ro\/danessa-myricks-beauty-yummy-skin-glow-serum-baza-de-machiaj-iluminatoare-culoare-juice-boost-32-5-ml\/"},"modified":"2025-12-12T01:23:56","modified_gmt":"2025-12-12T00:23:56","slug":"danessa-myricks-beauty-yummy-skin-glow-serum-baza-de-machiaj-iluminatoare-culoare-juice-boost-32-5-ml","status":"publish","type":"product","link":"https:\/\/shopatoa.com\/ro\/danessa-myricks-beauty-yummy-skin-glow-serum-baza-de-machiaj-iluminatoare-culoare-juice-boost-32-5-ml\/","title":{"rendered":"Danessa Myricks Beauty Yummy Skin Glow Serum baza de machiaj iluminatoare culoare Juice Boost 32.5 ml"},"content":{"rendered":"<p>Danessa Myricks Beauty Yummy Skin Glow Serum, 32,5 ml, baza pentru machiaj pentru femei, Nu doar machiajul determin\u0103 aspectul perfect al tenului dvs. pe tot parcursul zilei. Un rol important \u00eel joac\u0103 \u0219i baza pe care o aplica\u021bi pe ten mai \u00eent\u00e2i. Primerul Danessa Myricks BeautyYummySkin Glow Serum neteze\u0219te perfect tenul \u0219i \u00eel preg\u0103te\u0219te ideal pentru urm\u0103torii pa\u0219i de machiaj. Creeaz\u0103 pe ten o baz\u0103 uniform\u0103, care nu numai c\u0103 faciliteaz\u0103 aplicarea fondului de ten, dar ajut\u0103 \u0219i la extinderea rezisten\u021bei acestuia. V\u0103 permite s\u0103 ob\u021bine\u021bi un aspect perfect machiat, indiferent de stilul ales. Datorit\u0103 acestui primer ve\u021bi duce machiajul la un nivel superior \u0219i ve\u021bi ob\u021bine rezultate mai bune \u00een aplicarea fondului de ten preferat.  Caracteristici:  m\u0103re\u0219te rezisten\u021ba fondului de ten Ilumineaz\u0103 rafineaz\u0103 preg\u0103te\u0219te perfect tenul pentru aplicarea fondului de ten  Cum se utilizeaz\u0103: Se \u00eentinde uniform \u0219i temeinic. Apoi se aplic\u0103 fondul de ten.<\/p>\n","protected":false},"excerpt":{"rendered":"<p>Danessa Myricks Beauty Yummy Skin Glow Serum, 32,5 ml, baza pentru machiaj pentru femei, Nu doar machiajul determin\u0103 aspectul perfect al tenului dvs. pe tot parcursul zilei. Un rol important \u00eel joac\u0103 \u0219i baza pe care o aplica\u021bi pe ten mai \u00eent\u00e2i. Primerul Danessa Myricks BeautyYummySkin Glow Serum neteze\u0219te perfect tenul \u0219i \u00eel preg\u0103te\u0219te ideal&#8230;<\/p>\n","protected":false},"featured_media":472282,"comment_status":"closed","ping_status":"open","template":"","meta":{"_acf_changed":false,"_kadence_starter_templates_imported_post":false,"_kad_post_transparent":"","_kad_post_title":"","_kad_post_layout":"","_kad_post_sidebar_id":"","_kad_post_content_style":"","_kad_post_vertical_padding":"","_kad_post_feature":"","_kad_post_feature_position":"","_kad_post_header":false,"_kad_post_footer":false,"_kad_post_classname":""},"product_brand":[1920],"product_cat":[1564,1563,1576,1622,1709,1562],"product_tag":[],"class_list":{"0":"post-472281","1":"product","2":"type-product","3":"status-publish","4":"has-post-thumbnail","6":"product_brand-danessa-myricks-beauty","7":"product_cat-cosmetice-ingrijire-personala","8":"product_cat-ingrijire-personala","9":"product_cat-machiaj","10":"product_cat-machiaj-de-fata","11":"product_cat-primer-de-fata","12":"product_cat-sanatate-si-frumusete","13":"pa_gen-female","14":"pa_marime-325-ml","16":"first","17":"instock","18":"sale","19":"product-type-external","20":"entry","21":"content-bg","22":"loop-entry"},"acf":[],"yoast_head":"<!-- This site is optimized with the Yoast SEO plugin v27.4 - https:\/\/yoast.com\/product\/yoast-seo-wordpress\/ -->\n<title>Danessa Myricks Beauty Yummy Skin Glow Serum baza de machiaj iluminatoare culoare Juice Boost 32.5 ml - SHOPATOA.COM<\/title>\n<meta name=\"robots\" content=\"index, follow, max-snippet:-1, max-image-preview:large, max-video-preview:-1\" \/>\n<link rel=\"canonical\" href=\"https:\/\/shopatoa.com\/ro\/danessa-myricks-beauty-yummy-skin-glow-serum-baza-de-machiaj-iluminatoare-culoare-juice-boost-32-5-ml\/\" \/>\n<meta property=\"og:locale\" content=\"ro_RO\" \/>\n<meta property=\"og:type\" content=\"article\" \/>\n<meta property=\"og:title\" content=\"Danessa Myricks Beauty Yummy Skin Glow Serum baza de machiaj iluminatoare culoare Juice Boost 32.5 ml - SHOPATOA.COM\" \/>\n<meta property=\"og:description\" content=\"Danessa Myricks Beauty Yummy Skin Glow Serum, 32,5 ml, baza pentru machiaj pentru femei, Nu doar machiajul determin\u0103 aspectul perfect al tenului dvs. pe tot parcursul zilei. Un rol important \u00eel joac\u0103 \u0219i baza pe care o aplica\u021bi pe ten mai \u00eent\u00e2i. Primerul Danessa Myricks BeautyYummySkin Glow Serum neteze\u0219te perfect tenul \u0219i \u00eel preg\u0103te\u0219te ideal...\" \/>\n<meta property=\"og:url\" content=\"https:\/\/shopatoa.com\/ro\/danessa-myricks-beauty-yummy-skin-glow-serum-baza-de-machiaj-iluminatoare-culoare-juice-boost-32-5-ml\/\" \/>\n<meta property=\"og:site_name\" content=\"SHOPATOA\" \/>\n<meta property=\"article:modified_time\" content=\"2025-12-12T00:23:56+00:00\" \/>\n<meta property=\"og:image\" content=\"https:\/\/storage.googleapis.com\/cz-shopatoa-img\/ro\/ba064ad6-unnamed-file.webp\" \/>\n\t<meta property=\"og:image:width\" content=\"800\" \/>\n\t<meta property=\"og:image:height\" content=\"800\" \/>\n\t<meta property=\"og:image:type\" content=\"image\/webp\" \/>\n<meta name=\"twitter:card\" content=\"summary_large_image\" \/>\n<meta name=\"twitter:label1\" content=\"Timp estimat pentru citire\" \/>\n\t<meta name=\"twitter:data1\" content=\"1 minut\" \/>\n<script type=\"application\/ld+json\" class=\"yoast-schema-graph\">{\"@context\":\"https:\\\/\\\/schema.org\",\"@graph\":[{\"@type\":\"WebPage\",\"@id\":\"https:\\\/\\\/shopatoa.com\\\/ro\\\/danessa-myricks-beauty-yummy-skin-glow-serum-baza-de-machiaj-iluminatoare-culoare-juice-boost-32-5-ml\\\/\",\"url\":\"https:\\\/\\\/shopatoa.com\\\/ro\\\/danessa-myricks-beauty-yummy-skin-glow-serum-baza-de-machiaj-iluminatoare-culoare-juice-boost-32-5-ml\\\/\",\"name\":\"Danessa Myricks Beauty Yummy Skin Glow Serum baza de machiaj iluminatoare culoare Juice Boost 32.5 ml - SHOPATOA.COM\",\"isPartOf\":{\"@id\":\"https:\\\/\\\/shopatoa.com\\\/ro\\\/#website\"},\"primaryImageOfPage\":{\"@id\":\"https:\\\/\\\/shopatoa.com\\\/ro\\\/danessa-myricks-beauty-yummy-skin-glow-serum-baza-de-machiaj-iluminatoare-culoare-juice-boost-32-5-ml\\\/#primaryimage\"},\"image\":{\"@id\":\"https:\\\/\\\/shopatoa.com\\\/ro\\\/danessa-myricks-beauty-yummy-skin-glow-serum-baza-de-machiaj-iluminatoare-culoare-juice-boost-32-5-ml\\\/#primaryimage\"},\"thumbnailUrl\":\"https:\\\/\\\/storage.googleapis.com\\\/cz-shopatoa-img\\\/ro\\\/ba064ad6-unnamed-file.webp\",\"datePublished\":\"2025-06-28T22:30:51+00:00\",\"dateModified\":\"2025-12-12T00:23:56+00:00\",\"breadcrumb\":{\"@id\":\"https:\\\/\\\/shopatoa.com\\\/ro\\\/danessa-myricks-beauty-yummy-skin-glow-serum-baza-de-machiaj-iluminatoare-culoare-juice-boost-32-5-ml\\\/#breadcrumb\"},\"inLanguage\":\"ro-RO\",\"potentialAction\":[{\"@type\":\"ReadAction\",\"target\":[\"https:\\\/\\\/shopatoa.com\\\/ro\\\/danessa-myricks-beauty-yummy-skin-glow-serum-baza-de-machiaj-iluminatoare-culoare-juice-boost-32-5-ml\\\/\"]}]},{\"@type\":\"ImageObject\",\"inLanguage\":\"ro-RO\",\"@id\":\"https:\\\/\\\/shopatoa.com\\\/ro\\\/danessa-myricks-beauty-yummy-skin-glow-serum-baza-de-machiaj-iluminatoare-culoare-juice-boost-32-5-ml\\\/#primaryimage\",\"url\":\"https:\\\/\\\/storage.googleapis.com\\\/cz-shopatoa-img\\\/ro\\\/ba064ad6-unnamed-file.webp\",\"contentUrl\":\"https:\\\/\\\/storage.googleapis.com\\\/cz-shopatoa-img\\\/ro\\\/ba064ad6-unnamed-file.webp\",\"width\":800,\"height\":800},{\"@type\":\"BreadcrumbList\",\"@id\":\"https:\\\/\\\/shopatoa.com\\\/ro\\\/danessa-myricks-beauty-yummy-skin-glow-serum-baza-de-machiaj-iluminatoare-culoare-juice-boost-32-5-ml\\\/#breadcrumb\",\"itemListElement\":[{\"@type\":\"ListItem\",\"position\":1,\"name\":\"Dom\u016f\",\"item\":\"https:\\\/\\\/shopatoa.com\\\/ro\\\/\"},{\"@type\":\"ListItem\",\"position\":2,\"name\":\"Shop\",\"item\":\"https:\\\/\\\/shopatoa.com\\\/ro\\\/shop\\\/\"},{\"@type\":\"ListItem\",\"position\":3,\"name\":\"S\u0103n\u0103tate \u0219i frumuse\u021be\",\"item\":\"https:\\\/\\\/shopatoa.com\\\/ro\\\/sanatate-si-frumusete\\\/\"},{\"@type\":\"ListItem\",\"position\":4,\"name\":\"\u00cengrijire personal\u0103\",\"item\":\"https:\\\/\\\/shopatoa.com\\\/ro\\\/ingrijire-personala\\\/\"},{\"@type\":\"ListItem\",\"position\":5,\"name\":\"Cosmetice\",\"item\":\"https:\\\/\\\/shopatoa.com\\\/ro\\\/cosmetice-ingrijire-personala\\\/\"},{\"@type\":\"ListItem\",\"position\":6,\"name\":\"Machiaj\",\"item\":\"https:\\\/\\\/shopatoa.com\\\/ro\\\/machiaj\\\/\"},{\"@type\":\"ListItem\",\"position\":7,\"name\":\"Machiaj de fa\u021b\u0103\",\"item\":\"https:\\\/\\\/shopatoa.com\\\/ro\\\/machiaj-de-fata\\\/\"},{\"@type\":\"ListItem\",\"position\":8,\"name\":\"Primer de fa\u021b\u0103\",\"item\":\"https:\\\/\\\/shopatoa.com\\\/ro\\\/primer-de-fata\\\/\"},{\"@type\":\"ListItem\",\"position\":9,\"name\":\"Danessa Myricks Beauty Yummy Skin Glow Serum baza de machiaj iluminatoare culoare Juice Boost 32.5 ml\"}]},{\"@type\":\"WebSite\",\"@id\":\"https:\\\/\\\/shopatoa.com\\\/ro\\\/#website\",\"url\":\"https:\\\/\\\/shopatoa.com\\\/ro\\\/\",\"name\":\"SHOPATOA\",\"description\":\"\",\"publisher\":{\"@id\":\"https:\\\/\\\/shopatoa.com\\\/ro\\\/#organization\"},\"potentialAction\":[{\"@type\":\"SearchAction\",\"target\":{\"@type\":\"EntryPoint\",\"urlTemplate\":\"https:\\\/\\\/shopatoa.com\\\/ro\\\/?s={search_term_string}\"},\"query-input\":{\"@type\":\"PropertyValueSpecification\",\"valueRequired\":true,\"valueName\":\"search_term_string\"}}],\"inLanguage\":\"ro-RO\"},{\"@type\":\"Organization\",\"@id\":\"https:\\\/\\\/shopatoa.com\\\/ro\\\/#organization\",\"name\":\"SHOPATOA\",\"url\":\"https:\\\/\\\/shopatoa.com\\\/ro\\\/\",\"logo\":{\"@type\":\"ImageObject\",\"inLanguage\":\"ro-RO\",\"@id\":\"https:\\\/\\\/shopatoa.com\\\/ro\\\/#\\\/schema\\\/logo\\\/image\\\/\",\"url\":\"https:\\\/\\\/storage.googleapis.com\\\/cz-shopatoa-img\\\/ro\\\/b4dac915-shopatoa_logo.png\",\"contentUrl\":\"https:\\\/\\\/storage.googleapis.com\\\/cz-shopatoa-img\\\/ro\\\/b4dac915-shopatoa_logo.png\",\"width\":416,\"height\":63,\"caption\":\"SHOPATOA\"},\"image\":{\"@id\":\"https:\\\/\\\/shopatoa.com\\\/ro\\\/#\\\/schema\\\/logo\\\/image\\\/\"}}]}<\/script>\n<!-- \/ Yoast SEO plugin. -->","yoast_head_json":{"title":"Danessa Myricks Beauty Yummy Skin Glow Serum baza de machiaj iluminatoare culoare Juice Boost 32.5 ml - SHOPATOA.COM","robots":{"index":"index","follow":"follow","max-snippet":"max-snippet:-1","max-image-preview":"max-image-preview:large","max-video-preview":"max-video-preview:-1"},"canonical":"https:\/\/shopatoa.com\/ro\/danessa-myricks-beauty-yummy-skin-glow-serum-baza-de-machiaj-iluminatoare-culoare-juice-boost-32-5-ml\/","og_locale":"ro_RO","og_type":"article","og_title":"Danessa Myricks Beauty Yummy Skin Glow Serum baza de machiaj iluminatoare culoare Juice Boost 32.5 ml - SHOPATOA.COM","og_description":"Danessa Myricks Beauty Yummy Skin Glow Serum, 32,5 ml, baza pentru machiaj pentru femei, Nu doar machiajul determin\u0103 aspectul perfect al tenului dvs. pe tot parcursul zilei. Un rol important \u00eel joac\u0103 \u0219i baza pe care o aplica\u021bi pe ten mai \u00eent\u00e2i. Primerul Danessa Myricks BeautyYummySkin Glow Serum neteze\u0219te perfect tenul \u0219i \u00eel preg\u0103te\u0219te ideal...","og_url":"https:\/\/shopatoa.com\/ro\/danessa-myricks-beauty-yummy-skin-glow-serum-baza-de-machiaj-iluminatoare-culoare-juice-boost-32-5-ml\/","og_site_name":"SHOPATOA","article_modified_time":"2025-12-12T00:23:56+00:00","og_image":[{"width":800,"height":800,"url":"https:\/\/storage.googleapis.com\/cz-shopatoa-img\/ro\/ba064ad6-unnamed-file.webp","type":"image\/webp"}],"twitter_card":"summary_large_image","twitter_misc":{"Timp estimat pentru citire":"1 minut"},"schema":{"@context":"https:\/\/schema.org","@graph":[{"@type":"WebPage","@id":"https:\/\/shopatoa.com\/ro\/danessa-myricks-beauty-yummy-skin-glow-serum-baza-de-machiaj-iluminatoare-culoare-juice-boost-32-5-ml\/","url":"https:\/\/shopatoa.com\/ro\/danessa-myricks-beauty-yummy-skin-glow-serum-baza-de-machiaj-iluminatoare-culoare-juice-boost-32-5-ml\/","name":"Danessa Myricks Beauty Yummy Skin Glow Serum baza de machiaj iluminatoare culoare Juice Boost 32.5 ml - SHOPATOA.COM","isPartOf":{"@id":"https:\/\/shopatoa.com\/ro\/#website"},"primaryImageOfPage":{"@id":"https:\/\/shopatoa.com\/ro\/danessa-myricks-beauty-yummy-skin-glow-serum-baza-de-machiaj-iluminatoare-culoare-juice-boost-32-5-ml\/#primaryimage"},"image":{"@id":"https:\/\/shopatoa.com\/ro\/danessa-myricks-beauty-yummy-skin-glow-serum-baza-de-machiaj-iluminatoare-culoare-juice-boost-32-5-ml\/#primaryimage"},"thumbnailUrl":"https:\/\/storage.googleapis.com\/cz-shopatoa-img\/ro\/ba064ad6-unnamed-file.webp","datePublished":"2025-06-28T22:30:51+00:00","dateModified":"2025-12-12T00:23:56+00:00","breadcrumb":{"@id":"https:\/\/shopatoa.com\/ro\/danessa-myricks-beauty-yummy-skin-glow-serum-baza-de-machiaj-iluminatoare-culoare-juice-boost-32-5-ml\/#breadcrumb"},"inLanguage":"ro-RO","potentialAction":[{"@type":"ReadAction","target":["https:\/\/shopatoa.com\/ro\/danessa-myricks-beauty-yummy-skin-glow-serum-baza-de-machiaj-iluminatoare-culoare-juice-boost-32-5-ml\/"]}]},{"@type":"ImageObject","inLanguage":"ro-RO","@id":"https:\/\/shopatoa.com\/ro\/danessa-myricks-beauty-yummy-skin-glow-serum-baza-de-machiaj-iluminatoare-culoare-juice-boost-32-5-ml\/#primaryimage","url":"https:\/\/storage.googleapis.com\/cz-shopatoa-img\/ro\/ba064ad6-unnamed-file.webp","contentUrl":"https:\/\/storage.googleapis.com\/cz-shopatoa-img\/ro\/ba064ad6-unnamed-file.webp","width":800,"height":800},{"@type":"BreadcrumbList","@id":"https:\/\/shopatoa.com\/ro\/danessa-myricks-beauty-yummy-skin-glow-serum-baza-de-machiaj-iluminatoare-culoare-juice-boost-32-5-ml\/#breadcrumb","itemListElement":[{"@type":"ListItem","position":1,"name":"Dom\u016f","item":"https:\/\/shopatoa.com\/ro\/"},{"@type":"ListItem","position":2,"name":"Shop","item":"https:\/\/shopatoa.com\/ro\/shop\/"},{"@type":"ListItem","position":3,"name":"S\u0103n\u0103tate \u0219i frumuse\u021be","item":"https:\/\/shopatoa.com\/ro\/sanatate-si-frumusete\/"},{"@type":"ListItem","position":4,"name":"\u00cengrijire personal\u0103","item":"https:\/\/shopatoa.com\/ro\/ingrijire-personala\/"},{"@type":"ListItem","position":5,"name":"Cosmetice","item":"https:\/\/shopatoa.com\/ro\/cosmetice-ingrijire-personala\/"},{"@type":"ListItem","position":6,"name":"Machiaj","item":"https:\/\/shopatoa.com\/ro\/machiaj\/"},{"@type":"ListItem","position":7,"name":"Machiaj de fa\u021b\u0103","item":"https:\/\/shopatoa.com\/ro\/machiaj-de-fata\/"},{"@type":"ListItem","position":8,"name":"Primer de fa\u021b\u0103","item":"https:\/\/shopatoa.com\/ro\/primer-de-fata\/"},{"@type":"ListItem","position":9,"name":"Danessa Myricks Beauty Yummy Skin Glow Serum baza de machiaj iluminatoare culoare Juice Boost 32.5 ml"}]},{"@type":"WebSite","@id":"https:\/\/shopatoa.com\/ro\/#website","url":"https:\/\/shopatoa.com\/ro\/","name":"SHOPATOA","description":"","publisher":{"@id":"https:\/\/shopatoa.com\/ro\/#organization"},"potentialAction":[{"@type":"SearchAction","target":{"@type":"EntryPoint","urlTemplate":"https:\/\/shopatoa.com\/ro\/?s={search_term_string}"},"query-input":{"@type":"PropertyValueSpecification","valueRequired":true,"valueName":"search_term_string"}}],"inLanguage":"ro-RO"},{"@type":"Organization","@id":"https:\/\/shopatoa.com\/ro\/#organization","name":"SHOPATOA","url":"https:\/\/shopatoa.com\/ro\/","logo":{"@type":"ImageObject","inLanguage":"ro-RO","@id":"https:\/\/shopatoa.com\/ro\/#\/schema\/logo\/image\/","url":"https:\/\/storage.googleapis.com\/cz-shopatoa-img\/ro\/b4dac915-shopatoa_logo.png","contentUrl":"https:\/\/storage.googleapis.com\/cz-shopatoa-img\/ro\/b4dac915-shopatoa_logo.png","width":416,"height":63,"caption":"SHOPATOA"},"image":{"@id":"https:\/\/shopatoa.com\/ro\/#\/schema\/logo\/image\/"}}]}},"_links":{"self":[{"href":"https:\/\/shopatoa.com\/ro\/wp-json\/wp\/v2\/product\/472281","targetHints":{"allow":["GET"]}}],"collection":[{"href":"https:\/\/shopatoa.com\/ro\/wp-json\/wp\/v2\/product"}],"about":[{"href":"https:\/\/shopatoa.com\/ro\/wp-json\/wp\/v2\/types\/product"}],"replies":[{"embeddable":true,"href":"https:\/\/shopatoa.com\/ro\/wp-json\/wp\/v2\/comments?post=472281"}],"wp:featuredmedia":[{"embeddable":true,"href":"https:\/\/shopatoa.com\/ro\/wp-json\/wp\/v2\/media\/472282"}],"wp:attachment":[{"href":"https:\/\/shopatoa.com\/ro\/wp-json\/wp\/v2\/media?parent=472281"}],"wp:term":[{"taxonomy":"product_brand","embeddable":true,"href":"https:\/\/shopatoa.com\/ro\/wp-json\/wp\/v2\/product_brand?post=472281"},{"taxonomy":"product_cat","embeddable":true,"href":"https:\/\/shopatoa.com\/ro\/wp-json\/wp\/v2\/product_cat?post=472281"},{"taxonomy":"product_tag","embeddable":true,"href":"https:\/\/shopatoa.com\/ro\/wp-json\/wp\/v2\/product_tag?post=472281"}],"curies":[{"name":"wp","href":"https:\/\/api.w.org\/{rel}","templated":true}]}}