{"id":472285,"date":"2025-06-29T00:30:51","date_gmt":"2025-06-28T22:30:51","guid":{"rendered":"https:\/\/shopatoa.com\/ro\/tree-hut-sugar-lips-exfoliant-pentru-buze-9-8-g\/"},"modified":"2025-12-12T01:24:05","modified_gmt":"2025-12-12T00:24:05","slug":"tree-hut-sugar-lips-exfoliant-pentru-buze-9-8-g","status":"publish","type":"product","link":"https:\/\/shopatoa.com\/ro\/tree-hut-sugar-lips-exfoliant-pentru-buze-9-8-g\/","title":{"rendered":"Tree Hut Sugar Lips Exfoliant pentru buze 9.8 g"},"content":{"rendered":"<p>Tree Hut Sugar Lips, 9,8 g, Peeling pentru buze pentru femei, Zona buzelor are propriile particularit\u0103\u021bi. De exemplu, este una dintre zonele \u00een care tind s\u0103 apar\u0103 semnele de \u00eemb\u0103tr\u00e2nire \u0219i irita\u021biile. Prin urmare, \u00eengrijirea Tree Hut Sugar Lips este dezvoltat\u0103 \u00een a\u0219a fel \u00eenc\u00e2t s\u0103 r\u0103spund\u0103 nevoilor specifice ale tenului delicat din aceast\u0103 zon\u0103. Ofer\u0103 hidratare, previne uscarea nedorit\u0103 \u0219i favorizeaz\u0103 un aspect s\u0103n\u0103tos al zonei buzelor. Astfel, garanteaz\u0103 un z\u00e2mbet chiar mai frumos.  Caracteristici:  \u00eenl\u0103tur\u0103 celulele moarte de pe buze neteze\u0219te buzele \u0219i liniile din jurul acestora ofer\u0103 buzelor \u0219i zonei din jur hidratarea \u0219i nutri\u021bia necesare efect exfoliant  Ingrediente:  produs vegan  Cum se utilizeaz\u0103: Aplica\u021bi o cantitate mic\u0103 pe buzele curate \u0219i \u00eemprejurul acestora, apoi l\u0103sa\u021bi s\u0103 se absoarb\u0103.<\/p>\n","protected":false},"excerpt":{"rendered":"<p>Tree Hut Sugar Lips, 9,8 g, Peeling pentru buze pentru femei, Zona buzelor are propriile particularit\u0103\u021bi. De exemplu, este una dintre zonele \u00een care tind s\u0103 apar\u0103 semnele de \u00eemb\u0103tr\u00e2nire \u0219i irita\u021biile. Prin urmare, \u00eengrijirea Tree Hut Sugar Lips este dezvoltat\u0103 \u00een a\u0219a fel \u00eenc\u00e2t s\u0103 r\u0103spund\u0103 nevoilor specifice ale tenului delicat din aceast\u0103 zon\u0103&#8230;.<\/p>\n","protected":false},"featured_media":472286,"comment_status":"closed","ping_status":"open","template":"","meta":{"_acf_changed":false,"_kadence_starter_templates_imported_post":false,"_kad_post_transparent":"","_kad_post_title":"","_kad_post_layout":"","_kad_post_sidebar_id":"","_kad_post_content_style":"","_kad_post_vertical_padding":"","_kad_post_feature":"","_kad_post_feature_position":"","_kad_post_header":false,"_kad_post_footer":false,"_kad_post_classname":""},"product_brand":[2746],"product_cat":[1628,1564,1563,1565,1562],"product_tag":[],"class_list":{"0":"post-472285","1":"product","2":"type-product","3":"status-publish","4":"has-post-thumbnail","6":"product_brand-tree-hut","7":"product_cat-balsamuri-si-tratamente-pentru-buze","8":"product_cat-cosmetice-ingrijire-personala","9":"product_cat-ingrijire-personala","10":"product_cat-ingrijirea-pielii","11":"product_cat-sanatate-si-frumusete","12":"pa_gen-female","13":"pa_marime-98-g","15":"first","16":"instock","17":"sale","18":"product-type-external","19":"entry","20":"content-bg","21":"loop-entry"},"acf":[],"yoast_head":"<!-- This site is optimized with the Yoast SEO plugin v27.4 - https:\/\/yoast.com\/product\/yoast-seo-wordpress\/ -->\n<title>Tree Hut Sugar Lips Exfoliant pentru buze 9.8 g - SHOPATOA.COM<\/title>\n<meta name=\"robots\" content=\"index, follow, max-snippet:-1, max-image-preview:large, max-video-preview:-1\" \/>\n<link rel=\"canonical\" href=\"https:\/\/shopatoa.com\/ro\/tree-hut-sugar-lips-exfoliant-pentru-buze-9-8-g\/\" \/>\n<meta property=\"og:locale\" content=\"ro_RO\" \/>\n<meta property=\"og:type\" content=\"article\" \/>\n<meta property=\"og:title\" content=\"Tree Hut Sugar Lips Exfoliant pentru buze 9.8 g - SHOPATOA.COM\" \/>\n<meta property=\"og:description\" content=\"Tree Hut Sugar Lips, 9,8 g, Peeling pentru buze pentru femei, Zona buzelor are propriile particularit\u0103\u021bi. De exemplu, este una dintre zonele \u00een care tind s\u0103 apar\u0103 semnele de \u00eemb\u0103tr\u00e2nire \u0219i irita\u021biile. Prin urmare, \u00eengrijirea Tree Hut Sugar Lips este dezvoltat\u0103 \u00een a\u0219a fel \u00eenc\u00e2t s\u0103 r\u0103spund\u0103 nevoilor specifice ale tenului delicat din aceast\u0103 zon\u0103....\" \/>\n<meta property=\"og:url\" content=\"https:\/\/shopatoa.com\/ro\/tree-hut-sugar-lips-exfoliant-pentru-buze-9-8-g\/\" \/>\n<meta property=\"og:site_name\" content=\"SHOPATOA\" \/>\n<meta property=\"article:modified_time\" content=\"2025-12-12T00:24:05+00:00\" \/>\n<meta property=\"og:image\" content=\"https:\/\/storage.googleapis.com\/cz-shopatoa-img\/ro\/e6525f4a-unnamed-file.webp\" \/>\n\t<meta property=\"og:image:width\" content=\"800\" \/>\n\t<meta property=\"og:image:height\" content=\"800\" \/>\n\t<meta property=\"og:image:type\" content=\"image\/webp\" \/>\n<meta name=\"twitter:card\" content=\"summary_large_image\" \/>\n<meta name=\"twitter:label1\" content=\"Timp estimat pentru citire\" \/>\n\t<meta name=\"twitter:data1\" content=\"1 minut\" \/>\n<script type=\"application\/ld+json\" class=\"yoast-schema-graph\">{\"@context\":\"https:\\\/\\\/schema.org\",\"@graph\":[{\"@type\":\"WebPage\",\"@id\":\"https:\\\/\\\/shopatoa.com\\\/ro\\\/tree-hut-sugar-lips-exfoliant-pentru-buze-9-8-g\\\/\",\"url\":\"https:\\\/\\\/shopatoa.com\\\/ro\\\/tree-hut-sugar-lips-exfoliant-pentru-buze-9-8-g\\\/\",\"name\":\"Tree Hut Sugar Lips Exfoliant pentru buze 9.8 g - SHOPATOA.COM\",\"isPartOf\":{\"@id\":\"https:\\\/\\\/shopatoa.com\\\/ro\\\/#website\"},\"primaryImageOfPage\":{\"@id\":\"https:\\\/\\\/shopatoa.com\\\/ro\\\/tree-hut-sugar-lips-exfoliant-pentru-buze-9-8-g\\\/#primaryimage\"},\"image\":{\"@id\":\"https:\\\/\\\/shopatoa.com\\\/ro\\\/tree-hut-sugar-lips-exfoliant-pentru-buze-9-8-g\\\/#primaryimage\"},\"thumbnailUrl\":\"https:\\\/\\\/storage.googleapis.com\\\/cz-shopatoa-img\\\/ro\\\/e6525f4a-unnamed-file.webp\",\"datePublished\":\"2025-06-28T22:30:51+00:00\",\"dateModified\":\"2025-12-12T00:24:05+00:00\",\"breadcrumb\":{\"@id\":\"https:\\\/\\\/shopatoa.com\\\/ro\\\/tree-hut-sugar-lips-exfoliant-pentru-buze-9-8-g\\\/#breadcrumb\"},\"inLanguage\":\"ro-RO\",\"potentialAction\":[{\"@type\":\"ReadAction\",\"target\":[\"https:\\\/\\\/shopatoa.com\\\/ro\\\/tree-hut-sugar-lips-exfoliant-pentru-buze-9-8-g\\\/\"]}]},{\"@type\":\"ImageObject\",\"inLanguage\":\"ro-RO\",\"@id\":\"https:\\\/\\\/shopatoa.com\\\/ro\\\/tree-hut-sugar-lips-exfoliant-pentru-buze-9-8-g\\\/#primaryimage\",\"url\":\"https:\\\/\\\/storage.googleapis.com\\\/cz-shopatoa-img\\\/ro\\\/e6525f4a-unnamed-file.webp\",\"contentUrl\":\"https:\\\/\\\/storage.googleapis.com\\\/cz-shopatoa-img\\\/ro\\\/e6525f4a-unnamed-file.webp\",\"width\":800,\"height\":800},{\"@type\":\"BreadcrumbList\",\"@id\":\"https:\\\/\\\/shopatoa.com\\\/ro\\\/tree-hut-sugar-lips-exfoliant-pentru-buze-9-8-g\\\/#breadcrumb\",\"itemListElement\":[{\"@type\":\"ListItem\",\"position\":1,\"name\":\"Dom\u016f\",\"item\":\"https:\\\/\\\/shopatoa.com\\\/ro\\\/\"},{\"@type\":\"ListItem\",\"position\":2,\"name\":\"Shop\",\"item\":\"https:\\\/\\\/shopatoa.com\\\/ro\\\/shop\\\/\"},{\"@type\":\"ListItem\",\"position\":3,\"name\":\"S\u0103n\u0103tate \u0219i frumuse\u021be\",\"item\":\"https:\\\/\\\/shopatoa.com\\\/ro\\\/sanatate-si-frumusete\\\/\"},{\"@type\":\"ListItem\",\"position\":4,\"name\":\"\u00cengrijire personal\u0103\",\"item\":\"https:\\\/\\\/shopatoa.com\\\/ro\\\/ingrijire-personala\\\/\"},{\"@type\":\"ListItem\",\"position\":5,\"name\":\"Cosmetice\",\"item\":\"https:\\\/\\\/shopatoa.com\\\/ro\\\/cosmetice-ingrijire-personala\\\/\"},{\"@type\":\"ListItem\",\"position\":6,\"name\":\"\u00cengrijirea pielii\",\"item\":\"https:\\\/\\\/shopatoa.com\\\/ro\\\/ingrijirea-pielii\\\/\"},{\"@type\":\"ListItem\",\"position\":7,\"name\":\"Balsamuri \u0219i tratamente pentru buze\",\"item\":\"https:\\\/\\\/shopatoa.com\\\/ro\\\/balsamuri-si-tratamente-pentru-buze\\\/\"},{\"@type\":\"ListItem\",\"position\":8,\"name\":\"Tree Hut Sugar Lips Exfoliant pentru buze 9.8 g\"}]},{\"@type\":\"WebSite\",\"@id\":\"https:\\\/\\\/shopatoa.com\\\/ro\\\/#website\",\"url\":\"https:\\\/\\\/shopatoa.com\\\/ro\\\/\",\"name\":\"SHOPATOA\",\"description\":\"\",\"publisher\":{\"@id\":\"https:\\\/\\\/shopatoa.com\\\/ro\\\/#organization\"},\"potentialAction\":[{\"@type\":\"SearchAction\",\"target\":{\"@type\":\"EntryPoint\",\"urlTemplate\":\"https:\\\/\\\/shopatoa.com\\\/ro\\\/?s={search_term_string}\"},\"query-input\":{\"@type\":\"PropertyValueSpecification\",\"valueRequired\":true,\"valueName\":\"search_term_string\"}}],\"inLanguage\":\"ro-RO\"},{\"@type\":\"Organization\",\"@id\":\"https:\\\/\\\/shopatoa.com\\\/ro\\\/#organization\",\"name\":\"SHOPATOA\",\"url\":\"https:\\\/\\\/shopatoa.com\\\/ro\\\/\",\"logo\":{\"@type\":\"ImageObject\",\"inLanguage\":\"ro-RO\",\"@id\":\"https:\\\/\\\/shopatoa.com\\\/ro\\\/#\\\/schema\\\/logo\\\/image\\\/\",\"url\":\"https:\\\/\\\/storage.googleapis.com\\\/cz-shopatoa-img\\\/ro\\\/b4dac915-shopatoa_logo.png\",\"contentUrl\":\"https:\\\/\\\/storage.googleapis.com\\\/cz-shopatoa-img\\\/ro\\\/b4dac915-shopatoa_logo.png\",\"width\":416,\"height\":63,\"caption\":\"SHOPATOA\"},\"image\":{\"@id\":\"https:\\\/\\\/shopatoa.com\\\/ro\\\/#\\\/schema\\\/logo\\\/image\\\/\"}}]}<\/script>\n<!-- \/ Yoast SEO plugin. -->","yoast_head_json":{"title":"Tree Hut Sugar Lips Exfoliant pentru buze 9.8 g - SHOPATOA.COM","robots":{"index":"index","follow":"follow","max-snippet":"max-snippet:-1","max-image-preview":"max-image-preview:large","max-video-preview":"max-video-preview:-1"},"canonical":"https:\/\/shopatoa.com\/ro\/tree-hut-sugar-lips-exfoliant-pentru-buze-9-8-g\/","og_locale":"ro_RO","og_type":"article","og_title":"Tree Hut Sugar Lips Exfoliant pentru buze 9.8 g - SHOPATOA.COM","og_description":"Tree Hut Sugar Lips, 9,8 g, Peeling pentru buze pentru femei, Zona buzelor are propriile particularit\u0103\u021bi. De exemplu, este una dintre zonele \u00een care tind s\u0103 apar\u0103 semnele de \u00eemb\u0103tr\u00e2nire \u0219i irita\u021biile. Prin urmare, \u00eengrijirea Tree Hut Sugar Lips este dezvoltat\u0103 \u00een a\u0219a fel \u00eenc\u00e2t s\u0103 r\u0103spund\u0103 nevoilor specifice ale tenului delicat din aceast\u0103 zon\u0103....","og_url":"https:\/\/shopatoa.com\/ro\/tree-hut-sugar-lips-exfoliant-pentru-buze-9-8-g\/","og_site_name":"SHOPATOA","article_modified_time":"2025-12-12T00:24:05+00:00","og_image":[{"width":800,"height":800,"url":"https:\/\/storage.googleapis.com\/cz-shopatoa-img\/ro\/e6525f4a-unnamed-file.webp","type":"image\/webp"}],"twitter_card":"summary_large_image","twitter_misc":{"Timp estimat pentru citire":"1 minut"},"schema":{"@context":"https:\/\/schema.org","@graph":[{"@type":"WebPage","@id":"https:\/\/shopatoa.com\/ro\/tree-hut-sugar-lips-exfoliant-pentru-buze-9-8-g\/","url":"https:\/\/shopatoa.com\/ro\/tree-hut-sugar-lips-exfoliant-pentru-buze-9-8-g\/","name":"Tree Hut Sugar Lips Exfoliant pentru buze 9.8 g - SHOPATOA.COM","isPartOf":{"@id":"https:\/\/shopatoa.com\/ro\/#website"},"primaryImageOfPage":{"@id":"https:\/\/shopatoa.com\/ro\/tree-hut-sugar-lips-exfoliant-pentru-buze-9-8-g\/#primaryimage"},"image":{"@id":"https:\/\/shopatoa.com\/ro\/tree-hut-sugar-lips-exfoliant-pentru-buze-9-8-g\/#primaryimage"},"thumbnailUrl":"https:\/\/storage.googleapis.com\/cz-shopatoa-img\/ro\/e6525f4a-unnamed-file.webp","datePublished":"2025-06-28T22:30:51+00:00","dateModified":"2025-12-12T00:24:05+00:00","breadcrumb":{"@id":"https:\/\/shopatoa.com\/ro\/tree-hut-sugar-lips-exfoliant-pentru-buze-9-8-g\/#breadcrumb"},"inLanguage":"ro-RO","potentialAction":[{"@type":"ReadAction","target":["https:\/\/shopatoa.com\/ro\/tree-hut-sugar-lips-exfoliant-pentru-buze-9-8-g\/"]}]},{"@type":"ImageObject","inLanguage":"ro-RO","@id":"https:\/\/shopatoa.com\/ro\/tree-hut-sugar-lips-exfoliant-pentru-buze-9-8-g\/#primaryimage","url":"https:\/\/storage.googleapis.com\/cz-shopatoa-img\/ro\/e6525f4a-unnamed-file.webp","contentUrl":"https:\/\/storage.googleapis.com\/cz-shopatoa-img\/ro\/e6525f4a-unnamed-file.webp","width":800,"height":800},{"@type":"BreadcrumbList","@id":"https:\/\/shopatoa.com\/ro\/tree-hut-sugar-lips-exfoliant-pentru-buze-9-8-g\/#breadcrumb","itemListElement":[{"@type":"ListItem","position":1,"name":"Dom\u016f","item":"https:\/\/shopatoa.com\/ro\/"},{"@type":"ListItem","position":2,"name":"Shop","item":"https:\/\/shopatoa.com\/ro\/shop\/"},{"@type":"ListItem","position":3,"name":"S\u0103n\u0103tate \u0219i frumuse\u021be","item":"https:\/\/shopatoa.com\/ro\/sanatate-si-frumusete\/"},{"@type":"ListItem","position":4,"name":"\u00cengrijire personal\u0103","item":"https:\/\/shopatoa.com\/ro\/ingrijire-personala\/"},{"@type":"ListItem","position":5,"name":"Cosmetice","item":"https:\/\/shopatoa.com\/ro\/cosmetice-ingrijire-personala\/"},{"@type":"ListItem","position":6,"name":"\u00cengrijirea pielii","item":"https:\/\/shopatoa.com\/ro\/ingrijirea-pielii\/"},{"@type":"ListItem","position":7,"name":"Balsamuri \u0219i tratamente pentru buze","item":"https:\/\/shopatoa.com\/ro\/balsamuri-si-tratamente-pentru-buze\/"},{"@type":"ListItem","position":8,"name":"Tree Hut Sugar Lips Exfoliant pentru buze 9.8 g"}]},{"@type":"WebSite","@id":"https:\/\/shopatoa.com\/ro\/#website","url":"https:\/\/shopatoa.com\/ro\/","name":"SHOPATOA","description":"","publisher":{"@id":"https:\/\/shopatoa.com\/ro\/#organization"},"potentialAction":[{"@type":"SearchAction","target":{"@type":"EntryPoint","urlTemplate":"https:\/\/shopatoa.com\/ro\/?s={search_term_string}"},"query-input":{"@type":"PropertyValueSpecification","valueRequired":true,"valueName":"search_term_string"}}],"inLanguage":"ro-RO"},{"@type":"Organization","@id":"https:\/\/shopatoa.com\/ro\/#organization","name":"SHOPATOA","url":"https:\/\/shopatoa.com\/ro\/","logo":{"@type":"ImageObject","inLanguage":"ro-RO","@id":"https:\/\/shopatoa.com\/ro\/#\/schema\/logo\/image\/","url":"https:\/\/storage.googleapis.com\/cz-shopatoa-img\/ro\/b4dac915-shopatoa_logo.png","contentUrl":"https:\/\/storage.googleapis.com\/cz-shopatoa-img\/ro\/b4dac915-shopatoa_logo.png","width":416,"height":63,"caption":"SHOPATOA"},"image":{"@id":"https:\/\/shopatoa.com\/ro\/#\/schema\/logo\/image\/"}}]}},"_links":{"self":[{"href":"https:\/\/shopatoa.com\/ro\/wp-json\/wp\/v2\/product\/472285","targetHints":{"allow":["GET"]}}],"collection":[{"href":"https:\/\/shopatoa.com\/ro\/wp-json\/wp\/v2\/product"}],"about":[{"href":"https:\/\/shopatoa.com\/ro\/wp-json\/wp\/v2\/types\/product"}],"replies":[{"embeddable":true,"href":"https:\/\/shopatoa.com\/ro\/wp-json\/wp\/v2\/comments?post=472285"}],"wp:featuredmedia":[{"embeddable":true,"href":"https:\/\/shopatoa.com\/ro\/wp-json\/wp\/v2\/media\/472286"}],"wp:attachment":[{"href":"https:\/\/shopatoa.com\/ro\/wp-json\/wp\/v2\/media?parent=472285"}],"wp:term":[{"taxonomy":"product_brand","embeddable":true,"href":"https:\/\/shopatoa.com\/ro\/wp-json\/wp\/v2\/product_brand?post=472285"},{"taxonomy":"product_cat","embeddable":true,"href":"https:\/\/shopatoa.com\/ro\/wp-json\/wp\/v2\/product_cat?post=472285"},{"taxonomy":"product_tag","embeddable":true,"href":"https:\/\/shopatoa.com\/ro\/wp-json\/wp\/v2\/product_tag?post=472285"}],"curies":[{"name":"wp","href":"https:\/\/api.w.org\/{rel}","templated":true}]}}