{"id":472299,"date":"2025-06-29T00:32:08","date_gmt":"2025-06-28T22:32:08","guid":{"rendered":"https:\/\/shopatoa.com\/ro\/evo-style-salty-dog-spray-cu-sare-pentru-par-200-ml\/"},"modified":"2025-12-12T01:16:45","modified_gmt":"2025-12-12T00:16:45","slug":"evo-style-salty-dog-spray-cu-sare-pentru-par-200-ml","status":"publish","type":"product","link":"https:\/\/shopatoa.com\/ro\/evo-style-salty-dog-spray-cu-sare-pentru-par-200-ml\/","title":{"rendered":"EVO Style Salty Dog spray cu sare pentru p\u0103r 200 ml"},"content":{"rendered":"<p>EVO Style Salty Dog, 200 ml, Spray-uri s\u0103rate pentru p\u0103r pentru femei, Dori\u021bi s\u0103 ob\u021bine\u021bi valuri delicate, suple \u0219i flexibile, care s\u0103 v\u0103 ofere un aspect de parc\u0103 tocmai v-a\u021bi \u00eentors de pe plaj\u0103? Sprayul cu sare EVO Style Salty Dog v\u0103 va permite acest lucru. Va conferi p\u0103rului dvs. volum \u0219i textur\u0103, care se creeaz\u0103 de obicei atunci c\u00e2nd p\u0103rul intr\u0103 \u00een contact cu apa s\u0103rat\u0103. \u00cen plus, confer\u0103 valurilor dvs. o defini\u021bie clar\u0103, o textur\u0103 interesant\u0103 \u0219i un aspect lejer, pufos \u0219i u\u0219or ciufulit ca de la mare. Totodat\u0103, fixeaz\u0103 flexibil coafura de plaj\u0103 creat\u0103, f\u0103r\u0103 a \u00eenc\u0103rca p\u0103rul.  Caracteristici:  fixeaz\u0103 natural creeaz\u0103 un aspect u\u0219or ciufulit p\u0103rul r\u0103m\u00e2ne sub control confer\u0103 p\u0103rului volum \u0219i elasticitate  Ingrediente:  produs vegan  Cum se utilizeaz\u0103: Se agit\u0103 bine, \u00eenainte de utilizare. Se aplic\u0103 o cantitate adecvat\u0103 de produs pe p\u0103rul umed \u0219i uscat \u00een prosop \u0219i se fr\u0103m\u00e2nt\u0103 cu m\u00e2inile. L\u0103sa\u021bi s\u0103 se usuce liber sau usca\u021bi cu usc\u0103torul.<\/p>\n","protected":false},"excerpt":{"rendered":"<p>EVO Style Salty Dog, 200 ml, Spray-uri s\u0103rate pentru p\u0103r pentru femei, Dori\u021bi s\u0103 ob\u021bine\u021bi valuri delicate, suple \u0219i flexibile, care s\u0103 v\u0103 ofere un aspect de parc\u0103 tocmai v-a\u021bi \u00eentors de pe plaj\u0103? Sprayul cu sare EVO Style Salty Dog v\u0103 va permite acest lucru. Va conferi p\u0103rului dvs. volum \u0219i textur\u0103, care se&#8230;<\/p>\n","protected":false},"featured_media":472300,"comment_status":"closed","ping_status":"open","template":"","meta":{"_acf_changed":false,"_kadence_starter_templates_imported_post":false,"_kad_post_transparent":"","_kad_post_title":"","_kad_post_layout":"","_kad_post_sidebar_id":"","_kad_post_content_style":"","_kad_post_vertical_padding":"","_kad_post_feature":"","_kad_post_feature_position":"","_kad_post_header":false,"_kad_post_footer":false,"_kad_post_classname":""},"product_brand":[3444],"product_cat":[1563,1590,1562],"product_tag":[],"class_list":{"0":"post-472299","1":"product","2":"type-product","3":"status-publish","4":"has-post-thumbnail","6":"product_brand-evo","7":"product_cat-ingrijire-personala","8":"product_cat-ingrijirea-parului","9":"product_cat-sanatate-si-frumusete","10":"pa_gen-female","11":"pa_marime-200-ml","13":"first","14":"instock","15":"sale","16":"product-type-external","17":"entry","18":"content-bg","19":"loop-entry"},"acf":[],"yoast_head":"<!-- This site is optimized with the Yoast SEO plugin v27.4 - https:\/\/yoast.com\/product\/yoast-seo-wordpress\/ -->\n<title>EVO Style Salty Dog spray cu sare pentru p\u0103r 200 ml - SHOPATOA.COM<\/title>\n<meta name=\"robots\" content=\"index, follow, max-snippet:-1, max-image-preview:large, max-video-preview:-1\" \/>\n<link rel=\"canonical\" href=\"https:\/\/shopatoa.com\/ro\/evo-style-salty-dog-spray-cu-sare-pentru-par-200-ml\/\" \/>\n<meta property=\"og:locale\" content=\"ro_RO\" \/>\n<meta property=\"og:type\" content=\"article\" \/>\n<meta property=\"og:title\" content=\"EVO Style Salty Dog spray cu sare pentru p\u0103r 200 ml - SHOPATOA.COM\" \/>\n<meta property=\"og:description\" content=\"EVO Style Salty Dog, 200 ml, Spray-uri s\u0103rate pentru p\u0103r pentru femei, Dori\u021bi s\u0103 ob\u021bine\u021bi valuri delicate, suple \u0219i flexibile, care s\u0103 v\u0103 ofere un aspect de parc\u0103 tocmai v-a\u021bi \u00eentors de pe plaj\u0103? Sprayul cu sare EVO Style Salty Dog v\u0103 va permite acest lucru. Va conferi p\u0103rului dvs. volum \u0219i textur\u0103, care se...\" \/>\n<meta property=\"og:url\" content=\"https:\/\/shopatoa.com\/ro\/evo-style-salty-dog-spray-cu-sare-pentru-par-200-ml\/\" \/>\n<meta property=\"og:site_name\" content=\"SHOPATOA\" \/>\n<meta property=\"article:modified_time\" content=\"2025-12-12T00:16:45+00:00\" \/>\n<meta property=\"og:image\" content=\"https:\/\/storage.googleapis.com\/cz-shopatoa-img\/ro\/d2984756-unnamed-file.webp\" \/>\n\t<meta property=\"og:image:width\" content=\"800\" \/>\n\t<meta property=\"og:image:height\" content=\"800\" \/>\n\t<meta property=\"og:image:type\" content=\"image\/webp\" \/>\n<meta name=\"twitter:card\" content=\"summary_large_image\" \/>\n<meta name=\"twitter:label1\" content=\"Timp estimat pentru citire\" \/>\n\t<meta name=\"twitter:data1\" content=\"1 minut\" \/>\n<script type=\"application\/ld+json\" class=\"yoast-schema-graph\">{\"@context\":\"https:\\\/\\\/schema.org\",\"@graph\":[{\"@type\":\"WebPage\",\"@id\":\"https:\\\/\\\/shopatoa.com\\\/ro\\\/evo-style-salty-dog-spray-cu-sare-pentru-par-200-ml\\\/\",\"url\":\"https:\\\/\\\/shopatoa.com\\\/ro\\\/evo-style-salty-dog-spray-cu-sare-pentru-par-200-ml\\\/\",\"name\":\"EVO Style Salty Dog spray cu sare pentru p\u0103r 200 ml - SHOPATOA.COM\",\"isPartOf\":{\"@id\":\"https:\\\/\\\/shopatoa.com\\\/ro\\\/#website\"},\"primaryImageOfPage\":{\"@id\":\"https:\\\/\\\/shopatoa.com\\\/ro\\\/evo-style-salty-dog-spray-cu-sare-pentru-par-200-ml\\\/#primaryimage\"},\"image\":{\"@id\":\"https:\\\/\\\/shopatoa.com\\\/ro\\\/evo-style-salty-dog-spray-cu-sare-pentru-par-200-ml\\\/#primaryimage\"},\"thumbnailUrl\":\"https:\\\/\\\/storage.googleapis.com\\\/cz-shopatoa-img\\\/ro\\\/d2984756-unnamed-file.webp\",\"datePublished\":\"2025-06-28T22:32:08+00:00\",\"dateModified\":\"2025-12-12T00:16:45+00:00\",\"breadcrumb\":{\"@id\":\"https:\\\/\\\/shopatoa.com\\\/ro\\\/evo-style-salty-dog-spray-cu-sare-pentru-par-200-ml\\\/#breadcrumb\"},\"inLanguage\":\"ro-RO\",\"potentialAction\":[{\"@type\":\"ReadAction\",\"target\":[\"https:\\\/\\\/shopatoa.com\\\/ro\\\/evo-style-salty-dog-spray-cu-sare-pentru-par-200-ml\\\/\"]}]},{\"@type\":\"ImageObject\",\"inLanguage\":\"ro-RO\",\"@id\":\"https:\\\/\\\/shopatoa.com\\\/ro\\\/evo-style-salty-dog-spray-cu-sare-pentru-par-200-ml\\\/#primaryimage\",\"url\":\"https:\\\/\\\/storage.googleapis.com\\\/cz-shopatoa-img\\\/ro\\\/d2984756-unnamed-file.webp\",\"contentUrl\":\"https:\\\/\\\/storage.googleapis.com\\\/cz-shopatoa-img\\\/ro\\\/d2984756-unnamed-file.webp\",\"width\":800,\"height\":800},{\"@type\":\"BreadcrumbList\",\"@id\":\"https:\\\/\\\/shopatoa.com\\\/ro\\\/evo-style-salty-dog-spray-cu-sare-pentru-par-200-ml\\\/#breadcrumb\",\"itemListElement\":[{\"@type\":\"ListItem\",\"position\":1,\"name\":\"Dom\u016f\",\"item\":\"https:\\\/\\\/shopatoa.com\\\/ro\\\/\"},{\"@type\":\"ListItem\",\"position\":2,\"name\":\"Shop\",\"item\":\"https:\\\/\\\/shopatoa.com\\\/ro\\\/shop\\\/\"},{\"@type\":\"ListItem\",\"position\":3,\"name\":\"S\u0103n\u0103tate \u0219i frumuse\u021be\",\"item\":\"https:\\\/\\\/shopatoa.com\\\/ro\\\/sanatate-si-frumusete\\\/\"},{\"@type\":\"ListItem\",\"position\":4,\"name\":\"\u00cengrijire personal\u0103\",\"item\":\"https:\\\/\\\/shopatoa.com\\\/ro\\\/ingrijire-personala\\\/\"},{\"@type\":\"ListItem\",\"position\":5,\"name\":\"\u00cengrijirea p\u0103rului\",\"item\":\"https:\\\/\\\/shopatoa.com\\\/ro\\\/ingrijirea-parului\\\/\"},{\"@type\":\"ListItem\",\"position\":6,\"name\":\"EVO Style Salty Dog spray cu sare pentru p\u0103r 200 ml\"}]},{\"@type\":\"WebSite\",\"@id\":\"https:\\\/\\\/shopatoa.com\\\/ro\\\/#website\",\"url\":\"https:\\\/\\\/shopatoa.com\\\/ro\\\/\",\"name\":\"SHOPATOA\",\"description\":\"\",\"publisher\":{\"@id\":\"https:\\\/\\\/shopatoa.com\\\/ro\\\/#organization\"},\"potentialAction\":[{\"@type\":\"SearchAction\",\"target\":{\"@type\":\"EntryPoint\",\"urlTemplate\":\"https:\\\/\\\/shopatoa.com\\\/ro\\\/?s={search_term_string}\"},\"query-input\":{\"@type\":\"PropertyValueSpecification\",\"valueRequired\":true,\"valueName\":\"search_term_string\"}}],\"inLanguage\":\"ro-RO\"},{\"@type\":\"Organization\",\"@id\":\"https:\\\/\\\/shopatoa.com\\\/ro\\\/#organization\",\"name\":\"SHOPATOA\",\"url\":\"https:\\\/\\\/shopatoa.com\\\/ro\\\/\",\"logo\":{\"@type\":\"ImageObject\",\"inLanguage\":\"ro-RO\",\"@id\":\"https:\\\/\\\/shopatoa.com\\\/ro\\\/#\\\/schema\\\/logo\\\/image\\\/\",\"url\":\"https:\\\/\\\/storage.googleapis.com\\\/cz-shopatoa-img\\\/ro\\\/b4dac915-shopatoa_logo.png\",\"contentUrl\":\"https:\\\/\\\/storage.googleapis.com\\\/cz-shopatoa-img\\\/ro\\\/b4dac915-shopatoa_logo.png\",\"width\":416,\"height\":63,\"caption\":\"SHOPATOA\"},\"image\":{\"@id\":\"https:\\\/\\\/shopatoa.com\\\/ro\\\/#\\\/schema\\\/logo\\\/image\\\/\"}}]}<\/script>\n<!-- \/ Yoast SEO plugin. -->","yoast_head_json":{"title":"EVO Style Salty Dog spray cu sare pentru p\u0103r 200 ml - SHOPATOA.COM","robots":{"index":"index","follow":"follow","max-snippet":"max-snippet:-1","max-image-preview":"max-image-preview:large","max-video-preview":"max-video-preview:-1"},"canonical":"https:\/\/shopatoa.com\/ro\/evo-style-salty-dog-spray-cu-sare-pentru-par-200-ml\/","og_locale":"ro_RO","og_type":"article","og_title":"EVO Style Salty Dog spray cu sare pentru p\u0103r 200 ml - SHOPATOA.COM","og_description":"EVO Style Salty Dog, 200 ml, Spray-uri s\u0103rate pentru p\u0103r pentru femei, Dori\u021bi s\u0103 ob\u021bine\u021bi valuri delicate, suple \u0219i flexibile, care s\u0103 v\u0103 ofere un aspect de parc\u0103 tocmai v-a\u021bi \u00eentors de pe plaj\u0103? Sprayul cu sare EVO Style Salty Dog v\u0103 va permite acest lucru. Va conferi p\u0103rului dvs. volum \u0219i textur\u0103, care se...","og_url":"https:\/\/shopatoa.com\/ro\/evo-style-salty-dog-spray-cu-sare-pentru-par-200-ml\/","og_site_name":"SHOPATOA","article_modified_time":"2025-12-12T00:16:45+00:00","og_image":[{"width":800,"height":800,"url":"https:\/\/storage.googleapis.com\/cz-shopatoa-img\/ro\/d2984756-unnamed-file.webp","type":"image\/webp"}],"twitter_card":"summary_large_image","twitter_misc":{"Timp estimat pentru citire":"1 minut"},"schema":{"@context":"https:\/\/schema.org","@graph":[{"@type":"WebPage","@id":"https:\/\/shopatoa.com\/ro\/evo-style-salty-dog-spray-cu-sare-pentru-par-200-ml\/","url":"https:\/\/shopatoa.com\/ro\/evo-style-salty-dog-spray-cu-sare-pentru-par-200-ml\/","name":"EVO Style Salty Dog spray cu sare pentru p\u0103r 200 ml - SHOPATOA.COM","isPartOf":{"@id":"https:\/\/shopatoa.com\/ro\/#website"},"primaryImageOfPage":{"@id":"https:\/\/shopatoa.com\/ro\/evo-style-salty-dog-spray-cu-sare-pentru-par-200-ml\/#primaryimage"},"image":{"@id":"https:\/\/shopatoa.com\/ro\/evo-style-salty-dog-spray-cu-sare-pentru-par-200-ml\/#primaryimage"},"thumbnailUrl":"https:\/\/storage.googleapis.com\/cz-shopatoa-img\/ro\/d2984756-unnamed-file.webp","datePublished":"2025-06-28T22:32:08+00:00","dateModified":"2025-12-12T00:16:45+00:00","breadcrumb":{"@id":"https:\/\/shopatoa.com\/ro\/evo-style-salty-dog-spray-cu-sare-pentru-par-200-ml\/#breadcrumb"},"inLanguage":"ro-RO","potentialAction":[{"@type":"ReadAction","target":["https:\/\/shopatoa.com\/ro\/evo-style-salty-dog-spray-cu-sare-pentru-par-200-ml\/"]}]},{"@type":"ImageObject","inLanguage":"ro-RO","@id":"https:\/\/shopatoa.com\/ro\/evo-style-salty-dog-spray-cu-sare-pentru-par-200-ml\/#primaryimage","url":"https:\/\/storage.googleapis.com\/cz-shopatoa-img\/ro\/d2984756-unnamed-file.webp","contentUrl":"https:\/\/storage.googleapis.com\/cz-shopatoa-img\/ro\/d2984756-unnamed-file.webp","width":800,"height":800},{"@type":"BreadcrumbList","@id":"https:\/\/shopatoa.com\/ro\/evo-style-salty-dog-spray-cu-sare-pentru-par-200-ml\/#breadcrumb","itemListElement":[{"@type":"ListItem","position":1,"name":"Dom\u016f","item":"https:\/\/shopatoa.com\/ro\/"},{"@type":"ListItem","position":2,"name":"Shop","item":"https:\/\/shopatoa.com\/ro\/shop\/"},{"@type":"ListItem","position":3,"name":"S\u0103n\u0103tate \u0219i frumuse\u021be","item":"https:\/\/shopatoa.com\/ro\/sanatate-si-frumusete\/"},{"@type":"ListItem","position":4,"name":"\u00cengrijire personal\u0103","item":"https:\/\/shopatoa.com\/ro\/ingrijire-personala\/"},{"@type":"ListItem","position":5,"name":"\u00cengrijirea p\u0103rului","item":"https:\/\/shopatoa.com\/ro\/ingrijirea-parului\/"},{"@type":"ListItem","position":6,"name":"EVO Style Salty Dog spray cu sare pentru p\u0103r 200 ml"}]},{"@type":"WebSite","@id":"https:\/\/shopatoa.com\/ro\/#website","url":"https:\/\/shopatoa.com\/ro\/","name":"SHOPATOA","description":"","publisher":{"@id":"https:\/\/shopatoa.com\/ro\/#organization"},"potentialAction":[{"@type":"SearchAction","target":{"@type":"EntryPoint","urlTemplate":"https:\/\/shopatoa.com\/ro\/?s={search_term_string}"},"query-input":{"@type":"PropertyValueSpecification","valueRequired":true,"valueName":"search_term_string"}}],"inLanguage":"ro-RO"},{"@type":"Organization","@id":"https:\/\/shopatoa.com\/ro\/#organization","name":"SHOPATOA","url":"https:\/\/shopatoa.com\/ro\/","logo":{"@type":"ImageObject","inLanguage":"ro-RO","@id":"https:\/\/shopatoa.com\/ro\/#\/schema\/logo\/image\/","url":"https:\/\/storage.googleapis.com\/cz-shopatoa-img\/ro\/b4dac915-shopatoa_logo.png","contentUrl":"https:\/\/storage.googleapis.com\/cz-shopatoa-img\/ro\/b4dac915-shopatoa_logo.png","width":416,"height":63,"caption":"SHOPATOA"},"image":{"@id":"https:\/\/shopatoa.com\/ro\/#\/schema\/logo\/image\/"}}]}},"_links":{"self":[{"href":"https:\/\/shopatoa.com\/ro\/wp-json\/wp\/v2\/product\/472299","targetHints":{"allow":["GET"]}}],"collection":[{"href":"https:\/\/shopatoa.com\/ro\/wp-json\/wp\/v2\/product"}],"about":[{"href":"https:\/\/shopatoa.com\/ro\/wp-json\/wp\/v2\/types\/product"}],"replies":[{"embeddable":true,"href":"https:\/\/shopatoa.com\/ro\/wp-json\/wp\/v2\/comments?post=472299"}],"wp:featuredmedia":[{"embeddable":true,"href":"https:\/\/shopatoa.com\/ro\/wp-json\/wp\/v2\/media\/472300"}],"wp:attachment":[{"href":"https:\/\/shopatoa.com\/ro\/wp-json\/wp\/v2\/media?parent=472299"}],"wp:term":[{"taxonomy":"product_brand","embeddable":true,"href":"https:\/\/shopatoa.com\/ro\/wp-json\/wp\/v2\/product_brand?post=472299"},{"taxonomy":"product_cat","embeddable":true,"href":"https:\/\/shopatoa.com\/ro\/wp-json\/wp\/v2\/product_cat?post=472299"},{"taxonomy":"product_tag","embeddable":true,"href":"https:\/\/shopatoa.com\/ro\/wp-json\/wp\/v2\/product_tag?post=472299"}],"curies":[{"name":"wp","href":"https:\/\/api.w.org\/{rel}","templated":true}]}}