{"id":472305,"date":"2025-06-29T00:32:08","date_gmt":"2025-06-28T22:32:08","guid":{"rendered":"https:\/\/shopatoa.com\/ro\/evo-style-haze-pudra-pentru-styling-pentru-par-cu-volum-50-ml\/"},"modified":"2025-11-09T02:15:12","modified_gmt":"2025-11-09T01:15:12","slug":"evo-style-haze-pudra-pentru-styling-pentru-par-cu-volum-50-ml","status":"publish","type":"product","link":"https:\/\/shopatoa.com\/ro\/evo-style-haze-pudra-pentru-styling-pentru-par-cu-volum-50-ml\/","title":{"rendered":"EVO Style Haze pudra pentru styling pentru p\u0103r cu volum 50 ml"},"content":{"rendered":"<p>EVO Style Haze, 50 ml, Pudr\u0103 de p\u0103r pentru femei, Sim\u021bi c\u0103 p\u0103rul dvs. nu are volum \u0219i form\u0103? Pudra de p\u0103r EVO Style Haze v\u0103 asigur\u0103 ambele. Ridic\u0103 p\u0103rul de la r\u0103d\u0103cin\u0103, astfel \u00eenc\u00e2t s\u0103 arate instantaneu pufos \u0219i bogat. \u00cen plus, ve\u021bi ob\u021bine rapid \u0219i u\u0219or o coafur\u0103 voluminoas\u0103, ca din m\u00e2inile unui profesionist. Conferi\u021bi p\u0103rului dvs. un aspect revitalizat, lejer \u0219i texturat, f\u0103r\u0103 aranj\u0103ri complicate sau sp\u0103l\u0103ri.  Caracteristici:  volum natural \u015fi aspect mat, \u00eentr-un singur pas deosebit de potrivit pentru p\u0103rul fin \u0219i moale confer\u0103 p\u0103rului un aspect aerat microparticulele ac\u021bioneaz\u0103 exact \u00een locurile unde este nevoie  Ingrediente:  produs vegan  Cum se utilizeaz\u0103: A se agita, \u00eenainte de utilizare. Se aplic\u0103 pe p\u0103rul uscat. Pentru maximizarea volumului, se pulverizeaz\u0103 direct pe r\u0103d\u0103cini.<\/p>\n","protected":false},"excerpt":{"rendered":"<p>EVO Style Haze, 50 ml, Pudr\u0103 de p\u0103r pentru femei, Sim\u021bi c\u0103 p\u0103rul dvs. nu are volum \u0219i form\u0103? Pudra de p\u0103r EVO Style Haze v\u0103 asigur\u0103 ambele. Ridic\u0103 p\u0103rul de la r\u0103d\u0103cin\u0103, astfel \u00eenc\u00e2t s\u0103 arate instantaneu pufos \u0219i bogat. \u00cen plus, ve\u021bi ob\u021bine rapid \u0219i u\u0219or o coafur\u0103 voluminoas\u0103, ca din m\u00e2inile unui&#8230;<\/p>\n","protected":false},"featured_media":472306,"comment_status":"closed","ping_status":"open","template":"","meta":{"_acf_changed":false,"_kadence_starter_templates_imported_post":false,"_kad_post_transparent":"","_kad_post_title":"","_kad_post_layout":"","_kad_post_sidebar_id":"","_kad_post_content_style":"","_kad_post_vertical_padding":"","_kad_post_feature":"","_kad_post_feature_position":"","_kad_post_header":false,"_kad_post_footer":false,"_kad_post_classname":""},"product_brand":[3444],"product_cat":[1563,1590,1562],"product_tag":[],"class_list":{"0":"post-472305","1":"product","2":"type-product","3":"status-publish","4":"has-post-thumbnail","6":"product_brand-evo","7":"product_cat-ingrijire-personala","8":"product_cat-ingrijirea-parului","9":"product_cat-sanatate-si-frumusete","10":"pa_gen-female","11":"pa_marime-50-ml","13":"first","14":"instock","15":"sale","16":"product-type-external","17":"entry","18":"content-bg","19":"loop-entry"},"acf":[],"yoast_head":"<!-- This site is optimized with the Yoast SEO plugin v27.4 - https:\/\/yoast.com\/product\/yoast-seo-wordpress\/ -->\n<title>EVO Style Haze pudra pentru styling pentru p\u0103r cu volum 50 ml - SHOPATOA.COM<\/title>\n<meta name=\"robots\" content=\"index, follow, max-snippet:-1, max-image-preview:large, max-video-preview:-1\" \/>\n<link rel=\"canonical\" href=\"https:\/\/shopatoa.com\/ro\/evo-style-haze-pudra-pentru-styling-pentru-par-cu-volum-50-ml\/\" \/>\n<meta property=\"og:locale\" content=\"ro_RO\" \/>\n<meta property=\"og:type\" content=\"article\" \/>\n<meta property=\"og:title\" content=\"EVO Style Haze pudra pentru styling pentru p\u0103r cu volum 50 ml - SHOPATOA.COM\" \/>\n<meta property=\"og:description\" content=\"EVO Style Haze, 50 ml, Pudr\u0103 de p\u0103r pentru femei, Sim\u021bi c\u0103 p\u0103rul dvs. nu are volum \u0219i form\u0103? Pudra de p\u0103r EVO Style Haze v\u0103 asigur\u0103 ambele. Ridic\u0103 p\u0103rul de la r\u0103d\u0103cin\u0103, astfel \u00eenc\u00e2t s\u0103 arate instantaneu pufos \u0219i bogat. \u00cen plus, ve\u021bi ob\u021bine rapid \u0219i u\u0219or o coafur\u0103 voluminoas\u0103, ca din m\u00e2inile unui...\" \/>\n<meta property=\"og:url\" content=\"https:\/\/shopatoa.com\/ro\/evo-style-haze-pudra-pentru-styling-pentru-par-cu-volum-50-ml\/\" \/>\n<meta property=\"og:site_name\" content=\"SHOPATOA\" \/>\n<meta property=\"article:modified_time\" content=\"2025-11-09T01:15:12+00:00\" \/>\n<meta property=\"og:image\" content=\"https:\/\/storage.googleapis.com\/cz-shopatoa-img\/ro\/291a6e21-unnamed-file.webp\" \/>\n\t<meta property=\"og:image:width\" content=\"800\" \/>\n\t<meta property=\"og:image:height\" content=\"800\" \/>\n\t<meta property=\"og:image:type\" content=\"image\/webp\" \/>\n<meta name=\"twitter:card\" content=\"summary_large_image\" \/>\n<meta name=\"twitter:label1\" content=\"Timp estimat pentru citire\" \/>\n\t<meta name=\"twitter:data1\" content=\"1 minut\" \/>\n<script type=\"application\/ld+json\" class=\"yoast-schema-graph\">{\"@context\":\"https:\\\/\\\/schema.org\",\"@graph\":[{\"@type\":\"WebPage\",\"@id\":\"https:\\\/\\\/shopatoa.com\\\/ro\\\/evo-style-haze-pudra-pentru-styling-pentru-par-cu-volum-50-ml\\\/\",\"url\":\"https:\\\/\\\/shopatoa.com\\\/ro\\\/evo-style-haze-pudra-pentru-styling-pentru-par-cu-volum-50-ml\\\/\",\"name\":\"EVO Style Haze pudra pentru styling pentru p\u0103r cu volum 50 ml - SHOPATOA.COM\",\"isPartOf\":{\"@id\":\"https:\\\/\\\/shopatoa.com\\\/ro\\\/#website\"},\"primaryImageOfPage\":{\"@id\":\"https:\\\/\\\/shopatoa.com\\\/ro\\\/evo-style-haze-pudra-pentru-styling-pentru-par-cu-volum-50-ml\\\/#primaryimage\"},\"image\":{\"@id\":\"https:\\\/\\\/shopatoa.com\\\/ro\\\/evo-style-haze-pudra-pentru-styling-pentru-par-cu-volum-50-ml\\\/#primaryimage\"},\"thumbnailUrl\":\"https:\\\/\\\/storage.googleapis.com\\\/cz-shopatoa-img\\\/ro\\\/291a6e21-unnamed-file.webp\",\"datePublished\":\"2025-06-28T22:32:08+00:00\",\"dateModified\":\"2025-11-09T01:15:12+00:00\",\"breadcrumb\":{\"@id\":\"https:\\\/\\\/shopatoa.com\\\/ro\\\/evo-style-haze-pudra-pentru-styling-pentru-par-cu-volum-50-ml\\\/#breadcrumb\"},\"inLanguage\":\"ro-RO\",\"potentialAction\":[{\"@type\":\"ReadAction\",\"target\":[\"https:\\\/\\\/shopatoa.com\\\/ro\\\/evo-style-haze-pudra-pentru-styling-pentru-par-cu-volum-50-ml\\\/\"]}]},{\"@type\":\"ImageObject\",\"inLanguage\":\"ro-RO\",\"@id\":\"https:\\\/\\\/shopatoa.com\\\/ro\\\/evo-style-haze-pudra-pentru-styling-pentru-par-cu-volum-50-ml\\\/#primaryimage\",\"url\":\"https:\\\/\\\/storage.googleapis.com\\\/cz-shopatoa-img\\\/ro\\\/291a6e21-unnamed-file.webp\",\"contentUrl\":\"https:\\\/\\\/storage.googleapis.com\\\/cz-shopatoa-img\\\/ro\\\/291a6e21-unnamed-file.webp\",\"width\":800,\"height\":800},{\"@type\":\"BreadcrumbList\",\"@id\":\"https:\\\/\\\/shopatoa.com\\\/ro\\\/evo-style-haze-pudra-pentru-styling-pentru-par-cu-volum-50-ml\\\/#breadcrumb\",\"itemListElement\":[{\"@type\":\"ListItem\",\"position\":1,\"name\":\"Dom\u016f\",\"item\":\"https:\\\/\\\/shopatoa.com\\\/ro\\\/\"},{\"@type\":\"ListItem\",\"position\":2,\"name\":\"Shop\",\"item\":\"https:\\\/\\\/shopatoa.com\\\/ro\\\/shop\\\/\"},{\"@type\":\"ListItem\",\"position\":3,\"name\":\"S\u0103n\u0103tate \u0219i frumuse\u021be\",\"item\":\"https:\\\/\\\/shopatoa.com\\\/ro\\\/sanatate-si-frumusete\\\/\"},{\"@type\":\"ListItem\",\"position\":4,\"name\":\"\u00cengrijire personal\u0103\",\"item\":\"https:\\\/\\\/shopatoa.com\\\/ro\\\/ingrijire-personala\\\/\"},{\"@type\":\"ListItem\",\"position\":5,\"name\":\"\u00cengrijirea p\u0103rului\",\"item\":\"https:\\\/\\\/shopatoa.com\\\/ro\\\/ingrijirea-parului\\\/\"},{\"@type\":\"ListItem\",\"position\":6,\"name\":\"EVO Style Haze pudra pentru styling pentru p\u0103r cu volum 50 ml\"}]},{\"@type\":\"WebSite\",\"@id\":\"https:\\\/\\\/shopatoa.com\\\/ro\\\/#website\",\"url\":\"https:\\\/\\\/shopatoa.com\\\/ro\\\/\",\"name\":\"SHOPATOA\",\"description\":\"\",\"publisher\":{\"@id\":\"https:\\\/\\\/shopatoa.com\\\/ro\\\/#organization\"},\"potentialAction\":[{\"@type\":\"SearchAction\",\"target\":{\"@type\":\"EntryPoint\",\"urlTemplate\":\"https:\\\/\\\/shopatoa.com\\\/ro\\\/?s={search_term_string}\"},\"query-input\":{\"@type\":\"PropertyValueSpecification\",\"valueRequired\":true,\"valueName\":\"search_term_string\"}}],\"inLanguage\":\"ro-RO\"},{\"@type\":\"Organization\",\"@id\":\"https:\\\/\\\/shopatoa.com\\\/ro\\\/#organization\",\"name\":\"SHOPATOA\",\"url\":\"https:\\\/\\\/shopatoa.com\\\/ro\\\/\",\"logo\":{\"@type\":\"ImageObject\",\"inLanguage\":\"ro-RO\",\"@id\":\"https:\\\/\\\/shopatoa.com\\\/ro\\\/#\\\/schema\\\/logo\\\/image\\\/\",\"url\":\"https:\\\/\\\/storage.googleapis.com\\\/cz-shopatoa-img\\\/ro\\\/b4dac915-shopatoa_logo.png\",\"contentUrl\":\"https:\\\/\\\/storage.googleapis.com\\\/cz-shopatoa-img\\\/ro\\\/b4dac915-shopatoa_logo.png\",\"width\":416,\"height\":63,\"caption\":\"SHOPATOA\"},\"image\":{\"@id\":\"https:\\\/\\\/shopatoa.com\\\/ro\\\/#\\\/schema\\\/logo\\\/image\\\/\"}}]}<\/script>\n<!-- \/ Yoast SEO plugin. -->","yoast_head_json":{"title":"EVO Style Haze pudra pentru styling pentru p\u0103r cu volum 50 ml - SHOPATOA.COM","robots":{"index":"index","follow":"follow","max-snippet":"max-snippet:-1","max-image-preview":"max-image-preview:large","max-video-preview":"max-video-preview:-1"},"canonical":"https:\/\/shopatoa.com\/ro\/evo-style-haze-pudra-pentru-styling-pentru-par-cu-volum-50-ml\/","og_locale":"ro_RO","og_type":"article","og_title":"EVO Style Haze pudra pentru styling pentru p\u0103r cu volum 50 ml - SHOPATOA.COM","og_description":"EVO Style Haze, 50 ml, Pudr\u0103 de p\u0103r pentru femei, Sim\u021bi c\u0103 p\u0103rul dvs. nu are volum \u0219i form\u0103? Pudra de p\u0103r EVO Style Haze v\u0103 asigur\u0103 ambele. Ridic\u0103 p\u0103rul de la r\u0103d\u0103cin\u0103, astfel \u00eenc\u00e2t s\u0103 arate instantaneu pufos \u0219i bogat. \u00cen plus, ve\u021bi ob\u021bine rapid \u0219i u\u0219or o coafur\u0103 voluminoas\u0103, ca din m\u00e2inile unui...","og_url":"https:\/\/shopatoa.com\/ro\/evo-style-haze-pudra-pentru-styling-pentru-par-cu-volum-50-ml\/","og_site_name":"SHOPATOA","article_modified_time":"2025-11-09T01:15:12+00:00","og_image":[{"width":800,"height":800,"url":"https:\/\/storage.googleapis.com\/cz-shopatoa-img\/ro\/291a6e21-unnamed-file.webp","type":"image\/webp"}],"twitter_card":"summary_large_image","twitter_misc":{"Timp estimat pentru citire":"1 minut"},"schema":{"@context":"https:\/\/schema.org","@graph":[{"@type":"WebPage","@id":"https:\/\/shopatoa.com\/ro\/evo-style-haze-pudra-pentru-styling-pentru-par-cu-volum-50-ml\/","url":"https:\/\/shopatoa.com\/ro\/evo-style-haze-pudra-pentru-styling-pentru-par-cu-volum-50-ml\/","name":"EVO Style Haze pudra pentru styling pentru p\u0103r cu volum 50 ml - SHOPATOA.COM","isPartOf":{"@id":"https:\/\/shopatoa.com\/ro\/#website"},"primaryImageOfPage":{"@id":"https:\/\/shopatoa.com\/ro\/evo-style-haze-pudra-pentru-styling-pentru-par-cu-volum-50-ml\/#primaryimage"},"image":{"@id":"https:\/\/shopatoa.com\/ro\/evo-style-haze-pudra-pentru-styling-pentru-par-cu-volum-50-ml\/#primaryimage"},"thumbnailUrl":"https:\/\/storage.googleapis.com\/cz-shopatoa-img\/ro\/291a6e21-unnamed-file.webp","datePublished":"2025-06-28T22:32:08+00:00","dateModified":"2025-11-09T01:15:12+00:00","breadcrumb":{"@id":"https:\/\/shopatoa.com\/ro\/evo-style-haze-pudra-pentru-styling-pentru-par-cu-volum-50-ml\/#breadcrumb"},"inLanguage":"ro-RO","potentialAction":[{"@type":"ReadAction","target":["https:\/\/shopatoa.com\/ro\/evo-style-haze-pudra-pentru-styling-pentru-par-cu-volum-50-ml\/"]}]},{"@type":"ImageObject","inLanguage":"ro-RO","@id":"https:\/\/shopatoa.com\/ro\/evo-style-haze-pudra-pentru-styling-pentru-par-cu-volum-50-ml\/#primaryimage","url":"https:\/\/storage.googleapis.com\/cz-shopatoa-img\/ro\/291a6e21-unnamed-file.webp","contentUrl":"https:\/\/storage.googleapis.com\/cz-shopatoa-img\/ro\/291a6e21-unnamed-file.webp","width":800,"height":800},{"@type":"BreadcrumbList","@id":"https:\/\/shopatoa.com\/ro\/evo-style-haze-pudra-pentru-styling-pentru-par-cu-volum-50-ml\/#breadcrumb","itemListElement":[{"@type":"ListItem","position":1,"name":"Dom\u016f","item":"https:\/\/shopatoa.com\/ro\/"},{"@type":"ListItem","position":2,"name":"Shop","item":"https:\/\/shopatoa.com\/ro\/shop\/"},{"@type":"ListItem","position":3,"name":"S\u0103n\u0103tate \u0219i frumuse\u021be","item":"https:\/\/shopatoa.com\/ro\/sanatate-si-frumusete\/"},{"@type":"ListItem","position":4,"name":"\u00cengrijire personal\u0103","item":"https:\/\/shopatoa.com\/ro\/ingrijire-personala\/"},{"@type":"ListItem","position":5,"name":"\u00cengrijirea p\u0103rului","item":"https:\/\/shopatoa.com\/ro\/ingrijirea-parului\/"},{"@type":"ListItem","position":6,"name":"EVO Style Haze pudra pentru styling pentru p\u0103r cu volum 50 ml"}]},{"@type":"WebSite","@id":"https:\/\/shopatoa.com\/ro\/#website","url":"https:\/\/shopatoa.com\/ro\/","name":"SHOPATOA","description":"","publisher":{"@id":"https:\/\/shopatoa.com\/ro\/#organization"},"potentialAction":[{"@type":"SearchAction","target":{"@type":"EntryPoint","urlTemplate":"https:\/\/shopatoa.com\/ro\/?s={search_term_string}"},"query-input":{"@type":"PropertyValueSpecification","valueRequired":true,"valueName":"search_term_string"}}],"inLanguage":"ro-RO"},{"@type":"Organization","@id":"https:\/\/shopatoa.com\/ro\/#organization","name":"SHOPATOA","url":"https:\/\/shopatoa.com\/ro\/","logo":{"@type":"ImageObject","inLanguage":"ro-RO","@id":"https:\/\/shopatoa.com\/ro\/#\/schema\/logo\/image\/","url":"https:\/\/storage.googleapis.com\/cz-shopatoa-img\/ro\/b4dac915-shopatoa_logo.png","contentUrl":"https:\/\/storage.googleapis.com\/cz-shopatoa-img\/ro\/b4dac915-shopatoa_logo.png","width":416,"height":63,"caption":"SHOPATOA"},"image":{"@id":"https:\/\/shopatoa.com\/ro\/#\/schema\/logo\/image\/"}}]}},"_links":{"self":[{"href":"https:\/\/shopatoa.com\/ro\/wp-json\/wp\/v2\/product\/472305","targetHints":{"allow":["GET"]}}],"collection":[{"href":"https:\/\/shopatoa.com\/ro\/wp-json\/wp\/v2\/product"}],"about":[{"href":"https:\/\/shopatoa.com\/ro\/wp-json\/wp\/v2\/types\/product"}],"replies":[{"embeddable":true,"href":"https:\/\/shopatoa.com\/ro\/wp-json\/wp\/v2\/comments?post=472305"}],"wp:featuredmedia":[{"embeddable":true,"href":"https:\/\/shopatoa.com\/ro\/wp-json\/wp\/v2\/media\/472306"}],"wp:attachment":[{"href":"https:\/\/shopatoa.com\/ro\/wp-json\/wp\/v2\/media?parent=472305"}],"wp:term":[{"taxonomy":"product_brand","embeddable":true,"href":"https:\/\/shopatoa.com\/ro\/wp-json\/wp\/v2\/product_brand?post=472305"},{"taxonomy":"product_cat","embeddable":true,"href":"https:\/\/shopatoa.com\/ro\/wp-json\/wp\/v2\/product_cat?post=472305"},{"taxonomy":"product_tag","embeddable":true,"href":"https:\/\/shopatoa.com\/ro\/wp-json\/wp\/v2\/product_tag?post=472305"}],"curies":[{"name":"wp","href":"https:\/\/api.w.org\/{rel}","templated":true}]}}