{"id":472477,"date":"2025-06-29T00:47:19","date_gmt":"2025-06-28T22:47:19","guid":{"rendered":"https:\/\/shopatoa.com\/ro\/ahava-beyond-boundaries-its-in-your-hands-set-cadou-de-maini\/"},"modified":"2025-12-12T00:23:41","modified_gmt":"2025-12-11T23:23:41","slug":"ahava-beyond-boundaries-its-in-your-hands-set-cadou-de-maini","status":"publish","type":"product","link":"https:\/\/shopatoa.com\/ro\/ahava-beyond-boundaries-its-in-your-hands-set-cadou-de-maini\/","title":{"rendered":"AHAVA Beyond Boundaries It&#8217;s In Your Hands set cadou de maini"},"content":{"rendered":"<p>AHAVA Beyond Boundaries It&#8217;s In Your Hands, Seturi cosmetice pentru femei, Face\u021bi o bucurie dvs. sau celor dragi cu un set cosmetic AHAVA Beyond Boundaries.  Setul con\u021bine:  AHAVA Dead Sea Water Sea Kissed creama minerala de maini 100 ml  AHAVA Vivid Burgundy crema de maini hidratanta cu minerale din Marea Moart\u0103 100 ml  AHAVA Dead Sea Water Spring Blossom creama minerala de maini 100 ml  Caracteristici:  produse pentru nutri\u021bie \u0219i hidratare \u00een profunzime foarte potrivit ca un cadou bucur\u0103 orice femeie  Cum se utilizeaz\u0103: Se aplic\u0103 crema pe m\u00e2ini, dup\u0103 nevoie \u0219i se maseaz\u0103 p\u00e2n\u0103 la absorb\u021bie.<\/p>\n","protected":false},"excerpt":{"rendered":"<p>AHAVA Beyond Boundaries It&#8217;s In Your Hands, Seturi cosmetice pentru femei, Face\u021bi o bucurie dvs. sau celor dragi cu un set cosmetic AHAVA Beyond Boundaries. Setul con\u021bine: AHAVA Dead Sea Water Sea Kissed creama minerala de maini 100 ml AHAVA Vivid Burgundy crema de maini hidratanta cu minerale din Marea Moart\u0103 100 ml AHAVA Dead&#8230;<\/p>\n","protected":false},"featured_media":472478,"comment_status":"closed","ping_status":"open","template":"","meta":{"_acf_changed":false,"_kadence_starter_templates_imported_post":false,"_kad_post_transparent":"","_kad_post_title":"","_kad_post_layout":"","_kad_post_sidebar_id":"","_kad_post_content_style":"","_kad_post_vertical_padding":"","_kad_post_feature":"","_kad_post_feature_position":"","_kad_post_header":false,"_kad_post_footer":false,"_kad_post_classname":""},"product_brand":[2537],"product_cat":[1564,1563,1565,1562],"product_tag":[],"class_list":{"0":"post-472477","1":"product","2":"type-product","3":"status-publish","4":"has-post-thumbnail","6":"product_brand-ahava","7":"product_cat-cosmetice-ingrijire-personala","8":"product_cat-ingrijire-personala","9":"product_cat-ingrijirea-pielii","10":"product_cat-sanatate-si-frumusete","11":"pa_gen-female","13":"first","14":"instock","15":"sale","16":"product-type-external","17":"entry","18":"content-bg","19":"loop-entry"},"acf":[],"yoast_head":"<!-- This site is optimized with the Yoast SEO plugin v27.3 - https:\/\/yoast.com\/product\/yoast-seo-wordpress\/ -->\n<title>AHAVA Beyond Boundaries It&#039;s In Your Hands set cadou de maini - SHOPATOA.COM<\/title>\n<meta name=\"robots\" content=\"index, follow, max-snippet:-1, max-image-preview:large, max-video-preview:-1\" \/>\n<link rel=\"canonical\" href=\"https:\/\/shopatoa.com\/ro\/ahava-beyond-boundaries-its-in-your-hands-set-cadou-de-maini\/\" \/>\n<meta property=\"og:locale\" content=\"ro_RO\" \/>\n<meta property=\"og:type\" content=\"article\" \/>\n<meta property=\"og:title\" content=\"AHAVA Beyond Boundaries It&#039;s In Your Hands set cadou de maini - SHOPATOA.COM\" \/>\n<meta property=\"og:description\" content=\"AHAVA Beyond Boundaries It&#8217;s In Your Hands, Seturi cosmetice pentru femei, Face\u021bi o bucurie dvs. sau celor dragi cu un set cosmetic AHAVA Beyond Boundaries. Setul con\u021bine: AHAVA Dead Sea Water Sea Kissed creama minerala de maini 100 ml AHAVA Vivid Burgundy crema de maini hidratanta cu minerale din Marea Moart\u0103 100 ml AHAVA Dead...\" \/>\n<meta property=\"og:url\" content=\"https:\/\/shopatoa.com\/ro\/ahava-beyond-boundaries-its-in-your-hands-set-cadou-de-maini\/\" \/>\n<meta property=\"og:site_name\" content=\"SHOPATOA\" \/>\n<meta property=\"article:modified_time\" content=\"2025-12-11T23:23:41+00:00\" \/>\n<meta property=\"og:image\" content=\"https:\/\/storage.googleapis.com\/cz-shopatoa-img\/ro\/d596d402-unnamed-file.webp\" \/>\n\t<meta property=\"og:image:width\" content=\"800\" \/>\n\t<meta property=\"og:image:height\" content=\"800\" \/>\n\t<meta property=\"og:image:type\" content=\"image\/webp\" \/>\n<meta name=\"twitter:card\" content=\"summary_large_image\" \/>\n<meta name=\"twitter:label1\" content=\"Timp estimat pentru citire\" \/>\n\t<meta name=\"twitter:data1\" content=\"1 minut\" \/>\n<script type=\"application\/ld+json\" class=\"yoast-schema-graph\">{\"@context\":\"https:\\\/\\\/schema.org\",\"@graph\":[{\"@type\":\"WebPage\",\"@id\":\"https:\\\/\\\/shopatoa.com\\\/ro\\\/ahava-beyond-boundaries-its-in-your-hands-set-cadou-de-maini\\\/\",\"url\":\"https:\\\/\\\/shopatoa.com\\\/ro\\\/ahava-beyond-boundaries-its-in-your-hands-set-cadou-de-maini\\\/\",\"name\":\"AHAVA Beyond Boundaries It's In Your Hands set cadou de maini - SHOPATOA.COM\",\"isPartOf\":{\"@id\":\"https:\\\/\\\/shopatoa.com\\\/ro\\\/#website\"},\"primaryImageOfPage\":{\"@id\":\"https:\\\/\\\/shopatoa.com\\\/ro\\\/ahava-beyond-boundaries-its-in-your-hands-set-cadou-de-maini\\\/#primaryimage\"},\"image\":{\"@id\":\"https:\\\/\\\/shopatoa.com\\\/ro\\\/ahava-beyond-boundaries-its-in-your-hands-set-cadou-de-maini\\\/#primaryimage\"},\"thumbnailUrl\":\"https:\\\/\\\/storage.googleapis.com\\\/cz-shopatoa-img\\\/ro\\\/d596d402-unnamed-file.webp\",\"datePublished\":\"2025-06-28T22:47:19+00:00\",\"dateModified\":\"2025-12-11T23:23:41+00:00\",\"breadcrumb\":{\"@id\":\"https:\\\/\\\/shopatoa.com\\\/ro\\\/ahava-beyond-boundaries-its-in-your-hands-set-cadou-de-maini\\\/#breadcrumb\"},\"inLanguage\":\"ro-RO\",\"potentialAction\":[{\"@type\":\"ReadAction\",\"target\":[\"https:\\\/\\\/shopatoa.com\\\/ro\\\/ahava-beyond-boundaries-its-in-your-hands-set-cadou-de-maini\\\/\"]}]},{\"@type\":\"ImageObject\",\"inLanguage\":\"ro-RO\",\"@id\":\"https:\\\/\\\/shopatoa.com\\\/ro\\\/ahava-beyond-boundaries-its-in-your-hands-set-cadou-de-maini\\\/#primaryimage\",\"url\":\"https:\\\/\\\/storage.googleapis.com\\\/cz-shopatoa-img\\\/ro\\\/d596d402-unnamed-file.webp\",\"contentUrl\":\"https:\\\/\\\/storage.googleapis.com\\\/cz-shopatoa-img\\\/ro\\\/d596d402-unnamed-file.webp\",\"width\":800,\"height\":800},{\"@type\":\"BreadcrumbList\",\"@id\":\"https:\\\/\\\/shopatoa.com\\\/ro\\\/ahava-beyond-boundaries-its-in-your-hands-set-cadou-de-maini\\\/#breadcrumb\",\"itemListElement\":[{\"@type\":\"ListItem\",\"position\":1,\"name\":\"Dom\u016f\",\"item\":\"https:\\\/\\\/shopatoa.com\\\/ro\\\/\"},{\"@type\":\"ListItem\",\"position\":2,\"name\":\"Shop\",\"item\":\"https:\\\/\\\/shopatoa.com\\\/ro\\\/shop\\\/\"},{\"@type\":\"ListItem\",\"position\":3,\"name\":\"S\u0103n\u0103tate \u0219i frumuse\u021be\",\"item\":\"https:\\\/\\\/shopatoa.com\\\/ro\\\/sanatate-si-frumusete\\\/\"},{\"@type\":\"ListItem\",\"position\":4,\"name\":\"\u00cengrijire personal\u0103\",\"item\":\"https:\\\/\\\/shopatoa.com\\\/ro\\\/ingrijire-personala\\\/\"},{\"@type\":\"ListItem\",\"position\":5,\"name\":\"Cosmetice\",\"item\":\"https:\\\/\\\/shopatoa.com\\\/ro\\\/cosmetice-ingrijire-personala\\\/\"},{\"@type\":\"ListItem\",\"position\":6,\"name\":\"\u00cengrijirea pielii\",\"item\":\"https:\\\/\\\/shopatoa.com\\\/ro\\\/ingrijirea-pielii\\\/\"},{\"@type\":\"ListItem\",\"position\":7,\"name\":\"AHAVA Beyond Boundaries It&#8217;s In Your Hands set cadou de maini\"}]},{\"@type\":\"WebSite\",\"@id\":\"https:\\\/\\\/shopatoa.com\\\/ro\\\/#website\",\"url\":\"https:\\\/\\\/shopatoa.com\\\/ro\\\/\",\"name\":\"SHOPATOA\",\"description\":\"\",\"publisher\":{\"@id\":\"https:\\\/\\\/shopatoa.com\\\/ro\\\/#organization\"},\"potentialAction\":[{\"@type\":\"SearchAction\",\"target\":{\"@type\":\"EntryPoint\",\"urlTemplate\":\"https:\\\/\\\/shopatoa.com\\\/ro\\\/?s={search_term_string}\"},\"query-input\":{\"@type\":\"PropertyValueSpecification\",\"valueRequired\":true,\"valueName\":\"search_term_string\"}}],\"inLanguage\":\"ro-RO\"},{\"@type\":\"Organization\",\"@id\":\"https:\\\/\\\/shopatoa.com\\\/ro\\\/#organization\",\"name\":\"SHOPATOA\",\"url\":\"https:\\\/\\\/shopatoa.com\\\/ro\\\/\",\"logo\":{\"@type\":\"ImageObject\",\"inLanguage\":\"ro-RO\",\"@id\":\"https:\\\/\\\/shopatoa.com\\\/ro\\\/#\\\/schema\\\/logo\\\/image\\\/\",\"url\":\"https:\\\/\\\/storage.googleapis.com\\\/cz-shopatoa-img\\\/ro\\\/b4dac915-shopatoa_logo.png\",\"contentUrl\":\"https:\\\/\\\/storage.googleapis.com\\\/cz-shopatoa-img\\\/ro\\\/b4dac915-shopatoa_logo.png\",\"width\":416,\"height\":63,\"caption\":\"SHOPATOA\"},\"image\":{\"@id\":\"https:\\\/\\\/shopatoa.com\\\/ro\\\/#\\\/schema\\\/logo\\\/image\\\/\"}}]}<\/script>\n<!-- \/ Yoast SEO plugin. -->","yoast_head_json":{"title":"AHAVA Beyond Boundaries It's In Your Hands set cadou de maini - SHOPATOA.COM","robots":{"index":"index","follow":"follow","max-snippet":"max-snippet:-1","max-image-preview":"max-image-preview:large","max-video-preview":"max-video-preview:-1"},"canonical":"https:\/\/shopatoa.com\/ro\/ahava-beyond-boundaries-its-in-your-hands-set-cadou-de-maini\/","og_locale":"ro_RO","og_type":"article","og_title":"AHAVA Beyond Boundaries It's In Your Hands set cadou de maini - SHOPATOA.COM","og_description":"AHAVA Beyond Boundaries It&#8217;s In Your Hands, Seturi cosmetice pentru femei, Face\u021bi o bucurie dvs. sau celor dragi cu un set cosmetic AHAVA Beyond Boundaries. Setul con\u021bine: AHAVA Dead Sea Water Sea Kissed creama minerala de maini 100 ml AHAVA Vivid Burgundy crema de maini hidratanta cu minerale din Marea Moart\u0103 100 ml AHAVA Dead...","og_url":"https:\/\/shopatoa.com\/ro\/ahava-beyond-boundaries-its-in-your-hands-set-cadou-de-maini\/","og_site_name":"SHOPATOA","article_modified_time":"2025-12-11T23:23:41+00:00","og_image":[{"width":800,"height":800,"url":"https:\/\/storage.googleapis.com\/cz-shopatoa-img\/ro\/d596d402-unnamed-file.webp","type":"image\/webp"}],"twitter_card":"summary_large_image","twitter_misc":{"Timp estimat pentru citire":"1 minut"},"schema":{"@context":"https:\/\/schema.org","@graph":[{"@type":"WebPage","@id":"https:\/\/shopatoa.com\/ro\/ahava-beyond-boundaries-its-in-your-hands-set-cadou-de-maini\/","url":"https:\/\/shopatoa.com\/ro\/ahava-beyond-boundaries-its-in-your-hands-set-cadou-de-maini\/","name":"AHAVA Beyond Boundaries It's In Your Hands set cadou de maini - SHOPATOA.COM","isPartOf":{"@id":"https:\/\/shopatoa.com\/ro\/#website"},"primaryImageOfPage":{"@id":"https:\/\/shopatoa.com\/ro\/ahava-beyond-boundaries-its-in-your-hands-set-cadou-de-maini\/#primaryimage"},"image":{"@id":"https:\/\/shopatoa.com\/ro\/ahava-beyond-boundaries-its-in-your-hands-set-cadou-de-maini\/#primaryimage"},"thumbnailUrl":"https:\/\/storage.googleapis.com\/cz-shopatoa-img\/ro\/d596d402-unnamed-file.webp","datePublished":"2025-06-28T22:47:19+00:00","dateModified":"2025-12-11T23:23:41+00:00","breadcrumb":{"@id":"https:\/\/shopatoa.com\/ro\/ahava-beyond-boundaries-its-in-your-hands-set-cadou-de-maini\/#breadcrumb"},"inLanguage":"ro-RO","potentialAction":[{"@type":"ReadAction","target":["https:\/\/shopatoa.com\/ro\/ahava-beyond-boundaries-its-in-your-hands-set-cadou-de-maini\/"]}]},{"@type":"ImageObject","inLanguage":"ro-RO","@id":"https:\/\/shopatoa.com\/ro\/ahava-beyond-boundaries-its-in-your-hands-set-cadou-de-maini\/#primaryimage","url":"https:\/\/storage.googleapis.com\/cz-shopatoa-img\/ro\/d596d402-unnamed-file.webp","contentUrl":"https:\/\/storage.googleapis.com\/cz-shopatoa-img\/ro\/d596d402-unnamed-file.webp","width":800,"height":800},{"@type":"BreadcrumbList","@id":"https:\/\/shopatoa.com\/ro\/ahava-beyond-boundaries-its-in-your-hands-set-cadou-de-maini\/#breadcrumb","itemListElement":[{"@type":"ListItem","position":1,"name":"Dom\u016f","item":"https:\/\/shopatoa.com\/ro\/"},{"@type":"ListItem","position":2,"name":"Shop","item":"https:\/\/shopatoa.com\/ro\/shop\/"},{"@type":"ListItem","position":3,"name":"S\u0103n\u0103tate \u0219i frumuse\u021be","item":"https:\/\/shopatoa.com\/ro\/sanatate-si-frumusete\/"},{"@type":"ListItem","position":4,"name":"\u00cengrijire personal\u0103","item":"https:\/\/shopatoa.com\/ro\/ingrijire-personala\/"},{"@type":"ListItem","position":5,"name":"Cosmetice","item":"https:\/\/shopatoa.com\/ro\/cosmetice-ingrijire-personala\/"},{"@type":"ListItem","position":6,"name":"\u00cengrijirea pielii","item":"https:\/\/shopatoa.com\/ro\/ingrijirea-pielii\/"},{"@type":"ListItem","position":7,"name":"AHAVA Beyond Boundaries It&#8217;s In Your Hands set cadou de maini"}]},{"@type":"WebSite","@id":"https:\/\/shopatoa.com\/ro\/#website","url":"https:\/\/shopatoa.com\/ro\/","name":"SHOPATOA","description":"","publisher":{"@id":"https:\/\/shopatoa.com\/ro\/#organization"},"potentialAction":[{"@type":"SearchAction","target":{"@type":"EntryPoint","urlTemplate":"https:\/\/shopatoa.com\/ro\/?s={search_term_string}"},"query-input":{"@type":"PropertyValueSpecification","valueRequired":true,"valueName":"search_term_string"}}],"inLanguage":"ro-RO"},{"@type":"Organization","@id":"https:\/\/shopatoa.com\/ro\/#organization","name":"SHOPATOA","url":"https:\/\/shopatoa.com\/ro\/","logo":{"@type":"ImageObject","inLanguage":"ro-RO","@id":"https:\/\/shopatoa.com\/ro\/#\/schema\/logo\/image\/","url":"https:\/\/storage.googleapis.com\/cz-shopatoa-img\/ro\/b4dac915-shopatoa_logo.png","contentUrl":"https:\/\/storage.googleapis.com\/cz-shopatoa-img\/ro\/b4dac915-shopatoa_logo.png","width":416,"height":63,"caption":"SHOPATOA"},"image":{"@id":"https:\/\/shopatoa.com\/ro\/#\/schema\/logo\/image\/"}}]}},"_links":{"self":[{"href":"https:\/\/shopatoa.com\/ro\/wp-json\/wp\/v2\/product\/472477","targetHints":{"allow":["GET"]}}],"collection":[{"href":"https:\/\/shopatoa.com\/ro\/wp-json\/wp\/v2\/product"}],"about":[{"href":"https:\/\/shopatoa.com\/ro\/wp-json\/wp\/v2\/types\/product"}],"replies":[{"embeddable":true,"href":"https:\/\/shopatoa.com\/ro\/wp-json\/wp\/v2\/comments?post=472477"}],"wp:featuredmedia":[{"embeddable":true,"href":"https:\/\/shopatoa.com\/ro\/wp-json\/wp\/v2\/media\/472478"}],"wp:attachment":[{"href":"https:\/\/shopatoa.com\/ro\/wp-json\/wp\/v2\/media?parent=472477"}],"wp:term":[{"taxonomy":"product_brand","embeddable":true,"href":"https:\/\/shopatoa.com\/ro\/wp-json\/wp\/v2\/product_brand?post=472477"},{"taxonomy":"product_cat","embeddable":true,"href":"https:\/\/shopatoa.com\/ro\/wp-json\/wp\/v2\/product_cat?post=472477"},{"taxonomy":"product_tag","embeddable":true,"href":"https:\/\/shopatoa.com\/ro\/wp-json\/wp\/v2\/product_tag?post=472477"}],"curies":[{"name":"wp","href":"https:\/\/api.w.org\/{rel}","templated":true}]}}