{"id":473009,"date":"2025-06-29T01:37:50","date_gmt":"2025-06-28T23:37:50","guid":{"rendered":"https:\/\/shopatoa.com\/ro\/phyto-phytocyane-anti-hair-loss-treatment-for-men-tratament-pentru-stimularea-cresterii-parului-si-anti-cadere-12x3-5-ml\/"},"modified":"2025-12-11T02:43:32","modified_gmt":"2025-12-11T01:43:32","slug":"phyto-phytocyane-anti-hair-loss-treatment-for-men-tratament-pentru-stimularea-cresterii-parului-si-anti-cadere-12x3-5-ml","status":"publish","type":"product","link":"https:\/\/shopatoa.com\/ro\/phyto-phytocyane-anti-hair-loss-treatment-for-men-tratament-pentru-stimularea-cresterii-parului-si-anti-cadere-12x3-5-ml\/","title":{"rendered":"Phyto Phytocyane Anti-Hair Loss Treatment For Men tratament pentru stimularea cre\u0219terii p\u0103rului \u0219i anti-c\u0103dere 12&#215;3.5 ml"},"content":{"rendered":"<p>Phyto Phytocyane Anti-Hair Loss Treatment For Men, 12&#215;3,5 ml, Seruri pentru p\u0103r pentru b\u0103rba\u021bi, V\u0103 dori\u021bi un p\u0103r des \u0219i puternic, dar, \u00een schimb, constata\u021bi c\u0103 acesta se rupe sau chiar cade \u00een exces? Oricare ar fi cauza acestor probleme, \u00eengrijirea pentru p\u0103r Phyto Phytocyane Anti-Hair Loss Treatment For Men \u00eei va reda p\u0103rului dvs. vitalitatea pierdut\u0103 \u0219i aspectul s\u0103n\u0103tos. Va favoriza regenerarea p\u0103rului deja crescut, dar \u0219i cre\u0219terea noilor fire de p\u0103r \u2013 va stimula eficient scalpul \u0219i va activa foliculii de p\u0103r. Va fortifica semnificativ firele de p\u0103r nou-crescute \u0219i, \u00een acela\u0219i timp, va regla c\u0103derea p\u0103rului existent. Cu o aplicare regulat\u0103, p\u0103rul va deveni mai puternic, va avea o str\u0103lucire catifelat\u0103, se va despica mai pu\u021bin, iar calitatea sa general\u0103 va fi \u00eembun\u0103t\u0103\u021bit\u0103 semnificativ. Bucura\u021bi-v\u0103 din nou de un p\u0103r frumos \u0219i des.  Caracteristici:  dinamizeaz\u0103 activitatea r\u0103d\u0103cinilor p\u0103rului promoveaz\u0103 eficient cre\u0219terea unor noi fire de p\u0103r prelunge\u0219te ciclul de via\u021b\u0103 al fibrei p\u0103rului previne c\u0103derea prematur\u0103 a p\u0103rului las\u0103 p\u0103rul fortificat \u0219i revitalizat red\u0103 p\u0103rului vitalitatea  Cum se utilizeaz\u0103: Aplica\u021bi dup\u0103 sp\u0103larea p\u0103rului. Aplica\u021bi direct pe scalp. Efectua\u021bi un masaj delicat al scalpului. Nu cl\u0103ti\u021bi.<\/p>\n","protected":false},"excerpt":{"rendered":"<p>Phyto Phytocyane Anti-Hair Loss Treatment For Men, 12&#215;3,5 ml, Seruri pentru p\u0103r pentru b\u0103rba\u021bi, V\u0103 dori\u021bi un p\u0103r des \u0219i puternic, dar, \u00een schimb, constata\u021bi c\u0103 acesta se rupe sau chiar cade \u00een exces? Oricare ar fi cauza acestor probleme, \u00eengrijirea pentru p\u0103r Phyto Phytocyane Anti-Hair Loss Treatment For Men \u00eei va reda p\u0103rului dvs&#8230;.<\/p>\n","protected":false},"featured_media":473010,"comment_status":"closed","ping_status":"open","template":"","meta":{"_acf_changed":false,"_kadence_starter_templates_imported_post":false,"_kad_post_transparent":"","_kad_post_title":"","_kad_post_layout":"","_kad_post_sidebar_id":"","_kad_post_content_style":"","_kad_post_vertical_padding":"","_kad_post_feature":"","_kad_post_feature_position":"","_kad_post_header":false,"_kad_post_footer":false,"_kad_post_classname":""},"product_brand":[2553],"product_cat":[1563,1590,1562],"product_tag":[],"class_list":{"0":"post-473009","1":"product","2":"type-product","3":"status-publish","4":"has-post-thumbnail","6":"product_brand-phyto","7":"product_cat-ingrijire-personala","8":"product_cat-ingrijirea-parului","9":"product_cat-sanatate-si-frumusete","10":"pa_gen-male","11":"pa_marime-12x35-ml","13":"first","14":"instock","15":"product-type-external","16":"entry","17":"content-bg","18":"loop-entry"},"acf":[],"yoast_head":"<!-- This site is optimized with the Yoast SEO plugin v27.4 - https:\/\/yoast.com\/product\/yoast-seo-wordpress\/ -->\n<title>Phyto Phytocyane Anti-Hair Loss Treatment For Men tratament pentru stimularea cre\u0219terii p\u0103rului \u0219i anti-c\u0103dere 12x3.5 ml - SHOPATOA.COM<\/title>\n<meta name=\"robots\" content=\"index, follow, max-snippet:-1, max-image-preview:large, max-video-preview:-1\" \/>\n<link rel=\"canonical\" href=\"https:\/\/shopatoa.com\/ro\/phyto-phytocyane-anti-hair-loss-treatment-for-men-tratament-pentru-stimularea-cresterii-parului-si-anti-cadere-12x3-5-ml\/\" \/>\n<meta property=\"og:locale\" content=\"ro_RO\" \/>\n<meta property=\"og:type\" content=\"article\" \/>\n<meta property=\"og:title\" content=\"Phyto Phytocyane Anti-Hair Loss Treatment For Men tratament pentru stimularea cre\u0219terii p\u0103rului \u0219i anti-c\u0103dere 12x3.5 ml - SHOPATOA.COM\" \/>\n<meta property=\"og:description\" content=\"Phyto Phytocyane Anti-Hair Loss Treatment For Men, 12&#215;3,5 ml, Seruri pentru p\u0103r pentru b\u0103rba\u021bi, V\u0103 dori\u021bi un p\u0103r des \u0219i puternic, dar, \u00een schimb, constata\u021bi c\u0103 acesta se rupe sau chiar cade \u00een exces? Oricare ar fi cauza acestor probleme, \u00eengrijirea pentru p\u0103r Phyto Phytocyane Anti-Hair Loss Treatment For Men \u00eei va reda p\u0103rului dvs....\" \/>\n<meta property=\"og:url\" content=\"https:\/\/shopatoa.com\/ro\/phyto-phytocyane-anti-hair-loss-treatment-for-men-tratament-pentru-stimularea-cresterii-parului-si-anti-cadere-12x3-5-ml\/\" \/>\n<meta property=\"og:site_name\" content=\"SHOPATOA\" \/>\n<meta property=\"article:modified_time\" content=\"2025-12-11T01:43:32+00:00\" \/>\n<meta property=\"og:image\" content=\"https:\/\/storage.googleapis.com\/cz-shopatoa-img\/ro\/9cdec3fa-unnamed-file.webp\" \/>\n\t<meta property=\"og:image:width\" content=\"800\" \/>\n\t<meta property=\"og:image:height\" content=\"800\" \/>\n\t<meta property=\"og:image:type\" content=\"image\/webp\" \/>\n<meta name=\"twitter:card\" content=\"summary_large_image\" \/>\n<meta name=\"twitter:label1\" content=\"Timp estimat pentru citire\" \/>\n\t<meta name=\"twitter:data1\" content=\"1 minut\" \/>\n<script type=\"application\/ld+json\" class=\"yoast-schema-graph\">{\"@context\":\"https:\\\/\\\/schema.org\",\"@graph\":[{\"@type\":\"WebPage\",\"@id\":\"https:\\\/\\\/shopatoa.com\\\/ro\\\/phyto-phytocyane-anti-hair-loss-treatment-for-men-tratament-pentru-stimularea-cresterii-parului-si-anti-cadere-12x3-5-ml\\\/\",\"url\":\"https:\\\/\\\/shopatoa.com\\\/ro\\\/phyto-phytocyane-anti-hair-loss-treatment-for-men-tratament-pentru-stimularea-cresterii-parului-si-anti-cadere-12x3-5-ml\\\/\",\"name\":\"Phyto Phytocyane Anti-Hair Loss Treatment For Men tratament pentru stimularea cre\u0219terii p\u0103rului \u0219i anti-c\u0103dere 12x3.5 ml - SHOPATOA.COM\",\"isPartOf\":{\"@id\":\"https:\\\/\\\/shopatoa.com\\\/ro\\\/#website\"},\"primaryImageOfPage\":{\"@id\":\"https:\\\/\\\/shopatoa.com\\\/ro\\\/phyto-phytocyane-anti-hair-loss-treatment-for-men-tratament-pentru-stimularea-cresterii-parului-si-anti-cadere-12x3-5-ml\\\/#primaryimage\"},\"image\":{\"@id\":\"https:\\\/\\\/shopatoa.com\\\/ro\\\/phyto-phytocyane-anti-hair-loss-treatment-for-men-tratament-pentru-stimularea-cresterii-parului-si-anti-cadere-12x3-5-ml\\\/#primaryimage\"},\"thumbnailUrl\":\"https:\\\/\\\/storage.googleapis.com\\\/cz-shopatoa-img\\\/ro\\\/9cdec3fa-unnamed-file.webp\",\"datePublished\":\"2025-06-28T23:37:50+00:00\",\"dateModified\":\"2025-12-11T01:43:32+00:00\",\"breadcrumb\":{\"@id\":\"https:\\\/\\\/shopatoa.com\\\/ro\\\/phyto-phytocyane-anti-hair-loss-treatment-for-men-tratament-pentru-stimularea-cresterii-parului-si-anti-cadere-12x3-5-ml\\\/#breadcrumb\"},\"inLanguage\":\"ro-RO\",\"potentialAction\":[{\"@type\":\"ReadAction\",\"target\":[\"https:\\\/\\\/shopatoa.com\\\/ro\\\/phyto-phytocyane-anti-hair-loss-treatment-for-men-tratament-pentru-stimularea-cresterii-parului-si-anti-cadere-12x3-5-ml\\\/\"]}]},{\"@type\":\"ImageObject\",\"inLanguage\":\"ro-RO\",\"@id\":\"https:\\\/\\\/shopatoa.com\\\/ro\\\/phyto-phytocyane-anti-hair-loss-treatment-for-men-tratament-pentru-stimularea-cresterii-parului-si-anti-cadere-12x3-5-ml\\\/#primaryimage\",\"url\":\"https:\\\/\\\/storage.googleapis.com\\\/cz-shopatoa-img\\\/ro\\\/9cdec3fa-unnamed-file.webp\",\"contentUrl\":\"https:\\\/\\\/storage.googleapis.com\\\/cz-shopatoa-img\\\/ro\\\/9cdec3fa-unnamed-file.webp\",\"width\":800,\"height\":800},{\"@type\":\"BreadcrumbList\",\"@id\":\"https:\\\/\\\/shopatoa.com\\\/ro\\\/phyto-phytocyane-anti-hair-loss-treatment-for-men-tratament-pentru-stimularea-cresterii-parului-si-anti-cadere-12x3-5-ml\\\/#breadcrumb\",\"itemListElement\":[{\"@type\":\"ListItem\",\"position\":1,\"name\":\"Dom\u016f\",\"item\":\"https:\\\/\\\/shopatoa.com\\\/ro\\\/\"},{\"@type\":\"ListItem\",\"position\":2,\"name\":\"Shop\",\"item\":\"https:\\\/\\\/shopatoa.com\\\/ro\\\/shop\\\/\"},{\"@type\":\"ListItem\",\"position\":3,\"name\":\"S\u0103n\u0103tate \u0219i frumuse\u021be\",\"item\":\"https:\\\/\\\/shopatoa.com\\\/ro\\\/sanatate-si-frumusete\\\/\"},{\"@type\":\"ListItem\",\"position\":4,\"name\":\"\u00cengrijire personal\u0103\",\"item\":\"https:\\\/\\\/shopatoa.com\\\/ro\\\/ingrijire-personala\\\/\"},{\"@type\":\"ListItem\",\"position\":5,\"name\":\"\u00cengrijirea p\u0103rului\",\"item\":\"https:\\\/\\\/shopatoa.com\\\/ro\\\/ingrijirea-parului\\\/\"},{\"@type\":\"ListItem\",\"position\":6,\"name\":\"Phyto Phytocyane Anti-Hair Loss Treatment For Men tratament pentru stimularea cre\u0219terii p\u0103rului \u0219i anti-c\u0103dere 12&#215;3.5 ml\"}]},{\"@type\":\"WebSite\",\"@id\":\"https:\\\/\\\/shopatoa.com\\\/ro\\\/#website\",\"url\":\"https:\\\/\\\/shopatoa.com\\\/ro\\\/\",\"name\":\"SHOPATOA\",\"description\":\"\",\"publisher\":{\"@id\":\"https:\\\/\\\/shopatoa.com\\\/ro\\\/#organization\"},\"potentialAction\":[{\"@type\":\"SearchAction\",\"target\":{\"@type\":\"EntryPoint\",\"urlTemplate\":\"https:\\\/\\\/shopatoa.com\\\/ro\\\/?s={search_term_string}\"},\"query-input\":{\"@type\":\"PropertyValueSpecification\",\"valueRequired\":true,\"valueName\":\"search_term_string\"}}],\"inLanguage\":\"ro-RO\"},{\"@type\":\"Organization\",\"@id\":\"https:\\\/\\\/shopatoa.com\\\/ro\\\/#organization\",\"name\":\"SHOPATOA\",\"url\":\"https:\\\/\\\/shopatoa.com\\\/ro\\\/\",\"logo\":{\"@type\":\"ImageObject\",\"inLanguage\":\"ro-RO\",\"@id\":\"https:\\\/\\\/shopatoa.com\\\/ro\\\/#\\\/schema\\\/logo\\\/image\\\/\",\"url\":\"https:\\\/\\\/storage.googleapis.com\\\/cz-shopatoa-img\\\/ro\\\/b4dac915-shopatoa_logo.png\",\"contentUrl\":\"https:\\\/\\\/storage.googleapis.com\\\/cz-shopatoa-img\\\/ro\\\/b4dac915-shopatoa_logo.png\",\"width\":416,\"height\":63,\"caption\":\"SHOPATOA\"},\"image\":{\"@id\":\"https:\\\/\\\/shopatoa.com\\\/ro\\\/#\\\/schema\\\/logo\\\/image\\\/\"}}]}<\/script>\n<!-- \/ Yoast SEO plugin. -->","yoast_head_json":{"title":"Phyto Phytocyane Anti-Hair Loss Treatment For Men tratament pentru stimularea cre\u0219terii p\u0103rului \u0219i anti-c\u0103dere 12x3.5 ml - SHOPATOA.COM","robots":{"index":"index","follow":"follow","max-snippet":"max-snippet:-1","max-image-preview":"max-image-preview:large","max-video-preview":"max-video-preview:-1"},"canonical":"https:\/\/shopatoa.com\/ro\/phyto-phytocyane-anti-hair-loss-treatment-for-men-tratament-pentru-stimularea-cresterii-parului-si-anti-cadere-12x3-5-ml\/","og_locale":"ro_RO","og_type":"article","og_title":"Phyto Phytocyane Anti-Hair Loss Treatment For Men tratament pentru stimularea cre\u0219terii p\u0103rului \u0219i anti-c\u0103dere 12x3.5 ml - SHOPATOA.COM","og_description":"Phyto Phytocyane Anti-Hair Loss Treatment For Men, 12&#215;3,5 ml, Seruri pentru p\u0103r pentru b\u0103rba\u021bi, V\u0103 dori\u021bi un p\u0103r des \u0219i puternic, dar, \u00een schimb, constata\u021bi c\u0103 acesta se rupe sau chiar cade \u00een exces? Oricare ar fi cauza acestor probleme, \u00eengrijirea pentru p\u0103r Phyto Phytocyane Anti-Hair Loss Treatment For Men \u00eei va reda p\u0103rului dvs....","og_url":"https:\/\/shopatoa.com\/ro\/phyto-phytocyane-anti-hair-loss-treatment-for-men-tratament-pentru-stimularea-cresterii-parului-si-anti-cadere-12x3-5-ml\/","og_site_name":"SHOPATOA","article_modified_time":"2025-12-11T01:43:32+00:00","og_image":[{"width":800,"height":800,"url":"https:\/\/storage.googleapis.com\/cz-shopatoa-img\/ro\/9cdec3fa-unnamed-file.webp","type":"image\/webp"}],"twitter_card":"summary_large_image","twitter_misc":{"Timp estimat pentru citire":"1 minut"},"schema":{"@context":"https:\/\/schema.org","@graph":[{"@type":"WebPage","@id":"https:\/\/shopatoa.com\/ro\/phyto-phytocyane-anti-hair-loss-treatment-for-men-tratament-pentru-stimularea-cresterii-parului-si-anti-cadere-12x3-5-ml\/","url":"https:\/\/shopatoa.com\/ro\/phyto-phytocyane-anti-hair-loss-treatment-for-men-tratament-pentru-stimularea-cresterii-parului-si-anti-cadere-12x3-5-ml\/","name":"Phyto Phytocyane Anti-Hair Loss Treatment For Men tratament pentru stimularea cre\u0219terii p\u0103rului \u0219i anti-c\u0103dere 12x3.5 ml - SHOPATOA.COM","isPartOf":{"@id":"https:\/\/shopatoa.com\/ro\/#website"},"primaryImageOfPage":{"@id":"https:\/\/shopatoa.com\/ro\/phyto-phytocyane-anti-hair-loss-treatment-for-men-tratament-pentru-stimularea-cresterii-parului-si-anti-cadere-12x3-5-ml\/#primaryimage"},"image":{"@id":"https:\/\/shopatoa.com\/ro\/phyto-phytocyane-anti-hair-loss-treatment-for-men-tratament-pentru-stimularea-cresterii-parului-si-anti-cadere-12x3-5-ml\/#primaryimage"},"thumbnailUrl":"https:\/\/storage.googleapis.com\/cz-shopatoa-img\/ro\/9cdec3fa-unnamed-file.webp","datePublished":"2025-06-28T23:37:50+00:00","dateModified":"2025-12-11T01:43:32+00:00","breadcrumb":{"@id":"https:\/\/shopatoa.com\/ro\/phyto-phytocyane-anti-hair-loss-treatment-for-men-tratament-pentru-stimularea-cresterii-parului-si-anti-cadere-12x3-5-ml\/#breadcrumb"},"inLanguage":"ro-RO","potentialAction":[{"@type":"ReadAction","target":["https:\/\/shopatoa.com\/ro\/phyto-phytocyane-anti-hair-loss-treatment-for-men-tratament-pentru-stimularea-cresterii-parului-si-anti-cadere-12x3-5-ml\/"]}]},{"@type":"ImageObject","inLanguage":"ro-RO","@id":"https:\/\/shopatoa.com\/ro\/phyto-phytocyane-anti-hair-loss-treatment-for-men-tratament-pentru-stimularea-cresterii-parului-si-anti-cadere-12x3-5-ml\/#primaryimage","url":"https:\/\/storage.googleapis.com\/cz-shopatoa-img\/ro\/9cdec3fa-unnamed-file.webp","contentUrl":"https:\/\/storage.googleapis.com\/cz-shopatoa-img\/ro\/9cdec3fa-unnamed-file.webp","width":800,"height":800},{"@type":"BreadcrumbList","@id":"https:\/\/shopatoa.com\/ro\/phyto-phytocyane-anti-hair-loss-treatment-for-men-tratament-pentru-stimularea-cresterii-parului-si-anti-cadere-12x3-5-ml\/#breadcrumb","itemListElement":[{"@type":"ListItem","position":1,"name":"Dom\u016f","item":"https:\/\/shopatoa.com\/ro\/"},{"@type":"ListItem","position":2,"name":"Shop","item":"https:\/\/shopatoa.com\/ro\/shop\/"},{"@type":"ListItem","position":3,"name":"S\u0103n\u0103tate \u0219i frumuse\u021be","item":"https:\/\/shopatoa.com\/ro\/sanatate-si-frumusete\/"},{"@type":"ListItem","position":4,"name":"\u00cengrijire personal\u0103","item":"https:\/\/shopatoa.com\/ro\/ingrijire-personala\/"},{"@type":"ListItem","position":5,"name":"\u00cengrijirea p\u0103rului","item":"https:\/\/shopatoa.com\/ro\/ingrijirea-parului\/"},{"@type":"ListItem","position":6,"name":"Phyto Phytocyane Anti-Hair Loss Treatment For Men tratament pentru stimularea cre\u0219terii p\u0103rului \u0219i anti-c\u0103dere 12&#215;3.5 ml"}]},{"@type":"WebSite","@id":"https:\/\/shopatoa.com\/ro\/#website","url":"https:\/\/shopatoa.com\/ro\/","name":"SHOPATOA","description":"","publisher":{"@id":"https:\/\/shopatoa.com\/ro\/#organization"},"potentialAction":[{"@type":"SearchAction","target":{"@type":"EntryPoint","urlTemplate":"https:\/\/shopatoa.com\/ro\/?s={search_term_string}"},"query-input":{"@type":"PropertyValueSpecification","valueRequired":true,"valueName":"search_term_string"}}],"inLanguage":"ro-RO"},{"@type":"Organization","@id":"https:\/\/shopatoa.com\/ro\/#organization","name":"SHOPATOA","url":"https:\/\/shopatoa.com\/ro\/","logo":{"@type":"ImageObject","inLanguage":"ro-RO","@id":"https:\/\/shopatoa.com\/ro\/#\/schema\/logo\/image\/","url":"https:\/\/storage.googleapis.com\/cz-shopatoa-img\/ro\/b4dac915-shopatoa_logo.png","contentUrl":"https:\/\/storage.googleapis.com\/cz-shopatoa-img\/ro\/b4dac915-shopatoa_logo.png","width":416,"height":63,"caption":"SHOPATOA"},"image":{"@id":"https:\/\/shopatoa.com\/ro\/#\/schema\/logo\/image\/"}}]}},"_links":{"self":[{"href":"https:\/\/shopatoa.com\/ro\/wp-json\/wp\/v2\/product\/473009","targetHints":{"allow":["GET"]}}],"collection":[{"href":"https:\/\/shopatoa.com\/ro\/wp-json\/wp\/v2\/product"}],"about":[{"href":"https:\/\/shopatoa.com\/ro\/wp-json\/wp\/v2\/types\/product"}],"replies":[{"embeddable":true,"href":"https:\/\/shopatoa.com\/ro\/wp-json\/wp\/v2\/comments?post=473009"}],"wp:featuredmedia":[{"embeddable":true,"href":"https:\/\/shopatoa.com\/ro\/wp-json\/wp\/v2\/media\/473010"}],"wp:attachment":[{"href":"https:\/\/shopatoa.com\/ro\/wp-json\/wp\/v2\/media?parent=473009"}],"wp:term":[{"taxonomy":"product_brand","embeddable":true,"href":"https:\/\/shopatoa.com\/ro\/wp-json\/wp\/v2\/product_brand?post=473009"},{"taxonomy":"product_cat","embeddable":true,"href":"https:\/\/shopatoa.com\/ro\/wp-json\/wp\/v2\/product_cat?post=473009"},{"taxonomy":"product_tag","embeddable":true,"href":"https:\/\/shopatoa.com\/ro\/wp-json\/wp\/v2\/product_tag?post=473009"}],"curies":[{"name":"wp","href":"https:\/\/api.w.org\/{rel}","templated":true}]}}