{"id":473731,"date":"2025-06-29T02:46:22","date_gmt":"2025-06-29T00:46:22","guid":{"rendered":"https:\/\/shopatoa.com\/ro\/danessa-myricks-beauty-dewy-cheek-lip-palette-paleta-pentru-fata-multifunctionala-faciale-culoare-dew-it-flirty-25-g\/"},"modified":"2025-12-10T23:36:25","modified_gmt":"2025-12-10T22:36:25","slug":"danessa-myricks-beauty-dewy-cheek-lip-palette-paleta-pentru-fata-multifunctionala-faciale-culoare-dew-it-flirty-25-g","status":"publish","type":"product","link":"https:\/\/shopatoa.com\/ro\/danessa-myricks-beauty-dewy-cheek-lip-palette-paleta-pentru-fata-multifunctionala-faciale-culoare-dew-it-flirty-25-g\/","title":{"rendered":"Danessa Myricks Beauty Dewy Cheek &amp; Lip Palette paleta pentru fata multifunctionala faciale culoare Dew It Flirty 25 g"},"content":{"rendered":"<p>Danessa Myricks Beauty Dewy Cheek &amp; Lip Palette, 25 g, Palete de machiaj multifunc\u021bionale pentru femei, Pune\u021bi-v\u0103 \u00een pielea unui make-up artist profesionist \u0219i oferi\u021bi o \u0219ans\u0103 paletelor multifunc\u021bionale. La urma urmei, de ce s\u0103 alege\u021bi sau s\u0103 v\u0103 pierde\u021bi \u00een nenum\u0103rate produse diferite c\u00e2nd pute\u021bi avea totul la \u00eendem\u00e2n\u0103, \u00eentr-un singur loc? Paleta de lux Danessa Myricks BeautyDewy Cheek &amp; Lip Palette con\u021bine nu doar unul, ci mai multe farduri \u00een culori diferite, pe care le pute\u021bi folosi \u00een numeroase moduri \u0219i le pute\u021bi combina liber. V\u0103 permite s\u0103 v\u0103 accentua\u021bi punctele forte \u0219i s\u0103 crea\u021bi u\u0219or machiajul perfect pentru orice ocazie \u0219i ca din m\u00e2inile unui profesionist. A\u0219a c\u0103 nu mai a\u0219tepta\u021bi, accentua\u021bi-v\u0103 frumuse\u021bea fe\u021bei \u0219i deveni\u021bi protagonista fiec\u0103rui eveniment, \u00een orice moment al zilei.  Caracteristici:  d\u0103 farmec fe\u021bei u\u0219or de aplicat \u00eenfrumuse\u021beaz\u0103 tenul, \u00een general  Cum se utilizeaz\u0103: Cu ajutorul aplicatorului selectat, se poate crea orice fond de ten dorit.<\/p>\n","protected":false},"excerpt":{"rendered":"<p>Danessa Myricks Beauty Dewy Cheek &amp; Lip Palette, 25 g, Palete de machiaj multifunc\u021bionale pentru femei, Pune\u021bi-v\u0103 \u00een pielea unui make-up artist profesionist \u0219i oferi\u021bi o \u0219ans\u0103 paletelor multifunc\u021bionale. La urma urmei, de ce s\u0103 alege\u021bi sau s\u0103 v\u0103 pierde\u021bi \u00een nenum\u0103rate produse diferite c\u00e2nd pute\u021bi avea totul la \u00eendem\u00e2n\u0103, \u00eentr-un singur loc? Paleta de&#8230;<\/p>\n","protected":false},"featured_media":473732,"comment_status":"closed","ping_status":"open","template":"","meta":{"_acf_changed":false,"_kadence_starter_templates_imported_post":false,"_kad_post_transparent":"","_kad_post_title":"","_kad_post_layout":"","_kad_post_sidebar_id":"","_kad_post_content_style":"","_kad_post_vertical_padding":"","_kad_post_feature":"","_kad_post_feature_position":"","_kad_post_header":false,"_kad_post_footer":false,"_kad_post_classname":""},"product_brand":[1920],"product_cat":[1564,1563,1576,1622,1562],"product_tag":[],"class_list":{"0":"post-473731","1":"product","2":"type-product","3":"status-publish","4":"has-post-thumbnail","6":"product_brand-danessa-myricks-beauty","7":"product_cat-cosmetice-ingrijire-personala","8":"product_cat-ingrijire-personala","9":"product_cat-machiaj","10":"product_cat-machiaj-de-fata","11":"product_cat-sanatate-si-frumusete","12":"pa_gen-female","13":"pa_marime-25-g","15":"first","16":"instock","17":"product-type-external","18":"entry","19":"content-bg","20":"loop-entry"},"acf":[],"yoast_head":"<!-- This site is optimized with the Yoast SEO plugin v27.4 - https:\/\/yoast.com\/product\/yoast-seo-wordpress\/ -->\n<title>Danessa Myricks Beauty Dewy Cheek &amp; Lip Palette paleta pentru fata multifunctionala faciale culoare Dew It Flirty 25 g - SHOPATOA.COM<\/title>\n<meta name=\"robots\" content=\"index, follow, max-snippet:-1, max-image-preview:large, max-video-preview:-1\" \/>\n<link rel=\"canonical\" href=\"https:\/\/shopatoa.com\/ro\/danessa-myricks-beauty-dewy-cheek-lip-palette-paleta-pentru-fata-multifunctionala-faciale-culoare-dew-it-flirty-25-g\/\" \/>\n<meta property=\"og:locale\" content=\"ro_RO\" \/>\n<meta property=\"og:type\" content=\"article\" \/>\n<meta property=\"og:title\" content=\"Danessa Myricks Beauty Dewy Cheek &amp; Lip Palette paleta pentru fata multifunctionala faciale culoare Dew It Flirty 25 g - SHOPATOA.COM\" \/>\n<meta property=\"og:description\" content=\"Danessa Myricks Beauty Dewy Cheek &amp; Lip Palette, 25 g, Palete de machiaj multifunc\u021bionale pentru femei, Pune\u021bi-v\u0103 \u00een pielea unui make-up artist profesionist \u0219i oferi\u021bi o \u0219ans\u0103 paletelor multifunc\u021bionale. La urma urmei, de ce s\u0103 alege\u021bi sau s\u0103 v\u0103 pierde\u021bi \u00een nenum\u0103rate produse diferite c\u00e2nd pute\u021bi avea totul la \u00eendem\u00e2n\u0103, \u00eentr-un singur loc? Paleta de...\" \/>\n<meta property=\"og:url\" content=\"https:\/\/shopatoa.com\/ro\/danessa-myricks-beauty-dewy-cheek-lip-palette-paleta-pentru-fata-multifunctionala-faciale-culoare-dew-it-flirty-25-g\/\" \/>\n<meta property=\"og:site_name\" content=\"SHOPATOA\" \/>\n<meta property=\"article:modified_time\" content=\"2025-12-10T22:36:25+00:00\" \/>\n<meta property=\"og:image\" content=\"https:\/\/storage.googleapis.com\/cz-shopatoa-img\/ro\/9b31a9be-unnamed-file.webp\" \/>\n\t<meta property=\"og:image:width\" content=\"800\" \/>\n\t<meta property=\"og:image:height\" content=\"800\" \/>\n\t<meta property=\"og:image:type\" content=\"image\/webp\" \/>\n<meta name=\"twitter:card\" content=\"summary_large_image\" \/>\n<meta name=\"twitter:label1\" content=\"Timp estimat pentru citire\" \/>\n\t<meta name=\"twitter:data1\" content=\"1 minut\" \/>\n<script type=\"application\/ld+json\" class=\"yoast-schema-graph\">{\"@context\":\"https:\\\/\\\/schema.org\",\"@graph\":[{\"@type\":\"WebPage\",\"@id\":\"https:\\\/\\\/shopatoa.com\\\/ro\\\/danessa-myricks-beauty-dewy-cheek-lip-palette-paleta-pentru-fata-multifunctionala-faciale-culoare-dew-it-flirty-25-g\\\/\",\"url\":\"https:\\\/\\\/shopatoa.com\\\/ro\\\/danessa-myricks-beauty-dewy-cheek-lip-palette-paleta-pentru-fata-multifunctionala-faciale-culoare-dew-it-flirty-25-g\\\/\",\"name\":\"Danessa Myricks Beauty Dewy Cheek & Lip Palette paleta pentru fata multifunctionala faciale culoare Dew It Flirty 25 g - SHOPATOA.COM\",\"isPartOf\":{\"@id\":\"https:\\\/\\\/shopatoa.com\\\/ro\\\/#website\"},\"primaryImageOfPage\":{\"@id\":\"https:\\\/\\\/shopatoa.com\\\/ro\\\/danessa-myricks-beauty-dewy-cheek-lip-palette-paleta-pentru-fata-multifunctionala-faciale-culoare-dew-it-flirty-25-g\\\/#primaryimage\"},\"image\":{\"@id\":\"https:\\\/\\\/shopatoa.com\\\/ro\\\/danessa-myricks-beauty-dewy-cheek-lip-palette-paleta-pentru-fata-multifunctionala-faciale-culoare-dew-it-flirty-25-g\\\/#primaryimage\"},\"thumbnailUrl\":\"https:\\\/\\\/storage.googleapis.com\\\/cz-shopatoa-img\\\/ro\\\/9b31a9be-unnamed-file.webp\",\"datePublished\":\"2025-06-29T00:46:22+00:00\",\"dateModified\":\"2025-12-10T22:36:25+00:00\",\"breadcrumb\":{\"@id\":\"https:\\\/\\\/shopatoa.com\\\/ro\\\/danessa-myricks-beauty-dewy-cheek-lip-palette-paleta-pentru-fata-multifunctionala-faciale-culoare-dew-it-flirty-25-g\\\/#breadcrumb\"},\"inLanguage\":\"ro-RO\",\"potentialAction\":[{\"@type\":\"ReadAction\",\"target\":[\"https:\\\/\\\/shopatoa.com\\\/ro\\\/danessa-myricks-beauty-dewy-cheek-lip-palette-paleta-pentru-fata-multifunctionala-faciale-culoare-dew-it-flirty-25-g\\\/\"]}]},{\"@type\":\"ImageObject\",\"inLanguage\":\"ro-RO\",\"@id\":\"https:\\\/\\\/shopatoa.com\\\/ro\\\/danessa-myricks-beauty-dewy-cheek-lip-palette-paleta-pentru-fata-multifunctionala-faciale-culoare-dew-it-flirty-25-g\\\/#primaryimage\",\"url\":\"https:\\\/\\\/storage.googleapis.com\\\/cz-shopatoa-img\\\/ro\\\/9b31a9be-unnamed-file.webp\",\"contentUrl\":\"https:\\\/\\\/storage.googleapis.com\\\/cz-shopatoa-img\\\/ro\\\/9b31a9be-unnamed-file.webp\",\"width\":800,\"height\":800},{\"@type\":\"BreadcrumbList\",\"@id\":\"https:\\\/\\\/shopatoa.com\\\/ro\\\/danessa-myricks-beauty-dewy-cheek-lip-palette-paleta-pentru-fata-multifunctionala-faciale-culoare-dew-it-flirty-25-g\\\/#breadcrumb\",\"itemListElement\":[{\"@type\":\"ListItem\",\"position\":1,\"name\":\"Dom\u016f\",\"item\":\"https:\\\/\\\/shopatoa.com\\\/ro\\\/\"},{\"@type\":\"ListItem\",\"position\":2,\"name\":\"Shop\",\"item\":\"https:\\\/\\\/shopatoa.com\\\/ro\\\/shop\\\/\"},{\"@type\":\"ListItem\",\"position\":3,\"name\":\"S\u0103n\u0103tate \u0219i frumuse\u021be\",\"item\":\"https:\\\/\\\/shopatoa.com\\\/ro\\\/sanatate-si-frumusete\\\/\"},{\"@type\":\"ListItem\",\"position\":4,\"name\":\"\u00cengrijire personal\u0103\",\"item\":\"https:\\\/\\\/shopatoa.com\\\/ro\\\/ingrijire-personala\\\/\"},{\"@type\":\"ListItem\",\"position\":5,\"name\":\"Cosmetice\",\"item\":\"https:\\\/\\\/shopatoa.com\\\/ro\\\/cosmetice-ingrijire-personala\\\/\"},{\"@type\":\"ListItem\",\"position\":6,\"name\":\"Machiaj\",\"item\":\"https:\\\/\\\/shopatoa.com\\\/ro\\\/machiaj\\\/\"},{\"@type\":\"ListItem\",\"position\":7,\"name\":\"Machiaj de fa\u021b\u0103\",\"item\":\"https:\\\/\\\/shopatoa.com\\\/ro\\\/machiaj-de-fata\\\/\"},{\"@type\":\"ListItem\",\"position\":8,\"name\":\"Danessa Myricks Beauty Dewy Cheek &amp; Lip Palette paleta pentru fata multifunctionala faciale culoare Dew It Flirty 25 g\"}]},{\"@type\":\"WebSite\",\"@id\":\"https:\\\/\\\/shopatoa.com\\\/ro\\\/#website\",\"url\":\"https:\\\/\\\/shopatoa.com\\\/ro\\\/\",\"name\":\"SHOPATOA\",\"description\":\"\",\"publisher\":{\"@id\":\"https:\\\/\\\/shopatoa.com\\\/ro\\\/#organization\"},\"potentialAction\":[{\"@type\":\"SearchAction\",\"target\":{\"@type\":\"EntryPoint\",\"urlTemplate\":\"https:\\\/\\\/shopatoa.com\\\/ro\\\/?s={search_term_string}\"},\"query-input\":{\"@type\":\"PropertyValueSpecification\",\"valueRequired\":true,\"valueName\":\"search_term_string\"}}],\"inLanguage\":\"ro-RO\"},{\"@type\":\"Organization\",\"@id\":\"https:\\\/\\\/shopatoa.com\\\/ro\\\/#organization\",\"name\":\"SHOPATOA\",\"url\":\"https:\\\/\\\/shopatoa.com\\\/ro\\\/\",\"logo\":{\"@type\":\"ImageObject\",\"inLanguage\":\"ro-RO\",\"@id\":\"https:\\\/\\\/shopatoa.com\\\/ro\\\/#\\\/schema\\\/logo\\\/image\\\/\",\"url\":\"https:\\\/\\\/storage.googleapis.com\\\/cz-shopatoa-img\\\/ro\\\/b4dac915-shopatoa_logo.png\",\"contentUrl\":\"https:\\\/\\\/storage.googleapis.com\\\/cz-shopatoa-img\\\/ro\\\/b4dac915-shopatoa_logo.png\",\"width\":416,\"height\":63,\"caption\":\"SHOPATOA\"},\"image\":{\"@id\":\"https:\\\/\\\/shopatoa.com\\\/ro\\\/#\\\/schema\\\/logo\\\/image\\\/\"}}]}<\/script>\n<!-- \/ Yoast SEO plugin. -->","yoast_head_json":{"title":"Danessa Myricks Beauty Dewy Cheek & Lip Palette paleta pentru fata multifunctionala faciale culoare Dew It Flirty 25 g - SHOPATOA.COM","robots":{"index":"index","follow":"follow","max-snippet":"max-snippet:-1","max-image-preview":"max-image-preview:large","max-video-preview":"max-video-preview:-1"},"canonical":"https:\/\/shopatoa.com\/ro\/danessa-myricks-beauty-dewy-cheek-lip-palette-paleta-pentru-fata-multifunctionala-faciale-culoare-dew-it-flirty-25-g\/","og_locale":"ro_RO","og_type":"article","og_title":"Danessa Myricks Beauty Dewy Cheek & Lip Palette paleta pentru fata multifunctionala faciale culoare Dew It Flirty 25 g - SHOPATOA.COM","og_description":"Danessa Myricks Beauty Dewy Cheek &amp; Lip Palette, 25 g, Palete de machiaj multifunc\u021bionale pentru femei, Pune\u021bi-v\u0103 \u00een pielea unui make-up artist profesionist \u0219i oferi\u021bi o \u0219ans\u0103 paletelor multifunc\u021bionale. La urma urmei, de ce s\u0103 alege\u021bi sau s\u0103 v\u0103 pierde\u021bi \u00een nenum\u0103rate produse diferite c\u00e2nd pute\u021bi avea totul la \u00eendem\u00e2n\u0103, \u00eentr-un singur loc? Paleta de...","og_url":"https:\/\/shopatoa.com\/ro\/danessa-myricks-beauty-dewy-cheek-lip-palette-paleta-pentru-fata-multifunctionala-faciale-culoare-dew-it-flirty-25-g\/","og_site_name":"SHOPATOA","article_modified_time":"2025-12-10T22:36:25+00:00","og_image":[{"width":800,"height":800,"url":"https:\/\/storage.googleapis.com\/cz-shopatoa-img\/ro\/9b31a9be-unnamed-file.webp","type":"image\/webp"}],"twitter_card":"summary_large_image","twitter_misc":{"Timp estimat pentru citire":"1 minut"},"schema":{"@context":"https:\/\/schema.org","@graph":[{"@type":"WebPage","@id":"https:\/\/shopatoa.com\/ro\/danessa-myricks-beauty-dewy-cheek-lip-palette-paleta-pentru-fata-multifunctionala-faciale-culoare-dew-it-flirty-25-g\/","url":"https:\/\/shopatoa.com\/ro\/danessa-myricks-beauty-dewy-cheek-lip-palette-paleta-pentru-fata-multifunctionala-faciale-culoare-dew-it-flirty-25-g\/","name":"Danessa Myricks Beauty Dewy Cheek & Lip Palette paleta pentru fata multifunctionala faciale culoare Dew It Flirty 25 g - SHOPATOA.COM","isPartOf":{"@id":"https:\/\/shopatoa.com\/ro\/#website"},"primaryImageOfPage":{"@id":"https:\/\/shopatoa.com\/ro\/danessa-myricks-beauty-dewy-cheek-lip-palette-paleta-pentru-fata-multifunctionala-faciale-culoare-dew-it-flirty-25-g\/#primaryimage"},"image":{"@id":"https:\/\/shopatoa.com\/ro\/danessa-myricks-beauty-dewy-cheek-lip-palette-paleta-pentru-fata-multifunctionala-faciale-culoare-dew-it-flirty-25-g\/#primaryimage"},"thumbnailUrl":"https:\/\/storage.googleapis.com\/cz-shopatoa-img\/ro\/9b31a9be-unnamed-file.webp","datePublished":"2025-06-29T00:46:22+00:00","dateModified":"2025-12-10T22:36:25+00:00","breadcrumb":{"@id":"https:\/\/shopatoa.com\/ro\/danessa-myricks-beauty-dewy-cheek-lip-palette-paleta-pentru-fata-multifunctionala-faciale-culoare-dew-it-flirty-25-g\/#breadcrumb"},"inLanguage":"ro-RO","potentialAction":[{"@type":"ReadAction","target":["https:\/\/shopatoa.com\/ro\/danessa-myricks-beauty-dewy-cheek-lip-palette-paleta-pentru-fata-multifunctionala-faciale-culoare-dew-it-flirty-25-g\/"]}]},{"@type":"ImageObject","inLanguage":"ro-RO","@id":"https:\/\/shopatoa.com\/ro\/danessa-myricks-beauty-dewy-cheek-lip-palette-paleta-pentru-fata-multifunctionala-faciale-culoare-dew-it-flirty-25-g\/#primaryimage","url":"https:\/\/storage.googleapis.com\/cz-shopatoa-img\/ro\/9b31a9be-unnamed-file.webp","contentUrl":"https:\/\/storage.googleapis.com\/cz-shopatoa-img\/ro\/9b31a9be-unnamed-file.webp","width":800,"height":800},{"@type":"BreadcrumbList","@id":"https:\/\/shopatoa.com\/ro\/danessa-myricks-beauty-dewy-cheek-lip-palette-paleta-pentru-fata-multifunctionala-faciale-culoare-dew-it-flirty-25-g\/#breadcrumb","itemListElement":[{"@type":"ListItem","position":1,"name":"Dom\u016f","item":"https:\/\/shopatoa.com\/ro\/"},{"@type":"ListItem","position":2,"name":"Shop","item":"https:\/\/shopatoa.com\/ro\/shop\/"},{"@type":"ListItem","position":3,"name":"S\u0103n\u0103tate \u0219i frumuse\u021be","item":"https:\/\/shopatoa.com\/ro\/sanatate-si-frumusete\/"},{"@type":"ListItem","position":4,"name":"\u00cengrijire personal\u0103","item":"https:\/\/shopatoa.com\/ro\/ingrijire-personala\/"},{"@type":"ListItem","position":5,"name":"Cosmetice","item":"https:\/\/shopatoa.com\/ro\/cosmetice-ingrijire-personala\/"},{"@type":"ListItem","position":6,"name":"Machiaj","item":"https:\/\/shopatoa.com\/ro\/machiaj\/"},{"@type":"ListItem","position":7,"name":"Machiaj de fa\u021b\u0103","item":"https:\/\/shopatoa.com\/ro\/machiaj-de-fata\/"},{"@type":"ListItem","position":8,"name":"Danessa Myricks Beauty Dewy Cheek &amp; Lip Palette paleta pentru fata multifunctionala faciale culoare Dew It Flirty 25 g"}]},{"@type":"WebSite","@id":"https:\/\/shopatoa.com\/ro\/#website","url":"https:\/\/shopatoa.com\/ro\/","name":"SHOPATOA","description":"","publisher":{"@id":"https:\/\/shopatoa.com\/ro\/#organization"},"potentialAction":[{"@type":"SearchAction","target":{"@type":"EntryPoint","urlTemplate":"https:\/\/shopatoa.com\/ro\/?s={search_term_string}"},"query-input":{"@type":"PropertyValueSpecification","valueRequired":true,"valueName":"search_term_string"}}],"inLanguage":"ro-RO"},{"@type":"Organization","@id":"https:\/\/shopatoa.com\/ro\/#organization","name":"SHOPATOA","url":"https:\/\/shopatoa.com\/ro\/","logo":{"@type":"ImageObject","inLanguage":"ro-RO","@id":"https:\/\/shopatoa.com\/ro\/#\/schema\/logo\/image\/","url":"https:\/\/storage.googleapis.com\/cz-shopatoa-img\/ro\/b4dac915-shopatoa_logo.png","contentUrl":"https:\/\/storage.googleapis.com\/cz-shopatoa-img\/ro\/b4dac915-shopatoa_logo.png","width":416,"height":63,"caption":"SHOPATOA"},"image":{"@id":"https:\/\/shopatoa.com\/ro\/#\/schema\/logo\/image\/"}}]}},"_links":{"self":[{"href":"https:\/\/shopatoa.com\/ro\/wp-json\/wp\/v2\/product\/473731","targetHints":{"allow":["GET"]}}],"collection":[{"href":"https:\/\/shopatoa.com\/ro\/wp-json\/wp\/v2\/product"}],"about":[{"href":"https:\/\/shopatoa.com\/ro\/wp-json\/wp\/v2\/types\/product"}],"replies":[{"embeddable":true,"href":"https:\/\/shopatoa.com\/ro\/wp-json\/wp\/v2\/comments?post=473731"}],"wp:featuredmedia":[{"embeddable":true,"href":"https:\/\/shopatoa.com\/ro\/wp-json\/wp\/v2\/media\/473732"}],"wp:attachment":[{"href":"https:\/\/shopatoa.com\/ro\/wp-json\/wp\/v2\/media?parent=473731"}],"wp:term":[{"taxonomy":"product_brand","embeddable":true,"href":"https:\/\/shopatoa.com\/ro\/wp-json\/wp\/v2\/product_brand?post=473731"},{"taxonomy":"product_cat","embeddable":true,"href":"https:\/\/shopatoa.com\/ro\/wp-json\/wp\/v2\/product_cat?post=473731"},{"taxonomy":"product_tag","embeddable":true,"href":"https:\/\/shopatoa.com\/ro\/wp-json\/wp\/v2\/product_tag?post=473731"}],"curies":[{"name":"wp","href":"https:\/\/api.w.org\/{rel}","templated":true}]}}