{"id":473801,"date":"2025-06-29T02:53:32","date_gmt":"2025-06-29T00:53:32","guid":{"rendered":"https:\/\/shopatoa.com\/ro\/remington-ultimate-series-head-shaver-xr1600-rx7-aparat-de-ras-pentru-cap-1-buc\/"},"modified":"2025-12-10T20:46:43","modified_gmt":"2025-12-10T19:46:43","slug":"remington-ultimate-series-head-shaver-xr1600-rx7-aparat-de-ras-pentru-cap-1-buc","status":"publish","type":"product","link":"https:\/\/shopatoa.com\/ro\/remington-ultimate-series-head-shaver-xr1600-rx7-aparat-de-ras-pentru-cap-1-buc\/","title":{"rendered":"Remington Ultimate Series Head Shaver XR1600 RX7 aparat de ras pentru cap 1 buc"},"content":{"rendered":"<p>Remington Ultimate Series Head Shaver XR1600 RX7, 1 buc, Aparate de ras electrice pentru b\u0103rba\u021bi, Dori\u021bi s\u0103 v\u0103 surprinde\u021bi anturajul cu un aspect perfect \u00eengrijit? Nu este nevoie s\u0103 apela\u021bi imediat la un salon specializat, aparatul Remington Ultimate Series Head Shaver XR1600 RX7 v\u0103 va oferi o tunsoare precis\u0103, ca din m\u00e2inile unui profesionist, \u00een confortul de acas\u0103, oferindu-v\u0103 astfel posibilitatea de a avea \u00een permanen\u021b\u0103 control asupra aspectului dvs. Iar datorit\u0103 utiliz\u0103rii u\u0219oare, va reu\u0219i s\u0103 realizeze ajust\u0103ri simple de styling literalmente oricine \u2013 aparatul asigur\u0103 el \u00eensu\u0219i un rezultat perfect \u0219i o precizie a lungimii de tuns.  Caracteristici:  asigur\u0103 aranjarea u\u0219oar\u0103 a p\u0103rului \u00eentre\u021binere u\u0219oar\u0103 form\u0103 ergonomic\u0103 \u00eenc\u0103rcare USB b\u0103rbiere\u0219te cu precizie  Cum se utilizeaz\u0103: Se vor urma instruc\u021biunile incluse.<\/p>\n","protected":false},"excerpt":{"rendered":"<p>Remington Ultimate Series Head Shaver XR1600 RX7, 1 buc, Aparate de ras electrice pentru b\u0103rba\u021bi, Dori\u021bi s\u0103 v\u0103 surprinde\u021bi anturajul cu un aspect perfect \u00eengrijit? Nu este nevoie s\u0103 apela\u021bi imediat la un salon specializat, aparatul Remington Ultimate Series Head Shaver XR1600 RX7 v\u0103 va oferi o tunsoare precis\u0103, ca din m\u00e2inile unui profesionist, \u00een&#8230;<\/p>\n","protected":false},"featured_media":473802,"comment_status":"closed","ping_status":"open","template":"","meta":{"_acf_changed":false,"_kadence_starter_templates_imported_post":false,"_kad_post_transparent":"","_kad_post_title":"","_kad_post_layout":"","_kad_post_sidebar_id":"","_kad_post_content_style":"","_kad_post_vertical_padding":"","_kad_post_feature":"","_kad_post_feature_position":"","_kad_post_header":false,"_kad_post_footer":false,"_kad_post_classname":""},"product_brand":[2074],"product_cat":[1881,1563,2053,1562],"product_tag":[],"class_list":{"0":"post-473801","1":"product","2":"type-product","3":"status-publish","4":"has-post-thumbnail","6":"product_brand-remington","7":"product_cat-barbierit-si-ingrijire","8":"product_cat-ingrijire-personala","9":"product_cat-masini-de-tuns-si-trimmere-de-par","10":"product_cat-sanatate-si-frumusete","11":"pa_gen-male","12":"pa_marime-1-buc","14":"first","15":"instock","16":"sale","17":"product-type-external","18":"entry","19":"content-bg","20":"loop-entry"},"acf":[],"yoast_head":"<!-- This site is optimized with the Yoast SEO plugin v27.4 - https:\/\/yoast.com\/product\/yoast-seo-wordpress\/ -->\n<title>Remington Ultimate Series Head Shaver XR1600 RX7 aparat de ras pentru cap 1 buc - SHOPATOA.COM<\/title>\n<meta name=\"robots\" content=\"index, follow, max-snippet:-1, max-image-preview:large, max-video-preview:-1\" \/>\n<link rel=\"canonical\" href=\"https:\/\/shopatoa.com\/ro\/remington-ultimate-series-head-shaver-xr1600-rx7-aparat-de-ras-pentru-cap-1-buc\/\" \/>\n<meta property=\"og:locale\" content=\"ro_RO\" \/>\n<meta property=\"og:type\" content=\"article\" \/>\n<meta property=\"og:title\" content=\"Remington Ultimate Series Head Shaver XR1600 RX7 aparat de ras pentru cap 1 buc - SHOPATOA.COM\" \/>\n<meta property=\"og:description\" content=\"Remington Ultimate Series Head Shaver XR1600 RX7, 1 buc, Aparate de ras electrice pentru b\u0103rba\u021bi, Dori\u021bi s\u0103 v\u0103 surprinde\u021bi anturajul cu un aspect perfect \u00eengrijit? Nu este nevoie s\u0103 apela\u021bi imediat la un salon specializat, aparatul Remington Ultimate Series Head Shaver XR1600 RX7 v\u0103 va oferi o tunsoare precis\u0103, ca din m\u00e2inile unui profesionist, \u00een...\" \/>\n<meta property=\"og:url\" content=\"https:\/\/shopatoa.com\/ro\/remington-ultimate-series-head-shaver-xr1600-rx7-aparat-de-ras-pentru-cap-1-buc\/\" \/>\n<meta property=\"og:site_name\" content=\"SHOPATOA\" \/>\n<meta property=\"article:modified_time\" content=\"2025-12-10T19:46:43+00:00\" \/>\n<meta property=\"og:image\" content=\"https:\/\/storage.googleapis.com\/cz-shopatoa-img\/ro\/c4f83c76-unnamed-file.webp\" \/>\n\t<meta property=\"og:image:width\" content=\"800\" \/>\n\t<meta property=\"og:image:height\" content=\"800\" \/>\n\t<meta property=\"og:image:type\" content=\"image\/webp\" \/>\n<meta name=\"twitter:card\" content=\"summary_large_image\" \/>\n<meta name=\"twitter:label1\" content=\"Timp estimat pentru citire\" \/>\n\t<meta name=\"twitter:data1\" content=\"1 minut\" \/>\n<script type=\"application\/ld+json\" class=\"yoast-schema-graph\">{\"@context\":\"https:\\\/\\\/schema.org\",\"@graph\":[{\"@type\":\"WebPage\",\"@id\":\"https:\\\/\\\/shopatoa.com\\\/ro\\\/remington-ultimate-series-head-shaver-xr1600-rx7-aparat-de-ras-pentru-cap-1-buc\\\/\",\"url\":\"https:\\\/\\\/shopatoa.com\\\/ro\\\/remington-ultimate-series-head-shaver-xr1600-rx7-aparat-de-ras-pentru-cap-1-buc\\\/\",\"name\":\"Remington Ultimate Series Head Shaver XR1600 RX7 aparat de ras pentru cap 1 buc - SHOPATOA.COM\",\"isPartOf\":{\"@id\":\"https:\\\/\\\/shopatoa.com\\\/ro\\\/#website\"},\"primaryImageOfPage\":{\"@id\":\"https:\\\/\\\/shopatoa.com\\\/ro\\\/remington-ultimate-series-head-shaver-xr1600-rx7-aparat-de-ras-pentru-cap-1-buc\\\/#primaryimage\"},\"image\":{\"@id\":\"https:\\\/\\\/shopatoa.com\\\/ro\\\/remington-ultimate-series-head-shaver-xr1600-rx7-aparat-de-ras-pentru-cap-1-buc\\\/#primaryimage\"},\"thumbnailUrl\":\"https:\\\/\\\/storage.googleapis.com\\\/cz-shopatoa-img\\\/ro\\\/c4f83c76-unnamed-file.webp\",\"datePublished\":\"2025-06-29T00:53:32+00:00\",\"dateModified\":\"2025-12-10T19:46:43+00:00\",\"breadcrumb\":{\"@id\":\"https:\\\/\\\/shopatoa.com\\\/ro\\\/remington-ultimate-series-head-shaver-xr1600-rx7-aparat-de-ras-pentru-cap-1-buc\\\/#breadcrumb\"},\"inLanguage\":\"ro-RO\",\"potentialAction\":[{\"@type\":\"ReadAction\",\"target\":[\"https:\\\/\\\/shopatoa.com\\\/ro\\\/remington-ultimate-series-head-shaver-xr1600-rx7-aparat-de-ras-pentru-cap-1-buc\\\/\"]}]},{\"@type\":\"ImageObject\",\"inLanguage\":\"ro-RO\",\"@id\":\"https:\\\/\\\/shopatoa.com\\\/ro\\\/remington-ultimate-series-head-shaver-xr1600-rx7-aparat-de-ras-pentru-cap-1-buc\\\/#primaryimage\",\"url\":\"https:\\\/\\\/storage.googleapis.com\\\/cz-shopatoa-img\\\/ro\\\/c4f83c76-unnamed-file.webp\",\"contentUrl\":\"https:\\\/\\\/storage.googleapis.com\\\/cz-shopatoa-img\\\/ro\\\/c4f83c76-unnamed-file.webp\",\"width\":800,\"height\":800},{\"@type\":\"BreadcrumbList\",\"@id\":\"https:\\\/\\\/shopatoa.com\\\/ro\\\/remington-ultimate-series-head-shaver-xr1600-rx7-aparat-de-ras-pentru-cap-1-buc\\\/#breadcrumb\",\"itemListElement\":[{\"@type\":\"ListItem\",\"position\":1,\"name\":\"Dom\u016f\",\"item\":\"https:\\\/\\\/shopatoa.com\\\/ro\\\/\"},{\"@type\":\"ListItem\",\"position\":2,\"name\":\"Shop\",\"item\":\"https:\\\/\\\/shopatoa.com\\\/ro\\\/shop\\\/\"},{\"@type\":\"ListItem\",\"position\":3,\"name\":\"S\u0103n\u0103tate \u0219i frumuse\u021be\",\"item\":\"https:\\\/\\\/shopatoa.com\\\/ro\\\/sanatate-si-frumusete\\\/\"},{\"@type\":\"ListItem\",\"position\":4,\"name\":\"\u00cengrijire personal\u0103\",\"item\":\"https:\\\/\\\/shopatoa.com\\\/ro\\\/ingrijire-personala\\\/\"},{\"@type\":\"ListItem\",\"position\":5,\"name\":\"B\u0103rbierit \u0219i \u00eengrijire\",\"item\":\"https:\\\/\\\/shopatoa.com\\\/ro\\\/barbierit-si-ingrijire\\\/\"},{\"@type\":\"ListItem\",\"position\":6,\"name\":\"Ma\u0219ini de tuns \u0219i trimmere de p\u0103r\",\"item\":\"https:\\\/\\\/shopatoa.com\\\/ro\\\/masini-de-tuns-si-trimmere-de-par\\\/\"},{\"@type\":\"ListItem\",\"position\":7,\"name\":\"Remington Ultimate Series Head Shaver XR1600 RX7 aparat de ras pentru cap 1 buc\"}]},{\"@type\":\"WebSite\",\"@id\":\"https:\\\/\\\/shopatoa.com\\\/ro\\\/#website\",\"url\":\"https:\\\/\\\/shopatoa.com\\\/ro\\\/\",\"name\":\"SHOPATOA\",\"description\":\"\",\"publisher\":{\"@id\":\"https:\\\/\\\/shopatoa.com\\\/ro\\\/#organization\"},\"potentialAction\":[{\"@type\":\"SearchAction\",\"target\":{\"@type\":\"EntryPoint\",\"urlTemplate\":\"https:\\\/\\\/shopatoa.com\\\/ro\\\/?s={search_term_string}\"},\"query-input\":{\"@type\":\"PropertyValueSpecification\",\"valueRequired\":true,\"valueName\":\"search_term_string\"}}],\"inLanguage\":\"ro-RO\"},{\"@type\":\"Organization\",\"@id\":\"https:\\\/\\\/shopatoa.com\\\/ro\\\/#organization\",\"name\":\"SHOPATOA\",\"url\":\"https:\\\/\\\/shopatoa.com\\\/ro\\\/\",\"logo\":{\"@type\":\"ImageObject\",\"inLanguage\":\"ro-RO\",\"@id\":\"https:\\\/\\\/shopatoa.com\\\/ro\\\/#\\\/schema\\\/logo\\\/image\\\/\",\"url\":\"https:\\\/\\\/storage.googleapis.com\\\/cz-shopatoa-img\\\/ro\\\/b4dac915-shopatoa_logo.png\",\"contentUrl\":\"https:\\\/\\\/storage.googleapis.com\\\/cz-shopatoa-img\\\/ro\\\/b4dac915-shopatoa_logo.png\",\"width\":416,\"height\":63,\"caption\":\"SHOPATOA\"},\"image\":{\"@id\":\"https:\\\/\\\/shopatoa.com\\\/ro\\\/#\\\/schema\\\/logo\\\/image\\\/\"}}]}<\/script>\n<!-- \/ Yoast SEO plugin. -->","yoast_head_json":{"title":"Remington Ultimate Series Head Shaver XR1600 RX7 aparat de ras pentru cap 1 buc - SHOPATOA.COM","robots":{"index":"index","follow":"follow","max-snippet":"max-snippet:-1","max-image-preview":"max-image-preview:large","max-video-preview":"max-video-preview:-1"},"canonical":"https:\/\/shopatoa.com\/ro\/remington-ultimate-series-head-shaver-xr1600-rx7-aparat-de-ras-pentru-cap-1-buc\/","og_locale":"ro_RO","og_type":"article","og_title":"Remington Ultimate Series Head Shaver XR1600 RX7 aparat de ras pentru cap 1 buc - SHOPATOA.COM","og_description":"Remington Ultimate Series Head Shaver XR1600 RX7, 1 buc, Aparate de ras electrice pentru b\u0103rba\u021bi, Dori\u021bi s\u0103 v\u0103 surprinde\u021bi anturajul cu un aspect perfect \u00eengrijit? Nu este nevoie s\u0103 apela\u021bi imediat la un salon specializat, aparatul Remington Ultimate Series Head Shaver XR1600 RX7 v\u0103 va oferi o tunsoare precis\u0103, ca din m\u00e2inile unui profesionist, \u00een...","og_url":"https:\/\/shopatoa.com\/ro\/remington-ultimate-series-head-shaver-xr1600-rx7-aparat-de-ras-pentru-cap-1-buc\/","og_site_name":"SHOPATOA","article_modified_time":"2025-12-10T19:46:43+00:00","og_image":[{"width":800,"height":800,"url":"https:\/\/storage.googleapis.com\/cz-shopatoa-img\/ro\/c4f83c76-unnamed-file.webp","type":"image\/webp"}],"twitter_card":"summary_large_image","twitter_misc":{"Timp estimat pentru citire":"1 minut"},"schema":{"@context":"https:\/\/schema.org","@graph":[{"@type":"WebPage","@id":"https:\/\/shopatoa.com\/ro\/remington-ultimate-series-head-shaver-xr1600-rx7-aparat-de-ras-pentru-cap-1-buc\/","url":"https:\/\/shopatoa.com\/ro\/remington-ultimate-series-head-shaver-xr1600-rx7-aparat-de-ras-pentru-cap-1-buc\/","name":"Remington Ultimate Series Head Shaver XR1600 RX7 aparat de ras pentru cap 1 buc - SHOPATOA.COM","isPartOf":{"@id":"https:\/\/shopatoa.com\/ro\/#website"},"primaryImageOfPage":{"@id":"https:\/\/shopatoa.com\/ro\/remington-ultimate-series-head-shaver-xr1600-rx7-aparat-de-ras-pentru-cap-1-buc\/#primaryimage"},"image":{"@id":"https:\/\/shopatoa.com\/ro\/remington-ultimate-series-head-shaver-xr1600-rx7-aparat-de-ras-pentru-cap-1-buc\/#primaryimage"},"thumbnailUrl":"https:\/\/storage.googleapis.com\/cz-shopatoa-img\/ro\/c4f83c76-unnamed-file.webp","datePublished":"2025-06-29T00:53:32+00:00","dateModified":"2025-12-10T19:46:43+00:00","breadcrumb":{"@id":"https:\/\/shopatoa.com\/ro\/remington-ultimate-series-head-shaver-xr1600-rx7-aparat-de-ras-pentru-cap-1-buc\/#breadcrumb"},"inLanguage":"ro-RO","potentialAction":[{"@type":"ReadAction","target":["https:\/\/shopatoa.com\/ro\/remington-ultimate-series-head-shaver-xr1600-rx7-aparat-de-ras-pentru-cap-1-buc\/"]}]},{"@type":"ImageObject","inLanguage":"ro-RO","@id":"https:\/\/shopatoa.com\/ro\/remington-ultimate-series-head-shaver-xr1600-rx7-aparat-de-ras-pentru-cap-1-buc\/#primaryimage","url":"https:\/\/storage.googleapis.com\/cz-shopatoa-img\/ro\/c4f83c76-unnamed-file.webp","contentUrl":"https:\/\/storage.googleapis.com\/cz-shopatoa-img\/ro\/c4f83c76-unnamed-file.webp","width":800,"height":800},{"@type":"BreadcrumbList","@id":"https:\/\/shopatoa.com\/ro\/remington-ultimate-series-head-shaver-xr1600-rx7-aparat-de-ras-pentru-cap-1-buc\/#breadcrumb","itemListElement":[{"@type":"ListItem","position":1,"name":"Dom\u016f","item":"https:\/\/shopatoa.com\/ro\/"},{"@type":"ListItem","position":2,"name":"Shop","item":"https:\/\/shopatoa.com\/ro\/shop\/"},{"@type":"ListItem","position":3,"name":"S\u0103n\u0103tate \u0219i frumuse\u021be","item":"https:\/\/shopatoa.com\/ro\/sanatate-si-frumusete\/"},{"@type":"ListItem","position":4,"name":"\u00cengrijire personal\u0103","item":"https:\/\/shopatoa.com\/ro\/ingrijire-personala\/"},{"@type":"ListItem","position":5,"name":"B\u0103rbierit \u0219i \u00eengrijire","item":"https:\/\/shopatoa.com\/ro\/barbierit-si-ingrijire\/"},{"@type":"ListItem","position":6,"name":"Ma\u0219ini de tuns \u0219i trimmere de p\u0103r","item":"https:\/\/shopatoa.com\/ro\/masini-de-tuns-si-trimmere-de-par\/"},{"@type":"ListItem","position":7,"name":"Remington Ultimate Series Head Shaver XR1600 RX7 aparat de ras pentru cap 1 buc"}]},{"@type":"WebSite","@id":"https:\/\/shopatoa.com\/ro\/#website","url":"https:\/\/shopatoa.com\/ro\/","name":"SHOPATOA","description":"","publisher":{"@id":"https:\/\/shopatoa.com\/ro\/#organization"},"potentialAction":[{"@type":"SearchAction","target":{"@type":"EntryPoint","urlTemplate":"https:\/\/shopatoa.com\/ro\/?s={search_term_string}"},"query-input":{"@type":"PropertyValueSpecification","valueRequired":true,"valueName":"search_term_string"}}],"inLanguage":"ro-RO"},{"@type":"Organization","@id":"https:\/\/shopatoa.com\/ro\/#organization","name":"SHOPATOA","url":"https:\/\/shopatoa.com\/ro\/","logo":{"@type":"ImageObject","inLanguage":"ro-RO","@id":"https:\/\/shopatoa.com\/ro\/#\/schema\/logo\/image\/","url":"https:\/\/storage.googleapis.com\/cz-shopatoa-img\/ro\/b4dac915-shopatoa_logo.png","contentUrl":"https:\/\/storage.googleapis.com\/cz-shopatoa-img\/ro\/b4dac915-shopatoa_logo.png","width":416,"height":63,"caption":"SHOPATOA"},"image":{"@id":"https:\/\/shopatoa.com\/ro\/#\/schema\/logo\/image\/"}}]}},"_links":{"self":[{"href":"https:\/\/shopatoa.com\/ro\/wp-json\/wp\/v2\/product\/473801","targetHints":{"allow":["GET"]}}],"collection":[{"href":"https:\/\/shopatoa.com\/ro\/wp-json\/wp\/v2\/product"}],"about":[{"href":"https:\/\/shopatoa.com\/ro\/wp-json\/wp\/v2\/types\/product"}],"replies":[{"embeddable":true,"href":"https:\/\/shopatoa.com\/ro\/wp-json\/wp\/v2\/comments?post=473801"}],"wp:featuredmedia":[{"embeddable":true,"href":"https:\/\/shopatoa.com\/ro\/wp-json\/wp\/v2\/media\/473802"}],"wp:attachment":[{"href":"https:\/\/shopatoa.com\/ro\/wp-json\/wp\/v2\/media?parent=473801"}],"wp:term":[{"taxonomy":"product_brand","embeddable":true,"href":"https:\/\/shopatoa.com\/ro\/wp-json\/wp\/v2\/product_brand?post=473801"},{"taxonomy":"product_cat","embeddable":true,"href":"https:\/\/shopatoa.com\/ro\/wp-json\/wp\/v2\/product_cat?post=473801"},{"taxonomy":"product_tag","embeddable":true,"href":"https:\/\/shopatoa.com\/ro\/wp-json\/wp\/v2\/product_tag?post=473801"}],"curies":[{"name":"wp","href":"https:\/\/api.w.org\/{rel}","templated":true}]}}