{"id":473859,"date":"2025-06-29T02:57:48","date_gmt":"2025-06-29T00:57:48","guid":{"rendered":"https:\/\/shopatoa.com\/ro\/sophie-la-girafe-eau-de-soin-parfumee-gift-set-set-cadou-i-pentru-nou-nascuti-si-copii\/"},"modified":"2025-12-10T20:24:15","modified_gmt":"2025-12-10T19:24:15","slug":"sophie-la-girafe-eau-de-soin-parfumee-gift-set-set-cadou-i-pentru-nou-nascuti-si-copii","status":"publish","type":"product","link":"https:\/\/shopatoa.com\/ro\/sophie-la-girafe-eau-de-soin-parfumee-gift-set-set-cadou-i-pentru-nou-nascuti-si-copii\/","title":{"rendered":"Sophie La Girafe Eau de Soin Parfumee Gift Set set cadou I. pentru nou-nascuti si copii"},"content":{"rendered":"<p>Sophie La Girafe Eau de Soin Parfumee Gift Set, Parfumuri pentru copii pentru copii, \u0218i copiii vor s\u0103 miroas\u0103 la fel de frumos ca p\u0103rin\u021bii lor. Setul de parfumuri Sophie La Girafe Eau de Soin Parfumee Gift Set aprinde stelu\u021be \u00een ochii copiilor. Setul \u00eei ajut\u0103 pe micu\u021bi s\u0103 se simt\u0103 mai mari, oferindu-le totodat\u0103 o distrac\u021bie pe cinste, datorit\u0103 juc\u0103riei simpatice. Aduce\u021bi bucurii celor mici cu un parfum frumos \u00eentr-un ambalaj juc\u0103u\u0219, al\u0103turi de personajul din povestea preferat\u0103.  Caracteristici:  foarte potrivit ca un cadou bucur\u0103 to\u021bi copiii \u00een ambalaj juc\u0103u\u0219 primul parfum al copilului dvs parfumul nu con\u021bine alcool cadou \u00een plus  primul parfum al copilului dvs  Setul con\u021bine:  lo\u021biune pentru fa\u021b\u0103 produs parfumat 100 ml juc\u0103rie de plu\u0219 1 buc<\/p>\n","protected":false},"excerpt":{"rendered":"<p>Sophie La Girafe Eau de Soin Parfumee Gift Set, Parfumuri pentru copii pentru copii, \u0218i copiii vor s\u0103 miroas\u0103 la fel de frumos ca p\u0103rin\u021bii lor. Setul de parfumuri Sophie La Girafe Eau de Soin Parfumee Gift Set aprinde stelu\u021be \u00een ochii copiilor. Setul \u00eei ajut\u0103 pe micu\u021bi s\u0103 se simt\u0103 mai mari, oferindu-le totodat\u0103&#8230;<\/p>\n","protected":false},"featured_media":473860,"comment_status":"closed","ping_status":"open","template":"","meta":{"_acf_changed":false,"_kadence_starter_templates_imported_post":false,"_kad_post_transparent":"","_kad_post_title":"","_kad_post_layout":"","_kad_post_sidebar_id":"","_kad_post_content_style":"","_kad_post_vertical_padding":"","_kad_post_feature":"","_kad_post_feature_position":"","_kad_post_header":false,"_kad_post_footer":false,"_kad_post_classname":""},"product_brand":[2089],"product_cat":[1564,1563,1562,1651],"product_tag":[],"class_list":{"0":"post-473859","1":"product","2":"type-product","3":"status-publish","4":"has-post-thumbnail","6":"product_brand-sophie-la-girafe","7":"product_cat-cosmetice-ingrijire-personala","8":"product_cat-ingrijire-personala","9":"product_cat-sanatate-si-frumusete","10":"product_cat-seturi-cosmetice","11":"pa_gen-unisex","13":"first","14":"instock","15":"sale","16":"product-type-external","17":"entry","18":"content-bg","19":"loop-entry"},"acf":[],"yoast_head":"<!-- This site is optimized with the Yoast SEO plugin v27.4 - https:\/\/yoast.com\/product\/yoast-seo-wordpress\/ -->\n<title>Sophie La Girafe Eau de Soin Parfumee Gift Set set cadou I. pentru nou-nascuti si copii - SHOPATOA.COM<\/title>\n<meta name=\"robots\" content=\"index, follow, max-snippet:-1, max-image-preview:large, max-video-preview:-1\" \/>\n<link rel=\"canonical\" href=\"https:\/\/shopatoa.com\/ro\/sophie-la-girafe-eau-de-soin-parfumee-gift-set-set-cadou-i-pentru-nou-nascuti-si-copii\/\" \/>\n<meta property=\"og:locale\" content=\"ro_RO\" \/>\n<meta property=\"og:type\" content=\"article\" \/>\n<meta property=\"og:title\" content=\"Sophie La Girafe Eau de Soin Parfumee Gift Set set cadou I. pentru nou-nascuti si copii - SHOPATOA.COM\" \/>\n<meta property=\"og:description\" content=\"Sophie La Girafe Eau de Soin Parfumee Gift Set, Parfumuri pentru copii pentru copii, \u0218i copiii vor s\u0103 miroas\u0103 la fel de frumos ca p\u0103rin\u021bii lor. Setul de parfumuri Sophie La Girafe Eau de Soin Parfumee Gift Set aprinde stelu\u021be \u00een ochii copiilor. Setul \u00eei ajut\u0103 pe micu\u021bi s\u0103 se simt\u0103 mai mari, oferindu-le totodat\u0103...\" \/>\n<meta property=\"og:url\" content=\"https:\/\/shopatoa.com\/ro\/sophie-la-girafe-eau-de-soin-parfumee-gift-set-set-cadou-i-pentru-nou-nascuti-si-copii\/\" \/>\n<meta property=\"og:site_name\" content=\"SHOPATOA\" \/>\n<meta property=\"article:modified_time\" content=\"2025-12-10T19:24:15+00:00\" \/>\n<meta property=\"og:image\" content=\"https:\/\/storage.googleapis.com\/cz-shopatoa-img\/ro\/2ef09544-unnamed-file.webp\" \/>\n\t<meta property=\"og:image:width\" content=\"800\" \/>\n\t<meta property=\"og:image:height\" content=\"800\" \/>\n\t<meta property=\"og:image:type\" content=\"image\/webp\" \/>\n<meta name=\"twitter:card\" content=\"summary_large_image\" \/>\n<meta name=\"twitter:label1\" content=\"Timp estimat pentru citire\" \/>\n\t<meta name=\"twitter:data1\" content=\"1 minut\" \/>\n<script type=\"application\/ld+json\" class=\"yoast-schema-graph\">{\"@context\":\"https:\\\/\\\/schema.org\",\"@graph\":[{\"@type\":\"WebPage\",\"@id\":\"https:\\\/\\\/shopatoa.com\\\/ro\\\/sophie-la-girafe-eau-de-soin-parfumee-gift-set-set-cadou-i-pentru-nou-nascuti-si-copii\\\/\",\"url\":\"https:\\\/\\\/shopatoa.com\\\/ro\\\/sophie-la-girafe-eau-de-soin-parfumee-gift-set-set-cadou-i-pentru-nou-nascuti-si-copii\\\/\",\"name\":\"Sophie La Girafe Eau de Soin Parfumee Gift Set set cadou I. pentru nou-nascuti si copii - SHOPATOA.COM\",\"isPartOf\":{\"@id\":\"https:\\\/\\\/shopatoa.com\\\/ro\\\/#website\"},\"primaryImageOfPage\":{\"@id\":\"https:\\\/\\\/shopatoa.com\\\/ro\\\/sophie-la-girafe-eau-de-soin-parfumee-gift-set-set-cadou-i-pentru-nou-nascuti-si-copii\\\/#primaryimage\"},\"image\":{\"@id\":\"https:\\\/\\\/shopatoa.com\\\/ro\\\/sophie-la-girafe-eau-de-soin-parfumee-gift-set-set-cadou-i-pentru-nou-nascuti-si-copii\\\/#primaryimage\"},\"thumbnailUrl\":\"https:\\\/\\\/storage.googleapis.com\\\/cz-shopatoa-img\\\/ro\\\/2ef09544-unnamed-file.webp\",\"datePublished\":\"2025-06-29T00:57:48+00:00\",\"dateModified\":\"2025-12-10T19:24:15+00:00\",\"breadcrumb\":{\"@id\":\"https:\\\/\\\/shopatoa.com\\\/ro\\\/sophie-la-girafe-eau-de-soin-parfumee-gift-set-set-cadou-i-pentru-nou-nascuti-si-copii\\\/#breadcrumb\"},\"inLanguage\":\"ro-RO\",\"potentialAction\":[{\"@type\":\"ReadAction\",\"target\":[\"https:\\\/\\\/shopatoa.com\\\/ro\\\/sophie-la-girafe-eau-de-soin-parfumee-gift-set-set-cadou-i-pentru-nou-nascuti-si-copii\\\/\"]}]},{\"@type\":\"ImageObject\",\"inLanguage\":\"ro-RO\",\"@id\":\"https:\\\/\\\/shopatoa.com\\\/ro\\\/sophie-la-girafe-eau-de-soin-parfumee-gift-set-set-cadou-i-pentru-nou-nascuti-si-copii\\\/#primaryimage\",\"url\":\"https:\\\/\\\/storage.googleapis.com\\\/cz-shopatoa-img\\\/ro\\\/2ef09544-unnamed-file.webp\",\"contentUrl\":\"https:\\\/\\\/storage.googleapis.com\\\/cz-shopatoa-img\\\/ro\\\/2ef09544-unnamed-file.webp\",\"width\":800,\"height\":800},{\"@type\":\"BreadcrumbList\",\"@id\":\"https:\\\/\\\/shopatoa.com\\\/ro\\\/sophie-la-girafe-eau-de-soin-parfumee-gift-set-set-cadou-i-pentru-nou-nascuti-si-copii\\\/#breadcrumb\",\"itemListElement\":[{\"@type\":\"ListItem\",\"position\":1,\"name\":\"Dom\u016f\",\"item\":\"https:\\\/\\\/shopatoa.com\\\/ro\\\/\"},{\"@type\":\"ListItem\",\"position\":2,\"name\":\"Shop\",\"item\":\"https:\\\/\\\/shopatoa.com\\\/ro\\\/shop\\\/\"},{\"@type\":\"ListItem\",\"position\":3,\"name\":\"S\u0103n\u0103tate \u0219i frumuse\u021be\",\"item\":\"https:\\\/\\\/shopatoa.com\\\/ro\\\/sanatate-si-frumusete\\\/\"},{\"@type\":\"ListItem\",\"position\":4,\"name\":\"\u00cengrijire personal\u0103\",\"item\":\"https:\\\/\\\/shopatoa.com\\\/ro\\\/ingrijire-personala\\\/\"},{\"@type\":\"ListItem\",\"position\":5,\"name\":\"Cosmetice\",\"item\":\"https:\\\/\\\/shopatoa.com\\\/ro\\\/cosmetice-ingrijire-personala\\\/\"},{\"@type\":\"ListItem\",\"position\":6,\"name\":\"Seturi cosmetice\",\"item\":\"https:\\\/\\\/shopatoa.com\\\/ro\\\/seturi-cosmetice\\\/\"},{\"@type\":\"ListItem\",\"position\":7,\"name\":\"Sophie La Girafe Eau de Soin Parfumee Gift Set set cadou I. pentru nou-nascuti si copii\"}]},{\"@type\":\"WebSite\",\"@id\":\"https:\\\/\\\/shopatoa.com\\\/ro\\\/#website\",\"url\":\"https:\\\/\\\/shopatoa.com\\\/ro\\\/\",\"name\":\"SHOPATOA\",\"description\":\"\",\"publisher\":{\"@id\":\"https:\\\/\\\/shopatoa.com\\\/ro\\\/#organization\"},\"potentialAction\":[{\"@type\":\"SearchAction\",\"target\":{\"@type\":\"EntryPoint\",\"urlTemplate\":\"https:\\\/\\\/shopatoa.com\\\/ro\\\/?s={search_term_string}\"},\"query-input\":{\"@type\":\"PropertyValueSpecification\",\"valueRequired\":true,\"valueName\":\"search_term_string\"}}],\"inLanguage\":\"ro-RO\"},{\"@type\":\"Organization\",\"@id\":\"https:\\\/\\\/shopatoa.com\\\/ro\\\/#organization\",\"name\":\"SHOPATOA\",\"url\":\"https:\\\/\\\/shopatoa.com\\\/ro\\\/\",\"logo\":{\"@type\":\"ImageObject\",\"inLanguage\":\"ro-RO\",\"@id\":\"https:\\\/\\\/shopatoa.com\\\/ro\\\/#\\\/schema\\\/logo\\\/image\\\/\",\"url\":\"https:\\\/\\\/storage.googleapis.com\\\/cz-shopatoa-img\\\/ro\\\/b4dac915-shopatoa_logo.png\",\"contentUrl\":\"https:\\\/\\\/storage.googleapis.com\\\/cz-shopatoa-img\\\/ro\\\/b4dac915-shopatoa_logo.png\",\"width\":416,\"height\":63,\"caption\":\"SHOPATOA\"},\"image\":{\"@id\":\"https:\\\/\\\/shopatoa.com\\\/ro\\\/#\\\/schema\\\/logo\\\/image\\\/\"}}]}<\/script>\n<!-- \/ Yoast SEO plugin. -->","yoast_head_json":{"title":"Sophie La Girafe Eau de Soin Parfumee Gift Set set cadou I. pentru nou-nascuti si copii - SHOPATOA.COM","robots":{"index":"index","follow":"follow","max-snippet":"max-snippet:-1","max-image-preview":"max-image-preview:large","max-video-preview":"max-video-preview:-1"},"canonical":"https:\/\/shopatoa.com\/ro\/sophie-la-girafe-eau-de-soin-parfumee-gift-set-set-cadou-i-pentru-nou-nascuti-si-copii\/","og_locale":"ro_RO","og_type":"article","og_title":"Sophie La Girafe Eau de Soin Parfumee Gift Set set cadou I. pentru nou-nascuti si copii - SHOPATOA.COM","og_description":"Sophie La Girafe Eau de Soin Parfumee Gift Set, Parfumuri pentru copii pentru copii, \u0218i copiii vor s\u0103 miroas\u0103 la fel de frumos ca p\u0103rin\u021bii lor. Setul de parfumuri Sophie La Girafe Eau de Soin Parfumee Gift Set aprinde stelu\u021be \u00een ochii copiilor. Setul \u00eei ajut\u0103 pe micu\u021bi s\u0103 se simt\u0103 mai mari, oferindu-le totodat\u0103...","og_url":"https:\/\/shopatoa.com\/ro\/sophie-la-girafe-eau-de-soin-parfumee-gift-set-set-cadou-i-pentru-nou-nascuti-si-copii\/","og_site_name":"SHOPATOA","article_modified_time":"2025-12-10T19:24:15+00:00","og_image":[{"width":800,"height":800,"url":"https:\/\/storage.googleapis.com\/cz-shopatoa-img\/ro\/2ef09544-unnamed-file.webp","type":"image\/webp"}],"twitter_card":"summary_large_image","twitter_misc":{"Timp estimat pentru citire":"1 minut"},"schema":{"@context":"https:\/\/schema.org","@graph":[{"@type":"WebPage","@id":"https:\/\/shopatoa.com\/ro\/sophie-la-girafe-eau-de-soin-parfumee-gift-set-set-cadou-i-pentru-nou-nascuti-si-copii\/","url":"https:\/\/shopatoa.com\/ro\/sophie-la-girafe-eau-de-soin-parfumee-gift-set-set-cadou-i-pentru-nou-nascuti-si-copii\/","name":"Sophie La Girafe Eau de Soin Parfumee Gift Set set cadou I. pentru nou-nascuti si copii - SHOPATOA.COM","isPartOf":{"@id":"https:\/\/shopatoa.com\/ro\/#website"},"primaryImageOfPage":{"@id":"https:\/\/shopatoa.com\/ro\/sophie-la-girafe-eau-de-soin-parfumee-gift-set-set-cadou-i-pentru-nou-nascuti-si-copii\/#primaryimage"},"image":{"@id":"https:\/\/shopatoa.com\/ro\/sophie-la-girafe-eau-de-soin-parfumee-gift-set-set-cadou-i-pentru-nou-nascuti-si-copii\/#primaryimage"},"thumbnailUrl":"https:\/\/storage.googleapis.com\/cz-shopatoa-img\/ro\/2ef09544-unnamed-file.webp","datePublished":"2025-06-29T00:57:48+00:00","dateModified":"2025-12-10T19:24:15+00:00","breadcrumb":{"@id":"https:\/\/shopatoa.com\/ro\/sophie-la-girafe-eau-de-soin-parfumee-gift-set-set-cadou-i-pentru-nou-nascuti-si-copii\/#breadcrumb"},"inLanguage":"ro-RO","potentialAction":[{"@type":"ReadAction","target":["https:\/\/shopatoa.com\/ro\/sophie-la-girafe-eau-de-soin-parfumee-gift-set-set-cadou-i-pentru-nou-nascuti-si-copii\/"]}]},{"@type":"ImageObject","inLanguage":"ro-RO","@id":"https:\/\/shopatoa.com\/ro\/sophie-la-girafe-eau-de-soin-parfumee-gift-set-set-cadou-i-pentru-nou-nascuti-si-copii\/#primaryimage","url":"https:\/\/storage.googleapis.com\/cz-shopatoa-img\/ro\/2ef09544-unnamed-file.webp","contentUrl":"https:\/\/storage.googleapis.com\/cz-shopatoa-img\/ro\/2ef09544-unnamed-file.webp","width":800,"height":800},{"@type":"BreadcrumbList","@id":"https:\/\/shopatoa.com\/ro\/sophie-la-girafe-eau-de-soin-parfumee-gift-set-set-cadou-i-pentru-nou-nascuti-si-copii\/#breadcrumb","itemListElement":[{"@type":"ListItem","position":1,"name":"Dom\u016f","item":"https:\/\/shopatoa.com\/ro\/"},{"@type":"ListItem","position":2,"name":"Shop","item":"https:\/\/shopatoa.com\/ro\/shop\/"},{"@type":"ListItem","position":3,"name":"S\u0103n\u0103tate \u0219i frumuse\u021be","item":"https:\/\/shopatoa.com\/ro\/sanatate-si-frumusete\/"},{"@type":"ListItem","position":4,"name":"\u00cengrijire personal\u0103","item":"https:\/\/shopatoa.com\/ro\/ingrijire-personala\/"},{"@type":"ListItem","position":5,"name":"Cosmetice","item":"https:\/\/shopatoa.com\/ro\/cosmetice-ingrijire-personala\/"},{"@type":"ListItem","position":6,"name":"Seturi cosmetice","item":"https:\/\/shopatoa.com\/ro\/seturi-cosmetice\/"},{"@type":"ListItem","position":7,"name":"Sophie La Girafe Eau de Soin Parfumee Gift Set set cadou I. pentru nou-nascuti si copii"}]},{"@type":"WebSite","@id":"https:\/\/shopatoa.com\/ro\/#website","url":"https:\/\/shopatoa.com\/ro\/","name":"SHOPATOA","description":"","publisher":{"@id":"https:\/\/shopatoa.com\/ro\/#organization"},"potentialAction":[{"@type":"SearchAction","target":{"@type":"EntryPoint","urlTemplate":"https:\/\/shopatoa.com\/ro\/?s={search_term_string}"},"query-input":{"@type":"PropertyValueSpecification","valueRequired":true,"valueName":"search_term_string"}}],"inLanguage":"ro-RO"},{"@type":"Organization","@id":"https:\/\/shopatoa.com\/ro\/#organization","name":"SHOPATOA","url":"https:\/\/shopatoa.com\/ro\/","logo":{"@type":"ImageObject","inLanguage":"ro-RO","@id":"https:\/\/shopatoa.com\/ro\/#\/schema\/logo\/image\/","url":"https:\/\/storage.googleapis.com\/cz-shopatoa-img\/ro\/b4dac915-shopatoa_logo.png","contentUrl":"https:\/\/storage.googleapis.com\/cz-shopatoa-img\/ro\/b4dac915-shopatoa_logo.png","width":416,"height":63,"caption":"SHOPATOA"},"image":{"@id":"https:\/\/shopatoa.com\/ro\/#\/schema\/logo\/image\/"}}]}},"_links":{"self":[{"href":"https:\/\/shopatoa.com\/ro\/wp-json\/wp\/v2\/product\/473859","targetHints":{"allow":["GET"]}}],"collection":[{"href":"https:\/\/shopatoa.com\/ro\/wp-json\/wp\/v2\/product"}],"about":[{"href":"https:\/\/shopatoa.com\/ro\/wp-json\/wp\/v2\/types\/product"}],"replies":[{"embeddable":true,"href":"https:\/\/shopatoa.com\/ro\/wp-json\/wp\/v2\/comments?post=473859"}],"wp:featuredmedia":[{"embeddable":true,"href":"https:\/\/shopatoa.com\/ro\/wp-json\/wp\/v2\/media\/473860"}],"wp:attachment":[{"href":"https:\/\/shopatoa.com\/ro\/wp-json\/wp\/v2\/media?parent=473859"}],"wp:term":[{"taxonomy":"product_brand","embeddable":true,"href":"https:\/\/shopatoa.com\/ro\/wp-json\/wp\/v2\/product_brand?post=473859"},{"taxonomy":"product_cat","embeddable":true,"href":"https:\/\/shopatoa.com\/ro\/wp-json\/wp\/v2\/product_cat?post=473859"},{"taxonomy":"product_tag","embeddable":true,"href":"https:\/\/shopatoa.com\/ro\/wp-json\/wp\/v2\/product_tag?post=473859"}],"curies":[{"name":"wp","href":"https:\/\/api.w.org\/{rel}","templated":true}]}}