{"id":473985,"date":"2025-06-29T03:10:18","date_gmt":"2025-06-29T01:10:18","guid":{"rendered":"https:\/\/shopatoa.com\/ro\/dermacol-compact-pudra-compacta-culoare-01-8-g\/"},"modified":"2025-12-10T20:03:34","modified_gmt":"2025-12-10T19:03:34","slug":"dermacol-compact-pudra-compacta-culoare-01-8-g","status":"publish","type":"product","link":"https:\/\/shopatoa.com\/ro\/dermacol-compact-pudra-compacta-culoare-01-8-g\/","title":{"rendered":"Dermacol Compact pudra compacta culoare 01  8 g"},"content":{"rendered":"<p>Dermacol Compact, 8 g, Pudra pentru femei, Fixa\u021bi-v\u0103 machiajul pentru a v\u0103 asigura o rezisten\u021b\u0103 \u00eendelungat\u0103 \u0219i un finish impecabil \u0219i radiant. Pudra DermacolCompact v\u0103 va permite s\u0103 ob\u021bine\u021bi un ten impecabil, lipsit de luciu nedorit, care pare \u00een acela\u0219i timp s\u0103 lumineze din interior. Textura sa pudr\u0103 absoarbe excesul de sebum \u0219i matifiaz\u0103 u\u0219or zonele problematice, l\u0103s\u00e2nd \u00een acela\u0219i timp tenul perfect radiant, neted \u0219i catifelat. \u00cen plus, fixeaz\u0103 machiajul aplicat, f\u0103r\u0103 s\u0103 se murd\u0103reasc\u0103 sau s\u0103 se depun\u0103 nedorit \u00een riduri. Efectul natural de estompare ajut\u0103 apoi la ascunderea vizual\u0103 a porilor foarte vizibili \u0219i a altor imperfec\u021biuni ale tenului.  Caracteristici:  confer\u0103 tenului un aspect mat perfect acoper\u0103 imperfec\u021biunile tenului \u0219i \u00eei uniformizeaz\u0103 nuan\u021ba confer\u0103 pielii un efect catifelat asigur\u0103 un look proasp\u0103t confer\u0103 iluzia unui ten perfect  Ingrediente:  vitamina E \u2013 hr\u0103ne\u0219te, ofer\u0103 protec\u021bie antioxidant\u0103 \u00eempotriva \u00eemb\u0103tr\u00e2nirii premature \u0219i a deterior\u0103rii cauzate de radicalii liberi, ajut\u0103 la netezirea ridurilor \u0219i la restabilirea fermit\u0103\u021bii \u0219i elasticit\u0103\u021bii pielii  Cum se utilizeaz\u0103: Pudra se aplic\u0103 pe fa\u021b\u0103, cu peria pentru matifierea tenului sau fixarea fondului de ten.<\/p>\n","protected":false},"excerpt":{"rendered":"<p>Dermacol Compact, 8 g, Pudra pentru femei, Fixa\u021bi-v\u0103 machiajul pentru a v\u0103 asigura o rezisten\u021b\u0103 \u00eendelungat\u0103 \u0219i un finish impecabil \u0219i radiant. Pudra DermacolCompact v\u0103 va permite s\u0103 ob\u021bine\u021bi un ten impecabil, lipsit de luciu nedorit, care pare \u00een acela\u0219i timp s\u0103 lumineze din interior. Textura sa pudr\u0103 absoarbe excesul de sebum \u0219i matifiaz\u0103 u\u0219or&#8230;<\/p>\n","protected":false},"featured_media":473986,"comment_status":"closed","ping_status":"open","template":"","meta":{"_acf_changed":false,"_kadence_starter_templates_imported_post":false,"_kad_post_transparent":"","_kad_post_title":"","_kad_post_layout":"","_kad_post_sidebar_id":"","_kad_post_content_style":"","_kad_post_vertical_padding":"","_kad_post_feature":"","_kad_post_feature_position":"","_kad_post_header":false,"_kad_post_footer":false,"_kad_post_classname":""},"product_brand":[126],"product_cat":[1564,1563,1576,1666,1667,1562],"product_tag":[],"class_list":{"0":"post-473985","1":"product","2":"type-product","3":"status-publish","4":"has-post-thumbnail","6":"product_brand-dermacol","7":"product_cat-cosmetice-ingrijire-personala","8":"product_cat-ingrijire-personala","9":"product_cat-machiaj","10":"product_cat-machiaj-pentru-fata-machiaj","11":"product_cat-pudra-pentru-fata","12":"product_cat-sanatate-si-frumusete","13":"pa_gen-female","14":"pa_marime-8-g","16":"first","17":"instock","18":"sale","19":"product-type-external","20":"entry","21":"content-bg","22":"loop-entry"},"acf":[],"yoast_head":"<!-- This site is optimized with the Yoast SEO plugin v27.3 - https:\/\/yoast.com\/product\/yoast-seo-wordpress\/ -->\n<title>Dermacol Compact pudra compacta culoare 01 8 g - SHOPATOA.COM<\/title>\n<meta name=\"robots\" content=\"index, follow, max-snippet:-1, max-image-preview:large, max-video-preview:-1\" \/>\n<link rel=\"canonical\" href=\"https:\/\/shopatoa.com\/ro\/dermacol-compact-pudra-compacta-culoare-01-8-g\/\" \/>\n<meta property=\"og:locale\" content=\"ro_RO\" \/>\n<meta property=\"og:type\" content=\"article\" \/>\n<meta property=\"og:title\" content=\"Dermacol Compact pudra compacta culoare 01 8 g - SHOPATOA.COM\" \/>\n<meta property=\"og:description\" content=\"Dermacol Compact, 8 g, Pudra pentru femei, Fixa\u021bi-v\u0103 machiajul pentru a v\u0103 asigura o rezisten\u021b\u0103 \u00eendelungat\u0103 \u0219i un finish impecabil \u0219i radiant. Pudra DermacolCompact v\u0103 va permite s\u0103 ob\u021bine\u021bi un ten impecabil, lipsit de luciu nedorit, care pare \u00een acela\u0219i timp s\u0103 lumineze din interior. Textura sa pudr\u0103 absoarbe excesul de sebum \u0219i matifiaz\u0103 u\u0219or...\" \/>\n<meta property=\"og:url\" content=\"https:\/\/shopatoa.com\/ro\/dermacol-compact-pudra-compacta-culoare-01-8-g\/\" \/>\n<meta property=\"og:site_name\" content=\"SHOPATOA\" \/>\n<meta property=\"article:modified_time\" content=\"2025-12-10T19:03:34+00:00\" \/>\n<meta property=\"og:image\" content=\"https:\/\/storage.googleapis.com\/cz-shopatoa-img\/ro\/01806380-unnamed-file.webp\" \/>\n\t<meta property=\"og:image:width\" content=\"800\" \/>\n\t<meta property=\"og:image:height\" content=\"800\" \/>\n\t<meta property=\"og:image:type\" content=\"image\/webp\" \/>\n<meta name=\"twitter:card\" content=\"summary_large_image\" \/>\n<meta name=\"twitter:label1\" content=\"Timp estimat pentru citire\" \/>\n\t<meta name=\"twitter:data1\" content=\"1 minut\" \/>\n<script type=\"application\/ld+json\" class=\"yoast-schema-graph\">{\"@context\":\"https:\\\/\\\/schema.org\",\"@graph\":[{\"@type\":\"WebPage\",\"@id\":\"https:\\\/\\\/shopatoa.com\\\/ro\\\/dermacol-compact-pudra-compacta-culoare-01-8-g\\\/\",\"url\":\"https:\\\/\\\/shopatoa.com\\\/ro\\\/dermacol-compact-pudra-compacta-culoare-01-8-g\\\/\",\"name\":\"Dermacol Compact pudra compacta culoare 01 8 g - SHOPATOA.COM\",\"isPartOf\":{\"@id\":\"https:\\\/\\\/shopatoa.com\\\/ro\\\/#website\"},\"primaryImageOfPage\":{\"@id\":\"https:\\\/\\\/shopatoa.com\\\/ro\\\/dermacol-compact-pudra-compacta-culoare-01-8-g\\\/#primaryimage\"},\"image\":{\"@id\":\"https:\\\/\\\/shopatoa.com\\\/ro\\\/dermacol-compact-pudra-compacta-culoare-01-8-g\\\/#primaryimage\"},\"thumbnailUrl\":\"https:\\\/\\\/storage.googleapis.com\\\/cz-shopatoa-img\\\/ro\\\/01806380-unnamed-file.webp\",\"datePublished\":\"2025-06-29T01:10:18+00:00\",\"dateModified\":\"2025-12-10T19:03:34+00:00\",\"breadcrumb\":{\"@id\":\"https:\\\/\\\/shopatoa.com\\\/ro\\\/dermacol-compact-pudra-compacta-culoare-01-8-g\\\/#breadcrumb\"},\"inLanguage\":\"ro-RO\",\"potentialAction\":[{\"@type\":\"ReadAction\",\"target\":[\"https:\\\/\\\/shopatoa.com\\\/ro\\\/dermacol-compact-pudra-compacta-culoare-01-8-g\\\/\"]}]},{\"@type\":\"ImageObject\",\"inLanguage\":\"ro-RO\",\"@id\":\"https:\\\/\\\/shopatoa.com\\\/ro\\\/dermacol-compact-pudra-compacta-culoare-01-8-g\\\/#primaryimage\",\"url\":\"https:\\\/\\\/storage.googleapis.com\\\/cz-shopatoa-img\\\/ro\\\/01806380-unnamed-file.webp\",\"contentUrl\":\"https:\\\/\\\/storage.googleapis.com\\\/cz-shopatoa-img\\\/ro\\\/01806380-unnamed-file.webp\",\"width\":800,\"height\":800},{\"@type\":\"BreadcrumbList\",\"@id\":\"https:\\\/\\\/shopatoa.com\\\/ro\\\/dermacol-compact-pudra-compacta-culoare-01-8-g\\\/#breadcrumb\",\"itemListElement\":[{\"@type\":\"ListItem\",\"position\":1,\"name\":\"Dom\u016f\",\"item\":\"https:\\\/\\\/shopatoa.com\\\/ro\\\/\"},{\"@type\":\"ListItem\",\"position\":2,\"name\":\"Shop\",\"item\":\"https:\\\/\\\/shopatoa.com\\\/ro\\\/shop\\\/\"},{\"@type\":\"ListItem\",\"position\":3,\"name\":\"S\u0103n\u0103tate \u0219i frumuse\u021be\",\"item\":\"https:\\\/\\\/shopatoa.com\\\/ro\\\/sanatate-si-frumusete\\\/\"},{\"@type\":\"ListItem\",\"position\":4,\"name\":\"\u00cengrijire personal\u0103\",\"item\":\"https:\\\/\\\/shopatoa.com\\\/ro\\\/ingrijire-personala\\\/\"},{\"@type\":\"ListItem\",\"position\":5,\"name\":\"Cosmetice\",\"item\":\"https:\\\/\\\/shopatoa.com\\\/ro\\\/cosmetice-ingrijire-personala\\\/\"},{\"@type\":\"ListItem\",\"position\":6,\"name\":\"Machiaj\",\"item\":\"https:\\\/\\\/shopatoa.com\\\/ro\\\/machiaj\\\/\"},{\"@type\":\"ListItem\",\"position\":7,\"name\":\"Machiaj pentru fa\u021b\u0103\",\"item\":\"https:\\\/\\\/shopatoa.com\\\/ro\\\/machiaj-pentru-fata-machiaj\\\/\"},{\"@type\":\"ListItem\",\"position\":8,\"name\":\"Pudr\u0103 pentru fa\u021b\u0103\",\"item\":\"https:\\\/\\\/shopatoa.com\\\/ro\\\/pudra-pentru-fata\\\/\"},{\"@type\":\"ListItem\",\"position\":9,\"name\":\"Dermacol Compact pudra compacta culoare 01 8 g\"}]},{\"@type\":\"WebSite\",\"@id\":\"https:\\\/\\\/shopatoa.com\\\/ro\\\/#website\",\"url\":\"https:\\\/\\\/shopatoa.com\\\/ro\\\/\",\"name\":\"SHOPATOA\",\"description\":\"\",\"publisher\":{\"@id\":\"https:\\\/\\\/shopatoa.com\\\/ro\\\/#organization\"},\"potentialAction\":[{\"@type\":\"SearchAction\",\"target\":{\"@type\":\"EntryPoint\",\"urlTemplate\":\"https:\\\/\\\/shopatoa.com\\\/ro\\\/?s={search_term_string}\"},\"query-input\":{\"@type\":\"PropertyValueSpecification\",\"valueRequired\":true,\"valueName\":\"search_term_string\"}}],\"inLanguage\":\"ro-RO\"},{\"@type\":\"Organization\",\"@id\":\"https:\\\/\\\/shopatoa.com\\\/ro\\\/#organization\",\"name\":\"SHOPATOA\",\"url\":\"https:\\\/\\\/shopatoa.com\\\/ro\\\/\",\"logo\":{\"@type\":\"ImageObject\",\"inLanguage\":\"ro-RO\",\"@id\":\"https:\\\/\\\/shopatoa.com\\\/ro\\\/#\\\/schema\\\/logo\\\/image\\\/\",\"url\":\"https:\\\/\\\/storage.googleapis.com\\\/cz-shopatoa-img\\\/ro\\\/b4dac915-shopatoa_logo.png\",\"contentUrl\":\"https:\\\/\\\/storage.googleapis.com\\\/cz-shopatoa-img\\\/ro\\\/b4dac915-shopatoa_logo.png\",\"width\":416,\"height\":63,\"caption\":\"SHOPATOA\"},\"image\":{\"@id\":\"https:\\\/\\\/shopatoa.com\\\/ro\\\/#\\\/schema\\\/logo\\\/image\\\/\"}}]}<\/script>\n<!-- \/ Yoast SEO plugin. -->","yoast_head_json":{"title":"Dermacol Compact pudra compacta culoare 01 8 g - SHOPATOA.COM","robots":{"index":"index","follow":"follow","max-snippet":"max-snippet:-1","max-image-preview":"max-image-preview:large","max-video-preview":"max-video-preview:-1"},"canonical":"https:\/\/shopatoa.com\/ro\/dermacol-compact-pudra-compacta-culoare-01-8-g\/","og_locale":"ro_RO","og_type":"article","og_title":"Dermacol Compact pudra compacta culoare 01 8 g - SHOPATOA.COM","og_description":"Dermacol Compact, 8 g, Pudra pentru femei, Fixa\u021bi-v\u0103 machiajul pentru a v\u0103 asigura o rezisten\u021b\u0103 \u00eendelungat\u0103 \u0219i un finish impecabil \u0219i radiant. Pudra DermacolCompact v\u0103 va permite s\u0103 ob\u021bine\u021bi un ten impecabil, lipsit de luciu nedorit, care pare \u00een acela\u0219i timp s\u0103 lumineze din interior. Textura sa pudr\u0103 absoarbe excesul de sebum \u0219i matifiaz\u0103 u\u0219or...","og_url":"https:\/\/shopatoa.com\/ro\/dermacol-compact-pudra-compacta-culoare-01-8-g\/","og_site_name":"SHOPATOA","article_modified_time":"2025-12-10T19:03:34+00:00","og_image":[{"width":800,"height":800,"url":"https:\/\/storage.googleapis.com\/cz-shopatoa-img\/ro\/01806380-unnamed-file.webp","type":"image\/webp"}],"twitter_card":"summary_large_image","twitter_misc":{"Timp estimat pentru citire":"1 minut"},"schema":{"@context":"https:\/\/schema.org","@graph":[{"@type":"WebPage","@id":"https:\/\/shopatoa.com\/ro\/dermacol-compact-pudra-compacta-culoare-01-8-g\/","url":"https:\/\/shopatoa.com\/ro\/dermacol-compact-pudra-compacta-culoare-01-8-g\/","name":"Dermacol Compact pudra compacta culoare 01 8 g - SHOPATOA.COM","isPartOf":{"@id":"https:\/\/shopatoa.com\/ro\/#website"},"primaryImageOfPage":{"@id":"https:\/\/shopatoa.com\/ro\/dermacol-compact-pudra-compacta-culoare-01-8-g\/#primaryimage"},"image":{"@id":"https:\/\/shopatoa.com\/ro\/dermacol-compact-pudra-compacta-culoare-01-8-g\/#primaryimage"},"thumbnailUrl":"https:\/\/storage.googleapis.com\/cz-shopatoa-img\/ro\/01806380-unnamed-file.webp","datePublished":"2025-06-29T01:10:18+00:00","dateModified":"2025-12-10T19:03:34+00:00","breadcrumb":{"@id":"https:\/\/shopatoa.com\/ro\/dermacol-compact-pudra-compacta-culoare-01-8-g\/#breadcrumb"},"inLanguage":"ro-RO","potentialAction":[{"@type":"ReadAction","target":["https:\/\/shopatoa.com\/ro\/dermacol-compact-pudra-compacta-culoare-01-8-g\/"]}]},{"@type":"ImageObject","inLanguage":"ro-RO","@id":"https:\/\/shopatoa.com\/ro\/dermacol-compact-pudra-compacta-culoare-01-8-g\/#primaryimage","url":"https:\/\/storage.googleapis.com\/cz-shopatoa-img\/ro\/01806380-unnamed-file.webp","contentUrl":"https:\/\/storage.googleapis.com\/cz-shopatoa-img\/ro\/01806380-unnamed-file.webp","width":800,"height":800},{"@type":"BreadcrumbList","@id":"https:\/\/shopatoa.com\/ro\/dermacol-compact-pudra-compacta-culoare-01-8-g\/#breadcrumb","itemListElement":[{"@type":"ListItem","position":1,"name":"Dom\u016f","item":"https:\/\/shopatoa.com\/ro\/"},{"@type":"ListItem","position":2,"name":"Shop","item":"https:\/\/shopatoa.com\/ro\/shop\/"},{"@type":"ListItem","position":3,"name":"S\u0103n\u0103tate \u0219i frumuse\u021be","item":"https:\/\/shopatoa.com\/ro\/sanatate-si-frumusete\/"},{"@type":"ListItem","position":4,"name":"\u00cengrijire personal\u0103","item":"https:\/\/shopatoa.com\/ro\/ingrijire-personala\/"},{"@type":"ListItem","position":5,"name":"Cosmetice","item":"https:\/\/shopatoa.com\/ro\/cosmetice-ingrijire-personala\/"},{"@type":"ListItem","position":6,"name":"Machiaj","item":"https:\/\/shopatoa.com\/ro\/machiaj\/"},{"@type":"ListItem","position":7,"name":"Machiaj pentru fa\u021b\u0103","item":"https:\/\/shopatoa.com\/ro\/machiaj-pentru-fata-machiaj\/"},{"@type":"ListItem","position":8,"name":"Pudr\u0103 pentru fa\u021b\u0103","item":"https:\/\/shopatoa.com\/ro\/pudra-pentru-fata\/"},{"@type":"ListItem","position":9,"name":"Dermacol Compact pudra compacta culoare 01 8 g"}]},{"@type":"WebSite","@id":"https:\/\/shopatoa.com\/ro\/#website","url":"https:\/\/shopatoa.com\/ro\/","name":"SHOPATOA","description":"","publisher":{"@id":"https:\/\/shopatoa.com\/ro\/#organization"},"potentialAction":[{"@type":"SearchAction","target":{"@type":"EntryPoint","urlTemplate":"https:\/\/shopatoa.com\/ro\/?s={search_term_string}"},"query-input":{"@type":"PropertyValueSpecification","valueRequired":true,"valueName":"search_term_string"}}],"inLanguage":"ro-RO"},{"@type":"Organization","@id":"https:\/\/shopatoa.com\/ro\/#organization","name":"SHOPATOA","url":"https:\/\/shopatoa.com\/ro\/","logo":{"@type":"ImageObject","inLanguage":"ro-RO","@id":"https:\/\/shopatoa.com\/ro\/#\/schema\/logo\/image\/","url":"https:\/\/storage.googleapis.com\/cz-shopatoa-img\/ro\/b4dac915-shopatoa_logo.png","contentUrl":"https:\/\/storage.googleapis.com\/cz-shopatoa-img\/ro\/b4dac915-shopatoa_logo.png","width":416,"height":63,"caption":"SHOPATOA"},"image":{"@id":"https:\/\/shopatoa.com\/ro\/#\/schema\/logo\/image\/"}}]}},"_links":{"self":[{"href":"https:\/\/shopatoa.com\/ro\/wp-json\/wp\/v2\/product\/473985","targetHints":{"allow":["GET"]}}],"collection":[{"href":"https:\/\/shopatoa.com\/ro\/wp-json\/wp\/v2\/product"}],"about":[{"href":"https:\/\/shopatoa.com\/ro\/wp-json\/wp\/v2\/types\/product"}],"replies":[{"embeddable":true,"href":"https:\/\/shopatoa.com\/ro\/wp-json\/wp\/v2\/comments?post=473985"}],"wp:featuredmedia":[{"embeddable":true,"href":"https:\/\/shopatoa.com\/ro\/wp-json\/wp\/v2\/media\/473986"}],"wp:attachment":[{"href":"https:\/\/shopatoa.com\/ro\/wp-json\/wp\/v2\/media?parent=473985"}],"wp:term":[{"taxonomy":"product_brand","embeddable":true,"href":"https:\/\/shopatoa.com\/ro\/wp-json\/wp\/v2\/product_brand?post=473985"},{"taxonomy":"product_cat","embeddable":true,"href":"https:\/\/shopatoa.com\/ro\/wp-json\/wp\/v2\/product_cat?post=473985"},{"taxonomy":"product_tag","embeddable":true,"href":"https:\/\/shopatoa.com\/ro\/wp-json\/wp\/v2\/product_tag?post=473985"}],"curies":[{"name":"wp","href":"https:\/\/api.w.org\/{rel}","templated":true}]}}