{"id":474141,"date":"2025-06-29T03:23:37","date_gmt":"2025-06-29T01:23:37","guid":{"rendered":"https:\/\/shopatoa.com\/ro\/opi-xpress-on-unghii-artificiale-strawberry-margarita-30-buc\/"},"modified":"2025-12-10T19:25:18","modified_gmt":"2025-12-10T18:25:18","slug":"opi-xpress-on-unghii-artificiale-strawberry-margarita-30-buc","status":"publish","type":"product","link":"https:\/\/shopatoa.com\/ro\/opi-xpress-on-unghii-artificiale-strawberry-margarita-30-buc\/","title":{"rendered":"OPI xPRESS\/ON unghii artificiale Strawberry Margarita 30 buc"},"content":{"rendered":"<p>OPI xPRESS\/ON, 30 buc, ingrijirea unghiilor pentru femei, Extinde\u021bi op\u021biunile de \u00eengrijire perfect\u0103 a unghiilor. Produsul OPI xPRESS\/ON v\u0103 va ajuta cu manichiura acas\u0103 \u2013 v\u0103 va \u00eembun\u0103t\u0103\u021bi rutina \u0219i va completa perfect instrumentele sau produsele cosmetice pe care le folosi\u021bi deja. Va avea grij\u0103 ca unghiile dvs. s\u0103 aib\u0103 \u00eentotdeauna o form\u0103 perfect\u0103 \u0219i un aspect \u00eengrijit, pentru ca m\u00e2inile dvs. s\u0103 fie \u0219i mai frumoase.  Caracteristici:  unghii false de diferite forme pentru crearea unei manichiuri perfecte v\u0103 permit s\u0103 crea\u021bi o manichiur\u0103 impecabil\u0103 ca la salon \u00een c\u00e2teva minute asigur\u0103 un aspect perfect al unghiilor timp de p\u00e2n\u0103 la 14 zile  Cum se utilizeaz\u0103: Ap\u0103sa\u021bi ferm unghia fals\u0103 pe unghia dvs. \u2013 mai \u00eent\u00e2i pe centru, apoi pe laterale. \u021aine\u021bi fiecare unghie timp de cel pu\u021bin 30 secunde.<\/p>\n","protected":false},"excerpt":{"rendered":"<p>OPI xPRESS\/ON, 30 buc, ingrijirea unghiilor pentru femei, Extinde\u021bi op\u021biunile de \u00eengrijire perfect\u0103 a unghiilor. Produsul OPI xPRESS\/ON v\u0103 va ajuta cu manichiura acas\u0103 \u2013 v\u0103 va \u00eembun\u0103t\u0103\u021bi rutina \u0219i va completa perfect instrumentele sau produsele cosmetice pe care le folosi\u021bi deja. Va avea grij\u0103 ca unghiile dvs. s\u0103 aib\u0103 \u00eentotdeauna o form\u0103 perfect\u0103 \u0219i&#8230;<\/p>\n","protected":false},"featured_media":474142,"comment_status":"closed","ping_status":"open","template":"","meta":{"_acf_changed":false,"_kadence_starter_templates_imported_post":false,"_kad_post_transparent":"","_kad_post_title":"","_kad_post_layout":"","_kad_post_sidebar_id":"","_kad_post_content_style":"","_kad_post_vertical_padding":"","_kad_post_feature":"","_kad_post_feature_position":"","_kad_post_header":false,"_kad_post_footer":false,"_kad_post_classname":""},"product_brand":[811],"product_cat":[1564,1563,1581,1562],"product_tag":[],"class_list":{"0":"post-474141","1":"product","2":"type-product","3":"status-publish","4":"has-post-thumbnail","6":"product_brand-opi","7":"product_cat-cosmetice-ingrijire-personala","8":"product_cat-ingrijire-personala","9":"product_cat-ingrijirea-unghiilor","10":"product_cat-sanatate-si-frumusete","11":"pa_gen-female","12":"pa_marime-30-buc","14":"first","15":"instock","16":"sale","17":"product-type-external","18":"entry","19":"content-bg","20":"loop-entry"},"acf":[],"yoast_head":"<!-- This site is optimized with the Yoast SEO plugin v27.4 - https:\/\/yoast.com\/product\/yoast-seo-wordpress\/ -->\n<title>OPI xPRESS\/ON unghii artificiale Strawberry Margarita 30 buc - SHOPATOA.COM<\/title>\n<meta name=\"robots\" content=\"index, follow, max-snippet:-1, max-image-preview:large, max-video-preview:-1\" \/>\n<link rel=\"canonical\" href=\"https:\/\/shopatoa.com\/ro\/opi-xpress-on-unghii-artificiale-strawberry-margarita-30-buc\/\" \/>\n<meta property=\"og:locale\" content=\"ro_RO\" \/>\n<meta property=\"og:type\" content=\"article\" \/>\n<meta property=\"og:title\" content=\"OPI xPRESS\/ON unghii artificiale Strawberry Margarita 30 buc - SHOPATOA.COM\" \/>\n<meta property=\"og:description\" content=\"OPI xPRESS\/ON, 30 buc, ingrijirea unghiilor pentru femei, Extinde\u021bi op\u021biunile de \u00eengrijire perfect\u0103 a unghiilor. Produsul OPI xPRESS\/ON v\u0103 va ajuta cu manichiura acas\u0103 \u2013 v\u0103 va \u00eembun\u0103t\u0103\u021bi rutina \u0219i va completa perfect instrumentele sau produsele cosmetice pe care le folosi\u021bi deja. Va avea grij\u0103 ca unghiile dvs. s\u0103 aib\u0103 \u00eentotdeauna o form\u0103 perfect\u0103 \u0219i...\" \/>\n<meta property=\"og:url\" content=\"https:\/\/shopatoa.com\/ro\/opi-xpress-on-unghii-artificiale-strawberry-margarita-30-buc\/\" \/>\n<meta property=\"og:site_name\" content=\"SHOPATOA\" \/>\n<meta property=\"article:modified_time\" content=\"2025-12-10T18:25:18+00:00\" \/>\n<meta property=\"og:image\" content=\"https:\/\/storage.googleapis.com\/cz-shopatoa-img\/ro\/f3207b2b-unnamed-file.webp\" \/>\n\t<meta property=\"og:image:width\" content=\"800\" \/>\n\t<meta property=\"og:image:height\" content=\"800\" \/>\n\t<meta property=\"og:image:type\" content=\"image\/webp\" \/>\n<meta name=\"twitter:card\" content=\"summary_large_image\" \/>\n<meta name=\"twitter:label1\" content=\"Timp estimat pentru citire\" \/>\n\t<meta name=\"twitter:data1\" content=\"1 minut\" \/>\n<script type=\"application\/ld+json\" class=\"yoast-schema-graph\">{\"@context\":\"https:\\\/\\\/schema.org\",\"@graph\":[{\"@type\":\"WebPage\",\"@id\":\"https:\\\/\\\/shopatoa.com\\\/ro\\\/opi-xpress-on-unghii-artificiale-strawberry-margarita-30-buc\\\/\",\"url\":\"https:\\\/\\\/shopatoa.com\\\/ro\\\/opi-xpress-on-unghii-artificiale-strawberry-margarita-30-buc\\\/\",\"name\":\"OPI xPRESS\\\/ON unghii artificiale Strawberry Margarita 30 buc - SHOPATOA.COM\",\"isPartOf\":{\"@id\":\"https:\\\/\\\/shopatoa.com\\\/ro\\\/#website\"},\"primaryImageOfPage\":{\"@id\":\"https:\\\/\\\/shopatoa.com\\\/ro\\\/opi-xpress-on-unghii-artificiale-strawberry-margarita-30-buc\\\/#primaryimage\"},\"image\":{\"@id\":\"https:\\\/\\\/shopatoa.com\\\/ro\\\/opi-xpress-on-unghii-artificiale-strawberry-margarita-30-buc\\\/#primaryimage\"},\"thumbnailUrl\":\"https:\\\/\\\/storage.googleapis.com\\\/cz-shopatoa-img\\\/ro\\\/f3207b2b-unnamed-file.webp\",\"datePublished\":\"2025-06-29T01:23:37+00:00\",\"dateModified\":\"2025-12-10T18:25:18+00:00\",\"breadcrumb\":{\"@id\":\"https:\\\/\\\/shopatoa.com\\\/ro\\\/opi-xpress-on-unghii-artificiale-strawberry-margarita-30-buc\\\/#breadcrumb\"},\"inLanguage\":\"ro-RO\",\"potentialAction\":[{\"@type\":\"ReadAction\",\"target\":[\"https:\\\/\\\/shopatoa.com\\\/ro\\\/opi-xpress-on-unghii-artificiale-strawberry-margarita-30-buc\\\/\"]}]},{\"@type\":\"ImageObject\",\"inLanguage\":\"ro-RO\",\"@id\":\"https:\\\/\\\/shopatoa.com\\\/ro\\\/opi-xpress-on-unghii-artificiale-strawberry-margarita-30-buc\\\/#primaryimage\",\"url\":\"https:\\\/\\\/storage.googleapis.com\\\/cz-shopatoa-img\\\/ro\\\/f3207b2b-unnamed-file.webp\",\"contentUrl\":\"https:\\\/\\\/storage.googleapis.com\\\/cz-shopatoa-img\\\/ro\\\/f3207b2b-unnamed-file.webp\",\"width\":800,\"height\":800},{\"@type\":\"BreadcrumbList\",\"@id\":\"https:\\\/\\\/shopatoa.com\\\/ro\\\/opi-xpress-on-unghii-artificiale-strawberry-margarita-30-buc\\\/#breadcrumb\",\"itemListElement\":[{\"@type\":\"ListItem\",\"position\":1,\"name\":\"Dom\u016f\",\"item\":\"https:\\\/\\\/shopatoa.com\\\/ro\\\/\"},{\"@type\":\"ListItem\",\"position\":2,\"name\":\"Shop\",\"item\":\"https:\\\/\\\/shopatoa.com\\\/ro\\\/shop\\\/\"},{\"@type\":\"ListItem\",\"position\":3,\"name\":\"S\u0103n\u0103tate \u0219i frumuse\u021be\",\"item\":\"https:\\\/\\\/shopatoa.com\\\/ro\\\/sanatate-si-frumusete\\\/\"},{\"@type\":\"ListItem\",\"position\":4,\"name\":\"\u00cengrijire personal\u0103\",\"item\":\"https:\\\/\\\/shopatoa.com\\\/ro\\\/ingrijire-personala\\\/\"},{\"@type\":\"ListItem\",\"position\":5,\"name\":\"Cosmetice\",\"item\":\"https:\\\/\\\/shopatoa.com\\\/ro\\\/cosmetice-ingrijire-personala\\\/\"},{\"@type\":\"ListItem\",\"position\":6,\"name\":\"\u00cengrijirea unghiilor\",\"item\":\"https:\\\/\\\/shopatoa.com\\\/ro\\\/ingrijirea-unghiilor\\\/\"},{\"@type\":\"ListItem\",\"position\":7,\"name\":\"OPI xPRESS\\\/ON unghii artificiale Strawberry Margarita 30 buc\"}]},{\"@type\":\"WebSite\",\"@id\":\"https:\\\/\\\/shopatoa.com\\\/ro\\\/#website\",\"url\":\"https:\\\/\\\/shopatoa.com\\\/ro\\\/\",\"name\":\"SHOPATOA\",\"description\":\"\",\"publisher\":{\"@id\":\"https:\\\/\\\/shopatoa.com\\\/ro\\\/#organization\"},\"potentialAction\":[{\"@type\":\"SearchAction\",\"target\":{\"@type\":\"EntryPoint\",\"urlTemplate\":\"https:\\\/\\\/shopatoa.com\\\/ro\\\/?s={search_term_string}\"},\"query-input\":{\"@type\":\"PropertyValueSpecification\",\"valueRequired\":true,\"valueName\":\"search_term_string\"}}],\"inLanguage\":\"ro-RO\"},{\"@type\":\"Organization\",\"@id\":\"https:\\\/\\\/shopatoa.com\\\/ro\\\/#organization\",\"name\":\"SHOPATOA\",\"url\":\"https:\\\/\\\/shopatoa.com\\\/ro\\\/\",\"logo\":{\"@type\":\"ImageObject\",\"inLanguage\":\"ro-RO\",\"@id\":\"https:\\\/\\\/shopatoa.com\\\/ro\\\/#\\\/schema\\\/logo\\\/image\\\/\",\"url\":\"https:\\\/\\\/storage.googleapis.com\\\/cz-shopatoa-img\\\/ro\\\/b4dac915-shopatoa_logo.png\",\"contentUrl\":\"https:\\\/\\\/storage.googleapis.com\\\/cz-shopatoa-img\\\/ro\\\/b4dac915-shopatoa_logo.png\",\"width\":416,\"height\":63,\"caption\":\"SHOPATOA\"},\"image\":{\"@id\":\"https:\\\/\\\/shopatoa.com\\\/ro\\\/#\\\/schema\\\/logo\\\/image\\\/\"}}]}<\/script>\n<!-- \/ Yoast SEO plugin. -->","yoast_head_json":{"title":"OPI xPRESS\/ON unghii artificiale Strawberry Margarita 30 buc - SHOPATOA.COM","robots":{"index":"index","follow":"follow","max-snippet":"max-snippet:-1","max-image-preview":"max-image-preview:large","max-video-preview":"max-video-preview:-1"},"canonical":"https:\/\/shopatoa.com\/ro\/opi-xpress-on-unghii-artificiale-strawberry-margarita-30-buc\/","og_locale":"ro_RO","og_type":"article","og_title":"OPI xPRESS\/ON unghii artificiale Strawberry Margarita 30 buc - SHOPATOA.COM","og_description":"OPI xPRESS\/ON, 30 buc, ingrijirea unghiilor pentru femei, Extinde\u021bi op\u021biunile de \u00eengrijire perfect\u0103 a unghiilor. Produsul OPI xPRESS\/ON v\u0103 va ajuta cu manichiura acas\u0103 \u2013 v\u0103 va \u00eembun\u0103t\u0103\u021bi rutina \u0219i va completa perfect instrumentele sau produsele cosmetice pe care le folosi\u021bi deja. Va avea grij\u0103 ca unghiile dvs. s\u0103 aib\u0103 \u00eentotdeauna o form\u0103 perfect\u0103 \u0219i...","og_url":"https:\/\/shopatoa.com\/ro\/opi-xpress-on-unghii-artificiale-strawberry-margarita-30-buc\/","og_site_name":"SHOPATOA","article_modified_time":"2025-12-10T18:25:18+00:00","og_image":[{"width":800,"height":800,"url":"https:\/\/storage.googleapis.com\/cz-shopatoa-img\/ro\/f3207b2b-unnamed-file.webp","type":"image\/webp"}],"twitter_card":"summary_large_image","twitter_misc":{"Timp estimat pentru citire":"1 minut"},"schema":{"@context":"https:\/\/schema.org","@graph":[{"@type":"WebPage","@id":"https:\/\/shopatoa.com\/ro\/opi-xpress-on-unghii-artificiale-strawberry-margarita-30-buc\/","url":"https:\/\/shopatoa.com\/ro\/opi-xpress-on-unghii-artificiale-strawberry-margarita-30-buc\/","name":"OPI xPRESS\/ON unghii artificiale Strawberry Margarita 30 buc - SHOPATOA.COM","isPartOf":{"@id":"https:\/\/shopatoa.com\/ro\/#website"},"primaryImageOfPage":{"@id":"https:\/\/shopatoa.com\/ro\/opi-xpress-on-unghii-artificiale-strawberry-margarita-30-buc\/#primaryimage"},"image":{"@id":"https:\/\/shopatoa.com\/ro\/opi-xpress-on-unghii-artificiale-strawberry-margarita-30-buc\/#primaryimage"},"thumbnailUrl":"https:\/\/storage.googleapis.com\/cz-shopatoa-img\/ro\/f3207b2b-unnamed-file.webp","datePublished":"2025-06-29T01:23:37+00:00","dateModified":"2025-12-10T18:25:18+00:00","breadcrumb":{"@id":"https:\/\/shopatoa.com\/ro\/opi-xpress-on-unghii-artificiale-strawberry-margarita-30-buc\/#breadcrumb"},"inLanguage":"ro-RO","potentialAction":[{"@type":"ReadAction","target":["https:\/\/shopatoa.com\/ro\/opi-xpress-on-unghii-artificiale-strawberry-margarita-30-buc\/"]}]},{"@type":"ImageObject","inLanguage":"ro-RO","@id":"https:\/\/shopatoa.com\/ro\/opi-xpress-on-unghii-artificiale-strawberry-margarita-30-buc\/#primaryimage","url":"https:\/\/storage.googleapis.com\/cz-shopatoa-img\/ro\/f3207b2b-unnamed-file.webp","contentUrl":"https:\/\/storage.googleapis.com\/cz-shopatoa-img\/ro\/f3207b2b-unnamed-file.webp","width":800,"height":800},{"@type":"BreadcrumbList","@id":"https:\/\/shopatoa.com\/ro\/opi-xpress-on-unghii-artificiale-strawberry-margarita-30-buc\/#breadcrumb","itemListElement":[{"@type":"ListItem","position":1,"name":"Dom\u016f","item":"https:\/\/shopatoa.com\/ro\/"},{"@type":"ListItem","position":2,"name":"Shop","item":"https:\/\/shopatoa.com\/ro\/shop\/"},{"@type":"ListItem","position":3,"name":"S\u0103n\u0103tate \u0219i frumuse\u021be","item":"https:\/\/shopatoa.com\/ro\/sanatate-si-frumusete\/"},{"@type":"ListItem","position":4,"name":"\u00cengrijire personal\u0103","item":"https:\/\/shopatoa.com\/ro\/ingrijire-personala\/"},{"@type":"ListItem","position":5,"name":"Cosmetice","item":"https:\/\/shopatoa.com\/ro\/cosmetice-ingrijire-personala\/"},{"@type":"ListItem","position":6,"name":"\u00cengrijirea unghiilor","item":"https:\/\/shopatoa.com\/ro\/ingrijirea-unghiilor\/"},{"@type":"ListItem","position":7,"name":"OPI xPRESS\/ON unghii artificiale Strawberry Margarita 30 buc"}]},{"@type":"WebSite","@id":"https:\/\/shopatoa.com\/ro\/#website","url":"https:\/\/shopatoa.com\/ro\/","name":"SHOPATOA","description":"","publisher":{"@id":"https:\/\/shopatoa.com\/ro\/#organization"},"potentialAction":[{"@type":"SearchAction","target":{"@type":"EntryPoint","urlTemplate":"https:\/\/shopatoa.com\/ro\/?s={search_term_string}"},"query-input":{"@type":"PropertyValueSpecification","valueRequired":true,"valueName":"search_term_string"}}],"inLanguage":"ro-RO"},{"@type":"Organization","@id":"https:\/\/shopatoa.com\/ro\/#organization","name":"SHOPATOA","url":"https:\/\/shopatoa.com\/ro\/","logo":{"@type":"ImageObject","inLanguage":"ro-RO","@id":"https:\/\/shopatoa.com\/ro\/#\/schema\/logo\/image\/","url":"https:\/\/storage.googleapis.com\/cz-shopatoa-img\/ro\/b4dac915-shopatoa_logo.png","contentUrl":"https:\/\/storage.googleapis.com\/cz-shopatoa-img\/ro\/b4dac915-shopatoa_logo.png","width":416,"height":63,"caption":"SHOPATOA"},"image":{"@id":"https:\/\/shopatoa.com\/ro\/#\/schema\/logo\/image\/"}}]}},"_links":{"self":[{"href":"https:\/\/shopatoa.com\/ro\/wp-json\/wp\/v2\/product\/474141","targetHints":{"allow":["GET"]}}],"collection":[{"href":"https:\/\/shopatoa.com\/ro\/wp-json\/wp\/v2\/product"}],"about":[{"href":"https:\/\/shopatoa.com\/ro\/wp-json\/wp\/v2\/types\/product"}],"replies":[{"embeddable":true,"href":"https:\/\/shopatoa.com\/ro\/wp-json\/wp\/v2\/comments?post=474141"}],"wp:featuredmedia":[{"embeddable":true,"href":"https:\/\/shopatoa.com\/ro\/wp-json\/wp\/v2\/media\/474142"}],"wp:attachment":[{"href":"https:\/\/shopatoa.com\/ro\/wp-json\/wp\/v2\/media?parent=474141"}],"wp:term":[{"taxonomy":"product_brand","embeddable":true,"href":"https:\/\/shopatoa.com\/ro\/wp-json\/wp\/v2\/product_brand?post=474141"},{"taxonomy":"product_cat","embeddable":true,"href":"https:\/\/shopatoa.com\/ro\/wp-json\/wp\/v2\/product_cat?post=474141"},{"taxonomy":"product_tag","embeddable":true,"href":"https:\/\/shopatoa.com\/ro\/wp-json\/wp\/v2\/product_tag?post=474141"}],"curies":[{"name":"wp","href":"https:\/\/api.w.org\/{rel}","templated":true}]}}