{"id":474361,"date":"2025-06-29T03:42:29","date_gmt":"2025-06-29T01:42:29","guid":{"rendered":"https:\/\/shopatoa.com\/ro\/small-foot-wooden-popsicle-set-fresh-set-de-jucarii-pentru-copii-3-y-1-buc\/"},"modified":"2025-12-10T18:43:27","modified_gmt":"2025-12-10T17:43:27","slug":"small-foot-wooden-popsicle-set-fresh-set-de-jucarii-pentru-copii-3-y-1-buc","status":"publish","type":"product","link":"https:\/\/shopatoa.com\/ro\/small-foot-wooden-popsicle-set-fresh-set-de-jucarii-pentru-copii-3-y-1-buc\/","title":{"rendered":"Small foot Wooden Popsicle Set Fresh set de juc\u0103rii pentru copii 3 y+ 1 buc"},"content":{"rendered":"<p>Small foot Wooden Popsicle Set Fresh, 1 buc, Juc\u0103rii interactive pentru copii, Copiii au nevoie de c\u00e2t mai mul\u021bi stimuli diferi\u021bi pentru a se dezvolta corect. Prin jocuri interactive, juc\u0103ria Small foot Wooden Popsicle Set Fresh le va oferi diferi\u021bi stimuli care vor dezvolta diferite sim\u021buri \u0219i vor men\u021bine aten\u021bia copilului. Astfel, v\u0103 capta aten\u021bia copilul dvs. curios, \u00eel va distra, dar \u00eel va ajuta \u0219i \u00een dezvoltarea percep\u021biei senzoriale, a motricit\u0103\u021bii \u0219i a altor abilit\u0103\u021bi. Asigura\u021bi copilului dvs. o distrac\u021bie inteligent\u0103 care \u00eei va sprijini dezvoltarea.  Caracteristici:  produs colorat poate servi ca decora\u021bie \u00een camera copilului juc\u0103ria se poate monta \u0219i demonta dezvolt\u0103 abilit\u0103\u021bile bebelu\u0219ului de a-\u0219i concentra aten\u021bia materialele cu diverse texturi stimuleaz\u0103 sim\u021bul tactil al copilului culorile senzoriale stimuleaz\u0103 dezvoltarea sim\u021burilor copilului ajut\u0103 la exersarea \u0219i dezvoltarea motricit\u0103\u021bii copilului favorizeaz\u0103 dezvoltarea coordon\u0103rii m\u00e2n\u0103-ochi sus\u021bine dezvoltarea fizic\u0103 \u0219i cognitiv\u0103, stimuleaz\u0103 activitatea cerebral\u0103 \u00eencurajeaz\u0103 spiritul ludic al copiilor \u0219i le dezvolt\u0103 imagina\u021bia  Material:  din materiale sigure \u0219i pl\u0103cute la atingere  Cum se utilizeaz\u0103: Dac\u0103 juc\u0103ria este uzat\u0103, deteriorat\u0103 sau roas\u0103, \u00eenlocui\u021bi-o cu una nou\u0103.<\/p>\n","protected":false},"excerpt":{"rendered":"<p>Small foot Wooden Popsicle Set Fresh, 1 buc, Juc\u0103rii interactive pentru copii, Copiii au nevoie de c\u00e2t mai mul\u021bi stimuli diferi\u021bi pentru a se dezvolta corect. Prin jocuri interactive, juc\u0103ria Small foot Wooden Popsicle Set Fresh le va oferi diferi\u021bi stimuli care vor dezvolta diferite sim\u021buri \u0219i vor men\u021bine aten\u021bia copilului. Astfel, v\u0103 capta aten\u021bia&#8230;<\/p>\n","protected":false},"featured_media":474362,"comment_status":"closed","ping_status":"open","template":"","meta":{"_acf_changed":false,"_kadence_starter_templates_imported_post":false,"_kad_post_transparent":"","_kad_post_title":"","_kad_post_layout":"","_kad_post_sidebar_id":"","_kad_post_content_style":"","_kad_post_vertical_padding":"","_kad_post_feature":"","_kad_post_feature_position":"","_kad_post_header":false,"_kad_post_footer":false,"_kad_post_classname":""},"product_brand":[3930],"product_cat":[3893,3931,3894],"product_tag":[],"class_list":{"0":"post-474361","1":"product","2":"type-product","3":"status-publish","4":"has-post-thumbnail","6":"product_brand-small-foot","7":"product_cat-copii-si-sugari","8":"product_cat-jucarii-din-lemn","9":"product_cat-jucarii-pentru-copii","10":"pa_gen-unisex","11":"pa_marime-1-buc","13":"first","14":"instock","15":"sale","16":"product-type-external","17":"entry","18":"content-bg","19":"loop-entry"},"acf":[],"yoast_head":"<!-- This site is optimized with the Yoast SEO plugin v27.4 - https:\/\/yoast.com\/product\/yoast-seo-wordpress\/ -->\n<title>Small foot Wooden Popsicle Set Fresh set de juc\u0103rii pentru copii 3 y+ 1 buc - SHOPATOA.COM<\/title>\n<meta name=\"robots\" content=\"index, follow, max-snippet:-1, max-image-preview:large, max-video-preview:-1\" \/>\n<link rel=\"canonical\" href=\"https:\/\/shopatoa.com\/ro\/small-foot-wooden-popsicle-set-fresh-set-de-jucarii-pentru-copii-3-y-1-buc\/\" \/>\n<meta property=\"og:locale\" content=\"ro_RO\" \/>\n<meta property=\"og:type\" content=\"article\" \/>\n<meta property=\"og:title\" content=\"Small foot Wooden Popsicle Set Fresh set de juc\u0103rii pentru copii 3 y+ 1 buc - SHOPATOA.COM\" \/>\n<meta property=\"og:description\" content=\"Small foot Wooden Popsicle Set Fresh, 1 buc, Juc\u0103rii interactive pentru copii, Copiii au nevoie de c\u00e2t mai mul\u021bi stimuli diferi\u021bi pentru a se dezvolta corect. Prin jocuri interactive, juc\u0103ria Small foot Wooden Popsicle Set Fresh le va oferi diferi\u021bi stimuli care vor dezvolta diferite sim\u021buri \u0219i vor men\u021bine aten\u021bia copilului. Astfel, v\u0103 capta aten\u021bia...\" \/>\n<meta property=\"og:url\" content=\"https:\/\/shopatoa.com\/ro\/small-foot-wooden-popsicle-set-fresh-set-de-jucarii-pentru-copii-3-y-1-buc\/\" \/>\n<meta property=\"og:site_name\" content=\"SHOPATOA\" \/>\n<meta property=\"article:modified_time\" content=\"2025-12-10T17:43:27+00:00\" \/>\n<meta property=\"og:image\" content=\"https:\/\/storage.googleapis.com\/cz-shopatoa-img\/ro\/ef5d8a4e-unnamed-file.webp\" \/>\n\t<meta property=\"og:image:width\" content=\"800\" \/>\n\t<meta property=\"og:image:height\" content=\"800\" \/>\n\t<meta property=\"og:image:type\" content=\"image\/webp\" \/>\n<meta name=\"twitter:card\" content=\"summary_large_image\" \/>\n<meta name=\"twitter:label1\" content=\"Timp estimat pentru citire\" \/>\n\t<meta name=\"twitter:data1\" content=\"1 minut\" \/>\n<script type=\"application\/ld+json\" class=\"yoast-schema-graph\">{\"@context\":\"https:\\\/\\\/schema.org\",\"@graph\":[{\"@type\":\"WebPage\",\"@id\":\"https:\\\/\\\/shopatoa.com\\\/ro\\\/small-foot-wooden-popsicle-set-fresh-set-de-jucarii-pentru-copii-3-y-1-buc\\\/\",\"url\":\"https:\\\/\\\/shopatoa.com\\\/ro\\\/small-foot-wooden-popsicle-set-fresh-set-de-jucarii-pentru-copii-3-y-1-buc\\\/\",\"name\":\"Small foot Wooden Popsicle Set Fresh set de juc\u0103rii pentru copii 3 y+ 1 buc - SHOPATOA.COM\",\"isPartOf\":{\"@id\":\"https:\\\/\\\/shopatoa.com\\\/ro\\\/#website\"},\"primaryImageOfPage\":{\"@id\":\"https:\\\/\\\/shopatoa.com\\\/ro\\\/small-foot-wooden-popsicle-set-fresh-set-de-jucarii-pentru-copii-3-y-1-buc\\\/#primaryimage\"},\"image\":{\"@id\":\"https:\\\/\\\/shopatoa.com\\\/ro\\\/small-foot-wooden-popsicle-set-fresh-set-de-jucarii-pentru-copii-3-y-1-buc\\\/#primaryimage\"},\"thumbnailUrl\":\"https:\\\/\\\/storage.googleapis.com\\\/cz-shopatoa-img\\\/ro\\\/ef5d8a4e-unnamed-file.webp\",\"datePublished\":\"2025-06-29T01:42:29+00:00\",\"dateModified\":\"2025-12-10T17:43:27+00:00\",\"breadcrumb\":{\"@id\":\"https:\\\/\\\/shopatoa.com\\\/ro\\\/small-foot-wooden-popsicle-set-fresh-set-de-jucarii-pentru-copii-3-y-1-buc\\\/#breadcrumb\"},\"inLanguage\":\"ro-RO\",\"potentialAction\":[{\"@type\":\"ReadAction\",\"target\":[\"https:\\\/\\\/shopatoa.com\\\/ro\\\/small-foot-wooden-popsicle-set-fresh-set-de-jucarii-pentru-copii-3-y-1-buc\\\/\"]}]},{\"@type\":\"ImageObject\",\"inLanguage\":\"ro-RO\",\"@id\":\"https:\\\/\\\/shopatoa.com\\\/ro\\\/small-foot-wooden-popsicle-set-fresh-set-de-jucarii-pentru-copii-3-y-1-buc\\\/#primaryimage\",\"url\":\"https:\\\/\\\/storage.googleapis.com\\\/cz-shopatoa-img\\\/ro\\\/ef5d8a4e-unnamed-file.webp\",\"contentUrl\":\"https:\\\/\\\/storage.googleapis.com\\\/cz-shopatoa-img\\\/ro\\\/ef5d8a4e-unnamed-file.webp\",\"width\":800,\"height\":800},{\"@type\":\"BreadcrumbList\",\"@id\":\"https:\\\/\\\/shopatoa.com\\\/ro\\\/small-foot-wooden-popsicle-set-fresh-set-de-jucarii-pentru-copii-3-y-1-buc\\\/#breadcrumb\",\"itemListElement\":[{\"@type\":\"ListItem\",\"position\":1,\"name\":\"Dom\u016f\",\"item\":\"https:\\\/\\\/shopatoa.com\\\/ro\\\/\"},{\"@type\":\"ListItem\",\"position\":2,\"name\":\"Shop\",\"item\":\"https:\\\/\\\/shopatoa.com\\\/ro\\\/shop\\\/\"},{\"@type\":\"ListItem\",\"position\":3,\"name\":\"Copii \u0219i sugari\",\"item\":\"https:\\\/\\\/shopatoa.com\\\/ro\\\/copii-si-sugari\\\/\"},{\"@type\":\"ListItem\",\"position\":4,\"name\":\"Juc\u0103rii pentru copii\",\"item\":\"https:\\\/\\\/shopatoa.com\\\/ro\\\/jucarii-pentru-copii\\\/\"},{\"@type\":\"ListItem\",\"position\":5,\"name\":\"Juc\u0103rii din lemn\",\"item\":\"https:\\\/\\\/shopatoa.com\\\/ro\\\/jucarii-din-lemn\\\/\"},{\"@type\":\"ListItem\",\"position\":6,\"name\":\"Small foot Wooden Popsicle Set Fresh set de juc\u0103rii pentru copii 3 y+ 1 buc\"}]},{\"@type\":\"WebSite\",\"@id\":\"https:\\\/\\\/shopatoa.com\\\/ro\\\/#website\",\"url\":\"https:\\\/\\\/shopatoa.com\\\/ro\\\/\",\"name\":\"SHOPATOA\",\"description\":\"\",\"publisher\":{\"@id\":\"https:\\\/\\\/shopatoa.com\\\/ro\\\/#organization\"},\"potentialAction\":[{\"@type\":\"SearchAction\",\"target\":{\"@type\":\"EntryPoint\",\"urlTemplate\":\"https:\\\/\\\/shopatoa.com\\\/ro\\\/?s={search_term_string}\"},\"query-input\":{\"@type\":\"PropertyValueSpecification\",\"valueRequired\":true,\"valueName\":\"search_term_string\"}}],\"inLanguage\":\"ro-RO\"},{\"@type\":\"Organization\",\"@id\":\"https:\\\/\\\/shopatoa.com\\\/ro\\\/#organization\",\"name\":\"SHOPATOA\",\"url\":\"https:\\\/\\\/shopatoa.com\\\/ro\\\/\",\"logo\":{\"@type\":\"ImageObject\",\"inLanguage\":\"ro-RO\",\"@id\":\"https:\\\/\\\/shopatoa.com\\\/ro\\\/#\\\/schema\\\/logo\\\/image\\\/\",\"url\":\"https:\\\/\\\/storage.googleapis.com\\\/cz-shopatoa-img\\\/ro\\\/b4dac915-shopatoa_logo.png\",\"contentUrl\":\"https:\\\/\\\/storage.googleapis.com\\\/cz-shopatoa-img\\\/ro\\\/b4dac915-shopatoa_logo.png\",\"width\":416,\"height\":63,\"caption\":\"SHOPATOA\"},\"image\":{\"@id\":\"https:\\\/\\\/shopatoa.com\\\/ro\\\/#\\\/schema\\\/logo\\\/image\\\/\"}}]}<\/script>\n<!-- \/ Yoast SEO plugin. -->","yoast_head_json":{"title":"Small foot Wooden Popsicle Set Fresh set de juc\u0103rii pentru copii 3 y+ 1 buc - SHOPATOA.COM","robots":{"index":"index","follow":"follow","max-snippet":"max-snippet:-1","max-image-preview":"max-image-preview:large","max-video-preview":"max-video-preview:-1"},"canonical":"https:\/\/shopatoa.com\/ro\/small-foot-wooden-popsicle-set-fresh-set-de-jucarii-pentru-copii-3-y-1-buc\/","og_locale":"ro_RO","og_type":"article","og_title":"Small foot Wooden Popsicle Set Fresh set de juc\u0103rii pentru copii 3 y+ 1 buc - SHOPATOA.COM","og_description":"Small foot Wooden Popsicle Set Fresh, 1 buc, Juc\u0103rii interactive pentru copii, Copiii au nevoie de c\u00e2t mai mul\u021bi stimuli diferi\u021bi pentru a se dezvolta corect. Prin jocuri interactive, juc\u0103ria Small foot Wooden Popsicle Set Fresh le va oferi diferi\u021bi stimuli care vor dezvolta diferite sim\u021buri \u0219i vor men\u021bine aten\u021bia copilului. Astfel, v\u0103 capta aten\u021bia...","og_url":"https:\/\/shopatoa.com\/ro\/small-foot-wooden-popsicle-set-fresh-set-de-jucarii-pentru-copii-3-y-1-buc\/","og_site_name":"SHOPATOA","article_modified_time":"2025-12-10T17:43:27+00:00","og_image":[{"width":800,"height":800,"url":"https:\/\/storage.googleapis.com\/cz-shopatoa-img\/ro\/ef5d8a4e-unnamed-file.webp","type":"image\/webp"}],"twitter_card":"summary_large_image","twitter_misc":{"Timp estimat pentru citire":"1 minut"},"schema":{"@context":"https:\/\/schema.org","@graph":[{"@type":"WebPage","@id":"https:\/\/shopatoa.com\/ro\/small-foot-wooden-popsicle-set-fresh-set-de-jucarii-pentru-copii-3-y-1-buc\/","url":"https:\/\/shopatoa.com\/ro\/small-foot-wooden-popsicle-set-fresh-set-de-jucarii-pentru-copii-3-y-1-buc\/","name":"Small foot Wooden Popsicle Set Fresh set de juc\u0103rii pentru copii 3 y+ 1 buc - SHOPATOA.COM","isPartOf":{"@id":"https:\/\/shopatoa.com\/ro\/#website"},"primaryImageOfPage":{"@id":"https:\/\/shopatoa.com\/ro\/small-foot-wooden-popsicle-set-fresh-set-de-jucarii-pentru-copii-3-y-1-buc\/#primaryimage"},"image":{"@id":"https:\/\/shopatoa.com\/ro\/small-foot-wooden-popsicle-set-fresh-set-de-jucarii-pentru-copii-3-y-1-buc\/#primaryimage"},"thumbnailUrl":"https:\/\/storage.googleapis.com\/cz-shopatoa-img\/ro\/ef5d8a4e-unnamed-file.webp","datePublished":"2025-06-29T01:42:29+00:00","dateModified":"2025-12-10T17:43:27+00:00","breadcrumb":{"@id":"https:\/\/shopatoa.com\/ro\/small-foot-wooden-popsicle-set-fresh-set-de-jucarii-pentru-copii-3-y-1-buc\/#breadcrumb"},"inLanguage":"ro-RO","potentialAction":[{"@type":"ReadAction","target":["https:\/\/shopatoa.com\/ro\/small-foot-wooden-popsicle-set-fresh-set-de-jucarii-pentru-copii-3-y-1-buc\/"]}]},{"@type":"ImageObject","inLanguage":"ro-RO","@id":"https:\/\/shopatoa.com\/ro\/small-foot-wooden-popsicle-set-fresh-set-de-jucarii-pentru-copii-3-y-1-buc\/#primaryimage","url":"https:\/\/storage.googleapis.com\/cz-shopatoa-img\/ro\/ef5d8a4e-unnamed-file.webp","contentUrl":"https:\/\/storage.googleapis.com\/cz-shopatoa-img\/ro\/ef5d8a4e-unnamed-file.webp","width":800,"height":800},{"@type":"BreadcrumbList","@id":"https:\/\/shopatoa.com\/ro\/small-foot-wooden-popsicle-set-fresh-set-de-jucarii-pentru-copii-3-y-1-buc\/#breadcrumb","itemListElement":[{"@type":"ListItem","position":1,"name":"Dom\u016f","item":"https:\/\/shopatoa.com\/ro\/"},{"@type":"ListItem","position":2,"name":"Shop","item":"https:\/\/shopatoa.com\/ro\/shop\/"},{"@type":"ListItem","position":3,"name":"Copii \u0219i sugari","item":"https:\/\/shopatoa.com\/ro\/copii-si-sugari\/"},{"@type":"ListItem","position":4,"name":"Juc\u0103rii pentru copii","item":"https:\/\/shopatoa.com\/ro\/jucarii-pentru-copii\/"},{"@type":"ListItem","position":5,"name":"Juc\u0103rii din lemn","item":"https:\/\/shopatoa.com\/ro\/jucarii-din-lemn\/"},{"@type":"ListItem","position":6,"name":"Small foot Wooden Popsicle Set Fresh set de juc\u0103rii pentru copii 3 y+ 1 buc"}]},{"@type":"WebSite","@id":"https:\/\/shopatoa.com\/ro\/#website","url":"https:\/\/shopatoa.com\/ro\/","name":"SHOPATOA","description":"","publisher":{"@id":"https:\/\/shopatoa.com\/ro\/#organization"},"potentialAction":[{"@type":"SearchAction","target":{"@type":"EntryPoint","urlTemplate":"https:\/\/shopatoa.com\/ro\/?s={search_term_string}"},"query-input":{"@type":"PropertyValueSpecification","valueRequired":true,"valueName":"search_term_string"}}],"inLanguage":"ro-RO"},{"@type":"Organization","@id":"https:\/\/shopatoa.com\/ro\/#organization","name":"SHOPATOA","url":"https:\/\/shopatoa.com\/ro\/","logo":{"@type":"ImageObject","inLanguage":"ro-RO","@id":"https:\/\/shopatoa.com\/ro\/#\/schema\/logo\/image\/","url":"https:\/\/storage.googleapis.com\/cz-shopatoa-img\/ro\/b4dac915-shopatoa_logo.png","contentUrl":"https:\/\/storage.googleapis.com\/cz-shopatoa-img\/ro\/b4dac915-shopatoa_logo.png","width":416,"height":63,"caption":"SHOPATOA"},"image":{"@id":"https:\/\/shopatoa.com\/ro\/#\/schema\/logo\/image\/"}}]}},"_links":{"self":[{"href":"https:\/\/shopatoa.com\/ro\/wp-json\/wp\/v2\/product\/474361","targetHints":{"allow":["GET"]}}],"collection":[{"href":"https:\/\/shopatoa.com\/ro\/wp-json\/wp\/v2\/product"}],"about":[{"href":"https:\/\/shopatoa.com\/ro\/wp-json\/wp\/v2\/types\/product"}],"replies":[{"embeddable":true,"href":"https:\/\/shopatoa.com\/ro\/wp-json\/wp\/v2\/comments?post=474361"}],"wp:featuredmedia":[{"embeddable":true,"href":"https:\/\/shopatoa.com\/ro\/wp-json\/wp\/v2\/media\/474362"}],"wp:attachment":[{"href":"https:\/\/shopatoa.com\/ro\/wp-json\/wp\/v2\/media?parent=474361"}],"wp:term":[{"taxonomy":"product_brand","embeddable":true,"href":"https:\/\/shopatoa.com\/ro\/wp-json\/wp\/v2\/product_brand?post=474361"},{"taxonomy":"product_cat","embeddable":true,"href":"https:\/\/shopatoa.com\/ro\/wp-json\/wp\/v2\/product_cat?post=474361"},{"taxonomy":"product_tag","embeddable":true,"href":"https:\/\/shopatoa.com\/ro\/wp-json\/wp\/v2\/product_tag?post=474361"}],"curies":[{"name":"wp","href":"https:\/\/api.w.org\/{rel}","templated":true}]}}