{"id":474371,"date":"2025-06-29T03:42:29","date_gmt":"2025-06-29T01:42:29","guid":{"rendered":"https:\/\/shopatoa.com\/ro\/l-a-girl-cosmetics-tinted-lip-plumper-balsam-de-buze-colorat-pentru-volumul-buzelor-culoare-tickled-13-ml\/"},"modified":"2025-12-10T18:44:22","modified_gmt":"2025-12-10T17:44:22","slug":"l-a-girl-cosmetics-tinted-lip-plumper-balsam-de-buze-colorat-pentru-volumul-buzelor-culoare-tickled-13-ml","status":"publish","type":"product","link":"https:\/\/shopatoa.com\/ro\/l-a-girl-cosmetics-tinted-lip-plumper-balsam-de-buze-colorat-pentru-volumul-buzelor-culoare-tickled-13-ml\/","title":{"rendered":"L.A. Girl Cosmetics Tinted Lip Plumper balsam de buze colorat pentru volumul buzelor culoare Tickled 13 ml"},"content":{"rendered":"<p>L.A. Girl Cosmetics Tinted Lip Plumper, 13 ml, Balsam pentru buze pentru femei, Pielea delicat\u0103 a buzelor este expus\u0103 \u00een fiecare zi la diver\u0219i factori de stres, de la contactul frecvent cu alimentele p\u00e2n\u0103 la condi\u021biile meteorologice nefavorabile. De aceea, merit\u0103 o \u00eengrijire special\u0103. Balsamul de buze colorat L.A. Girl Cosmetics Tinted Lip Plumper ofer\u0103 at\u00e2t o \u00eengrijire zilnic\u0103 potrivit\u0103 pentru pielea sensibil\u0103 a buzelor, c\u00e2t \u0219i un machiaj delicat. Acesta pune \u00een valoare buzele \u0219i frumuse\u021bea lor natural\u0103 cu o not\u0103 de culoare \u0219i un finisaj lucios atractiv. \u00cen acela\u0219i timp, le ofer\u0103 tot ce au nevoie pentru a r\u0103m\u00e2ne hidratate, catifelate \u0219i protejate \u00eempotriva usc\u0103rii \u0219i cr\u0103p\u0103rii.  Caracteristici:  creeaz\u0103 un efect de buze pline ofer\u0103 buzelor \u0219i zonei din jur hidratarea \u0219i nutri\u021bia necesare stimuleaz\u0103 circula\u021bia sanguin\u0103 \u00een buze buzele devin moi \u0219i fine ca m\u0103tasea  Cum se utilizeaz\u0103: Aplica\u021bi o cantitate mic\u0103 pe buzele curate \u0219i \u00eemprejurul acestora, apoi l\u0103sa\u021bi s\u0103 se absoarb\u0103.<\/p>\n","protected":false},"excerpt":{"rendered":"<p>L.A. Girl Cosmetics Tinted Lip Plumper, 13 ml, Balsam pentru buze pentru femei, Pielea delicat\u0103 a buzelor este expus\u0103 \u00een fiecare zi la diver\u0219i factori de stres, de la contactul frecvent cu alimentele p\u00e2n\u0103 la condi\u021biile meteorologice nefavorabile. De aceea, merit\u0103 o \u00eengrijire special\u0103. Balsamul de buze colorat L.A. Girl Cosmetics Tinted Lip Plumper ofer\u0103&#8230;<\/p>\n","protected":false},"featured_media":474372,"comment_status":"closed","ping_status":"open","template":"","meta":{"_acf_changed":false,"_kadence_starter_templates_imported_post":false,"_kad_post_transparent":"","_kad_post_title":"","_kad_post_layout":"","_kad_post_sidebar_id":"","_kad_post_content_style":"","_kad_post_vertical_padding":"","_kad_post_feature":"","_kad_post_feature_position":"","_kad_post_header":false,"_kad_post_footer":false,"_kad_post_classname":""},"product_brand":[1940],"product_cat":[1628,1564,1563,1565,1562],"product_tag":[],"class_list":{"0":"post-474371","1":"product","2":"type-product","3":"status-publish","4":"has-post-thumbnail","6":"product_brand-l-a-girl-cosmetics","7":"product_cat-balsamuri-si-tratamente-pentru-buze","8":"product_cat-cosmetice-ingrijire-personala","9":"product_cat-ingrijire-personala","10":"product_cat-ingrijirea-pielii","11":"product_cat-sanatate-si-frumusete","12":"pa_gen-female","13":"pa_marime-13-ml","15":"first","16":"instock","17":"product-type-external","18":"entry","19":"content-bg","20":"loop-entry"},"acf":[],"yoast_head":"<!-- This site is optimized with the Yoast SEO plugin v27.3 - https:\/\/yoast.com\/product\/yoast-seo-wordpress\/ -->\n<title>L.A. Girl Cosmetics Tinted Lip Plumper balsam de buze colorat pentru volumul buzelor culoare Tickled 13 ml - SHOPATOA.COM<\/title>\n<meta name=\"robots\" content=\"index, follow, max-snippet:-1, max-image-preview:large, max-video-preview:-1\" \/>\n<link rel=\"canonical\" href=\"https:\/\/shopatoa.com\/ro\/l-a-girl-cosmetics-tinted-lip-plumper-balsam-de-buze-colorat-pentru-volumul-buzelor-culoare-tickled-13-ml\/\" \/>\n<meta property=\"og:locale\" content=\"ro_RO\" \/>\n<meta property=\"og:type\" content=\"article\" \/>\n<meta property=\"og:title\" content=\"L.A. Girl Cosmetics Tinted Lip Plumper balsam de buze colorat pentru volumul buzelor culoare Tickled 13 ml - SHOPATOA.COM\" \/>\n<meta property=\"og:description\" content=\"L.A. Girl Cosmetics Tinted Lip Plumper, 13 ml, Balsam pentru buze pentru femei, Pielea delicat\u0103 a buzelor este expus\u0103 \u00een fiecare zi la diver\u0219i factori de stres, de la contactul frecvent cu alimentele p\u00e2n\u0103 la condi\u021biile meteorologice nefavorabile. De aceea, merit\u0103 o \u00eengrijire special\u0103. Balsamul de buze colorat L.A. Girl Cosmetics Tinted Lip Plumper ofer\u0103...\" \/>\n<meta property=\"og:url\" content=\"https:\/\/shopatoa.com\/ro\/l-a-girl-cosmetics-tinted-lip-plumper-balsam-de-buze-colorat-pentru-volumul-buzelor-culoare-tickled-13-ml\/\" \/>\n<meta property=\"og:site_name\" content=\"SHOPATOA\" \/>\n<meta property=\"article:modified_time\" content=\"2025-12-10T17:44:22+00:00\" \/>\n<meta property=\"og:image\" content=\"https:\/\/storage.googleapis.com\/cz-shopatoa-img\/ro\/be682041-unnamed-file.webp\" \/>\n\t<meta property=\"og:image:width\" content=\"800\" \/>\n\t<meta property=\"og:image:height\" content=\"800\" \/>\n\t<meta property=\"og:image:type\" content=\"image\/webp\" \/>\n<meta name=\"twitter:card\" content=\"summary_large_image\" \/>\n<meta name=\"twitter:label1\" content=\"Timp estimat pentru citire\" \/>\n\t<meta name=\"twitter:data1\" content=\"1 minut\" \/>\n<script type=\"application\/ld+json\" class=\"yoast-schema-graph\">{\"@context\":\"https:\\\/\\\/schema.org\",\"@graph\":[{\"@type\":\"WebPage\",\"@id\":\"https:\\\/\\\/shopatoa.com\\\/ro\\\/l-a-girl-cosmetics-tinted-lip-plumper-balsam-de-buze-colorat-pentru-volumul-buzelor-culoare-tickled-13-ml\\\/\",\"url\":\"https:\\\/\\\/shopatoa.com\\\/ro\\\/l-a-girl-cosmetics-tinted-lip-plumper-balsam-de-buze-colorat-pentru-volumul-buzelor-culoare-tickled-13-ml\\\/\",\"name\":\"L.A. Girl Cosmetics Tinted Lip Plumper balsam de buze colorat pentru volumul buzelor culoare Tickled 13 ml - SHOPATOA.COM\",\"isPartOf\":{\"@id\":\"https:\\\/\\\/shopatoa.com\\\/ro\\\/#website\"},\"primaryImageOfPage\":{\"@id\":\"https:\\\/\\\/shopatoa.com\\\/ro\\\/l-a-girl-cosmetics-tinted-lip-plumper-balsam-de-buze-colorat-pentru-volumul-buzelor-culoare-tickled-13-ml\\\/#primaryimage\"},\"image\":{\"@id\":\"https:\\\/\\\/shopatoa.com\\\/ro\\\/l-a-girl-cosmetics-tinted-lip-plumper-balsam-de-buze-colorat-pentru-volumul-buzelor-culoare-tickled-13-ml\\\/#primaryimage\"},\"thumbnailUrl\":\"https:\\\/\\\/storage.googleapis.com\\\/cz-shopatoa-img\\\/ro\\\/be682041-unnamed-file.webp\",\"datePublished\":\"2025-06-29T01:42:29+00:00\",\"dateModified\":\"2025-12-10T17:44:22+00:00\",\"breadcrumb\":{\"@id\":\"https:\\\/\\\/shopatoa.com\\\/ro\\\/l-a-girl-cosmetics-tinted-lip-plumper-balsam-de-buze-colorat-pentru-volumul-buzelor-culoare-tickled-13-ml\\\/#breadcrumb\"},\"inLanguage\":\"ro-RO\",\"potentialAction\":[{\"@type\":\"ReadAction\",\"target\":[\"https:\\\/\\\/shopatoa.com\\\/ro\\\/l-a-girl-cosmetics-tinted-lip-plumper-balsam-de-buze-colorat-pentru-volumul-buzelor-culoare-tickled-13-ml\\\/\"]}]},{\"@type\":\"ImageObject\",\"inLanguage\":\"ro-RO\",\"@id\":\"https:\\\/\\\/shopatoa.com\\\/ro\\\/l-a-girl-cosmetics-tinted-lip-plumper-balsam-de-buze-colorat-pentru-volumul-buzelor-culoare-tickled-13-ml\\\/#primaryimage\",\"url\":\"https:\\\/\\\/storage.googleapis.com\\\/cz-shopatoa-img\\\/ro\\\/be682041-unnamed-file.webp\",\"contentUrl\":\"https:\\\/\\\/storage.googleapis.com\\\/cz-shopatoa-img\\\/ro\\\/be682041-unnamed-file.webp\",\"width\":800,\"height\":800},{\"@type\":\"BreadcrumbList\",\"@id\":\"https:\\\/\\\/shopatoa.com\\\/ro\\\/l-a-girl-cosmetics-tinted-lip-plumper-balsam-de-buze-colorat-pentru-volumul-buzelor-culoare-tickled-13-ml\\\/#breadcrumb\",\"itemListElement\":[{\"@type\":\"ListItem\",\"position\":1,\"name\":\"Dom\u016f\",\"item\":\"https:\\\/\\\/shopatoa.com\\\/ro\\\/\"},{\"@type\":\"ListItem\",\"position\":2,\"name\":\"Shop\",\"item\":\"https:\\\/\\\/shopatoa.com\\\/ro\\\/shop\\\/\"},{\"@type\":\"ListItem\",\"position\":3,\"name\":\"S\u0103n\u0103tate \u0219i frumuse\u021be\",\"item\":\"https:\\\/\\\/shopatoa.com\\\/ro\\\/sanatate-si-frumusete\\\/\"},{\"@type\":\"ListItem\",\"position\":4,\"name\":\"\u00cengrijire personal\u0103\",\"item\":\"https:\\\/\\\/shopatoa.com\\\/ro\\\/ingrijire-personala\\\/\"},{\"@type\":\"ListItem\",\"position\":5,\"name\":\"Cosmetice\",\"item\":\"https:\\\/\\\/shopatoa.com\\\/ro\\\/cosmetice-ingrijire-personala\\\/\"},{\"@type\":\"ListItem\",\"position\":6,\"name\":\"\u00cengrijirea pielii\",\"item\":\"https:\\\/\\\/shopatoa.com\\\/ro\\\/ingrijirea-pielii\\\/\"},{\"@type\":\"ListItem\",\"position\":7,\"name\":\"Balsamuri \u0219i tratamente pentru buze\",\"item\":\"https:\\\/\\\/shopatoa.com\\\/ro\\\/balsamuri-si-tratamente-pentru-buze\\\/\"},{\"@type\":\"ListItem\",\"position\":8,\"name\":\"L.A. Girl Cosmetics Tinted Lip Plumper balsam de buze colorat pentru volumul buzelor culoare Tickled 13 ml\"}]},{\"@type\":\"WebSite\",\"@id\":\"https:\\\/\\\/shopatoa.com\\\/ro\\\/#website\",\"url\":\"https:\\\/\\\/shopatoa.com\\\/ro\\\/\",\"name\":\"SHOPATOA\",\"description\":\"\",\"publisher\":{\"@id\":\"https:\\\/\\\/shopatoa.com\\\/ro\\\/#organization\"},\"potentialAction\":[{\"@type\":\"SearchAction\",\"target\":{\"@type\":\"EntryPoint\",\"urlTemplate\":\"https:\\\/\\\/shopatoa.com\\\/ro\\\/?s={search_term_string}\"},\"query-input\":{\"@type\":\"PropertyValueSpecification\",\"valueRequired\":true,\"valueName\":\"search_term_string\"}}],\"inLanguage\":\"ro-RO\"},{\"@type\":\"Organization\",\"@id\":\"https:\\\/\\\/shopatoa.com\\\/ro\\\/#organization\",\"name\":\"SHOPATOA\",\"url\":\"https:\\\/\\\/shopatoa.com\\\/ro\\\/\",\"logo\":{\"@type\":\"ImageObject\",\"inLanguage\":\"ro-RO\",\"@id\":\"https:\\\/\\\/shopatoa.com\\\/ro\\\/#\\\/schema\\\/logo\\\/image\\\/\",\"url\":\"https:\\\/\\\/storage.googleapis.com\\\/cz-shopatoa-img\\\/ro\\\/b4dac915-shopatoa_logo.png\",\"contentUrl\":\"https:\\\/\\\/storage.googleapis.com\\\/cz-shopatoa-img\\\/ro\\\/b4dac915-shopatoa_logo.png\",\"width\":416,\"height\":63,\"caption\":\"SHOPATOA\"},\"image\":{\"@id\":\"https:\\\/\\\/shopatoa.com\\\/ro\\\/#\\\/schema\\\/logo\\\/image\\\/\"}}]}<\/script>\n<!-- \/ Yoast SEO plugin. -->","yoast_head_json":{"title":"L.A. Girl Cosmetics Tinted Lip Plumper balsam de buze colorat pentru volumul buzelor culoare Tickled 13 ml - SHOPATOA.COM","robots":{"index":"index","follow":"follow","max-snippet":"max-snippet:-1","max-image-preview":"max-image-preview:large","max-video-preview":"max-video-preview:-1"},"canonical":"https:\/\/shopatoa.com\/ro\/l-a-girl-cosmetics-tinted-lip-plumper-balsam-de-buze-colorat-pentru-volumul-buzelor-culoare-tickled-13-ml\/","og_locale":"ro_RO","og_type":"article","og_title":"L.A. Girl Cosmetics Tinted Lip Plumper balsam de buze colorat pentru volumul buzelor culoare Tickled 13 ml - SHOPATOA.COM","og_description":"L.A. Girl Cosmetics Tinted Lip Plumper, 13 ml, Balsam pentru buze pentru femei, Pielea delicat\u0103 a buzelor este expus\u0103 \u00een fiecare zi la diver\u0219i factori de stres, de la contactul frecvent cu alimentele p\u00e2n\u0103 la condi\u021biile meteorologice nefavorabile. De aceea, merit\u0103 o \u00eengrijire special\u0103. Balsamul de buze colorat L.A. Girl Cosmetics Tinted Lip Plumper ofer\u0103...","og_url":"https:\/\/shopatoa.com\/ro\/l-a-girl-cosmetics-tinted-lip-plumper-balsam-de-buze-colorat-pentru-volumul-buzelor-culoare-tickled-13-ml\/","og_site_name":"SHOPATOA","article_modified_time":"2025-12-10T17:44:22+00:00","og_image":[{"width":800,"height":800,"url":"https:\/\/storage.googleapis.com\/cz-shopatoa-img\/ro\/be682041-unnamed-file.webp","type":"image\/webp"}],"twitter_card":"summary_large_image","twitter_misc":{"Timp estimat pentru citire":"1 minut"},"schema":{"@context":"https:\/\/schema.org","@graph":[{"@type":"WebPage","@id":"https:\/\/shopatoa.com\/ro\/l-a-girl-cosmetics-tinted-lip-plumper-balsam-de-buze-colorat-pentru-volumul-buzelor-culoare-tickled-13-ml\/","url":"https:\/\/shopatoa.com\/ro\/l-a-girl-cosmetics-tinted-lip-plumper-balsam-de-buze-colorat-pentru-volumul-buzelor-culoare-tickled-13-ml\/","name":"L.A. Girl Cosmetics Tinted Lip Plumper balsam de buze colorat pentru volumul buzelor culoare Tickled 13 ml - SHOPATOA.COM","isPartOf":{"@id":"https:\/\/shopatoa.com\/ro\/#website"},"primaryImageOfPage":{"@id":"https:\/\/shopatoa.com\/ro\/l-a-girl-cosmetics-tinted-lip-plumper-balsam-de-buze-colorat-pentru-volumul-buzelor-culoare-tickled-13-ml\/#primaryimage"},"image":{"@id":"https:\/\/shopatoa.com\/ro\/l-a-girl-cosmetics-tinted-lip-plumper-balsam-de-buze-colorat-pentru-volumul-buzelor-culoare-tickled-13-ml\/#primaryimage"},"thumbnailUrl":"https:\/\/storage.googleapis.com\/cz-shopatoa-img\/ro\/be682041-unnamed-file.webp","datePublished":"2025-06-29T01:42:29+00:00","dateModified":"2025-12-10T17:44:22+00:00","breadcrumb":{"@id":"https:\/\/shopatoa.com\/ro\/l-a-girl-cosmetics-tinted-lip-plumper-balsam-de-buze-colorat-pentru-volumul-buzelor-culoare-tickled-13-ml\/#breadcrumb"},"inLanguage":"ro-RO","potentialAction":[{"@type":"ReadAction","target":["https:\/\/shopatoa.com\/ro\/l-a-girl-cosmetics-tinted-lip-plumper-balsam-de-buze-colorat-pentru-volumul-buzelor-culoare-tickled-13-ml\/"]}]},{"@type":"ImageObject","inLanguage":"ro-RO","@id":"https:\/\/shopatoa.com\/ro\/l-a-girl-cosmetics-tinted-lip-plumper-balsam-de-buze-colorat-pentru-volumul-buzelor-culoare-tickled-13-ml\/#primaryimage","url":"https:\/\/storage.googleapis.com\/cz-shopatoa-img\/ro\/be682041-unnamed-file.webp","contentUrl":"https:\/\/storage.googleapis.com\/cz-shopatoa-img\/ro\/be682041-unnamed-file.webp","width":800,"height":800},{"@type":"BreadcrumbList","@id":"https:\/\/shopatoa.com\/ro\/l-a-girl-cosmetics-tinted-lip-plumper-balsam-de-buze-colorat-pentru-volumul-buzelor-culoare-tickled-13-ml\/#breadcrumb","itemListElement":[{"@type":"ListItem","position":1,"name":"Dom\u016f","item":"https:\/\/shopatoa.com\/ro\/"},{"@type":"ListItem","position":2,"name":"Shop","item":"https:\/\/shopatoa.com\/ro\/shop\/"},{"@type":"ListItem","position":3,"name":"S\u0103n\u0103tate \u0219i frumuse\u021be","item":"https:\/\/shopatoa.com\/ro\/sanatate-si-frumusete\/"},{"@type":"ListItem","position":4,"name":"\u00cengrijire personal\u0103","item":"https:\/\/shopatoa.com\/ro\/ingrijire-personala\/"},{"@type":"ListItem","position":5,"name":"Cosmetice","item":"https:\/\/shopatoa.com\/ro\/cosmetice-ingrijire-personala\/"},{"@type":"ListItem","position":6,"name":"\u00cengrijirea pielii","item":"https:\/\/shopatoa.com\/ro\/ingrijirea-pielii\/"},{"@type":"ListItem","position":7,"name":"Balsamuri \u0219i tratamente pentru buze","item":"https:\/\/shopatoa.com\/ro\/balsamuri-si-tratamente-pentru-buze\/"},{"@type":"ListItem","position":8,"name":"L.A. Girl Cosmetics Tinted Lip Plumper balsam de buze colorat pentru volumul buzelor culoare Tickled 13 ml"}]},{"@type":"WebSite","@id":"https:\/\/shopatoa.com\/ro\/#website","url":"https:\/\/shopatoa.com\/ro\/","name":"SHOPATOA","description":"","publisher":{"@id":"https:\/\/shopatoa.com\/ro\/#organization"},"potentialAction":[{"@type":"SearchAction","target":{"@type":"EntryPoint","urlTemplate":"https:\/\/shopatoa.com\/ro\/?s={search_term_string}"},"query-input":{"@type":"PropertyValueSpecification","valueRequired":true,"valueName":"search_term_string"}}],"inLanguage":"ro-RO"},{"@type":"Organization","@id":"https:\/\/shopatoa.com\/ro\/#organization","name":"SHOPATOA","url":"https:\/\/shopatoa.com\/ro\/","logo":{"@type":"ImageObject","inLanguage":"ro-RO","@id":"https:\/\/shopatoa.com\/ro\/#\/schema\/logo\/image\/","url":"https:\/\/storage.googleapis.com\/cz-shopatoa-img\/ro\/b4dac915-shopatoa_logo.png","contentUrl":"https:\/\/storage.googleapis.com\/cz-shopatoa-img\/ro\/b4dac915-shopatoa_logo.png","width":416,"height":63,"caption":"SHOPATOA"},"image":{"@id":"https:\/\/shopatoa.com\/ro\/#\/schema\/logo\/image\/"}}]}},"_links":{"self":[{"href":"https:\/\/shopatoa.com\/ro\/wp-json\/wp\/v2\/product\/474371","targetHints":{"allow":["GET"]}}],"collection":[{"href":"https:\/\/shopatoa.com\/ro\/wp-json\/wp\/v2\/product"}],"about":[{"href":"https:\/\/shopatoa.com\/ro\/wp-json\/wp\/v2\/types\/product"}],"replies":[{"embeddable":true,"href":"https:\/\/shopatoa.com\/ro\/wp-json\/wp\/v2\/comments?post=474371"}],"wp:featuredmedia":[{"embeddable":true,"href":"https:\/\/shopatoa.com\/ro\/wp-json\/wp\/v2\/media\/474372"}],"wp:attachment":[{"href":"https:\/\/shopatoa.com\/ro\/wp-json\/wp\/v2\/media?parent=474371"}],"wp:term":[{"taxonomy":"product_brand","embeddable":true,"href":"https:\/\/shopatoa.com\/ro\/wp-json\/wp\/v2\/product_brand?post=474371"},{"taxonomy":"product_cat","embeddable":true,"href":"https:\/\/shopatoa.com\/ro\/wp-json\/wp\/v2\/product_cat?post=474371"},{"taxonomy":"product_tag","embeddable":true,"href":"https:\/\/shopatoa.com\/ro\/wp-json\/wp\/v2\/product_tag?post=474371"}],"curies":[{"name":"wp","href":"https:\/\/api.w.org\/{rel}","templated":true}]}}