{"id":475497,"date":"2025-06-29T05:22:39","date_gmt":"2025-06-29T03:22:39","guid":{"rendered":"https:\/\/shopatoa.com\/ro\/unleashia-bye-bye-my-blemish-concealer-corector-lichid-de-acoperire-spf-30-culoare-0-5-fair-2-g\/"},"modified":"2025-12-10T07:13:29","modified_gmt":"2025-12-10T06:13:29","slug":"unleashia-bye-bye-my-blemish-concealer-corector-lichid-de-acoperire-spf-30-culoare-0-5-fair-2-g","status":"publish","type":"product","link":"https:\/\/shopatoa.com\/ro\/unleashia-bye-bye-my-blemish-concealer-corector-lichid-de-acoperire-spf-30-culoare-0-5-fair-2-g\/","title":{"rendered":"Unleashia Bye Bye My Blemish Concealer corector lichid de acoperire SPF 30 culoare 0.5 Fair 2 g"},"content":{"rendered":"<p>Unleashia Bye Bye My Blemish Concealer, 2 g, Corector lichid pentru femei, Dori\u021bi ca tenul dvs. s\u0103 fie radiant \u0219i s\u0103 arate impecabil? Corectorul UnleashiaBye Bye My BlemishConcealer pune cap\u0103t semnelor de oboseal\u0103 \u0219i ofer\u0103 machiajului dvs. un finish uimitor. Formula foarte pigmentat\u0103 mascheaz\u0103 cearc\u0103nele de sub ochi, combate elegant orice pete \u00eentunecate de pe fa\u021b\u0103 \u0219i le ilumineaz\u0103 \u00een mod natural. V\u0103 va ajuta s\u0103 ob\u021bine\u021bi un aspect fresh, s\u0103 ascunde\u021bi perfect imperfec\u021biunile tenului \u0219i chiar s\u0103 eviden\u021bia\u021bi zonele dorite, la fel ca un iluminator. Tenul dvs. va ar\u0103ta perfect odihnit, datorit\u0103 acestui corector \u0219i orice imperfec\u021biuni sau semne ale unei nop\u021bi nedormite vor fi acoperite at\u00e2t de bine \u00eenc\u00e2t numai dvs. ve\u021bi \u0219ti de existen\u021ba lor.  Caracteristici:  textur\u0103 u\u0219oar\u0103, care nu accentueaz\u0103 ridurile ofer\u0103 protec\u021bie \u00eempotriva razelor solare ajut\u0103 la mascarea imperfec\u021biunilor tenului mascheaz\u0103 cearc\u0103nele de sub ochi efect de lung\u0103 durat\u0103 se aplic\u0103 u\u0219or ilumineaz\u0103 tenul intens pigmentat  Ingrediente:  produs vegan extract de gotu kola \u2013 restabile\u0219te \u0219i fortific\u0103 bariera cutanat\u0103, favorizeaz\u0103 procesele de regenerare, calmeaz\u0103 irita\u021biile, combate ro\u0219ea\u021ba \u0219i uscarea, are efecte antioxidante, hidrateaz\u0103, ajut\u0103 la combaterea \u00eemb\u0103tr\u00e2nirii pielii acid hialuronic \u2013 leag\u0103 o cantitate mare de ap\u0103 \u0219i hidrateaz\u0103 intens acid stearic \u2013 favorizeaz\u0103 func\u021bia barierei cutanate, previne pierderea nedorit\u0103 de umiditate, neteze\u0219te \u0219i catifeleaz\u0103 textura  Cum se utilizeaz\u0103: Aplica\u021bi cu ajutorul aplicatorului \u00eencorporat \u00een capac. Se folose\u0219te local, pe por\u021biunile fe\u021bei care se doresc a fi mascate.<\/p>\n","protected":false},"excerpt":{"rendered":"<p>Unleashia Bye Bye My Blemish Concealer, 2 g, Corector lichid pentru femei, Dori\u021bi ca tenul dvs. s\u0103 fie radiant \u0219i s\u0103 arate impecabil? Corectorul UnleashiaBye Bye My BlemishConcealer pune cap\u0103t semnelor de oboseal\u0103 \u0219i ofer\u0103 machiajului dvs. un finish uimitor. Formula foarte pigmentat\u0103 mascheaz\u0103 cearc\u0103nele de sub ochi, combate elegant orice pete \u00eentunecate de pe&#8230;<\/p>\n","protected":false},"featured_media":475498,"comment_status":"closed","ping_status":"open","template":"","meta":{"_acf_changed":false,"_kadence_starter_templates_imported_post":false,"_kad_post_transparent":"","_kad_post_title":"","_kad_post_layout":"","_kad_post_sidebar_id":"","_kad_post_content_style":"","_kad_post_vertical_padding":"","_kad_post_feature":"","_kad_post_feature_position":"","_kad_post_header":false,"_kad_post_footer":false,"_kad_post_classname":""},"product_brand":[2688],"product_cat":[1564,1563,1576,1622,1709,1562],"product_tag":[],"class_list":{"0":"post-475497","1":"product","2":"type-product","3":"status-publish","4":"has-post-thumbnail","6":"product_brand-unleashia","7":"product_cat-cosmetice-ingrijire-personala","8":"product_cat-ingrijire-personala","9":"product_cat-machiaj","10":"product_cat-machiaj-de-fata","11":"product_cat-primer-de-fata","12":"product_cat-sanatate-si-frumusete","13":"pa_gen-female","14":"pa_marime-2-g","16":"first","17":"instock","18":"sale","19":"product-type-external","20":"entry","21":"content-bg","22":"loop-entry"},"acf":[],"yoast_head":"<!-- This site is optimized with the Yoast SEO plugin v27.4 - https:\/\/yoast.com\/product\/yoast-seo-wordpress\/ -->\n<title>Unleashia Bye Bye My Blemish Concealer corector lichid de acoperire SPF 30 culoare 0.5 Fair 2 g - SHOPATOA.COM<\/title>\n<meta name=\"robots\" content=\"index, follow, max-snippet:-1, max-image-preview:large, max-video-preview:-1\" \/>\n<link rel=\"canonical\" href=\"https:\/\/shopatoa.com\/ro\/unleashia-bye-bye-my-blemish-concealer-corector-lichid-de-acoperire-spf-30-culoare-0-5-fair-2-g\/\" \/>\n<meta property=\"og:locale\" content=\"ro_RO\" \/>\n<meta property=\"og:type\" content=\"article\" \/>\n<meta property=\"og:title\" content=\"Unleashia Bye Bye My Blemish Concealer corector lichid de acoperire SPF 30 culoare 0.5 Fair 2 g - SHOPATOA.COM\" \/>\n<meta property=\"og:description\" content=\"Unleashia Bye Bye My Blemish Concealer, 2 g, Corector lichid pentru femei, Dori\u021bi ca tenul dvs. s\u0103 fie radiant \u0219i s\u0103 arate impecabil? Corectorul UnleashiaBye Bye My BlemishConcealer pune cap\u0103t semnelor de oboseal\u0103 \u0219i ofer\u0103 machiajului dvs. un finish uimitor. Formula foarte pigmentat\u0103 mascheaz\u0103 cearc\u0103nele de sub ochi, combate elegant orice pete \u00eentunecate de pe...\" \/>\n<meta property=\"og:url\" content=\"https:\/\/shopatoa.com\/ro\/unleashia-bye-bye-my-blemish-concealer-corector-lichid-de-acoperire-spf-30-culoare-0-5-fair-2-g\/\" \/>\n<meta property=\"og:site_name\" content=\"SHOPATOA\" \/>\n<meta property=\"article:modified_time\" content=\"2025-12-10T06:13:29+00:00\" \/>\n<meta property=\"og:image\" content=\"https:\/\/storage.googleapis.com\/cz-shopatoa-img\/ro\/811f9ee0-unnamed-file.webp\" \/>\n\t<meta property=\"og:image:width\" content=\"800\" \/>\n\t<meta property=\"og:image:height\" content=\"800\" \/>\n\t<meta property=\"og:image:type\" content=\"image\/webp\" \/>\n<meta name=\"twitter:card\" content=\"summary_large_image\" \/>\n<meta name=\"twitter:label1\" content=\"Timp estimat pentru citire\" \/>\n\t<meta name=\"twitter:data1\" content=\"1 minut\" \/>\n<script type=\"application\/ld+json\" class=\"yoast-schema-graph\">{\"@context\":\"https:\\\/\\\/schema.org\",\"@graph\":[{\"@type\":\"WebPage\",\"@id\":\"https:\\\/\\\/shopatoa.com\\\/ro\\\/unleashia-bye-bye-my-blemish-concealer-corector-lichid-de-acoperire-spf-30-culoare-0-5-fair-2-g\\\/\",\"url\":\"https:\\\/\\\/shopatoa.com\\\/ro\\\/unleashia-bye-bye-my-blemish-concealer-corector-lichid-de-acoperire-spf-30-culoare-0-5-fair-2-g\\\/\",\"name\":\"Unleashia Bye Bye My Blemish Concealer corector lichid de acoperire SPF 30 culoare 0.5 Fair 2 g - SHOPATOA.COM\",\"isPartOf\":{\"@id\":\"https:\\\/\\\/shopatoa.com\\\/ro\\\/#website\"},\"primaryImageOfPage\":{\"@id\":\"https:\\\/\\\/shopatoa.com\\\/ro\\\/unleashia-bye-bye-my-blemish-concealer-corector-lichid-de-acoperire-spf-30-culoare-0-5-fair-2-g\\\/#primaryimage\"},\"image\":{\"@id\":\"https:\\\/\\\/shopatoa.com\\\/ro\\\/unleashia-bye-bye-my-blemish-concealer-corector-lichid-de-acoperire-spf-30-culoare-0-5-fair-2-g\\\/#primaryimage\"},\"thumbnailUrl\":\"https:\\\/\\\/storage.googleapis.com\\\/cz-shopatoa-img\\\/ro\\\/811f9ee0-unnamed-file.webp\",\"datePublished\":\"2025-06-29T03:22:39+00:00\",\"dateModified\":\"2025-12-10T06:13:29+00:00\",\"breadcrumb\":{\"@id\":\"https:\\\/\\\/shopatoa.com\\\/ro\\\/unleashia-bye-bye-my-blemish-concealer-corector-lichid-de-acoperire-spf-30-culoare-0-5-fair-2-g\\\/#breadcrumb\"},\"inLanguage\":\"ro-RO\",\"potentialAction\":[{\"@type\":\"ReadAction\",\"target\":[\"https:\\\/\\\/shopatoa.com\\\/ro\\\/unleashia-bye-bye-my-blemish-concealer-corector-lichid-de-acoperire-spf-30-culoare-0-5-fair-2-g\\\/\"]}]},{\"@type\":\"ImageObject\",\"inLanguage\":\"ro-RO\",\"@id\":\"https:\\\/\\\/shopatoa.com\\\/ro\\\/unleashia-bye-bye-my-blemish-concealer-corector-lichid-de-acoperire-spf-30-culoare-0-5-fair-2-g\\\/#primaryimage\",\"url\":\"https:\\\/\\\/storage.googleapis.com\\\/cz-shopatoa-img\\\/ro\\\/811f9ee0-unnamed-file.webp\",\"contentUrl\":\"https:\\\/\\\/storage.googleapis.com\\\/cz-shopatoa-img\\\/ro\\\/811f9ee0-unnamed-file.webp\",\"width\":800,\"height\":800},{\"@type\":\"BreadcrumbList\",\"@id\":\"https:\\\/\\\/shopatoa.com\\\/ro\\\/unleashia-bye-bye-my-blemish-concealer-corector-lichid-de-acoperire-spf-30-culoare-0-5-fair-2-g\\\/#breadcrumb\",\"itemListElement\":[{\"@type\":\"ListItem\",\"position\":1,\"name\":\"Dom\u016f\",\"item\":\"https:\\\/\\\/shopatoa.com\\\/ro\\\/\"},{\"@type\":\"ListItem\",\"position\":2,\"name\":\"Shop\",\"item\":\"https:\\\/\\\/shopatoa.com\\\/ro\\\/shop\\\/\"},{\"@type\":\"ListItem\",\"position\":3,\"name\":\"S\u0103n\u0103tate \u0219i frumuse\u021be\",\"item\":\"https:\\\/\\\/shopatoa.com\\\/ro\\\/sanatate-si-frumusete\\\/\"},{\"@type\":\"ListItem\",\"position\":4,\"name\":\"\u00cengrijire personal\u0103\",\"item\":\"https:\\\/\\\/shopatoa.com\\\/ro\\\/ingrijire-personala\\\/\"},{\"@type\":\"ListItem\",\"position\":5,\"name\":\"Cosmetice\",\"item\":\"https:\\\/\\\/shopatoa.com\\\/ro\\\/cosmetice-ingrijire-personala\\\/\"},{\"@type\":\"ListItem\",\"position\":6,\"name\":\"Machiaj\",\"item\":\"https:\\\/\\\/shopatoa.com\\\/ro\\\/machiaj\\\/\"},{\"@type\":\"ListItem\",\"position\":7,\"name\":\"Machiaj de fa\u021b\u0103\",\"item\":\"https:\\\/\\\/shopatoa.com\\\/ro\\\/machiaj-de-fata\\\/\"},{\"@type\":\"ListItem\",\"position\":8,\"name\":\"Primer de fa\u021b\u0103\",\"item\":\"https:\\\/\\\/shopatoa.com\\\/ro\\\/primer-de-fata\\\/\"},{\"@type\":\"ListItem\",\"position\":9,\"name\":\"Unleashia Bye Bye My Blemish Concealer corector lichid de acoperire SPF 30 culoare 0.5 Fair 2 g\"}]},{\"@type\":\"WebSite\",\"@id\":\"https:\\\/\\\/shopatoa.com\\\/ro\\\/#website\",\"url\":\"https:\\\/\\\/shopatoa.com\\\/ro\\\/\",\"name\":\"SHOPATOA\",\"description\":\"\",\"publisher\":{\"@id\":\"https:\\\/\\\/shopatoa.com\\\/ro\\\/#organization\"},\"potentialAction\":[{\"@type\":\"SearchAction\",\"target\":{\"@type\":\"EntryPoint\",\"urlTemplate\":\"https:\\\/\\\/shopatoa.com\\\/ro\\\/?s={search_term_string}\"},\"query-input\":{\"@type\":\"PropertyValueSpecification\",\"valueRequired\":true,\"valueName\":\"search_term_string\"}}],\"inLanguage\":\"ro-RO\"},{\"@type\":\"Organization\",\"@id\":\"https:\\\/\\\/shopatoa.com\\\/ro\\\/#organization\",\"name\":\"SHOPATOA\",\"url\":\"https:\\\/\\\/shopatoa.com\\\/ro\\\/\",\"logo\":{\"@type\":\"ImageObject\",\"inLanguage\":\"ro-RO\",\"@id\":\"https:\\\/\\\/shopatoa.com\\\/ro\\\/#\\\/schema\\\/logo\\\/image\\\/\",\"url\":\"https:\\\/\\\/storage.googleapis.com\\\/cz-shopatoa-img\\\/ro\\\/b4dac915-shopatoa_logo.png\",\"contentUrl\":\"https:\\\/\\\/storage.googleapis.com\\\/cz-shopatoa-img\\\/ro\\\/b4dac915-shopatoa_logo.png\",\"width\":416,\"height\":63,\"caption\":\"SHOPATOA\"},\"image\":{\"@id\":\"https:\\\/\\\/shopatoa.com\\\/ro\\\/#\\\/schema\\\/logo\\\/image\\\/\"}}]}<\/script>\n<!-- \/ Yoast SEO plugin. -->","yoast_head_json":{"title":"Unleashia Bye Bye My Blemish Concealer corector lichid de acoperire SPF 30 culoare 0.5 Fair 2 g - SHOPATOA.COM","robots":{"index":"index","follow":"follow","max-snippet":"max-snippet:-1","max-image-preview":"max-image-preview:large","max-video-preview":"max-video-preview:-1"},"canonical":"https:\/\/shopatoa.com\/ro\/unleashia-bye-bye-my-blemish-concealer-corector-lichid-de-acoperire-spf-30-culoare-0-5-fair-2-g\/","og_locale":"ro_RO","og_type":"article","og_title":"Unleashia Bye Bye My Blemish Concealer corector lichid de acoperire SPF 30 culoare 0.5 Fair 2 g - SHOPATOA.COM","og_description":"Unleashia Bye Bye My Blemish Concealer, 2 g, Corector lichid pentru femei, Dori\u021bi ca tenul dvs. s\u0103 fie radiant \u0219i s\u0103 arate impecabil? Corectorul UnleashiaBye Bye My BlemishConcealer pune cap\u0103t semnelor de oboseal\u0103 \u0219i ofer\u0103 machiajului dvs. un finish uimitor. Formula foarte pigmentat\u0103 mascheaz\u0103 cearc\u0103nele de sub ochi, combate elegant orice pete \u00eentunecate de pe...","og_url":"https:\/\/shopatoa.com\/ro\/unleashia-bye-bye-my-blemish-concealer-corector-lichid-de-acoperire-spf-30-culoare-0-5-fair-2-g\/","og_site_name":"SHOPATOA","article_modified_time":"2025-12-10T06:13:29+00:00","og_image":[{"width":800,"height":800,"url":"https:\/\/storage.googleapis.com\/cz-shopatoa-img\/ro\/811f9ee0-unnamed-file.webp","type":"image\/webp"}],"twitter_card":"summary_large_image","twitter_misc":{"Timp estimat pentru citire":"1 minut"},"schema":{"@context":"https:\/\/schema.org","@graph":[{"@type":"WebPage","@id":"https:\/\/shopatoa.com\/ro\/unleashia-bye-bye-my-blemish-concealer-corector-lichid-de-acoperire-spf-30-culoare-0-5-fair-2-g\/","url":"https:\/\/shopatoa.com\/ro\/unleashia-bye-bye-my-blemish-concealer-corector-lichid-de-acoperire-spf-30-culoare-0-5-fair-2-g\/","name":"Unleashia Bye Bye My Blemish Concealer corector lichid de acoperire SPF 30 culoare 0.5 Fair 2 g - SHOPATOA.COM","isPartOf":{"@id":"https:\/\/shopatoa.com\/ro\/#website"},"primaryImageOfPage":{"@id":"https:\/\/shopatoa.com\/ro\/unleashia-bye-bye-my-blemish-concealer-corector-lichid-de-acoperire-spf-30-culoare-0-5-fair-2-g\/#primaryimage"},"image":{"@id":"https:\/\/shopatoa.com\/ro\/unleashia-bye-bye-my-blemish-concealer-corector-lichid-de-acoperire-spf-30-culoare-0-5-fair-2-g\/#primaryimage"},"thumbnailUrl":"https:\/\/storage.googleapis.com\/cz-shopatoa-img\/ro\/811f9ee0-unnamed-file.webp","datePublished":"2025-06-29T03:22:39+00:00","dateModified":"2025-12-10T06:13:29+00:00","breadcrumb":{"@id":"https:\/\/shopatoa.com\/ro\/unleashia-bye-bye-my-blemish-concealer-corector-lichid-de-acoperire-spf-30-culoare-0-5-fair-2-g\/#breadcrumb"},"inLanguage":"ro-RO","potentialAction":[{"@type":"ReadAction","target":["https:\/\/shopatoa.com\/ro\/unleashia-bye-bye-my-blemish-concealer-corector-lichid-de-acoperire-spf-30-culoare-0-5-fair-2-g\/"]}]},{"@type":"ImageObject","inLanguage":"ro-RO","@id":"https:\/\/shopatoa.com\/ro\/unleashia-bye-bye-my-blemish-concealer-corector-lichid-de-acoperire-spf-30-culoare-0-5-fair-2-g\/#primaryimage","url":"https:\/\/storage.googleapis.com\/cz-shopatoa-img\/ro\/811f9ee0-unnamed-file.webp","contentUrl":"https:\/\/storage.googleapis.com\/cz-shopatoa-img\/ro\/811f9ee0-unnamed-file.webp","width":800,"height":800},{"@type":"BreadcrumbList","@id":"https:\/\/shopatoa.com\/ro\/unleashia-bye-bye-my-blemish-concealer-corector-lichid-de-acoperire-spf-30-culoare-0-5-fair-2-g\/#breadcrumb","itemListElement":[{"@type":"ListItem","position":1,"name":"Dom\u016f","item":"https:\/\/shopatoa.com\/ro\/"},{"@type":"ListItem","position":2,"name":"Shop","item":"https:\/\/shopatoa.com\/ro\/shop\/"},{"@type":"ListItem","position":3,"name":"S\u0103n\u0103tate \u0219i frumuse\u021be","item":"https:\/\/shopatoa.com\/ro\/sanatate-si-frumusete\/"},{"@type":"ListItem","position":4,"name":"\u00cengrijire personal\u0103","item":"https:\/\/shopatoa.com\/ro\/ingrijire-personala\/"},{"@type":"ListItem","position":5,"name":"Cosmetice","item":"https:\/\/shopatoa.com\/ro\/cosmetice-ingrijire-personala\/"},{"@type":"ListItem","position":6,"name":"Machiaj","item":"https:\/\/shopatoa.com\/ro\/machiaj\/"},{"@type":"ListItem","position":7,"name":"Machiaj de fa\u021b\u0103","item":"https:\/\/shopatoa.com\/ro\/machiaj-de-fata\/"},{"@type":"ListItem","position":8,"name":"Primer de fa\u021b\u0103","item":"https:\/\/shopatoa.com\/ro\/primer-de-fata\/"},{"@type":"ListItem","position":9,"name":"Unleashia Bye Bye My Blemish Concealer corector lichid de acoperire SPF 30 culoare 0.5 Fair 2 g"}]},{"@type":"WebSite","@id":"https:\/\/shopatoa.com\/ro\/#website","url":"https:\/\/shopatoa.com\/ro\/","name":"SHOPATOA","description":"","publisher":{"@id":"https:\/\/shopatoa.com\/ro\/#organization"},"potentialAction":[{"@type":"SearchAction","target":{"@type":"EntryPoint","urlTemplate":"https:\/\/shopatoa.com\/ro\/?s={search_term_string}"},"query-input":{"@type":"PropertyValueSpecification","valueRequired":true,"valueName":"search_term_string"}}],"inLanguage":"ro-RO"},{"@type":"Organization","@id":"https:\/\/shopatoa.com\/ro\/#organization","name":"SHOPATOA","url":"https:\/\/shopatoa.com\/ro\/","logo":{"@type":"ImageObject","inLanguage":"ro-RO","@id":"https:\/\/shopatoa.com\/ro\/#\/schema\/logo\/image\/","url":"https:\/\/storage.googleapis.com\/cz-shopatoa-img\/ro\/b4dac915-shopatoa_logo.png","contentUrl":"https:\/\/storage.googleapis.com\/cz-shopatoa-img\/ro\/b4dac915-shopatoa_logo.png","width":416,"height":63,"caption":"SHOPATOA"},"image":{"@id":"https:\/\/shopatoa.com\/ro\/#\/schema\/logo\/image\/"}}]}},"_links":{"self":[{"href":"https:\/\/shopatoa.com\/ro\/wp-json\/wp\/v2\/product\/475497","targetHints":{"allow":["GET"]}}],"collection":[{"href":"https:\/\/shopatoa.com\/ro\/wp-json\/wp\/v2\/product"}],"about":[{"href":"https:\/\/shopatoa.com\/ro\/wp-json\/wp\/v2\/types\/product"}],"replies":[{"embeddable":true,"href":"https:\/\/shopatoa.com\/ro\/wp-json\/wp\/v2\/comments?post=475497"}],"wp:featuredmedia":[{"embeddable":true,"href":"https:\/\/shopatoa.com\/ro\/wp-json\/wp\/v2\/media\/475498"}],"wp:attachment":[{"href":"https:\/\/shopatoa.com\/ro\/wp-json\/wp\/v2\/media?parent=475497"}],"wp:term":[{"taxonomy":"product_brand","embeddable":true,"href":"https:\/\/shopatoa.com\/ro\/wp-json\/wp\/v2\/product_brand?post=475497"},{"taxonomy":"product_cat","embeddable":true,"href":"https:\/\/shopatoa.com\/ro\/wp-json\/wp\/v2\/product_cat?post=475497"},{"taxonomy":"product_tag","embeddable":true,"href":"https:\/\/shopatoa.com\/ro\/wp-json\/wp\/v2\/product_tag?post=475497"}],"curies":[{"name":"wp","href":"https:\/\/api.w.org\/{rel}","templated":true}]}}