{"id":475537,"date":"2025-06-29T05:25:39","date_gmt":"2025-06-29T03:25:39","guid":{"rendered":"https:\/\/shopatoa.com\/ro\/banila-co-clean-it-zero-tea-tree-pore-peeling-gel-gel-calmant-si-exfoliant-pentru-pori-dilatati-120-ml\/"},"modified":"2025-12-10T07:04:43","modified_gmt":"2025-12-10T06:04:43","slug":"banila-co-clean-it-zero-tea-tree-pore-peeling-gel-gel-calmant-si-exfoliant-pentru-pori-dilatati-120-ml","status":"publish","type":"product","link":"https:\/\/shopatoa.com\/ro\/banila-co-clean-it-zero-tea-tree-pore-peeling-gel-gel-calmant-si-exfoliant-pentru-pori-dilatati-120-ml\/","title":{"rendered":"Banila Co. clean it zero Tea Tree Pore Peeling Gel gel calmant si exfoliant pentru pori dilatati 120 ml"},"content":{"rendered":"<p>Banila Co. clean it zero Tea Tree Pore Peeling Gel, 120 ml, Peelings mec\u00e2nicos pentru femei, Caracteristici:  desfund\u0103 porii astupa\u021bi spal\u0103 \u0219i cur\u0103\u021b\u0103 temeinic \u00eentreaga fa\u021b\u0103 \u00eendep\u0103rteaz\u0103 celulele epiteliale moarte neteze\u0219te \u0219i catifeleaz\u0103 pielea nu usuc\u0103 pielea  Ingrediente:  produs vegan acid salicilic \u2013 cur\u0103\u021b\u0103 \u00een profunzime, decolmateaz\u0103 porii \u0219i previne apari\u021bia punctelor negre, ajut\u0103 la exfolierea pielii moarte \u0219i la eliminarea excesului de sebum acid hialuronic \u2013 leag\u0103 o cantitate mare de ap\u0103 \u0219i hidrateaz\u0103 intens ulei de tea tree \u2013 are efecte de cur\u0103\u021bare, ajut\u0103 la prevenirea acneei \u0219i accelereaz\u0103 regenerarea pielii deteriorate, calmeaz\u0103, amelioreaz\u0103 irita\u021bia, ro\u0219ea\u021ba, edemele \u0219i senza\u021biile de m\u00e2nc\u0103rime betain\u0103 \u2013 umecteaz\u0103, calmeaz\u0103 \u0219i catifeleaz\u0103 tenul, ajut\u00e2nd la men\u021binerea optim\u0103 a hidrat\u0103rii acestuia alantoin\u0103 \u2013 calmeaz\u0103, hidrateaz\u0103 \u0219i catifeleaz\u0103, favorizeaz\u0103 regenerarea  Cum se utilizeaz\u0103: Se aplic\u0103 pe fa\u021ba umed\u0103, prin masaj delicat \u0219i se cl\u0103te\u0219te atent cu ap\u0103.<\/p>\n","protected":false},"excerpt":{"rendered":"<p>Banila Co. clean it zero Tea Tree Pore Peeling Gel, 120 ml, Peelings mec\u00e2nicos pentru femei, Caracteristici: desfund\u0103 porii astupa\u021bi spal\u0103 \u0219i cur\u0103\u021b\u0103 temeinic \u00eentreaga fa\u021b\u0103 \u00eendep\u0103rteaz\u0103 celulele epiteliale moarte neteze\u0219te \u0219i catifeleaz\u0103 pielea nu usuc\u0103 pielea Ingrediente: produs vegan acid salicilic \u2013 cur\u0103\u021b\u0103 \u00een profunzime, decolmateaz\u0103 porii \u0219i previne apari\u021bia punctelor negre, ajut\u0103 la&#8230;<\/p>\n","protected":false},"featured_media":475538,"comment_status":"closed","ping_status":"open","template":"","meta":{"_acf_changed":false,"_kadence_starter_templates_imported_post":false,"_kad_post_transparent":"","_kad_post_title":"","_kad_post_layout":"","_kad_post_sidebar_id":"","_kad_post_content_style":"","_kad_post_vertical_padding":"","_kad_post_feature":"","_kad_post_feature_position":"","_kad_post_header":false,"_kad_post_footer":false,"_kad_post_classname":""},"product_brand":[2456],"product_cat":[1564,1563,1565,1715,1562],"product_tag":[],"class_list":{"0":"post-475537","1":"product","2":"type-product","3":"status-publish","4":"has-post-thumbnail","6":"product_brand-banila-co","7":"product_cat-cosmetice-ingrijire-personala","8":"product_cat-ingrijire-personala","9":"product_cat-ingrijirea-pielii","10":"product_cat-kituri-de-curatare-faciala","11":"product_cat-sanatate-si-frumusete","12":"pa_gen-female","13":"pa_marime-120-ml","15":"first","16":"instock","17":"sale","18":"product-type-external","19":"entry","20":"content-bg","21":"loop-entry"},"acf":[],"yoast_head":"<!-- This site is optimized with the Yoast SEO plugin v27.4 - https:\/\/yoast.com\/product\/yoast-seo-wordpress\/ -->\n<title>Banila Co. clean it zero Tea Tree Pore Peeling Gel gel calmant si exfoliant pentru pori dilatati 120 ml - SHOPATOA.COM<\/title>\n<meta name=\"robots\" content=\"index, follow, max-snippet:-1, max-image-preview:large, max-video-preview:-1\" \/>\n<link rel=\"canonical\" href=\"https:\/\/shopatoa.com\/ro\/banila-co-clean-it-zero-tea-tree-pore-peeling-gel-gel-calmant-si-exfoliant-pentru-pori-dilatati-120-ml\/\" \/>\n<meta property=\"og:locale\" content=\"ro_RO\" \/>\n<meta property=\"og:type\" content=\"article\" \/>\n<meta property=\"og:title\" content=\"Banila Co. clean it zero Tea Tree Pore Peeling Gel gel calmant si exfoliant pentru pori dilatati 120 ml - SHOPATOA.COM\" \/>\n<meta property=\"og:description\" content=\"Banila Co. clean it zero Tea Tree Pore Peeling Gel, 120 ml, Peelings mec\u00e2nicos pentru femei, Caracteristici: desfund\u0103 porii astupa\u021bi spal\u0103 \u0219i cur\u0103\u021b\u0103 temeinic \u00eentreaga fa\u021b\u0103 \u00eendep\u0103rteaz\u0103 celulele epiteliale moarte neteze\u0219te \u0219i catifeleaz\u0103 pielea nu usuc\u0103 pielea Ingrediente: produs vegan acid salicilic \u2013 cur\u0103\u021b\u0103 \u00een profunzime, decolmateaz\u0103 porii \u0219i previne apari\u021bia punctelor negre, ajut\u0103 la...\" \/>\n<meta property=\"og:url\" content=\"https:\/\/shopatoa.com\/ro\/banila-co-clean-it-zero-tea-tree-pore-peeling-gel-gel-calmant-si-exfoliant-pentru-pori-dilatati-120-ml\/\" \/>\n<meta property=\"og:site_name\" content=\"SHOPATOA\" \/>\n<meta property=\"article:modified_time\" content=\"2025-12-10T06:04:43+00:00\" \/>\n<meta property=\"og:image\" content=\"https:\/\/storage.googleapis.com\/cz-shopatoa-img\/ro\/8ae55693-unnamed-file.webp\" \/>\n\t<meta property=\"og:image:width\" content=\"800\" \/>\n\t<meta property=\"og:image:height\" content=\"800\" \/>\n\t<meta property=\"og:image:type\" content=\"image\/webp\" \/>\n<meta name=\"twitter:card\" content=\"summary_large_image\" \/>\n<meta name=\"twitter:label1\" content=\"Timp estimat pentru citire\" \/>\n\t<meta name=\"twitter:data1\" content=\"1 minut\" \/>\n<script type=\"application\/ld+json\" class=\"yoast-schema-graph\">{\"@context\":\"https:\\\/\\\/schema.org\",\"@graph\":[{\"@type\":\"WebPage\",\"@id\":\"https:\\\/\\\/shopatoa.com\\\/ro\\\/banila-co-clean-it-zero-tea-tree-pore-peeling-gel-gel-calmant-si-exfoliant-pentru-pori-dilatati-120-ml\\\/\",\"url\":\"https:\\\/\\\/shopatoa.com\\\/ro\\\/banila-co-clean-it-zero-tea-tree-pore-peeling-gel-gel-calmant-si-exfoliant-pentru-pori-dilatati-120-ml\\\/\",\"name\":\"Banila Co. clean it zero Tea Tree Pore Peeling Gel gel calmant si exfoliant pentru pori dilatati 120 ml - SHOPATOA.COM\",\"isPartOf\":{\"@id\":\"https:\\\/\\\/shopatoa.com\\\/ro\\\/#website\"},\"primaryImageOfPage\":{\"@id\":\"https:\\\/\\\/shopatoa.com\\\/ro\\\/banila-co-clean-it-zero-tea-tree-pore-peeling-gel-gel-calmant-si-exfoliant-pentru-pori-dilatati-120-ml\\\/#primaryimage\"},\"image\":{\"@id\":\"https:\\\/\\\/shopatoa.com\\\/ro\\\/banila-co-clean-it-zero-tea-tree-pore-peeling-gel-gel-calmant-si-exfoliant-pentru-pori-dilatati-120-ml\\\/#primaryimage\"},\"thumbnailUrl\":\"https:\\\/\\\/storage.googleapis.com\\\/cz-shopatoa-img\\\/ro\\\/8ae55693-unnamed-file.webp\",\"datePublished\":\"2025-06-29T03:25:39+00:00\",\"dateModified\":\"2025-12-10T06:04:43+00:00\",\"breadcrumb\":{\"@id\":\"https:\\\/\\\/shopatoa.com\\\/ro\\\/banila-co-clean-it-zero-tea-tree-pore-peeling-gel-gel-calmant-si-exfoliant-pentru-pori-dilatati-120-ml\\\/#breadcrumb\"},\"inLanguage\":\"ro-RO\",\"potentialAction\":[{\"@type\":\"ReadAction\",\"target\":[\"https:\\\/\\\/shopatoa.com\\\/ro\\\/banila-co-clean-it-zero-tea-tree-pore-peeling-gel-gel-calmant-si-exfoliant-pentru-pori-dilatati-120-ml\\\/\"]}]},{\"@type\":\"ImageObject\",\"inLanguage\":\"ro-RO\",\"@id\":\"https:\\\/\\\/shopatoa.com\\\/ro\\\/banila-co-clean-it-zero-tea-tree-pore-peeling-gel-gel-calmant-si-exfoliant-pentru-pori-dilatati-120-ml\\\/#primaryimage\",\"url\":\"https:\\\/\\\/storage.googleapis.com\\\/cz-shopatoa-img\\\/ro\\\/8ae55693-unnamed-file.webp\",\"contentUrl\":\"https:\\\/\\\/storage.googleapis.com\\\/cz-shopatoa-img\\\/ro\\\/8ae55693-unnamed-file.webp\",\"width\":800,\"height\":800},{\"@type\":\"BreadcrumbList\",\"@id\":\"https:\\\/\\\/shopatoa.com\\\/ro\\\/banila-co-clean-it-zero-tea-tree-pore-peeling-gel-gel-calmant-si-exfoliant-pentru-pori-dilatati-120-ml\\\/#breadcrumb\",\"itemListElement\":[{\"@type\":\"ListItem\",\"position\":1,\"name\":\"Dom\u016f\",\"item\":\"https:\\\/\\\/shopatoa.com\\\/ro\\\/\"},{\"@type\":\"ListItem\",\"position\":2,\"name\":\"Shop\",\"item\":\"https:\\\/\\\/shopatoa.com\\\/ro\\\/shop\\\/\"},{\"@type\":\"ListItem\",\"position\":3,\"name\":\"S\u0103n\u0103tate \u0219i frumuse\u021be\",\"item\":\"https:\\\/\\\/shopatoa.com\\\/ro\\\/sanatate-si-frumusete\\\/\"},{\"@type\":\"ListItem\",\"position\":4,\"name\":\"\u00cengrijire personal\u0103\",\"item\":\"https:\\\/\\\/shopatoa.com\\\/ro\\\/ingrijire-personala\\\/\"},{\"@type\":\"ListItem\",\"position\":5,\"name\":\"Cosmetice\",\"item\":\"https:\\\/\\\/shopatoa.com\\\/ro\\\/cosmetice-ingrijire-personala\\\/\"},{\"@type\":\"ListItem\",\"position\":6,\"name\":\"\u00cengrijirea pielii\",\"item\":\"https:\\\/\\\/shopatoa.com\\\/ro\\\/ingrijirea-pielii\\\/\"},{\"@type\":\"ListItem\",\"position\":7,\"name\":\"Kituri de cur\u0103\u021bare facial\u0103\",\"item\":\"https:\\\/\\\/shopatoa.com\\\/ro\\\/kituri-de-curatare-faciala\\\/\"},{\"@type\":\"ListItem\",\"position\":8,\"name\":\"Banila Co. clean it zero Tea Tree Pore Peeling Gel gel calmant si exfoliant pentru pori dilatati 120 ml\"}]},{\"@type\":\"WebSite\",\"@id\":\"https:\\\/\\\/shopatoa.com\\\/ro\\\/#website\",\"url\":\"https:\\\/\\\/shopatoa.com\\\/ro\\\/\",\"name\":\"SHOPATOA\",\"description\":\"\",\"publisher\":{\"@id\":\"https:\\\/\\\/shopatoa.com\\\/ro\\\/#organization\"},\"potentialAction\":[{\"@type\":\"SearchAction\",\"target\":{\"@type\":\"EntryPoint\",\"urlTemplate\":\"https:\\\/\\\/shopatoa.com\\\/ro\\\/?s={search_term_string}\"},\"query-input\":{\"@type\":\"PropertyValueSpecification\",\"valueRequired\":true,\"valueName\":\"search_term_string\"}}],\"inLanguage\":\"ro-RO\"},{\"@type\":\"Organization\",\"@id\":\"https:\\\/\\\/shopatoa.com\\\/ro\\\/#organization\",\"name\":\"SHOPATOA\",\"url\":\"https:\\\/\\\/shopatoa.com\\\/ro\\\/\",\"logo\":{\"@type\":\"ImageObject\",\"inLanguage\":\"ro-RO\",\"@id\":\"https:\\\/\\\/shopatoa.com\\\/ro\\\/#\\\/schema\\\/logo\\\/image\\\/\",\"url\":\"https:\\\/\\\/storage.googleapis.com\\\/cz-shopatoa-img\\\/ro\\\/b4dac915-shopatoa_logo.png\",\"contentUrl\":\"https:\\\/\\\/storage.googleapis.com\\\/cz-shopatoa-img\\\/ro\\\/b4dac915-shopatoa_logo.png\",\"width\":416,\"height\":63,\"caption\":\"SHOPATOA\"},\"image\":{\"@id\":\"https:\\\/\\\/shopatoa.com\\\/ro\\\/#\\\/schema\\\/logo\\\/image\\\/\"}}]}<\/script>\n<!-- \/ Yoast SEO plugin. -->","yoast_head_json":{"title":"Banila Co. clean it zero Tea Tree Pore Peeling Gel gel calmant si exfoliant pentru pori dilatati 120 ml - SHOPATOA.COM","robots":{"index":"index","follow":"follow","max-snippet":"max-snippet:-1","max-image-preview":"max-image-preview:large","max-video-preview":"max-video-preview:-1"},"canonical":"https:\/\/shopatoa.com\/ro\/banila-co-clean-it-zero-tea-tree-pore-peeling-gel-gel-calmant-si-exfoliant-pentru-pori-dilatati-120-ml\/","og_locale":"ro_RO","og_type":"article","og_title":"Banila Co. clean it zero Tea Tree Pore Peeling Gel gel calmant si exfoliant pentru pori dilatati 120 ml - SHOPATOA.COM","og_description":"Banila Co. clean it zero Tea Tree Pore Peeling Gel, 120 ml, Peelings mec\u00e2nicos pentru femei, Caracteristici: desfund\u0103 porii astupa\u021bi spal\u0103 \u0219i cur\u0103\u021b\u0103 temeinic \u00eentreaga fa\u021b\u0103 \u00eendep\u0103rteaz\u0103 celulele epiteliale moarte neteze\u0219te \u0219i catifeleaz\u0103 pielea nu usuc\u0103 pielea Ingrediente: produs vegan acid salicilic \u2013 cur\u0103\u021b\u0103 \u00een profunzime, decolmateaz\u0103 porii \u0219i previne apari\u021bia punctelor negre, ajut\u0103 la...","og_url":"https:\/\/shopatoa.com\/ro\/banila-co-clean-it-zero-tea-tree-pore-peeling-gel-gel-calmant-si-exfoliant-pentru-pori-dilatati-120-ml\/","og_site_name":"SHOPATOA","article_modified_time":"2025-12-10T06:04:43+00:00","og_image":[{"width":800,"height":800,"url":"https:\/\/storage.googleapis.com\/cz-shopatoa-img\/ro\/8ae55693-unnamed-file.webp","type":"image\/webp"}],"twitter_card":"summary_large_image","twitter_misc":{"Timp estimat pentru citire":"1 minut"},"schema":{"@context":"https:\/\/schema.org","@graph":[{"@type":"WebPage","@id":"https:\/\/shopatoa.com\/ro\/banila-co-clean-it-zero-tea-tree-pore-peeling-gel-gel-calmant-si-exfoliant-pentru-pori-dilatati-120-ml\/","url":"https:\/\/shopatoa.com\/ro\/banila-co-clean-it-zero-tea-tree-pore-peeling-gel-gel-calmant-si-exfoliant-pentru-pori-dilatati-120-ml\/","name":"Banila Co. clean it zero Tea Tree Pore Peeling Gel gel calmant si exfoliant pentru pori dilatati 120 ml - SHOPATOA.COM","isPartOf":{"@id":"https:\/\/shopatoa.com\/ro\/#website"},"primaryImageOfPage":{"@id":"https:\/\/shopatoa.com\/ro\/banila-co-clean-it-zero-tea-tree-pore-peeling-gel-gel-calmant-si-exfoliant-pentru-pori-dilatati-120-ml\/#primaryimage"},"image":{"@id":"https:\/\/shopatoa.com\/ro\/banila-co-clean-it-zero-tea-tree-pore-peeling-gel-gel-calmant-si-exfoliant-pentru-pori-dilatati-120-ml\/#primaryimage"},"thumbnailUrl":"https:\/\/storage.googleapis.com\/cz-shopatoa-img\/ro\/8ae55693-unnamed-file.webp","datePublished":"2025-06-29T03:25:39+00:00","dateModified":"2025-12-10T06:04:43+00:00","breadcrumb":{"@id":"https:\/\/shopatoa.com\/ro\/banila-co-clean-it-zero-tea-tree-pore-peeling-gel-gel-calmant-si-exfoliant-pentru-pori-dilatati-120-ml\/#breadcrumb"},"inLanguage":"ro-RO","potentialAction":[{"@type":"ReadAction","target":["https:\/\/shopatoa.com\/ro\/banila-co-clean-it-zero-tea-tree-pore-peeling-gel-gel-calmant-si-exfoliant-pentru-pori-dilatati-120-ml\/"]}]},{"@type":"ImageObject","inLanguage":"ro-RO","@id":"https:\/\/shopatoa.com\/ro\/banila-co-clean-it-zero-tea-tree-pore-peeling-gel-gel-calmant-si-exfoliant-pentru-pori-dilatati-120-ml\/#primaryimage","url":"https:\/\/storage.googleapis.com\/cz-shopatoa-img\/ro\/8ae55693-unnamed-file.webp","contentUrl":"https:\/\/storage.googleapis.com\/cz-shopatoa-img\/ro\/8ae55693-unnamed-file.webp","width":800,"height":800},{"@type":"BreadcrumbList","@id":"https:\/\/shopatoa.com\/ro\/banila-co-clean-it-zero-tea-tree-pore-peeling-gel-gel-calmant-si-exfoliant-pentru-pori-dilatati-120-ml\/#breadcrumb","itemListElement":[{"@type":"ListItem","position":1,"name":"Dom\u016f","item":"https:\/\/shopatoa.com\/ro\/"},{"@type":"ListItem","position":2,"name":"Shop","item":"https:\/\/shopatoa.com\/ro\/shop\/"},{"@type":"ListItem","position":3,"name":"S\u0103n\u0103tate \u0219i frumuse\u021be","item":"https:\/\/shopatoa.com\/ro\/sanatate-si-frumusete\/"},{"@type":"ListItem","position":4,"name":"\u00cengrijire personal\u0103","item":"https:\/\/shopatoa.com\/ro\/ingrijire-personala\/"},{"@type":"ListItem","position":5,"name":"Cosmetice","item":"https:\/\/shopatoa.com\/ro\/cosmetice-ingrijire-personala\/"},{"@type":"ListItem","position":6,"name":"\u00cengrijirea pielii","item":"https:\/\/shopatoa.com\/ro\/ingrijirea-pielii\/"},{"@type":"ListItem","position":7,"name":"Kituri de cur\u0103\u021bare facial\u0103","item":"https:\/\/shopatoa.com\/ro\/kituri-de-curatare-faciala\/"},{"@type":"ListItem","position":8,"name":"Banila Co. clean it zero Tea Tree Pore Peeling Gel gel calmant si exfoliant pentru pori dilatati 120 ml"}]},{"@type":"WebSite","@id":"https:\/\/shopatoa.com\/ro\/#website","url":"https:\/\/shopatoa.com\/ro\/","name":"SHOPATOA","description":"","publisher":{"@id":"https:\/\/shopatoa.com\/ro\/#organization"},"potentialAction":[{"@type":"SearchAction","target":{"@type":"EntryPoint","urlTemplate":"https:\/\/shopatoa.com\/ro\/?s={search_term_string}"},"query-input":{"@type":"PropertyValueSpecification","valueRequired":true,"valueName":"search_term_string"}}],"inLanguage":"ro-RO"},{"@type":"Organization","@id":"https:\/\/shopatoa.com\/ro\/#organization","name":"SHOPATOA","url":"https:\/\/shopatoa.com\/ro\/","logo":{"@type":"ImageObject","inLanguage":"ro-RO","@id":"https:\/\/shopatoa.com\/ro\/#\/schema\/logo\/image\/","url":"https:\/\/storage.googleapis.com\/cz-shopatoa-img\/ro\/b4dac915-shopatoa_logo.png","contentUrl":"https:\/\/storage.googleapis.com\/cz-shopatoa-img\/ro\/b4dac915-shopatoa_logo.png","width":416,"height":63,"caption":"SHOPATOA"},"image":{"@id":"https:\/\/shopatoa.com\/ro\/#\/schema\/logo\/image\/"}}]}},"_links":{"self":[{"href":"https:\/\/shopatoa.com\/ro\/wp-json\/wp\/v2\/product\/475537","targetHints":{"allow":["GET"]}}],"collection":[{"href":"https:\/\/shopatoa.com\/ro\/wp-json\/wp\/v2\/product"}],"about":[{"href":"https:\/\/shopatoa.com\/ro\/wp-json\/wp\/v2\/types\/product"}],"replies":[{"embeddable":true,"href":"https:\/\/shopatoa.com\/ro\/wp-json\/wp\/v2\/comments?post=475537"}],"wp:featuredmedia":[{"embeddable":true,"href":"https:\/\/shopatoa.com\/ro\/wp-json\/wp\/v2\/media\/475538"}],"wp:attachment":[{"href":"https:\/\/shopatoa.com\/ro\/wp-json\/wp\/v2\/media?parent=475537"}],"wp:term":[{"taxonomy":"product_brand","embeddable":true,"href":"https:\/\/shopatoa.com\/ro\/wp-json\/wp\/v2\/product_brand?post=475537"},{"taxonomy":"product_cat","embeddable":true,"href":"https:\/\/shopatoa.com\/ro\/wp-json\/wp\/v2\/product_cat?post=475537"},{"taxonomy":"product_tag","embeddable":true,"href":"https:\/\/shopatoa.com\/ro\/wp-json\/wp\/v2\/product_tag?post=475537"}],"curies":[{"name":"wp","href":"https:\/\/api.w.org\/{rel}","templated":true}]}}