{"id":477077,"date":"2025-06-29T07:41:06","date_gmt":"2025-06-29T05:41:06","guid":{"rendered":"https:\/\/shopatoa.com\/ro\/sol-de-janeiro-beija-flor-jet-set-seturi-pentru-voiaj-pentru-corp-pentru-femei\/"},"modified":"2025-12-09T20:34:54","modified_gmt":"2025-12-09T19:34:54","slug":"sol-de-janeiro-beija-flor-jet-set-seturi-pentru-voiaj-pentru-corp-pentru-femei","status":"publish","type":"product","link":"https:\/\/shopatoa.com\/ro\/sol-de-janeiro-beija-flor-jet-set-seturi-pentru-voiaj-pentru-corp-pentru-femei\/","title":{"rendered":"Sol de Janeiro Beija Flor Jet Set Seturi pentru voiaj pentru corp pentru femei"},"content":{"rendered":"<p>Sol de Janeiro Beija Flor Jet Set, Spray-uri de corp pentru femei, Totul pentru o piele frumoas\u0103 \u00eentr-un singur pachet. Setul de cosmetice Sol de Janeiro Beija Flor Jet Set con\u021bine nu unul, ci mai multe produse, care v\u0103 vor ajuta s\u0103 v\u0103 crea\u021bi sau s\u0103 v\u0103 \u00eembog\u0103\u021bi\u021bi rutina zilnic\u0103 de \u00eengrijire \u0219i s\u0103 v\u0103 oferi\u021bi un moment de bucurie sau un cadou celor dragi.  Setul con\u021bine:   Beija Flor Elasti-Cream crema de corp hidratanta m\u0103re\u0219te elasticitatea pielii 50 ml  Brazilian Crush Cheirosa &#8217;68 spray parfumat pentru corp \u0219i p\u0103r 30 ml Beija Flor gel cremos pentru dus cu efect de hidratare 90 ml  Caracteristici:  o rutin\u0103 complet\u0103 pentru \u00eengrijirea zilnic\u0103 ideal \u00een c\u0103l\u0103torii foarte potrivit ca un cadou bucur\u0103 orice femeie  Ingrediente:  produs vegan  Cum se utilizeaz\u0103: Folosi\u021bi fiecare produs din setul cosmetic conform instruc\u021biunilor proprii.<\/p>\n","protected":false},"excerpt":{"rendered":"<p>Sol de Janeiro Beija Flor Jet Set, Spray-uri de corp pentru femei, Totul pentru o piele frumoas\u0103 \u00eentr-un singur pachet. Setul de cosmetice Sol de Janeiro Beija Flor Jet Set con\u021bine nu unul, ci mai multe produse, care v\u0103 vor ajuta s\u0103 v\u0103 crea\u021bi sau s\u0103 v\u0103 \u00eembog\u0103\u021bi\u021bi rutina zilnic\u0103 de \u00eengrijire \u0219i s\u0103 v\u0103&#8230;<\/p>\n","protected":false},"featured_media":477078,"comment_status":"closed","ping_status":"open","template":"","meta":{"_acf_changed":false,"_kadence_starter_templates_imported_post":false,"_kad_post_transparent":"","_kad_post_title":"","_kad_post_layout":"","_kad_post_sidebar_id":"","_kad_post_content_style":"","_kad_post_vertical_padding":"","_kad_post_feature":"","_kad_post_feature_position":"","_kad_post_header":false,"_kad_post_footer":false,"_kad_post_classname":""},"product_brand":[936],"product_cat":[1570,1564,1571,1563,1562],"product_tag":[],"class_list":{"0":"post-477077","1":"product","2":"type-product","3":"status-publish","4":"has-post-thumbnail","6":"product_brand-sol-de-janeiro","7":"product_cat-baie-si-corp","8":"product_cat-cosmetice-ingrijire-personala","9":"product_cat-gel-de-dus","10":"product_cat-ingrijire-personala","11":"product_cat-sanatate-si-frumusete","12":"pa_gen-female","14":"first","15":"instock","16":"sale","17":"product-type-external","18":"entry","19":"content-bg","20":"loop-entry"},"acf":[],"yoast_head":"<!-- This site is optimized with the Yoast SEO plugin v27.4 - https:\/\/yoast.com\/product\/yoast-seo-wordpress\/ -->\n<title>Sol de Janeiro Beija Flor Jet Set Seturi pentru voiaj pentru corp pentru femei - SHOPATOA.COM<\/title>\n<meta name=\"robots\" content=\"index, follow, max-snippet:-1, max-image-preview:large, max-video-preview:-1\" \/>\n<link rel=\"canonical\" href=\"https:\/\/shopatoa.com\/ro\/sol-de-janeiro-beija-flor-jet-set-seturi-pentru-voiaj-pentru-corp-pentru-femei\/\" \/>\n<meta property=\"og:locale\" content=\"ro_RO\" \/>\n<meta property=\"og:type\" content=\"article\" \/>\n<meta property=\"og:title\" content=\"Sol de Janeiro Beija Flor Jet Set Seturi pentru voiaj pentru corp pentru femei - SHOPATOA.COM\" \/>\n<meta property=\"og:description\" content=\"Sol de Janeiro Beija Flor Jet Set, Spray-uri de corp pentru femei, Totul pentru o piele frumoas\u0103 \u00eentr-un singur pachet. Setul de cosmetice Sol de Janeiro Beija Flor Jet Set con\u021bine nu unul, ci mai multe produse, care v\u0103 vor ajuta s\u0103 v\u0103 crea\u021bi sau s\u0103 v\u0103 \u00eembog\u0103\u021bi\u021bi rutina zilnic\u0103 de \u00eengrijire \u0219i s\u0103 v\u0103...\" \/>\n<meta property=\"og:url\" content=\"https:\/\/shopatoa.com\/ro\/sol-de-janeiro-beija-flor-jet-set-seturi-pentru-voiaj-pentru-corp-pentru-femei\/\" \/>\n<meta property=\"og:site_name\" content=\"SHOPATOA\" \/>\n<meta property=\"article:modified_time\" content=\"2025-12-09T19:34:54+00:00\" \/>\n<meta property=\"og:image\" content=\"https:\/\/storage.googleapis.com\/cz-shopatoa-img\/ro\/ec360cfa-unnamed-file.webp\" \/>\n\t<meta property=\"og:image:width\" content=\"800\" \/>\n\t<meta property=\"og:image:height\" content=\"800\" \/>\n\t<meta property=\"og:image:type\" content=\"image\/webp\" \/>\n<meta name=\"twitter:card\" content=\"summary_large_image\" \/>\n<meta name=\"twitter:label1\" content=\"Timp estimat pentru citire\" \/>\n\t<meta name=\"twitter:data1\" content=\"1 minut\" \/>\n<script type=\"application\/ld+json\" class=\"yoast-schema-graph\">{\"@context\":\"https:\\\/\\\/schema.org\",\"@graph\":[{\"@type\":\"WebPage\",\"@id\":\"https:\\\/\\\/shopatoa.com\\\/ro\\\/sol-de-janeiro-beija-flor-jet-set-seturi-pentru-voiaj-pentru-corp-pentru-femei\\\/\",\"url\":\"https:\\\/\\\/shopatoa.com\\\/ro\\\/sol-de-janeiro-beija-flor-jet-set-seturi-pentru-voiaj-pentru-corp-pentru-femei\\\/\",\"name\":\"Sol de Janeiro Beija Flor Jet Set Seturi pentru voiaj pentru corp pentru femei - SHOPATOA.COM\",\"isPartOf\":{\"@id\":\"https:\\\/\\\/shopatoa.com\\\/ro\\\/#website\"},\"primaryImageOfPage\":{\"@id\":\"https:\\\/\\\/shopatoa.com\\\/ro\\\/sol-de-janeiro-beija-flor-jet-set-seturi-pentru-voiaj-pentru-corp-pentru-femei\\\/#primaryimage\"},\"image\":{\"@id\":\"https:\\\/\\\/shopatoa.com\\\/ro\\\/sol-de-janeiro-beija-flor-jet-set-seturi-pentru-voiaj-pentru-corp-pentru-femei\\\/#primaryimage\"},\"thumbnailUrl\":\"https:\\\/\\\/storage.googleapis.com\\\/cz-shopatoa-img\\\/ro\\\/ec360cfa-unnamed-file.webp\",\"datePublished\":\"2025-06-29T05:41:06+00:00\",\"dateModified\":\"2025-12-09T19:34:54+00:00\",\"breadcrumb\":{\"@id\":\"https:\\\/\\\/shopatoa.com\\\/ro\\\/sol-de-janeiro-beija-flor-jet-set-seturi-pentru-voiaj-pentru-corp-pentru-femei\\\/#breadcrumb\"},\"inLanguage\":\"ro-RO\",\"potentialAction\":[{\"@type\":\"ReadAction\",\"target\":[\"https:\\\/\\\/shopatoa.com\\\/ro\\\/sol-de-janeiro-beija-flor-jet-set-seturi-pentru-voiaj-pentru-corp-pentru-femei\\\/\"]}]},{\"@type\":\"ImageObject\",\"inLanguage\":\"ro-RO\",\"@id\":\"https:\\\/\\\/shopatoa.com\\\/ro\\\/sol-de-janeiro-beija-flor-jet-set-seturi-pentru-voiaj-pentru-corp-pentru-femei\\\/#primaryimage\",\"url\":\"https:\\\/\\\/storage.googleapis.com\\\/cz-shopatoa-img\\\/ro\\\/ec360cfa-unnamed-file.webp\",\"contentUrl\":\"https:\\\/\\\/storage.googleapis.com\\\/cz-shopatoa-img\\\/ro\\\/ec360cfa-unnamed-file.webp\",\"width\":800,\"height\":800},{\"@type\":\"BreadcrumbList\",\"@id\":\"https:\\\/\\\/shopatoa.com\\\/ro\\\/sol-de-janeiro-beija-flor-jet-set-seturi-pentru-voiaj-pentru-corp-pentru-femei\\\/#breadcrumb\",\"itemListElement\":[{\"@type\":\"ListItem\",\"position\":1,\"name\":\"Dom\u016f\",\"item\":\"https:\\\/\\\/shopatoa.com\\\/ro\\\/\"},{\"@type\":\"ListItem\",\"position\":2,\"name\":\"Shop\",\"item\":\"https:\\\/\\\/shopatoa.com\\\/ro\\\/shop\\\/\"},{\"@type\":\"ListItem\",\"position\":3,\"name\":\"S\u0103n\u0103tate \u0219i frumuse\u021be\",\"item\":\"https:\\\/\\\/shopatoa.com\\\/ro\\\/sanatate-si-frumusete\\\/\"},{\"@type\":\"ListItem\",\"position\":4,\"name\":\"\u00cengrijire personal\u0103\",\"item\":\"https:\\\/\\\/shopatoa.com\\\/ro\\\/ingrijire-personala\\\/\"},{\"@type\":\"ListItem\",\"position\":5,\"name\":\"Cosmetice\",\"item\":\"https:\\\/\\\/shopatoa.com\\\/ro\\\/cosmetice-ingrijire-personala\\\/\"},{\"@type\":\"ListItem\",\"position\":6,\"name\":\"Baie \u0219i corp\",\"item\":\"https:\\\/\\\/shopatoa.com\\\/ro\\\/baie-si-corp\\\/\"},{\"@type\":\"ListItem\",\"position\":7,\"name\":\"Gel de du\u0219\",\"item\":\"https:\\\/\\\/shopatoa.com\\\/ro\\\/gel-de-dus\\\/\"},{\"@type\":\"ListItem\",\"position\":8,\"name\":\"Sol de Janeiro Beija Flor Jet Set Seturi pentru voiaj pentru corp pentru femei\"}]},{\"@type\":\"WebSite\",\"@id\":\"https:\\\/\\\/shopatoa.com\\\/ro\\\/#website\",\"url\":\"https:\\\/\\\/shopatoa.com\\\/ro\\\/\",\"name\":\"SHOPATOA\",\"description\":\"\",\"publisher\":{\"@id\":\"https:\\\/\\\/shopatoa.com\\\/ro\\\/#organization\"},\"potentialAction\":[{\"@type\":\"SearchAction\",\"target\":{\"@type\":\"EntryPoint\",\"urlTemplate\":\"https:\\\/\\\/shopatoa.com\\\/ro\\\/?s={search_term_string}\"},\"query-input\":{\"@type\":\"PropertyValueSpecification\",\"valueRequired\":true,\"valueName\":\"search_term_string\"}}],\"inLanguage\":\"ro-RO\"},{\"@type\":\"Organization\",\"@id\":\"https:\\\/\\\/shopatoa.com\\\/ro\\\/#organization\",\"name\":\"SHOPATOA\",\"url\":\"https:\\\/\\\/shopatoa.com\\\/ro\\\/\",\"logo\":{\"@type\":\"ImageObject\",\"inLanguage\":\"ro-RO\",\"@id\":\"https:\\\/\\\/shopatoa.com\\\/ro\\\/#\\\/schema\\\/logo\\\/image\\\/\",\"url\":\"https:\\\/\\\/storage.googleapis.com\\\/cz-shopatoa-img\\\/ro\\\/b4dac915-shopatoa_logo.png\",\"contentUrl\":\"https:\\\/\\\/storage.googleapis.com\\\/cz-shopatoa-img\\\/ro\\\/b4dac915-shopatoa_logo.png\",\"width\":416,\"height\":63,\"caption\":\"SHOPATOA\"},\"image\":{\"@id\":\"https:\\\/\\\/shopatoa.com\\\/ro\\\/#\\\/schema\\\/logo\\\/image\\\/\"}}]}<\/script>\n<!-- \/ Yoast SEO plugin. -->","yoast_head_json":{"title":"Sol de Janeiro Beija Flor Jet Set Seturi pentru voiaj pentru corp pentru femei - SHOPATOA.COM","robots":{"index":"index","follow":"follow","max-snippet":"max-snippet:-1","max-image-preview":"max-image-preview:large","max-video-preview":"max-video-preview:-1"},"canonical":"https:\/\/shopatoa.com\/ro\/sol-de-janeiro-beija-flor-jet-set-seturi-pentru-voiaj-pentru-corp-pentru-femei\/","og_locale":"ro_RO","og_type":"article","og_title":"Sol de Janeiro Beija Flor Jet Set Seturi pentru voiaj pentru corp pentru femei - SHOPATOA.COM","og_description":"Sol de Janeiro Beija Flor Jet Set, Spray-uri de corp pentru femei, Totul pentru o piele frumoas\u0103 \u00eentr-un singur pachet. Setul de cosmetice Sol de Janeiro Beija Flor Jet Set con\u021bine nu unul, ci mai multe produse, care v\u0103 vor ajuta s\u0103 v\u0103 crea\u021bi sau s\u0103 v\u0103 \u00eembog\u0103\u021bi\u021bi rutina zilnic\u0103 de \u00eengrijire \u0219i s\u0103 v\u0103...","og_url":"https:\/\/shopatoa.com\/ro\/sol-de-janeiro-beija-flor-jet-set-seturi-pentru-voiaj-pentru-corp-pentru-femei\/","og_site_name":"SHOPATOA","article_modified_time":"2025-12-09T19:34:54+00:00","og_image":[{"width":800,"height":800,"url":"https:\/\/storage.googleapis.com\/cz-shopatoa-img\/ro\/ec360cfa-unnamed-file.webp","type":"image\/webp"}],"twitter_card":"summary_large_image","twitter_misc":{"Timp estimat pentru citire":"1 minut"},"schema":{"@context":"https:\/\/schema.org","@graph":[{"@type":"WebPage","@id":"https:\/\/shopatoa.com\/ro\/sol-de-janeiro-beija-flor-jet-set-seturi-pentru-voiaj-pentru-corp-pentru-femei\/","url":"https:\/\/shopatoa.com\/ro\/sol-de-janeiro-beija-flor-jet-set-seturi-pentru-voiaj-pentru-corp-pentru-femei\/","name":"Sol de Janeiro Beija Flor Jet Set Seturi pentru voiaj pentru corp pentru femei - SHOPATOA.COM","isPartOf":{"@id":"https:\/\/shopatoa.com\/ro\/#website"},"primaryImageOfPage":{"@id":"https:\/\/shopatoa.com\/ro\/sol-de-janeiro-beija-flor-jet-set-seturi-pentru-voiaj-pentru-corp-pentru-femei\/#primaryimage"},"image":{"@id":"https:\/\/shopatoa.com\/ro\/sol-de-janeiro-beija-flor-jet-set-seturi-pentru-voiaj-pentru-corp-pentru-femei\/#primaryimage"},"thumbnailUrl":"https:\/\/storage.googleapis.com\/cz-shopatoa-img\/ro\/ec360cfa-unnamed-file.webp","datePublished":"2025-06-29T05:41:06+00:00","dateModified":"2025-12-09T19:34:54+00:00","breadcrumb":{"@id":"https:\/\/shopatoa.com\/ro\/sol-de-janeiro-beija-flor-jet-set-seturi-pentru-voiaj-pentru-corp-pentru-femei\/#breadcrumb"},"inLanguage":"ro-RO","potentialAction":[{"@type":"ReadAction","target":["https:\/\/shopatoa.com\/ro\/sol-de-janeiro-beija-flor-jet-set-seturi-pentru-voiaj-pentru-corp-pentru-femei\/"]}]},{"@type":"ImageObject","inLanguage":"ro-RO","@id":"https:\/\/shopatoa.com\/ro\/sol-de-janeiro-beija-flor-jet-set-seturi-pentru-voiaj-pentru-corp-pentru-femei\/#primaryimage","url":"https:\/\/storage.googleapis.com\/cz-shopatoa-img\/ro\/ec360cfa-unnamed-file.webp","contentUrl":"https:\/\/storage.googleapis.com\/cz-shopatoa-img\/ro\/ec360cfa-unnamed-file.webp","width":800,"height":800},{"@type":"BreadcrumbList","@id":"https:\/\/shopatoa.com\/ro\/sol-de-janeiro-beija-flor-jet-set-seturi-pentru-voiaj-pentru-corp-pentru-femei\/#breadcrumb","itemListElement":[{"@type":"ListItem","position":1,"name":"Dom\u016f","item":"https:\/\/shopatoa.com\/ro\/"},{"@type":"ListItem","position":2,"name":"Shop","item":"https:\/\/shopatoa.com\/ro\/shop\/"},{"@type":"ListItem","position":3,"name":"S\u0103n\u0103tate \u0219i frumuse\u021be","item":"https:\/\/shopatoa.com\/ro\/sanatate-si-frumusete\/"},{"@type":"ListItem","position":4,"name":"\u00cengrijire personal\u0103","item":"https:\/\/shopatoa.com\/ro\/ingrijire-personala\/"},{"@type":"ListItem","position":5,"name":"Cosmetice","item":"https:\/\/shopatoa.com\/ro\/cosmetice-ingrijire-personala\/"},{"@type":"ListItem","position":6,"name":"Baie \u0219i corp","item":"https:\/\/shopatoa.com\/ro\/baie-si-corp\/"},{"@type":"ListItem","position":7,"name":"Gel de du\u0219","item":"https:\/\/shopatoa.com\/ro\/gel-de-dus\/"},{"@type":"ListItem","position":8,"name":"Sol de Janeiro Beija Flor Jet Set Seturi pentru voiaj pentru corp pentru femei"}]},{"@type":"WebSite","@id":"https:\/\/shopatoa.com\/ro\/#website","url":"https:\/\/shopatoa.com\/ro\/","name":"SHOPATOA","description":"","publisher":{"@id":"https:\/\/shopatoa.com\/ro\/#organization"},"potentialAction":[{"@type":"SearchAction","target":{"@type":"EntryPoint","urlTemplate":"https:\/\/shopatoa.com\/ro\/?s={search_term_string}"},"query-input":{"@type":"PropertyValueSpecification","valueRequired":true,"valueName":"search_term_string"}}],"inLanguage":"ro-RO"},{"@type":"Organization","@id":"https:\/\/shopatoa.com\/ro\/#organization","name":"SHOPATOA","url":"https:\/\/shopatoa.com\/ro\/","logo":{"@type":"ImageObject","inLanguage":"ro-RO","@id":"https:\/\/shopatoa.com\/ro\/#\/schema\/logo\/image\/","url":"https:\/\/storage.googleapis.com\/cz-shopatoa-img\/ro\/b4dac915-shopatoa_logo.png","contentUrl":"https:\/\/storage.googleapis.com\/cz-shopatoa-img\/ro\/b4dac915-shopatoa_logo.png","width":416,"height":63,"caption":"SHOPATOA"},"image":{"@id":"https:\/\/shopatoa.com\/ro\/#\/schema\/logo\/image\/"}}]}},"_links":{"self":[{"href":"https:\/\/shopatoa.com\/ro\/wp-json\/wp\/v2\/product\/477077","targetHints":{"allow":["GET"]}}],"collection":[{"href":"https:\/\/shopatoa.com\/ro\/wp-json\/wp\/v2\/product"}],"about":[{"href":"https:\/\/shopatoa.com\/ro\/wp-json\/wp\/v2\/types\/product"}],"replies":[{"embeddable":true,"href":"https:\/\/shopatoa.com\/ro\/wp-json\/wp\/v2\/comments?post=477077"}],"wp:featuredmedia":[{"embeddable":true,"href":"https:\/\/shopatoa.com\/ro\/wp-json\/wp\/v2\/media\/477078"}],"wp:attachment":[{"href":"https:\/\/shopatoa.com\/ro\/wp-json\/wp\/v2\/media?parent=477077"}],"wp:term":[{"taxonomy":"product_brand","embeddable":true,"href":"https:\/\/shopatoa.com\/ro\/wp-json\/wp\/v2\/product_brand?post=477077"},{"taxonomy":"product_cat","embeddable":true,"href":"https:\/\/shopatoa.com\/ro\/wp-json\/wp\/v2\/product_cat?post=477077"},{"taxonomy":"product_tag","embeddable":true,"href":"https:\/\/shopatoa.com\/ro\/wp-json\/wp\/v2\/product_tag?post=477077"}],"curies":[{"name":"wp","href":"https:\/\/api.w.org\/{rel}","templated":true}]}}