{"id":477249,"date":"2025-06-29T07:56:14","date_gmt":"2025-06-29T05:56:14","guid":{"rendered":"https:\/\/shopatoa.com\/ro\/phytorelax-laboratories-rose-set-cadou-pentru-corp\/"},"modified":"2025-06-29T07:57:14","modified_gmt":"2025-06-29T05:57:14","slug":"phytorelax-laboratories-rose-set-cadou-pentru-corp","status":"publish","type":"product","link":"https:\/\/shopatoa.com\/ro\/phytorelax-laboratories-rose-set-cadou-pentru-corp\/","title":{"rendered":"Phytorelax Laboratories Rose set cadou pentru corp"},"content":{"rendered":"<p>Phytorelax Laboratories Rose, Seturi cosmetice pentru femei, Face\u021bi o bucurie dvs. sau celor dragi cu un set cosmetic Phytorelax Laboratories Rose.  Setul con\u021bine:  Phytorelax Laboratories Rose gel de dus armonizant 250 ml Phytorelax Laboratories Rose ulei multifunc\u021bional 100 ml  Caracteristici:  o rutin\u0103 complet\u0103 pentru \u00eengrijirea zilnic\u0103 produse pentru nutri\u021bie \u0219i hidratare \u00een profunzime foarte potrivit ca un cadou bucur\u0103 orice femeie  Cum se utilizeaz\u0103: Folosi\u021bi fiecare produs din setul cosmetic conform instruc\u021biunilor proprii.<\/p>\n","protected":false},"excerpt":{"rendered":"<p>Phytorelax Laboratories Rose, Seturi cosmetice pentru femei, Face\u021bi o bucurie dvs. sau celor dragi cu un set cosmetic Phytorelax Laboratories Rose. Setul con\u021bine: Phytorelax Laboratories Rose gel de dus armonizant 250 ml Phytorelax Laboratories Rose ulei multifunc\u021bional 100 ml Caracteristici: o rutin\u0103 complet\u0103 pentru \u00eengrijirea zilnic\u0103 produse pentru nutri\u021bie \u0219i hidratare \u00een profunzime foarte potrivit&#8230;<\/p>\n","protected":false},"featured_media":477250,"comment_status":"closed","ping_status":"open","template":"","meta":{"_acf_changed":false,"_kadence_starter_templates_imported_post":false,"_kad_post_transparent":"","_kad_post_title":"","_kad_post_layout":"","_kad_post_sidebar_id":"","_kad_post_content_style":"","_kad_post_vertical_padding":"","_kad_post_feature":"","_kad_post_feature_position":"","_kad_post_header":false,"_kad_post_footer":false,"_kad_post_classname":""},"product_brand":[2654],"product_cat":[1570,1564,1571,1563,1562],"product_tag":[],"class_list":{"0":"post-477249","1":"product","2":"type-product","3":"status-publish","4":"has-post-thumbnail","6":"product_brand-phytorelax-laboratories","7":"product_cat-baie-si-corp","8":"product_cat-cosmetice-ingrijire-personala","9":"product_cat-gel-de-dus","10":"product_cat-ingrijire-personala","11":"product_cat-sanatate-si-frumusete","12":"pa_gen-female","14":"first","15":"instock","16":"product-type-external","17":"entry","18":"content-bg","19":"loop-entry"},"acf":[],"yoast_head":"<!-- This site is optimized with the Yoast SEO plugin v27.4 - https:\/\/yoast.com\/product\/yoast-seo-wordpress\/ -->\n<title>Phytorelax Laboratories Rose set cadou pentru corp - SHOPATOA.COM<\/title>\n<meta name=\"robots\" content=\"index, follow, max-snippet:-1, max-image-preview:large, max-video-preview:-1\" \/>\n<link rel=\"canonical\" href=\"https:\/\/shopatoa.com\/ro\/phytorelax-laboratories-rose-set-cadou-pentru-corp\/\" \/>\n<meta property=\"og:locale\" content=\"ro_RO\" \/>\n<meta property=\"og:type\" content=\"article\" \/>\n<meta property=\"og:title\" content=\"Phytorelax Laboratories Rose set cadou pentru corp - SHOPATOA.COM\" \/>\n<meta property=\"og:description\" content=\"Phytorelax Laboratories Rose, Seturi cosmetice pentru femei, Face\u021bi o bucurie dvs. sau celor dragi cu un set cosmetic Phytorelax Laboratories Rose. Setul con\u021bine: Phytorelax Laboratories Rose gel de dus armonizant 250 ml Phytorelax Laboratories Rose ulei multifunc\u021bional 100 ml Caracteristici: o rutin\u0103 complet\u0103 pentru \u00eengrijirea zilnic\u0103 produse pentru nutri\u021bie \u0219i hidratare \u00een profunzime foarte potrivit...\" \/>\n<meta property=\"og:url\" content=\"https:\/\/shopatoa.com\/ro\/phytorelax-laboratories-rose-set-cadou-pentru-corp\/\" \/>\n<meta property=\"og:site_name\" content=\"SHOPATOA\" \/>\n<meta property=\"article:modified_time\" content=\"2025-06-29T05:57:14+00:00\" \/>\n<meta property=\"og:image\" content=\"https:\/\/storage.googleapis.com\/cz-shopatoa-img\/ro\/7f685028-unnamed-file.webp\" \/>\n\t<meta property=\"og:image:width\" content=\"800\" \/>\n\t<meta property=\"og:image:height\" content=\"800\" \/>\n\t<meta property=\"og:image:type\" content=\"image\/webp\" \/>\n<meta name=\"twitter:card\" content=\"summary_large_image\" \/>\n<script type=\"application\/ld+json\" class=\"yoast-schema-graph\">{\"@context\":\"https:\\\/\\\/schema.org\",\"@graph\":[{\"@type\":\"WebPage\",\"@id\":\"https:\\\/\\\/shopatoa.com\\\/ro\\\/phytorelax-laboratories-rose-set-cadou-pentru-corp\\\/\",\"url\":\"https:\\\/\\\/shopatoa.com\\\/ro\\\/phytorelax-laboratories-rose-set-cadou-pentru-corp\\\/\",\"name\":\"Phytorelax Laboratories Rose set cadou pentru corp - SHOPATOA.COM\",\"isPartOf\":{\"@id\":\"https:\\\/\\\/shopatoa.com\\\/ro\\\/#website\"},\"primaryImageOfPage\":{\"@id\":\"https:\\\/\\\/shopatoa.com\\\/ro\\\/phytorelax-laboratories-rose-set-cadou-pentru-corp\\\/#primaryimage\"},\"image\":{\"@id\":\"https:\\\/\\\/shopatoa.com\\\/ro\\\/phytorelax-laboratories-rose-set-cadou-pentru-corp\\\/#primaryimage\"},\"thumbnailUrl\":\"https:\\\/\\\/storage.googleapis.com\\\/cz-shopatoa-img\\\/ro\\\/7f685028-unnamed-file.webp\",\"datePublished\":\"2025-06-29T05:56:14+00:00\",\"dateModified\":\"2025-06-29T05:57:14+00:00\",\"breadcrumb\":{\"@id\":\"https:\\\/\\\/shopatoa.com\\\/ro\\\/phytorelax-laboratories-rose-set-cadou-pentru-corp\\\/#breadcrumb\"},\"inLanguage\":\"ro-RO\",\"potentialAction\":[{\"@type\":\"ReadAction\",\"target\":[\"https:\\\/\\\/shopatoa.com\\\/ro\\\/phytorelax-laboratories-rose-set-cadou-pentru-corp\\\/\"]}]},{\"@type\":\"ImageObject\",\"inLanguage\":\"ro-RO\",\"@id\":\"https:\\\/\\\/shopatoa.com\\\/ro\\\/phytorelax-laboratories-rose-set-cadou-pentru-corp\\\/#primaryimage\",\"url\":\"https:\\\/\\\/storage.googleapis.com\\\/cz-shopatoa-img\\\/ro\\\/7f685028-unnamed-file.webp\",\"contentUrl\":\"https:\\\/\\\/storage.googleapis.com\\\/cz-shopatoa-img\\\/ro\\\/7f685028-unnamed-file.webp\",\"width\":800,\"height\":800},{\"@type\":\"BreadcrumbList\",\"@id\":\"https:\\\/\\\/shopatoa.com\\\/ro\\\/phytorelax-laboratories-rose-set-cadou-pentru-corp\\\/#breadcrumb\",\"itemListElement\":[{\"@type\":\"ListItem\",\"position\":1,\"name\":\"Dom\u016f\",\"item\":\"https:\\\/\\\/shopatoa.com\\\/ro\\\/\"},{\"@type\":\"ListItem\",\"position\":2,\"name\":\"Shop\",\"item\":\"https:\\\/\\\/shopatoa.com\\\/ro\\\/shop\\\/\"},{\"@type\":\"ListItem\",\"position\":3,\"name\":\"Phytorelax Laboratories Rose set cadou pentru corp\"}]},{\"@type\":\"WebSite\",\"@id\":\"https:\\\/\\\/shopatoa.com\\\/ro\\\/#website\",\"url\":\"https:\\\/\\\/shopatoa.com\\\/ro\\\/\",\"name\":\"SHOPATOA\",\"description\":\"\",\"publisher\":{\"@id\":\"https:\\\/\\\/shopatoa.com\\\/ro\\\/#organization\"},\"potentialAction\":[{\"@type\":\"SearchAction\",\"target\":{\"@type\":\"EntryPoint\",\"urlTemplate\":\"https:\\\/\\\/shopatoa.com\\\/ro\\\/?s={search_term_string}\"},\"query-input\":{\"@type\":\"PropertyValueSpecification\",\"valueRequired\":true,\"valueName\":\"search_term_string\"}}],\"inLanguage\":\"ro-RO\"},{\"@type\":\"Organization\",\"@id\":\"https:\\\/\\\/shopatoa.com\\\/ro\\\/#organization\",\"name\":\"SHOPATOA\",\"url\":\"https:\\\/\\\/shopatoa.com\\\/ro\\\/\",\"logo\":{\"@type\":\"ImageObject\",\"inLanguage\":\"ro-RO\",\"@id\":\"https:\\\/\\\/shopatoa.com\\\/ro\\\/#\\\/schema\\\/logo\\\/image\\\/\",\"url\":\"https:\\\/\\\/storage.googleapis.com\\\/cz-shopatoa-img\\\/ro\\\/b4dac915-shopatoa_logo.png\",\"contentUrl\":\"https:\\\/\\\/storage.googleapis.com\\\/cz-shopatoa-img\\\/ro\\\/b4dac915-shopatoa_logo.png\",\"width\":416,\"height\":63,\"caption\":\"SHOPATOA\"},\"image\":{\"@id\":\"https:\\\/\\\/shopatoa.com\\\/ro\\\/#\\\/schema\\\/logo\\\/image\\\/\"}}]}<\/script>\n<!-- \/ Yoast SEO plugin. -->","yoast_head_json":{"title":"Phytorelax Laboratories Rose set cadou pentru corp - SHOPATOA.COM","robots":{"index":"index","follow":"follow","max-snippet":"max-snippet:-1","max-image-preview":"max-image-preview:large","max-video-preview":"max-video-preview:-1"},"canonical":"https:\/\/shopatoa.com\/ro\/phytorelax-laboratories-rose-set-cadou-pentru-corp\/","og_locale":"ro_RO","og_type":"article","og_title":"Phytorelax Laboratories Rose set cadou pentru corp - SHOPATOA.COM","og_description":"Phytorelax Laboratories Rose, Seturi cosmetice pentru femei, Face\u021bi o bucurie dvs. sau celor dragi cu un set cosmetic Phytorelax Laboratories Rose. Setul con\u021bine: Phytorelax Laboratories Rose gel de dus armonizant 250 ml Phytorelax Laboratories Rose ulei multifunc\u021bional 100 ml Caracteristici: o rutin\u0103 complet\u0103 pentru \u00eengrijirea zilnic\u0103 produse pentru nutri\u021bie \u0219i hidratare \u00een profunzime foarte potrivit...","og_url":"https:\/\/shopatoa.com\/ro\/phytorelax-laboratories-rose-set-cadou-pentru-corp\/","og_site_name":"SHOPATOA","article_modified_time":"2025-06-29T05:57:14+00:00","og_image":[{"width":800,"height":800,"url":"https:\/\/storage.googleapis.com\/cz-shopatoa-img\/ro\/7f685028-unnamed-file.webp","type":"image\/webp"}],"twitter_card":"summary_large_image","schema":{"@context":"https:\/\/schema.org","@graph":[{"@type":"WebPage","@id":"https:\/\/shopatoa.com\/ro\/phytorelax-laboratories-rose-set-cadou-pentru-corp\/","url":"https:\/\/shopatoa.com\/ro\/phytorelax-laboratories-rose-set-cadou-pentru-corp\/","name":"Phytorelax Laboratories Rose set cadou pentru corp - SHOPATOA.COM","isPartOf":{"@id":"https:\/\/shopatoa.com\/ro\/#website"},"primaryImageOfPage":{"@id":"https:\/\/shopatoa.com\/ro\/phytorelax-laboratories-rose-set-cadou-pentru-corp\/#primaryimage"},"image":{"@id":"https:\/\/shopatoa.com\/ro\/phytorelax-laboratories-rose-set-cadou-pentru-corp\/#primaryimage"},"thumbnailUrl":"https:\/\/storage.googleapis.com\/cz-shopatoa-img\/ro\/7f685028-unnamed-file.webp","datePublished":"2025-06-29T05:56:14+00:00","dateModified":"2025-06-29T05:57:14+00:00","breadcrumb":{"@id":"https:\/\/shopatoa.com\/ro\/phytorelax-laboratories-rose-set-cadou-pentru-corp\/#breadcrumb"},"inLanguage":"ro-RO","potentialAction":[{"@type":"ReadAction","target":["https:\/\/shopatoa.com\/ro\/phytorelax-laboratories-rose-set-cadou-pentru-corp\/"]}]},{"@type":"ImageObject","inLanguage":"ro-RO","@id":"https:\/\/shopatoa.com\/ro\/phytorelax-laboratories-rose-set-cadou-pentru-corp\/#primaryimage","url":"https:\/\/storage.googleapis.com\/cz-shopatoa-img\/ro\/7f685028-unnamed-file.webp","contentUrl":"https:\/\/storage.googleapis.com\/cz-shopatoa-img\/ro\/7f685028-unnamed-file.webp","width":800,"height":800},{"@type":"BreadcrumbList","@id":"https:\/\/shopatoa.com\/ro\/phytorelax-laboratories-rose-set-cadou-pentru-corp\/#breadcrumb","itemListElement":[{"@type":"ListItem","position":1,"name":"Dom\u016f","item":"https:\/\/shopatoa.com\/ro\/"},{"@type":"ListItem","position":2,"name":"Shop","item":"https:\/\/shopatoa.com\/ro\/shop\/"},{"@type":"ListItem","position":3,"name":"Phytorelax Laboratories Rose set cadou pentru corp"}]},{"@type":"WebSite","@id":"https:\/\/shopatoa.com\/ro\/#website","url":"https:\/\/shopatoa.com\/ro\/","name":"SHOPATOA","description":"","publisher":{"@id":"https:\/\/shopatoa.com\/ro\/#organization"},"potentialAction":[{"@type":"SearchAction","target":{"@type":"EntryPoint","urlTemplate":"https:\/\/shopatoa.com\/ro\/?s={search_term_string}"},"query-input":{"@type":"PropertyValueSpecification","valueRequired":true,"valueName":"search_term_string"}}],"inLanguage":"ro-RO"},{"@type":"Organization","@id":"https:\/\/shopatoa.com\/ro\/#organization","name":"SHOPATOA","url":"https:\/\/shopatoa.com\/ro\/","logo":{"@type":"ImageObject","inLanguage":"ro-RO","@id":"https:\/\/shopatoa.com\/ro\/#\/schema\/logo\/image\/","url":"https:\/\/storage.googleapis.com\/cz-shopatoa-img\/ro\/b4dac915-shopatoa_logo.png","contentUrl":"https:\/\/storage.googleapis.com\/cz-shopatoa-img\/ro\/b4dac915-shopatoa_logo.png","width":416,"height":63,"caption":"SHOPATOA"},"image":{"@id":"https:\/\/shopatoa.com\/ro\/#\/schema\/logo\/image\/"}}]}},"_links":{"self":[{"href":"https:\/\/shopatoa.com\/ro\/wp-json\/wp\/v2\/product\/477249","targetHints":{"allow":["GET"]}}],"collection":[{"href":"https:\/\/shopatoa.com\/ro\/wp-json\/wp\/v2\/product"}],"about":[{"href":"https:\/\/shopatoa.com\/ro\/wp-json\/wp\/v2\/types\/product"}],"replies":[{"embeddable":true,"href":"https:\/\/shopatoa.com\/ro\/wp-json\/wp\/v2\/comments?post=477249"}],"wp:featuredmedia":[{"embeddable":true,"href":"https:\/\/shopatoa.com\/ro\/wp-json\/wp\/v2\/media\/477250"}],"wp:attachment":[{"href":"https:\/\/shopatoa.com\/ro\/wp-json\/wp\/v2\/media?parent=477249"}],"wp:term":[{"taxonomy":"product_brand","embeddable":true,"href":"https:\/\/shopatoa.com\/ro\/wp-json\/wp\/v2\/product_brand?post=477249"},{"taxonomy":"product_cat","embeddable":true,"href":"https:\/\/shopatoa.com\/ro\/wp-json\/wp\/v2\/product_cat?post=477249"},{"taxonomy":"product_tag","embeddable":true,"href":"https:\/\/shopatoa.com\/ro\/wp-json\/wp\/v2\/product_tag?post=477249"}],"curies":[{"name":"wp","href":"https:\/\/api.w.org\/{rel}","templated":true}]}}