{"id":477331,"date":"2025-06-29T08:03:02","date_gmt":"2025-06-29T06:03:02","guid":{"rendered":"https:\/\/shopatoa.com\/ro\/catrice-summer-obsessed-patela-pentru-conturul-fetei-culoare-c01-seaside-glow-13-ml\/"},"modified":"2025-12-09T18:35:48","modified_gmt":"2025-12-09T17:35:48","slug":"catrice-summer-obsessed-patela-pentru-conturul-fetei-culoare-c01-seaside-glow-13-ml","status":"publish","type":"product","link":"https:\/\/shopatoa.com\/ro\/catrice-summer-obsessed-patela-pentru-conturul-fetei-culoare-c01-seaside-glow-13-ml\/","title":{"rendered":"Catrice SUMMER OBSESSED Patela pentru conturul fetei culoare C01 Seaside Glow 13 ml"},"content":{"rendered":"<p>Catrice SUMMER OBSESSED, 13 ml, Iluminator pentru femei, Sunte\u021bi inspirat\u0103 de arta make-up arti\u0219tilor profesioni\u0219ti \u0219i dori\u021bi s\u0103 \u00eencerca\u021bi tehnica lor de modelare optic\u0103 a fe\u021bei? Paleta pentru contur CatriceSUMMER OBSESSED permite acest lucru cu lumin\u0103 \u0219i umbr\u0103. Con\u021bine nu doar una, ci mai multe nuan\u021be care sunt u\u0219or de aplicat \u0219i de amestecat, le pute\u021bi folosi \u00een mai multe moduri \u0219i le pute\u021bi combina u\u0219or. Aceast\u0103 palet\u0103 v\u0103 va ajuta s\u0103 accentua\u021bi tr\u0103s\u0103turile fe\u021bei pe care dori\u021bi s\u0103 le scoate\u021bi \u00een eviden\u021b\u0103, \u00een timp ce masca\u021bi sau modifica\u021bi vizual aspectul celorlalte. Cu ajutorul ei, pute\u021bi conferi fe\u021bei dvs. o defini\u021bie clar\u0103, \u00eei pute\u021bi eviden\u021bia contururile naturale \u0219i accentua atuurile. Nu a fost niciodat\u0103 mai u\u0219or s\u0103 crea\u021bi un machiaj plin de farmec \u0219i cu aspect profesional de care p\u00e2n\u0103 \u0219i starurilor de cinema nu le-ar fi ru\u0219ine.  Caracteristici:  eviden\u021biaz\u0103 contururile fe\u021bei pigmentare intens\u0103 confer\u0103 prospe\u021bime pielii confer\u0103 tenului un aspect odihnit \u0219i relaxat  Ingrediente:  produs vegan  Cum se utilizeaz\u0103: Aplica\u021bi cu degetele, cu o pensul\u0103 sau cu aplicatorul. \u00centinde\u021bi bine \u0219i uniform.<\/p>\n","protected":false},"excerpt":{"rendered":"<p>Catrice SUMMER OBSESSED, 13 ml, Iluminator pentru femei, Sunte\u021bi inspirat\u0103 de arta make-up arti\u0219tilor profesioni\u0219ti \u0219i dori\u021bi s\u0103 \u00eencerca\u021bi tehnica lor de modelare optic\u0103 a fe\u021bei? Paleta pentru contur CatriceSUMMER OBSESSED permite acest lucru cu lumin\u0103 \u0219i umbr\u0103. Con\u021bine nu doar una, ci mai multe nuan\u021be care sunt u\u0219or de aplicat \u0219i de amestecat, le&#8230;<\/p>\n","protected":false},"featured_media":477332,"comment_status":"closed","ping_status":"open","template":"","meta":{"_acf_changed":false,"_kadence_starter_templates_imported_post":false,"_kad_post_transparent":"","_kad_post_title":"","_kad_post_layout":"","_kad_post_sidebar_id":"","_kad_post_content_style":"","_kad_post_vertical_padding":"","_kad_post_feature":"","_kad_post_feature_position":"","_kad_post_header":false,"_kad_post_footer":false,"_kad_post_classname":""},"product_brand":[1663],"product_cat":[1564,1703,1563,1576,1666,1562],"product_tag":[],"class_list":{"0":"post-477331","1":"product","2":"type-product","3":"status-publish","4":"has-post-thumbnail","6":"product_brand-catrice","7":"product_cat-cosmetice-ingrijire-personala","8":"product_cat-farduri-de-obraz-si-bronzeri","9":"product_cat-ingrijire-personala","10":"product_cat-machiaj","11":"product_cat-machiaj-pentru-fata-machiaj","12":"product_cat-sanatate-si-frumusete","13":"pa_gen-female","14":"pa_marime-13-ml","16":"first","17":"instock","18":"sale","19":"product-type-external","20":"entry","21":"content-bg","22":"loop-entry"},"acf":[],"yoast_head":"<!-- This site is optimized with the Yoast SEO plugin v27.3 - https:\/\/yoast.com\/product\/yoast-seo-wordpress\/ -->\n<title>Catrice SUMMER OBSESSED Patela pentru conturul fetei culoare C01 Seaside Glow 13 ml - SHOPATOA.COM<\/title>\n<meta name=\"robots\" content=\"index, follow, max-snippet:-1, max-image-preview:large, max-video-preview:-1\" \/>\n<link rel=\"canonical\" href=\"https:\/\/shopatoa.com\/ro\/catrice-summer-obsessed-patela-pentru-conturul-fetei-culoare-c01-seaside-glow-13-ml\/\" \/>\n<meta property=\"og:locale\" content=\"ro_RO\" \/>\n<meta property=\"og:type\" content=\"article\" \/>\n<meta property=\"og:title\" content=\"Catrice SUMMER OBSESSED Patela pentru conturul fetei culoare C01 Seaside Glow 13 ml - SHOPATOA.COM\" \/>\n<meta property=\"og:description\" content=\"Catrice SUMMER OBSESSED, 13 ml, Iluminator pentru femei, Sunte\u021bi inspirat\u0103 de arta make-up arti\u0219tilor profesioni\u0219ti \u0219i dori\u021bi s\u0103 \u00eencerca\u021bi tehnica lor de modelare optic\u0103 a fe\u021bei? Paleta pentru contur CatriceSUMMER OBSESSED permite acest lucru cu lumin\u0103 \u0219i umbr\u0103. Con\u021bine nu doar una, ci mai multe nuan\u021be care sunt u\u0219or de aplicat \u0219i de amestecat, le...\" \/>\n<meta property=\"og:url\" content=\"https:\/\/shopatoa.com\/ro\/catrice-summer-obsessed-patela-pentru-conturul-fetei-culoare-c01-seaside-glow-13-ml\/\" \/>\n<meta property=\"og:site_name\" content=\"SHOPATOA\" \/>\n<meta property=\"article:modified_time\" content=\"2025-12-09T17:35:48+00:00\" \/>\n<meta property=\"og:image\" content=\"https:\/\/storage.googleapis.com\/cz-shopatoa-img\/ro\/6285ae1c-unnamed-file.webp\" \/>\n\t<meta property=\"og:image:width\" content=\"800\" \/>\n\t<meta property=\"og:image:height\" content=\"800\" \/>\n\t<meta property=\"og:image:type\" content=\"image\/webp\" \/>\n<meta name=\"twitter:card\" content=\"summary_large_image\" \/>\n<meta name=\"twitter:label1\" content=\"Timp estimat pentru citire\" \/>\n\t<meta name=\"twitter:data1\" content=\"1 minut\" \/>\n<script type=\"application\/ld+json\" class=\"yoast-schema-graph\">{\"@context\":\"https:\\\/\\\/schema.org\",\"@graph\":[{\"@type\":\"WebPage\",\"@id\":\"https:\\\/\\\/shopatoa.com\\\/ro\\\/catrice-summer-obsessed-patela-pentru-conturul-fetei-culoare-c01-seaside-glow-13-ml\\\/\",\"url\":\"https:\\\/\\\/shopatoa.com\\\/ro\\\/catrice-summer-obsessed-patela-pentru-conturul-fetei-culoare-c01-seaside-glow-13-ml\\\/\",\"name\":\"Catrice SUMMER OBSESSED Patela pentru conturul fetei culoare C01 Seaside Glow 13 ml - SHOPATOA.COM\",\"isPartOf\":{\"@id\":\"https:\\\/\\\/shopatoa.com\\\/ro\\\/#website\"},\"primaryImageOfPage\":{\"@id\":\"https:\\\/\\\/shopatoa.com\\\/ro\\\/catrice-summer-obsessed-patela-pentru-conturul-fetei-culoare-c01-seaside-glow-13-ml\\\/#primaryimage\"},\"image\":{\"@id\":\"https:\\\/\\\/shopatoa.com\\\/ro\\\/catrice-summer-obsessed-patela-pentru-conturul-fetei-culoare-c01-seaside-glow-13-ml\\\/#primaryimage\"},\"thumbnailUrl\":\"https:\\\/\\\/storage.googleapis.com\\\/cz-shopatoa-img\\\/ro\\\/6285ae1c-unnamed-file.webp\",\"datePublished\":\"2025-06-29T06:03:02+00:00\",\"dateModified\":\"2025-12-09T17:35:48+00:00\",\"breadcrumb\":{\"@id\":\"https:\\\/\\\/shopatoa.com\\\/ro\\\/catrice-summer-obsessed-patela-pentru-conturul-fetei-culoare-c01-seaside-glow-13-ml\\\/#breadcrumb\"},\"inLanguage\":\"ro-RO\",\"potentialAction\":[{\"@type\":\"ReadAction\",\"target\":[\"https:\\\/\\\/shopatoa.com\\\/ro\\\/catrice-summer-obsessed-patela-pentru-conturul-fetei-culoare-c01-seaside-glow-13-ml\\\/\"]}]},{\"@type\":\"ImageObject\",\"inLanguage\":\"ro-RO\",\"@id\":\"https:\\\/\\\/shopatoa.com\\\/ro\\\/catrice-summer-obsessed-patela-pentru-conturul-fetei-culoare-c01-seaside-glow-13-ml\\\/#primaryimage\",\"url\":\"https:\\\/\\\/storage.googleapis.com\\\/cz-shopatoa-img\\\/ro\\\/6285ae1c-unnamed-file.webp\",\"contentUrl\":\"https:\\\/\\\/storage.googleapis.com\\\/cz-shopatoa-img\\\/ro\\\/6285ae1c-unnamed-file.webp\",\"width\":800,\"height\":800},{\"@type\":\"BreadcrumbList\",\"@id\":\"https:\\\/\\\/shopatoa.com\\\/ro\\\/catrice-summer-obsessed-patela-pentru-conturul-fetei-culoare-c01-seaside-glow-13-ml\\\/#breadcrumb\",\"itemListElement\":[{\"@type\":\"ListItem\",\"position\":1,\"name\":\"Dom\u016f\",\"item\":\"https:\\\/\\\/shopatoa.com\\\/ro\\\/\"},{\"@type\":\"ListItem\",\"position\":2,\"name\":\"Shop\",\"item\":\"https:\\\/\\\/shopatoa.com\\\/ro\\\/shop\\\/\"},{\"@type\":\"ListItem\",\"position\":3,\"name\":\"S\u0103n\u0103tate \u0219i frumuse\u021be\",\"item\":\"https:\\\/\\\/shopatoa.com\\\/ro\\\/sanatate-si-frumusete\\\/\"},{\"@type\":\"ListItem\",\"position\":4,\"name\":\"\u00cengrijire personal\u0103\",\"item\":\"https:\\\/\\\/shopatoa.com\\\/ro\\\/ingrijire-personala\\\/\"},{\"@type\":\"ListItem\",\"position\":5,\"name\":\"Cosmetice\",\"item\":\"https:\\\/\\\/shopatoa.com\\\/ro\\\/cosmetice-ingrijire-personala\\\/\"},{\"@type\":\"ListItem\",\"position\":6,\"name\":\"Machiaj\",\"item\":\"https:\\\/\\\/shopatoa.com\\\/ro\\\/machiaj\\\/\"},{\"@type\":\"ListItem\",\"position\":7,\"name\":\"Machiaj pentru fa\u021b\u0103\",\"item\":\"https:\\\/\\\/shopatoa.com\\\/ro\\\/machiaj-pentru-fata-machiaj\\\/\"},{\"@type\":\"ListItem\",\"position\":8,\"name\":\"Farduri de obraz \u0219i bronzeri\",\"item\":\"https:\\\/\\\/shopatoa.com\\\/ro\\\/farduri-de-obraz-si-bronzeri\\\/\"},{\"@type\":\"ListItem\",\"position\":9,\"name\":\"Catrice SUMMER OBSESSED Patela pentru conturul fetei culoare C01 Seaside Glow 13 ml\"}]},{\"@type\":\"WebSite\",\"@id\":\"https:\\\/\\\/shopatoa.com\\\/ro\\\/#website\",\"url\":\"https:\\\/\\\/shopatoa.com\\\/ro\\\/\",\"name\":\"SHOPATOA\",\"description\":\"\",\"publisher\":{\"@id\":\"https:\\\/\\\/shopatoa.com\\\/ro\\\/#organization\"},\"potentialAction\":[{\"@type\":\"SearchAction\",\"target\":{\"@type\":\"EntryPoint\",\"urlTemplate\":\"https:\\\/\\\/shopatoa.com\\\/ro\\\/?s={search_term_string}\"},\"query-input\":{\"@type\":\"PropertyValueSpecification\",\"valueRequired\":true,\"valueName\":\"search_term_string\"}}],\"inLanguage\":\"ro-RO\"},{\"@type\":\"Organization\",\"@id\":\"https:\\\/\\\/shopatoa.com\\\/ro\\\/#organization\",\"name\":\"SHOPATOA\",\"url\":\"https:\\\/\\\/shopatoa.com\\\/ro\\\/\",\"logo\":{\"@type\":\"ImageObject\",\"inLanguage\":\"ro-RO\",\"@id\":\"https:\\\/\\\/shopatoa.com\\\/ro\\\/#\\\/schema\\\/logo\\\/image\\\/\",\"url\":\"https:\\\/\\\/storage.googleapis.com\\\/cz-shopatoa-img\\\/ro\\\/b4dac915-shopatoa_logo.png\",\"contentUrl\":\"https:\\\/\\\/storage.googleapis.com\\\/cz-shopatoa-img\\\/ro\\\/b4dac915-shopatoa_logo.png\",\"width\":416,\"height\":63,\"caption\":\"SHOPATOA\"},\"image\":{\"@id\":\"https:\\\/\\\/shopatoa.com\\\/ro\\\/#\\\/schema\\\/logo\\\/image\\\/\"}}]}<\/script>\n<!-- \/ Yoast SEO plugin. -->","yoast_head_json":{"title":"Catrice SUMMER OBSESSED Patela pentru conturul fetei culoare C01 Seaside Glow 13 ml - SHOPATOA.COM","robots":{"index":"index","follow":"follow","max-snippet":"max-snippet:-1","max-image-preview":"max-image-preview:large","max-video-preview":"max-video-preview:-1"},"canonical":"https:\/\/shopatoa.com\/ro\/catrice-summer-obsessed-patela-pentru-conturul-fetei-culoare-c01-seaside-glow-13-ml\/","og_locale":"ro_RO","og_type":"article","og_title":"Catrice SUMMER OBSESSED Patela pentru conturul fetei culoare C01 Seaside Glow 13 ml - SHOPATOA.COM","og_description":"Catrice SUMMER OBSESSED, 13 ml, Iluminator pentru femei, Sunte\u021bi inspirat\u0103 de arta make-up arti\u0219tilor profesioni\u0219ti \u0219i dori\u021bi s\u0103 \u00eencerca\u021bi tehnica lor de modelare optic\u0103 a fe\u021bei? Paleta pentru contur CatriceSUMMER OBSESSED permite acest lucru cu lumin\u0103 \u0219i umbr\u0103. Con\u021bine nu doar una, ci mai multe nuan\u021be care sunt u\u0219or de aplicat \u0219i de amestecat, le...","og_url":"https:\/\/shopatoa.com\/ro\/catrice-summer-obsessed-patela-pentru-conturul-fetei-culoare-c01-seaside-glow-13-ml\/","og_site_name":"SHOPATOA","article_modified_time":"2025-12-09T17:35:48+00:00","og_image":[{"width":800,"height":800,"url":"https:\/\/storage.googleapis.com\/cz-shopatoa-img\/ro\/6285ae1c-unnamed-file.webp","type":"image\/webp"}],"twitter_card":"summary_large_image","twitter_misc":{"Timp estimat pentru citire":"1 minut"},"schema":{"@context":"https:\/\/schema.org","@graph":[{"@type":"WebPage","@id":"https:\/\/shopatoa.com\/ro\/catrice-summer-obsessed-patela-pentru-conturul-fetei-culoare-c01-seaside-glow-13-ml\/","url":"https:\/\/shopatoa.com\/ro\/catrice-summer-obsessed-patela-pentru-conturul-fetei-culoare-c01-seaside-glow-13-ml\/","name":"Catrice SUMMER OBSESSED Patela pentru conturul fetei culoare C01 Seaside Glow 13 ml - SHOPATOA.COM","isPartOf":{"@id":"https:\/\/shopatoa.com\/ro\/#website"},"primaryImageOfPage":{"@id":"https:\/\/shopatoa.com\/ro\/catrice-summer-obsessed-patela-pentru-conturul-fetei-culoare-c01-seaside-glow-13-ml\/#primaryimage"},"image":{"@id":"https:\/\/shopatoa.com\/ro\/catrice-summer-obsessed-patela-pentru-conturul-fetei-culoare-c01-seaside-glow-13-ml\/#primaryimage"},"thumbnailUrl":"https:\/\/storage.googleapis.com\/cz-shopatoa-img\/ro\/6285ae1c-unnamed-file.webp","datePublished":"2025-06-29T06:03:02+00:00","dateModified":"2025-12-09T17:35:48+00:00","breadcrumb":{"@id":"https:\/\/shopatoa.com\/ro\/catrice-summer-obsessed-patela-pentru-conturul-fetei-culoare-c01-seaside-glow-13-ml\/#breadcrumb"},"inLanguage":"ro-RO","potentialAction":[{"@type":"ReadAction","target":["https:\/\/shopatoa.com\/ro\/catrice-summer-obsessed-patela-pentru-conturul-fetei-culoare-c01-seaside-glow-13-ml\/"]}]},{"@type":"ImageObject","inLanguage":"ro-RO","@id":"https:\/\/shopatoa.com\/ro\/catrice-summer-obsessed-patela-pentru-conturul-fetei-culoare-c01-seaside-glow-13-ml\/#primaryimage","url":"https:\/\/storage.googleapis.com\/cz-shopatoa-img\/ro\/6285ae1c-unnamed-file.webp","contentUrl":"https:\/\/storage.googleapis.com\/cz-shopatoa-img\/ro\/6285ae1c-unnamed-file.webp","width":800,"height":800},{"@type":"BreadcrumbList","@id":"https:\/\/shopatoa.com\/ro\/catrice-summer-obsessed-patela-pentru-conturul-fetei-culoare-c01-seaside-glow-13-ml\/#breadcrumb","itemListElement":[{"@type":"ListItem","position":1,"name":"Dom\u016f","item":"https:\/\/shopatoa.com\/ro\/"},{"@type":"ListItem","position":2,"name":"Shop","item":"https:\/\/shopatoa.com\/ro\/shop\/"},{"@type":"ListItem","position":3,"name":"S\u0103n\u0103tate \u0219i frumuse\u021be","item":"https:\/\/shopatoa.com\/ro\/sanatate-si-frumusete\/"},{"@type":"ListItem","position":4,"name":"\u00cengrijire personal\u0103","item":"https:\/\/shopatoa.com\/ro\/ingrijire-personala\/"},{"@type":"ListItem","position":5,"name":"Cosmetice","item":"https:\/\/shopatoa.com\/ro\/cosmetice-ingrijire-personala\/"},{"@type":"ListItem","position":6,"name":"Machiaj","item":"https:\/\/shopatoa.com\/ro\/machiaj\/"},{"@type":"ListItem","position":7,"name":"Machiaj pentru fa\u021b\u0103","item":"https:\/\/shopatoa.com\/ro\/machiaj-pentru-fata-machiaj\/"},{"@type":"ListItem","position":8,"name":"Farduri de obraz \u0219i bronzeri","item":"https:\/\/shopatoa.com\/ro\/farduri-de-obraz-si-bronzeri\/"},{"@type":"ListItem","position":9,"name":"Catrice SUMMER OBSESSED Patela pentru conturul fetei culoare C01 Seaside Glow 13 ml"}]},{"@type":"WebSite","@id":"https:\/\/shopatoa.com\/ro\/#website","url":"https:\/\/shopatoa.com\/ro\/","name":"SHOPATOA","description":"","publisher":{"@id":"https:\/\/shopatoa.com\/ro\/#organization"},"potentialAction":[{"@type":"SearchAction","target":{"@type":"EntryPoint","urlTemplate":"https:\/\/shopatoa.com\/ro\/?s={search_term_string}"},"query-input":{"@type":"PropertyValueSpecification","valueRequired":true,"valueName":"search_term_string"}}],"inLanguage":"ro-RO"},{"@type":"Organization","@id":"https:\/\/shopatoa.com\/ro\/#organization","name":"SHOPATOA","url":"https:\/\/shopatoa.com\/ro\/","logo":{"@type":"ImageObject","inLanguage":"ro-RO","@id":"https:\/\/shopatoa.com\/ro\/#\/schema\/logo\/image\/","url":"https:\/\/storage.googleapis.com\/cz-shopatoa-img\/ro\/b4dac915-shopatoa_logo.png","contentUrl":"https:\/\/storage.googleapis.com\/cz-shopatoa-img\/ro\/b4dac915-shopatoa_logo.png","width":416,"height":63,"caption":"SHOPATOA"},"image":{"@id":"https:\/\/shopatoa.com\/ro\/#\/schema\/logo\/image\/"}}]}},"_links":{"self":[{"href":"https:\/\/shopatoa.com\/ro\/wp-json\/wp\/v2\/product\/477331","targetHints":{"allow":["GET"]}}],"collection":[{"href":"https:\/\/shopatoa.com\/ro\/wp-json\/wp\/v2\/product"}],"about":[{"href":"https:\/\/shopatoa.com\/ro\/wp-json\/wp\/v2\/types\/product"}],"replies":[{"embeddable":true,"href":"https:\/\/shopatoa.com\/ro\/wp-json\/wp\/v2\/comments?post=477331"}],"wp:featuredmedia":[{"embeddable":true,"href":"https:\/\/shopatoa.com\/ro\/wp-json\/wp\/v2\/media\/477332"}],"wp:attachment":[{"href":"https:\/\/shopatoa.com\/ro\/wp-json\/wp\/v2\/media?parent=477331"}],"wp:term":[{"taxonomy":"product_brand","embeddable":true,"href":"https:\/\/shopatoa.com\/ro\/wp-json\/wp\/v2\/product_brand?post=477331"},{"taxonomy":"product_cat","embeddable":true,"href":"https:\/\/shopatoa.com\/ro\/wp-json\/wp\/v2\/product_cat?post=477331"},{"taxonomy":"product_tag","embeddable":true,"href":"https:\/\/shopatoa.com\/ro\/wp-json\/wp\/v2\/product_tag?post=477331"}],"curies":[{"name":"wp","href":"https:\/\/api.w.org\/{rel}","templated":true}]}}