{"id":477499,"date":"2025-06-29T08:18:45","date_gmt":"2025-06-29T06:18:45","guid":{"rendered":"https:\/\/shopatoa.com\/ro\/ref-weightless-volume-refreshing-mousse-sampon-uscat-cremos-pentru-volum-200-ml\/"},"modified":"2025-12-09T17:45:56","modified_gmt":"2025-12-09T16:45:56","slug":"ref-weightless-volume-refreshing-mousse-sampon-uscat-cremos-pentru-volum-200-ml","status":"publish","type":"product","link":"https:\/\/shopatoa.com\/ro\/ref-weightless-volume-refreshing-mousse-sampon-uscat-cremos-pentru-volum-200-ml\/","title":{"rendered":"REF Weightless Volume Refreshing Mousse \u0219ampon uscat cremos pentru volum 200 ml"},"content":{"rendered":"<p>REF Weightless Volume Refreshing Mousse, 200 ml, Spray pentru volum pentru femei, Spune\u021bi adio p\u0103rului flasc o dat\u0103 pentru totdeauna. Spray pentru volum REF Weightless Volume Refreshing Mousse confer\u0103 volum chiar \u0219i celui mai sub\u021bire p\u0103r \u0219i \u00eel ridic\u0103 de la r\u0103d\u0103cin\u0103, pentru ca acesta s\u0103 par\u0103 instantaneu mai bogat \u0219i mult mai des. Nu \u00eencarc\u0103 p\u0103rul \u0219i nu las\u0103 o senza\u021bie lipicioas\u0103. V\u0103 ajut\u0103 s\u0103 crea\u021bi rapid \u0219i u\u0219or o coafur\u0103 frumoas\u0103, bogat\u0103 \u0219i aerisit\u0103 \u2013 exact a\u0219a cum v\u0103 dori\u021bi. De acum \u00eenainte, toat\u0103 lumea din anturajul dvs. o va admira.  Caracteristici:  adaug\u0103 volum, de la r\u0103d\u0103cini intensific\u0103 str\u0103lucirea natural\u0103 a p\u0103rului absoarbe excesul de sebum creeaz\u0103 un volum bogat \u0219i aerisit  Ingrediente:  produs vegan  Cum se utilizeaz\u0103: Se agit\u0103 bine, \u00eenainte de utilizare. Aplica\u021bi pe p\u0103rul uscat sau umed. Nu cl\u0103ti\u021bi.<\/p>\n","protected":false},"excerpt":{"rendered":"<p>REF Weightless Volume Refreshing Mousse, 200 ml, Spray pentru volum pentru femei, Spune\u021bi adio p\u0103rului flasc o dat\u0103 pentru totdeauna. Spray pentru volum REF Weightless Volume Refreshing Mousse confer\u0103 volum chiar \u0219i celui mai sub\u021bire p\u0103r \u0219i \u00eel ridic\u0103 de la r\u0103d\u0103cin\u0103, pentru ca acesta s\u0103 par\u0103 instantaneu mai bogat \u0219i mult mai des. Nu&#8230;<\/p>\n","protected":false},"featured_media":477500,"comment_status":"closed","ping_status":"open","template":"","meta":{"_acf_changed":false,"_kadence_starter_templates_imported_post":false,"_kad_post_transparent":"","_kad_post_title":"","_kad_post_layout":"","_kad_post_sidebar_id":"","_kad_post_content_style":"","_kad_post_vertical_padding":"","_kad_post_feature":"","_kad_post_feature_position":"","_kad_post_header":false,"_kad_post_footer":false,"_kad_post_classname":""},"product_brand":[2037],"product_cat":[1563,1590,1562],"product_tag":[],"class_list":{"0":"post-477499","1":"product","2":"type-product","3":"status-publish","4":"has-post-thumbnail","6":"product_brand-ref","7":"product_cat-ingrijire-personala","8":"product_cat-ingrijirea-parului","9":"product_cat-sanatate-si-frumusete","10":"pa_gen-female","11":"pa_marime-200-ml","13":"first","14":"instock","15":"sale","16":"product-type-external","17":"entry","18":"content-bg","19":"loop-entry"},"acf":[],"yoast_head":"<!-- This site is optimized with the Yoast SEO plugin v27.3 - https:\/\/yoast.com\/product\/yoast-seo-wordpress\/ -->\n<title>REF Weightless Volume Refreshing Mousse \u0219ampon uscat cremos pentru volum 200 ml - SHOPATOA.COM<\/title>\n<meta name=\"robots\" content=\"index, follow, max-snippet:-1, max-image-preview:large, max-video-preview:-1\" \/>\n<link rel=\"canonical\" href=\"https:\/\/shopatoa.com\/ro\/ref-weightless-volume-refreshing-mousse-sampon-uscat-cremos-pentru-volum-200-ml\/\" \/>\n<meta property=\"og:locale\" content=\"ro_RO\" \/>\n<meta property=\"og:type\" content=\"article\" \/>\n<meta property=\"og:title\" content=\"REF Weightless Volume Refreshing Mousse \u0219ampon uscat cremos pentru volum 200 ml - SHOPATOA.COM\" \/>\n<meta property=\"og:description\" content=\"REF Weightless Volume Refreshing Mousse, 200 ml, Spray pentru volum pentru femei, Spune\u021bi adio p\u0103rului flasc o dat\u0103 pentru totdeauna. Spray pentru volum REF Weightless Volume Refreshing Mousse confer\u0103 volum chiar \u0219i celui mai sub\u021bire p\u0103r \u0219i \u00eel ridic\u0103 de la r\u0103d\u0103cin\u0103, pentru ca acesta s\u0103 par\u0103 instantaneu mai bogat \u0219i mult mai des. Nu...\" \/>\n<meta property=\"og:url\" content=\"https:\/\/shopatoa.com\/ro\/ref-weightless-volume-refreshing-mousse-sampon-uscat-cremos-pentru-volum-200-ml\/\" \/>\n<meta property=\"og:site_name\" content=\"SHOPATOA\" \/>\n<meta property=\"article:modified_time\" content=\"2025-12-09T16:45:56+00:00\" \/>\n<meta property=\"og:image\" content=\"https:\/\/storage.googleapis.com\/cz-shopatoa-img\/ro\/773100fe-unnamed-file.webp\" \/>\n\t<meta property=\"og:image:width\" content=\"800\" \/>\n\t<meta property=\"og:image:height\" content=\"800\" \/>\n\t<meta property=\"og:image:type\" content=\"image\/webp\" \/>\n<meta name=\"twitter:card\" content=\"summary_large_image\" \/>\n<meta name=\"twitter:label1\" content=\"Timp estimat pentru citire\" \/>\n\t<meta name=\"twitter:data1\" content=\"1 minut\" \/>\n<script type=\"application\/ld+json\" class=\"yoast-schema-graph\">{\"@context\":\"https:\\\/\\\/schema.org\",\"@graph\":[{\"@type\":\"WebPage\",\"@id\":\"https:\\\/\\\/shopatoa.com\\\/ro\\\/ref-weightless-volume-refreshing-mousse-sampon-uscat-cremos-pentru-volum-200-ml\\\/\",\"url\":\"https:\\\/\\\/shopatoa.com\\\/ro\\\/ref-weightless-volume-refreshing-mousse-sampon-uscat-cremos-pentru-volum-200-ml\\\/\",\"name\":\"REF Weightless Volume Refreshing Mousse \u0219ampon uscat cremos pentru volum 200 ml - SHOPATOA.COM\",\"isPartOf\":{\"@id\":\"https:\\\/\\\/shopatoa.com\\\/ro\\\/#website\"},\"primaryImageOfPage\":{\"@id\":\"https:\\\/\\\/shopatoa.com\\\/ro\\\/ref-weightless-volume-refreshing-mousse-sampon-uscat-cremos-pentru-volum-200-ml\\\/#primaryimage\"},\"image\":{\"@id\":\"https:\\\/\\\/shopatoa.com\\\/ro\\\/ref-weightless-volume-refreshing-mousse-sampon-uscat-cremos-pentru-volum-200-ml\\\/#primaryimage\"},\"thumbnailUrl\":\"https:\\\/\\\/storage.googleapis.com\\\/cz-shopatoa-img\\\/ro\\\/773100fe-unnamed-file.webp\",\"datePublished\":\"2025-06-29T06:18:45+00:00\",\"dateModified\":\"2025-12-09T16:45:56+00:00\",\"breadcrumb\":{\"@id\":\"https:\\\/\\\/shopatoa.com\\\/ro\\\/ref-weightless-volume-refreshing-mousse-sampon-uscat-cremos-pentru-volum-200-ml\\\/#breadcrumb\"},\"inLanguage\":\"ro-RO\",\"potentialAction\":[{\"@type\":\"ReadAction\",\"target\":[\"https:\\\/\\\/shopatoa.com\\\/ro\\\/ref-weightless-volume-refreshing-mousse-sampon-uscat-cremos-pentru-volum-200-ml\\\/\"]}]},{\"@type\":\"ImageObject\",\"inLanguage\":\"ro-RO\",\"@id\":\"https:\\\/\\\/shopatoa.com\\\/ro\\\/ref-weightless-volume-refreshing-mousse-sampon-uscat-cremos-pentru-volum-200-ml\\\/#primaryimage\",\"url\":\"https:\\\/\\\/storage.googleapis.com\\\/cz-shopatoa-img\\\/ro\\\/773100fe-unnamed-file.webp\",\"contentUrl\":\"https:\\\/\\\/storage.googleapis.com\\\/cz-shopatoa-img\\\/ro\\\/773100fe-unnamed-file.webp\",\"width\":800,\"height\":800},{\"@type\":\"BreadcrumbList\",\"@id\":\"https:\\\/\\\/shopatoa.com\\\/ro\\\/ref-weightless-volume-refreshing-mousse-sampon-uscat-cremos-pentru-volum-200-ml\\\/#breadcrumb\",\"itemListElement\":[{\"@type\":\"ListItem\",\"position\":1,\"name\":\"Dom\u016f\",\"item\":\"https:\\\/\\\/shopatoa.com\\\/ro\\\/\"},{\"@type\":\"ListItem\",\"position\":2,\"name\":\"Shop\",\"item\":\"https:\\\/\\\/shopatoa.com\\\/ro\\\/shop\\\/\"},{\"@type\":\"ListItem\",\"position\":3,\"name\":\"S\u0103n\u0103tate \u0219i frumuse\u021be\",\"item\":\"https:\\\/\\\/shopatoa.com\\\/ro\\\/sanatate-si-frumusete\\\/\"},{\"@type\":\"ListItem\",\"position\":4,\"name\":\"\u00cengrijire personal\u0103\",\"item\":\"https:\\\/\\\/shopatoa.com\\\/ro\\\/ingrijire-personala\\\/\"},{\"@type\":\"ListItem\",\"position\":5,\"name\":\"\u00cengrijirea p\u0103rului\",\"item\":\"https:\\\/\\\/shopatoa.com\\\/ro\\\/ingrijirea-parului\\\/\"},{\"@type\":\"ListItem\",\"position\":6,\"name\":\"REF Weightless Volume Refreshing Mousse \u0219ampon uscat cremos pentru volum 200 ml\"}]},{\"@type\":\"WebSite\",\"@id\":\"https:\\\/\\\/shopatoa.com\\\/ro\\\/#website\",\"url\":\"https:\\\/\\\/shopatoa.com\\\/ro\\\/\",\"name\":\"SHOPATOA\",\"description\":\"\",\"publisher\":{\"@id\":\"https:\\\/\\\/shopatoa.com\\\/ro\\\/#organization\"},\"potentialAction\":[{\"@type\":\"SearchAction\",\"target\":{\"@type\":\"EntryPoint\",\"urlTemplate\":\"https:\\\/\\\/shopatoa.com\\\/ro\\\/?s={search_term_string}\"},\"query-input\":{\"@type\":\"PropertyValueSpecification\",\"valueRequired\":true,\"valueName\":\"search_term_string\"}}],\"inLanguage\":\"ro-RO\"},{\"@type\":\"Organization\",\"@id\":\"https:\\\/\\\/shopatoa.com\\\/ro\\\/#organization\",\"name\":\"SHOPATOA\",\"url\":\"https:\\\/\\\/shopatoa.com\\\/ro\\\/\",\"logo\":{\"@type\":\"ImageObject\",\"inLanguage\":\"ro-RO\",\"@id\":\"https:\\\/\\\/shopatoa.com\\\/ro\\\/#\\\/schema\\\/logo\\\/image\\\/\",\"url\":\"https:\\\/\\\/storage.googleapis.com\\\/cz-shopatoa-img\\\/ro\\\/b4dac915-shopatoa_logo.png\",\"contentUrl\":\"https:\\\/\\\/storage.googleapis.com\\\/cz-shopatoa-img\\\/ro\\\/b4dac915-shopatoa_logo.png\",\"width\":416,\"height\":63,\"caption\":\"SHOPATOA\"},\"image\":{\"@id\":\"https:\\\/\\\/shopatoa.com\\\/ro\\\/#\\\/schema\\\/logo\\\/image\\\/\"}}]}<\/script>\n<!-- \/ Yoast SEO plugin. -->","yoast_head_json":{"title":"REF Weightless Volume Refreshing Mousse \u0219ampon uscat cremos pentru volum 200 ml - SHOPATOA.COM","robots":{"index":"index","follow":"follow","max-snippet":"max-snippet:-1","max-image-preview":"max-image-preview:large","max-video-preview":"max-video-preview:-1"},"canonical":"https:\/\/shopatoa.com\/ro\/ref-weightless-volume-refreshing-mousse-sampon-uscat-cremos-pentru-volum-200-ml\/","og_locale":"ro_RO","og_type":"article","og_title":"REF Weightless Volume Refreshing Mousse \u0219ampon uscat cremos pentru volum 200 ml - SHOPATOA.COM","og_description":"REF Weightless Volume Refreshing Mousse, 200 ml, Spray pentru volum pentru femei, Spune\u021bi adio p\u0103rului flasc o dat\u0103 pentru totdeauna. Spray pentru volum REF Weightless Volume Refreshing Mousse confer\u0103 volum chiar \u0219i celui mai sub\u021bire p\u0103r \u0219i \u00eel ridic\u0103 de la r\u0103d\u0103cin\u0103, pentru ca acesta s\u0103 par\u0103 instantaneu mai bogat \u0219i mult mai des. Nu...","og_url":"https:\/\/shopatoa.com\/ro\/ref-weightless-volume-refreshing-mousse-sampon-uscat-cremos-pentru-volum-200-ml\/","og_site_name":"SHOPATOA","article_modified_time":"2025-12-09T16:45:56+00:00","og_image":[{"width":800,"height":800,"url":"https:\/\/storage.googleapis.com\/cz-shopatoa-img\/ro\/773100fe-unnamed-file.webp","type":"image\/webp"}],"twitter_card":"summary_large_image","twitter_misc":{"Timp estimat pentru citire":"1 minut"},"schema":{"@context":"https:\/\/schema.org","@graph":[{"@type":"WebPage","@id":"https:\/\/shopatoa.com\/ro\/ref-weightless-volume-refreshing-mousse-sampon-uscat-cremos-pentru-volum-200-ml\/","url":"https:\/\/shopatoa.com\/ro\/ref-weightless-volume-refreshing-mousse-sampon-uscat-cremos-pentru-volum-200-ml\/","name":"REF Weightless Volume Refreshing Mousse \u0219ampon uscat cremos pentru volum 200 ml - SHOPATOA.COM","isPartOf":{"@id":"https:\/\/shopatoa.com\/ro\/#website"},"primaryImageOfPage":{"@id":"https:\/\/shopatoa.com\/ro\/ref-weightless-volume-refreshing-mousse-sampon-uscat-cremos-pentru-volum-200-ml\/#primaryimage"},"image":{"@id":"https:\/\/shopatoa.com\/ro\/ref-weightless-volume-refreshing-mousse-sampon-uscat-cremos-pentru-volum-200-ml\/#primaryimage"},"thumbnailUrl":"https:\/\/storage.googleapis.com\/cz-shopatoa-img\/ro\/773100fe-unnamed-file.webp","datePublished":"2025-06-29T06:18:45+00:00","dateModified":"2025-12-09T16:45:56+00:00","breadcrumb":{"@id":"https:\/\/shopatoa.com\/ro\/ref-weightless-volume-refreshing-mousse-sampon-uscat-cremos-pentru-volum-200-ml\/#breadcrumb"},"inLanguage":"ro-RO","potentialAction":[{"@type":"ReadAction","target":["https:\/\/shopatoa.com\/ro\/ref-weightless-volume-refreshing-mousse-sampon-uscat-cremos-pentru-volum-200-ml\/"]}]},{"@type":"ImageObject","inLanguage":"ro-RO","@id":"https:\/\/shopatoa.com\/ro\/ref-weightless-volume-refreshing-mousse-sampon-uscat-cremos-pentru-volum-200-ml\/#primaryimage","url":"https:\/\/storage.googleapis.com\/cz-shopatoa-img\/ro\/773100fe-unnamed-file.webp","contentUrl":"https:\/\/storage.googleapis.com\/cz-shopatoa-img\/ro\/773100fe-unnamed-file.webp","width":800,"height":800},{"@type":"BreadcrumbList","@id":"https:\/\/shopatoa.com\/ro\/ref-weightless-volume-refreshing-mousse-sampon-uscat-cremos-pentru-volum-200-ml\/#breadcrumb","itemListElement":[{"@type":"ListItem","position":1,"name":"Dom\u016f","item":"https:\/\/shopatoa.com\/ro\/"},{"@type":"ListItem","position":2,"name":"Shop","item":"https:\/\/shopatoa.com\/ro\/shop\/"},{"@type":"ListItem","position":3,"name":"S\u0103n\u0103tate \u0219i frumuse\u021be","item":"https:\/\/shopatoa.com\/ro\/sanatate-si-frumusete\/"},{"@type":"ListItem","position":4,"name":"\u00cengrijire personal\u0103","item":"https:\/\/shopatoa.com\/ro\/ingrijire-personala\/"},{"@type":"ListItem","position":5,"name":"\u00cengrijirea p\u0103rului","item":"https:\/\/shopatoa.com\/ro\/ingrijirea-parului\/"},{"@type":"ListItem","position":6,"name":"REF Weightless Volume Refreshing Mousse \u0219ampon uscat cremos pentru volum 200 ml"}]},{"@type":"WebSite","@id":"https:\/\/shopatoa.com\/ro\/#website","url":"https:\/\/shopatoa.com\/ro\/","name":"SHOPATOA","description":"","publisher":{"@id":"https:\/\/shopatoa.com\/ro\/#organization"},"potentialAction":[{"@type":"SearchAction","target":{"@type":"EntryPoint","urlTemplate":"https:\/\/shopatoa.com\/ro\/?s={search_term_string}"},"query-input":{"@type":"PropertyValueSpecification","valueRequired":true,"valueName":"search_term_string"}}],"inLanguage":"ro-RO"},{"@type":"Organization","@id":"https:\/\/shopatoa.com\/ro\/#organization","name":"SHOPATOA","url":"https:\/\/shopatoa.com\/ro\/","logo":{"@type":"ImageObject","inLanguage":"ro-RO","@id":"https:\/\/shopatoa.com\/ro\/#\/schema\/logo\/image\/","url":"https:\/\/storage.googleapis.com\/cz-shopatoa-img\/ro\/b4dac915-shopatoa_logo.png","contentUrl":"https:\/\/storage.googleapis.com\/cz-shopatoa-img\/ro\/b4dac915-shopatoa_logo.png","width":416,"height":63,"caption":"SHOPATOA"},"image":{"@id":"https:\/\/shopatoa.com\/ro\/#\/schema\/logo\/image\/"}}]}},"_links":{"self":[{"href":"https:\/\/shopatoa.com\/ro\/wp-json\/wp\/v2\/product\/477499","targetHints":{"allow":["GET"]}}],"collection":[{"href":"https:\/\/shopatoa.com\/ro\/wp-json\/wp\/v2\/product"}],"about":[{"href":"https:\/\/shopatoa.com\/ro\/wp-json\/wp\/v2\/types\/product"}],"replies":[{"embeddable":true,"href":"https:\/\/shopatoa.com\/ro\/wp-json\/wp\/v2\/comments?post=477499"}],"wp:featuredmedia":[{"embeddable":true,"href":"https:\/\/shopatoa.com\/ro\/wp-json\/wp\/v2\/media\/477500"}],"wp:attachment":[{"href":"https:\/\/shopatoa.com\/ro\/wp-json\/wp\/v2\/media?parent=477499"}],"wp:term":[{"taxonomy":"product_brand","embeddable":true,"href":"https:\/\/shopatoa.com\/ro\/wp-json\/wp\/v2\/product_brand?post=477499"},{"taxonomy":"product_cat","embeddable":true,"href":"https:\/\/shopatoa.com\/ro\/wp-json\/wp\/v2\/product_cat?post=477499"},{"taxonomy":"product_tag","embeddable":true,"href":"https:\/\/shopatoa.com\/ro\/wp-json\/wp\/v2\/product_tag?post=477499"}],"curies":[{"name":"wp","href":"https:\/\/api.w.org\/{rel}","templated":true}]}}