{"id":477601,"date":"2025-06-29T08:27:35","date_gmt":"2025-06-29T06:27:35","guid":{"rendered":"https:\/\/shopatoa.com\/ro\/thermobaby-training-cup-cana-pentru-antrenament-mickey-295-ml\/"},"modified":"2025-06-29T08:28:28","modified_gmt":"2025-06-29T06:28:28","slug":"thermobaby-training-cup-cana-pentru-antrenament-mickey-295-ml","status":"publish","type":"product","link":"https:\/\/shopatoa.com\/ro\/thermobaby-training-cup-cana-pentru-antrenament-mickey-295-ml\/","title":{"rendered":"Thermobaby Training Cup can\u0103 pentru antrenament Mickey 295 ml"},"content":{"rendered":"<p>Thermobaby Training Cup, 295 ml, C\u0103ni pentru copii pentru copii, Dori\u021bi s\u0103 ajuta\u021bi copilul s\u0103-\u0219i dezvolte deprinderile corecte privind regimul de lichide? V\u0103 ajut\u0103 cana pentru copii Thermobaby Training Cup , a c\u0103rei m\u0103rime este ideal\u0103 pentru m\u00e2nu\u021bele copilului. \u00cen plus, designul juc\u0103u\u0219 este distractiv pentru copii  Caracteristici:  m\u0103rime practic\u0103 cu m\u00e2nere toartele \u00eencap perfect \u00een m\u00e2nu\u021bele mici ale copiilor permite trecerea u\u0219oar\u0103 de la b\u0103utul din biberon la b\u0103utul din can\u0103 cu cioc de b\u0103ut rezistent la mu\u0219c\u0103turi  Material:  f\u0103r\u0103 BPA<\/p>\n","protected":false},"excerpt":{"rendered":"<p>Thermobaby Training Cup, 295 ml, C\u0103ni pentru copii pentru copii, Dori\u021bi s\u0103 ajuta\u021bi copilul s\u0103-\u0219i dezvolte deprinderile corecte privind regimul de lichide? V\u0103 ajut\u0103 cana pentru copii Thermobaby Training Cup , a c\u0103rei m\u0103rime este ideal\u0103 pentru m\u00e2nu\u021bele copilului. \u00cen plus, designul juc\u0103u\u0219 este distractiv pentru copii Caracteristici: m\u0103rime practic\u0103 cu m\u00e2nere toartele \u00eencap perfect&#8230;<\/p>\n","protected":false},"featured_media":477602,"comment_status":"closed","ping_status":"open","template":"","meta":{"_acf_changed":false,"_kadence_starter_templates_imported_post":false,"_kad_post_transparent":"","_kad_post_title":"","_kad_post_layout":"","_kad_post_sidebar_id":"","_kad_post_content_style":"","_kad_post_vertical_padding":"","_kad_post_feature":"","_kad_post_feature_position":"","_kad_post_header":false,"_kad_post_footer":false,"_kad_post_classname":""},"product_brand":[3986],"product_cat":[3897,3909,3893],"product_tag":[],"class_list":{"0":"post-477601","1":"product","2":"type-product","3":"status-publish","4":"has-post-thumbnail","6":"product_brand-thermobaby","7":"product_cat-biberoane-si-vesela-pentru-copii","8":"product_cat-cani-pentru-copii","9":"product_cat-copii-si-sugari","10":"pa_gen-unisex","11":"pa_marime-295-ml","13":"first","14":"instock","15":"sale","16":"product-type-external","17":"entry","18":"content-bg","19":"loop-entry"},"acf":[],"yoast_head":"<!-- This site is optimized with the Yoast SEO plugin v27.3 - https:\/\/yoast.com\/product\/yoast-seo-wordpress\/ -->\n<title>Thermobaby Training Cup can\u0103 pentru antrenament Mickey 295 ml - SHOPATOA.COM<\/title>\n<meta name=\"robots\" content=\"index, follow, max-snippet:-1, max-image-preview:large, max-video-preview:-1\" \/>\n<link rel=\"canonical\" href=\"https:\/\/shopatoa.com\/ro\/thermobaby-training-cup-cana-pentru-antrenament-mickey-295-ml\/\" \/>\n<meta property=\"og:locale\" content=\"ro_RO\" \/>\n<meta property=\"og:type\" content=\"article\" \/>\n<meta property=\"og:title\" content=\"Thermobaby Training Cup can\u0103 pentru antrenament Mickey 295 ml - SHOPATOA.COM\" \/>\n<meta property=\"og:description\" content=\"Thermobaby Training Cup, 295 ml, C\u0103ni pentru copii pentru copii, Dori\u021bi s\u0103 ajuta\u021bi copilul s\u0103-\u0219i dezvolte deprinderile corecte privind regimul de lichide? V\u0103 ajut\u0103 cana pentru copii Thermobaby Training Cup , a c\u0103rei m\u0103rime este ideal\u0103 pentru m\u00e2nu\u021bele copilului. \u00cen plus, designul juc\u0103u\u0219 este distractiv pentru copii Caracteristici: m\u0103rime practic\u0103 cu m\u00e2nere toartele \u00eencap perfect...\" \/>\n<meta property=\"og:url\" content=\"https:\/\/shopatoa.com\/ro\/thermobaby-training-cup-cana-pentru-antrenament-mickey-295-ml\/\" \/>\n<meta property=\"og:site_name\" content=\"SHOPATOA\" \/>\n<meta property=\"article:modified_time\" content=\"2025-06-29T06:28:28+00:00\" \/>\n<meta property=\"og:image\" content=\"https:\/\/storage.googleapis.com\/cz-shopatoa-img\/ro\/ec9a2a97-unnamed-file.webp\" \/>\n\t<meta property=\"og:image:width\" content=\"800\" \/>\n\t<meta property=\"og:image:height\" content=\"800\" \/>\n\t<meta property=\"og:image:type\" content=\"image\/webp\" \/>\n<meta name=\"twitter:card\" content=\"summary_large_image\" \/>\n<meta name=\"twitter:label1\" content=\"Timp estimat pentru citire\" \/>\n\t<meta name=\"twitter:data1\" content=\"1 minut\" \/>\n<script type=\"application\/ld+json\" class=\"yoast-schema-graph\">{\"@context\":\"https:\\\/\\\/schema.org\",\"@graph\":[{\"@type\":\"WebPage\",\"@id\":\"https:\\\/\\\/shopatoa.com\\\/ro\\\/thermobaby-training-cup-cana-pentru-antrenament-mickey-295-ml\\\/\",\"url\":\"https:\\\/\\\/shopatoa.com\\\/ro\\\/thermobaby-training-cup-cana-pentru-antrenament-mickey-295-ml\\\/\",\"name\":\"Thermobaby Training Cup can\u0103 pentru antrenament Mickey 295 ml - SHOPATOA.COM\",\"isPartOf\":{\"@id\":\"https:\\\/\\\/shopatoa.com\\\/ro\\\/#website\"},\"primaryImageOfPage\":{\"@id\":\"https:\\\/\\\/shopatoa.com\\\/ro\\\/thermobaby-training-cup-cana-pentru-antrenament-mickey-295-ml\\\/#primaryimage\"},\"image\":{\"@id\":\"https:\\\/\\\/shopatoa.com\\\/ro\\\/thermobaby-training-cup-cana-pentru-antrenament-mickey-295-ml\\\/#primaryimage\"},\"thumbnailUrl\":\"https:\\\/\\\/storage.googleapis.com\\\/cz-shopatoa-img\\\/ro\\\/ec9a2a97-unnamed-file.webp\",\"datePublished\":\"2025-06-29T06:27:35+00:00\",\"dateModified\":\"2025-06-29T06:28:28+00:00\",\"breadcrumb\":{\"@id\":\"https:\\\/\\\/shopatoa.com\\\/ro\\\/thermobaby-training-cup-cana-pentru-antrenament-mickey-295-ml\\\/#breadcrumb\"},\"inLanguage\":\"ro-RO\",\"potentialAction\":[{\"@type\":\"ReadAction\",\"target\":[\"https:\\\/\\\/shopatoa.com\\\/ro\\\/thermobaby-training-cup-cana-pentru-antrenament-mickey-295-ml\\\/\"]}]},{\"@type\":\"ImageObject\",\"inLanguage\":\"ro-RO\",\"@id\":\"https:\\\/\\\/shopatoa.com\\\/ro\\\/thermobaby-training-cup-cana-pentru-antrenament-mickey-295-ml\\\/#primaryimage\",\"url\":\"https:\\\/\\\/storage.googleapis.com\\\/cz-shopatoa-img\\\/ro\\\/ec9a2a97-unnamed-file.webp\",\"contentUrl\":\"https:\\\/\\\/storage.googleapis.com\\\/cz-shopatoa-img\\\/ro\\\/ec9a2a97-unnamed-file.webp\",\"width\":800,\"height\":800},{\"@type\":\"BreadcrumbList\",\"@id\":\"https:\\\/\\\/shopatoa.com\\\/ro\\\/thermobaby-training-cup-cana-pentru-antrenament-mickey-295-ml\\\/#breadcrumb\",\"itemListElement\":[{\"@type\":\"ListItem\",\"position\":1,\"name\":\"Dom\u016f\",\"item\":\"https:\\\/\\\/shopatoa.com\\\/ro\\\/\"},{\"@type\":\"ListItem\",\"position\":2,\"name\":\"Shop\",\"item\":\"https:\\\/\\\/shopatoa.com\\\/ro\\\/shop\\\/\"},{\"@type\":\"ListItem\",\"position\":3,\"name\":\"Thermobaby Training Cup can\u0103 pentru antrenament Mickey 295 ml\"}]},{\"@type\":\"WebSite\",\"@id\":\"https:\\\/\\\/shopatoa.com\\\/ro\\\/#website\",\"url\":\"https:\\\/\\\/shopatoa.com\\\/ro\\\/\",\"name\":\"SHOPATOA\",\"description\":\"\",\"publisher\":{\"@id\":\"https:\\\/\\\/shopatoa.com\\\/ro\\\/#organization\"},\"potentialAction\":[{\"@type\":\"SearchAction\",\"target\":{\"@type\":\"EntryPoint\",\"urlTemplate\":\"https:\\\/\\\/shopatoa.com\\\/ro\\\/?s={search_term_string}\"},\"query-input\":{\"@type\":\"PropertyValueSpecification\",\"valueRequired\":true,\"valueName\":\"search_term_string\"}}],\"inLanguage\":\"ro-RO\"},{\"@type\":\"Organization\",\"@id\":\"https:\\\/\\\/shopatoa.com\\\/ro\\\/#organization\",\"name\":\"SHOPATOA\",\"url\":\"https:\\\/\\\/shopatoa.com\\\/ro\\\/\",\"logo\":{\"@type\":\"ImageObject\",\"inLanguage\":\"ro-RO\",\"@id\":\"https:\\\/\\\/shopatoa.com\\\/ro\\\/#\\\/schema\\\/logo\\\/image\\\/\",\"url\":\"https:\\\/\\\/storage.googleapis.com\\\/cz-shopatoa-img\\\/ro\\\/b4dac915-shopatoa_logo.png\",\"contentUrl\":\"https:\\\/\\\/storage.googleapis.com\\\/cz-shopatoa-img\\\/ro\\\/b4dac915-shopatoa_logo.png\",\"width\":416,\"height\":63,\"caption\":\"SHOPATOA\"},\"image\":{\"@id\":\"https:\\\/\\\/shopatoa.com\\\/ro\\\/#\\\/schema\\\/logo\\\/image\\\/\"}}]}<\/script>\n<!-- \/ Yoast SEO plugin. -->","yoast_head_json":{"title":"Thermobaby Training Cup can\u0103 pentru antrenament Mickey 295 ml - SHOPATOA.COM","robots":{"index":"index","follow":"follow","max-snippet":"max-snippet:-1","max-image-preview":"max-image-preview:large","max-video-preview":"max-video-preview:-1"},"canonical":"https:\/\/shopatoa.com\/ro\/thermobaby-training-cup-cana-pentru-antrenament-mickey-295-ml\/","og_locale":"ro_RO","og_type":"article","og_title":"Thermobaby Training Cup can\u0103 pentru antrenament Mickey 295 ml - SHOPATOA.COM","og_description":"Thermobaby Training Cup, 295 ml, C\u0103ni pentru copii pentru copii, Dori\u021bi s\u0103 ajuta\u021bi copilul s\u0103-\u0219i dezvolte deprinderile corecte privind regimul de lichide? V\u0103 ajut\u0103 cana pentru copii Thermobaby Training Cup , a c\u0103rei m\u0103rime este ideal\u0103 pentru m\u00e2nu\u021bele copilului. \u00cen plus, designul juc\u0103u\u0219 este distractiv pentru copii Caracteristici: m\u0103rime practic\u0103 cu m\u00e2nere toartele \u00eencap perfect...","og_url":"https:\/\/shopatoa.com\/ro\/thermobaby-training-cup-cana-pentru-antrenament-mickey-295-ml\/","og_site_name":"SHOPATOA","article_modified_time":"2025-06-29T06:28:28+00:00","og_image":[{"width":800,"height":800,"url":"https:\/\/storage.googleapis.com\/cz-shopatoa-img\/ro\/ec9a2a97-unnamed-file.webp","type":"image\/webp"}],"twitter_card":"summary_large_image","twitter_misc":{"Timp estimat pentru citire":"1 minut"},"schema":{"@context":"https:\/\/schema.org","@graph":[{"@type":"WebPage","@id":"https:\/\/shopatoa.com\/ro\/thermobaby-training-cup-cana-pentru-antrenament-mickey-295-ml\/","url":"https:\/\/shopatoa.com\/ro\/thermobaby-training-cup-cana-pentru-antrenament-mickey-295-ml\/","name":"Thermobaby Training Cup can\u0103 pentru antrenament Mickey 295 ml - SHOPATOA.COM","isPartOf":{"@id":"https:\/\/shopatoa.com\/ro\/#website"},"primaryImageOfPage":{"@id":"https:\/\/shopatoa.com\/ro\/thermobaby-training-cup-cana-pentru-antrenament-mickey-295-ml\/#primaryimage"},"image":{"@id":"https:\/\/shopatoa.com\/ro\/thermobaby-training-cup-cana-pentru-antrenament-mickey-295-ml\/#primaryimage"},"thumbnailUrl":"https:\/\/storage.googleapis.com\/cz-shopatoa-img\/ro\/ec9a2a97-unnamed-file.webp","datePublished":"2025-06-29T06:27:35+00:00","dateModified":"2025-06-29T06:28:28+00:00","breadcrumb":{"@id":"https:\/\/shopatoa.com\/ro\/thermobaby-training-cup-cana-pentru-antrenament-mickey-295-ml\/#breadcrumb"},"inLanguage":"ro-RO","potentialAction":[{"@type":"ReadAction","target":["https:\/\/shopatoa.com\/ro\/thermobaby-training-cup-cana-pentru-antrenament-mickey-295-ml\/"]}]},{"@type":"ImageObject","inLanguage":"ro-RO","@id":"https:\/\/shopatoa.com\/ro\/thermobaby-training-cup-cana-pentru-antrenament-mickey-295-ml\/#primaryimage","url":"https:\/\/storage.googleapis.com\/cz-shopatoa-img\/ro\/ec9a2a97-unnamed-file.webp","contentUrl":"https:\/\/storage.googleapis.com\/cz-shopatoa-img\/ro\/ec9a2a97-unnamed-file.webp","width":800,"height":800},{"@type":"BreadcrumbList","@id":"https:\/\/shopatoa.com\/ro\/thermobaby-training-cup-cana-pentru-antrenament-mickey-295-ml\/#breadcrumb","itemListElement":[{"@type":"ListItem","position":1,"name":"Dom\u016f","item":"https:\/\/shopatoa.com\/ro\/"},{"@type":"ListItem","position":2,"name":"Shop","item":"https:\/\/shopatoa.com\/ro\/shop\/"},{"@type":"ListItem","position":3,"name":"Thermobaby Training Cup can\u0103 pentru antrenament Mickey 295 ml"}]},{"@type":"WebSite","@id":"https:\/\/shopatoa.com\/ro\/#website","url":"https:\/\/shopatoa.com\/ro\/","name":"SHOPATOA","description":"","publisher":{"@id":"https:\/\/shopatoa.com\/ro\/#organization"},"potentialAction":[{"@type":"SearchAction","target":{"@type":"EntryPoint","urlTemplate":"https:\/\/shopatoa.com\/ro\/?s={search_term_string}"},"query-input":{"@type":"PropertyValueSpecification","valueRequired":true,"valueName":"search_term_string"}}],"inLanguage":"ro-RO"},{"@type":"Organization","@id":"https:\/\/shopatoa.com\/ro\/#organization","name":"SHOPATOA","url":"https:\/\/shopatoa.com\/ro\/","logo":{"@type":"ImageObject","inLanguage":"ro-RO","@id":"https:\/\/shopatoa.com\/ro\/#\/schema\/logo\/image\/","url":"https:\/\/storage.googleapis.com\/cz-shopatoa-img\/ro\/b4dac915-shopatoa_logo.png","contentUrl":"https:\/\/storage.googleapis.com\/cz-shopatoa-img\/ro\/b4dac915-shopatoa_logo.png","width":416,"height":63,"caption":"SHOPATOA"},"image":{"@id":"https:\/\/shopatoa.com\/ro\/#\/schema\/logo\/image\/"}}]}},"_links":{"self":[{"href":"https:\/\/shopatoa.com\/ro\/wp-json\/wp\/v2\/product\/477601","targetHints":{"allow":["GET"]}}],"collection":[{"href":"https:\/\/shopatoa.com\/ro\/wp-json\/wp\/v2\/product"}],"about":[{"href":"https:\/\/shopatoa.com\/ro\/wp-json\/wp\/v2\/types\/product"}],"replies":[{"embeddable":true,"href":"https:\/\/shopatoa.com\/ro\/wp-json\/wp\/v2\/comments?post=477601"}],"wp:featuredmedia":[{"embeddable":true,"href":"https:\/\/shopatoa.com\/ro\/wp-json\/wp\/v2\/media\/477602"}],"wp:attachment":[{"href":"https:\/\/shopatoa.com\/ro\/wp-json\/wp\/v2\/media?parent=477601"}],"wp:term":[{"taxonomy":"product_brand","embeddable":true,"href":"https:\/\/shopatoa.com\/ro\/wp-json\/wp\/v2\/product_brand?post=477601"},{"taxonomy":"product_cat","embeddable":true,"href":"https:\/\/shopatoa.com\/ro\/wp-json\/wp\/v2\/product_cat?post=477601"},{"taxonomy":"product_tag","embeddable":true,"href":"https:\/\/shopatoa.com\/ro\/wp-json\/wp\/v2\/product_tag?post=477601"}],"curies":[{"name":"wp","href":"https:\/\/api.w.org\/{rel}","templated":true}]}}