{"id":477915,"date":"2025-06-29T08:54:25","date_gmt":"2025-06-29T06:54:25","guid":{"rendered":"https:\/\/shopatoa.com\/ro\/canpol-babies-exotic-animals-curelusa-pentru-suzeta-blue-1-buc\/"},"modified":"2025-12-09T07:04:12","modified_gmt":"2025-12-09T06:04:12","slug":"canpol-babies-exotic-animals-curelusa-pentru-suzeta-blue-1-buc","status":"publish","type":"product","link":"https:\/\/shopatoa.com\/ro\/canpol-babies-exotic-animals-curelusa-pentru-suzeta-blue-1-buc\/","title":{"rendered":"canpol babies Exotic Animals curelu\u0219\u0103 pentru suzet\u0103 Blue 1 buc"},"content":{"rendered":"<p>canpol babies Exotic Animals, 1 buc, Clipsuri pentru suzet\u0103 pentru copii, Un accesoriu frumos, pentru bebelu\u0219ii care folosesc suzeta, dar \u0219i un ajutor practic pentru p\u0103rin\u021bii care nu doresc s\u0103 adune mereu suzetele de pe jos. Clipsul pentru suzet\u0103 canpol babies Exotic Animals serve\u0219te la prinderea suzetei de hainele copilului. Este u\u0219or de prins \u0219i de desprins \u0219i, \u00een plus, are un design amuzant, care distreaz\u0103 copiii.  Caracteristici:  suzet\u0103 cu prindere sigur\u0103 de \u00eembr\u0103c\u0103mintea copilului protejeaz\u0103 suzeta \u00eempotriva murd\u0103ririi sau a pierderii model colorat, care \u00eenvioreaz\u0103 aspectul \u021binutei copilului  Cum se utilizeaz\u0103: Prinde\u021bi o parte a clipsului de suzet\u0103, iar cealalt\u0103 parte de \u00eembr\u0103c\u0103mintea copilului sau de c\u0103rucior.<\/p>\n","protected":false},"excerpt":{"rendered":"<p>canpol babies Exotic Animals, 1 buc, Clipsuri pentru suzet\u0103 pentru copii, Un accesoriu frumos, pentru bebelu\u0219ii care folosesc suzeta, dar \u0219i un ajutor practic pentru p\u0103rin\u021bii care nu doresc s\u0103 adune mereu suzetele de pe jos. Clipsul pentru suzet\u0103 canpol babies Exotic Animals serve\u0219te la prinderea suzetei de hainele copilului. Este u\u0219or de prins \u0219i&#8230;<\/p>\n","protected":false},"featured_media":477916,"comment_status":"closed","ping_status":"open","template":"","meta":{"_acf_changed":false,"_kadence_starter_templates_imported_post":false,"_kad_post_transparent":"","_kad_post_title":"","_kad_post_layout":"","_kad_post_sidebar_id":"","_kad_post_content_style":"","_kad_post_vertical_padding":"","_kad_post_feature":"","_kad_post_feature_position":"","_kad_post_header":false,"_kad_post_footer":false,"_kad_post_classname":""},"product_brand":[2504],"product_cat":[3928,3893,3915],"product_tag":[],"class_list":{"0":"post-477915","1":"product","2":"type-product","3":"status-publish","4":"has-post-thumbnail","6":"product_brand-canpol-babies","7":"product_cat-clipuri-pentru-suzete","8":"product_cat-copii-si-sugari","9":"product_cat-somnul-copiilor","10":"pa_gen-unisex","11":"pa_marime-1-buc","13":"first","14":"instock","15":"sale","16":"product-type-external","17":"entry","18":"content-bg","19":"loop-entry"},"acf":[],"yoast_head":"<!-- This site is optimized with the Yoast SEO plugin v27.4 - https:\/\/yoast.com\/product\/yoast-seo-wordpress\/ -->\n<title>canpol babies Exotic Animals curelu\u0219\u0103 pentru suzet\u0103 Blue 1 buc - SHOPATOA.COM<\/title>\n<meta name=\"robots\" content=\"index, follow, max-snippet:-1, max-image-preview:large, max-video-preview:-1\" \/>\n<link rel=\"canonical\" href=\"https:\/\/shopatoa.com\/ro\/canpol-babies-exotic-animals-curelusa-pentru-suzeta-blue-1-buc\/\" \/>\n<meta property=\"og:locale\" content=\"ro_RO\" \/>\n<meta property=\"og:type\" content=\"article\" \/>\n<meta property=\"og:title\" content=\"canpol babies Exotic Animals curelu\u0219\u0103 pentru suzet\u0103 Blue 1 buc - SHOPATOA.COM\" \/>\n<meta property=\"og:description\" content=\"canpol babies Exotic Animals, 1 buc, Clipsuri pentru suzet\u0103 pentru copii, Un accesoriu frumos, pentru bebelu\u0219ii care folosesc suzeta, dar \u0219i un ajutor practic pentru p\u0103rin\u021bii care nu doresc s\u0103 adune mereu suzetele de pe jos. Clipsul pentru suzet\u0103 canpol babies Exotic Animals serve\u0219te la prinderea suzetei de hainele copilului. Este u\u0219or de prins \u0219i...\" \/>\n<meta property=\"og:url\" content=\"https:\/\/shopatoa.com\/ro\/canpol-babies-exotic-animals-curelusa-pentru-suzeta-blue-1-buc\/\" \/>\n<meta property=\"og:site_name\" content=\"SHOPATOA\" \/>\n<meta property=\"article:modified_time\" content=\"2025-12-09T06:04:12+00:00\" \/>\n<meta property=\"og:image\" content=\"https:\/\/storage.googleapis.com\/cz-shopatoa-img\/ro\/a1fb2179-unnamed-file.webp\" \/>\n\t<meta property=\"og:image:width\" content=\"800\" \/>\n\t<meta property=\"og:image:height\" content=\"800\" \/>\n\t<meta property=\"og:image:type\" content=\"image\/webp\" \/>\n<meta name=\"twitter:card\" content=\"summary_large_image\" \/>\n<meta name=\"twitter:label1\" content=\"Timp estimat pentru citire\" \/>\n\t<meta name=\"twitter:data1\" content=\"1 minut\" \/>\n<script type=\"application\/ld+json\" class=\"yoast-schema-graph\">{\"@context\":\"https:\\\/\\\/schema.org\",\"@graph\":[{\"@type\":\"WebPage\",\"@id\":\"https:\\\/\\\/shopatoa.com\\\/ro\\\/canpol-babies-exotic-animals-curelusa-pentru-suzeta-blue-1-buc\\\/\",\"url\":\"https:\\\/\\\/shopatoa.com\\\/ro\\\/canpol-babies-exotic-animals-curelusa-pentru-suzeta-blue-1-buc\\\/\",\"name\":\"canpol babies Exotic Animals curelu\u0219\u0103 pentru suzet\u0103 Blue 1 buc - SHOPATOA.COM\",\"isPartOf\":{\"@id\":\"https:\\\/\\\/shopatoa.com\\\/ro\\\/#website\"},\"primaryImageOfPage\":{\"@id\":\"https:\\\/\\\/shopatoa.com\\\/ro\\\/canpol-babies-exotic-animals-curelusa-pentru-suzeta-blue-1-buc\\\/#primaryimage\"},\"image\":{\"@id\":\"https:\\\/\\\/shopatoa.com\\\/ro\\\/canpol-babies-exotic-animals-curelusa-pentru-suzeta-blue-1-buc\\\/#primaryimage\"},\"thumbnailUrl\":\"https:\\\/\\\/storage.googleapis.com\\\/cz-shopatoa-img\\\/ro\\\/a1fb2179-unnamed-file.webp\",\"datePublished\":\"2025-06-29T06:54:25+00:00\",\"dateModified\":\"2025-12-09T06:04:12+00:00\",\"breadcrumb\":{\"@id\":\"https:\\\/\\\/shopatoa.com\\\/ro\\\/canpol-babies-exotic-animals-curelusa-pentru-suzeta-blue-1-buc\\\/#breadcrumb\"},\"inLanguage\":\"ro-RO\",\"potentialAction\":[{\"@type\":\"ReadAction\",\"target\":[\"https:\\\/\\\/shopatoa.com\\\/ro\\\/canpol-babies-exotic-animals-curelusa-pentru-suzeta-blue-1-buc\\\/\"]}]},{\"@type\":\"ImageObject\",\"inLanguage\":\"ro-RO\",\"@id\":\"https:\\\/\\\/shopatoa.com\\\/ro\\\/canpol-babies-exotic-animals-curelusa-pentru-suzeta-blue-1-buc\\\/#primaryimage\",\"url\":\"https:\\\/\\\/storage.googleapis.com\\\/cz-shopatoa-img\\\/ro\\\/a1fb2179-unnamed-file.webp\",\"contentUrl\":\"https:\\\/\\\/storage.googleapis.com\\\/cz-shopatoa-img\\\/ro\\\/a1fb2179-unnamed-file.webp\",\"width\":800,\"height\":800},{\"@type\":\"BreadcrumbList\",\"@id\":\"https:\\\/\\\/shopatoa.com\\\/ro\\\/canpol-babies-exotic-animals-curelusa-pentru-suzeta-blue-1-buc\\\/#breadcrumb\",\"itemListElement\":[{\"@type\":\"ListItem\",\"position\":1,\"name\":\"Dom\u016f\",\"item\":\"https:\\\/\\\/shopatoa.com\\\/ro\\\/\"},{\"@type\":\"ListItem\",\"position\":2,\"name\":\"Shop\",\"item\":\"https:\\\/\\\/shopatoa.com\\\/ro\\\/shop\\\/\"},{\"@type\":\"ListItem\",\"position\":3,\"name\":\"Copii \u0219i sugari\",\"item\":\"https:\\\/\\\/shopatoa.com\\\/ro\\\/copii-si-sugari\\\/\"},{\"@type\":\"ListItem\",\"position\":4,\"name\":\"Somnul copiilor\",\"item\":\"https:\\\/\\\/shopatoa.com\\\/ro\\\/somnul-copiilor\\\/\"},{\"@type\":\"ListItem\",\"position\":5,\"name\":\"Clipuri pentru suzete\",\"item\":\"https:\\\/\\\/shopatoa.com\\\/ro\\\/clipuri-pentru-suzete\\\/\"},{\"@type\":\"ListItem\",\"position\":6,\"name\":\"canpol babies Exotic Animals curelu\u0219\u0103 pentru suzet\u0103 Blue 1 buc\"}]},{\"@type\":\"WebSite\",\"@id\":\"https:\\\/\\\/shopatoa.com\\\/ro\\\/#website\",\"url\":\"https:\\\/\\\/shopatoa.com\\\/ro\\\/\",\"name\":\"SHOPATOA\",\"description\":\"\",\"publisher\":{\"@id\":\"https:\\\/\\\/shopatoa.com\\\/ro\\\/#organization\"},\"potentialAction\":[{\"@type\":\"SearchAction\",\"target\":{\"@type\":\"EntryPoint\",\"urlTemplate\":\"https:\\\/\\\/shopatoa.com\\\/ro\\\/?s={search_term_string}\"},\"query-input\":{\"@type\":\"PropertyValueSpecification\",\"valueRequired\":true,\"valueName\":\"search_term_string\"}}],\"inLanguage\":\"ro-RO\"},{\"@type\":\"Organization\",\"@id\":\"https:\\\/\\\/shopatoa.com\\\/ro\\\/#organization\",\"name\":\"SHOPATOA\",\"url\":\"https:\\\/\\\/shopatoa.com\\\/ro\\\/\",\"logo\":{\"@type\":\"ImageObject\",\"inLanguage\":\"ro-RO\",\"@id\":\"https:\\\/\\\/shopatoa.com\\\/ro\\\/#\\\/schema\\\/logo\\\/image\\\/\",\"url\":\"https:\\\/\\\/storage.googleapis.com\\\/cz-shopatoa-img\\\/ro\\\/b4dac915-shopatoa_logo.png\",\"contentUrl\":\"https:\\\/\\\/storage.googleapis.com\\\/cz-shopatoa-img\\\/ro\\\/b4dac915-shopatoa_logo.png\",\"width\":416,\"height\":63,\"caption\":\"SHOPATOA\"},\"image\":{\"@id\":\"https:\\\/\\\/shopatoa.com\\\/ro\\\/#\\\/schema\\\/logo\\\/image\\\/\"}}]}<\/script>\n<!-- \/ Yoast SEO plugin. -->","yoast_head_json":{"title":"canpol babies Exotic Animals curelu\u0219\u0103 pentru suzet\u0103 Blue 1 buc - SHOPATOA.COM","robots":{"index":"index","follow":"follow","max-snippet":"max-snippet:-1","max-image-preview":"max-image-preview:large","max-video-preview":"max-video-preview:-1"},"canonical":"https:\/\/shopatoa.com\/ro\/canpol-babies-exotic-animals-curelusa-pentru-suzeta-blue-1-buc\/","og_locale":"ro_RO","og_type":"article","og_title":"canpol babies Exotic Animals curelu\u0219\u0103 pentru suzet\u0103 Blue 1 buc - SHOPATOA.COM","og_description":"canpol babies Exotic Animals, 1 buc, Clipsuri pentru suzet\u0103 pentru copii, Un accesoriu frumos, pentru bebelu\u0219ii care folosesc suzeta, dar \u0219i un ajutor practic pentru p\u0103rin\u021bii care nu doresc s\u0103 adune mereu suzetele de pe jos. Clipsul pentru suzet\u0103 canpol babies Exotic Animals serve\u0219te la prinderea suzetei de hainele copilului. Este u\u0219or de prins \u0219i...","og_url":"https:\/\/shopatoa.com\/ro\/canpol-babies-exotic-animals-curelusa-pentru-suzeta-blue-1-buc\/","og_site_name":"SHOPATOA","article_modified_time":"2025-12-09T06:04:12+00:00","og_image":[{"width":800,"height":800,"url":"https:\/\/storage.googleapis.com\/cz-shopatoa-img\/ro\/a1fb2179-unnamed-file.webp","type":"image\/webp"}],"twitter_card":"summary_large_image","twitter_misc":{"Timp estimat pentru citire":"1 minut"},"schema":{"@context":"https:\/\/schema.org","@graph":[{"@type":"WebPage","@id":"https:\/\/shopatoa.com\/ro\/canpol-babies-exotic-animals-curelusa-pentru-suzeta-blue-1-buc\/","url":"https:\/\/shopatoa.com\/ro\/canpol-babies-exotic-animals-curelusa-pentru-suzeta-blue-1-buc\/","name":"canpol babies Exotic Animals curelu\u0219\u0103 pentru suzet\u0103 Blue 1 buc - SHOPATOA.COM","isPartOf":{"@id":"https:\/\/shopatoa.com\/ro\/#website"},"primaryImageOfPage":{"@id":"https:\/\/shopatoa.com\/ro\/canpol-babies-exotic-animals-curelusa-pentru-suzeta-blue-1-buc\/#primaryimage"},"image":{"@id":"https:\/\/shopatoa.com\/ro\/canpol-babies-exotic-animals-curelusa-pentru-suzeta-blue-1-buc\/#primaryimage"},"thumbnailUrl":"https:\/\/storage.googleapis.com\/cz-shopatoa-img\/ro\/a1fb2179-unnamed-file.webp","datePublished":"2025-06-29T06:54:25+00:00","dateModified":"2025-12-09T06:04:12+00:00","breadcrumb":{"@id":"https:\/\/shopatoa.com\/ro\/canpol-babies-exotic-animals-curelusa-pentru-suzeta-blue-1-buc\/#breadcrumb"},"inLanguage":"ro-RO","potentialAction":[{"@type":"ReadAction","target":["https:\/\/shopatoa.com\/ro\/canpol-babies-exotic-animals-curelusa-pentru-suzeta-blue-1-buc\/"]}]},{"@type":"ImageObject","inLanguage":"ro-RO","@id":"https:\/\/shopatoa.com\/ro\/canpol-babies-exotic-animals-curelusa-pentru-suzeta-blue-1-buc\/#primaryimage","url":"https:\/\/storage.googleapis.com\/cz-shopatoa-img\/ro\/a1fb2179-unnamed-file.webp","contentUrl":"https:\/\/storage.googleapis.com\/cz-shopatoa-img\/ro\/a1fb2179-unnamed-file.webp","width":800,"height":800},{"@type":"BreadcrumbList","@id":"https:\/\/shopatoa.com\/ro\/canpol-babies-exotic-animals-curelusa-pentru-suzeta-blue-1-buc\/#breadcrumb","itemListElement":[{"@type":"ListItem","position":1,"name":"Dom\u016f","item":"https:\/\/shopatoa.com\/ro\/"},{"@type":"ListItem","position":2,"name":"Shop","item":"https:\/\/shopatoa.com\/ro\/shop\/"},{"@type":"ListItem","position":3,"name":"Copii \u0219i sugari","item":"https:\/\/shopatoa.com\/ro\/copii-si-sugari\/"},{"@type":"ListItem","position":4,"name":"Somnul copiilor","item":"https:\/\/shopatoa.com\/ro\/somnul-copiilor\/"},{"@type":"ListItem","position":5,"name":"Clipuri pentru suzete","item":"https:\/\/shopatoa.com\/ro\/clipuri-pentru-suzete\/"},{"@type":"ListItem","position":6,"name":"canpol babies Exotic Animals curelu\u0219\u0103 pentru suzet\u0103 Blue 1 buc"}]},{"@type":"WebSite","@id":"https:\/\/shopatoa.com\/ro\/#website","url":"https:\/\/shopatoa.com\/ro\/","name":"SHOPATOA","description":"","publisher":{"@id":"https:\/\/shopatoa.com\/ro\/#organization"},"potentialAction":[{"@type":"SearchAction","target":{"@type":"EntryPoint","urlTemplate":"https:\/\/shopatoa.com\/ro\/?s={search_term_string}"},"query-input":{"@type":"PropertyValueSpecification","valueRequired":true,"valueName":"search_term_string"}}],"inLanguage":"ro-RO"},{"@type":"Organization","@id":"https:\/\/shopatoa.com\/ro\/#organization","name":"SHOPATOA","url":"https:\/\/shopatoa.com\/ro\/","logo":{"@type":"ImageObject","inLanguage":"ro-RO","@id":"https:\/\/shopatoa.com\/ro\/#\/schema\/logo\/image\/","url":"https:\/\/storage.googleapis.com\/cz-shopatoa-img\/ro\/b4dac915-shopatoa_logo.png","contentUrl":"https:\/\/storage.googleapis.com\/cz-shopatoa-img\/ro\/b4dac915-shopatoa_logo.png","width":416,"height":63,"caption":"SHOPATOA"},"image":{"@id":"https:\/\/shopatoa.com\/ro\/#\/schema\/logo\/image\/"}}]}},"_links":{"self":[{"href":"https:\/\/shopatoa.com\/ro\/wp-json\/wp\/v2\/product\/477915","targetHints":{"allow":["GET"]}}],"collection":[{"href":"https:\/\/shopatoa.com\/ro\/wp-json\/wp\/v2\/product"}],"about":[{"href":"https:\/\/shopatoa.com\/ro\/wp-json\/wp\/v2\/types\/product"}],"replies":[{"embeddable":true,"href":"https:\/\/shopatoa.com\/ro\/wp-json\/wp\/v2\/comments?post=477915"}],"wp:featuredmedia":[{"embeddable":true,"href":"https:\/\/shopatoa.com\/ro\/wp-json\/wp\/v2\/media\/477916"}],"wp:attachment":[{"href":"https:\/\/shopatoa.com\/ro\/wp-json\/wp\/v2\/media?parent=477915"}],"wp:term":[{"taxonomy":"product_brand","embeddable":true,"href":"https:\/\/shopatoa.com\/ro\/wp-json\/wp\/v2\/product_brand?post=477915"},{"taxonomy":"product_cat","embeddable":true,"href":"https:\/\/shopatoa.com\/ro\/wp-json\/wp\/v2\/product_cat?post=477915"},{"taxonomy":"product_tag","embeddable":true,"href":"https:\/\/shopatoa.com\/ro\/wp-json\/wp\/v2\/product_tag?post=477915"}],"curies":[{"name":"wp","href":"https:\/\/api.w.org\/{rel}","templated":true}]}}