{"id":478249,"date":"2025-06-29T09:25:26","date_gmt":"2025-06-29T07:25:26","guid":{"rendered":"https:\/\/shopatoa.com\/ro\/disney-classics-stitch-set-pentru-par-pentru-copii-iii\/"},"modified":"2025-12-09T05:24:03","modified_gmt":"2025-12-09T04:24:03","slug":"disney-classics-stitch-set-pentru-par-pentru-copii-iii","status":"publish","type":"product","link":"https:\/\/shopatoa.com\/ro\/disney-classics-stitch-set-pentru-par-pentru-copii-iii\/","title":{"rendered":"Disney Classics Stitch set pentru p\u0103r pentru copii III."},"content":{"rendered":"<p>Disney Classics Stitch, Seturi pentru copii pentru copii, Codi\u021bele copiilor parc\u0103 invit\u0103 s\u0103 fie frumos \u00eempodobite. Accesoriul de p\u0103r Disney Classics Stitch face coafura copiilor \u0219i mai dr\u0103g\u0103la\u0219\u0103.  Caracteristici:  inspirat de un personaj preferat din pove\u0219tile pentru copii dup\u0103 celebrul basm ecranizat pentru copii setul \u00eenc\u00e2nt\u0103 de la prima vedere, datorit\u0103 ambalajului frumos bucur\u0103 orice feti\u021b\u0103 foarte potrivit ca un cadou  Setul con\u021bine:  agrafe de par 2 buc perie de par 1 buc inel de par invizibil 1 buc Elastice sub\u021biri pentru p\u0103r 4 buc<\/p>\n","protected":false},"excerpt":{"rendered":"<p>Disney Classics Stitch, Seturi pentru copii pentru copii, Codi\u021bele copiilor parc\u0103 invit\u0103 s\u0103 fie frumos \u00eempodobite. Accesoriul de p\u0103r Disney Classics Stitch face coafura copiilor \u0219i mai dr\u0103g\u0103la\u0219\u0103. Caracteristici: inspirat de un personaj preferat din pove\u0219tile pentru copii dup\u0103 celebrul basm ecranizat pentru copii setul \u00eenc\u00e2nt\u0103 de la prima vedere, datorit\u0103 ambalajului frumos bucur\u0103 orice&#8230;<\/p>\n","protected":false},"featured_media":478250,"comment_status":"closed","ping_status":"open","template":"","meta":{"_acf_changed":false,"_kadence_starter_templates_imported_post":false,"_kad_post_transparent":"","_kad_post_title":"","_kad_post_layout":"","_kad_post_sidebar_id":"","_kad_post_content_style":"","_kad_post_vertical_padding":"","_kad_post_feature":"","_kad_post_feature_position":"","_kad_post_header":false,"_kad_post_footer":false,"_kad_post_classname":""},"product_brand":[545],"product_cat":[1563,1590,1652,1653,1562],"product_tag":[],"class_list":{"0":"post-478249","1":"product","2":"type-product","3":"status-publish","4":"has-post-thumbnail","6":"product_brand-disney","7":"product_cat-ingrijire-personala","8":"product_cat-ingrijirea-parului","9":"product_cat-instrumente-de-coafat","10":"product_cat-piepteni-si-perii","11":"product_cat-sanatate-si-frumusete","12":"pa_gen-unisex","14":"first","15":"instock","16":"product-type-external","17":"entry","18":"content-bg","19":"loop-entry"},"acf":[],"yoast_head":"<!-- This site is optimized with the Yoast SEO plugin v27.3 - https:\/\/yoast.com\/product\/yoast-seo-wordpress\/ -->\n<title>Disney Classics Stitch set pentru p\u0103r pentru copii III. - SHOPATOA.COM<\/title>\n<meta name=\"robots\" content=\"index, follow, max-snippet:-1, max-image-preview:large, max-video-preview:-1\" \/>\n<link rel=\"canonical\" href=\"https:\/\/shopatoa.com\/ro\/disney-classics-stitch-set-pentru-par-pentru-copii-iii\/\" \/>\n<meta property=\"og:locale\" content=\"ro_RO\" \/>\n<meta property=\"og:type\" content=\"article\" \/>\n<meta property=\"og:title\" content=\"Disney Classics Stitch set pentru p\u0103r pentru copii III. - SHOPATOA.COM\" \/>\n<meta property=\"og:description\" content=\"Disney Classics Stitch, Seturi pentru copii pentru copii, Codi\u021bele copiilor parc\u0103 invit\u0103 s\u0103 fie frumos \u00eempodobite. Accesoriul de p\u0103r Disney Classics Stitch face coafura copiilor \u0219i mai dr\u0103g\u0103la\u0219\u0103. Caracteristici: inspirat de un personaj preferat din pove\u0219tile pentru copii dup\u0103 celebrul basm ecranizat pentru copii setul \u00eenc\u00e2nt\u0103 de la prima vedere, datorit\u0103 ambalajului frumos bucur\u0103 orice...\" \/>\n<meta property=\"og:url\" content=\"https:\/\/shopatoa.com\/ro\/disney-classics-stitch-set-pentru-par-pentru-copii-iii\/\" \/>\n<meta property=\"og:site_name\" content=\"SHOPATOA\" \/>\n<meta property=\"article:modified_time\" content=\"2025-12-09T04:24:03+00:00\" \/>\n<meta property=\"og:image\" content=\"https:\/\/storage.googleapis.com\/cz-shopatoa-img\/ro\/de2b2e4a-unnamed-file.webp\" \/>\n\t<meta property=\"og:image:width\" content=\"800\" \/>\n\t<meta property=\"og:image:height\" content=\"800\" \/>\n\t<meta property=\"og:image:type\" content=\"image\/webp\" \/>\n<meta name=\"twitter:card\" content=\"summary_large_image\" \/>\n<script type=\"application\/ld+json\" class=\"yoast-schema-graph\">{\"@context\":\"https:\\\/\\\/schema.org\",\"@graph\":[{\"@type\":\"WebPage\",\"@id\":\"https:\\\/\\\/shopatoa.com\\\/ro\\\/disney-classics-stitch-set-pentru-par-pentru-copii-iii\\\/\",\"url\":\"https:\\\/\\\/shopatoa.com\\\/ro\\\/disney-classics-stitch-set-pentru-par-pentru-copii-iii\\\/\",\"name\":\"Disney Classics Stitch set pentru p\u0103r pentru copii III. - SHOPATOA.COM\",\"isPartOf\":{\"@id\":\"https:\\\/\\\/shopatoa.com\\\/ro\\\/#website\"},\"primaryImageOfPage\":{\"@id\":\"https:\\\/\\\/shopatoa.com\\\/ro\\\/disney-classics-stitch-set-pentru-par-pentru-copii-iii\\\/#primaryimage\"},\"image\":{\"@id\":\"https:\\\/\\\/shopatoa.com\\\/ro\\\/disney-classics-stitch-set-pentru-par-pentru-copii-iii\\\/#primaryimage\"},\"thumbnailUrl\":\"https:\\\/\\\/storage.googleapis.com\\\/cz-shopatoa-img\\\/ro\\\/de2b2e4a-unnamed-file.webp\",\"datePublished\":\"2025-06-29T07:25:26+00:00\",\"dateModified\":\"2025-12-09T04:24:03+00:00\",\"breadcrumb\":{\"@id\":\"https:\\\/\\\/shopatoa.com\\\/ro\\\/disney-classics-stitch-set-pentru-par-pentru-copii-iii\\\/#breadcrumb\"},\"inLanguage\":\"ro-RO\",\"potentialAction\":[{\"@type\":\"ReadAction\",\"target\":[\"https:\\\/\\\/shopatoa.com\\\/ro\\\/disney-classics-stitch-set-pentru-par-pentru-copii-iii\\\/\"]}]},{\"@type\":\"ImageObject\",\"inLanguage\":\"ro-RO\",\"@id\":\"https:\\\/\\\/shopatoa.com\\\/ro\\\/disney-classics-stitch-set-pentru-par-pentru-copii-iii\\\/#primaryimage\",\"url\":\"https:\\\/\\\/storage.googleapis.com\\\/cz-shopatoa-img\\\/ro\\\/de2b2e4a-unnamed-file.webp\",\"contentUrl\":\"https:\\\/\\\/storage.googleapis.com\\\/cz-shopatoa-img\\\/ro\\\/de2b2e4a-unnamed-file.webp\",\"width\":800,\"height\":800},{\"@type\":\"BreadcrumbList\",\"@id\":\"https:\\\/\\\/shopatoa.com\\\/ro\\\/disney-classics-stitch-set-pentru-par-pentru-copii-iii\\\/#breadcrumb\",\"itemListElement\":[{\"@type\":\"ListItem\",\"position\":1,\"name\":\"Dom\u016f\",\"item\":\"https:\\\/\\\/shopatoa.com\\\/ro\\\/\"},{\"@type\":\"ListItem\",\"position\":2,\"name\":\"Shop\",\"item\":\"https:\\\/\\\/shopatoa.com\\\/ro\\\/shop\\\/\"},{\"@type\":\"ListItem\",\"position\":3,\"name\":\"S\u0103n\u0103tate \u0219i frumuse\u021be\",\"item\":\"https:\\\/\\\/shopatoa.com\\\/ro\\\/sanatate-si-frumusete\\\/\"},{\"@type\":\"ListItem\",\"position\":4,\"name\":\"\u00cengrijire personal\u0103\",\"item\":\"https:\\\/\\\/shopatoa.com\\\/ro\\\/ingrijire-personala\\\/\"},{\"@type\":\"ListItem\",\"position\":5,\"name\":\"\u00cengrijirea p\u0103rului\",\"item\":\"https:\\\/\\\/shopatoa.com\\\/ro\\\/ingrijirea-parului\\\/\"},{\"@type\":\"ListItem\",\"position\":6,\"name\":\"Instrumente de coafat\",\"item\":\"https:\\\/\\\/shopatoa.com\\\/ro\\\/instrumente-de-coafat\\\/\"},{\"@type\":\"ListItem\",\"position\":7,\"name\":\"Piepteni \u0219i perii\",\"item\":\"https:\\\/\\\/shopatoa.com\\\/ro\\\/piepteni-si-perii\\\/\"},{\"@type\":\"ListItem\",\"position\":8,\"name\":\"Disney Classics Stitch set pentru p\u0103r pentru copii III.\"}]},{\"@type\":\"WebSite\",\"@id\":\"https:\\\/\\\/shopatoa.com\\\/ro\\\/#website\",\"url\":\"https:\\\/\\\/shopatoa.com\\\/ro\\\/\",\"name\":\"SHOPATOA\",\"description\":\"\",\"publisher\":{\"@id\":\"https:\\\/\\\/shopatoa.com\\\/ro\\\/#organization\"},\"potentialAction\":[{\"@type\":\"SearchAction\",\"target\":{\"@type\":\"EntryPoint\",\"urlTemplate\":\"https:\\\/\\\/shopatoa.com\\\/ro\\\/?s={search_term_string}\"},\"query-input\":{\"@type\":\"PropertyValueSpecification\",\"valueRequired\":true,\"valueName\":\"search_term_string\"}}],\"inLanguage\":\"ro-RO\"},{\"@type\":\"Organization\",\"@id\":\"https:\\\/\\\/shopatoa.com\\\/ro\\\/#organization\",\"name\":\"SHOPATOA\",\"url\":\"https:\\\/\\\/shopatoa.com\\\/ro\\\/\",\"logo\":{\"@type\":\"ImageObject\",\"inLanguage\":\"ro-RO\",\"@id\":\"https:\\\/\\\/shopatoa.com\\\/ro\\\/#\\\/schema\\\/logo\\\/image\\\/\",\"url\":\"https:\\\/\\\/storage.googleapis.com\\\/cz-shopatoa-img\\\/ro\\\/b4dac915-shopatoa_logo.png\",\"contentUrl\":\"https:\\\/\\\/storage.googleapis.com\\\/cz-shopatoa-img\\\/ro\\\/b4dac915-shopatoa_logo.png\",\"width\":416,\"height\":63,\"caption\":\"SHOPATOA\"},\"image\":{\"@id\":\"https:\\\/\\\/shopatoa.com\\\/ro\\\/#\\\/schema\\\/logo\\\/image\\\/\"}}]}<\/script>\n<!-- \/ Yoast SEO plugin. -->","yoast_head_json":{"title":"Disney Classics Stitch set pentru p\u0103r pentru copii III. - SHOPATOA.COM","robots":{"index":"index","follow":"follow","max-snippet":"max-snippet:-1","max-image-preview":"max-image-preview:large","max-video-preview":"max-video-preview:-1"},"canonical":"https:\/\/shopatoa.com\/ro\/disney-classics-stitch-set-pentru-par-pentru-copii-iii\/","og_locale":"ro_RO","og_type":"article","og_title":"Disney Classics Stitch set pentru p\u0103r pentru copii III. - SHOPATOA.COM","og_description":"Disney Classics Stitch, Seturi pentru copii pentru copii, Codi\u021bele copiilor parc\u0103 invit\u0103 s\u0103 fie frumos \u00eempodobite. Accesoriul de p\u0103r Disney Classics Stitch face coafura copiilor \u0219i mai dr\u0103g\u0103la\u0219\u0103. Caracteristici: inspirat de un personaj preferat din pove\u0219tile pentru copii dup\u0103 celebrul basm ecranizat pentru copii setul \u00eenc\u00e2nt\u0103 de la prima vedere, datorit\u0103 ambalajului frumos bucur\u0103 orice...","og_url":"https:\/\/shopatoa.com\/ro\/disney-classics-stitch-set-pentru-par-pentru-copii-iii\/","og_site_name":"SHOPATOA","article_modified_time":"2025-12-09T04:24:03+00:00","og_image":[{"width":800,"height":800,"url":"https:\/\/storage.googleapis.com\/cz-shopatoa-img\/ro\/de2b2e4a-unnamed-file.webp","type":"image\/webp"}],"twitter_card":"summary_large_image","schema":{"@context":"https:\/\/schema.org","@graph":[{"@type":"WebPage","@id":"https:\/\/shopatoa.com\/ro\/disney-classics-stitch-set-pentru-par-pentru-copii-iii\/","url":"https:\/\/shopatoa.com\/ro\/disney-classics-stitch-set-pentru-par-pentru-copii-iii\/","name":"Disney Classics Stitch set pentru p\u0103r pentru copii III. - SHOPATOA.COM","isPartOf":{"@id":"https:\/\/shopatoa.com\/ro\/#website"},"primaryImageOfPage":{"@id":"https:\/\/shopatoa.com\/ro\/disney-classics-stitch-set-pentru-par-pentru-copii-iii\/#primaryimage"},"image":{"@id":"https:\/\/shopatoa.com\/ro\/disney-classics-stitch-set-pentru-par-pentru-copii-iii\/#primaryimage"},"thumbnailUrl":"https:\/\/storage.googleapis.com\/cz-shopatoa-img\/ro\/de2b2e4a-unnamed-file.webp","datePublished":"2025-06-29T07:25:26+00:00","dateModified":"2025-12-09T04:24:03+00:00","breadcrumb":{"@id":"https:\/\/shopatoa.com\/ro\/disney-classics-stitch-set-pentru-par-pentru-copii-iii\/#breadcrumb"},"inLanguage":"ro-RO","potentialAction":[{"@type":"ReadAction","target":["https:\/\/shopatoa.com\/ro\/disney-classics-stitch-set-pentru-par-pentru-copii-iii\/"]}]},{"@type":"ImageObject","inLanguage":"ro-RO","@id":"https:\/\/shopatoa.com\/ro\/disney-classics-stitch-set-pentru-par-pentru-copii-iii\/#primaryimage","url":"https:\/\/storage.googleapis.com\/cz-shopatoa-img\/ro\/de2b2e4a-unnamed-file.webp","contentUrl":"https:\/\/storage.googleapis.com\/cz-shopatoa-img\/ro\/de2b2e4a-unnamed-file.webp","width":800,"height":800},{"@type":"BreadcrumbList","@id":"https:\/\/shopatoa.com\/ro\/disney-classics-stitch-set-pentru-par-pentru-copii-iii\/#breadcrumb","itemListElement":[{"@type":"ListItem","position":1,"name":"Dom\u016f","item":"https:\/\/shopatoa.com\/ro\/"},{"@type":"ListItem","position":2,"name":"Shop","item":"https:\/\/shopatoa.com\/ro\/shop\/"},{"@type":"ListItem","position":3,"name":"S\u0103n\u0103tate \u0219i frumuse\u021be","item":"https:\/\/shopatoa.com\/ro\/sanatate-si-frumusete\/"},{"@type":"ListItem","position":4,"name":"\u00cengrijire personal\u0103","item":"https:\/\/shopatoa.com\/ro\/ingrijire-personala\/"},{"@type":"ListItem","position":5,"name":"\u00cengrijirea p\u0103rului","item":"https:\/\/shopatoa.com\/ro\/ingrijirea-parului\/"},{"@type":"ListItem","position":6,"name":"Instrumente de coafat","item":"https:\/\/shopatoa.com\/ro\/instrumente-de-coafat\/"},{"@type":"ListItem","position":7,"name":"Piepteni \u0219i perii","item":"https:\/\/shopatoa.com\/ro\/piepteni-si-perii\/"},{"@type":"ListItem","position":8,"name":"Disney Classics Stitch set pentru p\u0103r pentru copii III."}]},{"@type":"WebSite","@id":"https:\/\/shopatoa.com\/ro\/#website","url":"https:\/\/shopatoa.com\/ro\/","name":"SHOPATOA","description":"","publisher":{"@id":"https:\/\/shopatoa.com\/ro\/#organization"},"potentialAction":[{"@type":"SearchAction","target":{"@type":"EntryPoint","urlTemplate":"https:\/\/shopatoa.com\/ro\/?s={search_term_string}"},"query-input":{"@type":"PropertyValueSpecification","valueRequired":true,"valueName":"search_term_string"}}],"inLanguage":"ro-RO"},{"@type":"Organization","@id":"https:\/\/shopatoa.com\/ro\/#organization","name":"SHOPATOA","url":"https:\/\/shopatoa.com\/ro\/","logo":{"@type":"ImageObject","inLanguage":"ro-RO","@id":"https:\/\/shopatoa.com\/ro\/#\/schema\/logo\/image\/","url":"https:\/\/storage.googleapis.com\/cz-shopatoa-img\/ro\/b4dac915-shopatoa_logo.png","contentUrl":"https:\/\/storage.googleapis.com\/cz-shopatoa-img\/ro\/b4dac915-shopatoa_logo.png","width":416,"height":63,"caption":"SHOPATOA"},"image":{"@id":"https:\/\/shopatoa.com\/ro\/#\/schema\/logo\/image\/"}}]}},"_links":{"self":[{"href":"https:\/\/shopatoa.com\/ro\/wp-json\/wp\/v2\/product\/478249","targetHints":{"allow":["GET"]}}],"collection":[{"href":"https:\/\/shopatoa.com\/ro\/wp-json\/wp\/v2\/product"}],"about":[{"href":"https:\/\/shopatoa.com\/ro\/wp-json\/wp\/v2\/types\/product"}],"replies":[{"embeddable":true,"href":"https:\/\/shopatoa.com\/ro\/wp-json\/wp\/v2\/comments?post=478249"}],"wp:featuredmedia":[{"embeddable":true,"href":"https:\/\/shopatoa.com\/ro\/wp-json\/wp\/v2\/media\/478250"}],"wp:attachment":[{"href":"https:\/\/shopatoa.com\/ro\/wp-json\/wp\/v2\/media?parent=478249"}],"wp:term":[{"taxonomy":"product_brand","embeddable":true,"href":"https:\/\/shopatoa.com\/ro\/wp-json\/wp\/v2\/product_brand?post=478249"},{"taxonomy":"product_cat","embeddable":true,"href":"https:\/\/shopatoa.com\/ro\/wp-json\/wp\/v2\/product_cat?post=478249"},{"taxonomy":"product_tag","embeddable":true,"href":"https:\/\/shopatoa.com\/ro\/wp-json\/wp\/v2\/product_tag?post=478249"}],"curies":[{"name":"wp","href":"https:\/\/api.w.org\/{rel}","templated":true}]}}