{"id":478261,"date":"2025-06-29T09:25:26","date_gmt":"2025-06-29T07:25:26","guid":{"rendered":"https:\/\/shopatoa.com\/ro\/nivea-advent-calendar-2024-calendar-de-craciun\/"},"modified":"2025-10-14T00:19:21","modified_gmt":"2025-10-13T22:19:21","slug":"nivea-advent-calendar-2024-calendar-de-craciun","status":"publish","type":"product","link":"https:\/\/shopatoa.com\/ro\/nivea-advent-calendar-2024-calendar-de-craciun\/","title":{"rendered":"NIVEA Advent Calendar 2024 Calendar de Cr\u0103ciun"},"content":{"rendered":"<p>NIVEA Advent Calendar 2024, Antiperspirante pentru femei, Pentru ca a\u0219teptarea Cr\u0103ciunului s\u0103 fie \u0219i mai pl\u0103cut\u0103, calendarul de Advent NIVEA Advent Calendar 2024 con\u021bine 24 de surprize cosmetice, cu care fiecare zi este mai frumoas\u0103. Este suficient s\u0103 deschide\u021bi ferestruica.  Setul con\u021bine:  2x spray anti-perspirant 35 ml gel de dus delicat 50 ml crem\u0103 hidratant\u0103 75 ml 24h Moisturise crema de zi SPF 15 50 ml apa pentru curatare cu particule micele 100 ml antiperspirant roll-on 25 ml lapte de corp 75 ml 3x masca sub forma de crema 15 ml crem\u0103 hidratant\u0103 25 ml 2x balsam de buze 4,8 g 2x masca pentru celule 1 buc 24 Moisture crema de noapte 50 ml Br\u0103\u021bar\u0103 1 buc masc\u0103 pentru dormit 1 buc burete pentru machiaj 1 buc inel de par invizibil 2 buc Balsam de spalat 1 buc oglinda cosmetica 1 buc Balsam de spalat 1 buc  Caracteristici:  24 cadouri de desf\u0103cut \u2013 din prima zi de decembrie p\u00e2n\u0103 de Ajun  foarte potrivit ca un cadou bucur\u0103 orice femeie  Cum se utilizeaz\u0103: Folosi\u021bi fiecare produs din setul cosmetic conform instruc\u021biunilor proprii.<\/p>\n","protected":false},"excerpt":{"rendered":"<p>NIVEA Advent Calendar 2024, Antiperspirante pentru femei, Pentru ca a\u0219teptarea Cr\u0103ciunului s\u0103 fie \u0219i mai pl\u0103cut\u0103, calendarul de Advent NIVEA Advent Calendar 2024 con\u021bine 24 de surprize cosmetice, cu care fiecare zi este mai frumoas\u0103. Este suficient s\u0103 deschide\u021bi ferestruica. Setul con\u021bine: 2x spray anti-perspirant 35 ml gel de dus delicat 50 ml crem\u0103 hidratant\u0103&#8230;<\/p>\n","protected":false},"featured_media":478262,"comment_status":"closed","ping_status":"open","template":"","meta":{"_acf_changed":false,"_kadence_starter_templates_imported_post":false,"_kad_post_transparent":"","_kad_post_title":"","_kad_post_layout":"","_kad_post_sidebar_id":"","_kad_post_content_style":"","_kad_post_vertical_padding":"","_kad_post_feature":"","_kad_post_feature_position":"","_kad_post_header":false,"_kad_post_footer":false,"_kad_post_classname":""},"product_brand":[91],"product_cat":[1628,1564,1563,1565,1562],"product_tag":[],"class_list":{"0":"post-478261","1":"product","2":"type-product","3":"status-publish","4":"has-post-thumbnail","6":"product_brand-nivea","7":"product_cat-balsamuri-si-tratamente-pentru-buze","8":"product_cat-cosmetice-ingrijire-personala","9":"product_cat-ingrijire-personala","10":"product_cat-ingrijirea-pielii","11":"product_cat-sanatate-si-frumusete","12":"pa_gen-female","14":"first","15":"instock","16":"sale","17":"product-type-external","18":"entry","19":"content-bg","20":"loop-entry"},"acf":[],"yoast_head":"<!-- This site is optimized with the Yoast SEO plugin v27.3 - https:\/\/yoast.com\/product\/yoast-seo-wordpress\/ -->\n<title>NIVEA Advent Calendar 2024 Calendar de Cr\u0103ciun - SHOPATOA.COM<\/title>\n<meta name=\"robots\" content=\"index, follow, max-snippet:-1, max-image-preview:large, max-video-preview:-1\" \/>\n<link rel=\"canonical\" href=\"https:\/\/shopatoa.com\/ro\/nivea-advent-calendar-2024-calendar-de-craciun\/\" \/>\n<meta property=\"og:locale\" content=\"ro_RO\" \/>\n<meta property=\"og:type\" content=\"article\" \/>\n<meta property=\"og:title\" content=\"NIVEA Advent Calendar 2024 Calendar de Cr\u0103ciun - SHOPATOA.COM\" \/>\n<meta property=\"og:description\" content=\"NIVEA Advent Calendar 2024, Antiperspirante pentru femei, Pentru ca a\u0219teptarea Cr\u0103ciunului s\u0103 fie \u0219i mai pl\u0103cut\u0103, calendarul de Advent NIVEA Advent Calendar 2024 con\u021bine 24 de surprize cosmetice, cu care fiecare zi este mai frumoas\u0103. Este suficient s\u0103 deschide\u021bi ferestruica. Setul con\u021bine: 2x spray anti-perspirant 35 ml gel de dus delicat 50 ml crem\u0103 hidratant\u0103...\" \/>\n<meta property=\"og:url\" content=\"https:\/\/shopatoa.com\/ro\/nivea-advent-calendar-2024-calendar-de-craciun\/\" \/>\n<meta property=\"og:site_name\" content=\"SHOPATOA\" \/>\n<meta property=\"article:modified_time\" content=\"2025-10-13T22:19:21+00:00\" \/>\n<meta property=\"og:image\" content=\"https:\/\/storage.googleapis.com\/cz-shopatoa-img\/ro\/8b39eb15-unnamed-file.webp\" \/>\n\t<meta property=\"og:image:width\" content=\"800\" \/>\n\t<meta property=\"og:image:height\" content=\"800\" \/>\n\t<meta property=\"og:image:type\" content=\"image\/webp\" \/>\n<meta name=\"twitter:card\" content=\"summary_large_image\" \/>\n<meta name=\"twitter:label1\" content=\"Timp estimat pentru citire\" \/>\n\t<meta name=\"twitter:data1\" content=\"1 minut\" \/>\n<script type=\"application\/ld+json\" class=\"yoast-schema-graph\">{\"@context\":\"https:\\\/\\\/schema.org\",\"@graph\":[{\"@type\":\"WebPage\",\"@id\":\"https:\\\/\\\/shopatoa.com\\\/ro\\\/nivea-advent-calendar-2024-calendar-de-craciun\\\/\",\"url\":\"https:\\\/\\\/shopatoa.com\\\/ro\\\/nivea-advent-calendar-2024-calendar-de-craciun\\\/\",\"name\":\"NIVEA Advent Calendar 2024 Calendar de Cr\u0103ciun - SHOPATOA.COM\",\"isPartOf\":{\"@id\":\"https:\\\/\\\/shopatoa.com\\\/ro\\\/#website\"},\"primaryImageOfPage\":{\"@id\":\"https:\\\/\\\/shopatoa.com\\\/ro\\\/nivea-advent-calendar-2024-calendar-de-craciun\\\/#primaryimage\"},\"image\":{\"@id\":\"https:\\\/\\\/shopatoa.com\\\/ro\\\/nivea-advent-calendar-2024-calendar-de-craciun\\\/#primaryimage\"},\"thumbnailUrl\":\"https:\\\/\\\/storage.googleapis.com\\\/cz-shopatoa-img\\\/ro\\\/8b39eb15-unnamed-file.webp\",\"datePublished\":\"2025-06-29T07:25:26+00:00\",\"dateModified\":\"2025-10-13T22:19:21+00:00\",\"breadcrumb\":{\"@id\":\"https:\\\/\\\/shopatoa.com\\\/ro\\\/nivea-advent-calendar-2024-calendar-de-craciun\\\/#breadcrumb\"},\"inLanguage\":\"ro-RO\",\"potentialAction\":[{\"@type\":\"ReadAction\",\"target\":[\"https:\\\/\\\/shopatoa.com\\\/ro\\\/nivea-advent-calendar-2024-calendar-de-craciun\\\/\"]}]},{\"@type\":\"ImageObject\",\"inLanguage\":\"ro-RO\",\"@id\":\"https:\\\/\\\/shopatoa.com\\\/ro\\\/nivea-advent-calendar-2024-calendar-de-craciun\\\/#primaryimage\",\"url\":\"https:\\\/\\\/storage.googleapis.com\\\/cz-shopatoa-img\\\/ro\\\/8b39eb15-unnamed-file.webp\",\"contentUrl\":\"https:\\\/\\\/storage.googleapis.com\\\/cz-shopatoa-img\\\/ro\\\/8b39eb15-unnamed-file.webp\",\"width\":800,\"height\":800},{\"@type\":\"BreadcrumbList\",\"@id\":\"https:\\\/\\\/shopatoa.com\\\/ro\\\/nivea-advent-calendar-2024-calendar-de-craciun\\\/#breadcrumb\",\"itemListElement\":[{\"@type\":\"ListItem\",\"position\":1,\"name\":\"Dom\u016f\",\"item\":\"https:\\\/\\\/shopatoa.com\\\/ro\\\/\"},{\"@type\":\"ListItem\",\"position\":2,\"name\":\"Shop\",\"item\":\"https:\\\/\\\/shopatoa.com\\\/ro\\\/shop\\\/\"},{\"@type\":\"ListItem\",\"position\":3,\"name\":\"S\u0103n\u0103tate \u0219i frumuse\u021be\",\"item\":\"https:\\\/\\\/shopatoa.com\\\/ro\\\/sanatate-si-frumusete\\\/\"},{\"@type\":\"ListItem\",\"position\":4,\"name\":\"\u00cengrijire personal\u0103\",\"item\":\"https:\\\/\\\/shopatoa.com\\\/ro\\\/ingrijire-personala\\\/\"},{\"@type\":\"ListItem\",\"position\":5,\"name\":\"Cosmetice\",\"item\":\"https:\\\/\\\/shopatoa.com\\\/ro\\\/cosmetice-ingrijire-personala\\\/\"},{\"@type\":\"ListItem\",\"position\":6,\"name\":\"\u00cengrijirea pielii\",\"item\":\"https:\\\/\\\/shopatoa.com\\\/ro\\\/ingrijirea-pielii\\\/\"},{\"@type\":\"ListItem\",\"position\":7,\"name\":\"Balsamuri \u0219i tratamente pentru buze\",\"item\":\"https:\\\/\\\/shopatoa.com\\\/ro\\\/balsamuri-si-tratamente-pentru-buze\\\/\"},{\"@type\":\"ListItem\",\"position\":8,\"name\":\"NIVEA Advent Calendar 2024 Calendar de Cr\u0103ciun\"}]},{\"@type\":\"WebSite\",\"@id\":\"https:\\\/\\\/shopatoa.com\\\/ro\\\/#website\",\"url\":\"https:\\\/\\\/shopatoa.com\\\/ro\\\/\",\"name\":\"SHOPATOA\",\"description\":\"\",\"publisher\":{\"@id\":\"https:\\\/\\\/shopatoa.com\\\/ro\\\/#organization\"},\"potentialAction\":[{\"@type\":\"SearchAction\",\"target\":{\"@type\":\"EntryPoint\",\"urlTemplate\":\"https:\\\/\\\/shopatoa.com\\\/ro\\\/?s={search_term_string}\"},\"query-input\":{\"@type\":\"PropertyValueSpecification\",\"valueRequired\":true,\"valueName\":\"search_term_string\"}}],\"inLanguage\":\"ro-RO\"},{\"@type\":\"Organization\",\"@id\":\"https:\\\/\\\/shopatoa.com\\\/ro\\\/#organization\",\"name\":\"SHOPATOA\",\"url\":\"https:\\\/\\\/shopatoa.com\\\/ro\\\/\",\"logo\":{\"@type\":\"ImageObject\",\"inLanguage\":\"ro-RO\",\"@id\":\"https:\\\/\\\/shopatoa.com\\\/ro\\\/#\\\/schema\\\/logo\\\/image\\\/\",\"url\":\"https:\\\/\\\/storage.googleapis.com\\\/cz-shopatoa-img\\\/ro\\\/b4dac915-shopatoa_logo.png\",\"contentUrl\":\"https:\\\/\\\/storage.googleapis.com\\\/cz-shopatoa-img\\\/ro\\\/b4dac915-shopatoa_logo.png\",\"width\":416,\"height\":63,\"caption\":\"SHOPATOA\"},\"image\":{\"@id\":\"https:\\\/\\\/shopatoa.com\\\/ro\\\/#\\\/schema\\\/logo\\\/image\\\/\"}}]}<\/script>\n<!-- \/ Yoast SEO plugin. -->","yoast_head_json":{"title":"NIVEA Advent Calendar 2024 Calendar de Cr\u0103ciun - SHOPATOA.COM","robots":{"index":"index","follow":"follow","max-snippet":"max-snippet:-1","max-image-preview":"max-image-preview:large","max-video-preview":"max-video-preview:-1"},"canonical":"https:\/\/shopatoa.com\/ro\/nivea-advent-calendar-2024-calendar-de-craciun\/","og_locale":"ro_RO","og_type":"article","og_title":"NIVEA Advent Calendar 2024 Calendar de Cr\u0103ciun - SHOPATOA.COM","og_description":"NIVEA Advent Calendar 2024, Antiperspirante pentru femei, Pentru ca a\u0219teptarea Cr\u0103ciunului s\u0103 fie \u0219i mai pl\u0103cut\u0103, calendarul de Advent NIVEA Advent Calendar 2024 con\u021bine 24 de surprize cosmetice, cu care fiecare zi este mai frumoas\u0103. Este suficient s\u0103 deschide\u021bi ferestruica. Setul con\u021bine: 2x spray anti-perspirant 35 ml gel de dus delicat 50 ml crem\u0103 hidratant\u0103...","og_url":"https:\/\/shopatoa.com\/ro\/nivea-advent-calendar-2024-calendar-de-craciun\/","og_site_name":"SHOPATOA","article_modified_time":"2025-10-13T22:19:21+00:00","og_image":[{"width":800,"height":800,"url":"https:\/\/storage.googleapis.com\/cz-shopatoa-img\/ro\/8b39eb15-unnamed-file.webp","type":"image\/webp"}],"twitter_card":"summary_large_image","twitter_misc":{"Timp estimat pentru citire":"1 minut"},"schema":{"@context":"https:\/\/schema.org","@graph":[{"@type":"WebPage","@id":"https:\/\/shopatoa.com\/ro\/nivea-advent-calendar-2024-calendar-de-craciun\/","url":"https:\/\/shopatoa.com\/ro\/nivea-advent-calendar-2024-calendar-de-craciun\/","name":"NIVEA Advent Calendar 2024 Calendar de Cr\u0103ciun - SHOPATOA.COM","isPartOf":{"@id":"https:\/\/shopatoa.com\/ro\/#website"},"primaryImageOfPage":{"@id":"https:\/\/shopatoa.com\/ro\/nivea-advent-calendar-2024-calendar-de-craciun\/#primaryimage"},"image":{"@id":"https:\/\/shopatoa.com\/ro\/nivea-advent-calendar-2024-calendar-de-craciun\/#primaryimage"},"thumbnailUrl":"https:\/\/storage.googleapis.com\/cz-shopatoa-img\/ro\/8b39eb15-unnamed-file.webp","datePublished":"2025-06-29T07:25:26+00:00","dateModified":"2025-10-13T22:19:21+00:00","breadcrumb":{"@id":"https:\/\/shopatoa.com\/ro\/nivea-advent-calendar-2024-calendar-de-craciun\/#breadcrumb"},"inLanguage":"ro-RO","potentialAction":[{"@type":"ReadAction","target":["https:\/\/shopatoa.com\/ro\/nivea-advent-calendar-2024-calendar-de-craciun\/"]}]},{"@type":"ImageObject","inLanguage":"ro-RO","@id":"https:\/\/shopatoa.com\/ro\/nivea-advent-calendar-2024-calendar-de-craciun\/#primaryimage","url":"https:\/\/storage.googleapis.com\/cz-shopatoa-img\/ro\/8b39eb15-unnamed-file.webp","contentUrl":"https:\/\/storage.googleapis.com\/cz-shopatoa-img\/ro\/8b39eb15-unnamed-file.webp","width":800,"height":800},{"@type":"BreadcrumbList","@id":"https:\/\/shopatoa.com\/ro\/nivea-advent-calendar-2024-calendar-de-craciun\/#breadcrumb","itemListElement":[{"@type":"ListItem","position":1,"name":"Dom\u016f","item":"https:\/\/shopatoa.com\/ro\/"},{"@type":"ListItem","position":2,"name":"Shop","item":"https:\/\/shopatoa.com\/ro\/shop\/"},{"@type":"ListItem","position":3,"name":"S\u0103n\u0103tate \u0219i frumuse\u021be","item":"https:\/\/shopatoa.com\/ro\/sanatate-si-frumusete\/"},{"@type":"ListItem","position":4,"name":"\u00cengrijire personal\u0103","item":"https:\/\/shopatoa.com\/ro\/ingrijire-personala\/"},{"@type":"ListItem","position":5,"name":"Cosmetice","item":"https:\/\/shopatoa.com\/ro\/cosmetice-ingrijire-personala\/"},{"@type":"ListItem","position":6,"name":"\u00cengrijirea pielii","item":"https:\/\/shopatoa.com\/ro\/ingrijirea-pielii\/"},{"@type":"ListItem","position":7,"name":"Balsamuri \u0219i tratamente pentru buze","item":"https:\/\/shopatoa.com\/ro\/balsamuri-si-tratamente-pentru-buze\/"},{"@type":"ListItem","position":8,"name":"NIVEA Advent Calendar 2024 Calendar de Cr\u0103ciun"}]},{"@type":"WebSite","@id":"https:\/\/shopatoa.com\/ro\/#website","url":"https:\/\/shopatoa.com\/ro\/","name":"SHOPATOA","description":"","publisher":{"@id":"https:\/\/shopatoa.com\/ro\/#organization"},"potentialAction":[{"@type":"SearchAction","target":{"@type":"EntryPoint","urlTemplate":"https:\/\/shopatoa.com\/ro\/?s={search_term_string}"},"query-input":{"@type":"PropertyValueSpecification","valueRequired":true,"valueName":"search_term_string"}}],"inLanguage":"ro-RO"},{"@type":"Organization","@id":"https:\/\/shopatoa.com\/ro\/#organization","name":"SHOPATOA","url":"https:\/\/shopatoa.com\/ro\/","logo":{"@type":"ImageObject","inLanguage":"ro-RO","@id":"https:\/\/shopatoa.com\/ro\/#\/schema\/logo\/image\/","url":"https:\/\/storage.googleapis.com\/cz-shopatoa-img\/ro\/b4dac915-shopatoa_logo.png","contentUrl":"https:\/\/storage.googleapis.com\/cz-shopatoa-img\/ro\/b4dac915-shopatoa_logo.png","width":416,"height":63,"caption":"SHOPATOA"},"image":{"@id":"https:\/\/shopatoa.com\/ro\/#\/schema\/logo\/image\/"}}]}},"_links":{"self":[{"href":"https:\/\/shopatoa.com\/ro\/wp-json\/wp\/v2\/product\/478261","targetHints":{"allow":["GET"]}}],"collection":[{"href":"https:\/\/shopatoa.com\/ro\/wp-json\/wp\/v2\/product"}],"about":[{"href":"https:\/\/shopatoa.com\/ro\/wp-json\/wp\/v2\/types\/product"}],"replies":[{"embeddable":true,"href":"https:\/\/shopatoa.com\/ro\/wp-json\/wp\/v2\/comments?post=478261"}],"wp:featuredmedia":[{"embeddable":true,"href":"https:\/\/shopatoa.com\/ro\/wp-json\/wp\/v2\/media\/478262"}],"wp:attachment":[{"href":"https:\/\/shopatoa.com\/ro\/wp-json\/wp\/v2\/media?parent=478261"}],"wp:term":[{"taxonomy":"product_brand","embeddable":true,"href":"https:\/\/shopatoa.com\/ro\/wp-json\/wp\/v2\/product_brand?post=478261"},{"taxonomy":"product_cat","embeddable":true,"href":"https:\/\/shopatoa.com\/ro\/wp-json\/wp\/v2\/product_cat?post=478261"},{"taxonomy":"product_tag","embeddable":true,"href":"https:\/\/shopatoa.com\/ro\/wp-json\/wp\/v2\/product_tag?post=478261"}],"curies":[{"name":"wp","href":"https:\/\/api.w.org\/{rel}","templated":true}]}}