{"id":478355,"date":"2025-06-29T09:34:16","date_gmt":"2025-06-29T07:34:16","guid":{"rendered":"https:\/\/shopatoa.com\/ro\/facevolution-hairplus-travel-edition-seturi-pentru-voiaj-pentru-a-extinde-si-a-indesi-genele-0-buc\/"},"modified":"2025-12-09T04:46:19","modified_gmt":"2025-12-09T03:46:19","slug":"facevolution-hairplus-travel-edition-seturi-pentru-voiaj-pentru-a-extinde-si-a-indesi-genele-0-buc","status":"publish","type":"product","link":"https:\/\/shopatoa.com\/ro\/facevolution-hairplus-travel-edition-seturi-pentru-voiaj-pentru-a-extinde-si-a-indesi-genele-0-buc\/","title":{"rendered":"FacEvolution Hairplus Travel Edition Seturi pentru voiaj pentru a extinde si a indesi genele 0 buc"},"content":{"rendered":"<p>FacEvolution Hairplus Travel Edition,  buc, \u00cengrijirea \u0219i aranjarea genelor pentru femei, Totul pentru un machiaj perfect \u00eentr-un singur ambalaj. Setul de cosmetice FacEvolution Hairplus Travel Edition con\u021bine nu unul, ci mai multe articole de beauty, pentru a v\u0103 ajuta s\u0103 crea\u021bi sau s\u0103 \u00eembog\u0103\u021bi\u021bi rutina obi\u0219nuit\u0103 de machiaj. Pachetul plin de produse cosmetice decorative v\u0103 va \u00eenc\u00e2nta cu siguran\u021b\u0103 sau, drept cadou, \u00eei va \u00eenc\u00e2nta pe cei dragi.  Setul con\u021bine:  hairPLUS ser pentru stimularea pentru gene \u0219i spr\u00e2ncene 2 ml hairPLUS XXL mascara pentru volum \u0219i alungire 3 ml lipPLUS BOOSTER luciu de buze pentru volum 5 ml Make Up Radierer m\u0103nu\u0219i demachiante pentru make-up 1 buc  Caracteristici:  con\u021bine produse \u00een versiune mini o rutin\u0103 complet\u0103 ideal \u00een c\u0103l\u0103torii  Cum se utilizeaz\u0103: Folosi\u021bi fiecare produs din setul cosmetic conform instruc\u021biunilor proprii.<\/p>\n","protected":false},"excerpt":{"rendered":"<p>FacEvolution Hairplus Travel Edition, buc, \u00cengrijirea \u0219i aranjarea genelor pentru femei, Totul pentru un machiaj perfect \u00eentr-un singur ambalaj. Setul de cosmetice FacEvolution Hairplus Travel Edition con\u021bine nu unul, ci mai multe articole de beauty, pentru a v\u0103 ajuta s\u0103 crea\u021bi sau s\u0103 \u00eembog\u0103\u021bi\u021bi rutina obi\u0219nuit\u0103 de machiaj. Pachetul plin de produse cosmetice decorative v\u0103&#8230;<\/p>\n","protected":false},"featured_media":478356,"comment_status":"closed","ping_status":"open","template":"","meta":{"_acf_changed":false,"_kadence_starter_templates_imported_post":false,"_kad_post_transparent":"","_kad_post_title":"","_kad_post_layout":"","_kad_post_sidebar_id":"","_kad_post_content_style":"","_kad_post_vertical_padding":"","_kad_post_feature":"","_kad_post_feature_position":"","_kad_post_header":false,"_kad_post_footer":false,"_kad_post_classname":""},"product_brand":[3341],"product_cat":[1564,1563,1576,1599,1726,1562],"product_tag":[],"class_list":{"0":"post-478355","1":"product","2":"type-product","3":"status-publish","4":"has-post-thumbnail","6":"product_brand-facevolution","7":"product_cat-cosmetice-ingrijire-personala","8":"product_cat-ingrijire-personala","9":"product_cat-machiaj","10":"product_cat-machiaj-pentru-ochi-machiaj","11":"product_cat-rimel","12":"product_cat-sanatate-si-frumusete","13":"pa_gen-female","14":"pa_marime-buc","16":"first","17":"instock","18":"sale","19":"product-type-external","20":"entry","21":"content-bg","22":"loop-entry"},"acf":[],"yoast_head":"<!-- This site is optimized with the Yoast SEO plugin v27.4 - https:\/\/yoast.com\/product\/yoast-seo-wordpress\/ -->\n<title>FacEvolution Hairplus Travel Edition Seturi pentru voiaj pentru a extinde si a indesi genele 0 buc - SHOPATOA.COM<\/title>\n<meta name=\"robots\" content=\"index, follow, max-snippet:-1, max-image-preview:large, max-video-preview:-1\" \/>\n<link rel=\"canonical\" href=\"https:\/\/shopatoa.com\/ro\/facevolution-hairplus-travel-edition-seturi-pentru-voiaj-pentru-a-extinde-si-a-indesi-genele-0-buc\/\" \/>\n<meta property=\"og:locale\" content=\"ro_RO\" \/>\n<meta property=\"og:type\" content=\"article\" \/>\n<meta property=\"og:title\" content=\"FacEvolution Hairplus Travel Edition Seturi pentru voiaj pentru a extinde si a indesi genele 0 buc - SHOPATOA.COM\" \/>\n<meta property=\"og:description\" content=\"FacEvolution Hairplus Travel Edition, buc, \u00cengrijirea \u0219i aranjarea genelor pentru femei, Totul pentru un machiaj perfect \u00eentr-un singur ambalaj. Setul de cosmetice FacEvolution Hairplus Travel Edition con\u021bine nu unul, ci mai multe articole de beauty, pentru a v\u0103 ajuta s\u0103 crea\u021bi sau s\u0103 \u00eembog\u0103\u021bi\u021bi rutina obi\u0219nuit\u0103 de machiaj. Pachetul plin de produse cosmetice decorative v\u0103...\" \/>\n<meta property=\"og:url\" content=\"https:\/\/shopatoa.com\/ro\/facevolution-hairplus-travel-edition-seturi-pentru-voiaj-pentru-a-extinde-si-a-indesi-genele-0-buc\/\" \/>\n<meta property=\"og:site_name\" content=\"SHOPATOA\" \/>\n<meta property=\"article:modified_time\" content=\"2025-12-09T03:46:19+00:00\" \/>\n<meta property=\"og:image\" content=\"https:\/\/storage.googleapis.com\/cz-shopatoa-img\/ro\/cbb77637-unnamed-file.webp\" \/>\n\t<meta property=\"og:image:width\" content=\"800\" \/>\n\t<meta property=\"og:image:height\" content=\"800\" \/>\n\t<meta property=\"og:image:type\" content=\"image\/webp\" \/>\n<meta name=\"twitter:card\" content=\"summary_large_image\" \/>\n<meta name=\"twitter:label1\" content=\"Timp estimat pentru citire\" \/>\n\t<meta name=\"twitter:data1\" content=\"1 minut\" \/>\n<script type=\"application\/ld+json\" class=\"yoast-schema-graph\">{\"@context\":\"https:\\\/\\\/schema.org\",\"@graph\":[{\"@type\":\"WebPage\",\"@id\":\"https:\\\/\\\/shopatoa.com\\\/ro\\\/facevolution-hairplus-travel-edition-seturi-pentru-voiaj-pentru-a-extinde-si-a-indesi-genele-0-buc\\\/\",\"url\":\"https:\\\/\\\/shopatoa.com\\\/ro\\\/facevolution-hairplus-travel-edition-seturi-pentru-voiaj-pentru-a-extinde-si-a-indesi-genele-0-buc\\\/\",\"name\":\"FacEvolution Hairplus Travel Edition Seturi pentru voiaj pentru a extinde si a indesi genele 0 buc - SHOPATOA.COM\",\"isPartOf\":{\"@id\":\"https:\\\/\\\/shopatoa.com\\\/ro\\\/#website\"},\"primaryImageOfPage\":{\"@id\":\"https:\\\/\\\/shopatoa.com\\\/ro\\\/facevolution-hairplus-travel-edition-seturi-pentru-voiaj-pentru-a-extinde-si-a-indesi-genele-0-buc\\\/#primaryimage\"},\"image\":{\"@id\":\"https:\\\/\\\/shopatoa.com\\\/ro\\\/facevolution-hairplus-travel-edition-seturi-pentru-voiaj-pentru-a-extinde-si-a-indesi-genele-0-buc\\\/#primaryimage\"},\"thumbnailUrl\":\"https:\\\/\\\/storage.googleapis.com\\\/cz-shopatoa-img\\\/ro\\\/cbb77637-unnamed-file.webp\",\"datePublished\":\"2025-06-29T07:34:16+00:00\",\"dateModified\":\"2025-12-09T03:46:19+00:00\",\"breadcrumb\":{\"@id\":\"https:\\\/\\\/shopatoa.com\\\/ro\\\/facevolution-hairplus-travel-edition-seturi-pentru-voiaj-pentru-a-extinde-si-a-indesi-genele-0-buc\\\/#breadcrumb\"},\"inLanguage\":\"ro-RO\",\"potentialAction\":[{\"@type\":\"ReadAction\",\"target\":[\"https:\\\/\\\/shopatoa.com\\\/ro\\\/facevolution-hairplus-travel-edition-seturi-pentru-voiaj-pentru-a-extinde-si-a-indesi-genele-0-buc\\\/\"]}]},{\"@type\":\"ImageObject\",\"inLanguage\":\"ro-RO\",\"@id\":\"https:\\\/\\\/shopatoa.com\\\/ro\\\/facevolution-hairplus-travel-edition-seturi-pentru-voiaj-pentru-a-extinde-si-a-indesi-genele-0-buc\\\/#primaryimage\",\"url\":\"https:\\\/\\\/storage.googleapis.com\\\/cz-shopatoa-img\\\/ro\\\/cbb77637-unnamed-file.webp\",\"contentUrl\":\"https:\\\/\\\/storage.googleapis.com\\\/cz-shopatoa-img\\\/ro\\\/cbb77637-unnamed-file.webp\",\"width\":800,\"height\":800},{\"@type\":\"BreadcrumbList\",\"@id\":\"https:\\\/\\\/shopatoa.com\\\/ro\\\/facevolution-hairplus-travel-edition-seturi-pentru-voiaj-pentru-a-extinde-si-a-indesi-genele-0-buc\\\/#breadcrumb\",\"itemListElement\":[{\"@type\":\"ListItem\",\"position\":1,\"name\":\"Dom\u016f\",\"item\":\"https:\\\/\\\/shopatoa.com\\\/ro\\\/\"},{\"@type\":\"ListItem\",\"position\":2,\"name\":\"Shop\",\"item\":\"https:\\\/\\\/shopatoa.com\\\/ro\\\/shop\\\/\"},{\"@type\":\"ListItem\",\"position\":3,\"name\":\"S\u0103n\u0103tate \u0219i frumuse\u021be\",\"item\":\"https:\\\/\\\/shopatoa.com\\\/ro\\\/sanatate-si-frumusete\\\/\"},{\"@type\":\"ListItem\",\"position\":4,\"name\":\"\u00cengrijire personal\u0103\",\"item\":\"https:\\\/\\\/shopatoa.com\\\/ro\\\/ingrijire-personala\\\/\"},{\"@type\":\"ListItem\",\"position\":5,\"name\":\"Cosmetice\",\"item\":\"https:\\\/\\\/shopatoa.com\\\/ro\\\/cosmetice-ingrijire-personala\\\/\"},{\"@type\":\"ListItem\",\"position\":6,\"name\":\"Machiaj\",\"item\":\"https:\\\/\\\/shopatoa.com\\\/ro\\\/machiaj\\\/\"},{\"@type\":\"ListItem\",\"position\":7,\"name\":\"Machiaj pentru ochi\",\"item\":\"https:\\\/\\\/shopatoa.com\\\/ro\\\/machiaj-pentru-ochi-machiaj\\\/\"},{\"@type\":\"ListItem\",\"position\":8,\"name\":\"Rimel\",\"item\":\"https:\\\/\\\/shopatoa.com\\\/ro\\\/rimel\\\/\"},{\"@type\":\"ListItem\",\"position\":9,\"name\":\"FacEvolution Hairplus Travel Edition Seturi pentru voiaj pentru a extinde si a indesi genele 0 buc\"}]},{\"@type\":\"WebSite\",\"@id\":\"https:\\\/\\\/shopatoa.com\\\/ro\\\/#website\",\"url\":\"https:\\\/\\\/shopatoa.com\\\/ro\\\/\",\"name\":\"SHOPATOA\",\"description\":\"\",\"publisher\":{\"@id\":\"https:\\\/\\\/shopatoa.com\\\/ro\\\/#organization\"},\"potentialAction\":[{\"@type\":\"SearchAction\",\"target\":{\"@type\":\"EntryPoint\",\"urlTemplate\":\"https:\\\/\\\/shopatoa.com\\\/ro\\\/?s={search_term_string}\"},\"query-input\":{\"@type\":\"PropertyValueSpecification\",\"valueRequired\":true,\"valueName\":\"search_term_string\"}}],\"inLanguage\":\"ro-RO\"},{\"@type\":\"Organization\",\"@id\":\"https:\\\/\\\/shopatoa.com\\\/ro\\\/#organization\",\"name\":\"SHOPATOA\",\"url\":\"https:\\\/\\\/shopatoa.com\\\/ro\\\/\",\"logo\":{\"@type\":\"ImageObject\",\"inLanguage\":\"ro-RO\",\"@id\":\"https:\\\/\\\/shopatoa.com\\\/ro\\\/#\\\/schema\\\/logo\\\/image\\\/\",\"url\":\"https:\\\/\\\/storage.googleapis.com\\\/cz-shopatoa-img\\\/ro\\\/b4dac915-shopatoa_logo.png\",\"contentUrl\":\"https:\\\/\\\/storage.googleapis.com\\\/cz-shopatoa-img\\\/ro\\\/b4dac915-shopatoa_logo.png\",\"width\":416,\"height\":63,\"caption\":\"SHOPATOA\"},\"image\":{\"@id\":\"https:\\\/\\\/shopatoa.com\\\/ro\\\/#\\\/schema\\\/logo\\\/image\\\/\"}}]}<\/script>\n<!-- \/ Yoast SEO plugin. -->","yoast_head_json":{"title":"FacEvolution Hairplus Travel Edition Seturi pentru voiaj pentru a extinde si a indesi genele 0 buc - SHOPATOA.COM","robots":{"index":"index","follow":"follow","max-snippet":"max-snippet:-1","max-image-preview":"max-image-preview:large","max-video-preview":"max-video-preview:-1"},"canonical":"https:\/\/shopatoa.com\/ro\/facevolution-hairplus-travel-edition-seturi-pentru-voiaj-pentru-a-extinde-si-a-indesi-genele-0-buc\/","og_locale":"ro_RO","og_type":"article","og_title":"FacEvolution Hairplus Travel Edition Seturi pentru voiaj pentru a extinde si a indesi genele 0 buc - SHOPATOA.COM","og_description":"FacEvolution Hairplus Travel Edition, buc, \u00cengrijirea \u0219i aranjarea genelor pentru femei, Totul pentru un machiaj perfect \u00eentr-un singur ambalaj. Setul de cosmetice FacEvolution Hairplus Travel Edition con\u021bine nu unul, ci mai multe articole de beauty, pentru a v\u0103 ajuta s\u0103 crea\u021bi sau s\u0103 \u00eembog\u0103\u021bi\u021bi rutina obi\u0219nuit\u0103 de machiaj. Pachetul plin de produse cosmetice decorative v\u0103...","og_url":"https:\/\/shopatoa.com\/ro\/facevolution-hairplus-travel-edition-seturi-pentru-voiaj-pentru-a-extinde-si-a-indesi-genele-0-buc\/","og_site_name":"SHOPATOA","article_modified_time":"2025-12-09T03:46:19+00:00","og_image":[{"width":800,"height":800,"url":"https:\/\/storage.googleapis.com\/cz-shopatoa-img\/ro\/cbb77637-unnamed-file.webp","type":"image\/webp"}],"twitter_card":"summary_large_image","twitter_misc":{"Timp estimat pentru citire":"1 minut"},"schema":{"@context":"https:\/\/schema.org","@graph":[{"@type":"WebPage","@id":"https:\/\/shopatoa.com\/ro\/facevolution-hairplus-travel-edition-seturi-pentru-voiaj-pentru-a-extinde-si-a-indesi-genele-0-buc\/","url":"https:\/\/shopatoa.com\/ro\/facevolution-hairplus-travel-edition-seturi-pentru-voiaj-pentru-a-extinde-si-a-indesi-genele-0-buc\/","name":"FacEvolution Hairplus Travel Edition Seturi pentru voiaj pentru a extinde si a indesi genele 0 buc - SHOPATOA.COM","isPartOf":{"@id":"https:\/\/shopatoa.com\/ro\/#website"},"primaryImageOfPage":{"@id":"https:\/\/shopatoa.com\/ro\/facevolution-hairplus-travel-edition-seturi-pentru-voiaj-pentru-a-extinde-si-a-indesi-genele-0-buc\/#primaryimage"},"image":{"@id":"https:\/\/shopatoa.com\/ro\/facevolution-hairplus-travel-edition-seturi-pentru-voiaj-pentru-a-extinde-si-a-indesi-genele-0-buc\/#primaryimage"},"thumbnailUrl":"https:\/\/storage.googleapis.com\/cz-shopatoa-img\/ro\/cbb77637-unnamed-file.webp","datePublished":"2025-06-29T07:34:16+00:00","dateModified":"2025-12-09T03:46:19+00:00","breadcrumb":{"@id":"https:\/\/shopatoa.com\/ro\/facevolution-hairplus-travel-edition-seturi-pentru-voiaj-pentru-a-extinde-si-a-indesi-genele-0-buc\/#breadcrumb"},"inLanguage":"ro-RO","potentialAction":[{"@type":"ReadAction","target":["https:\/\/shopatoa.com\/ro\/facevolution-hairplus-travel-edition-seturi-pentru-voiaj-pentru-a-extinde-si-a-indesi-genele-0-buc\/"]}]},{"@type":"ImageObject","inLanguage":"ro-RO","@id":"https:\/\/shopatoa.com\/ro\/facevolution-hairplus-travel-edition-seturi-pentru-voiaj-pentru-a-extinde-si-a-indesi-genele-0-buc\/#primaryimage","url":"https:\/\/storage.googleapis.com\/cz-shopatoa-img\/ro\/cbb77637-unnamed-file.webp","contentUrl":"https:\/\/storage.googleapis.com\/cz-shopatoa-img\/ro\/cbb77637-unnamed-file.webp","width":800,"height":800},{"@type":"BreadcrumbList","@id":"https:\/\/shopatoa.com\/ro\/facevolution-hairplus-travel-edition-seturi-pentru-voiaj-pentru-a-extinde-si-a-indesi-genele-0-buc\/#breadcrumb","itemListElement":[{"@type":"ListItem","position":1,"name":"Dom\u016f","item":"https:\/\/shopatoa.com\/ro\/"},{"@type":"ListItem","position":2,"name":"Shop","item":"https:\/\/shopatoa.com\/ro\/shop\/"},{"@type":"ListItem","position":3,"name":"S\u0103n\u0103tate \u0219i frumuse\u021be","item":"https:\/\/shopatoa.com\/ro\/sanatate-si-frumusete\/"},{"@type":"ListItem","position":4,"name":"\u00cengrijire personal\u0103","item":"https:\/\/shopatoa.com\/ro\/ingrijire-personala\/"},{"@type":"ListItem","position":5,"name":"Cosmetice","item":"https:\/\/shopatoa.com\/ro\/cosmetice-ingrijire-personala\/"},{"@type":"ListItem","position":6,"name":"Machiaj","item":"https:\/\/shopatoa.com\/ro\/machiaj\/"},{"@type":"ListItem","position":7,"name":"Machiaj pentru ochi","item":"https:\/\/shopatoa.com\/ro\/machiaj-pentru-ochi-machiaj\/"},{"@type":"ListItem","position":8,"name":"Rimel","item":"https:\/\/shopatoa.com\/ro\/rimel\/"},{"@type":"ListItem","position":9,"name":"FacEvolution Hairplus Travel Edition Seturi pentru voiaj pentru a extinde si a indesi genele 0 buc"}]},{"@type":"WebSite","@id":"https:\/\/shopatoa.com\/ro\/#website","url":"https:\/\/shopatoa.com\/ro\/","name":"SHOPATOA","description":"","publisher":{"@id":"https:\/\/shopatoa.com\/ro\/#organization"},"potentialAction":[{"@type":"SearchAction","target":{"@type":"EntryPoint","urlTemplate":"https:\/\/shopatoa.com\/ro\/?s={search_term_string}"},"query-input":{"@type":"PropertyValueSpecification","valueRequired":true,"valueName":"search_term_string"}}],"inLanguage":"ro-RO"},{"@type":"Organization","@id":"https:\/\/shopatoa.com\/ro\/#organization","name":"SHOPATOA","url":"https:\/\/shopatoa.com\/ro\/","logo":{"@type":"ImageObject","inLanguage":"ro-RO","@id":"https:\/\/shopatoa.com\/ro\/#\/schema\/logo\/image\/","url":"https:\/\/storage.googleapis.com\/cz-shopatoa-img\/ro\/b4dac915-shopatoa_logo.png","contentUrl":"https:\/\/storage.googleapis.com\/cz-shopatoa-img\/ro\/b4dac915-shopatoa_logo.png","width":416,"height":63,"caption":"SHOPATOA"},"image":{"@id":"https:\/\/shopatoa.com\/ro\/#\/schema\/logo\/image\/"}}]}},"_links":{"self":[{"href":"https:\/\/shopatoa.com\/ro\/wp-json\/wp\/v2\/product\/478355","targetHints":{"allow":["GET"]}}],"collection":[{"href":"https:\/\/shopatoa.com\/ro\/wp-json\/wp\/v2\/product"}],"about":[{"href":"https:\/\/shopatoa.com\/ro\/wp-json\/wp\/v2\/types\/product"}],"replies":[{"embeddable":true,"href":"https:\/\/shopatoa.com\/ro\/wp-json\/wp\/v2\/comments?post=478355"}],"wp:featuredmedia":[{"embeddable":true,"href":"https:\/\/shopatoa.com\/ro\/wp-json\/wp\/v2\/media\/478356"}],"wp:attachment":[{"href":"https:\/\/shopatoa.com\/ro\/wp-json\/wp\/v2\/media?parent=478355"}],"wp:term":[{"taxonomy":"product_brand","embeddable":true,"href":"https:\/\/shopatoa.com\/ro\/wp-json\/wp\/v2\/product_brand?post=478355"},{"taxonomy":"product_cat","embeddable":true,"href":"https:\/\/shopatoa.com\/ro\/wp-json\/wp\/v2\/product_cat?post=478355"},{"taxonomy":"product_tag","embeddable":true,"href":"https:\/\/shopatoa.com\/ro\/wp-json\/wp\/v2\/product_tag?post=478355"}],"curies":[{"name":"wp","href":"https:\/\/api.w.org\/{rel}","templated":true}]}}