{"id":478389,"date":"2025-06-29T09:37:12","date_gmt":"2025-06-29T07:37:12","guid":{"rendered":"https:\/\/shopatoa.com\/ro\/artdeco-rubicell-applicator-aplicator-fard-de-ochi-mini-1-buc\/"},"modified":"2026-02-01T22:45:09","modified_gmt":"2026-02-01T21:45:09","slug":"artdeco-rubicell-applicator-aplicator-fard-de-ochi-mini-1-buc","status":"publish","type":"product","link":"https:\/\/shopatoa.com\/ro\/artdeco-rubicell-applicator-aplicator-fard-de-ochi-mini-1-buc\/","title":{"rendered":"ARTDECO Rubicell Applicator aplicator fard de ochi mini 1 buc"},"content":{"rendered":"<p>ARTDECO Rubicell Applicator, 1 buc, Pensule pentru farduri de ochi pentru femei, Pentru a v\u0103 putea umbri pleoapele cu \u00eencrederea unui profesionist, ve\u021bi avea nevoie nu doar de un fard de calitate, ci \u0219i de un instrument pentru a-l aplica perfect. Pensula pentru ochi ARTDECORubicell Applicator v\u0103 permite s\u0103 aplica\u021bi rapid \u0219i u\u0219or stratul optim de fard de ochi, oferind pleoapelor culoarea dorit\u0103 \u0219i cre\u00e2nd machiajul preferat. Perii s\u0103i asigur\u0103 o umbrire uniform\u0103 f\u0103r\u0103 tranzi\u021bii vizibile \u0219i o aplicare simpl\u0103, dar precis\u0103 \u0219i profesional\u0103. Cu aceast\u0103 pensul\u0103, ve\u021bi putea realiza orice machiaj al ochilor.  Caracteristici:  pentru c\u0103l\u0103torii \u0219i \u00een po\u0219et\u0103 permite aplicarea rapid\u0103 a fardului de pleoape aplic\u0103 un strat optim de fard  Ingrediente:  din fibre sintetice  Cum se utilizeaz\u0103: Pentru liniile sub\u021biri, se ghideaz\u0103 u\u0219or peria de-a lungul genelor, iar pentru linii mai groase se apas\u0103 mai mult pe pensul\u0103. V\u00e2rful pensulei serve\u0219te la finalizarea liniei la col\u021bul interior sau la cel exterior al ochiului.<\/p>\n","protected":false},"excerpt":{"rendered":"<p>ARTDECO Rubicell Applicator, 1 buc, Pensule pentru farduri de ochi pentru femei, Pentru a v\u0103 putea umbri pleoapele cu \u00eencrederea unui profesionist, ve\u021bi avea nevoie nu doar de un fard de calitate, ci \u0219i de un instrument pentru a-l aplica perfect. Pensula pentru ochi ARTDECORubicell Applicator v\u0103 permite s\u0103 aplica\u021bi rapid \u0219i u\u0219or stratul optim&#8230;<\/p>\n","protected":false},"featured_media":478390,"comment_status":"closed","ping_status":"open","template":"","meta":{"_acf_changed":false,"_kadence_starter_templates_imported_post":false,"_kad_post_transparent":"","_kad_post_title":"","_kad_post_layout":"","_kad_post_sidebar_id":"","_kad_post_content_style":"","_kad_post_vertical_padding":"","_kad_post_feature":"","_kad_post_feature_position":"","_kad_post_header":false,"_kad_post_footer":false,"_kad_post_classname":""},"product_brand":[795],"product_cat":[1564,1673,1563,1576,1599,1562],"product_tag":[],"class_list":{"0":"post-478389","1":"product","2":"type-product","3":"status-publish","4":"has-post-thumbnail","6":"product_brand-artdeco","7":"product_cat-cosmetice-ingrijire-personala","8":"product_cat-creion-de-ochi","9":"product_cat-ingrijire-personala","10":"product_cat-machiaj","11":"product_cat-machiaj-pentru-ochi-machiaj","12":"product_cat-sanatate-si-frumusete","13":"pa_gen-female","14":"pa_marime-1-buc","16":"first","17":"instock","18":"product-type-external","19":"entry","20":"content-bg","21":"loop-entry"},"acf":[],"yoast_head":"<!-- This site is optimized with the Yoast SEO plugin v27.3 - https:\/\/yoast.com\/product\/yoast-seo-wordpress\/ -->\n<title>ARTDECO Rubicell Applicator aplicator fard de ochi mini 1 buc - SHOPATOA.COM<\/title>\n<meta name=\"robots\" content=\"index, follow, max-snippet:-1, max-image-preview:large, max-video-preview:-1\" \/>\n<link rel=\"canonical\" href=\"https:\/\/shopatoa.com\/ro\/artdeco-rubicell-applicator-aplicator-fard-de-ochi-mini-1-buc\/\" \/>\n<meta property=\"og:locale\" content=\"ro_RO\" \/>\n<meta property=\"og:type\" content=\"article\" \/>\n<meta property=\"og:title\" content=\"ARTDECO Rubicell Applicator aplicator fard de ochi mini 1 buc - SHOPATOA.COM\" \/>\n<meta property=\"og:description\" content=\"ARTDECO Rubicell Applicator, 1 buc, Pensule pentru farduri de ochi pentru femei, Pentru a v\u0103 putea umbri pleoapele cu \u00eencrederea unui profesionist, ve\u021bi avea nevoie nu doar de un fard de calitate, ci \u0219i de un instrument pentru a-l aplica perfect. Pensula pentru ochi ARTDECORubicell Applicator v\u0103 permite s\u0103 aplica\u021bi rapid \u0219i u\u0219or stratul optim...\" \/>\n<meta property=\"og:url\" content=\"https:\/\/shopatoa.com\/ro\/artdeco-rubicell-applicator-aplicator-fard-de-ochi-mini-1-buc\/\" \/>\n<meta property=\"og:site_name\" content=\"SHOPATOA\" \/>\n<meta property=\"article:modified_time\" content=\"2026-02-01T21:45:09+00:00\" \/>\n<meta property=\"og:image\" content=\"https:\/\/storage.googleapis.com\/cz-shopatoa-img\/ro\/961feead-unnamed-file.webp\" \/>\n\t<meta property=\"og:image:width\" content=\"800\" \/>\n\t<meta property=\"og:image:height\" content=\"800\" \/>\n\t<meta property=\"og:image:type\" content=\"image\/webp\" \/>\n<meta name=\"twitter:card\" content=\"summary_large_image\" \/>\n<meta name=\"twitter:label1\" content=\"Timp estimat pentru citire\" \/>\n\t<meta name=\"twitter:data1\" content=\"1 minut\" \/>\n<script type=\"application\/ld+json\" class=\"yoast-schema-graph\">{\"@context\":\"https:\\\/\\\/schema.org\",\"@graph\":[{\"@type\":\"WebPage\",\"@id\":\"https:\\\/\\\/shopatoa.com\\\/ro\\\/artdeco-rubicell-applicator-aplicator-fard-de-ochi-mini-1-buc\\\/\",\"url\":\"https:\\\/\\\/shopatoa.com\\\/ro\\\/artdeco-rubicell-applicator-aplicator-fard-de-ochi-mini-1-buc\\\/\",\"name\":\"ARTDECO Rubicell Applicator aplicator fard de ochi mini 1 buc - SHOPATOA.COM\",\"isPartOf\":{\"@id\":\"https:\\\/\\\/shopatoa.com\\\/ro\\\/#website\"},\"primaryImageOfPage\":{\"@id\":\"https:\\\/\\\/shopatoa.com\\\/ro\\\/artdeco-rubicell-applicator-aplicator-fard-de-ochi-mini-1-buc\\\/#primaryimage\"},\"image\":{\"@id\":\"https:\\\/\\\/shopatoa.com\\\/ro\\\/artdeco-rubicell-applicator-aplicator-fard-de-ochi-mini-1-buc\\\/#primaryimage\"},\"thumbnailUrl\":\"https:\\\/\\\/storage.googleapis.com\\\/cz-shopatoa-img\\\/ro\\\/961feead-unnamed-file.webp\",\"datePublished\":\"2025-06-29T07:37:12+00:00\",\"dateModified\":\"2026-02-01T21:45:09+00:00\",\"breadcrumb\":{\"@id\":\"https:\\\/\\\/shopatoa.com\\\/ro\\\/artdeco-rubicell-applicator-aplicator-fard-de-ochi-mini-1-buc\\\/#breadcrumb\"},\"inLanguage\":\"ro-RO\",\"potentialAction\":[{\"@type\":\"ReadAction\",\"target\":[\"https:\\\/\\\/shopatoa.com\\\/ro\\\/artdeco-rubicell-applicator-aplicator-fard-de-ochi-mini-1-buc\\\/\"]}]},{\"@type\":\"ImageObject\",\"inLanguage\":\"ro-RO\",\"@id\":\"https:\\\/\\\/shopatoa.com\\\/ro\\\/artdeco-rubicell-applicator-aplicator-fard-de-ochi-mini-1-buc\\\/#primaryimage\",\"url\":\"https:\\\/\\\/storage.googleapis.com\\\/cz-shopatoa-img\\\/ro\\\/961feead-unnamed-file.webp\",\"contentUrl\":\"https:\\\/\\\/storage.googleapis.com\\\/cz-shopatoa-img\\\/ro\\\/961feead-unnamed-file.webp\",\"width\":800,\"height\":800},{\"@type\":\"BreadcrumbList\",\"@id\":\"https:\\\/\\\/shopatoa.com\\\/ro\\\/artdeco-rubicell-applicator-aplicator-fard-de-ochi-mini-1-buc\\\/#breadcrumb\",\"itemListElement\":[{\"@type\":\"ListItem\",\"position\":1,\"name\":\"Dom\u016f\",\"item\":\"https:\\\/\\\/shopatoa.com\\\/ro\\\/\"},{\"@type\":\"ListItem\",\"position\":2,\"name\":\"Shop\",\"item\":\"https:\\\/\\\/shopatoa.com\\\/ro\\\/shop\\\/\"},{\"@type\":\"ListItem\",\"position\":3,\"name\":\"S\u0103n\u0103tate \u0219i frumuse\u021be\",\"item\":\"https:\\\/\\\/shopatoa.com\\\/ro\\\/sanatate-si-frumusete\\\/\"},{\"@type\":\"ListItem\",\"position\":4,\"name\":\"\u00cengrijire personal\u0103\",\"item\":\"https:\\\/\\\/shopatoa.com\\\/ro\\\/ingrijire-personala\\\/\"},{\"@type\":\"ListItem\",\"position\":5,\"name\":\"Cosmetice\",\"item\":\"https:\\\/\\\/shopatoa.com\\\/ro\\\/cosmetice-ingrijire-personala\\\/\"},{\"@type\":\"ListItem\",\"position\":6,\"name\":\"Machiaj\",\"item\":\"https:\\\/\\\/shopatoa.com\\\/ro\\\/machiaj\\\/\"},{\"@type\":\"ListItem\",\"position\":7,\"name\":\"Machiaj pentru ochi\",\"item\":\"https:\\\/\\\/shopatoa.com\\\/ro\\\/machiaj-pentru-ochi-machiaj\\\/\"},{\"@type\":\"ListItem\",\"position\":8,\"name\":\"Creion de ochi\",\"item\":\"https:\\\/\\\/shopatoa.com\\\/ro\\\/creion-de-ochi\\\/\"},{\"@type\":\"ListItem\",\"position\":9,\"name\":\"ARTDECO Rubicell Applicator aplicator fard de ochi mini 1 buc\"}]},{\"@type\":\"WebSite\",\"@id\":\"https:\\\/\\\/shopatoa.com\\\/ro\\\/#website\",\"url\":\"https:\\\/\\\/shopatoa.com\\\/ro\\\/\",\"name\":\"SHOPATOA\",\"description\":\"\",\"publisher\":{\"@id\":\"https:\\\/\\\/shopatoa.com\\\/ro\\\/#organization\"},\"potentialAction\":[{\"@type\":\"SearchAction\",\"target\":{\"@type\":\"EntryPoint\",\"urlTemplate\":\"https:\\\/\\\/shopatoa.com\\\/ro\\\/?s={search_term_string}\"},\"query-input\":{\"@type\":\"PropertyValueSpecification\",\"valueRequired\":true,\"valueName\":\"search_term_string\"}}],\"inLanguage\":\"ro-RO\"},{\"@type\":\"Organization\",\"@id\":\"https:\\\/\\\/shopatoa.com\\\/ro\\\/#organization\",\"name\":\"SHOPATOA\",\"url\":\"https:\\\/\\\/shopatoa.com\\\/ro\\\/\",\"logo\":{\"@type\":\"ImageObject\",\"inLanguage\":\"ro-RO\",\"@id\":\"https:\\\/\\\/shopatoa.com\\\/ro\\\/#\\\/schema\\\/logo\\\/image\\\/\",\"url\":\"https:\\\/\\\/storage.googleapis.com\\\/cz-shopatoa-img\\\/ro\\\/b4dac915-shopatoa_logo.png\",\"contentUrl\":\"https:\\\/\\\/storage.googleapis.com\\\/cz-shopatoa-img\\\/ro\\\/b4dac915-shopatoa_logo.png\",\"width\":416,\"height\":63,\"caption\":\"SHOPATOA\"},\"image\":{\"@id\":\"https:\\\/\\\/shopatoa.com\\\/ro\\\/#\\\/schema\\\/logo\\\/image\\\/\"}}]}<\/script>\n<!-- \/ Yoast SEO plugin. -->","yoast_head_json":{"title":"ARTDECO Rubicell Applicator aplicator fard de ochi mini 1 buc - SHOPATOA.COM","robots":{"index":"index","follow":"follow","max-snippet":"max-snippet:-1","max-image-preview":"max-image-preview:large","max-video-preview":"max-video-preview:-1"},"canonical":"https:\/\/shopatoa.com\/ro\/artdeco-rubicell-applicator-aplicator-fard-de-ochi-mini-1-buc\/","og_locale":"ro_RO","og_type":"article","og_title":"ARTDECO Rubicell Applicator aplicator fard de ochi mini 1 buc - SHOPATOA.COM","og_description":"ARTDECO Rubicell Applicator, 1 buc, Pensule pentru farduri de ochi pentru femei, Pentru a v\u0103 putea umbri pleoapele cu \u00eencrederea unui profesionist, ve\u021bi avea nevoie nu doar de un fard de calitate, ci \u0219i de un instrument pentru a-l aplica perfect. Pensula pentru ochi ARTDECORubicell Applicator v\u0103 permite s\u0103 aplica\u021bi rapid \u0219i u\u0219or stratul optim...","og_url":"https:\/\/shopatoa.com\/ro\/artdeco-rubicell-applicator-aplicator-fard-de-ochi-mini-1-buc\/","og_site_name":"SHOPATOA","article_modified_time":"2026-02-01T21:45:09+00:00","og_image":[{"width":800,"height":800,"url":"https:\/\/storage.googleapis.com\/cz-shopatoa-img\/ro\/961feead-unnamed-file.webp","type":"image\/webp"}],"twitter_card":"summary_large_image","twitter_misc":{"Timp estimat pentru citire":"1 minut"},"schema":{"@context":"https:\/\/schema.org","@graph":[{"@type":"WebPage","@id":"https:\/\/shopatoa.com\/ro\/artdeco-rubicell-applicator-aplicator-fard-de-ochi-mini-1-buc\/","url":"https:\/\/shopatoa.com\/ro\/artdeco-rubicell-applicator-aplicator-fard-de-ochi-mini-1-buc\/","name":"ARTDECO Rubicell Applicator aplicator fard de ochi mini 1 buc - SHOPATOA.COM","isPartOf":{"@id":"https:\/\/shopatoa.com\/ro\/#website"},"primaryImageOfPage":{"@id":"https:\/\/shopatoa.com\/ro\/artdeco-rubicell-applicator-aplicator-fard-de-ochi-mini-1-buc\/#primaryimage"},"image":{"@id":"https:\/\/shopatoa.com\/ro\/artdeco-rubicell-applicator-aplicator-fard-de-ochi-mini-1-buc\/#primaryimage"},"thumbnailUrl":"https:\/\/storage.googleapis.com\/cz-shopatoa-img\/ro\/961feead-unnamed-file.webp","datePublished":"2025-06-29T07:37:12+00:00","dateModified":"2026-02-01T21:45:09+00:00","breadcrumb":{"@id":"https:\/\/shopatoa.com\/ro\/artdeco-rubicell-applicator-aplicator-fard-de-ochi-mini-1-buc\/#breadcrumb"},"inLanguage":"ro-RO","potentialAction":[{"@type":"ReadAction","target":["https:\/\/shopatoa.com\/ro\/artdeco-rubicell-applicator-aplicator-fard-de-ochi-mini-1-buc\/"]}]},{"@type":"ImageObject","inLanguage":"ro-RO","@id":"https:\/\/shopatoa.com\/ro\/artdeco-rubicell-applicator-aplicator-fard-de-ochi-mini-1-buc\/#primaryimage","url":"https:\/\/storage.googleapis.com\/cz-shopatoa-img\/ro\/961feead-unnamed-file.webp","contentUrl":"https:\/\/storage.googleapis.com\/cz-shopatoa-img\/ro\/961feead-unnamed-file.webp","width":800,"height":800},{"@type":"BreadcrumbList","@id":"https:\/\/shopatoa.com\/ro\/artdeco-rubicell-applicator-aplicator-fard-de-ochi-mini-1-buc\/#breadcrumb","itemListElement":[{"@type":"ListItem","position":1,"name":"Dom\u016f","item":"https:\/\/shopatoa.com\/ro\/"},{"@type":"ListItem","position":2,"name":"Shop","item":"https:\/\/shopatoa.com\/ro\/shop\/"},{"@type":"ListItem","position":3,"name":"S\u0103n\u0103tate \u0219i frumuse\u021be","item":"https:\/\/shopatoa.com\/ro\/sanatate-si-frumusete\/"},{"@type":"ListItem","position":4,"name":"\u00cengrijire personal\u0103","item":"https:\/\/shopatoa.com\/ro\/ingrijire-personala\/"},{"@type":"ListItem","position":5,"name":"Cosmetice","item":"https:\/\/shopatoa.com\/ro\/cosmetice-ingrijire-personala\/"},{"@type":"ListItem","position":6,"name":"Machiaj","item":"https:\/\/shopatoa.com\/ro\/machiaj\/"},{"@type":"ListItem","position":7,"name":"Machiaj pentru ochi","item":"https:\/\/shopatoa.com\/ro\/machiaj-pentru-ochi-machiaj\/"},{"@type":"ListItem","position":8,"name":"Creion de ochi","item":"https:\/\/shopatoa.com\/ro\/creion-de-ochi\/"},{"@type":"ListItem","position":9,"name":"ARTDECO Rubicell Applicator aplicator fard de ochi mini 1 buc"}]},{"@type":"WebSite","@id":"https:\/\/shopatoa.com\/ro\/#website","url":"https:\/\/shopatoa.com\/ro\/","name":"SHOPATOA","description":"","publisher":{"@id":"https:\/\/shopatoa.com\/ro\/#organization"},"potentialAction":[{"@type":"SearchAction","target":{"@type":"EntryPoint","urlTemplate":"https:\/\/shopatoa.com\/ro\/?s={search_term_string}"},"query-input":{"@type":"PropertyValueSpecification","valueRequired":true,"valueName":"search_term_string"}}],"inLanguage":"ro-RO"},{"@type":"Organization","@id":"https:\/\/shopatoa.com\/ro\/#organization","name":"SHOPATOA","url":"https:\/\/shopatoa.com\/ro\/","logo":{"@type":"ImageObject","inLanguage":"ro-RO","@id":"https:\/\/shopatoa.com\/ro\/#\/schema\/logo\/image\/","url":"https:\/\/storage.googleapis.com\/cz-shopatoa-img\/ro\/b4dac915-shopatoa_logo.png","contentUrl":"https:\/\/storage.googleapis.com\/cz-shopatoa-img\/ro\/b4dac915-shopatoa_logo.png","width":416,"height":63,"caption":"SHOPATOA"},"image":{"@id":"https:\/\/shopatoa.com\/ro\/#\/schema\/logo\/image\/"}}]}},"_links":{"self":[{"href":"https:\/\/shopatoa.com\/ro\/wp-json\/wp\/v2\/product\/478389","targetHints":{"allow":["GET"]}}],"collection":[{"href":"https:\/\/shopatoa.com\/ro\/wp-json\/wp\/v2\/product"}],"about":[{"href":"https:\/\/shopatoa.com\/ro\/wp-json\/wp\/v2\/types\/product"}],"replies":[{"embeddable":true,"href":"https:\/\/shopatoa.com\/ro\/wp-json\/wp\/v2\/comments?post=478389"}],"wp:featuredmedia":[{"embeddable":true,"href":"https:\/\/shopatoa.com\/ro\/wp-json\/wp\/v2\/media\/478390"}],"wp:attachment":[{"href":"https:\/\/shopatoa.com\/ro\/wp-json\/wp\/v2\/media?parent=478389"}],"wp:term":[{"taxonomy":"product_brand","embeddable":true,"href":"https:\/\/shopatoa.com\/ro\/wp-json\/wp\/v2\/product_brand?post=478389"},{"taxonomy":"product_cat","embeddable":true,"href":"https:\/\/shopatoa.com\/ro\/wp-json\/wp\/v2\/product_cat?post=478389"},{"taxonomy":"product_tag","embeddable":true,"href":"https:\/\/shopatoa.com\/ro\/wp-json\/wp\/v2\/product_tag?post=478389"}],"curies":[{"name":"wp","href":"https:\/\/api.w.org\/{rel}","templated":true}]}}