{"id":478467,"date":"2025-06-29T09:43:47","date_gmt":"2025-06-29T07:43:47","guid":{"rendered":"https:\/\/shopatoa.com\/ro\/american-crew-3-in-1-chamimile-pine-sampon-balsam-si-gel-de-dus-3-in-1-pentru-barbati-1000-ml\/"},"modified":"2025-12-09T04:14:55","modified_gmt":"2025-12-09T03:14:55","slug":"american-crew-3-in-1-chamimile-pine-sampon-balsam-si-gel-de-dus-3-in-1-pentru-barbati-1000-ml","status":"publish","type":"product","link":"https:\/\/shopatoa.com\/ro\/american-crew-3-in-1-chamimile-pine-sampon-balsam-si-gel-de-dus-3-in-1-pentru-barbati-1000-ml\/","title":{"rendered":"American Crew 3 in 1 Chamimile + Pine \u0219ampon, balsam \u0219i gel de du\u0219 3 \u00een 1 pentru barbati 1000 ml"},"content":{"rendered":"<p>American Crew 3 in 1 Chamimile + Pine, 1000 ml, Gel de du\u0219 \u0219i \u0219ampon 2 \u00een 1 pentru b\u0103rba\u021bi, Orice b\u0103rbat practic, care nu \u00ee\u0219i dore\u0219te o mul\u021bime de cosmetice \u00een baie sau \u00een trusa de c\u0103l\u0103torie, va aprecia gelul de du\u0219 2 \u00een 1 American Crew 3 in 1 Chamimile + Pine. \u00centruc\u00e2t ac\u021bioneaz\u0103 \u0219i ca un \u0219ampon, \u00eendep\u0103rteaz\u0103 toate impurit\u0103\u021bile nu doar de pe corp, ci \u0219i din p\u0103r. Spuma sa bogat\u0103 spal\u0103 pielea f\u0103r\u0103 s\u0103 o usuce \u0219i, \u00een plus, o \u00eenv\u0103luie \u00eentr-un parfum r\u0103coritor, care persist\u0103 mult timp dup\u0103 du\u0219. Datorit\u0103 versatilit\u0103\u021bii sale, acest gel de du\u0219 pentru corp \u0219i p\u0103r va deveni o parte esen\u021bial\u0103 a igienei dvs. zilnice.  Caracteristici:  spal\u0103 p\u0103rul \u0219i cur\u0103\u021b\u0103 pielea capului hidrateaz\u0103 intens regenereaz\u0103 \u0219i hr\u0103ne\u0219te p\u0103rul las\u0103 pielea catifelat\u0103, moale \u0219i neted\u0103 spal\u0103 delicat pielea de pe \u00eentregul corp protejeaz\u0103 p\u0103rul fa\u021b\u0103 de influen\u021bele negative ale mediului \u00eenconjur\u0103tor \u00eengrijirea complet\u0103 a p\u0103rului, \u00eentr-un singur pas pentru o piele pl\u0103cut\u0103 \u0219i proasp\u0103t\u0103  Cum se utilizeaz\u0103: Aplica\u021bi o cantitate suficient\u0103 pe pielea umed\u0103 a corpului \u0219i a scalpului \u0219i pe p\u0103r.<\/p>\n","protected":false},"excerpt":{"rendered":"<p>American Crew 3 in 1 Chamimile + Pine, 1000 ml, Gel de du\u0219 \u0219i \u0219ampon 2 \u00een 1 pentru b\u0103rba\u021bi, Orice b\u0103rbat practic, care nu \u00ee\u0219i dore\u0219te o mul\u021bime de cosmetice \u00een baie sau \u00een trusa de c\u0103l\u0103torie, va aprecia gelul de du\u0219 2 \u00een 1 American Crew 3 in 1 Chamimile + Pine. \u00centruc\u00e2t&#8230;<\/p>\n","protected":false},"featured_media":478468,"comment_status":"closed","ping_status":"open","template":"","meta":{"_acf_changed":false,"_kadence_starter_templates_imported_post":false,"_kad_post_transparent":"","_kad_post_title":"","_kad_post_layout":"","_kad_post_sidebar_id":"","_kad_post_content_style":"","_kad_post_vertical_padding":"","_kad_post_feature":"","_kad_post_feature_position":"","_kad_post_header":false,"_kad_post_footer":false,"_kad_post_classname":""},"product_brand":[165],"product_cat":[1563,1590,1591,1562],"product_tag":[],"class_list":{"0":"post-478467","1":"product","2":"type-product","3":"status-publish","4":"has-post-thumbnail","6":"product_brand-american-crew","7":"product_cat-ingrijire-personala","8":"product_cat-ingrijirea-parului","9":"product_cat-sampon-balsam","10":"product_cat-sanatate-si-frumusete","11":"pa_gen-male","12":"pa_marime-1000-ml","14":"first","15":"instock","16":"sale","17":"product-type-external","18":"entry","19":"content-bg","20":"loop-entry"},"acf":[],"yoast_head":"<!-- This site is optimized with the Yoast SEO plugin v27.3 - https:\/\/yoast.com\/product\/yoast-seo-wordpress\/ -->\n<title>American Crew 3 in 1 Chamimile + Pine \u0219ampon, balsam \u0219i gel de du\u0219 3 \u00een 1 pentru barbati 1000 ml - SHOPATOA.COM<\/title>\n<meta name=\"robots\" content=\"index, follow, max-snippet:-1, max-image-preview:large, max-video-preview:-1\" \/>\n<link rel=\"canonical\" href=\"https:\/\/shopatoa.com\/ro\/american-crew-3-in-1-chamimile-pine-sampon-balsam-si-gel-de-dus-3-in-1-pentru-barbati-1000-ml\/\" \/>\n<meta property=\"og:locale\" content=\"ro_RO\" \/>\n<meta property=\"og:type\" content=\"article\" \/>\n<meta property=\"og:title\" content=\"American Crew 3 in 1 Chamimile + Pine \u0219ampon, balsam \u0219i gel de du\u0219 3 \u00een 1 pentru barbati 1000 ml - SHOPATOA.COM\" \/>\n<meta property=\"og:description\" content=\"American Crew 3 in 1 Chamimile + Pine, 1000 ml, Gel de du\u0219 \u0219i \u0219ampon 2 \u00een 1 pentru b\u0103rba\u021bi, Orice b\u0103rbat practic, care nu \u00ee\u0219i dore\u0219te o mul\u021bime de cosmetice \u00een baie sau \u00een trusa de c\u0103l\u0103torie, va aprecia gelul de du\u0219 2 \u00een 1 American Crew 3 in 1 Chamimile + Pine. \u00centruc\u00e2t...\" \/>\n<meta property=\"og:url\" content=\"https:\/\/shopatoa.com\/ro\/american-crew-3-in-1-chamimile-pine-sampon-balsam-si-gel-de-dus-3-in-1-pentru-barbati-1000-ml\/\" \/>\n<meta property=\"og:site_name\" content=\"SHOPATOA\" \/>\n<meta property=\"article:modified_time\" content=\"2025-12-09T03:14:55+00:00\" \/>\n<meta property=\"og:image\" content=\"https:\/\/storage.googleapis.com\/cz-shopatoa-img\/ro\/c278147b-unnamed-file.webp\" \/>\n\t<meta property=\"og:image:width\" content=\"800\" \/>\n\t<meta property=\"og:image:height\" content=\"800\" \/>\n\t<meta property=\"og:image:type\" content=\"image\/webp\" \/>\n<meta name=\"twitter:card\" content=\"summary_large_image\" \/>\n<meta name=\"twitter:label1\" content=\"Timp estimat pentru citire\" \/>\n\t<meta name=\"twitter:data1\" content=\"1 minut\" \/>\n<script type=\"application\/ld+json\" class=\"yoast-schema-graph\">{\"@context\":\"https:\\\/\\\/schema.org\",\"@graph\":[{\"@type\":\"WebPage\",\"@id\":\"https:\\\/\\\/shopatoa.com\\\/ro\\\/american-crew-3-in-1-chamimile-pine-sampon-balsam-si-gel-de-dus-3-in-1-pentru-barbati-1000-ml\\\/\",\"url\":\"https:\\\/\\\/shopatoa.com\\\/ro\\\/american-crew-3-in-1-chamimile-pine-sampon-balsam-si-gel-de-dus-3-in-1-pentru-barbati-1000-ml\\\/\",\"name\":\"American Crew 3 in 1 Chamimile + Pine \u0219ampon, balsam \u0219i gel de du\u0219 3 \u00een 1 pentru barbati 1000 ml - SHOPATOA.COM\",\"isPartOf\":{\"@id\":\"https:\\\/\\\/shopatoa.com\\\/ro\\\/#website\"},\"primaryImageOfPage\":{\"@id\":\"https:\\\/\\\/shopatoa.com\\\/ro\\\/american-crew-3-in-1-chamimile-pine-sampon-balsam-si-gel-de-dus-3-in-1-pentru-barbati-1000-ml\\\/#primaryimage\"},\"image\":{\"@id\":\"https:\\\/\\\/shopatoa.com\\\/ro\\\/american-crew-3-in-1-chamimile-pine-sampon-balsam-si-gel-de-dus-3-in-1-pentru-barbati-1000-ml\\\/#primaryimage\"},\"thumbnailUrl\":\"https:\\\/\\\/storage.googleapis.com\\\/cz-shopatoa-img\\\/ro\\\/c278147b-unnamed-file.webp\",\"datePublished\":\"2025-06-29T07:43:47+00:00\",\"dateModified\":\"2025-12-09T03:14:55+00:00\",\"breadcrumb\":{\"@id\":\"https:\\\/\\\/shopatoa.com\\\/ro\\\/american-crew-3-in-1-chamimile-pine-sampon-balsam-si-gel-de-dus-3-in-1-pentru-barbati-1000-ml\\\/#breadcrumb\"},\"inLanguage\":\"ro-RO\",\"potentialAction\":[{\"@type\":\"ReadAction\",\"target\":[\"https:\\\/\\\/shopatoa.com\\\/ro\\\/american-crew-3-in-1-chamimile-pine-sampon-balsam-si-gel-de-dus-3-in-1-pentru-barbati-1000-ml\\\/\"]}]},{\"@type\":\"ImageObject\",\"inLanguage\":\"ro-RO\",\"@id\":\"https:\\\/\\\/shopatoa.com\\\/ro\\\/american-crew-3-in-1-chamimile-pine-sampon-balsam-si-gel-de-dus-3-in-1-pentru-barbati-1000-ml\\\/#primaryimage\",\"url\":\"https:\\\/\\\/storage.googleapis.com\\\/cz-shopatoa-img\\\/ro\\\/c278147b-unnamed-file.webp\",\"contentUrl\":\"https:\\\/\\\/storage.googleapis.com\\\/cz-shopatoa-img\\\/ro\\\/c278147b-unnamed-file.webp\",\"width\":800,\"height\":800},{\"@type\":\"BreadcrumbList\",\"@id\":\"https:\\\/\\\/shopatoa.com\\\/ro\\\/american-crew-3-in-1-chamimile-pine-sampon-balsam-si-gel-de-dus-3-in-1-pentru-barbati-1000-ml\\\/#breadcrumb\",\"itemListElement\":[{\"@type\":\"ListItem\",\"position\":1,\"name\":\"Dom\u016f\",\"item\":\"https:\\\/\\\/shopatoa.com\\\/ro\\\/\"},{\"@type\":\"ListItem\",\"position\":2,\"name\":\"Shop\",\"item\":\"https:\\\/\\\/shopatoa.com\\\/ro\\\/shop\\\/\"},{\"@type\":\"ListItem\",\"position\":3,\"name\":\"S\u0103n\u0103tate \u0219i frumuse\u021be\",\"item\":\"https:\\\/\\\/shopatoa.com\\\/ro\\\/sanatate-si-frumusete\\\/\"},{\"@type\":\"ListItem\",\"position\":4,\"name\":\"\u00cengrijire personal\u0103\",\"item\":\"https:\\\/\\\/shopatoa.com\\\/ro\\\/ingrijire-personala\\\/\"},{\"@type\":\"ListItem\",\"position\":5,\"name\":\"\u00cengrijirea p\u0103rului\",\"item\":\"https:\\\/\\\/shopatoa.com\\\/ro\\\/ingrijirea-parului\\\/\"},{\"@type\":\"ListItem\",\"position\":6,\"name\":\"\u0218ampon &amp; Balsam\",\"item\":\"https:\\\/\\\/shopatoa.com\\\/ro\\\/sampon-balsam\\\/\"},{\"@type\":\"ListItem\",\"position\":7,\"name\":\"American Crew 3 in 1 Chamimile + Pine \u0219ampon, balsam \u0219i gel de du\u0219 3 \u00een 1 pentru barbati 1000 ml\"}]},{\"@type\":\"WebSite\",\"@id\":\"https:\\\/\\\/shopatoa.com\\\/ro\\\/#website\",\"url\":\"https:\\\/\\\/shopatoa.com\\\/ro\\\/\",\"name\":\"SHOPATOA\",\"description\":\"\",\"publisher\":{\"@id\":\"https:\\\/\\\/shopatoa.com\\\/ro\\\/#organization\"},\"potentialAction\":[{\"@type\":\"SearchAction\",\"target\":{\"@type\":\"EntryPoint\",\"urlTemplate\":\"https:\\\/\\\/shopatoa.com\\\/ro\\\/?s={search_term_string}\"},\"query-input\":{\"@type\":\"PropertyValueSpecification\",\"valueRequired\":true,\"valueName\":\"search_term_string\"}}],\"inLanguage\":\"ro-RO\"},{\"@type\":\"Organization\",\"@id\":\"https:\\\/\\\/shopatoa.com\\\/ro\\\/#organization\",\"name\":\"SHOPATOA\",\"url\":\"https:\\\/\\\/shopatoa.com\\\/ro\\\/\",\"logo\":{\"@type\":\"ImageObject\",\"inLanguage\":\"ro-RO\",\"@id\":\"https:\\\/\\\/shopatoa.com\\\/ro\\\/#\\\/schema\\\/logo\\\/image\\\/\",\"url\":\"https:\\\/\\\/storage.googleapis.com\\\/cz-shopatoa-img\\\/ro\\\/b4dac915-shopatoa_logo.png\",\"contentUrl\":\"https:\\\/\\\/storage.googleapis.com\\\/cz-shopatoa-img\\\/ro\\\/b4dac915-shopatoa_logo.png\",\"width\":416,\"height\":63,\"caption\":\"SHOPATOA\"},\"image\":{\"@id\":\"https:\\\/\\\/shopatoa.com\\\/ro\\\/#\\\/schema\\\/logo\\\/image\\\/\"}}]}<\/script>\n<!-- \/ Yoast SEO plugin. -->","yoast_head_json":{"title":"American Crew 3 in 1 Chamimile + Pine \u0219ampon, balsam \u0219i gel de du\u0219 3 \u00een 1 pentru barbati 1000 ml - SHOPATOA.COM","robots":{"index":"index","follow":"follow","max-snippet":"max-snippet:-1","max-image-preview":"max-image-preview:large","max-video-preview":"max-video-preview:-1"},"canonical":"https:\/\/shopatoa.com\/ro\/american-crew-3-in-1-chamimile-pine-sampon-balsam-si-gel-de-dus-3-in-1-pentru-barbati-1000-ml\/","og_locale":"ro_RO","og_type":"article","og_title":"American Crew 3 in 1 Chamimile + Pine \u0219ampon, balsam \u0219i gel de du\u0219 3 \u00een 1 pentru barbati 1000 ml - SHOPATOA.COM","og_description":"American Crew 3 in 1 Chamimile + Pine, 1000 ml, Gel de du\u0219 \u0219i \u0219ampon 2 \u00een 1 pentru b\u0103rba\u021bi, Orice b\u0103rbat practic, care nu \u00ee\u0219i dore\u0219te o mul\u021bime de cosmetice \u00een baie sau \u00een trusa de c\u0103l\u0103torie, va aprecia gelul de du\u0219 2 \u00een 1 American Crew 3 in 1 Chamimile + Pine. \u00centruc\u00e2t...","og_url":"https:\/\/shopatoa.com\/ro\/american-crew-3-in-1-chamimile-pine-sampon-balsam-si-gel-de-dus-3-in-1-pentru-barbati-1000-ml\/","og_site_name":"SHOPATOA","article_modified_time":"2025-12-09T03:14:55+00:00","og_image":[{"width":800,"height":800,"url":"https:\/\/storage.googleapis.com\/cz-shopatoa-img\/ro\/c278147b-unnamed-file.webp","type":"image\/webp"}],"twitter_card":"summary_large_image","twitter_misc":{"Timp estimat pentru citire":"1 minut"},"schema":{"@context":"https:\/\/schema.org","@graph":[{"@type":"WebPage","@id":"https:\/\/shopatoa.com\/ro\/american-crew-3-in-1-chamimile-pine-sampon-balsam-si-gel-de-dus-3-in-1-pentru-barbati-1000-ml\/","url":"https:\/\/shopatoa.com\/ro\/american-crew-3-in-1-chamimile-pine-sampon-balsam-si-gel-de-dus-3-in-1-pentru-barbati-1000-ml\/","name":"American Crew 3 in 1 Chamimile + Pine \u0219ampon, balsam \u0219i gel de du\u0219 3 \u00een 1 pentru barbati 1000 ml - SHOPATOA.COM","isPartOf":{"@id":"https:\/\/shopatoa.com\/ro\/#website"},"primaryImageOfPage":{"@id":"https:\/\/shopatoa.com\/ro\/american-crew-3-in-1-chamimile-pine-sampon-balsam-si-gel-de-dus-3-in-1-pentru-barbati-1000-ml\/#primaryimage"},"image":{"@id":"https:\/\/shopatoa.com\/ro\/american-crew-3-in-1-chamimile-pine-sampon-balsam-si-gel-de-dus-3-in-1-pentru-barbati-1000-ml\/#primaryimage"},"thumbnailUrl":"https:\/\/storage.googleapis.com\/cz-shopatoa-img\/ro\/c278147b-unnamed-file.webp","datePublished":"2025-06-29T07:43:47+00:00","dateModified":"2025-12-09T03:14:55+00:00","breadcrumb":{"@id":"https:\/\/shopatoa.com\/ro\/american-crew-3-in-1-chamimile-pine-sampon-balsam-si-gel-de-dus-3-in-1-pentru-barbati-1000-ml\/#breadcrumb"},"inLanguage":"ro-RO","potentialAction":[{"@type":"ReadAction","target":["https:\/\/shopatoa.com\/ro\/american-crew-3-in-1-chamimile-pine-sampon-balsam-si-gel-de-dus-3-in-1-pentru-barbati-1000-ml\/"]}]},{"@type":"ImageObject","inLanguage":"ro-RO","@id":"https:\/\/shopatoa.com\/ro\/american-crew-3-in-1-chamimile-pine-sampon-balsam-si-gel-de-dus-3-in-1-pentru-barbati-1000-ml\/#primaryimage","url":"https:\/\/storage.googleapis.com\/cz-shopatoa-img\/ro\/c278147b-unnamed-file.webp","contentUrl":"https:\/\/storage.googleapis.com\/cz-shopatoa-img\/ro\/c278147b-unnamed-file.webp","width":800,"height":800},{"@type":"BreadcrumbList","@id":"https:\/\/shopatoa.com\/ro\/american-crew-3-in-1-chamimile-pine-sampon-balsam-si-gel-de-dus-3-in-1-pentru-barbati-1000-ml\/#breadcrumb","itemListElement":[{"@type":"ListItem","position":1,"name":"Dom\u016f","item":"https:\/\/shopatoa.com\/ro\/"},{"@type":"ListItem","position":2,"name":"Shop","item":"https:\/\/shopatoa.com\/ro\/shop\/"},{"@type":"ListItem","position":3,"name":"S\u0103n\u0103tate \u0219i frumuse\u021be","item":"https:\/\/shopatoa.com\/ro\/sanatate-si-frumusete\/"},{"@type":"ListItem","position":4,"name":"\u00cengrijire personal\u0103","item":"https:\/\/shopatoa.com\/ro\/ingrijire-personala\/"},{"@type":"ListItem","position":5,"name":"\u00cengrijirea p\u0103rului","item":"https:\/\/shopatoa.com\/ro\/ingrijirea-parului\/"},{"@type":"ListItem","position":6,"name":"\u0218ampon &amp; Balsam","item":"https:\/\/shopatoa.com\/ro\/sampon-balsam\/"},{"@type":"ListItem","position":7,"name":"American Crew 3 in 1 Chamimile + Pine \u0219ampon, balsam \u0219i gel de du\u0219 3 \u00een 1 pentru barbati 1000 ml"}]},{"@type":"WebSite","@id":"https:\/\/shopatoa.com\/ro\/#website","url":"https:\/\/shopatoa.com\/ro\/","name":"SHOPATOA","description":"","publisher":{"@id":"https:\/\/shopatoa.com\/ro\/#organization"},"potentialAction":[{"@type":"SearchAction","target":{"@type":"EntryPoint","urlTemplate":"https:\/\/shopatoa.com\/ro\/?s={search_term_string}"},"query-input":{"@type":"PropertyValueSpecification","valueRequired":true,"valueName":"search_term_string"}}],"inLanguage":"ro-RO"},{"@type":"Organization","@id":"https:\/\/shopatoa.com\/ro\/#organization","name":"SHOPATOA","url":"https:\/\/shopatoa.com\/ro\/","logo":{"@type":"ImageObject","inLanguage":"ro-RO","@id":"https:\/\/shopatoa.com\/ro\/#\/schema\/logo\/image\/","url":"https:\/\/storage.googleapis.com\/cz-shopatoa-img\/ro\/b4dac915-shopatoa_logo.png","contentUrl":"https:\/\/storage.googleapis.com\/cz-shopatoa-img\/ro\/b4dac915-shopatoa_logo.png","width":416,"height":63,"caption":"SHOPATOA"},"image":{"@id":"https:\/\/shopatoa.com\/ro\/#\/schema\/logo\/image\/"}}]}},"_links":{"self":[{"href":"https:\/\/shopatoa.com\/ro\/wp-json\/wp\/v2\/product\/478467","targetHints":{"allow":["GET"]}}],"collection":[{"href":"https:\/\/shopatoa.com\/ro\/wp-json\/wp\/v2\/product"}],"about":[{"href":"https:\/\/shopatoa.com\/ro\/wp-json\/wp\/v2\/types\/product"}],"replies":[{"embeddable":true,"href":"https:\/\/shopatoa.com\/ro\/wp-json\/wp\/v2\/comments?post=478467"}],"wp:featuredmedia":[{"embeddable":true,"href":"https:\/\/shopatoa.com\/ro\/wp-json\/wp\/v2\/media\/478468"}],"wp:attachment":[{"href":"https:\/\/shopatoa.com\/ro\/wp-json\/wp\/v2\/media?parent=478467"}],"wp:term":[{"taxonomy":"product_brand","embeddable":true,"href":"https:\/\/shopatoa.com\/ro\/wp-json\/wp\/v2\/product_brand?post=478467"},{"taxonomy":"product_cat","embeddable":true,"href":"https:\/\/shopatoa.com\/ro\/wp-json\/wp\/v2\/product_cat?post=478467"},{"taxonomy":"product_tag","embeddable":true,"href":"https:\/\/shopatoa.com\/ro\/wp-json\/wp\/v2\/product_tag?post=478467"}],"curies":[{"name":"wp","href":"https:\/\/api.w.org\/{rel}","templated":true}]}}