{"id":478585,"date":"2025-06-29T09:54:49","date_gmt":"2025-06-29T07:54:49","guid":{"rendered":"https:\/\/shopatoa.com\/ro\/burts-bees-care-crema-de-maini-pentru-piele-uscata-si-obosiat-85-g\/"},"modified":"2025-12-09T03:33:37","modified_gmt":"2025-12-09T02:33:37","slug":"burts-bees-care-crema-de-maini-pentru-piele-uscata-si-obosiat-85-g","status":"publish","type":"product","link":"https:\/\/shopatoa.com\/ro\/burts-bees-care-crema-de-maini-pentru-piele-uscata-si-obosiat-85-g\/","title":{"rendered":"Burt\u2019s Bees Care crem\u0103 de m\u00e2ini pentru piele uscata \u0219i obosiat 85 g"},"content":{"rendered":"<p>Burt\u2019s Bees Care, 85 g, Creme de maini pentru femei, M\u00e2inile \u00eengrijite sunt cartea dvs. de vizit\u0103. Crema Burt\u2019s Bees Care le va men\u021bine perfect catifelate \u0219i hidratate. Va asigura m\u00e2inilor o nutri\u021bie de lung\u0103 durat\u0103, catifelare \u0219i protec\u021bie \u00eempotriva usc\u0103rii, pentru ca acestea s\u0103 fie frumoase \u00eentreaga zi.  Caracteristici:  hidrateaz\u0103 \u0219i hr\u0103ne\u0219te pielea  Cum se utilizeaz\u0103: Se aplic\u0103 crema pe m\u00e2ini, dup\u0103 nevoie \u0219i se maseaz\u0103 p\u00e2n\u0103 la absorb\u021bie.<\/p>\n","protected":false},"excerpt":{"rendered":"<p>Burt\u2019s Bees Care, 85 g, Creme de maini pentru femei, M\u00e2inile \u00eengrijite sunt cartea dvs. de vizit\u0103. Crema Burt\u2019s Bees Care le va men\u021bine perfect catifelate \u0219i hidratate. Va asigura m\u00e2inilor o nutri\u021bie de lung\u0103 durat\u0103, catifelare \u0219i protec\u021bie \u00eempotriva usc\u0103rii, pentru ca acestea s\u0103 fie frumoase \u00eentreaga zi. Caracteristici: hidrateaz\u0103 \u0219i hr\u0103ne\u0219te pielea Cum&#8230;<\/p>\n","protected":false},"featured_media":478586,"comment_status":"closed","ping_status":"open","template":"","meta":{"_acf_changed":false,"_kadence_starter_templates_imported_post":false,"_kad_post_transparent":"","_kad_post_title":"","_kad_post_layout":"","_kad_post_sidebar_id":"","_kad_post_content_style":"","_kad_post_vertical_padding":"","_kad_post_feature":"","_kad_post_feature_position":"","_kad_post_header":false,"_kad_post_footer":false,"_kad_post_classname":""},"product_brand":[2549],"product_cat":[1564,1563,1565,1562],"product_tag":[],"class_list":{"0":"post-478585","1":"product","2":"type-product","3":"status-publish","4":"has-post-thumbnail","6":"product_brand-burts-bees","7":"product_cat-cosmetice-ingrijire-personala","8":"product_cat-ingrijire-personala","9":"product_cat-ingrijirea-pielii","10":"product_cat-sanatate-si-frumusete","11":"pa_gen-female","12":"pa_marime-85-g","14":"first","15":"instock","16":"sale","17":"product-type-external","18":"entry","19":"content-bg","20":"loop-entry"},"acf":[],"yoast_head":"<!-- This site is optimized with the Yoast SEO plugin v27.4 - https:\/\/yoast.com\/product\/yoast-seo-wordpress\/ -->\n<title>Burt\u2019s Bees Care crem\u0103 de m\u00e2ini pentru piele uscata \u0219i obosiat 85 g - SHOPATOA.COM<\/title>\n<meta name=\"robots\" content=\"index, follow, max-snippet:-1, max-image-preview:large, max-video-preview:-1\" \/>\n<link rel=\"canonical\" href=\"https:\/\/shopatoa.com\/ro\/burts-bees-care-crema-de-maini-pentru-piele-uscata-si-obosiat-85-g\/\" \/>\n<meta property=\"og:locale\" content=\"ro_RO\" \/>\n<meta property=\"og:type\" content=\"article\" \/>\n<meta property=\"og:title\" content=\"Burt\u2019s Bees Care crem\u0103 de m\u00e2ini pentru piele uscata \u0219i obosiat 85 g - SHOPATOA.COM\" \/>\n<meta property=\"og:description\" content=\"Burt\u2019s Bees Care, 85 g, Creme de maini pentru femei, M\u00e2inile \u00eengrijite sunt cartea dvs. de vizit\u0103. Crema Burt\u2019s Bees Care le va men\u021bine perfect catifelate \u0219i hidratate. Va asigura m\u00e2inilor o nutri\u021bie de lung\u0103 durat\u0103, catifelare \u0219i protec\u021bie \u00eempotriva usc\u0103rii, pentru ca acestea s\u0103 fie frumoase \u00eentreaga zi. Caracteristici: hidrateaz\u0103 \u0219i hr\u0103ne\u0219te pielea Cum...\" \/>\n<meta property=\"og:url\" content=\"https:\/\/shopatoa.com\/ro\/burts-bees-care-crema-de-maini-pentru-piele-uscata-si-obosiat-85-g\/\" \/>\n<meta property=\"og:site_name\" content=\"SHOPATOA\" \/>\n<meta property=\"article:modified_time\" content=\"2025-12-09T02:33:37+00:00\" \/>\n<meta property=\"og:image\" content=\"https:\/\/storage.googleapis.com\/cz-shopatoa-img\/ro\/71553014-unnamed-file.webp\" \/>\n\t<meta property=\"og:image:width\" content=\"800\" \/>\n\t<meta property=\"og:image:height\" content=\"800\" \/>\n\t<meta property=\"og:image:type\" content=\"image\/webp\" \/>\n<meta name=\"twitter:card\" content=\"summary_large_image\" \/>\n<script type=\"application\/ld+json\" class=\"yoast-schema-graph\">{\"@context\":\"https:\\\/\\\/schema.org\",\"@graph\":[{\"@type\":\"WebPage\",\"@id\":\"https:\\\/\\\/shopatoa.com\\\/ro\\\/burts-bees-care-crema-de-maini-pentru-piele-uscata-si-obosiat-85-g\\\/\",\"url\":\"https:\\\/\\\/shopatoa.com\\\/ro\\\/burts-bees-care-crema-de-maini-pentru-piele-uscata-si-obosiat-85-g\\\/\",\"name\":\"Burt\u2019s Bees Care crem\u0103 de m\u00e2ini pentru piele uscata \u0219i obosiat 85 g - SHOPATOA.COM\",\"isPartOf\":{\"@id\":\"https:\\\/\\\/shopatoa.com\\\/ro\\\/#website\"},\"primaryImageOfPage\":{\"@id\":\"https:\\\/\\\/shopatoa.com\\\/ro\\\/burts-bees-care-crema-de-maini-pentru-piele-uscata-si-obosiat-85-g\\\/#primaryimage\"},\"image\":{\"@id\":\"https:\\\/\\\/shopatoa.com\\\/ro\\\/burts-bees-care-crema-de-maini-pentru-piele-uscata-si-obosiat-85-g\\\/#primaryimage\"},\"thumbnailUrl\":\"https:\\\/\\\/storage.googleapis.com\\\/cz-shopatoa-img\\\/ro\\\/71553014-unnamed-file.webp\",\"datePublished\":\"2025-06-29T07:54:49+00:00\",\"dateModified\":\"2025-12-09T02:33:37+00:00\",\"breadcrumb\":{\"@id\":\"https:\\\/\\\/shopatoa.com\\\/ro\\\/burts-bees-care-crema-de-maini-pentru-piele-uscata-si-obosiat-85-g\\\/#breadcrumb\"},\"inLanguage\":\"ro-RO\",\"potentialAction\":[{\"@type\":\"ReadAction\",\"target\":[\"https:\\\/\\\/shopatoa.com\\\/ro\\\/burts-bees-care-crema-de-maini-pentru-piele-uscata-si-obosiat-85-g\\\/\"]}]},{\"@type\":\"ImageObject\",\"inLanguage\":\"ro-RO\",\"@id\":\"https:\\\/\\\/shopatoa.com\\\/ro\\\/burts-bees-care-crema-de-maini-pentru-piele-uscata-si-obosiat-85-g\\\/#primaryimage\",\"url\":\"https:\\\/\\\/storage.googleapis.com\\\/cz-shopatoa-img\\\/ro\\\/71553014-unnamed-file.webp\",\"contentUrl\":\"https:\\\/\\\/storage.googleapis.com\\\/cz-shopatoa-img\\\/ro\\\/71553014-unnamed-file.webp\",\"width\":800,\"height\":800},{\"@type\":\"BreadcrumbList\",\"@id\":\"https:\\\/\\\/shopatoa.com\\\/ro\\\/burts-bees-care-crema-de-maini-pentru-piele-uscata-si-obosiat-85-g\\\/#breadcrumb\",\"itemListElement\":[{\"@type\":\"ListItem\",\"position\":1,\"name\":\"Dom\u016f\",\"item\":\"https:\\\/\\\/shopatoa.com\\\/ro\\\/\"},{\"@type\":\"ListItem\",\"position\":2,\"name\":\"Shop\",\"item\":\"https:\\\/\\\/shopatoa.com\\\/ro\\\/shop\\\/\"},{\"@type\":\"ListItem\",\"position\":3,\"name\":\"S\u0103n\u0103tate \u0219i frumuse\u021be\",\"item\":\"https:\\\/\\\/shopatoa.com\\\/ro\\\/sanatate-si-frumusete\\\/\"},{\"@type\":\"ListItem\",\"position\":4,\"name\":\"\u00cengrijire personal\u0103\",\"item\":\"https:\\\/\\\/shopatoa.com\\\/ro\\\/ingrijire-personala\\\/\"},{\"@type\":\"ListItem\",\"position\":5,\"name\":\"Cosmetice\",\"item\":\"https:\\\/\\\/shopatoa.com\\\/ro\\\/cosmetice-ingrijire-personala\\\/\"},{\"@type\":\"ListItem\",\"position\":6,\"name\":\"\u00cengrijirea pielii\",\"item\":\"https:\\\/\\\/shopatoa.com\\\/ro\\\/ingrijirea-pielii\\\/\"},{\"@type\":\"ListItem\",\"position\":7,\"name\":\"Burt\u2019s Bees Care crem\u0103 de m\u00e2ini pentru piele uscata \u0219i obosiat 85 g\"}]},{\"@type\":\"WebSite\",\"@id\":\"https:\\\/\\\/shopatoa.com\\\/ro\\\/#website\",\"url\":\"https:\\\/\\\/shopatoa.com\\\/ro\\\/\",\"name\":\"SHOPATOA\",\"description\":\"\",\"publisher\":{\"@id\":\"https:\\\/\\\/shopatoa.com\\\/ro\\\/#organization\"},\"potentialAction\":[{\"@type\":\"SearchAction\",\"target\":{\"@type\":\"EntryPoint\",\"urlTemplate\":\"https:\\\/\\\/shopatoa.com\\\/ro\\\/?s={search_term_string}\"},\"query-input\":{\"@type\":\"PropertyValueSpecification\",\"valueRequired\":true,\"valueName\":\"search_term_string\"}}],\"inLanguage\":\"ro-RO\"},{\"@type\":\"Organization\",\"@id\":\"https:\\\/\\\/shopatoa.com\\\/ro\\\/#organization\",\"name\":\"SHOPATOA\",\"url\":\"https:\\\/\\\/shopatoa.com\\\/ro\\\/\",\"logo\":{\"@type\":\"ImageObject\",\"inLanguage\":\"ro-RO\",\"@id\":\"https:\\\/\\\/shopatoa.com\\\/ro\\\/#\\\/schema\\\/logo\\\/image\\\/\",\"url\":\"https:\\\/\\\/storage.googleapis.com\\\/cz-shopatoa-img\\\/ro\\\/b4dac915-shopatoa_logo.png\",\"contentUrl\":\"https:\\\/\\\/storage.googleapis.com\\\/cz-shopatoa-img\\\/ro\\\/b4dac915-shopatoa_logo.png\",\"width\":416,\"height\":63,\"caption\":\"SHOPATOA\"},\"image\":{\"@id\":\"https:\\\/\\\/shopatoa.com\\\/ro\\\/#\\\/schema\\\/logo\\\/image\\\/\"}}]}<\/script>\n<!-- \/ Yoast SEO plugin. -->","yoast_head_json":{"title":"Burt\u2019s Bees Care crem\u0103 de m\u00e2ini pentru piele uscata \u0219i obosiat 85 g - SHOPATOA.COM","robots":{"index":"index","follow":"follow","max-snippet":"max-snippet:-1","max-image-preview":"max-image-preview:large","max-video-preview":"max-video-preview:-1"},"canonical":"https:\/\/shopatoa.com\/ro\/burts-bees-care-crema-de-maini-pentru-piele-uscata-si-obosiat-85-g\/","og_locale":"ro_RO","og_type":"article","og_title":"Burt\u2019s Bees Care crem\u0103 de m\u00e2ini pentru piele uscata \u0219i obosiat 85 g - SHOPATOA.COM","og_description":"Burt\u2019s Bees Care, 85 g, Creme de maini pentru femei, M\u00e2inile \u00eengrijite sunt cartea dvs. de vizit\u0103. Crema Burt\u2019s Bees Care le va men\u021bine perfect catifelate \u0219i hidratate. Va asigura m\u00e2inilor o nutri\u021bie de lung\u0103 durat\u0103, catifelare \u0219i protec\u021bie \u00eempotriva usc\u0103rii, pentru ca acestea s\u0103 fie frumoase \u00eentreaga zi. Caracteristici: hidrateaz\u0103 \u0219i hr\u0103ne\u0219te pielea Cum...","og_url":"https:\/\/shopatoa.com\/ro\/burts-bees-care-crema-de-maini-pentru-piele-uscata-si-obosiat-85-g\/","og_site_name":"SHOPATOA","article_modified_time":"2025-12-09T02:33:37+00:00","og_image":[{"width":800,"height":800,"url":"https:\/\/storage.googleapis.com\/cz-shopatoa-img\/ro\/71553014-unnamed-file.webp","type":"image\/webp"}],"twitter_card":"summary_large_image","schema":{"@context":"https:\/\/schema.org","@graph":[{"@type":"WebPage","@id":"https:\/\/shopatoa.com\/ro\/burts-bees-care-crema-de-maini-pentru-piele-uscata-si-obosiat-85-g\/","url":"https:\/\/shopatoa.com\/ro\/burts-bees-care-crema-de-maini-pentru-piele-uscata-si-obosiat-85-g\/","name":"Burt\u2019s Bees Care crem\u0103 de m\u00e2ini pentru piele uscata \u0219i obosiat 85 g - SHOPATOA.COM","isPartOf":{"@id":"https:\/\/shopatoa.com\/ro\/#website"},"primaryImageOfPage":{"@id":"https:\/\/shopatoa.com\/ro\/burts-bees-care-crema-de-maini-pentru-piele-uscata-si-obosiat-85-g\/#primaryimage"},"image":{"@id":"https:\/\/shopatoa.com\/ro\/burts-bees-care-crema-de-maini-pentru-piele-uscata-si-obosiat-85-g\/#primaryimage"},"thumbnailUrl":"https:\/\/storage.googleapis.com\/cz-shopatoa-img\/ro\/71553014-unnamed-file.webp","datePublished":"2025-06-29T07:54:49+00:00","dateModified":"2025-12-09T02:33:37+00:00","breadcrumb":{"@id":"https:\/\/shopatoa.com\/ro\/burts-bees-care-crema-de-maini-pentru-piele-uscata-si-obosiat-85-g\/#breadcrumb"},"inLanguage":"ro-RO","potentialAction":[{"@type":"ReadAction","target":["https:\/\/shopatoa.com\/ro\/burts-bees-care-crema-de-maini-pentru-piele-uscata-si-obosiat-85-g\/"]}]},{"@type":"ImageObject","inLanguage":"ro-RO","@id":"https:\/\/shopatoa.com\/ro\/burts-bees-care-crema-de-maini-pentru-piele-uscata-si-obosiat-85-g\/#primaryimage","url":"https:\/\/storage.googleapis.com\/cz-shopatoa-img\/ro\/71553014-unnamed-file.webp","contentUrl":"https:\/\/storage.googleapis.com\/cz-shopatoa-img\/ro\/71553014-unnamed-file.webp","width":800,"height":800},{"@type":"BreadcrumbList","@id":"https:\/\/shopatoa.com\/ro\/burts-bees-care-crema-de-maini-pentru-piele-uscata-si-obosiat-85-g\/#breadcrumb","itemListElement":[{"@type":"ListItem","position":1,"name":"Dom\u016f","item":"https:\/\/shopatoa.com\/ro\/"},{"@type":"ListItem","position":2,"name":"Shop","item":"https:\/\/shopatoa.com\/ro\/shop\/"},{"@type":"ListItem","position":3,"name":"S\u0103n\u0103tate \u0219i frumuse\u021be","item":"https:\/\/shopatoa.com\/ro\/sanatate-si-frumusete\/"},{"@type":"ListItem","position":4,"name":"\u00cengrijire personal\u0103","item":"https:\/\/shopatoa.com\/ro\/ingrijire-personala\/"},{"@type":"ListItem","position":5,"name":"Cosmetice","item":"https:\/\/shopatoa.com\/ro\/cosmetice-ingrijire-personala\/"},{"@type":"ListItem","position":6,"name":"\u00cengrijirea pielii","item":"https:\/\/shopatoa.com\/ro\/ingrijirea-pielii\/"},{"@type":"ListItem","position":7,"name":"Burt\u2019s Bees Care crem\u0103 de m\u00e2ini pentru piele uscata \u0219i obosiat 85 g"}]},{"@type":"WebSite","@id":"https:\/\/shopatoa.com\/ro\/#website","url":"https:\/\/shopatoa.com\/ro\/","name":"SHOPATOA","description":"","publisher":{"@id":"https:\/\/shopatoa.com\/ro\/#organization"},"potentialAction":[{"@type":"SearchAction","target":{"@type":"EntryPoint","urlTemplate":"https:\/\/shopatoa.com\/ro\/?s={search_term_string}"},"query-input":{"@type":"PropertyValueSpecification","valueRequired":true,"valueName":"search_term_string"}}],"inLanguage":"ro-RO"},{"@type":"Organization","@id":"https:\/\/shopatoa.com\/ro\/#organization","name":"SHOPATOA","url":"https:\/\/shopatoa.com\/ro\/","logo":{"@type":"ImageObject","inLanguage":"ro-RO","@id":"https:\/\/shopatoa.com\/ro\/#\/schema\/logo\/image\/","url":"https:\/\/storage.googleapis.com\/cz-shopatoa-img\/ro\/b4dac915-shopatoa_logo.png","contentUrl":"https:\/\/storage.googleapis.com\/cz-shopatoa-img\/ro\/b4dac915-shopatoa_logo.png","width":416,"height":63,"caption":"SHOPATOA"},"image":{"@id":"https:\/\/shopatoa.com\/ro\/#\/schema\/logo\/image\/"}}]}},"_links":{"self":[{"href":"https:\/\/shopatoa.com\/ro\/wp-json\/wp\/v2\/product\/478585","targetHints":{"allow":["GET"]}}],"collection":[{"href":"https:\/\/shopatoa.com\/ro\/wp-json\/wp\/v2\/product"}],"about":[{"href":"https:\/\/shopatoa.com\/ro\/wp-json\/wp\/v2\/types\/product"}],"replies":[{"embeddable":true,"href":"https:\/\/shopatoa.com\/ro\/wp-json\/wp\/v2\/comments?post=478585"}],"wp:featuredmedia":[{"embeddable":true,"href":"https:\/\/shopatoa.com\/ro\/wp-json\/wp\/v2\/media\/478586"}],"wp:attachment":[{"href":"https:\/\/shopatoa.com\/ro\/wp-json\/wp\/v2\/media?parent=478585"}],"wp:term":[{"taxonomy":"product_brand","embeddable":true,"href":"https:\/\/shopatoa.com\/ro\/wp-json\/wp\/v2\/product_brand?post=478585"},{"taxonomy":"product_cat","embeddable":true,"href":"https:\/\/shopatoa.com\/ro\/wp-json\/wp\/v2\/product_cat?post=478585"},{"taxonomy":"product_tag","embeddable":true,"href":"https:\/\/shopatoa.com\/ro\/wp-json\/wp\/v2\/product_tag?post=478585"}],"curies":[{"name":"wp","href":"https:\/\/api.w.org\/{rel}","templated":true}]}}