{"id":478587,"date":"2025-06-29T09:54:49","date_gmt":"2025-06-29T07:54:49","guid":{"rendered":"https:\/\/shopatoa.com\/ro\/burts-bees-coconut-crema-de-netezire-pentru-picioare-cu-cocos-121-g\/"},"modified":"2025-12-09T03:33:41","modified_gmt":"2025-12-09T02:33:41","slug":"burts-bees-coconut-crema-de-netezire-pentru-picioare-cu-cocos-121-g","status":"publish","type":"product","link":"https:\/\/shopatoa.com\/ro\/burts-bees-coconut-crema-de-netezire-pentru-picioare-cu-cocos-121-g\/","title":{"rendered":"Burt\u2019s Bees Coconut crem\u0103 de netezire pentru picioare cu cocos 121 g"},"content":{"rendered":"<p>Burt\u2019s Bees Coconut, 121 g, Crema pentru picioare pentru femei, \u00cen rutina dvs. de \u00eengrijire nu ar trebui s\u0103 uita\u021bi niciodat\u0103 de t\u0103lpi, deoarece acestea sunt solicitate \u00een fiecare zi prin mersul pe jos \u0219i statul \u00een picioare, \u0219i numai o \u00eengrijire regulat\u0103 le va men\u021bine frumoase \u0219i preg\u0103tite s\u0103 parcurg\u0103 mii de pa\u0219i. Crema pentru picioare Burt\u2019s Bees Coconut \u00eengrije\u0219te perfect pielea uscat\u0103 \u0219i aspr\u0103, o catifeleaz\u0103, v\u0103 r\u0103sfa\u021b\u0103 picioarele \u0219i le las\u0103 m\u0103t\u0103soase. Gata cu c\u0103lc\u00e2iele cr\u0103pate, gata cu pielea dur\u0103 sau cu b\u0103t\u0103turi, bucura\u021bi-v\u0103 de picioare delicate \u0219i netede, pe care s\u0103 le ar\u0103ta\u021bi lumii f\u0103r\u0103 jen\u0103.  Caracteristici:  hidrateaz\u0103 pielea are efect regenerator pentru picioare pl\u0103cut parfumate  Cum se utilizeaz\u0103: Se aplic\u0103 pe picioare \u0219i se maseaz\u0103 delicat.<\/p>\n","protected":false},"excerpt":{"rendered":"<p>Burt\u2019s Bees Coconut, 121 g, Crema pentru picioare pentru femei, \u00cen rutina dvs. de \u00eengrijire nu ar trebui s\u0103 uita\u021bi niciodat\u0103 de t\u0103lpi, deoarece acestea sunt solicitate \u00een fiecare zi prin mersul pe jos \u0219i statul \u00een picioare, \u0219i numai o \u00eengrijire regulat\u0103 le va men\u021bine frumoase \u0219i preg\u0103tite s\u0103 parcurg\u0103 mii de pa\u0219i. Crema&#8230;<\/p>\n","protected":false},"featured_media":478588,"comment_status":"closed","ping_status":"open","template":"","meta":{"_acf_changed":false,"_kadence_starter_templates_imported_post":false,"_kad_post_transparent":"","_kad_post_title":"","_kad_post_layout":"","_kad_post_sidebar_id":"","_kad_post_content_style":"","_kad_post_vertical_padding":"","_kad_post_feature":"","_kad_post_feature_position":"","_kad_post_header":false,"_kad_post_footer":false,"_kad_post_classname":""},"product_brand":[2549],"product_cat":[1563,1972,1562],"product_tag":[],"class_list":{"0":"post-478587","1":"product","2":"type-product","3":"status-publish","4":"has-post-thumbnail","6":"product_brand-burts-bees","7":"product_cat-ingrijire-personala","8":"product_cat-ingrijirea-picioarelor","9":"product_cat-sanatate-si-frumusete","10":"pa_gen-female","11":"pa_marime-121-g","13":"first","14":"instock","15":"sale","16":"product-type-external","17":"entry","18":"content-bg","19":"loop-entry"},"acf":[],"yoast_head":"<!-- This site is optimized with the Yoast SEO plugin v27.4 - https:\/\/yoast.com\/product\/yoast-seo-wordpress\/ -->\n<title>Burt\u2019s Bees Coconut crem\u0103 de netezire pentru picioare cu cocos 121 g - SHOPATOA.COM<\/title>\n<meta name=\"robots\" content=\"index, follow, max-snippet:-1, max-image-preview:large, max-video-preview:-1\" \/>\n<link rel=\"canonical\" href=\"https:\/\/shopatoa.com\/ro\/burts-bees-coconut-crema-de-netezire-pentru-picioare-cu-cocos-121-g\/\" \/>\n<meta property=\"og:locale\" content=\"ro_RO\" \/>\n<meta property=\"og:type\" content=\"article\" \/>\n<meta property=\"og:title\" content=\"Burt\u2019s Bees Coconut crem\u0103 de netezire pentru picioare cu cocos 121 g - SHOPATOA.COM\" \/>\n<meta property=\"og:description\" content=\"Burt\u2019s Bees Coconut, 121 g, Crema pentru picioare pentru femei, \u00cen rutina dvs. de \u00eengrijire nu ar trebui s\u0103 uita\u021bi niciodat\u0103 de t\u0103lpi, deoarece acestea sunt solicitate \u00een fiecare zi prin mersul pe jos \u0219i statul \u00een picioare, \u0219i numai o \u00eengrijire regulat\u0103 le va men\u021bine frumoase \u0219i preg\u0103tite s\u0103 parcurg\u0103 mii de pa\u0219i. Crema...\" \/>\n<meta property=\"og:url\" content=\"https:\/\/shopatoa.com\/ro\/burts-bees-coconut-crema-de-netezire-pentru-picioare-cu-cocos-121-g\/\" \/>\n<meta property=\"og:site_name\" content=\"SHOPATOA\" \/>\n<meta property=\"article:modified_time\" content=\"2025-12-09T02:33:41+00:00\" \/>\n<meta property=\"og:image\" content=\"https:\/\/storage.googleapis.com\/cz-shopatoa-img\/ro\/b1054535-unnamed-file.webp\" \/>\n\t<meta property=\"og:image:width\" content=\"800\" \/>\n\t<meta property=\"og:image:height\" content=\"800\" \/>\n\t<meta property=\"og:image:type\" content=\"image\/webp\" \/>\n<meta name=\"twitter:card\" content=\"summary_large_image\" \/>\n<meta name=\"twitter:label1\" content=\"Timp estimat pentru citire\" \/>\n\t<meta name=\"twitter:data1\" content=\"1 minut\" \/>\n<script type=\"application\/ld+json\" class=\"yoast-schema-graph\">{\"@context\":\"https:\\\/\\\/schema.org\",\"@graph\":[{\"@type\":\"WebPage\",\"@id\":\"https:\\\/\\\/shopatoa.com\\\/ro\\\/burts-bees-coconut-crema-de-netezire-pentru-picioare-cu-cocos-121-g\\\/\",\"url\":\"https:\\\/\\\/shopatoa.com\\\/ro\\\/burts-bees-coconut-crema-de-netezire-pentru-picioare-cu-cocos-121-g\\\/\",\"name\":\"Burt\u2019s Bees Coconut crem\u0103 de netezire pentru picioare cu cocos 121 g - SHOPATOA.COM\",\"isPartOf\":{\"@id\":\"https:\\\/\\\/shopatoa.com\\\/ro\\\/#website\"},\"primaryImageOfPage\":{\"@id\":\"https:\\\/\\\/shopatoa.com\\\/ro\\\/burts-bees-coconut-crema-de-netezire-pentru-picioare-cu-cocos-121-g\\\/#primaryimage\"},\"image\":{\"@id\":\"https:\\\/\\\/shopatoa.com\\\/ro\\\/burts-bees-coconut-crema-de-netezire-pentru-picioare-cu-cocos-121-g\\\/#primaryimage\"},\"thumbnailUrl\":\"https:\\\/\\\/storage.googleapis.com\\\/cz-shopatoa-img\\\/ro\\\/b1054535-unnamed-file.webp\",\"datePublished\":\"2025-06-29T07:54:49+00:00\",\"dateModified\":\"2025-12-09T02:33:41+00:00\",\"breadcrumb\":{\"@id\":\"https:\\\/\\\/shopatoa.com\\\/ro\\\/burts-bees-coconut-crema-de-netezire-pentru-picioare-cu-cocos-121-g\\\/#breadcrumb\"},\"inLanguage\":\"ro-RO\",\"potentialAction\":[{\"@type\":\"ReadAction\",\"target\":[\"https:\\\/\\\/shopatoa.com\\\/ro\\\/burts-bees-coconut-crema-de-netezire-pentru-picioare-cu-cocos-121-g\\\/\"]}]},{\"@type\":\"ImageObject\",\"inLanguage\":\"ro-RO\",\"@id\":\"https:\\\/\\\/shopatoa.com\\\/ro\\\/burts-bees-coconut-crema-de-netezire-pentru-picioare-cu-cocos-121-g\\\/#primaryimage\",\"url\":\"https:\\\/\\\/storage.googleapis.com\\\/cz-shopatoa-img\\\/ro\\\/b1054535-unnamed-file.webp\",\"contentUrl\":\"https:\\\/\\\/storage.googleapis.com\\\/cz-shopatoa-img\\\/ro\\\/b1054535-unnamed-file.webp\",\"width\":800,\"height\":800},{\"@type\":\"BreadcrumbList\",\"@id\":\"https:\\\/\\\/shopatoa.com\\\/ro\\\/burts-bees-coconut-crema-de-netezire-pentru-picioare-cu-cocos-121-g\\\/#breadcrumb\",\"itemListElement\":[{\"@type\":\"ListItem\",\"position\":1,\"name\":\"Dom\u016f\",\"item\":\"https:\\\/\\\/shopatoa.com\\\/ro\\\/\"},{\"@type\":\"ListItem\",\"position\":2,\"name\":\"Shop\",\"item\":\"https:\\\/\\\/shopatoa.com\\\/ro\\\/shop\\\/\"},{\"@type\":\"ListItem\",\"position\":3,\"name\":\"S\u0103n\u0103tate \u0219i frumuse\u021be\",\"item\":\"https:\\\/\\\/shopatoa.com\\\/ro\\\/sanatate-si-frumusete\\\/\"},{\"@type\":\"ListItem\",\"position\":4,\"name\":\"\u00cengrijire personal\u0103\",\"item\":\"https:\\\/\\\/shopatoa.com\\\/ro\\\/ingrijire-personala\\\/\"},{\"@type\":\"ListItem\",\"position\":5,\"name\":\"\u00cengrijirea picioarelor\",\"item\":\"https:\\\/\\\/shopatoa.com\\\/ro\\\/ingrijirea-picioarelor\\\/\"},{\"@type\":\"ListItem\",\"position\":6,\"name\":\"Burt\u2019s Bees Coconut crem\u0103 de netezire pentru picioare cu cocos 121 g\"}]},{\"@type\":\"WebSite\",\"@id\":\"https:\\\/\\\/shopatoa.com\\\/ro\\\/#website\",\"url\":\"https:\\\/\\\/shopatoa.com\\\/ro\\\/\",\"name\":\"SHOPATOA\",\"description\":\"\",\"publisher\":{\"@id\":\"https:\\\/\\\/shopatoa.com\\\/ro\\\/#organization\"},\"potentialAction\":[{\"@type\":\"SearchAction\",\"target\":{\"@type\":\"EntryPoint\",\"urlTemplate\":\"https:\\\/\\\/shopatoa.com\\\/ro\\\/?s={search_term_string}\"},\"query-input\":{\"@type\":\"PropertyValueSpecification\",\"valueRequired\":true,\"valueName\":\"search_term_string\"}}],\"inLanguage\":\"ro-RO\"},{\"@type\":\"Organization\",\"@id\":\"https:\\\/\\\/shopatoa.com\\\/ro\\\/#organization\",\"name\":\"SHOPATOA\",\"url\":\"https:\\\/\\\/shopatoa.com\\\/ro\\\/\",\"logo\":{\"@type\":\"ImageObject\",\"inLanguage\":\"ro-RO\",\"@id\":\"https:\\\/\\\/shopatoa.com\\\/ro\\\/#\\\/schema\\\/logo\\\/image\\\/\",\"url\":\"https:\\\/\\\/storage.googleapis.com\\\/cz-shopatoa-img\\\/ro\\\/b4dac915-shopatoa_logo.png\",\"contentUrl\":\"https:\\\/\\\/storage.googleapis.com\\\/cz-shopatoa-img\\\/ro\\\/b4dac915-shopatoa_logo.png\",\"width\":416,\"height\":63,\"caption\":\"SHOPATOA\"},\"image\":{\"@id\":\"https:\\\/\\\/shopatoa.com\\\/ro\\\/#\\\/schema\\\/logo\\\/image\\\/\"}}]}<\/script>\n<!-- \/ Yoast SEO plugin. -->","yoast_head_json":{"title":"Burt\u2019s Bees Coconut crem\u0103 de netezire pentru picioare cu cocos 121 g - SHOPATOA.COM","robots":{"index":"index","follow":"follow","max-snippet":"max-snippet:-1","max-image-preview":"max-image-preview:large","max-video-preview":"max-video-preview:-1"},"canonical":"https:\/\/shopatoa.com\/ro\/burts-bees-coconut-crema-de-netezire-pentru-picioare-cu-cocos-121-g\/","og_locale":"ro_RO","og_type":"article","og_title":"Burt\u2019s Bees Coconut crem\u0103 de netezire pentru picioare cu cocos 121 g - SHOPATOA.COM","og_description":"Burt\u2019s Bees Coconut, 121 g, Crema pentru picioare pentru femei, \u00cen rutina dvs. de \u00eengrijire nu ar trebui s\u0103 uita\u021bi niciodat\u0103 de t\u0103lpi, deoarece acestea sunt solicitate \u00een fiecare zi prin mersul pe jos \u0219i statul \u00een picioare, \u0219i numai o \u00eengrijire regulat\u0103 le va men\u021bine frumoase \u0219i preg\u0103tite s\u0103 parcurg\u0103 mii de pa\u0219i. Crema...","og_url":"https:\/\/shopatoa.com\/ro\/burts-bees-coconut-crema-de-netezire-pentru-picioare-cu-cocos-121-g\/","og_site_name":"SHOPATOA","article_modified_time":"2025-12-09T02:33:41+00:00","og_image":[{"width":800,"height":800,"url":"https:\/\/storage.googleapis.com\/cz-shopatoa-img\/ro\/b1054535-unnamed-file.webp","type":"image\/webp"}],"twitter_card":"summary_large_image","twitter_misc":{"Timp estimat pentru citire":"1 minut"},"schema":{"@context":"https:\/\/schema.org","@graph":[{"@type":"WebPage","@id":"https:\/\/shopatoa.com\/ro\/burts-bees-coconut-crema-de-netezire-pentru-picioare-cu-cocos-121-g\/","url":"https:\/\/shopatoa.com\/ro\/burts-bees-coconut-crema-de-netezire-pentru-picioare-cu-cocos-121-g\/","name":"Burt\u2019s Bees Coconut crem\u0103 de netezire pentru picioare cu cocos 121 g - SHOPATOA.COM","isPartOf":{"@id":"https:\/\/shopatoa.com\/ro\/#website"},"primaryImageOfPage":{"@id":"https:\/\/shopatoa.com\/ro\/burts-bees-coconut-crema-de-netezire-pentru-picioare-cu-cocos-121-g\/#primaryimage"},"image":{"@id":"https:\/\/shopatoa.com\/ro\/burts-bees-coconut-crema-de-netezire-pentru-picioare-cu-cocos-121-g\/#primaryimage"},"thumbnailUrl":"https:\/\/storage.googleapis.com\/cz-shopatoa-img\/ro\/b1054535-unnamed-file.webp","datePublished":"2025-06-29T07:54:49+00:00","dateModified":"2025-12-09T02:33:41+00:00","breadcrumb":{"@id":"https:\/\/shopatoa.com\/ro\/burts-bees-coconut-crema-de-netezire-pentru-picioare-cu-cocos-121-g\/#breadcrumb"},"inLanguage":"ro-RO","potentialAction":[{"@type":"ReadAction","target":["https:\/\/shopatoa.com\/ro\/burts-bees-coconut-crema-de-netezire-pentru-picioare-cu-cocos-121-g\/"]}]},{"@type":"ImageObject","inLanguage":"ro-RO","@id":"https:\/\/shopatoa.com\/ro\/burts-bees-coconut-crema-de-netezire-pentru-picioare-cu-cocos-121-g\/#primaryimage","url":"https:\/\/storage.googleapis.com\/cz-shopatoa-img\/ro\/b1054535-unnamed-file.webp","contentUrl":"https:\/\/storage.googleapis.com\/cz-shopatoa-img\/ro\/b1054535-unnamed-file.webp","width":800,"height":800},{"@type":"BreadcrumbList","@id":"https:\/\/shopatoa.com\/ro\/burts-bees-coconut-crema-de-netezire-pentru-picioare-cu-cocos-121-g\/#breadcrumb","itemListElement":[{"@type":"ListItem","position":1,"name":"Dom\u016f","item":"https:\/\/shopatoa.com\/ro\/"},{"@type":"ListItem","position":2,"name":"Shop","item":"https:\/\/shopatoa.com\/ro\/shop\/"},{"@type":"ListItem","position":3,"name":"S\u0103n\u0103tate \u0219i frumuse\u021be","item":"https:\/\/shopatoa.com\/ro\/sanatate-si-frumusete\/"},{"@type":"ListItem","position":4,"name":"\u00cengrijire personal\u0103","item":"https:\/\/shopatoa.com\/ro\/ingrijire-personala\/"},{"@type":"ListItem","position":5,"name":"\u00cengrijirea picioarelor","item":"https:\/\/shopatoa.com\/ro\/ingrijirea-picioarelor\/"},{"@type":"ListItem","position":6,"name":"Burt\u2019s Bees Coconut crem\u0103 de netezire pentru picioare cu cocos 121 g"}]},{"@type":"WebSite","@id":"https:\/\/shopatoa.com\/ro\/#website","url":"https:\/\/shopatoa.com\/ro\/","name":"SHOPATOA","description":"","publisher":{"@id":"https:\/\/shopatoa.com\/ro\/#organization"},"potentialAction":[{"@type":"SearchAction","target":{"@type":"EntryPoint","urlTemplate":"https:\/\/shopatoa.com\/ro\/?s={search_term_string}"},"query-input":{"@type":"PropertyValueSpecification","valueRequired":true,"valueName":"search_term_string"}}],"inLanguage":"ro-RO"},{"@type":"Organization","@id":"https:\/\/shopatoa.com\/ro\/#organization","name":"SHOPATOA","url":"https:\/\/shopatoa.com\/ro\/","logo":{"@type":"ImageObject","inLanguage":"ro-RO","@id":"https:\/\/shopatoa.com\/ro\/#\/schema\/logo\/image\/","url":"https:\/\/storage.googleapis.com\/cz-shopatoa-img\/ro\/b4dac915-shopatoa_logo.png","contentUrl":"https:\/\/storage.googleapis.com\/cz-shopatoa-img\/ro\/b4dac915-shopatoa_logo.png","width":416,"height":63,"caption":"SHOPATOA"},"image":{"@id":"https:\/\/shopatoa.com\/ro\/#\/schema\/logo\/image\/"}}]}},"_links":{"self":[{"href":"https:\/\/shopatoa.com\/ro\/wp-json\/wp\/v2\/product\/478587","targetHints":{"allow":["GET"]}}],"collection":[{"href":"https:\/\/shopatoa.com\/ro\/wp-json\/wp\/v2\/product"}],"about":[{"href":"https:\/\/shopatoa.com\/ro\/wp-json\/wp\/v2\/types\/product"}],"replies":[{"embeddable":true,"href":"https:\/\/shopatoa.com\/ro\/wp-json\/wp\/v2\/comments?post=478587"}],"wp:featuredmedia":[{"embeddable":true,"href":"https:\/\/shopatoa.com\/ro\/wp-json\/wp\/v2\/media\/478588"}],"wp:attachment":[{"href":"https:\/\/shopatoa.com\/ro\/wp-json\/wp\/v2\/media?parent=478587"}],"wp:term":[{"taxonomy":"product_brand","embeddable":true,"href":"https:\/\/shopatoa.com\/ro\/wp-json\/wp\/v2\/product_brand?post=478587"},{"taxonomy":"product_cat","embeddable":true,"href":"https:\/\/shopatoa.com\/ro\/wp-json\/wp\/v2\/product_cat?post=478587"},{"taxonomy":"product_tag","embeddable":true,"href":"https:\/\/shopatoa.com\/ro\/wp-json\/wp\/v2\/product_tag?post=478587"}],"curies":[{"name":"wp","href":"https:\/\/api.w.org\/{rel}","templated":true}]}}