{"id":478841,"date":"2025-06-29T10:18:30","date_gmt":"2025-06-29T08:18:30","guid":{"rendered":"https:\/\/shopatoa.com\/ro\/cosrx-hyaluronic-acid-3-ser-cu-hidratare-intensa-20-ml\/"},"modified":"2025-12-09T02:33:41","modified_gmt":"2025-12-09T01:33:41","slug":"cosrx-hyaluronic-acid-3-ser-cu-hidratare-intensa-20-ml","status":"publish","type":"product","link":"https:\/\/shopatoa.com\/ro\/cosrx-hyaluronic-acid-3-ser-cu-hidratare-intensa-20-ml\/","title":{"rendered":"Cosrx Hyaluronic Acid 3 ser cu hidratare intens\u0103 20 ml"},"content":{"rendered":"<p>Cosrx Hyaluronic Acid 3, 20 ml, Seruri pentru piele pentru femei, Sim\u021bi\u021bi c\u0103 tenul dvs. are nevoie de o \u00eengrijire suplimentar\u0103 fa\u021b\u0103 de cea oferit\u0103 de crema facial\u0103? Serul facial Cosrx Hyaluronic Acid 3 v\u0103 va \u00eembog\u0103\u021bi perfect rutina de \u00eengrijire a tenului \u2013 va r\u0103sf\u0103\u021ba tenul \u0219i \u00eei va oferi o \u00eengrijire intensiv\u0103. Datorit\u0103 concentra\u021biei ridicate de substan\u021be active, efectul s\u0103u asupra tenului va fi mult mai intens \u0219i mai rapid dec\u00e2t \u00een cazul unei creme de fa\u021b\u0103 obi\u0219nuite. \u00cen plus, textura sa lichid\u0103, care se absoarbe foarte bine \u00een ten, faciliteaz\u0103 aplicarea.  Caracteristici:  hidrateaz\u0103 \u0219i hr\u0103ne\u0219te eficient reface suple\u021bea pielii confer\u0103 densitate pielii regenereaz\u0103 pielea \u0219i previne iritarea acesteia  Cum se utilizeaz\u0103: Se tapoteaz\u0103 o cantitate adecvat\u0103 de ser pe pielea curat\u0103, cu v\u00e2rfurile degetelor. Se aplic\u0103 pe fa\u021b\u0103, pe g\u00e2t \u0219i pe decolteu.<\/p>\n","protected":false},"excerpt":{"rendered":"<p>Cosrx Hyaluronic Acid 3, 20 ml, Seruri pentru piele pentru femei, Sim\u021bi\u021bi c\u0103 tenul dvs. are nevoie de o \u00eengrijire suplimentar\u0103 fa\u021b\u0103 de cea oferit\u0103 de crema facial\u0103? Serul facial Cosrx Hyaluronic Acid 3 v\u0103 va \u00eembog\u0103\u021bi perfect rutina de \u00eengrijire a tenului \u2013 va r\u0103sf\u0103\u021ba tenul \u0219i \u00eei va oferi o \u00eengrijire intensiv\u0103. Datorit\u0103&#8230;<\/p>\n","protected":false},"featured_media":478842,"comment_status":"closed","ping_status":"open","template":"","meta":{"_acf_changed":false,"_kadence_starter_templates_imported_post":false,"_kad_post_transparent":"","_kad_post_title":"","_kad_post_layout":"","_kad_post_sidebar_id":"","_kad_post_content_style":"","_kad_post_vertical_padding":"","_kad_post_feature":"","_kad_post_feature_position":"","_kad_post_header":false,"_kad_post_footer":false,"_kad_post_classname":""},"product_brand":[797],"product_cat":[1564,1563,1565,1562],"product_tag":[],"class_list":{"0":"post-478841","1":"product","2":"type-product","3":"status-publish","4":"has-post-thumbnail","6":"product_brand-cosrx","7":"product_cat-cosmetice-ingrijire-personala","8":"product_cat-ingrijire-personala","9":"product_cat-ingrijirea-pielii","10":"product_cat-sanatate-si-frumusete","11":"pa_gen-female","12":"pa_marime-20-ml","14":"first","15":"instock","16":"sale","17":"product-type-external","18":"entry","19":"content-bg","20":"loop-entry"},"acf":[],"yoast_head":"<!-- This site is optimized with the Yoast SEO plugin v27.3 - https:\/\/yoast.com\/product\/yoast-seo-wordpress\/ -->\n<title>Cosrx Hyaluronic Acid 3 ser cu hidratare intens\u0103 20 ml - SHOPATOA.COM<\/title>\n<meta name=\"robots\" content=\"index, follow, max-snippet:-1, max-image-preview:large, max-video-preview:-1\" \/>\n<link rel=\"canonical\" href=\"https:\/\/shopatoa.com\/ro\/cosrx-hyaluronic-acid-3-ser-cu-hidratare-intensa-20-ml\/\" \/>\n<meta property=\"og:locale\" content=\"ro_RO\" \/>\n<meta property=\"og:type\" content=\"article\" \/>\n<meta property=\"og:title\" content=\"Cosrx Hyaluronic Acid 3 ser cu hidratare intens\u0103 20 ml - SHOPATOA.COM\" \/>\n<meta property=\"og:description\" content=\"Cosrx Hyaluronic Acid 3, 20 ml, Seruri pentru piele pentru femei, Sim\u021bi\u021bi c\u0103 tenul dvs. are nevoie de o \u00eengrijire suplimentar\u0103 fa\u021b\u0103 de cea oferit\u0103 de crema facial\u0103? Serul facial Cosrx Hyaluronic Acid 3 v\u0103 va \u00eembog\u0103\u021bi perfect rutina de \u00eengrijire a tenului \u2013 va r\u0103sf\u0103\u021ba tenul \u0219i \u00eei va oferi o \u00eengrijire intensiv\u0103. Datorit\u0103...\" \/>\n<meta property=\"og:url\" content=\"https:\/\/shopatoa.com\/ro\/cosrx-hyaluronic-acid-3-ser-cu-hidratare-intensa-20-ml\/\" \/>\n<meta property=\"og:site_name\" content=\"SHOPATOA\" \/>\n<meta property=\"article:modified_time\" content=\"2025-12-09T01:33:41+00:00\" \/>\n<meta property=\"og:image\" content=\"https:\/\/storage.googleapis.com\/cz-shopatoa-img\/ro\/06ffb000-unnamed-file.webp\" \/>\n\t<meta property=\"og:image:width\" content=\"800\" \/>\n\t<meta property=\"og:image:height\" content=\"800\" \/>\n\t<meta property=\"og:image:type\" content=\"image\/webp\" \/>\n<meta name=\"twitter:card\" content=\"summary_large_image\" \/>\n<meta name=\"twitter:label1\" content=\"Timp estimat pentru citire\" \/>\n\t<meta name=\"twitter:data1\" content=\"1 minut\" \/>\n<script type=\"application\/ld+json\" class=\"yoast-schema-graph\">{\"@context\":\"https:\\\/\\\/schema.org\",\"@graph\":[{\"@type\":\"WebPage\",\"@id\":\"https:\\\/\\\/shopatoa.com\\\/ro\\\/cosrx-hyaluronic-acid-3-ser-cu-hidratare-intensa-20-ml\\\/\",\"url\":\"https:\\\/\\\/shopatoa.com\\\/ro\\\/cosrx-hyaluronic-acid-3-ser-cu-hidratare-intensa-20-ml\\\/\",\"name\":\"Cosrx Hyaluronic Acid 3 ser cu hidratare intens\u0103 20 ml - SHOPATOA.COM\",\"isPartOf\":{\"@id\":\"https:\\\/\\\/shopatoa.com\\\/ro\\\/#website\"},\"primaryImageOfPage\":{\"@id\":\"https:\\\/\\\/shopatoa.com\\\/ro\\\/cosrx-hyaluronic-acid-3-ser-cu-hidratare-intensa-20-ml\\\/#primaryimage\"},\"image\":{\"@id\":\"https:\\\/\\\/shopatoa.com\\\/ro\\\/cosrx-hyaluronic-acid-3-ser-cu-hidratare-intensa-20-ml\\\/#primaryimage\"},\"thumbnailUrl\":\"https:\\\/\\\/storage.googleapis.com\\\/cz-shopatoa-img\\\/ro\\\/06ffb000-unnamed-file.webp\",\"datePublished\":\"2025-06-29T08:18:30+00:00\",\"dateModified\":\"2025-12-09T01:33:41+00:00\",\"breadcrumb\":{\"@id\":\"https:\\\/\\\/shopatoa.com\\\/ro\\\/cosrx-hyaluronic-acid-3-ser-cu-hidratare-intensa-20-ml\\\/#breadcrumb\"},\"inLanguage\":\"ro-RO\",\"potentialAction\":[{\"@type\":\"ReadAction\",\"target\":[\"https:\\\/\\\/shopatoa.com\\\/ro\\\/cosrx-hyaluronic-acid-3-ser-cu-hidratare-intensa-20-ml\\\/\"]}]},{\"@type\":\"ImageObject\",\"inLanguage\":\"ro-RO\",\"@id\":\"https:\\\/\\\/shopatoa.com\\\/ro\\\/cosrx-hyaluronic-acid-3-ser-cu-hidratare-intensa-20-ml\\\/#primaryimage\",\"url\":\"https:\\\/\\\/storage.googleapis.com\\\/cz-shopatoa-img\\\/ro\\\/06ffb000-unnamed-file.webp\",\"contentUrl\":\"https:\\\/\\\/storage.googleapis.com\\\/cz-shopatoa-img\\\/ro\\\/06ffb000-unnamed-file.webp\",\"width\":800,\"height\":800},{\"@type\":\"BreadcrumbList\",\"@id\":\"https:\\\/\\\/shopatoa.com\\\/ro\\\/cosrx-hyaluronic-acid-3-ser-cu-hidratare-intensa-20-ml\\\/#breadcrumb\",\"itemListElement\":[{\"@type\":\"ListItem\",\"position\":1,\"name\":\"Dom\u016f\",\"item\":\"https:\\\/\\\/shopatoa.com\\\/ro\\\/\"},{\"@type\":\"ListItem\",\"position\":2,\"name\":\"Shop\",\"item\":\"https:\\\/\\\/shopatoa.com\\\/ro\\\/shop\\\/\"},{\"@type\":\"ListItem\",\"position\":3,\"name\":\"S\u0103n\u0103tate \u0219i frumuse\u021be\",\"item\":\"https:\\\/\\\/shopatoa.com\\\/ro\\\/sanatate-si-frumusete\\\/\"},{\"@type\":\"ListItem\",\"position\":4,\"name\":\"\u00cengrijire personal\u0103\",\"item\":\"https:\\\/\\\/shopatoa.com\\\/ro\\\/ingrijire-personala\\\/\"},{\"@type\":\"ListItem\",\"position\":5,\"name\":\"Cosmetice\",\"item\":\"https:\\\/\\\/shopatoa.com\\\/ro\\\/cosmetice-ingrijire-personala\\\/\"},{\"@type\":\"ListItem\",\"position\":6,\"name\":\"\u00cengrijirea pielii\",\"item\":\"https:\\\/\\\/shopatoa.com\\\/ro\\\/ingrijirea-pielii\\\/\"},{\"@type\":\"ListItem\",\"position\":7,\"name\":\"Cosrx Hyaluronic Acid 3 ser cu hidratare intens\u0103 20 ml\"}]},{\"@type\":\"WebSite\",\"@id\":\"https:\\\/\\\/shopatoa.com\\\/ro\\\/#website\",\"url\":\"https:\\\/\\\/shopatoa.com\\\/ro\\\/\",\"name\":\"SHOPATOA\",\"description\":\"\",\"publisher\":{\"@id\":\"https:\\\/\\\/shopatoa.com\\\/ro\\\/#organization\"},\"potentialAction\":[{\"@type\":\"SearchAction\",\"target\":{\"@type\":\"EntryPoint\",\"urlTemplate\":\"https:\\\/\\\/shopatoa.com\\\/ro\\\/?s={search_term_string}\"},\"query-input\":{\"@type\":\"PropertyValueSpecification\",\"valueRequired\":true,\"valueName\":\"search_term_string\"}}],\"inLanguage\":\"ro-RO\"},{\"@type\":\"Organization\",\"@id\":\"https:\\\/\\\/shopatoa.com\\\/ro\\\/#organization\",\"name\":\"SHOPATOA\",\"url\":\"https:\\\/\\\/shopatoa.com\\\/ro\\\/\",\"logo\":{\"@type\":\"ImageObject\",\"inLanguage\":\"ro-RO\",\"@id\":\"https:\\\/\\\/shopatoa.com\\\/ro\\\/#\\\/schema\\\/logo\\\/image\\\/\",\"url\":\"https:\\\/\\\/storage.googleapis.com\\\/cz-shopatoa-img\\\/ro\\\/b4dac915-shopatoa_logo.png\",\"contentUrl\":\"https:\\\/\\\/storage.googleapis.com\\\/cz-shopatoa-img\\\/ro\\\/b4dac915-shopatoa_logo.png\",\"width\":416,\"height\":63,\"caption\":\"SHOPATOA\"},\"image\":{\"@id\":\"https:\\\/\\\/shopatoa.com\\\/ro\\\/#\\\/schema\\\/logo\\\/image\\\/\"}}]}<\/script>\n<!-- \/ Yoast SEO plugin. -->","yoast_head_json":{"title":"Cosrx Hyaluronic Acid 3 ser cu hidratare intens\u0103 20 ml - SHOPATOA.COM","robots":{"index":"index","follow":"follow","max-snippet":"max-snippet:-1","max-image-preview":"max-image-preview:large","max-video-preview":"max-video-preview:-1"},"canonical":"https:\/\/shopatoa.com\/ro\/cosrx-hyaluronic-acid-3-ser-cu-hidratare-intensa-20-ml\/","og_locale":"ro_RO","og_type":"article","og_title":"Cosrx Hyaluronic Acid 3 ser cu hidratare intens\u0103 20 ml - SHOPATOA.COM","og_description":"Cosrx Hyaluronic Acid 3, 20 ml, Seruri pentru piele pentru femei, Sim\u021bi\u021bi c\u0103 tenul dvs. are nevoie de o \u00eengrijire suplimentar\u0103 fa\u021b\u0103 de cea oferit\u0103 de crema facial\u0103? Serul facial Cosrx Hyaluronic Acid 3 v\u0103 va \u00eembog\u0103\u021bi perfect rutina de \u00eengrijire a tenului \u2013 va r\u0103sf\u0103\u021ba tenul \u0219i \u00eei va oferi o \u00eengrijire intensiv\u0103. Datorit\u0103...","og_url":"https:\/\/shopatoa.com\/ro\/cosrx-hyaluronic-acid-3-ser-cu-hidratare-intensa-20-ml\/","og_site_name":"SHOPATOA","article_modified_time":"2025-12-09T01:33:41+00:00","og_image":[{"width":800,"height":800,"url":"https:\/\/storage.googleapis.com\/cz-shopatoa-img\/ro\/06ffb000-unnamed-file.webp","type":"image\/webp"}],"twitter_card":"summary_large_image","twitter_misc":{"Timp estimat pentru citire":"1 minut"},"schema":{"@context":"https:\/\/schema.org","@graph":[{"@type":"WebPage","@id":"https:\/\/shopatoa.com\/ro\/cosrx-hyaluronic-acid-3-ser-cu-hidratare-intensa-20-ml\/","url":"https:\/\/shopatoa.com\/ro\/cosrx-hyaluronic-acid-3-ser-cu-hidratare-intensa-20-ml\/","name":"Cosrx Hyaluronic Acid 3 ser cu hidratare intens\u0103 20 ml - SHOPATOA.COM","isPartOf":{"@id":"https:\/\/shopatoa.com\/ro\/#website"},"primaryImageOfPage":{"@id":"https:\/\/shopatoa.com\/ro\/cosrx-hyaluronic-acid-3-ser-cu-hidratare-intensa-20-ml\/#primaryimage"},"image":{"@id":"https:\/\/shopatoa.com\/ro\/cosrx-hyaluronic-acid-3-ser-cu-hidratare-intensa-20-ml\/#primaryimage"},"thumbnailUrl":"https:\/\/storage.googleapis.com\/cz-shopatoa-img\/ro\/06ffb000-unnamed-file.webp","datePublished":"2025-06-29T08:18:30+00:00","dateModified":"2025-12-09T01:33:41+00:00","breadcrumb":{"@id":"https:\/\/shopatoa.com\/ro\/cosrx-hyaluronic-acid-3-ser-cu-hidratare-intensa-20-ml\/#breadcrumb"},"inLanguage":"ro-RO","potentialAction":[{"@type":"ReadAction","target":["https:\/\/shopatoa.com\/ro\/cosrx-hyaluronic-acid-3-ser-cu-hidratare-intensa-20-ml\/"]}]},{"@type":"ImageObject","inLanguage":"ro-RO","@id":"https:\/\/shopatoa.com\/ro\/cosrx-hyaluronic-acid-3-ser-cu-hidratare-intensa-20-ml\/#primaryimage","url":"https:\/\/storage.googleapis.com\/cz-shopatoa-img\/ro\/06ffb000-unnamed-file.webp","contentUrl":"https:\/\/storage.googleapis.com\/cz-shopatoa-img\/ro\/06ffb000-unnamed-file.webp","width":800,"height":800},{"@type":"BreadcrumbList","@id":"https:\/\/shopatoa.com\/ro\/cosrx-hyaluronic-acid-3-ser-cu-hidratare-intensa-20-ml\/#breadcrumb","itemListElement":[{"@type":"ListItem","position":1,"name":"Dom\u016f","item":"https:\/\/shopatoa.com\/ro\/"},{"@type":"ListItem","position":2,"name":"Shop","item":"https:\/\/shopatoa.com\/ro\/shop\/"},{"@type":"ListItem","position":3,"name":"S\u0103n\u0103tate \u0219i frumuse\u021be","item":"https:\/\/shopatoa.com\/ro\/sanatate-si-frumusete\/"},{"@type":"ListItem","position":4,"name":"\u00cengrijire personal\u0103","item":"https:\/\/shopatoa.com\/ro\/ingrijire-personala\/"},{"@type":"ListItem","position":5,"name":"Cosmetice","item":"https:\/\/shopatoa.com\/ro\/cosmetice-ingrijire-personala\/"},{"@type":"ListItem","position":6,"name":"\u00cengrijirea pielii","item":"https:\/\/shopatoa.com\/ro\/ingrijirea-pielii\/"},{"@type":"ListItem","position":7,"name":"Cosrx Hyaluronic Acid 3 ser cu hidratare intens\u0103 20 ml"}]},{"@type":"WebSite","@id":"https:\/\/shopatoa.com\/ro\/#website","url":"https:\/\/shopatoa.com\/ro\/","name":"SHOPATOA","description":"","publisher":{"@id":"https:\/\/shopatoa.com\/ro\/#organization"},"potentialAction":[{"@type":"SearchAction","target":{"@type":"EntryPoint","urlTemplate":"https:\/\/shopatoa.com\/ro\/?s={search_term_string}"},"query-input":{"@type":"PropertyValueSpecification","valueRequired":true,"valueName":"search_term_string"}}],"inLanguage":"ro-RO"},{"@type":"Organization","@id":"https:\/\/shopatoa.com\/ro\/#organization","name":"SHOPATOA","url":"https:\/\/shopatoa.com\/ro\/","logo":{"@type":"ImageObject","inLanguage":"ro-RO","@id":"https:\/\/shopatoa.com\/ro\/#\/schema\/logo\/image\/","url":"https:\/\/storage.googleapis.com\/cz-shopatoa-img\/ro\/b4dac915-shopatoa_logo.png","contentUrl":"https:\/\/storage.googleapis.com\/cz-shopatoa-img\/ro\/b4dac915-shopatoa_logo.png","width":416,"height":63,"caption":"SHOPATOA"},"image":{"@id":"https:\/\/shopatoa.com\/ro\/#\/schema\/logo\/image\/"}}]}},"_links":{"self":[{"href":"https:\/\/shopatoa.com\/ro\/wp-json\/wp\/v2\/product\/478841","targetHints":{"allow":["GET"]}}],"collection":[{"href":"https:\/\/shopatoa.com\/ro\/wp-json\/wp\/v2\/product"}],"about":[{"href":"https:\/\/shopatoa.com\/ro\/wp-json\/wp\/v2\/types\/product"}],"replies":[{"embeddable":true,"href":"https:\/\/shopatoa.com\/ro\/wp-json\/wp\/v2\/comments?post=478841"}],"wp:featuredmedia":[{"embeddable":true,"href":"https:\/\/shopatoa.com\/ro\/wp-json\/wp\/v2\/media\/478842"}],"wp:attachment":[{"href":"https:\/\/shopatoa.com\/ro\/wp-json\/wp\/v2\/media?parent=478841"}],"wp:term":[{"taxonomy":"product_brand","embeddable":true,"href":"https:\/\/shopatoa.com\/ro\/wp-json\/wp\/v2\/product_brand?post=478841"},{"taxonomy":"product_cat","embeddable":true,"href":"https:\/\/shopatoa.com\/ro\/wp-json\/wp\/v2\/product_cat?post=478841"},{"taxonomy":"product_tag","embeddable":true,"href":"https:\/\/shopatoa.com\/ro\/wp-json\/wp\/v2\/product_tag?post=478841"}],"curies":[{"name":"wp","href":"https:\/\/api.w.org\/{rel}","templated":true}]}}