{"id":479115,"date":"2025-06-29T10:44:16","date_gmt":"2025-06-29T08:44:16","guid":{"rendered":"https:\/\/shopatoa.com\/ro\/shu-uemura-ashita-supreme-ser-de-par-cu-efect-revitalizant-90-ml\/"},"modified":"2025-12-09T01:23:10","modified_gmt":"2025-12-09T00:23:10","slug":"shu-uemura-ashita-supreme-ser-de-par-cu-efect-revitalizant-90-ml","status":"publish","type":"product","link":"https:\/\/shopatoa.com\/ro\/shu-uemura-ashita-supreme-ser-de-par-cu-efect-revitalizant-90-ml\/","title":{"rendered":"Shu Uemura Ashita Supreme ser de p\u0103r cu efect revitalizant 90 ml"},"content":{"rendered":"<p>Shu Uemura Ashita Supreme, 90 ml, Seruri pentru p\u0103r unisex, V\u0103 dori\u021bi un p\u0103r frumos de la r\u0103d\u0103cin\u0103 p\u00e2n\u0103 la v\u00e2rfuri, dar sim\u021bi\u021bi c\u0103 \u00eengrijirea oferit\u0103 de \u0219ampon, balsam sau chiar masc\u0103 nu este suficient\u0103? Serul Shu Uemura Ashita Supreme v\u0103 va \u00eembog\u0103\u021bi perfect rutina de \u00eengrijire existent\u0103 \u0219i v\u0103 va ajuta s\u0103 ob\u021bine\u021bi rezultatul dorit. Va oferi nutri\u021bia necesar\u0103, fortific\u00e2nd p\u0103rul \u0219i oferindu-i tot ce are nevoie pentru a str\u0103luci din nou. Datorit\u0103 formulei de \u00eengrijire care favorizeaz\u0103 regenerarea natural\u0103, serul va oferi p\u0103rului dvs. o nou\u0103 via\u021b\u0103. Cu o utilizare regulat\u0103, ve\u021bi observa \u00een scurt timp un p\u0103r puternic, str\u0103lucitor \u0219i cu aspect s\u0103n\u0103tos.  Caracteristici:  ofer\u0103 p\u0103rului hidratare \u0219i nutri\u021bie are efect regenerator reface str\u0103lucirea natural\u0103 a p\u0103rului \u00eempiedic\u0103 ruperea p\u0103rului  Ingrediente:  f\u0103r\u0103 silicon f\u0103r\u0103 sulfa\u021bi  Cum se utilizeaz\u0103: Aplica\u021bi dup\u0103 sp\u0103larea p\u0103rului. \u00centinde\u021bi bine \u0219i uniform. L\u0103sa\u021bi s\u0103 ac\u021bioneze pentru num\u0103rul de minute indicat: 5. Se cl\u0103te\u0219te. Pentru un efect maxim, combina\u021bi cu alte produse pentru p\u0103r, din aceea\u0219i gam\u0103.<\/p>\n","protected":false},"excerpt":{"rendered":"<p>Shu Uemura Ashita Supreme, 90 ml, Seruri pentru p\u0103r unisex, V\u0103 dori\u021bi un p\u0103r frumos de la r\u0103d\u0103cin\u0103 p\u00e2n\u0103 la v\u00e2rfuri, dar sim\u021bi\u021bi c\u0103 \u00eengrijirea oferit\u0103 de \u0219ampon, balsam sau chiar masc\u0103 nu este suficient\u0103? Serul Shu Uemura Ashita Supreme v\u0103 va \u00eembog\u0103\u021bi perfect rutina de \u00eengrijire existent\u0103 \u0219i v\u0103 va ajuta s\u0103 ob\u021bine\u021bi rezultatul&#8230;<\/p>\n","protected":false},"featured_media":479116,"comment_status":"closed","ping_status":"open","template":"","meta":{"_acf_changed":false,"_kadence_starter_templates_imported_post":false,"_kad_post_transparent":"","_kad_post_title":"","_kad_post_layout":"","_kad_post_sidebar_id":"","_kad_post_content_style":"","_kad_post_vertical_padding":"","_kad_post_feature":"","_kad_post_feature_position":"","_kad_post_header":false,"_kad_post_footer":false,"_kad_post_classname":""},"product_brand":[452],"product_cat":[1563,1590,1562],"product_tag":[],"class_list":{"0":"post-479115","1":"product","2":"type-product","3":"status-publish","4":"has-post-thumbnail","6":"product_brand-shu-uemura","7":"product_cat-ingrijire-personala","8":"product_cat-ingrijirea-parului","9":"product_cat-sanatate-si-frumusete","10":"pa_gen-unisex","11":"pa_marime-90-ml","13":"first","14":"instock","15":"sale","16":"product-type-external","17":"entry","18":"content-bg","19":"loop-entry"},"acf":[],"yoast_head":"<!-- This site is optimized with the Yoast SEO plugin v27.4 - https:\/\/yoast.com\/product\/yoast-seo-wordpress\/ -->\n<title>Shu Uemura Ashita Supreme ser de p\u0103r cu efect revitalizant 90 ml - SHOPATOA.COM<\/title>\n<meta name=\"robots\" content=\"index, follow, max-snippet:-1, max-image-preview:large, max-video-preview:-1\" \/>\n<link rel=\"canonical\" href=\"https:\/\/shopatoa.com\/ro\/shu-uemura-ashita-supreme-ser-de-par-cu-efect-revitalizant-90-ml\/\" \/>\n<meta property=\"og:locale\" content=\"ro_RO\" \/>\n<meta property=\"og:type\" content=\"article\" \/>\n<meta property=\"og:title\" content=\"Shu Uemura Ashita Supreme ser de p\u0103r cu efect revitalizant 90 ml - SHOPATOA.COM\" \/>\n<meta property=\"og:description\" content=\"Shu Uemura Ashita Supreme, 90 ml, Seruri pentru p\u0103r unisex, V\u0103 dori\u021bi un p\u0103r frumos de la r\u0103d\u0103cin\u0103 p\u00e2n\u0103 la v\u00e2rfuri, dar sim\u021bi\u021bi c\u0103 \u00eengrijirea oferit\u0103 de \u0219ampon, balsam sau chiar masc\u0103 nu este suficient\u0103? Serul Shu Uemura Ashita Supreme v\u0103 va \u00eembog\u0103\u021bi perfect rutina de \u00eengrijire existent\u0103 \u0219i v\u0103 va ajuta s\u0103 ob\u021bine\u021bi rezultatul...\" \/>\n<meta property=\"og:url\" content=\"https:\/\/shopatoa.com\/ro\/shu-uemura-ashita-supreme-ser-de-par-cu-efect-revitalizant-90-ml\/\" \/>\n<meta property=\"og:site_name\" content=\"SHOPATOA\" \/>\n<meta property=\"article:modified_time\" content=\"2025-12-09T00:23:10+00:00\" \/>\n<meta property=\"og:image\" content=\"https:\/\/storage.googleapis.com\/cz-shopatoa-img\/ro\/9b4fac69-unnamed-file.webp\" \/>\n\t<meta property=\"og:image:width\" content=\"800\" \/>\n\t<meta property=\"og:image:height\" content=\"800\" \/>\n\t<meta property=\"og:image:type\" content=\"image\/webp\" \/>\n<meta name=\"twitter:card\" content=\"summary_large_image\" \/>\n<meta name=\"twitter:label1\" content=\"Timp estimat pentru citire\" \/>\n\t<meta name=\"twitter:data1\" content=\"1 minut\" \/>\n<script type=\"application\/ld+json\" class=\"yoast-schema-graph\">{\"@context\":\"https:\\\/\\\/schema.org\",\"@graph\":[{\"@type\":\"WebPage\",\"@id\":\"https:\\\/\\\/shopatoa.com\\\/ro\\\/shu-uemura-ashita-supreme-ser-de-par-cu-efect-revitalizant-90-ml\\\/\",\"url\":\"https:\\\/\\\/shopatoa.com\\\/ro\\\/shu-uemura-ashita-supreme-ser-de-par-cu-efect-revitalizant-90-ml\\\/\",\"name\":\"Shu Uemura Ashita Supreme ser de p\u0103r cu efect revitalizant 90 ml - SHOPATOA.COM\",\"isPartOf\":{\"@id\":\"https:\\\/\\\/shopatoa.com\\\/ro\\\/#website\"},\"primaryImageOfPage\":{\"@id\":\"https:\\\/\\\/shopatoa.com\\\/ro\\\/shu-uemura-ashita-supreme-ser-de-par-cu-efect-revitalizant-90-ml\\\/#primaryimage\"},\"image\":{\"@id\":\"https:\\\/\\\/shopatoa.com\\\/ro\\\/shu-uemura-ashita-supreme-ser-de-par-cu-efect-revitalizant-90-ml\\\/#primaryimage\"},\"thumbnailUrl\":\"https:\\\/\\\/storage.googleapis.com\\\/cz-shopatoa-img\\\/ro\\\/9b4fac69-unnamed-file.webp\",\"datePublished\":\"2025-06-29T08:44:16+00:00\",\"dateModified\":\"2025-12-09T00:23:10+00:00\",\"breadcrumb\":{\"@id\":\"https:\\\/\\\/shopatoa.com\\\/ro\\\/shu-uemura-ashita-supreme-ser-de-par-cu-efect-revitalizant-90-ml\\\/#breadcrumb\"},\"inLanguage\":\"ro-RO\",\"potentialAction\":[{\"@type\":\"ReadAction\",\"target\":[\"https:\\\/\\\/shopatoa.com\\\/ro\\\/shu-uemura-ashita-supreme-ser-de-par-cu-efect-revitalizant-90-ml\\\/\"]}]},{\"@type\":\"ImageObject\",\"inLanguage\":\"ro-RO\",\"@id\":\"https:\\\/\\\/shopatoa.com\\\/ro\\\/shu-uemura-ashita-supreme-ser-de-par-cu-efect-revitalizant-90-ml\\\/#primaryimage\",\"url\":\"https:\\\/\\\/storage.googleapis.com\\\/cz-shopatoa-img\\\/ro\\\/9b4fac69-unnamed-file.webp\",\"contentUrl\":\"https:\\\/\\\/storage.googleapis.com\\\/cz-shopatoa-img\\\/ro\\\/9b4fac69-unnamed-file.webp\",\"width\":800,\"height\":800},{\"@type\":\"BreadcrumbList\",\"@id\":\"https:\\\/\\\/shopatoa.com\\\/ro\\\/shu-uemura-ashita-supreme-ser-de-par-cu-efect-revitalizant-90-ml\\\/#breadcrumb\",\"itemListElement\":[{\"@type\":\"ListItem\",\"position\":1,\"name\":\"Dom\u016f\",\"item\":\"https:\\\/\\\/shopatoa.com\\\/ro\\\/\"},{\"@type\":\"ListItem\",\"position\":2,\"name\":\"Shop\",\"item\":\"https:\\\/\\\/shopatoa.com\\\/ro\\\/shop\\\/\"},{\"@type\":\"ListItem\",\"position\":3,\"name\":\"S\u0103n\u0103tate \u0219i frumuse\u021be\",\"item\":\"https:\\\/\\\/shopatoa.com\\\/ro\\\/sanatate-si-frumusete\\\/\"},{\"@type\":\"ListItem\",\"position\":4,\"name\":\"\u00cengrijire personal\u0103\",\"item\":\"https:\\\/\\\/shopatoa.com\\\/ro\\\/ingrijire-personala\\\/\"},{\"@type\":\"ListItem\",\"position\":5,\"name\":\"\u00cengrijirea p\u0103rului\",\"item\":\"https:\\\/\\\/shopatoa.com\\\/ro\\\/ingrijirea-parului\\\/\"},{\"@type\":\"ListItem\",\"position\":6,\"name\":\"Shu Uemura Ashita Supreme ser de p\u0103r cu efect revitalizant 90 ml\"}]},{\"@type\":\"WebSite\",\"@id\":\"https:\\\/\\\/shopatoa.com\\\/ro\\\/#website\",\"url\":\"https:\\\/\\\/shopatoa.com\\\/ro\\\/\",\"name\":\"SHOPATOA\",\"description\":\"\",\"publisher\":{\"@id\":\"https:\\\/\\\/shopatoa.com\\\/ro\\\/#organization\"},\"potentialAction\":[{\"@type\":\"SearchAction\",\"target\":{\"@type\":\"EntryPoint\",\"urlTemplate\":\"https:\\\/\\\/shopatoa.com\\\/ro\\\/?s={search_term_string}\"},\"query-input\":{\"@type\":\"PropertyValueSpecification\",\"valueRequired\":true,\"valueName\":\"search_term_string\"}}],\"inLanguage\":\"ro-RO\"},{\"@type\":\"Organization\",\"@id\":\"https:\\\/\\\/shopatoa.com\\\/ro\\\/#organization\",\"name\":\"SHOPATOA\",\"url\":\"https:\\\/\\\/shopatoa.com\\\/ro\\\/\",\"logo\":{\"@type\":\"ImageObject\",\"inLanguage\":\"ro-RO\",\"@id\":\"https:\\\/\\\/shopatoa.com\\\/ro\\\/#\\\/schema\\\/logo\\\/image\\\/\",\"url\":\"https:\\\/\\\/storage.googleapis.com\\\/cz-shopatoa-img\\\/ro\\\/b4dac915-shopatoa_logo.png\",\"contentUrl\":\"https:\\\/\\\/storage.googleapis.com\\\/cz-shopatoa-img\\\/ro\\\/b4dac915-shopatoa_logo.png\",\"width\":416,\"height\":63,\"caption\":\"SHOPATOA\"},\"image\":{\"@id\":\"https:\\\/\\\/shopatoa.com\\\/ro\\\/#\\\/schema\\\/logo\\\/image\\\/\"}}]}<\/script>\n<!-- \/ Yoast SEO plugin. -->","yoast_head_json":{"title":"Shu Uemura Ashita Supreme ser de p\u0103r cu efect revitalizant 90 ml - SHOPATOA.COM","robots":{"index":"index","follow":"follow","max-snippet":"max-snippet:-1","max-image-preview":"max-image-preview:large","max-video-preview":"max-video-preview:-1"},"canonical":"https:\/\/shopatoa.com\/ro\/shu-uemura-ashita-supreme-ser-de-par-cu-efect-revitalizant-90-ml\/","og_locale":"ro_RO","og_type":"article","og_title":"Shu Uemura Ashita Supreme ser de p\u0103r cu efect revitalizant 90 ml - SHOPATOA.COM","og_description":"Shu Uemura Ashita Supreme, 90 ml, Seruri pentru p\u0103r unisex, V\u0103 dori\u021bi un p\u0103r frumos de la r\u0103d\u0103cin\u0103 p\u00e2n\u0103 la v\u00e2rfuri, dar sim\u021bi\u021bi c\u0103 \u00eengrijirea oferit\u0103 de \u0219ampon, balsam sau chiar masc\u0103 nu este suficient\u0103? Serul Shu Uemura Ashita Supreme v\u0103 va \u00eembog\u0103\u021bi perfect rutina de \u00eengrijire existent\u0103 \u0219i v\u0103 va ajuta s\u0103 ob\u021bine\u021bi rezultatul...","og_url":"https:\/\/shopatoa.com\/ro\/shu-uemura-ashita-supreme-ser-de-par-cu-efect-revitalizant-90-ml\/","og_site_name":"SHOPATOA","article_modified_time":"2025-12-09T00:23:10+00:00","og_image":[{"width":800,"height":800,"url":"https:\/\/storage.googleapis.com\/cz-shopatoa-img\/ro\/9b4fac69-unnamed-file.webp","type":"image\/webp"}],"twitter_card":"summary_large_image","twitter_misc":{"Timp estimat pentru citire":"1 minut"},"schema":{"@context":"https:\/\/schema.org","@graph":[{"@type":"WebPage","@id":"https:\/\/shopatoa.com\/ro\/shu-uemura-ashita-supreme-ser-de-par-cu-efect-revitalizant-90-ml\/","url":"https:\/\/shopatoa.com\/ro\/shu-uemura-ashita-supreme-ser-de-par-cu-efect-revitalizant-90-ml\/","name":"Shu Uemura Ashita Supreme ser de p\u0103r cu efect revitalizant 90 ml - SHOPATOA.COM","isPartOf":{"@id":"https:\/\/shopatoa.com\/ro\/#website"},"primaryImageOfPage":{"@id":"https:\/\/shopatoa.com\/ro\/shu-uemura-ashita-supreme-ser-de-par-cu-efect-revitalizant-90-ml\/#primaryimage"},"image":{"@id":"https:\/\/shopatoa.com\/ro\/shu-uemura-ashita-supreme-ser-de-par-cu-efect-revitalizant-90-ml\/#primaryimage"},"thumbnailUrl":"https:\/\/storage.googleapis.com\/cz-shopatoa-img\/ro\/9b4fac69-unnamed-file.webp","datePublished":"2025-06-29T08:44:16+00:00","dateModified":"2025-12-09T00:23:10+00:00","breadcrumb":{"@id":"https:\/\/shopatoa.com\/ro\/shu-uemura-ashita-supreme-ser-de-par-cu-efect-revitalizant-90-ml\/#breadcrumb"},"inLanguage":"ro-RO","potentialAction":[{"@type":"ReadAction","target":["https:\/\/shopatoa.com\/ro\/shu-uemura-ashita-supreme-ser-de-par-cu-efect-revitalizant-90-ml\/"]}]},{"@type":"ImageObject","inLanguage":"ro-RO","@id":"https:\/\/shopatoa.com\/ro\/shu-uemura-ashita-supreme-ser-de-par-cu-efect-revitalizant-90-ml\/#primaryimage","url":"https:\/\/storage.googleapis.com\/cz-shopatoa-img\/ro\/9b4fac69-unnamed-file.webp","contentUrl":"https:\/\/storage.googleapis.com\/cz-shopatoa-img\/ro\/9b4fac69-unnamed-file.webp","width":800,"height":800},{"@type":"BreadcrumbList","@id":"https:\/\/shopatoa.com\/ro\/shu-uemura-ashita-supreme-ser-de-par-cu-efect-revitalizant-90-ml\/#breadcrumb","itemListElement":[{"@type":"ListItem","position":1,"name":"Dom\u016f","item":"https:\/\/shopatoa.com\/ro\/"},{"@type":"ListItem","position":2,"name":"Shop","item":"https:\/\/shopatoa.com\/ro\/shop\/"},{"@type":"ListItem","position":3,"name":"S\u0103n\u0103tate \u0219i frumuse\u021be","item":"https:\/\/shopatoa.com\/ro\/sanatate-si-frumusete\/"},{"@type":"ListItem","position":4,"name":"\u00cengrijire personal\u0103","item":"https:\/\/shopatoa.com\/ro\/ingrijire-personala\/"},{"@type":"ListItem","position":5,"name":"\u00cengrijirea p\u0103rului","item":"https:\/\/shopatoa.com\/ro\/ingrijirea-parului\/"},{"@type":"ListItem","position":6,"name":"Shu Uemura Ashita Supreme ser de p\u0103r cu efect revitalizant 90 ml"}]},{"@type":"WebSite","@id":"https:\/\/shopatoa.com\/ro\/#website","url":"https:\/\/shopatoa.com\/ro\/","name":"SHOPATOA","description":"","publisher":{"@id":"https:\/\/shopatoa.com\/ro\/#organization"},"potentialAction":[{"@type":"SearchAction","target":{"@type":"EntryPoint","urlTemplate":"https:\/\/shopatoa.com\/ro\/?s={search_term_string}"},"query-input":{"@type":"PropertyValueSpecification","valueRequired":true,"valueName":"search_term_string"}}],"inLanguage":"ro-RO"},{"@type":"Organization","@id":"https:\/\/shopatoa.com\/ro\/#organization","name":"SHOPATOA","url":"https:\/\/shopatoa.com\/ro\/","logo":{"@type":"ImageObject","inLanguage":"ro-RO","@id":"https:\/\/shopatoa.com\/ro\/#\/schema\/logo\/image\/","url":"https:\/\/storage.googleapis.com\/cz-shopatoa-img\/ro\/b4dac915-shopatoa_logo.png","contentUrl":"https:\/\/storage.googleapis.com\/cz-shopatoa-img\/ro\/b4dac915-shopatoa_logo.png","width":416,"height":63,"caption":"SHOPATOA"},"image":{"@id":"https:\/\/shopatoa.com\/ro\/#\/schema\/logo\/image\/"}}]}},"_links":{"self":[{"href":"https:\/\/shopatoa.com\/ro\/wp-json\/wp\/v2\/product\/479115","targetHints":{"allow":["GET"]}}],"collection":[{"href":"https:\/\/shopatoa.com\/ro\/wp-json\/wp\/v2\/product"}],"about":[{"href":"https:\/\/shopatoa.com\/ro\/wp-json\/wp\/v2\/types\/product"}],"replies":[{"embeddable":true,"href":"https:\/\/shopatoa.com\/ro\/wp-json\/wp\/v2\/comments?post=479115"}],"wp:featuredmedia":[{"embeddable":true,"href":"https:\/\/shopatoa.com\/ro\/wp-json\/wp\/v2\/media\/479116"}],"wp:attachment":[{"href":"https:\/\/shopatoa.com\/ro\/wp-json\/wp\/v2\/media?parent=479115"}],"wp:term":[{"taxonomy":"product_brand","embeddable":true,"href":"https:\/\/shopatoa.com\/ro\/wp-json\/wp\/v2\/product_brand?post=479115"},{"taxonomy":"product_cat","embeddable":true,"href":"https:\/\/shopatoa.com\/ro\/wp-json\/wp\/v2\/product_cat?post=479115"},{"taxonomy":"product_tag","embeddable":true,"href":"https:\/\/shopatoa.com\/ro\/wp-json\/wp\/v2\/product_tag?post=479115"}],"curies":[{"name":"wp","href":"https:\/\/api.w.org\/{rel}","templated":true}]}}