{"id":479203,"date":"2025-06-29T10:51:30","date_gmt":"2025-06-29T08:51:30","guid":{"rendered":"https:\/\/shopatoa.com\/ro\/eleven-australia-slick-hold-styling-pomade-pasta-de-styling-pentru-o-fixare-foarte-puternica-lucios-85-g\/"},"modified":"2025-12-09T00:26:09","modified_gmt":"2025-12-08T23:26:09","slug":"eleven-australia-slick-hold-styling-pomade-pasta-de-styling-pentru-o-fixare-foarte-puternica-lucios-85-g","status":"publish","type":"product","link":"https:\/\/shopatoa.com\/ro\/eleven-australia-slick-hold-styling-pomade-pasta-de-styling-pentru-o-fixare-foarte-puternica-lucios-85-g\/","title":{"rendered":"Eleven Australia Slick Hold Styling Pomade past\u0103 de styling pentru o fixare foarte puternic\u0103 lucios 85 g"},"content":{"rendered":"<p>Eleven Australia Slick Hold Styling Pomade, 85 g, Pomad\u0103 pentru p\u0103r pentru femei, Dori\u021bi s\u0103 \u00eembl\u00e2nzi\u021bi p\u0103rul rebel \u0219i s\u0103 ob\u021bine\u021bi o coafur\u0103 neted\u0103 care s\u0103 reziste? Miza\u021bi pe produse cosmetice de styling dovedite. Pomada pentru p\u0103r Eleven Australia Slick Hold Styling Pomade v\u0103 va ajuta s\u0103 ob\u021bine\u021bi un rezultat perfect. V\u0103 va permite s\u0103 netezi\u021bi p\u0103rul, s\u0103 \u00eei conferi\u021bi forma dorit\u0103 \u0219i s\u0103 crea\u021bi un styling perfect ca din m\u00e2inile unui profesionist, \u00een confortul de acas\u0103. \u00cen plus, va asigura o fixare puternic\u0103 \u0219i rezisten\u021b\u0103, astfel \u00eenc\u00e2t fiecare \u0219uvi\u021b\u0103 s\u0103 r\u0103m\u00e2n\u0103 la locul ei, iar p\u0103rul dvs. s\u0103 arate perfect aranjat pe tot parcursul zilei. \u00cencerca\u021bi acest produs de styling testat \u00een timp \u0219i l\u0103sa\u021bi-l s\u0103 v\u0103 accentueze coafura \u0219i s\u0103 o fixeze pentru o perioad\u0103 lung\u0103 de timp.  Caracteristici:  ofer\u0103 p\u0103rului o str\u0103lucire radiant\u0103 asigur\u0103 coafurii o fixare durabil\u0103 creeaz\u0103 un efect de p\u0103r umed  Cum se utilizeaz\u0103: Se poate aplica pe p\u0103rul umed sau uscat.<\/p>\n","protected":false},"excerpt":{"rendered":"<p>Eleven Australia Slick Hold Styling Pomade, 85 g, Pomad\u0103 pentru p\u0103r pentru femei, Dori\u021bi s\u0103 \u00eembl\u00e2nzi\u021bi p\u0103rul rebel \u0219i s\u0103 ob\u021bine\u021bi o coafur\u0103 neted\u0103 care s\u0103 reziste? Miza\u021bi pe produse cosmetice de styling dovedite. Pomada pentru p\u0103r Eleven Australia Slick Hold Styling Pomade v\u0103 va ajuta s\u0103 ob\u021bine\u021bi un rezultat perfect. V\u0103 va permite s\u0103&#8230;<\/p>\n","protected":false},"featured_media":479204,"comment_status":"closed","ping_status":"open","template":"","meta":{"_acf_changed":false,"_kadence_starter_templates_imported_post":false,"_kad_post_transparent":"","_kad_post_title":"","_kad_post_layout":"","_kad_post_sidebar_id":"","_kad_post_content_style":"","_kad_post_vertical_padding":"","_kad_post_feature":"","_kad_post_feature_position":"","_kad_post_header":false,"_kad_post_footer":false,"_kad_post_classname":""},"product_brand":[2095],"product_cat":[1563,1590,1633,1562],"product_tag":[],"class_list":{"0":"post-479203","1":"product","2":"type-product","3":"status-publish","4":"has-post-thumbnail","6":"product_brand-eleven-australia","7":"product_cat-ingrijire-personala","8":"product_cat-ingrijirea-parului","9":"product_cat-produse-de-coafare-a-parului","10":"product_cat-sanatate-si-frumusete","11":"pa_gen-female","12":"pa_marime-85-g","14":"first","15":"instock","16":"product-type-external","17":"entry","18":"content-bg","19":"loop-entry"},"acf":[],"yoast_head":"<!-- This site is optimized with the Yoast SEO plugin v27.4 - https:\/\/yoast.com\/product\/yoast-seo-wordpress\/ -->\n<title>Eleven Australia Slick Hold Styling Pomade past\u0103 de styling pentru o fixare foarte puternic\u0103 lucios 85 g - SHOPATOA.COM<\/title>\n<meta name=\"robots\" content=\"index, follow, max-snippet:-1, max-image-preview:large, max-video-preview:-1\" \/>\n<link rel=\"canonical\" href=\"https:\/\/shopatoa.com\/ro\/eleven-australia-slick-hold-styling-pomade-pasta-de-styling-pentru-o-fixare-foarte-puternica-lucios-85-g\/\" \/>\n<meta property=\"og:locale\" content=\"ro_RO\" \/>\n<meta property=\"og:type\" content=\"article\" \/>\n<meta property=\"og:title\" content=\"Eleven Australia Slick Hold Styling Pomade past\u0103 de styling pentru o fixare foarte puternic\u0103 lucios 85 g - SHOPATOA.COM\" \/>\n<meta property=\"og:description\" content=\"Eleven Australia Slick Hold Styling Pomade, 85 g, Pomad\u0103 pentru p\u0103r pentru femei, Dori\u021bi s\u0103 \u00eembl\u00e2nzi\u021bi p\u0103rul rebel \u0219i s\u0103 ob\u021bine\u021bi o coafur\u0103 neted\u0103 care s\u0103 reziste? Miza\u021bi pe produse cosmetice de styling dovedite. Pomada pentru p\u0103r Eleven Australia Slick Hold Styling Pomade v\u0103 va ajuta s\u0103 ob\u021bine\u021bi un rezultat perfect. V\u0103 va permite s\u0103...\" \/>\n<meta property=\"og:url\" content=\"https:\/\/shopatoa.com\/ro\/eleven-australia-slick-hold-styling-pomade-pasta-de-styling-pentru-o-fixare-foarte-puternica-lucios-85-g\/\" \/>\n<meta property=\"og:site_name\" content=\"SHOPATOA\" \/>\n<meta property=\"article:modified_time\" content=\"2025-12-08T23:26:09+00:00\" \/>\n<meta property=\"og:image\" content=\"https:\/\/storage.googleapis.com\/cz-shopatoa-img\/ro\/5e8c4c9c-unnamed-file.webp\" \/>\n\t<meta property=\"og:image:width\" content=\"800\" \/>\n\t<meta property=\"og:image:height\" content=\"800\" \/>\n\t<meta property=\"og:image:type\" content=\"image\/webp\" \/>\n<meta name=\"twitter:card\" content=\"summary_large_image\" \/>\n<meta name=\"twitter:label1\" content=\"Timp estimat pentru citire\" \/>\n\t<meta name=\"twitter:data1\" content=\"1 minut\" \/>\n<script type=\"application\/ld+json\" class=\"yoast-schema-graph\">{\"@context\":\"https:\\\/\\\/schema.org\",\"@graph\":[{\"@type\":\"WebPage\",\"@id\":\"https:\\\/\\\/shopatoa.com\\\/ro\\\/eleven-australia-slick-hold-styling-pomade-pasta-de-styling-pentru-o-fixare-foarte-puternica-lucios-85-g\\\/\",\"url\":\"https:\\\/\\\/shopatoa.com\\\/ro\\\/eleven-australia-slick-hold-styling-pomade-pasta-de-styling-pentru-o-fixare-foarte-puternica-lucios-85-g\\\/\",\"name\":\"Eleven Australia Slick Hold Styling Pomade past\u0103 de styling pentru o fixare foarte puternic\u0103 lucios 85 g - SHOPATOA.COM\",\"isPartOf\":{\"@id\":\"https:\\\/\\\/shopatoa.com\\\/ro\\\/#website\"},\"primaryImageOfPage\":{\"@id\":\"https:\\\/\\\/shopatoa.com\\\/ro\\\/eleven-australia-slick-hold-styling-pomade-pasta-de-styling-pentru-o-fixare-foarte-puternica-lucios-85-g\\\/#primaryimage\"},\"image\":{\"@id\":\"https:\\\/\\\/shopatoa.com\\\/ro\\\/eleven-australia-slick-hold-styling-pomade-pasta-de-styling-pentru-o-fixare-foarte-puternica-lucios-85-g\\\/#primaryimage\"},\"thumbnailUrl\":\"https:\\\/\\\/storage.googleapis.com\\\/cz-shopatoa-img\\\/ro\\\/5e8c4c9c-unnamed-file.webp\",\"datePublished\":\"2025-06-29T08:51:30+00:00\",\"dateModified\":\"2025-12-08T23:26:09+00:00\",\"breadcrumb\":{\"@id\":\"https:\\\/\\\/shopatoa.com\\\/ro\\\/eleven-australia-slick-hold-styling-pomade-pasta-de-styling-pentru-o-fixare-foarte-puternica-lucios-85-g\\\/#breadcrumb\"},\"inLanguage\":\"ro-RO\",\"potentialAction\":[{\"@type\":\"ReadAction\",\"target\":[\"https:\\\/\\\/shopatoa.com\\\/ro\\\/eleven-australia-slick-hold-styling-pomade-pasta-de-styling-pentru-o-fixare-foarte-puternica-lucios-85-g\\\/\"]}]},{\"@type\":\"ImageObject\",\"inLanguage\":\"ro-RO\",\"@id\":\"https:\\\/\\\/shopatoa.com\\\/ro\\\/eleven-australia-slick-hold-styling-pomade-pasta-de-styling-pentru-o-fixare-foarte-puternica-lucios-85-g\\\/#primaryimage\",\"url\":\"https:\\\/\\\/storage.googleapis.com\\\/cz-shopatoa-img\\\/ro\\\/5e8c4c9c-unnamed-file.webp\",\"contentUrl\":\"https:\\\/\\\/storage.googleapis.com\\\/cz-shopatoa-img\\\/ro\\\/5e8c4c9c-unnamed-file.webp\",\"width\":800,\"height\":800},{\"@type\":\"BreadcrumbList\",\"@id\":\"https:\\\/\\\/shopatoa.com\\\/ro\\\/eleven-australia-slick-hold-styling-pomade-pasta-de-styling-pentru-o-fixare-foarte-puternica-lucios-85-g\\\/#breadcrumb\",\"itemListElement\":[{\"@type\":\"ListItem\",\"position\":1,\"name\":\"Dom\u016f\",\"item\":\"https:\\\/\\\/shopatoa.com\\\/ro\\\/\"},{\"@type\":\"ListItem\",\"position\":2,\"name\":\"Shop\",\"item\":\"https:\\\/\\\/shopatoa.com\\\/ro\\\/shop\\\/\"},{\"@type\":\"ListItem\",\"position\":3,\"name\":\"S\u0103n\u0103tate \u0219i frumuse\u021be\",\"item\":\"https:\\\/\\\/shopatoa.com\\\/ro\\\/sanatate-si-frumusete\\\/\"},{\"@type\":\"ListItem\",\"position\":4,\"name\":\"\u00cengrijire personal\u0103\",\"item\":\"https:\\\/\\\/shopatoa.com\\\/ro\\\/ingrijire-personala\\\/\"},{\"@type\":\"ListItem\",\"position\":5,\"name\":\"\u00cengrijirea p\u0103rului\",\"item\":\"https:\\\/\\\/shopatoa.com\\\/ro\\\/ingrijirea-parului\\\/\"},{\"@type\":\"ListItem\",\"position\":6,\"name\":\"Produse de coafare a p\u0103rului\",\"item\":\"https:\\\/\\\/shopatoa.com\\\/ro\\\/produse-de-coafare-a-parului\\\/\"},{\"@type\":\"ListItem\",\"position\":7,\"name\":\"Eleven Australia Slick Hold Styling Pomade past\u0103 de styling pentru o fixare foarte puternic\u0103 lucios 85 g\"}]},{\"@type\":\"WebSite\",\"@id\":\"https:\\\/\\\/shopatoa.com\\\/ro\\\/#website\",\"url\":\"https:\\\/\\\/shopatoa.com\\\/ro\\\/\",\"name\":\"SHOPATOA\",\"description\":\"\",\"publisher\":{\"@id\":\"https:\\\/\\\/shopatoa.com\\\/ro\\\/#organization\"},\"potentialAction\":[{\"@type\":\"SearchAction\",\"target\":{\"@type\":\"EntryPoint\",\"urlTemplate\":\"https:\\\/\\\/shopatoa.com\\\/ro\\\/?s={search_term_string}\"},\"query-input\":{\"@type\":\"PropertyValueSpecification\",\"valueRequired\":true,\"valueName\":\"search_term_string\"}}],\"inLanguage\":\"ro-RO\"},{\"@type\":\"Organization\",\"@id\":\"https:\\\/\\\/shopatoa.com\\\/ro\\\/#organization\",\"name\":\"SHOPATOA\",\"url\":\"https:\\\/\\\/shopatoa.com\\\/ro\\\/\",\"logo\":{\"@type\":\"ImageObject\",\"inLanguage\":\"ro-RO\",\"@id\":\"https:\\\/\\\/shopatoa.com\\\/ro\\\/#\\\/schema\\\/logo\\\/image\\\/\",\"url\":\"https:\\\/\\\/storage.googleapis.com\\\/cz-shopatoa-img\\\/ro\\\/b4dac915-shopatoa_logo.png\",\"contentUrl\":\"https:\\\/\\\/storage.googleapis.com\\\/cz-shopatoa-img\\\/ro\\\/b4dac915-shopatoa_logo.png\",\"width\":416,\"height\":63,\"caption\":\"SHOPATOA\"},\"image\":{\"@id\":\"https:\\\/\\\/shopatoa.com\\\/ro\\\/#\\\/schema\\\/logo\\\/image\\\/\"}}]}<\/script>\n<!-- \/ Yoast SEO plugin. -->","yoast_head_json":{"title":"Eleven Australia Slick Hold Styling Pomade past\u0103 de styling pentru o fixare foarte puternic\u0103 lucios 85 g - SHOPATOA.COM","robots":{"index":"index","follow":"follow","max-snippet":"max-snippet:-1","max-image-preview":"max-image-preview:large","max-video-preview":"max-video-preview:-1"},"canonical":"https:\/\/shopatoa.com\/ro\/eleven-australia-slick-hold-styling-pomade-pasta-de-styling-pentru-o-fixare-foarte-puternica-lucios-85-g\/","og_locale":"ro_RO","og_type":"article","og_title":"Eleven Australia Slick Hold Styling Pomade past\u0103 de styling pentru o fixare foarte puternic\u0103 lucios 85 g - SHOPATOA.COM","og_description":"Eleven Australia Slick Hold Styling Pomade, 85 g, Pomad\u0103 pentru p\u0103r pentru femei, Dori\u021bi s\u0103 \u00eembl\u00e2nzi\u021bi p\u0103rul rebel \u0219i s\u0103 ob\u021bine\u021bi o coafur\u0103 neted\u0103 care s\u0103 reziste? Miza\u021bi pe produse cosmetice de styling dovedite. Pomada pentru p\u0103r Eleven Australia Slick Hold Styling Pomade v\u0103 va ajuta s\u0103 ob\u021bine\u021bi un rezultat perfect. V\u0103 va permite s\u0103...","og_url":"https:\/\/shopatoa.com\/ro\/eleven-australia-slick-hold-styling-pomade-pasta-de-styling-pentru-o-fixare-foarte-puternica-lucios-85-g\/","og_site_name":"SHOPATOA","article_modified_time":"2025-12-08T23:26:09+00:00","og_image":[{"width":800,"height":800,"url":"https:\/\/storage.googleapis.com\/cz-shopatoa-img\/ro\/5e8c4c9c-unnamed-file.webp","type":"image\/webp"}],"twitter_card":"summary_large_image","twitter_misc":{"Timp estimat pentru citire":"1 minut"},"schema":{"@context":"https:\/\/schema.org","@graph":[{"@type":"WebPage","@id":"https:\/\/shopatoa.com\/ro\/eleven-australia-slick-hold-styling-pomade-pasta-de-styling-pentru-o-fixare-foarte-puternica-lucios-85-g\/","url":"https:\/\/shopatoa.com\/ro\/eleven-australia-slick-hold-styling-pomade-pasta-de-styling-pentru-o-fixare-foarte-puternica-lucios-85-g\/","name":"Eleven Australia Slick Hold Styling Pomade past\u0103 de styling pentru o fixare foarte puternic\u0103 lucios 85 g - SHOPATOA.COM","isPartOf":{"@id":"https:\/\/shopatoa.com\/ro\/#website"},"primaryImageOfPage":{"@id":"https:\/\/shopatoa.com\/ro\/eleven-australia-slick-hold-styling-pomade-pasta-de-styling-pentru-o-fixare-foarte-puternica-lucios-85-g\/#primaryimage"},"image":{"@id":"https:\/\/shopatoa.com\/ro\/eleven-australia-slick-hold-styling-pomade-pasta-de-styling-pentru-o-fixare-foarte-puternica-lucios-85-g\/#primaryimage"},"thumbnailUrl":"https:\/\/storage.googleapis.com\/cz-shopatoa-img\/ro\/5e8c4c9c-unnamed-file.webp","datePublished":"2025-06-29T08:51:30+00:00","dateModified":"2025-12-08T23:26:09+00:00","breadcrumb":{"@id":"https:\/\/shopatoa.com\/ro\/eleven-australia-slick-hold-styling-pomade-pasta-de-styling-pentru-o-fixare-foarte-puternica-lucios-85-g\/#breadcrumb"},"inLanguage":"ro-RO","potentialAction":[{"@type":"ReadAction","target":["https:\/\/shopatoa.com\/ro\/eleven-australia-slick-hold-styling-pomade-pasta-de-styling-pentru-o-fixare-foarte-puternica-lucios-85-g\/"]}]},{"@type":"ImageObject","inLanguage":"ro-RO","@id":"https:\/\/shopatoa.com\/ro\/eleven-australia-slick-hold-styling-pomade-pasta-de-styling-pentru-o-fixare-foarte-puternica-lucios-85-g\/#primaryimage","url":"https:\/\/storage.googleapis.com\/cz-shopatoa-img\/ro\/5e8c4c9c-unnamed-file.webp","contentUrl":"https:\/\/storage.googleapis.com\/cz-shopatoa-img\/ro\/5e8c4c9c-unnamed-file.webp","width":800,"height":800},{"@type":"BreadcrumbList","@id":"https:\/\/shopatoa.com\/ro\/eleven-australia-slick-hold-styling-pomade-pasta-de-styling-pentru-o-fixare-foarte-puternica-lucios-85-g\/#breadcrumb","itemListElement":[{"@type":"ListItem","position":1,"name":"Dom\u016f","item":"https:\/\/shopatoa.com\/ro\/"},{"@type":"ListItem","position":2,"name":"Shop","item":"https:\/\/shopatoa.com\/ro\/shop\/"},{"@type":"ListItem","position":3,"name":"S\u0103n\u0103tate \u0219i frumuse\u021be","item":"https:\/\/shopatoa.com\/ro\/sanatate-si-frumusete\/"},{"@type":"ListItem","position":4,"name":"\u00cengrijire personal\u0103","item":"https:\/\/shopatoa.com\/ro\/ingrijire-personala\/"},{"@type":"ListItem","position":5,"name":"\u00cengrijirea p\u0103rului","item":"https:\/\/shopatoa.com\/ro\/ingrijirea-parului\/"},{"@type":"ListItem","position":6,"name":"Produse de coafare a p\u0103rului","item":"https:\/\/shopatoa.com\/ro\/produse-de-coafare-a-parului\/"},{"@type":"ListItem","position":7,"name":"Eleven Australia Slick Hold Styling Pomade past\u0103 de styling pentru o fixare foarte puternic\u0103 lucios 85 g"}]},{"@type":"WebSite","@id":"https:\/\/shopatoa.com\/ro\/#website","url":"https:\/\/shopatoa.com\/ro\/","name":"SHOPATOA","description":"","publisher":{"@id":"https:\/\/shopatoa.com\/ro\/#organization"},"potentialAction":[{"@type":"SearchAction","target":{"@type":"EntryPoint","urlTemplate":"https:\/\/shopatoa.com\/ro\/?s={search_term_string}"},"query-input":{"@type":"PropertyValueSpecification","valueRequired":true,"valueName":"search_term_string"}}],"inLanguage":"ro-RO"},{"@type":"Organization","@id":"https:\/\/shopatoa.com\/ro\/#organization","name":"SHOPATOA","url":"https:\/\/shopatoa.com\/ro\/","logo":{"@type":"ImageObject","inLanguage":"ro-RO","@id":"https:\/\/shopatoa.com\/ro\/#\/schema\/logo\/image\/","url":"https:\/\/storage.googleapis.com\/cz-shopatoa-img\/ro\/b4dac915-shopatoa_logo.png","contentUrl":"https:\/\/storage.googleapis.com\/cz-shopatoa-img\/ro\/b4dac915-shopatoa_logo.png","width":416,"height":63,"caption":"SHOPATOA"},"image":{"@id":"https:\/\/shopatoa.com\/ro\/#\/schema\/logo\/image\/"}}]}},"_links":{"self":[{"href":"https:\/\/shopatoa.com\/ro\/wp-json\/wp\/v2\/product\/479203","targetHints":{"allow":["GET"]}}],"collection":[{"href":"https:\/\/shopatoa.com\/ro\/wp-json\/wp\/v2\/product"}],"about":[{"href":"https:\/\/shopatoa.com\/ro\/wp-json\/wp\/v2\/types\/product"}],"replies":[{"embeddable":true,"href":"https:\/\/shopatoa.com\/ro\/wp-json\/wp\/v2\/comments?post=479203"}],"wp:featuredmedia":[{"embeddable":true,"href":"https:\/\/shopatoa.com\/ro\/wp-json\/wp\/v2\/media\/479204"}],"wp:attachment":[{"href":"https:\/\/shopatoa.com\/ro\/wp-json\/wp\/v2\/media?parent=479203"}],"wp:term":[{"taxonomy":"product_brand","embeddable":true,"href":"https:\/\/shopatoa.com\/ro\/wp-json\/wp\/v2\/product_brand?post=479203"},{"taxonomy":"product_cat","embeddable":true,"href":"https:\/\/shopatoa.com\/ro\/wp-json\/wp\/v2\/product_cat?post=479203"},{"taxonomy":"product_tag","embeddable":true,"href":"https:\/\/shopatoa.com\/ro\/wp-json\/wp\/v2\/product_tag?post=479203"}],"curies":[{"name":"wp","href":"https:\/\/api.w.org\/{rel}","templated":true}]}}