{"id":479213,"date":"2025-06-29T10:52:54","date_gmt":"2025-06-29T08:52:54","guid":{"rendered":"https:\/\/shopatoa.com\/ro\/martinelia-little-unicorn-tin-box-set-cadou-pentru-copii\/"},"modified":"2025-12-09T00:25:16","modified_gmt":"2025-12-08T23:25:16","slug":"martinelia-little-unicorn-tin-box-set-cadou-pentru-copii","status":"publish","type":"product","link":"https:\/\/shopatoa.com\/ro\/martinelia-little-unicorn-tin-box-set-cadou-pentru-copii\/","title":{"rendered":"Martinelia Little Unicorn Tin Box set cadou pentru copii"},"content":{"rendered":"<p>Martinelia Little Unicorn Tin Box, Seturi pentru copii pentru copii, Codi\u021bele copiilor parc\u0103 invit\u0103 s\u0103 fie frumos \u00eempodobite. Accesoriul de p\u0103r Martinelia Little Unicorn Tin Box face coafura copiilor \u0219i mai dr\u0103g\u0103la\u0219\u0103.  Caracteristici:  cu motiv popular pentru copii bucur\u0103 to\u021bi copiii design vesel pentru copii foarte potrivit ca un cadou  Setul con\u021bine:  agrafe de par 6 buc inel de par invizibil 1 buc inel 2 buc cutie de metal 1 buc<\/p>\n","protected":false},"excerpt":{"rendered":"<p>Martinelia Little Unicorn Tin Box, Seturi pentru copii pentru copii, Codi\u021bele copiilor parc\u0103 invit\u0103 s\u0103 fie frumos \u00eempodobite. Accesoriul de p\u0103r Martinelia Little Unicorn Tin Box face coafura copiilor \u0219i mai dr\u0103g\u0103la\u0219\u0103. Caracteristici: cu motiv popular pentru copii bucur\u0103 to\u021bi copiii design vesel pentru copii foarte potrivit ca un cadou Setul con\u021bine: agrafe de par&#8230;<\/p>\n","protected":false},"featured_media":479214,"comment_status":"closed","ping_status":"open","template":"","meta":{"_acf_changed":false,"_kadence_starter_templates_imported_post":false,"_kad_post_transparent":"","_kad_post_title":"","_kad_post_layout":"","_kad_post_sidebar_id":"","_kad_post_content_style":"","_kad_post_vertical_padding":"","_kad_post_feature":"","_kad_post_feature_position":"","_kad_post_header":false,"_kad_post_footer":false,"_kad_post_classname":""},"product_brand":[2406],"product_cat":[1563,1590,1562],"product_tag":[],"class_list":{"0":"post-479213","1":"product","2":"type-product","3":"status-publish","4":"has-post-thumbnail","6":"product_brand-martinelia","7":"product_cat-ingrijire-personala","8":"product_cat-ingrijirea-parului","9":"product_cat-sanatate-si-frumusete","10":"pa_gen-unisex","12":"first","13":"instock","14":"sale","15":"product-type-external","16":"entry","17":"content-bg","18":"loop-entry"},"acf":[],"yoast_head":"<!-- This site is optimized with the Yoast SEO plugin v27.4 - https:\/\/yoast.com\/product\/yoast-seo-wordpress\/ -->\n<title>Martinelia Little Unicorn Tin Box set cadou pentru copii - SHOPATOA.COM<\/title>\n<meta name=\"robots\" content=\"index, follow, max-snippet:-1, max-image-preview:large, max-video-preview:-1\" \/>\n<link rel=\"canonical\" href=\"https:\/\/shopatoa.com\/ro\/martinelia-little-unicorn-tin-box-set-cadou-pentru-copii\/\" \/>\n<meta property=\"og:locale\" content=\"ro_RO\" \/>\n<meta property=\"og:type\" content=\"article\" \/>\n<meta property=\"og:title\" content=\"Martinelia Little Unicorn Tin Box set cadou pentru copii - SHOPATOA.COM\" \/>\n<meta property=\"og:description\" content=\"Martinelia Little Unicorn Tin Box, Seturi pentru copii pentru copii, Codi\u021bele copiilor parc\u0103 invit\u0103 s\u0103 fie frumos \u00eempodobite. Accesoriul de p\u0103r Martinelia Little Unicorn Tin Box face coafura copiilor \u0219i mai dr\u0103g\u0103la\u0219\u0103. Caracteristici: cu motiv popular pentru copii bucur\u0103 to\u021bi copiii design vesel pentru copii foarte potrivit ca un cadou Setul con\u021bine: agrafe de par...\" \/>\n<meta property=\"og:url\" content=\"https:\/\/shopatoa.com\/ro\/martinelia-little-unicorn-tin-box-set-cadou-pentru-copii\/\" \/>\n<meta property=\"og:site_name\" content=\"SHOPATOA\" \/>\n<meta property=\"article:modified_time\" content=\"2025-12-08T23:25:16+00:00\" \/>\n<meta property=\"og:image\" content=\"https:\/\/storage.googleapis.com\/cz-shopatoa-img\/ro\/39aab295-unnamed-file.webp\" \/>\n\t<meta property=\"og:image:width\" content=\"800\" \/>\n\t<meta property=\"og:image:height\" content=\"800\" \/>\n\t<meta property=\"og:image:type\" content=\"image\/webp\" \/>\n<meta name=\"twitter:card\" content=\"summary_large_image\" \/>\n<script type=\"application\/ld+json\" class=\"yoast-schema-graph\">{\"@context\":\"https:\\\/\\\/schema.org\",\"@graph\":[{\"@type\":\"WebPage\",\"@id\":\"https:\\\/\\\/shopatoa.com\\\/ro\\\/martinelia-little-unicorn-tin-box-set-cadou-pentru-copii\\\/\",\"url\":\"https:\\\/\\\/shopatoa.com\\\/ro\\\/martinelia-little-unicorn-tin-box-set-cadou-pentru-copii\\\/\",\"name\":\"Martinelia Little Unicorn Tin Box set cadou pentru copii - SHOPATOA.COM\",\"isPartOf\":{\"@id\":\"https:\\\/\\\/shopatoa.com\\\/ro\\\/#website\"},\"primaryImageOfPage\":{\"@id\":\"https:\\\/\\\/shopatoa.com\\\/ro\\\/martinelia-little-unicorn-tin-box-set-cadou-pentru-copii\\\/#primaryimage\"},\"image\":{\"@id\":\"https:\\\/\\\/shopatoa.com\\\/ro\\\/martinelia-little-unicorn-tin-box-set-cadou-pentru-copii\\\/#primaryimage\"},\"thumbnailUrl\":\"https:\\\/\\\/storage.googleapis.com\\\/cz-shopatoa-img\\\/ro\\\/39aab295-unnamed-file.webp\",\"datePublished\":\"2025-06-29T08:52:54+00:00\",\"dateModified\":\"2025-12-08T23:25:16+00:00\",\"breadcrumb\":{\"@id\":\"https:\\\/\\\/shopatoa.com\\\/ro\\\/martinelia-little-unicorn-tin-box-set-cadou-pentru-copii\\\/#breadcrumb\"},\"inLanguage\":\"ro-RO\",\"potentialAction\":[{\"@type\":\"ReadAction\",\"target\":[\"https:\\\/\\\/shopatoa.com\\\/ro\\\/martinelia-little-unicorn-tin-box-set-cadou-pentru-copii\\\/\"]}]},{\"@type\":\"ImageObject\",\"inLanguage\":\"ro-RO\",\"@id\":\"https:\\\/\\\/shopatoa.com\\\/ro\\\/martinelia-little-unicorn-tin-box-set-cadou-pentru-copii\\\/#primaryimage\",\"url\":\"https:\\\/\\\/storage.googleapis.com\\\/cz-shopatoa-img\\\/ro\\\/39aab295-unnamed-file.webp\",\"contentUrl\":\"https:\\\/\\\/storage.googleapis.com\\\/cz-shopatoa-img\\\/ro\\\/39aab295-unnamed-file.webp\",\"width\":800,\"height\":800},{\"@type\":\"BreadcrumbList\",\"@id\":\"https:\\\/\\\/shopatoa.com\\\/ro\\\/martinelia-little-unicorn-tin-box-set-cadou-pentru-copii\\\/#breadcrumb\",\"itemListElement\":[{\"@type\":\"ListItem\",\"position\":1,\"name\":\"Dom\u016f\",\"item\":\"https:\\\/\\\/shopatoa.com\\\/ro\\\/\"},{\"@type\":\"ListItem\",\"position\":2,\"name\":\"Shop\",\"item\":\"https:\\\/\\\/shopatoa.com\\\/ro\\\/shop\\\/\"},{\"@type\":\"ListItem\",\"position\":3,\"name\":\"S\u0103n\u0103tate \u0219i frumuse\u021be\",\"item\":\"https:\\\/\\\/shopatoa.com\\\/ro\\\/sanatate-si-frumusete\\\/\"},{\"@type\":\"ListItem\",\"position\":4,\"name\":\"\u00cengrijire personal\u0103\",\"item\":\"https:\\\/\\\/shopatoa.com\\\/ro\\\/ingrijire-personala\\\/\"},{\"@type\":\"ListItem\",\"position\":5,\"name\":\"\u00cengrijirea p\u0103rului\",\"item\":\"https:\\\/\\\/shopatoa.com\\\/ro\\\/ingrijirea-parului\\\/\"},{\"@type\":\"ListItem\",\"position\":6,\"name\":\"Martinelia Little Unicorn Tin Box set cadou pentru copii\"}]},{\"@type\":\"WebSite\",\"@id\":\"https:\\\/\\\/shopatoa.com\\\/ro\\\/#website\",\"url\":\"https:\\\/\\\/shopatoa.com\\\/ro\\\/\",\"name\":\"SHOPATOA\",\"description\":\"\",\"publisher\":{\"@id\":\"https:\\\/\\\/shopatoa.com\\\/ro\\\/#organization\"},\"potentialAction\":[{\"@type\":\"SearchAction\",\"target\":{\"@type\":\"EntryPoint\",\"urlTemplate\":\"https:\\\/\\\/shopatoa.com\\\/ro\\\/?s={search_term_string}\"},\"query-input\":{\"@type\":\"PropertyValueSpecification\",\"valueRequired\":true,\"valueName\":\"search_term_string\"}}],\"inLanguage\":\"ro-RO\"},{\"@type\":\"Organization\",\"@id\":\"https:\\\/\\\/shopatoa.com\\\/ro\\\/#organization\",\"name\":\"SHOPATOA\",\"url\":\"https:\\\/\\\/shopatoa.com\\\/ro\\\/\",\"logo\":{\"@type\":\"ImageObject\",\"inLanguage\":\"ro-RO\",\"@id\":\"https:\\\/\\\/shopatoa.com\\\/ro\\\/#\\\/schema\\\/logo\\\/image\\\/\",\"url\":\"https:\\\/\\\/storage.googleapis.com\\\/cz-shopatoa-img\\\/ro\\\/b4dac915-shopatoa_logo.png\",\"contentUrl\":\"https:\\\/\\\/storage.googleapis.com\\\/cz-shopatoa-img\\\/ro\\\/b4dac915-shopatoa_logo.png\",\"width\":416,\"height\":63,\"caption\":\"SHOPATOA\"},\"image\":{\"@id\":\"https:\\\/\\\/shopatoa.com\\\/ro\\\/#\\\/schema\\\/logo\\\/image\\\/\"}}]}<\/script>\n<!-- \/ Yoast SEO plugin. -->","yoast_head_json":{"title":"Martinelia Little Unicorn Tin Box set cadou pentru copii - SHOPATOA.COM","robots":{"index":"index","follow":"follow","max-snippet":"max-snippet:-1","max-image-preview":"max-image-preview:large","max-video-preview":"max-video-preview:-1"},"canonical":"https:\/\/shopatoa.com\/ro\/martinelia-little-unicorn-tin-box-set-cadou-pentru-copii\/","og_locale":"ro_RO","og_type":"article","og_title":"Martinelia Little Unicorn Tin Box set cadou pentru copii - SHOPATOA.COM","og_description":"Martinelia Little Unicorn Tin Box, Seturi pentru copii pentru copii, Codi\u021bele copiilor parc\u0103 invit\u0103 s\u0103 fie frumos \u00eempodobite. Accesoriul de p\u0103r Martinelia Little Unicorn Tin Box face coafura copiilor \u0219i mai dr\u0103g\u0103la\u0219\u0103. Caracteristici: cu motiv popular pentru copii bucur\u0103 to\u021bi copiii design vesel pentru copii foarte potrivit ca un cadou Setul con\u021bine: agrafe de par...","og_url":"https:\/\/shopatoa.com\/ro\/martinelia-little-unicorn-tin-box-set-cadou-pentru-copii\/","og_site_name":"SHOPATOA","article_modified_time":"2025-12-08T23:25:16+00:00","og_image":[{"width":800,"height":800,"url":"https:\/\/storage.googleapis.com\/cz-shopatoa-img\/ro\/39aab295-unnamed-file.webp","type":"image\/webp"}],"twitter_card":"summary_large_image","schema":{"@context":"https:\/\/schema.org","@graph":[{"@type":"WebPage","@id":"https:\/\/shopatoa.com\/ro\/martinelia-little-unicorn-tin-box-set-cadou-pentru-copii\/","url":"https:\/\/shopatoa.com\/ro\/martinelia-little-unicorn-tin-box-set-cadou-pentru-copii\/","name":"Martinelia Little Unicorn Tin Box set cadou pentru copii - SHOPATOA.COM","isPartOf":{"@id":"https:\/\/shopatoa.com\/ro\/#website"},"primaryImageOfPage":{"@id":"https:\/\/shopatoa.com\/ro\/martinelia-little-unicorn-tin-box-set-cadou-pentru-copii\/#primaryimage"},"image":{"@id":"https:\/\/shopatoa.com\/ro\/martinelia-little-unicorn-tin-box-set-cadou-pentru-copii\/#primaryimage"},"thumbnailUrl":"https:\/\/storage.googleapis.com\/cz-shopatoa-img\/ro\/39aab295-unnamed-file.webp","datePublished":"2025-06-29T08:52:54+00:00","dateModified":"2025-12-08T23:25:16+00:00","breadcrumb":{"@id":"https:\/\/shopatoa.com\/ro\/martinelia-little-unicorn-tin-box-set-cadou-pentru-copii\/#breadcrumb"},"inLanguage":"ro-RO","potentialAction":[{"@type":"ReadAction","target":["https:\/\/shopatoa.com\/ro\/martinelia-little-unicorn-tin-box-set-cadou-pentru-copii\/"]}]},{"@type":"ImageObject","inLanguage":"ro-RO","@id":"https:\/\/shopatoa.com\/ro\/martinelia-little-unicorn-tin-box-set-cadou-pentru-copii\/#primaryimage","url":"https:\/\/storage.googleapis.com\/cz-shopatoa-img\/ro\/39aab295-unnamed-file.webp","contentUrl":"https:\/\/storage.googleapis.com\/cz-shopatoa-img\/ro\/39aab295-unnamed-file.webp","width":800,"height":800},{"@type":"BreadcrumbList","@id":"https:\/\/shopatoa.com\/ro\/martinelia-little-unicorn-tin-box-set-cadou-pentru-copii\/#breadcrumb","itemListElement":[{"@type":"ListItem","position":1,"name":"Dom\u016f","item":"https:\/\/shopatoa.com\/ro\/"},{"@type":"ListItem","position":2,"name":"Shop","item":"https:\/\/shopatoa.com\/ro\/shop\/"},{"@type":"ListItem","position":3,"name":"S\u0103n\u0103tate \u0219i frumuse\u021be","item":"https:\/\/shopatoa.com\/ro\/sanatate-si-frumusete\/"},{"@type":"ListItem","position":4,"name":"\u00cengrijire personal\u0103","item":"https:\/\/shopatoa.com\/ro\/ingrijire-personala\/"},{"@type":"ListItem","position":5,"name":"\u00cengrijirea p\u0103rului","item":"https:\/\/shopatoa.com\/ro\/ingrijirea-parului\/"},{"@type":"ListItem","position":6,"name":"Martinelia Little Unicorn Tin Box set cadou pentru copii"}]},{"@type":"WebSite","@id":"https:\/\/shopatoa.com\/ro\/#website","url":"https:\/\/shopatoa.com\/ro\/","name":"SHOPATOA","description":"","publisher":{"@id":"https:\/\/shopatoa.com\/ro\/#organization"},"potentialAction":[{"@type":"SearchAction","target":{"@type":"EntryPoint","urlTemplate":"https:\/\/shopatoa.com\/ro\/?s={search_term_string}"},"query-input":{"@type":"PropertyValueSpecification","valueRequired":true,"valueName":"search_term_string"}}],"inLanguage":"ro-RO"},{"@type":"Organization","@id":"https:\/\/shopatoa.com\/ro\/#organization","name":"SHOPATOA","url":"https:\/\/shopatoa.com\/ro\/","logo":{"@type":"ImageObject","inLanguage":"ro-RO","@id":"https:\/\/shopatoa.com\/ro\/#\/schema\/logo\/image\/","url":"https:\/\/storage.googleapis.com\/cz-shopatoa-img\/ro\/b4dac915-shopatoa_logo.png","contentUrl":"https:\/\/storage.googleapis.com\/cz-shopatoa-img\/ro\/b4dac915-shopatoa_logo.png","width":416,"height":63,"caption":"SHOPATOA"},"image":{"@id":"https:\/\/shopatoa.com\/ro\/#\/schema\/logo\/image\/"}}]}},"_links":{"self":[{"href":"https:\/\/shopatoa.com\/ro\/wp-json\/wp\/v2\/product\/479213","targetHints":{"allow":["GET"]}}],"collection":[{"href":"https:\/\/shopatoa.com\/ro\/wp-json\/wp\/v2\/product"}],"about":[{"href":"https:\/\/shopatoa.com\/ro\/wp-json\/wp\/v2\/types\/product"}],"replies":[{"embeddable":true,"href":"https:\/\/shopatoa.com\/ro\/wp-json\/wp\/v2\/comments?post=479213"}],"wp:featuredmedia":[{"embeddable":true,"href":"https:\/\/shopatoa.com\/ro\/wp-json\/wp\/v2\/media\/479214"}],"wp:attachment":[{"href":"https:\/\/shopatoa.com\/ro\/wp-json\/wp\/v2\/media?parent=479213"}],"wp:term":[{"taxonomy":"product_brand","embeddable":true,"href":"https:\/\/shopatoa.com\/ro\/wp-json\/wp\/v2\/product_brand?post=479213"},{"taxonomy":"product_cat","embeddable":true,"href":"https:\/\/shopatoa.com\/ro\/wp-json\/wp\/v2\/product_cat?post=479213"},{"taxonomy":"product_tag","embeddable":true,"href":"https:\/\/shopatoa.com\/ro\/wp-json\/wp\/v2\/product_tag?post=479213"}],"curies":[{"name":"wp","href":"https:\/\/api.w.org\/{rel}","templated":true}]}}