{"id":479879,"date":"2025-06-29T11:54:19","date_gmt":"2025-06-29T09:54:19","guid":{"rendered":"https:\/\/shopatoa.com\/ro\/ladenac-bois-de-russie-gold-difuzor-de-aroma-250-ml\/"},"modified":"2025-06-29T11:54:26","modified_gmt":"2025-06-29T09:54:26","slug":"ladenac-bois-de-russie-gold-difuzor-de-aroma-250-ml","status":"publish","type":"product","link":"https:\/\/shopatoa.com\/ro\/ladenac-bois-de-russie-gold-difuzor-de-aroma-250-ml\/","title":{"rendered":"Ladenac Bois de Russie Gold difuzor de aroma 250 ml"},"content":{"rendered":"<p>Ladenac Bois de Russie Gold, 250 ml, Difuzoare de arom\u0103 cu rezerv\u0103  Parfumuri pentru casa, Difuzorul de arom\u0103 Ladenac Bois de Russie Gold este un mod pl\u0103cut \u0219i stilat de a parfuma interiorul.  Cum se utilizeaz\u0103: Se deschide capacul difuzorului de arom\u0103 \u0219i se toarn\u0103 con\u021binutul \u00een recipient. Parfumul difuzeaz\u0103 treptat \u00een atmosfer\u0103, prin be\u021bi\u0219oarele introduse. Cu c\u00e2t se introduc mai multe be\u021bi\u0219oare \u00een recipient, cu at\u00e2t mai parfumat\u0103 va fi \u00eenc\u0103perea. Pentru un interior \u0219i mai parfumat, be\u021bi\u0219oarele \u00eenmuiate \u00een esen\u021b\u0103 se pot \u00eentoarce din c\u00e2nd \u00een c\u00e2nd. A nu se l\u0103sa la \u00eendem\u00e2na copiilor. \u00cen cazul \u00een care con\u021binutul difuzorului intr\u0103 \u00een contact cu pielea, aceasta se spal\u0103 imediat cu mult\u0103 ap\u0103 \u0219i s\u0103pun. \u00cen cazul contactului cu ochii, se vor cl\u0103ti cu ap\u0103 timp de c\u00e2teva minute.<\/p>\n","protected":false},"excerpt":{"rendered":"<p>Ladenac Bois de Russie Gold, 250 ml, Difuzoare de arom\u0103 cu rezerv\u0103 Parfumuri pentru casa, Difuzorul de arom\u0103 Ladenac Bois de Russie Gold este un mod pl\u0103cut \u0219i stilat de a parfuma interiorul. Cum se utilizeaz\u0103: Se deschide capacul difuzorului de arom\u0103 \u0219i se toarn\u0103 con\u021binutul \u00een recipient. Parfumul difuzeaz\u0103 treptat \u00een atmosfer\u0103, prin be\u021bi\u0219oarele&#8230;<\/p>\n","protected":false},"featured_media":479880,"comment_status":"closed","ping_status":"open","template":"","meta":{"_acf_changed":false,"_kadence_starter_templates_imported_post":false,"_kad_post_transparent":"","_kad_post_title":"","_kad_post_layout":"","_kad_post_sidebar_id":"","_kad_post_content_style":"","_kad_post_vertical_padding":"","_kad_post_feature":"","_kad_post_feature_position":"","_kad_post_header":false,"_kad_post_footer":false,"_kad_post_classname":""},"product_brand":[2825],"product_cat":[3889,2533,3903,3902],"product_tag":[],"class_list":{"0":"post-479879","1":"product","2":"type-product","3":"status-publish","4":"has-post-thumbnail","6":"product_brand-ladenac","7":"product_cat-accesorii-si-decoratiuni-pentru-locuinta","8":"product_cat-casa-si-gradina","9":"product_cat-difuzoare-de-aroma-cu-rezerve","10":"product_cat-difuzoare-si-purificatoare-de-aer","11":"pa_gen-unisex","12":"pa_marime-250-ml","14":"first","15":"instock","16":"product-type-external","17":"entry","18":"content-bg","19":"loop-entry"},"acf":[],"yoast_head":"<!-- This site is optimized with the Yoast SEO plugin v27.4 - https:\/\/yoast.com\/product\/yoast-seo-wordpress\/ -->\n<title>Ladenac Bois de Russie Gold difuzor de aroma 250 ml - SHOPATOA.COM<\/title>\n<meta name=\"robots\" content=\"index, follow, max-snippet:-1, max-image-preview:large, max-video-preview:-1\" \/>\n<link rel=\"canonical\" href=\"https:\/\/shopatoa.com\/ro\/ladenac-bois-de-russie-gold-difuzor-de-aroma-250-ml\/\" \/>\n<meta property=\"og:locale\" content=\"ro_RO\" \/>\n<meta property=\"og:type\" content=\"article\" \/>\n<meta property=\"og:title\" content=\"Ladenac Bois de Russie Gold difuzor de aroma 250 ml - SHOPATOA.COM\" \/>\n<meta property=\"og:description\" content=\"Ladenac Bois de Russie Gold, 250 ml, Difuzoare de arom\u0103 cu rezerv\u0103 Parfumuri pentru casa, Difuzorul de arom\u0103 Ladenac Bois de Russie Gold este un mod pl\u0103cut \u0219i stilat de a parfuma interiorul. Cum se utilizeaz\u0103: Se deschide capacul difuzorului de arom\u0103 \u0219i se toarn\u0103 con\u021binutul \u00een recipient. Parfumul difuzeaz\u0103 treptat \u00een atmosfer\u0103, prin be\u021bi\u0219oarele...\" \/>\n<meta property=\"og:url\" content=\"https:\/\/shopatoa.com\/ro\/ladenac-bois-de-russie-gold-difuzor-de-aroma-250-ml\/\" \/>\n<meta property=\"og:site_name\" content=\"SHOPATOA\" \/>\n<meta property=\"article:modified_time\" content=\"2025-06-29T09:54:26+00:00\" \/>\n<meta property=\"og:image\" content=\"https:\/\/storage.googleapis.com\/cz-shopatoa-img\/ro\/25445597-unnamed-file.webp\" \/>\n\t<meta property=\"og:image:width\" content=\"800\" \/>\n\t<meta property=\"og:image:height\" content=\"800\" \/>\n\t<meta property=\"og:image:type\" content=\"image\/webp\" \/>\n<meta name=\"twitter:card\" content=\"summary_large_image\" \/>\n<meta name=\"twitter:label1\" content=\"Timp estimat pentru citire\" \/>\n\t<meta name=\"twitter:data1\" content=\"1 minut\" \/>\n<script type=\"application\/ld+json\" class=\"yoast-schema-graph\">{\"@context\":\"https:\\\/\\\/schema.org\",\"@graph\":[{\"@type\":\"WebPage\",\"@id\":\"https:\\\/\\\/shopatoa.com\\\/ro\\\/ladenac-bois-de-russie-gold-difuzor-de-aroma-250-ml\\\/\",\"url\":\"https:\\\/\\\/shopatoa.com\\\/ro\\\/ladenac-bois-de-russie-gold-difuzor-de-aroma-250-ml\\\/\",\"name\":\"Ladenac Bois de Russie Gold difuzor de aroma 250 ml - SHOPATOA.COM\",\"isPartOf\":{\"@id\":\"https:\\\/\\\/shopatoa.com\\\/ro\\\/#website\"},\"primaryImageOfPage\":{\"@id\":\"https:\\\/\\\/shopatoa.com\\\/ro\\\/ladenac-bois-de-russie-gold-difuzor-de-aroma-250-ml\\\/#primaryimage\"},\"image\":{\"@id\":\"https:\\\/\\\/shopatoa.com\\\/ro\\\/ladenac-bois-de-russie-gold-difuzor-de-aroma-250-ml\\\/#primaryimage\"},\"thumbnailUrl\":\"https:\\\/\\\/storage.googleapis.com\\\/cz-shopatoa-img\\\/ro\\\/25445597-unnamed-file.webp\",\"datePublished\":\"2025-06-29T09:54:19+00:00\",\"dateModified\":\"2025-06-29T09:54:26+00:00\",\"breadcrumb\":{\"@id\":\"https:\\\/\\\/shopatoa.com\\\/ro\\\/ladenac-bois-de-russie-gold-difuzor-de-aroma-250-ml\\\/#breadcrumb\"},\"inLanguage\":\"ro-RO\",\"potentialAction\":[{\"@type\":\"ReadAction\",\"target\":[\"https:\\\/\\\/shopatoa.com\\\/ro\\\/ladenac-bois-de-russie-gold-difuzor-de-aroma-250-ml\\\/\"]}]},{\"@type\":\"ImageObject\",\"inLanguage\":\"ro-RO\",\"@id\":\"https:\\\/\\\/shopatoa.com\\\/ro\\\/ladenac-bois-de-russie-gold-difuzor-de-aroma-250-ml\\\/#primaryimage\",\"url\":\"https:\\\/\\\/storage.googleapis.com\\\/cz-shopatoa-img\\\/ro\\\/25445597-unnamed-file.webp\",\"contentUrl\":\"https:\\\/\\\/storage.googleapis.com\\\/cz-shopatoa-img\\\/ro\\\/25445597-unnamed-file.webp\",\"width\":800,\"height\":800},{\"@type\":\"BreadcrumbList\",\"@id\":\"https:\\\/\\\/shopatoa.com\\\/ro\\\/ladenac-bois-de-russie-gold-difuzor-de-aroma-250-ml\\\/#breadcrumb\",\"itemListElement\":[{\"@type\":\"ListItem\",\"position\":1,\"name\":\"Dom\u016f\",\"item\":\"https:\\\/\\\/shopatoa.com\\\/ro\\\/\"},{\"@type\":\"ListItem\",\"position\":2,\"name\":\"Shop\",\"item\":\"https:\\\/\\\/shopatoa.com\\\/ro\\\/shop\\\/\"},{\"@type\":\"ListItem\",\"position\":3,\"name\":\"Ladenac Bois de Russie Gold difuzor de aroma 250 ml\"}]},{\"@type\":\"WebSite\",\"@id\":\"https:\\\/\\\/shopatoa.com\\\/ro\\\/#website\",\"url\":\"https:\\\/\\\/shopatoa.com\\\/ro\\\/\",\"name\":\"SHOPATOA\",\"description\":\"\",\"publisher\":{\"@id\":\"https:\\\/\\\/shopatoa.com\\\/ro\\\/#organization\"},\"potentialAction\":[{\"@type\":\"SearchAction\",\"target\":{\"@type\":\"EntryPoint\",\"urlTemplate\":\"https:\\\/\\\/shopatoa.com\\\/ro\\\/?s={search_term_string}\"},\"query-input\":{\"@type\":\"PropertyValueSpecification\",\"valueRequired\":true,\"valueName\":\"search_term_string\"}}],\"inLanguage\":\"ro-RO\"},{\"@type\":\"Organization\",\"@id\":\"https:\\\/\\\/shopatoa.com\\\/ro\\\/#organization\",\"name\":\"SHOPATOA\",\"url\":\"https:\\\/\\\/shopatoa.com\\\/ro\\\/\",\"logo\":{\"@type\":\"ImageObject\",\"inLanguage\":\"ro-RO\",\"@id\":\"https:\\\/\\\/shopatoa.com\\\/ro\\\/#\\\/schema\\\/logo\\\/image\\\/\",\"url\":\"https:\\\/\\\/storage.googleapis.com\\\/cz-shopatoa-img\\\/ro\\\/b4dac915-shopatoa_logo.png\",\"contentUrl\":\"https:\\\/\\\/storage.googleapis.com\\\/cz-shopatoa-img\\\/ro\\\/b4dac915-shopatoa_logo.png\",\"width\":416,\"height\":63,\"caption\":\"SHOPATOA\"},\"image\":{\"@id\":\"https:\\\/\\\/shopatoa.com\\\/ro\\\/#\\\/schema\\\/logo\\\/image\\\/\"}}]}<\/script>\n<!-- \/ Yoast SEO plugin. -->","yoast_head_json":{"title":"Ladenac Bois de Russie Gold difuzor de aroma 250 ml - SHOPATOA.COM","robots":{"index":"index","follow":"follow","max-snippet":"max-snippet:-1","max-image-preview":"max-image-preview:large","max-video-preview":"max-video-preview:-1"},"canonical":"https:\/\/shopatoa.com\/ro\/ladenac-bois-de-russie-gold-difuzor-de-aroma-250-ml\/","og_locale":"ro_RO","og_type":"article","og_title":"Ladenac Bois de Russie Gold difuzor de aroma 250 ml - SHOPATOA.COM","og_description":"Ladenac Bois de Russie Gold, 250 ml, Difuzoare de arom\u0103 cu rezerv\u0103 Parfumuri pentru casa, Difuzorul de arom\u0103 Ladenac Bois de Russie Gold este un mod pl\u0103cut \u0219i stilat de a parfuma interiorul. Cum se utilizeaz\u0103: Se deschide capacul difuzorului de arom\u0103 \u0219i se toarn\u0103 con\u021binutul \u00een recipient. Parfumul difuzeaz\u0103 treptat \u00een atmosfer\u0103, prin be\u021bi\u0219oarele...","og_url":"https:\/\/shopatoa.com\/ro\/ladenac-bois-de-russie-gold-difuzor-de-aroma-250-ml\/","og_site_name":"SHOPATOA","article_modified_time":"2025-06-29T09:54:26+00:00","og_image":[{"width":800,"height":800,"url":"https:\/\/storage.googleapis.com\/cz-shopatoa-img\/ro\/25445597-unnamed-file.webp","type":"image\/webp"}],"twitter_card":"summary_large_image","twitter_misc":{"Timp estimat pentru citire":"1 minut"},"schema":{"@context":"https:\/\/schema.org","@graph":[{"@type":"WebPage","@id":"https:\/\/shopatoa.com\/ro\/ladenac-bois-de-russie-gold-difuzor-de-aroma-250-ml\/","url":"https:\/\/shopatoa.com\/ro\/ladenac-bois-de-russie-gold-difuzor-de-aroma-250-ml\/","name":"Ladenac Bois de Russie Gold difuzor de aroma 250 ml - SHOPATOA.COM","isPartOf":{"@id":"https:\/\/shopatoa.com\/ro\/#website"},"primaryImageOfPage":{"@id":"https:\/\/shopatoa.com\/ro\/ladenac-bois-de-russie-gold-difuzor-de-aroma-250-ml\/#primaryimage"},"image":{"@id":"https:\/\/shopatoa.com\/ro\/ladenac-bois-de-russie-gold-difuzor-de-aroma-250-ml\/#primaryimage"},"thumbnailUrl":"https:\/\/storage.googleapis.com\/cz-shopatoa-img\/ro\/25445597-unnamed-file.webp","datePublished":"2025-06-29T09:54:19+00:00","dateModified":"2025-06-29T09:54:26+00:00","breadcrumb":{"@id":"https:\/\/shopatoa.com\/ro\/ladenac-bois-de-russie-gold-difuzor-de-aroma-250-ml\/#breadcrumb"},"inLanguage":"ro-RO","potentialAction":[{"@type":"ReadAction","target":["https:\/\/shopatoa.com\/ro\/ladenac-bois-de-russie-gold-difuzor-de-aroma-250-ml\/"]}]},{"@type":"ImageObject","inLanguage":"ro-RO","@id":"https:\/\/shopatoa.com\/ro\/ladenac-bois-de-russie-gold-difuzor-de-aroma-250-ml\/#primaryimage","url":"https:\/\/storage.googleapis.com\/cz-shopatoa-img\/ro\/25445597-unnamed-file.webp","contentUrl":"https:\/\/storage.googleapis.com\/cz-shopatoa-img\/ro\/25445597-unnamed-file.webp","width":800,"height":800},{"@type":"BreadcrumbList","@id":"https:\/\/shopatoa.com\/ro\/ladenac-bois-de-russie-gold-difuzor-de-aroma-250-ml\/#breadcrumb","itemListElement":[{"@type":"ListItem","position":1,"name":"Dom\u016f","item":"https:\/\/shopatoa.com\/ro\/"},{"@type":"ListItem","position":2,"name":"Shop","item":"https:\/\/shopatoa.com\/ro\/shop\/"},{"@type":"ListItem","position":3,"name":"Ladenac Bois de Russie Gold difuzor de aroma 250 ml"}]},{"@type":"WebSite","@id":"https:\/\/shopatoa.com\/ro\/#website","url":"https:\/\/shopatoa.com\/ro\/","name":"SHOPATOA","description":"","publisher":{"@id":"https:\/\/shopatoa.com\/ro\/#organization"},"potentialAction":[{"@type":"SearchAction","target":{"@type":"EntryPoint","urlTemplate":"https:\/\/shopatoa.com\/ro\/?s={search_term_string}"},"query-input":{"@type":"PropertyValueSpecification","valueRequired":true,"valueName":"search_term_string"}}],"inLanguage":"ro-RO"},{"@type":"Organization","@id":"https:\/\/shopatoa.com\/ro\/#organization","name":"SHOPATOA","url":"https:\/\/shopatoa.com\/ro\/","logo":{"@type":"ImageObject","inLanguage":"ro-RO","@id":"https:\/\/shopatoa.com\/ro\/#\/schema\/logo\/image\/","url":"https:\/\/storage.googleapis.com\/cz-shopatoa-img\/ro\/b4dac915-shopatoa_logo.png","contentUrl":"https:\/\/storage.googleapis.com\/cz-shopatoa-img\/ro\/b4dac915-shopatoa_logo.png","width":416,"height":63,"caption":"SHOPATOA"},"image":{"@id":"https:\/\/shopatoa.com\/ro\/#\/schema\/logo\/image\/"}}]}},"_links":{"self":[{"href":"https:\/\/shopatoa.com\/ro\/wp-json\/wp\/v2\/product\/479879","targetHints":{"allow":["GET"]}}],"collection":[{"href":"https:\/\/shopatoa.com\/ro\/wp-json\/wp\/v2\/product"}],"about":[{"href":"https:\/\/shopatoa.com\/ro\/wp-json\/wp\/v2\/types\/product"}],"replies":[{"embeddable":true,"href":"https:\/\/shopatoa.com\/ro\/wp-json\/wp\/v2\/comments?post=479879"}],"wp:featuredmedia":[{"embeddable":true,"href":"https:\/\/shopatoa.com\/ro\/wp-json\/wp\/v2\/media\/479880"}],"wp:attachment":[{"href":"https:\/\/shopatoa.com\/ro\/wp-json\/wp\/v2\/media?parent=479879"}],"wp:term":[{"taxonomy":"product_brand","embeddable":true,"href":"https:\/\/shopatoa.com\/ro\/wp-json\/wp\/v2\/product_brand?post=479879"},{"taxonomy":"product_cat","embeddable":true,"href":"https:\/\/shopatoa.com\/ro\/wp-json\/wp\/v2\/product_cat?post=479879"},{"taxonomy":"product_tag","embeddable":true,"href":"https:\/\/shopatoa.com\/ro\/wp-json\/wp\/v2\/product_tag?post=479879"}],"curies":[{"name":"wp","href":"https:\/\/api.w.org\/{rel}","templated":true}]}}